{"id":3499,"date":"2023-11-16T06:53:07","date_gmt":"2023-11-16T11:53:07","guid":{"rendered":"https:\/\/www.ericadventures.com\/cusco\/cultural-tour-copy\/"},"modified":"2024-05-16T11:25:38","modified_gmt":"2024-05-16T16:25:38","slug":"rafting","status":"publish","type":"page","link":"https:\/\/www.ericadventures.com\/en\/cusco\/rafting\/","title":{"rendered":"Rafting"},"content":{"rendered":"<div class=\"grid grid-cols-1 sm:grid-cols-2 md:grid-cols-3 xl:grid-cols-4 gap-5\">\n\t\t\t\t\t\t\t<div>\n                                <div class=\"border bg-white shadow rounded-md p-1\">\n                                    <a href=\"https:\/\/www.ericadventures.com\/en\/cusco\/rafting\/urubamba-river-rafting-full-day\/\">\n                                        <div class=\"overflow-hidden\"><img decoding=\"async\" width=\"400\" height=\"310\" src=\"https:\/\/www.ericadventures.com\/wp-content\/uploads\/urubamba-river-rafting-full-day-400x310.webp\" class=\"w-full transform duration-200 hover:scale-110 z-10 rounded-t-md wp-post-image\" alt=\"\" loading=\"lazy\" \/><\/div>\n                                    <\/a>\n                                     <a href=\"https:\/\/www.ericadventures.com\/en\/cusco\/rafting\/urubamba-river-rafting-full-day\/\" class=\"hover:text-eric text-gray-800 hover:no-underline transition-all\" ><h2 class=\"text-center font-nunito uppercase text-sm font-bold my-2 \">1D Urubamba River Rafting<\/h2><\/a>\n                                     <hr class=\"mb-1 -mt-1 border-dotted border-b-1 border-gray-600\">\n                                     <div class=\"px-2\"><p>URUBAMBA WHITE WATER RIVER RAFTING Rafting is a good option for your free reminder time in Cusco, we run this [&hellip;]<\/p>\n                                       \n                                     <\/div>\n                                <\/div>\n\n                            <\/div>\n\t\t\t\t\t\n\t\t\t\t\t\t\t<div>\n                                <div class=\"border bg-white shadow rounded-md p-1\">\n                                    <a href=\"https:\/\/www.ericadventures.com\/en\/cusco\/rafting\/apurimac-river-rafting-3-days\/\">\n                                        <div class=\"overflow-hidden\"><img decoding=\"async\" width=\"400\" height=\"310\" src=\"https:\/\/www.ericadventures.com\/wp-content\/uploads\/Granite-canyon-4-days-400x310.jpg\" class=\"w-full transform duration-200 hover:scale-110 z-10 rounded-t-md wp-post-image\" alt=\"\" loading=\"lazy\" \/><\/div>\n                                    <\/a>\n                                     <a href=\"https:\/\/www.ericadventures.com\/en\/cusco\/rafting\/apurimac-river-rafting-3-days\/\" class=\"hover:text-eric text-gray-800 hover:no-underline transition-all\" ><h2 class=\"text-center font-nunito uppercase text-sm font-bold my-2 \">3D Apurimac River Rafting<\/h2><\/a>\n                                     <hr class=\"mb-1 -mt-1 border-dotted border-b-1 border-gray-600\">\n                                     <div class=\"px-2\"><p>Rafting in White wild River &#8211; Cusco Peru Definitely one of the most important River Rafting Tour in Peru and [&hellip;]<\/p>\n                                       \n                                     <\/div>\n                                <\/div>\n\n                            <\/div>\n\t\t\t\t\t\n\t\t\t\t\t\t\t<div>\n                                <div class=\"border bg-white shadow rounded-md p-1\">\n                                    <a href=\"https:\/\/www.ericadventures.com\/en\/cusco\/rafting\/rafting-rainbow-mountain-2days\/\">\n                                        <div class=\"overflow-hidden\"><img decoding=\"async\" width=\"400\" height=\"310\" src=\"https:\/\/www.ericadventures.com\/wp-content\/uploads\/rafting-rainbow-mountain-08-1-400x310.jpg\" class=\"w-full transform duration-200 hover:scale-110 z-10 rounded-t-md wp-post-image\" alt=\"Rafting And Rainbow Mountain\" loading=\"lazy\" \/><\/div>\n                                    <\/a>\n                                     <a href=\"https:\/\/www.ericadventures.com\/en\/cusco\/rafting\/rafting-rainbow-mountain-2days\/\" class=\"hover:text-eric text-gray-800 hover:no-underline transition-all\" ><h2 class=\"text-center font-nunito uppercase text-sm font-bold my-2 \">2D Rafting And Rainbow Mountain<\/h2><\/a>\n                                     <hr class=\"mb-1 -mt-1 border-dotted border-b-1 border-gray-600\">\n                                     <div class=\"px-2\"><p>An extraordinary adventure, living intensely these 2 days. First with a tour of the waters of the Urubamba River running [&hellip;]<\/p>\n                                       \n                                     <\/div>\n                                <\/div>\n\n                            <\/div>\n\t\t\t\t\t\n\t\t\t\t\t\t\t<div>\n                                <div class=\"border bg-white shadow rounded-md p-1\">\n                                    <a href=\"https:\/\/www.ericadventures.com\/en\/cusco\/rafting\/rafting-apurimac-river-1day\/\">\n                                        <div class=\"overflow-hidden\"><img decoding=\"async\" width=\"400\" height=\"310\" src=\"https:\/\/www.ericadventures.com\/wp-content\/uploads\/rafting-river-apurimac-1day-07-2-400x310.jpg\" class=\"w-full transform duration-200 hover:scale-110 z-10 rounded-t-md wp-post-image\" alt=\"\" loading=\"lazy\" \/><\/div>\n                                    <\/a>\n                                     <a href=\"https:\/\/www.ericadventures.com\/en\/cusco\/rafting\/rafting-apurimac-river-1day\/\" class=\"hover:text-eric text-gray-800 hover:no-underline transition-all\" ><h2 class=\"text-center font-nunito uppercase text-sm font-bold my-2 \">1D Rafting Apurimac River<\/h2><\/a>\n                                     <hr class=\"mb-1 -mt-1 border-dotted border-b-1 border-gray-600\">\n                                     <div class=\"px-2\"><p>Enjoy this wonderful day full of adventures in one of the most impressive rivers in Peru, El Apurimac. A day [&hellip;]<\/p>\n                                       \n                                     <\/div>\n                                <\/div>\n\n                            <\/div>\n\t\t\t\t\t\n\t\t\t\t\t\t\t<div>\n                                <div class=\"border bg-white shadow rounded-md p-1\">\n                                    <a href=\"https:\/\/www.ericadventures.com\/en\/cusco\/rafting\/tambopata-jungle-rafting-9-days\/\">\n                                        <div class=\"overflow-hidden\"><img decoding=\"async\" width=\"400\" height=\"310\" src=\"https:\/\/www.ericadventures.com\/wp-content\/uploads\/peru-cusco-urubamba-river-rafting-tours8-400x310.jpg\" class=\"w-full transform duration-200 hover:scale-110 z-10 rounded-t-md wp-post-image\" alt=\"peru-cusco-urubamba-river-rafting-tours8\" loading=\"lazy\" \/><\/div>\n                                    <\/a>\n                                     <a href=\"https:\/\/www.ericadventures.com\/en\/cusco\/rafting\/tambopata-jungle-rafting-9-days\/\" class=\"hover:text-eric text-gray-800 hover:no-underline transition-all\" ><h2 class=\"text-center font-nunito uppercase text-sm font-bold my-2 \">9D Tambopata Jungle Rafting<\/h2><\/a>\n                                     <hr class=\"mb-1 -mt-1 border-dotted border-b-1 border-gray-600\">\n                                     <div class=\"px-2\"><p>AMAZON ADVENTURE &#8211; RAFTING TAMBOPATA RIVER Six days of rafting down Class III and IV rapids in the high&nbsp;Tambopata River, [&hellip;]<\/p>\n                                       \n                                     <\/div>\n                                <\/div>\n\n                            <\/div>\n\t\t\t\t\t\n\t\t\t\t\t\t\t<div>\n                                <div class=\"border bg-white shadow rounded-md p-1\">\n                                    <a href=\"https:\/\/www.ericadventures.com\/en\/cusco\/rafting\/urubamba-river-rafting-2-days\/\">\n                                        <div class=\"overflow-hidden\"><img decoding=\"async\" width=\"400\" height=\"310\" src=\"https:\/\/www.ericadventures.com\/wp-content\/uploads\/Optimized-B27I5795-400x310.jpg\" class=\"w-full transform duration-200 hover:scale-110 z-10 rounded-t-md wp-post-image\" alt=\"Rafting en el r\u00edo Urubamba\" loading=\"lazy\" \/><\/div>\n                                    <\/a>\n                                     <a href=\"https:\/\/www.ericadventures.com\/en\/cusco\/rafting\/urubamba-river-rafting-2-days\/\" class=\"hover:text-eric text-gray-800 hover:no-underline transition-all\" ><h2 class=\"text-center font-nunito uppercase text-sm font-bold my-2 \">2D Urubamba River Rafting<\/h2><\/a>\n                                     <hr class=\"mb-1 -mt-1 border-dotted border-b-1 border-gray-600\">\n                                     <div class=\"px-2\"><p>RAFTING IN WHITE WATERS &#8211; CUSCO PERU The Urubamba River runs from the high Andean ranges down through the Sacred [&hellip;]<\/p>\n                                       \n                                     <\/div>\n                                <\/div>\n\n                            <\/div>\n\t\t\t\t\t\n\t\t\t\t\t\t\t<div>\n                                <div class=\"border bg-white shadow rounded-md p-1\">\n                                    <a href=\"https:\/\/www.ericadventures.com\/en\/cusco\/rafting\/cotahuasi-river-deepest-canyon-world\/\">\n                                        <div class=\"overflow-hidden\"><img decoding=\"async\" width=\"400\" height=\"310\" src=\"https:\/\/www.ericadventures.com\/wp-content\/uploads\/WBN-41-1-400x310.jpg\" class=\"w-full transform duration-200 hover:scale-110 z-10 rounded-t-md wp-post-image\" alt=\"R\u00edo Cotahuasi El Ca\u00f1\u00f3n M\u00e1s Profundo Del Mundo\" loading=\"lazy\" \/><\/div>\n                                    <\/a>\n                                     <a href=\"https:\/\/www.ericadventures.com\/en\/cusco\/rafting\/cotahuasi-river-deepest-canyon-world\/\" class=\"hover:text-eric text-gray-800 hover:no-underline transition-all\" ><h2 class=\"text-center font-nunito uppercase text-sm font-bold my-2 \">10D Cotahuasi River Deepest Canyon In The World<\/h2><\/a>\n                                     <hr class=\"mb-1 -mt-1 border-dotted border-b-1 border-gray-600\">\n                                     <div class=\"px-2\"><p>Level: Challenge. Class 4 and 5 rapids. No experience is needed but good physical condition is essential. Demanding hiking or [&hellip;]<\/p>\n                                       \n                                     <\/div>\n                                <\/div>\n\n                            <\/div>\n\t\t\t\t\t<\/div>\n","protected":false},"excerpt":{"rendered":"","protected":false},"author":1,"featured_media":21293,"parent":1096,"menu_order":0,"comment_status":"closed","ping_status":"closed","template":"page-city.php","meta":{"_acf_changed":false,"advgb_blocks_editor_width":"","advgb_blocks_columns_visual_guide":"","footnotes":""},"class_list":["post-3499","page","type-page","status-publish","has-post-thumbnail","hentry"],"acf":[],"yoast_head":"<!-- This site is optimized with the Yoast SEO Premium plugin v25.4 (Yoast SEO v26.9) - https:\/\/yoast.com\/product\/yoast-seo-premium-wordpress\/ -->\n<title>Rafting<\/title>\n<meta name=\"robots\" content=\"index, follow, max-snippet:-1, max-image-preview:large, max-video-preview:-1\" \/>\n<link rel=\"canonical\" href=\"https:\/\/www.ericadventures.com\/en\/cusco\/rafting\/\" \/>\n<meta property=\"og:locale\" content=\"en_US\" \/>\n<meta property=\"og:type\" content=\"article\" \/>\n<meta property=\"og:title\" content=\"Rafting\" \/>\n<meta property=\"og:url\" content=\"https:\/\/www.ericadventures.com\/en\/cusco\/rafting\/\" \/>\n<meta property=\"og:site_name\" content=\"Eric Adventures\" \/>\n<meta property=\"article:modified_time\" content=\"2024-05-16T16:25:38+00:00\" \/>\n<meta property=\"og:image\" content=\"https:\/\/www.ericadventures.com\/wp-content\/uploads\/151937-rafting-in-the-sacred-valley-1080x675-1.jpg\" \/>\n\t<meta property=\"og:image:width\" content=\"1080\" \/>\n\t<meta property=\"og:image:height\" content=\"675\" \/>\n\t<meta property=\"og:image:type\" content=\"image\/jpeg\" \/>\n<meta name=\"twitter:card\" content=\"summary_large_image\" \/>\n<meta name=\"twitter:label1\" content=\"Est. reading time\" \/>\n\t<meta name=\"twitter:data1\" content=\"1 minute\" \/>\n<script type=\"application\/ld+json\" class=\"yoast-schema-graph\">{\"@context\":\"https:\/\/schema.org\",\"@graph\":[{\"@type\":\"WebPage\",\"@id\":\"https:\/\/www.ericadventures.com\/en\/cusco\/rafting\/\",\"url\":\"https:\/\/www.ericadventures.com\/en\/cusco\/rafting\/\",\"name\":\"Rafting\",\"isPartOf\":{\"@id\":\"https:\/\/www.ericadventures.com\/en\/#website\"},\"primaryImageOfPage\":{\"@id\":\"https:\/\/www.ericadventures.com\/en\/cusco\/rafting\/#primaryimage\"},\"image\":{\"@id\":\"https:\/\/www.ericadventures.com\/en\/cusco\/rafting\/#primaryimage\"},\"thumbnailUrl\":\"https:\/\/www.ericadventures.com\/wp-content\/uploads\/151937-rafting-in-the-sacred-valley-1080x675-1.jpg\",\"datePublished\":\"2023-11-16T11:53:07+00:00\",\"dateModified\":\"2024-05-16T16:25:38+00:00\",\"breadcrumb\":{\"@id\":\"https:\/\/www.ericadventures.com\/en\/cusco\/rafting\/#breadcrumb\"},\"inLanguage\":\"en-US\",\"potentialAction\":[{\"@type\":\"ReadAction\",\"target\":[\"https:\/\/www.ericadventures.com\/en\/cusco\/rafting\/\"]}]},{\"@type\":\"ImageObject\",\"inLanguage\":\"en-US\",\"@id\":\"https:\/\/www.ericadventures.com\/en\/cusco\/rafting\/#primaryimage\",\"url\":\"https:\/\/www.ericadventures.com\/wp-content\/uploads\/151937-rafting-in-the-sacred-valley-1080x675-1.jpg\",\"contentUrl\":\"https:\/\/www.ericadventures.com\/wp-content\/uploads\/151937-rafting-in-the-sacred-valley-1080x675-1.jpg\",\"width\":1080,\"height\":675},{\"@type\":\"BreadcrumbList\",\"@id\":\"https:\/\/www.ericadventures.com\/en\/cusco\/rafting\/#breadcrumb\",\"itemListElement\":[{\"@type\":\"ListItem\",\"position\":1,\"name\":\"Home\",\"item\":\"https:\/\/www.ericadventures.com\/en\/\"},{\"@type\":\"ListItem\",\"position\":2,\"name\":\"Tours in Cusco\",\"item\":\"https:\/\/www.ericadventures.com\/en\/cusco\/\"},{\"@type\":\"ListItem\",\"position\":3,\"name\":\"Rafting\"}]},{\"@type\":\"WebSite\",\"@id\":\"https:\/\/www.ericadventures.com\/en\/#website\",\"url\":\"https:\/\/www.ericadventures.com\/en\/\",\"name\":\"Eric Adventures\",\"description\":\"\",\"publisher\":{\"@id\":\"https:\/\/www.ericadventures.com\/en\/#organization\"},\"alternateName\":\"Eric Adventures\",\"potentialAction\":[{\"@type\":\"SearchAction\",\"target\":{\"@type\":\"EntryPoint\",\"urlTemplate\":\"https:\/\/www.ericadventures.com\/en\/?s={search_term_string}\"},\"query-input\":{\"@type\":\"PropertyValueSpecification\",\"valueRequired\":true,\"valueName\":\"search_term_string\"}}],\"inLanguage\":\"en-US\"},{\"@type\":\"Organization\",\"@id\":\"https:\/\/www.ericadventures.com\/en\/#organization\",\"name\":\"Eric Adventures\",\"url\":\"https:\/\/www.ericadventures.com\/en\/\",\"logo\":{\"@type\":\"ImageObject\",\"inLanguage\":\"en-US\",\"@id\":\"https:\/\/www.ericadventures.com\/en\/#\/schema\/logo\/image\/\",\"url\":\"https:\/\/www.ericadventures.com\/wp-content\/uploads\/logo-ericadventures.png\",\"contentUrl\":\"https:\/\/www.ericadventures.com\/wp-content\/uploads\/logo-ericadventures.png\",\"width\":500,\"height\":106,\"caption\":\"Eric Adventures\"},\"image\":{\"@id\":\"https:\/\/www.ericadventures.com\/en\/#\/schema\/logo\/image\/\"}}]}<\/script>\n<!-- \/ Yoast SEO Premium plugin. -->","yoast_head_json":{"title":"Rafting","robots":{"index":"index","follow":"follow","max-snippet":"max-snippet:-1","max-image-preview":"max-image-preview:large","max-video-preview":"max-video-preview:-1"},"canonical":"https:\/\/www.ericadventures.com\/en\/cusco\/rafting\/","og_locale":"en_US","og_type":"article","og_title":"Rafting","og_url":"https:\/\/www.ericadventures.com\/en\/cusco\/rafting\/","og_site_name":"Eric Adventures","article_modified_time":"2024-05-16T16:25:38+00:00","og_image":[{"width":1080,"height":675,"url":"https:\/\/www.ericadventures.com\/wp-content\/uploads\/151937-rafting-in-the-sacred-valley-1080x675-1.jpg","type":"image\/jpeg"}],"twitter_card":"summary_large_image","twitter_misc":{"Est. reading time":"1 minute"},"schema":{"@context":"https:\/\/schema.org","@graph":[{"@type":"WebPage","@id":"https:\/\/www.ericadventures.com\/en\/cusco\/rafting\/","url":"https:\/\/www.ericadventures.com\/en\/cusco\/rafting\/","name":"Rafting","isPartOf":{"@id":"https:\/\/www.ericadventures.com\/en\/#website"},"primaryImageOfPage":{"@id":"https:\/\/www.ericadventures.com\/en\/cusco\/rafting\/#primaryimage"},"image":{"@id":"https:\/\/www.ericadventures.com\/en\/cusco\/rafting\/#primaryimage"},"thumbnailUrl":"https:\/\/www.ericadventures.com\/wp-content\/uploads\/151937-rafting-in-the-sacred-valley-1080x675-1.jpg","datePublished":"2023-11-16T11:53:07+00:00","dateModified":"2024-05-16T16:25:38+00:00","breadcrumb":{"@id":"https:\/\/www.ericadventures.com\/en\/cusco\/rafting\/#breadcrumb"},"inLanguage":"en-US","potentialAction":[{"@type":"ReadAction","target":["https:\/\/www.ericadventures.com\/en\/cusco\/rafting\/"]}]},{"@type":"ImageObject","inLanguage":"en-US","@id":"https:\/\/www.ericadventures.com\/en\/cusco\/rafting\/#primaryimage","url":"https:\/\/www.ericadventures.com\/wp-content\/uploads\/151937-rafting-in-the-sacred-valley-1080x675-1.jpg","contentUrl":"https:\/\/www.ericadventures.com\/wp-content\/uploads\/151937-rafting-in-the-sacred-valley-1080x675-1.jpg","width":1080,"height":675},{"@type":"BreadcrumbList","@id":"https:\/\/www.ericadventures.com\/en\/cusco\/rafting\/#breadcrumb","itemListElement":[{"@type":"ListItem","position":1,"name":"Home","item":"https:\/\/www.ericadventures.com\/en\/"},{"@type":"ListItem","position":2,"name":"Tours in Cusco","item":"https:\/\/www.ericadventures.com\/en\/cusco\/"},{"@type":"ListItem","position":3,"name":"Rafting"}]},{"@type":"WebSite","@id":"https:\/\/www.ericadventures.com\/en\/#website","url":"https:\/\/www.ericadventures.com\/en\/","name":"Eric Adventures","description":"","publisher":{"@id":"https:\/\/www.ericadventures.com\/en\/#organization"},"alternateName":"Eric Adventures","potentialAction":[{"@type":"SearchAction","target":{"@type":"EntryPoint","urlTemplate":"https:\/\/www.ericadventures.com\/en\/?s={search_term_string}"},"query-input":{"@type":"PropertyValueSpecification","valueRequired":true,"valueName":"search_term_string"}}],"inLanguage":"en-US"},{"@type":"Organization","@id":"https:\/\/www.ericadventures.com\/en\/#organization","name":"Eric Adventures","url":"https:\/\/www.ericadventures.com\/en\/","logo":{"@type":"ImageObject","inLanguage":"en-US","@id":"https:\/\/www.ericadventures.com\/en\/#\/schema\/logo\/image\/","url":"https:\/\/www.ericadventures.com\/wp-content\/uploads\/logo-ericadventures.png","contentUrl":"https:\/\/www.ericadventures.com\/wp-content\/uploads\/logo-ericadventures.png","width":500,"height":106,"caption":"Eric Adventures"},"image":{"@id":"https:\/\/www.ericadventures.com\/en\/#\/schema\/logo\/image\/"}}]}},"coauthors":[],"author_meta":{"author_link":"https:\/\/www.ericadventures.com\/en\/author\/ericadmin\/","display_name":"Eric"},"relative_dates":{"created":"Posted 2 years ago","modified":"Updated 2 years ago"},"absolute_dates":{"created":"Posted on November 16, 2023","modified":"Updated on May 16, 2024"},"absolute_dates_time":{"created":"Posted on November 16, 2023 6:53 am","modified":"Updated on May 16, 2024 11:25 am"},"featured_img_caption":"","featured_img":"https:\/\/www.ericadventures.com\/wp-content\/uploads\/151937-rafting-in-the-sacred-valley-1080x675-1.jpg","series_order":"","_links":{"self":[{"href":"https:\/\/www.ericadventures.com\/en\/wp-json\/wp\/v2\/pages\/3499","targetHints":{"allow":["GET"]}}],"collection":[{"href":"https:\/\/www.ericadventures.com\/en\/wp-json\/wp\/v2\/pages"}],"about":[{"href":"https:\/\/www.ericadventures.com\/en\/wp-json\/wp\/v2\/types\/page"}],"author":[{"embeddable":true,"href":"https:\/\/www.ericadventures.com\/en\/wp-json\/wp\/v2\/users\/1"}],"replies":[{"embeddable":true,"href":"https:\/\/www.ericadventures.com\/en\/wp-json\/wp\/v2\/comments?post=3499"}],"version-history":[{"count":1,"href":"https:\/\/www.ericadventures.com\/en\/wp-json\/wp\/v2\/pages\/3499\/revisions"}],"predecessor-version":[{"id":3500,"href":"https:\/\/www.ericadventures.com\/en\/wp-json\/wp\/v2\/pages\/3499\/revisions\/3500"}],"up":[{"embeddable":true,"href":"https:\/\/www.ericadventures.com\/en\/wp-json\/wp\/v2\/pages\/1096"}],"wp:featuredmedia":[{"embeddable":true,"href":"https:\/\/www.ericadventures.com\/en\/wp-json\/wp\/v2\/media\/21293"}],"wp:attachment":[{"href":"https:\/\/www.ericadventures.com\/en\/wp-json\/wp\/v2\/media?parent=3499"}],"curies":[{"name":"wp","href":"https:\/\/api.w.org\/{rel}","templated":true}]}}