{"id":5167,"date":"2023-12-01T16:22:31","date_gmt":"2023-12-01T21:22:31","guid":{"rendered":"https:\/\/www.ericadventures.com\/arequipa\/city-tour-and-santa-catalina-monastery-3h-copy\/"},"modified":"2025-10-20T15:29:23","modified_gmt":"2025-10-20T20:29:23","slug":"climb-misti-volcano-arequipa-2-days","status":"publish","type":"page","link":"https:\/\/www.ericadventures.com\/en\/arequipa\/climb-misti-volcano-arequipa-2-days\/","title":{"rendered":"2D Climb Misti Volcano In Arequipa"},"content":{"rendered":"<div class=\"wp-block-image\">\n<figure class=\"alignleft size-full is-resized\"><img loading=\"lazy\" decoding=\"async\" width=\"400\" height=\"176\" src=\"https:\/\/www.ericadventures.com\/wp-content\/uploads\/climb-misti-volcano-arequipa-2-days.jpg\" alt=\"\" class=\"wp-image-5169\" style=\"aspect-ratio:1.7777777777777777;object-fit:cover;width:416px;height:auto\" srcset=\"https:\/\/www.ericadventures.com\/wp-content\/uploads\/climb-misti-volcano-arequipa-2-days.jpg 400w, https:\/\/www.ericadventures.com\/wp-content\/uploads\/climb-misti-volcano-arequipa-2-days-300x132.jpg 300w\" sizes=\"auto, (max-width: 400px) 100vw, 400px\" \/><\/figure>\n<\/div>\n\n\n<p>Misti Volcano an active one is a perfect volcanic cone that sits right above Arequipa. It is climbed very often. There is no water on the mountain except at the Aguada Blanca reservoir. There is usually no snow either. The mountain is another that was climbed by the Incas.<br><br>Many routes are commonly used. The longer climb but easier access is from the town of Apurimac San Luis on the north side of Arequipa we head for Tres Cruces (3000m) then up under pylons to Los Pastores at 3300m. From here follow the path up a rib past a possible camp at 4200m, for the first night Then continue to the summit.<\/p>\n\n\n\n<p><\/p>\n\n\n\n<h2 class=\"wp-block-heading\" id=\"h-itinerary\">ITINERARY<\/h2>\n\n\n\n<p>Another route is a 3-hour drive from Arequipa to Aguada Blanca which gives a height advantage head for a prominent rib. There are a few tent sites at 4600m, for the overnight, from here follow the path which takes a rising traverse up some slopes to the summit.<\/p>\n\n\n\n<p>Another route is possible through the village of Chihuata. The average of time for the ascent per day could be 6 or 7 hours up and for descent could be 3 hours when the transport is waiting for us to bring us back to Arequipa.<\/p>\n\n\n\n<p><br><strong>Technical Information<\/strong><\/p>\n\n\n\n<ul class=\"wp-block-list\">\n<li>Classification: Easy<\/li>\n\n\n\n<li>Minimum altitude&nbsp;: 3500m<\/li>\n\n\n\n<li>Maximum altitude: 5825m.<\/li>\n<\/ul>\n\n\n\n<p><br><strong>Time to this Activity<\/strong><\/p>\n\n\n\n<ul class=\"wp-block-list\">\n<li>The best time to climb in this region is between April and September, that is, during the Andean summer.<\/li>\n\n\n\n<li>During the rest of the year, it is also possible to climb them, but it is more likely to have some bad weather.<\/li>\n\n\n\n<li>The rescue police see for the safety of all mountaineers in the region.<\/li>\n<\/ul>\n\n\n\n<h2 class=\"wp-block-heading\" id=\"h-included\">INCLUDED<\/h2>\n\n\n\n<ul class=\"wp-block-list\">\n<li>Transfer from the bus station to your selected hotel<\/li>\n\n\n\n<li>Brief in<\/li>\n\n\n\n<li>Pick you up from your hotel and private transport in Arequipa to get to the starting point of the activity (round trip)<\/li>\n\n\n\n<li>Official mountain guide<\/li>\n\n\n\n<li>all meals during the activity<\/li>\n\n\n\n<li>two-person tents, kitchen and dining tent, and all necessary implements<\/li>\n\n\n\n<li>Entry fee<\/li>\n\n\n\n<li>Equipment mountain<\/li>\n<\/ul>\n\n\n\n<h3 class=\"wp-block-heading\" id=\"h-not-includes\">NOT INCLUDES<\/h3>\n\n\n\n<ul class=\"wp-block-list\">\n<li>Personal equipment (sleeping bag, warm clothing).<\/li>\n\n\n\n<li>Boots<\/li>\n\n\n\n<li>Water<\/li>\n<\/ul>\n\n\n\n<h3 class=\"wp-block-heading\" id=\"h-note\">Note<\/h3>\n\n\n\n<ul class=\"wp-block-list\">\n<li>For people who can get tired on the trek is possible to hire mules.<\/li>\n<\/ul>\n\n\n\n<h2 class=\"wp-block-heading\" id=\"h-prices-per-person-in-us-dollars\">PRICES(PER PERSON IN US DOLLARS)<\/h2>\n\n\n\n<ul class=\"wp-block-list\">\n<li>Price per person, shared service: US$180<\/li>\n\n\n\n<li>Departures with a minimum of 3 people<\/li>\n<\/ul>\n\n\n\n<p>*Reference prices subject to availability and season.<\/p>\n\n\n\n<h2 class=\"wp-block-heading\" id=\"h-contact-form\">Contact Form<\/h2>\n\n\n\n<div class=\"wp-block-contact-form-7-contact-form-selector\">\n<div class=\"wpcf7 no-js\" id=\"wpcf7-f6168-o1\" lang=\"es-ES\" dir=\"ltr\" data-wpcf7-id=\"6168\">\n<div class=\"screen-reader-response\"><p role=\"status\" aria-live=\"polite\" aria-atomic=\"true\"><\/p> <ul><\/ul><\/div>\n<form action=\"\/en\/wp-json\/wp\/v2\/pages\/5167#wpcf7-f6168-o1\" method=\"post\" class=\"wpcf7-form init\" aria-label=\"Formulario de contacto\" novalidate=\"novalidate\" data-status=\"init\">\n<fieldset class=\"hidden-fields-container\"><input type=\"hidden\" name=\"_wpcf7\" value=\"6168\" \/><input type=\"hidden\" name=\"_wpcf7_version\" value=\"6.1.5\" \/><input type=\"hidden\" name=\"_wpcf7_locale\" value=\"es_ES\" \/><input type=\"hidden\" name=\"_wpcf7_unit_tag\" value=\"wpcf7-f6168-o1\" \/><input type=\"hidden\" name=\"_wpcf7_container_post\" value=\"0\" \/><input type=\"hidden\" name=\"_wpcf7_posted_data_hash\" value=\"\" \/>\n<\/fieldset>\n<div class=\"wpcf7-turnstile cf-turnstile\" data-sitekey=\"0x4AAAAAACZ2CLxkDaDac8NW\" data-response-field-name=\"_wpcf7_turnstile_response\"><\/div>\n\n<div class=\"formt\">\n<span class=\"textform\"> For reservations or more information please fill up the following client\/guest form:  <\/span>\n<input class=\"wpcf7-form-control wpcf7-hidden\" value=\"https:\/\/www.ericadventures.com\/en\/wp-json\/wp\/v2\/pages\/5167\" type=\"hidden\" name=\"Url_Tour\" \/>\n<input class=\"wpcf7-form-control wpcf7-hidden\" value=\"en\" type=\"hidden\" name=\"Idioma\" \/>\n<input class=\"wpcf7-form-control wpcf7-hidden\" value=\"30\/04\/2026 17:25:47\" type=\"hidden\" name=\"Fecha_Hora\" \/>\n<input class=\"wpcf7-form-control wpcf7-hidden\" value=\"216.73.216.6\" type=\"hidden\" name=\"Ip\" \/>\n<input class=\"wpcf7-form-control wpcf7-hidden\" value=\"2D Climb Misti Volcano In Arequipa\" type=\"hidden\" name=\"Nombre_Tour\" \/>\n<input class=\"wpcf7-form-control wpcf7-hidden\" value=\"1\" type=\"hidden\" name=\"enviar_excel\" \/>\n\n<div class=\"g2\">\n    <div>\n        <label>Name: <\/label>\n        <span class=\"wpcf7-form-control-wrap\" data-name=\"Nombre\"><input size=\"40\" maxlength=\"400\" class=\"wpcf7-form-control wpcf7-text wpcf7-validates-as-required\" aria-required=\"true\" aria-invalid=\"false\" value=\"\" type=\"text\" name=\"Nombre\" \/><\/span>\n    <\/div>\n    <div>\n        <label>E-mail: <\/label>\n        <span class=\"wpcf7-form-control-wrap\" data-name=\"Emails\"><input size=\"40\" maxlength=\"400\" class=\"wpcf7-form-control wpcf7-email wpcf7-validates-as-required wpcf7-text wpcf7-validates-as-email\" aria-required=\"true\" aria-invalid=\"false\" value=\"\" type=\"email\" name=\"Emails\" \/><\/span>\n    <\/div>\n <\/div>\n<div class=\"g2\">\n<div>\n        <label>Country: <\/label>\n        <span class=\"wpcf7-form-control-wrap\" data-name=\"Pais\"><input size=\"40\" maxlength=\"400\" class=\"wpcf7-form-control wpcf7-text\" aria-invalid=\"false\" value=\"\" type=\"text\" name=\"Pais\" \/><\/span>\n    <\/div>\n    <div>\n        <label>Phone - Whatsapp: <\/label>\n        <span class=\"wpcf7-form-control-wrap\" data-name=\"Whatsapp\"><input size=\"40\" class=\"wpcf7-form-control wpcf7-phonetext wpcf7-text wpcf7-validates-as-phonetext\" aria-invalid=\"false\" value=\"\" type=\"text\" name=\"Whatsapp\" \/><input type=\"hidden\" name=\"Whatsapp-country-code\" class=\"wpcf7-phonetext-country-code\" \/><\/span>\n    <\/div>\n<\/div>\n\n<div class=\"g2\">\n <div>\n        \n<div class=\"g2\">\n     <div>\n       <label>Number of Adults: <\/label>\n       <span class=\"wpcf7-form-control-wrap\" data-name=\"Adultos\"><select class=\"wpcf7-form-control wpcf7-select wpcf7-validates-as-required\" aria-required=\"true\" aria-invalid=\"false\" name=\"Adultos\"><option value=\"1\">1<\/option><option value=\"2\">2<\/option><option value=\"3\">3<\/option><option value=\"4\">4<\/option><option value=\"5\">5<\/option><option value=\"6\">6<\/option><option value=\"7\">7<\/option><option value=\"8\">8<\/option><option value=\"9\">9<\/option><option value=\"10\">10<\/option><option value=\"11\">11<\/option><option value=\"12 to more\">12 to more<\/option><\/select><\/span>\n    <\/div>\n    <div>\n       <label>Number of Children: <\/label>\n       <span class=\"wpcf7-form-control-wrap\" data-name=\"Ninos\"><select class=\"wpcf7-form-control wpcf7-select wpcf7-validates-as-required\" aria-required=\"true\" aria-invalid=\"false\" name=\"Ninos\"><option value=\"0\">0<\/option><option value=\"1\">1<\/option><option value=\"2\">2<\/option><option value=\"3\">3<\/option><option value=\"4\">4<\/option><option value=\"5\">5<\/option><option value=\"6\">6<\/option><option value=\"7\">7<\/option><option value=\"8\">8<\/option><option value=\"9\">9<\/option><option value=\"10\">10<\/option><option value=\"11\">11<\/option><option value=\"12 to more\">12 to more<\/option><\/select><\/span>\n    <\/div>\n<\/div>\n\n<\/div>\n\n    <div>\n       <div class=\"g2\">\n     <div>\n       <label>Tour Start Date: <\/label>\n       <span class=\"wpcf7-form-control-wrap\" data-name=\"Inicio\"><input class=\"wpcf7-form-control wpcf7-date wpcf7-validates-as-required wpcf7-validates-as-date\" id=\"inicio\" min=\"2026-04-30\" aria-required=\"true\" aria-invalid=\"false\" value=\"\" type=\"date\" name=\"Inicio\" \/><\/span>\n    <\/div>\n    <div>\n       <label>Tour End Date: <\/label>\n        <span class=\"wpcf7-form-control-wrap\" data-name=\"Final\"><input class=\"wpcf7-form-control wpcf7-date wpcf7-validates-as-required wpcf7-validates-as-date\" id=\"final\" min=\"2026-04-30\" aria-required=\"true\" aria-invalid=\"false\" value=\"\" type=\"date\" name=\"Final\" \/><\/span>\n    <\/div>\n<\/div>\n    <\/div>\n<\/div>\n\n<div>\n     <label>Comments or Questions: <\/label>\n     <span class=\"wpcf7-form-control-wrap\" data-name=\"Mensaje\"><textarea cols=\"40\" rows=\"10\" maxlength=\"2000\" class=\"wpcf7-form-control wpcf7-textarea wpcf7-validates-as-required\" aria-required=\"true\" aria-invalid=\"false\" placeholder=\"Please specify the type of SERVICE\/TOUR that you want to take\" name=\"Mensaje\"><\/textarea><\/span>\n<\/div>\n\n<input class=\"wpcf7-form-control wpcf7-submit has-spinner btnsend\" type=\"submit\" value=\"SEND MESSAGE\" \/>\n\n<\/div><div class=\"wpcf7-response-output\" aria-hidden=\"true\"><\/div>\n<\/form>\n<\/div>\n<\/div>\n","protected":false},"excerpt":{"rendered":"<p>Misti Volcano an active one is a perfect volcanic cone that sits right above Arequipa. It is climbed very often. [&hellip;]<\/p>\n","protected":false},"author":1,"featured_media":21252,"parent":203,"menu_order":0,"comment_status":"closed","ping_status":"closed","template":"page-tour.php","meta":{"_acf_changed":false,"advgb_blocks_editor_width":"","advgb_blocks_columns_visual_guide":"","footnotes":""},"class_list":["post-5167","page","type-page","status-publish","has-post-thumbnail","hentry"],"acf":[],"yoast_head":"<!-- This site is optimized with the Yoast SEO Premium plugin v25.4 (Yoast SEO v26.9) - https:\/\/yoast.com\/product\/yoast-seo-premium-wordpress\/ -->\n<title>City tour pelo Mosteiro de Santa Catalina em Arequipa<\/title>\n<meta name=\"description\" content=\"Vulc\u00e3o Misti: ativo, c\u00f4nico sobre Arequipa, escalado frequentemente, sem \u00e1gua, reservat\u00f3rio Aguada Blanca, neve rara, escalado por Incas.\" \/>\n<meta name=\"robots\" content=\"index, follow, max-snippet:-1, max-image-preview:large, max-video-preview:-1\" \/>\n<link rel=\"canonical\" href=\"https:\/\/www.ericadventures.com\/en\/arequipa\/climb-misti-volcano-arequipa-2-days\/\" \/>\n<meta property=\"og:locale\" content=\"en_US\" \/>\n<meta property=\"og:type\" content=\"article\" \/>\n<meta property=\"og:title\" content=\"2D Climb Misti Volcano In Arequipa\" \/>\n<meta property=\"og:description\" content=\"Vulc\u00e3o Misti: ativo, c\u00f4nico sobre Arequipa, escalado frequentemente, sem \u00e1gua, reservat\u00f3rio Aguada Blanca, neve rara, escalado por Incas.\" \/>\n<meta property=\"og:url\" content=\"https:\/\/www.ericadventures.com\/en\/arequipa\/climb-misti-volcano-arequipa-2-days\/\" \/>\n<meta property=\"og:site_name\" content=\"Eric Adventures\" \/>\n<meta property=\"article:modified_time\" content=\"2025-10-20T20:29:23+00:00\" \/>\n<meta property=\"og:image\" content=\"https:\/\/www.ericadventures.com\/wp-content\/uploads\/rsz_11rsz_14704439540_7279c98a07_o.jpg\" \/>\n\t<meta property=\"og:image:width\" content=\"750\" \/>\n\t<meta property=\"og:image:height\" content=\"500\" \/>\n\t<meta property=\"og:image:type\" content=\"image\/jpeg\" \/>\n<meta name=\"twitter:card\" content=\"summary_large_image\" \/>\n<meta name=\"twitter:label1\" content=\"Est. reading time\" \/>\n\t<meta name=\"twitter:data1\" content=\"3 minutes\" \/>\n<script type=\"application\/ld+json\" class=\"yoast-schema-graph\">{\"@context\":\"https:\/\/schema.org\",\"@graph\":[{\"@type\":\"WebPage\",\"@id\":\"https:\/\/www.ericadventures.com\/en\/arequipa\/climb-misti-volcano-arequipa-2-days\/\",\"url\":\"https:\/\/www.ericadventures.com\/en\/arequipa\/climb-misti-volcano-arequipa-2-days\/\",\"name\":\"City tour pelo Mosteiro de Santa Catalina em Arequipa\",\"isPartOf\":{\"@id\":\"https:\/\/www.ericadventures.com\/en\/#website\"},\"primaryImageOfPage\":{\"@id\":\"https:\/\/www.ericadventures.com\/en\/arequipa\/climb-misti-volcano-arequipa-2-days\/#primaryimage\"},\"image\":{\"@id\":\"https:\/\/www.ericadventures.com\/en\/arequipa\/climb-misti-volcano-arequipa-2-days\/#primaryimage\"},\"thumbnailUrl\":\"https:\/\/www.ericadventures.com\/wp-content\/uploads\/rsz_11rsz_14704439540_7279c98a07_o.jpg\",\"datePublished\":\"2023-12-01T21:22:31+00:00\",\"dateModified\":\"2025-10-20T20:29:23+00:00\",\"description\":\"Vulc\u00e3o Misti: ativo, c\u00f4nico sobre Arequipa, escalado frequentemente, sem \u00e1gua, reservat\u00f3rio Aguada Blanca, neve rara, escalado por Incas.\",\"breadcrumb\":{\"@id\":\"https:\/\/www.ericadventures.com\/en\/arequipa\/climb-misti-volcano-arequipa-2-days\/#breadcrumb\"},\"inLanguage\":\"en-US\",\"potentialAction\":[{\"@type\":\"ReadAction\",\"target\":[\"https:\/\/www.ericadventures.com\/en\/arequipa\/climb-misti-volcano-arequipa-2-days\/\"]}]},{\"@type\":\"ImageObject\",\"inLanguage\":\"en-US\",\"@id\":\"https:\/\/www.ericadventures.com\/en\/arequipa\/climb-misti-volcano-arequipa-2-days\/#primaryimage\",\"url\":\"https:\/\/www.ericadventures.com\/wp-content\/uploads\/rsz_11rsz_14704439540_7279c98a07_o.jpg\",\"contentUrl\":\"https:\/\/www.ericadventures.com\/wp-content\/uploads\/rsz_11rsz_14704439540_7279c98a07_o.jpg\",\"width\":750,\"height\":500},{\"@type\":\"BreadcrumbList\",\"@id\":\"https:\/\/www.ericadventures.com\/en\/arequipa\/climb-misti-volcano-arequipa-2-days\/#breadcrumb\",\"itemListElement\":[{\"@type\":\"ListItem\",\"position\":1,\"name\":\"Home\",\"item\":\"https:\/\/www.ericadventures.com\/en\/\"},{\"@type\":\"ListItem\",\"position\":2,\"name\":\"Tours in Arequipa\",\"item\":\"https:\/\/www.ericadventures.com\/en\/arequipa\/\"},{\"@type\":\"ListItem\",\"position\":3,\"name\":\"2D Climb Misti Volcano In Arequipa\"}]},{\"@type\":\"WebSite\",\"@id\":\"https:\/\/www.ericadventures.com\/en\/#website\",\"url\":\"https:\/\/www.ericadventures.com\/en\/\",\"name\":\"Eric Adventures\",\"description\":\"\",\"publisher\":{\"@id\":\"https:\/\/www.ericadventures.com\/en\/#organization\"},\"alternateName\":\"Eric Adventures\",\"potentialAction\":[{\"@type\":\"SearchAction\",\"target\":{\"@type\":\"EntryPoint\",\"urlTemplate\":\"https:\/\/www.ericadventures.com\/en\/?s={search_term_string}\"},\"query-input\":{\"@type\":\"PropertyValueSpecification\",\"valueRequired\":true,\"valueName\":\"search_term_string\"}}],\"inLanguage\":\"en-US\"},{\"@type\":\"Organization\",\"@id\":\"https:\/\/www.ericadventures.com\/en\/#organization\",\"name\":\"Eric Adventures\",\"url\":\"https:\/\/www.ericadventures.com\/en\/\",\"logo\":{\"@type\":\"ImageObject\",\"inLanguage\":\"en-US\",\"@id\":\"https:\/\/www.ericadventures.com\/en\/#\/schema\/logo\/image\/\",\"url\":\"https:\/\/www.ericadventures.com\/wp-content\/uploads\/logo-ericadventures.png\",\"contentUrl\":\"https:\/\/www.ericadventures.com\/wp-content\/uploads\/logo-ericadventures.png\",\"width\":500,\"height\":106,\"caption\":\"Eric Adventures\"},\"image\":{\"@id\":\"https:\/\/www.ericadventures.com\/en\/#\/schema\/logo\/image\/\"}}]}<\/script>\n<!-- \/ Yoast SEO Premium plugin. -->","yoast_head_json":{"title":"City tour pelo Mosteiro de Santa Catalina em Arequipa","description":"Vulc\u00e3o Misti: ativo, c\u00f4nico sobre Arequipa, escalado frequentemente, sem \u00e1gua, reservat\u00f3rio Aguada Blanca, neve rara, escalado por Incas.","robots":{"index":"index","follow":"follow","max-snippet":"max-snippet:-1","max-image-preview":"max-image-preview:large","max-video-preview":"max-video-preview:-1"},"canonical":"https:\/\/www.ericadventures.com\/en\/arequipa\/climb-misti-volcano-arequipa-2-days\/","og_locale":"en_US","og_type":"article","og_title":"2D Climb Misti Volcano In Arequipa","og_description":"Vulc\u00e3o Misti: ativo, c\u00f4nico sobre Arequipa, escalado frequentemente, sem \u00e1gua, reservat\u00f3rio Aguada Blanca, neve rara, escalado por Incas.","og_url":"https:\/\/www.ericadventures.com\/en\/arequipa\/climb-misti-volcano-arequipa-2-days\/","og_site_name":"Eric Adventures","article_modified_time":"2025-10-20T20:29:23+00:00","og_image":[{"width":750,"height":500,"url":"https:\/\/www.ericadventures.com\/wp-content\/uploads\/rsz_11rsz_14704439540_7279c98a07_o.jpg","type":"image\/jpeg"}],"twitter_card":"summary_large_image","twitter_misc":{"Est. reading time":"3 minutes"},"schema":{"@context":"https:\/\/schema.org","@graph":[{"@type":"WebPage","@id":"https:\/\/www.ericadventures.com\/en\/arequipa\/climb-misti-volcano-arequipa-2-days\/","url":"https:\/\/www.ericadventures.com\/en\/arequipa\/climb-misti-volcano-arequipa-2-days\/","name":"City tour pelo Mosteiro de Santa Catalina em Arequipa","isPartOf":{"@id":"https:\/\/www.ericadventures.com\/en\/#website"},"primaryImageOfPage":{"@id":"https:\/\/www.ericadventures.com\/en\/arequipa\/climb-misti-volcano-arequipa-2-days\/#primaryimage"},"image":{"@id":"https:\/\/www.ericadventures.com\/en\/arequipa\/climb-misti-volcano-arequipa-2-days\/#primaryimage"},"thumbnailUrl":"https:\/\/www.ericadventures.com\/wp-content\/uploads\/rsz_11rsz_14704439540_7279c98a07_o.jpg","datePublished":"2023-12-01T21:22:31+00:00","dateModified":"2025-10-20T20:29:23+00:00","description":"Vulc\u00e3o Misti: ativo, c\u00f4nico sobre Arequipa, escalado frequentemente, sem \u00e1gua, reservat\u00f3rio Aguada Blanca, neve rara, escalado por Incas.","breadcrumb":{"@id":"https:\/\/www.ericadventures.com\/en\/arequipa\/climb-misti-volcano-arequipa-2-days\/#breadcrumb"},"inLanguage":"en-US","potentialAction":[{"@type":"ReadAction","target":["https:\/\/www.ericadventures.com\/en\/arequipa\/climb-misti-volcano-arequipa-2-days\/"]}]},{"@type":"ImageObject","inLanguage":"en-US","@id":"https:\/\/www.ericadventures.com\/en\/arequipa\/climb-misti-volcano-arequipa-2-days\/#primaryimage","url":"https:\/\/www.ericadventures.com\/wp-content\/uploads\/rsz_11rsz_14704439540_7279c98a07_o.jpg","contentUrl":"https:\/\/www.ericadventures.com\/wp-content\/uploads\/rsz_11rsz_14704439540_7279c98a07_o.jpg","width":750,"height":500},{"@type":"BreadcrumbList","@id":"https:\/\/www.ericadventures.com\/en\/arequipa\/climb-misti-volcano-arequipa-2-days\/#breadcrumb","itemListElement":[{"@type":"ListItem","position":1,"name":"Home","item":"https:\/\/www.ericadventures.com\/en\/"},{"@type":"ListItem","position":2,"name":"Tours in Arequipa","item":"https:\/\/www.ericadventures.com\/en\/arequipa\/"},{"@type":"ListItem","position":3,"name":"2D Climb Misti Volcano In Arequipa"}]},{"@type":"WebSite","@id":"https:\/\/www.ericadventures.com\/en\/#website","url":"https:\/\/www.ericadventures.com\/en\/","name":"Eric Adventures","description":"","publisher":{"@id":"https:\/\/www.ericadventures.com\/en\/#organization"},"alternateName":"Eric Adventures","potentialAction":[{"@type":"SearchAction","target":{"@type":"EntryPoint","urlTemplate":"https:\/\/www.ericadventures.com\/en\/?s={search_term_string}"},"query-input":{"@type":"PropertyValueSpecification","valueRequired":true,"valueName":"search_term_string"}}],"inLanguage":"en-US"},{"@type":"Organization","@id":"https:\/\/www.ericadventures.com\/en\/#organization","name":"Eric Adventures","url":"https:\/\/www.ericadventures.com\/en\/","logo":{"@type":"ImageObject","inLanguage":"en-US","@id":"https:\/\/www.ericadventures.com\/en\/#\/schema\/logo\/image\/","url":"https:\/\/www.ericadventures.com\/wp-content\/uploads\/logo-ericadventures.png","contentUrl":"https:\/\/www.ericadventures.com\/wp-content\/uploads\/logo-ericadventures.png","width":500,"height":106,"caption":"Eric Adventures"},"image":{"@id":"https:\/\/www.ericadventures.com\/en\/#\/schema\/logo\/image\/"}}]}},"coauthors":[],"author_meta":{"author_link":"https:\/\/www.ericadventures.com\/en\/author\/ericadmin\/","display_name":"Eric"},"relative_dates":{"created":"Posted 2 years ago","modified":"Updated 6 months ago"},"absolute_dates":{"created":"Posted on December 1, 2023","modified":"Updated on October 20, 2025"},"absolute_dates_time":{"created":"Posted on December 1, 2023 4:22 pm","modified":"Updated on October 20, 2025 3:29 pm"},"featured_img_caption":"","featured_img":"https:\/\/www.ericadventures.com\/wp-content\/uploads\/rsz_11rsz_14704439540_7279c98a07_o.jpg","series_order":"","_links":{"self":[{"href":"https:\/\/www.ericadventures.com\/en\/wp-json\/wp\/v2\/pages\/5167","targetHints":{"allow":["GET"]}}],"collection":[{"href":"https:\/\/www.ericadventures.com\/en\/wp-json\/wp\/v2\/pages"}],"about":[{"href":"https:\/\/www.ericadventures.com\/en\/wp-json\/wp\/v2\/types\/page"}],"author":[{"embeddable":true,"href":"https:\/\/www.ericadventures.com\/en\/wp-json\/wp\/v2\/users\/1"}],"replies":[{"embeddable":true,"href":"https:\/\/www.ericadventures.com\/en\/wp-json\/wp\/v2\/comments?post=5167"}],"version-history":[{"count":6,"href":"https:\/\/www.ericadventures.com\/en\/wp-json\/wp\/v2\/pages\/5167\/revisions"}],"predecessor-version":[{"id":41728,"href":"https:\/\/www.ericadventures.com\/en\/wp-json\/wp\/v2\/pages\/5167\/revisions\/41728"}],"up":[{"embeddable":true,"href":"https:\/\/www.ericadventures.com\/en\/wp-json\/wp\/v2\/pages\/203"}],"wp:featuredmedia":[{"embeddable":true,"href":"https:\/\/www.ericadventures.com\/en\/wp-json\/wp\/v2\/media\/21252"}],"wp:attachment":[{"href":"https:\/\/www.ericadventures.com\/en\/wp-json\/wp\/v2\/media?parent=5167"}],"curies":[{"name":"wp","href":"https:\/\/api.w.org\/{rel}","templated":true}]}}