{"id":134,"date":"2023-10-12T15:49:13","date_gmt":"2023-10-12T20:49:13","guid":{"rendered":"https:\/\/www.ericadventures.com\/home\/"},"modified":"2026-03-14T12:25:16","modified_gmt":"2026-03-14T17:25:16","slug":"home","status":"publish","type":"page","link":"https:\/\/www.ericadventures.com\/es\/","title":{"rendered":"Inicio"},"content":{"rendered":"\n<div class=\"wp-block-columns is-layout-flex wp-container-core-columns-is-layout-9d6595d7 wp-block-columns-is-layout-flex\">\n<div class=\"wp-block-column is-layout-flow wp-block-column-is-layout-flow\">\n<div class=\"wp-block-contact-form-7-contact-form-selector\">\n<div class=\"wpcf7 no-js\" id=\"wpcf7-f7294-o1\" lang=\"es-ES\" dir=\"ltr\" data-wpcf7-id=\"7294\">\n<div class=\"screen-reader-response\"><p role=\"status\" aria-live=\"polite\" aria-atomic=\"true\"><\/p> <ul><\/ul><\/div>\n<form action=\"\/es\/wp-json\/wp\/v2\/pages\/134#wpcf7-f7294-o1\" method=\"post\" class=\"wpcf7-form init\" aria-label=\"Formulario de contacto\" novalidate=\"novalidate\" data-status=\"init\">\n<fieldset class=\"hidden-fields-container\"><input type=\"hidden\" name=\"_wpcf7\" value=\"7294\" \/><input type=\"hidden\" name=\"_wpcf7_version\" value=\"6.1.5\" \/><input type=\"hidden\" name=\"_wpcf7_locale\" value=\"es_ES\" \/><input type=\"hidden\" name=\"_wpcf7_unit_tag\" value=\"wpcf7-f7294-o1\" \/><input type=\"hidden\" name=\"_wpcf7_container_post\" value=\"0\" \/><input type=\"hidden\" name=\"_wpcf7_posted_data_hash\" value=\"\" \/>\n<\/fieldset>\n<div class=\"wpcf7-turnstile cf-turnstile\" data-sitekey=\"0x4AAAAAACZ2CLxkDaDac8NW\" data-response-field-name=\"_wpcf7_turnstile_response\"><\/div>\n\n<div class=\"formhome\">\n    <span class=\"text-formh\">: : : CONT\u00c1CTENOS : : : <\/span>\n   <input class=\"wpcf7-form-control wpcf7-hidden\" value=\"https:\/\/www.ericadventures.com\/es\/wp-json\/wp\/v2\/pages\/134\" type=\"hidden\" name=\"Url_Tour\" \/>\n<input class=\"wpcf7-form-control wpcf7-hidden\" value=\"es\" type=\"hidden\" name=\"Idioma\" \/>\n<input class=\"wpcf7-form-control wpcf7-hidden\" value=\"17\/04\/2026 03:58:00\" type=\"hidden\" name=\"Fecha_Hora\" \/>\n<input class=\"wpcf7-form-control wpcf7-hidden\" value=\"216.73.216.205\" type=\"hidden\" name=\"Ip\" \/>\n<input class=\"wpcf7-form-control wpcf7-hidden\" value=\"Inicio\" type=\"hidden\" name=\"Nombre_Tour\" \/>\n<input class=\"wpcf7-form-control wpcf7-hidden\" value=\"1\" type=\"hidden\" name=\"enviar_excel\" \/>\n\n    <div class=\"flexh\">\n        <label>(*)Nombres:<\/label>\n        <span class=\"wpcf7-form-control-wrap\" data-name=\"Nombre\"><input size=\"40\" maxlength=\"400\" class=\"wpcf7-form-control wpcf7-text wpcf7-validates-as-required\" aria-required=\"true\" aria-invalid=\"false\" value=\"\" type=\"text\" name=\"Nombre\" \/><\/span>\n    <\/div>\n    <div class=\"flexh\">\n        <label>(*)Email:<\/label>\n        <span class=\"wpcf7-form-control-wrap\" data-name=\"Emails\"><input size=\"40\" maxlength=\"400\" class=\"wpcf7-form-control wpcf7-email wpcf7-validates-as-required wpcf7-text wpcf7-validates-as-email\" aria-required=\"true\" aria-invalid=\"false\" value=\"\" type=\"email\" name=\"Emails\" \/><\/span>\n    <\/div>\n    <div class=\"flexh\">\n        <label>Pa\u00eds:<\/label>\n        <span class=\"wpcf7-form-control-wrap\" data-name=\"Pais\"><input size=\"40\" maxlength=\"400\" class=\"wpcf7-form-control wpcf7-text\" aria-invalid=\"false\" value=\"\" type=\"text\" name=\"Pais\" \/><\/span>\n    <\/div>\n    \n    <div class=\"flexh\">\n        <label>WhatsApp:<\/label>\n        <span class=\"wpcf7-form-control-wrap\" data-name=\"Whatsapp\"><input size=\"40\" class=\"wpcf7-form-control wpcf7-phonetext wpcf7-text wpcf7-validates-as-phonetext\" aria-invalid=\"false\" value=\"\" type=\"text\" name=\"Whatsapp\" \/><input type=\"hidden\" name=\"Whatsapp-country-code\" class=\"wpcf7-phonetext-country-code\" \/><\/span>\n    <\/div>\n    <div class=\"flexh\">\n        <label>Cantidad de Personas Adultas:<\/label>\n        <span class=\"wpcf7-form-control-wrap\" data-name=\"Adultos\"><select class=\"wpcf7-form-control wpcf7-select wpcf7-validates-as-required\" aria-required=\"true\" aria-invalid=\"false\" name=\"Adultos\"><option value=\"1\">1<\/option><option value=\"2\">2<\/option><option value=\"3\">3<\/option><option value=\"4\">4<\/option><option value=\"5\">5<\/option><option value=\"6\">6<\/option><option value=\"7\">7<\/option><option value=\"8\">8<\/option><option value=\"9\">9<\/option><option value=\"10\">10<\/option><option value=\"11\">11<\/option><option value=\"12 o m\u00e1s\">12 o m\u00e1s<\/option><\/select><\/span>\n    <\/div>\n    <div class=\"flexh\">\n        <label>Cantidad de Ni\u00f1os (Menores de 10 a\u00f1os):<\/label>\n        <span class=\"wpcf7-form-control-wrap\" data-name=\"Ninos\"><select class=\"wpcf7-form-control wpcf7-select wpcf7-validates-as-required\" aria-required=\"true\" aria-invalid=\"false\" name=\"Ninos\"><option value=\"0\">0<\/option><option value=\"1\">1<\/option><option value=\"2\">2<\/option><option value=\"3\">3<\/option><option value=\"4\">4<\/option><option value=\"5\">5<\/option><option value=\"6\">6<\/option><option value=\"7\">7<\/option><option value=\"8\">8<\/option><option value=\"9\">9<\/option><option value=\"10\">10<\/option><option value=\"11\">11<\/option><option value=\"12 o m\u00e1s\">12 o m\u00e1s<\/option><\/select><\/span>\n    <\/div>\n    <div class=\"flexh\">\n        <label>Fecha de Inicio del Tour:<\/label>\n        <span class=\"wpcf7-form-control-wrap\" data-name=\"Inicio\"><input class=\"wpcf7-form-control wpcf7-date wpcf7-validates-as-required wpcf7-validates-as-date\" id=\"inicio\" min=\"2026-04-17\" aria-required=\"true\" aria-invalid=\"false\" value=\"\" type=\"date\" name=\"Inicio\" \/><\/span>\n    <\/div>\n    <div class=\"flexh\">\n        <label>Fecha de Finalizaci\u00f3n del Tour:<\/label>\n        <span class=\"wpcf7-form-control-wrap\" data-name=\"Final\"><input class=\"wpcf7-form-control wpcf7-date wpcf7-validates-as-required wpcf7-validates-as-date\" id=\"final\" min=\"2026-04-17\" aria-required=\"true\" aria-invalid=\"false\" value=\"\" type=\"date\" name=\"Final\" \/><\/span>\n    <\/div>\n\n    <div class=\"flexh\">\n        <label> (*) Consultas o Comentarios: (Por favor, especifique el tipo de SERVICIO\/TOUR que desea tomar)<\/label>\n        <span class=\"wpcf7-form-control-wrap\" data-name=\"Mensaje\"><textarea cols=\"37\" rows=\"6\" maxlength=\"2000\" class=\"wpcf7-form-control wpcf7-textarea\" aria-invalid=\"false\" name=\"Mensaje\"><\/textarea><\/span>\n    <\/div>\n    <input class=\"wpcf7-form-control wpcf7-submit has-spinner sendhome\" type=\"submit\" value=\"Enviar Mensaje\" \/>\n<\/div><div class=\"wpcf7-response-output\" aria-hidden=\"true\"><\/div>\n<\/form>\n<\/div>\n<\/div>\n<\/div>\n\n\n\n<div class=\"wp-block-column is-layout-flow wp-block-column-is-layout-flow\">\n<p><a href=\"https:\/\/www.ericadventures.com\/peru\/acerca-nosotros.html\" target=\"_blank\" rel=\"noreferrer noopener\">Eric Adventures,<\/a>&nbsp;agencia de turismo Peruana, ubicada en&nbsp;<a href=\"https:\/\/www.ericadventures.com\/peru\/machupicchu\/cusco-peru-tours-culturales\/cusco-city-tour-medio-dia.html\" target=\"_blank\" rel=\"noreferrer noopener\">Cusco<\/a>, la antigua capital del Imperio de los&nbsp;<a href=\"https:\/\/www.ericadventures.com\/peru\/machupicchu\/cusco-peru-tours-culturales\/valle-sagrado-incas-1-dia.html\" target=\"_blank\" rel=\"noreferrer noopener\">Incas<\/a>. Como tour operadores, organizamos&nbsp;<a href=\"https:\/\/www.ericadventures.com\/peru\/paquetes-turisticos.html\" target=\"_blank\" rel=\"noreferrer noopener\">Paquetes Tur\u00edsticos<\/a>&nbsp;en el&nbsp;<a href=\"https:\/\/www.ericadventures.com\/peru\/cusco\/peru-kayaking-rios-andes-peruanos-20dias.html\" target=\"_blank\" rel=\"noreferrer noopener\">Per\u00fa, Ecuador, Chile, Brasil<\/a>&nbsp;y&nbsp;<a href=\"https:\/\/www.ericadventures.com\/peru\/bolivia\/tour-bolivia.html\" target=\"_blank\" rel=\"noreferrer noopener\">Bolivia<\/a>, para que Ud., su familia y amigos puedan tener unas \u00fanicas e inolvidables vacaciones.<\/p>\n\n\n\n<p>La oportunidad de realizar el&nbsp;<a href=\"https:\/\/www.ericadventures.com\/peru\/machupicchu\/cusco-peru-caminatas\/machu-picchu-camino-inca-5-dias.html\" target=\"_blank\" rel=\"noreferrer noopener\">Camino Inca<\/a>&nbsp;a&nbsp;<a href=\"https:\/\/www.ericadventures.com\/peru\/machupicchu\/cusco-peru-tours-culturales\/machu-picchu-1-dia.html\" target=\"_blank\" rel=\"noreferrer noopener\">Machupicchu<\/a>, poder conocer las t\u00edpicas ciudades coloniales, visitar museos e Iglesias, viajar a trav\u00e9s de las reservas ecol\u00f3gicas en la Amazonia y disfrutar de la costa y sus hermosas playas as\u00ed como sus especies marinas, en un viaje por el&nbsp;<a href=\"https:\/\/www.ericadventures.com\/peru\/cusco\/ciclismo-montana-peru-10dias.html\" target=\"_blank\" rel=\"noreferrer noopener\">Per\u00fa<\/a>. Tambi\u00e9n ofrecemos emocionantes tours de aventura como el&nbsp;<a href=\"https:\/\/www.ericadventures.com\/peru\/lima\/curso-parapente-1-dia.html\" target=\"_blank\" rel=\"noreferrer noopener\">Parapente<\/a>,&nbsp;<a href=\"https:\/\/www.ericadventures.com\/peru\/machupicchu\/cusco-peru-rafting-hydrospeed-body-board.html\" target=\"_blank\" rel=\"noreferrer noopener\">Rafting<\/a>&nbsp;o&nbsp;<a href=\"https:\/\/www.ericadventures.com\/peru\/machupicchu\/cusco-peru-rafting-hydrospeed-body-board.html\" target=\"_blank\" rel=\"noreferrer noopener\">Canotaje<\/a>, largas caminatas,<a href=\"https:\/\/www.ericadventures.com\/peru\/machupicchu\/cusco-peru-escalada-roca\/curso-escalada-roca-medio-dia.html\" target=\"_blank\" rel=\"noreferrer noopener\">Escalada en Roca<\/a>,&nbsp;<a href=\"https:\/\/www.ericadventures.com\/peru\/machupicchu\/cusco-peru-tours-caballo.html\" target=\"_blank\" rel=\"noreferrer noopener\">Cabalgatas<\/a>, tours en&nbsp;<a href=\"https:\/\/www.ericadventures.com\/peru\/machupicchu\/cusco-peru-ciclismo-montana.html\" target=\"_blank\" rel=\"noreferrer noopener\">bicicletas<\/a>,&nbsp;<a href=\"https:\/\/www.ericadventures.com\/peru\/machupicchu\/cusco-peru-tours-motocicleta.html\" target=\"_blank\" rel=\"noreferrer noopener\">Motos<\/a>,&nbsp;<a href=\"https:\/\/www.ericadventures.com\/peru\/cusco\/4x4-montanas-peru-14-dias.html\" target=\"_blank\" rel=\"noreferrer noopener\">4&#215;4<\/a>.<\/p>\n\n\n\n<p>Si alguno de nuestros tours no se adecua a su Itinerario, con placer organizaremos un tour a su medida. Nuestra motivaci\u00f3n es la conservaci\u00f3n del medio ambiente, as\u00ed como la constante exploraci\u00f3n de nuevos horizontes para vuestras vacaciones en&nbsp;<a href=\"https:\/\/www.ericadventures.com\/peru\/informacion-util-peru.html#cusco\" target=\"_blank\" rel=\"noreferrer noopener\">Cusco<\/a>,&nbsp;<a href=\"https:\/\/www.ericadventures.com\/peru\/machupicchu\/cusco-peru-tours-culturales\/machu-picchu-1-dia.html\" target=\"_blank\" rel=\"noreferrer noopener\">Machu Picchu<\/a>,&nbsp;<a href=\"https:\/\/www.ericadventures.com\/peru\/cusco\/peru-de-oro-14dias.html\" target=\"_blank\" rel=\"noreferrer noopener\">Per\u00fa<\/a>&nbsp;y Sud Am\u00e9rica.<\/p>\n<\/div>\n<\/div>\n\n\n\n<p><\/p>\n","protected":false},"excerpt":{"rendered":"<p>Eric Adventures,&nbsp;agencia de turismo Peruana, ubicada en&nbsp;Cusco, la antigua capital del Imperio de los&nbsp;Incas. Como tour operadores, organizamos&nbsp;Paquetes Tur\u00edsticos&nbsp;en el&nbsp;Per\u00fa, [&hellip;]<\/p>\n","protected":false},"author":1,"featured_media":0,"parent":0,"menu_order":0,"comment_status":"closed","ping_status":"closed","template":"","meta":{"_acf_changed":false,"advgb_blocks_editor_width":"","advgb_blocks_columns_visual_guide":"","footnotes":""},"class_list":["post-134","page","type-page","status-publish","hentry"],"acf":[],"yoast_head":"<!-- This site is optimized with the Yoast SEO Premium plugin v25.4 (Yoast SEO v26.9) - https:\/\/yoast.com\/product\/yoast-seo-premium-wordpress\/ -->\n<title>Tours Viajes Machupicchu | Uyuni Tours | Viajes G\u00e1lap\u00e1gos<\/title>\n<meta name=\"description\" content=\"La mejor experiencia de viaje con Eric Adventures, que organiza tours y paquetes de viajes de lujo personalizados a Cusco, Machu Picchu Per\u00fa.\" \/>\n<meta name=\"robots\" content=\"index, follow, max-snippet:-1, max-image-preview:large, max-video-preview:-1\" \/>\n<link rel=\"canonical\" href=\"https:\/\/www.ericadventures.com\/es\/\" \/>\n<meta property=\"og:locale\" content=\"es_ES\" \/>\n<meta property=\"og:type\" content=\"article\" \/>\n<meta property=\"og:title\" content=\"Inicio\" \/>\n<meta property=\"og:description\" content=\"La mejor experiencia de viaje con Eric Adventures, que organiza tours y paquetes de viajes de lujo personalizados a Cusco, Machu Picchu Per\u00fa.\" \/>\n<meta property=\"og:url\" content=\"https:\/\/www.ericadventures.com\/es\/\" \/>\n<meta property=\"og:site_name\" content=\"Eric Adventures\" \/>\n<meta property=\"article:modified_time\" content=\"2026-03-14T17:25:16+00:00\" \/>\n<meta name=\"twitter:card\" content=\"summary_large_image\" \/>\n<meta name=\"twitter:label1\" content=\"Tiempo de lectura\" \/>\n\t<meta name=\"twitter:data1\" content=\"1 minuto\" \/>\n<script type=\"application\/ld+json\" class=\"yoast-schema-graph\">{\"@context\":\"https:\/\/schema.org\",\"@graph\":[{\"@type\":\"WebPage\",\"@id\":\"https:\/\/www.ericadventures.com\/es\/\",\"url\":\"https:\/\/www.ericadventures.com\/es\/\",\"name\":\"Tours Viajes Machupicchu | Uyuni Tours | Viajes G\u00e1lap\u00e1gos\",\"isPartOf\":{\"@id\":\"https:\/\/www.ericadventures.com\/en\/#website\"},\"datePublished\":\"2023-10-12T20:49:13+00:00\",\"dateModified\":\"2026-03-14T17:25:16+00:00\",\"description\":\"La mejor experiencia de viaje con Eric Adventures, que organiza tours y paquetes de viajes de lujo personalizados a Cusco, Machu Picchu Per\u00fa.\",\"breadcrumb\":{\"@id\":\"https:\/\/www.ericadventures.com\/es\/#breadcrumb\"},\"inLanguage\":\"es\",\"potentialAction\":[{\"@type\":\"ReadAction\",\"target\":[\"https:\/\/www.ericadventures.com\/es\/\"]}]},{\"@type\":\"BreadcrumbList\",\"@id\":\"https:\/\/www.ericadventures.com\/es\/#breadcrumb\",\"itemListElement\":[{\"@type\":\"ListItem\",\"position\":1,\"name\":\"Home\",\"item\":\"https:\/\/www.ericadventures.com\/es\/\"},{\"@type\":\"ListItem\",\"position\":2,\"name\":\"Inicio\"}]},{\"@type\":\"WebSite\",\"@id\":\"https:\/\/www.ericadventures.com\/en\/#website\",\"url\":\"https:\/\/www.ericadventures.com\/en\/\",\"name\":\"Eric Adventures\",\"description\":\"\",\"publisher\":{\"@id\":\"https:\/\/www.ericadventures.com\/en\/#organization\"},\"alternateName\":\"Eric Adventures\",\"potentialAction\":[{\"@type\":\"SearchAction\",\"target\":{\"@type\":\"EntryPoint\",\"urlTemplate\":\"https:\/\/www.ericadventures.com\/en\/?s={search_term_string}\"},\"query-input\":{\"@type\":\"PropertyValueSpecification\",\"valueRequired\":true,\"valueName\":\"search_term_string\"}}],\"inLanguage\":\"es\"},{\"@type\":\"Organization\",\"@id\":\"https:\/\/www.ericadventures.com\/en\/#organization\",\"name\":\"Eric Adventures\",\"url\":\"https:\/\/www.ericadventures.com\/en\/\",\"logo\":{\"@type\":\"ImageObject\",\"inLanguage\":\"es\",\"@id\":\"https:\/\/www.ericadventures.com\/en\/#\/schema\/logo\/image\/\",\"url\":\"https:\/\/www.ericadventures.com\/wp-content\/uploads\/logo-ericadventures.png\",\"contentUrl\":\"https:\/\/www.ericadventures.com\/wp-content\/uploads\/logo-ericadventures.png\",\"width\":500,\"height\":106,\"caption\":\"Eric Adventures\"},\"image\":{\"@id\":\"https:\/\/www.ericadventures.com\/en\/#\/schema\/logo\/image\/\"}}]}<\/script>\n<!-- \/ Yoast SEO Premium plugin. -->","yoast_head_json":{"title":"Tours Viajes Machupicchu | Uyuni Tours | Viajes G\u00e1lap\u00e1gos","description":"La mejor experiencia de viaje con Eric Adventures, que organiza tours y paquetes de viajes de lujo personalizados a Cusco, Machu Picchu Per\u00fa.","robots":{"index":"index","follow":"follow","max-snippet":"max-snippet:-1","max-image-preview":"max-image-preview:large","max-video-preview":"max-video-preview:-1"},"canonical":"https:\/\/www.ericadventures.com\/es\/","og_locale":"es_ES","og_type":"article","og_title":"Inicio","og_description":"La mejor experiencia de viaje con Eric Adventures, que organiza tours y paquetes de viajes de lujo personalizados a Cusco, Machu Picchu Per\u00fa.","og_url":"https:\/\/www.ericadventures.com\/es\/","og_site_name":"Eric Adventures","article_modified_time":"2026-03-14T17:25:16+00:00","twitter_card":"summary_large_image","twitter_misc":{"Tiempo de lectura":"1 minuto"},"schema":{"@context":"https:\/\/schema.org","@graph":[{"@type":"WebPage","@id":"https:\/\/www.ericadventures.com\/es\/","url":"https:\/\/www.ericadventures.com\/es\/","name":"Tours Viajes Machupicchu | Uyuni Tours | Viajes G\u00e1lap\u00e1gos","isPartOf":{"@id":"https:\/\/www.ericadventures.com\/en\/#website"},"datePublished":"2023-10-12T20:49:13+00:00","dateModified":"2026-03-14T17:25:16+00:00","description":"La mejor experiencia de viaje con Eric Adventures, que organiza tours y paquetes de viajes de lujo personalizados a Cusco, Machu Picchu Per\u00fa.","breadcrumb":{"@id":"https:\/\/www.ericadventures.com\/es\/#breadcrumb"},"inLanguage":"es","potentialAction":[{"@type":"ReadAction","target":["https:\/\/www.ericadventures.com\/es\/"]}]},{"@type":"BreadcrumbList","@id":"https:\/\/www.ericadventures.com\/es\/#breadcrumb","itemListElement":[{"@type":"ListItem","position":1,"name":"Home","item":"https:\/\/www.ericadventures.com\/es\/"},{"@type":"ListItem","position":2,"name":"Inicio"}]},{"@type":"WebSite","@id":"https:\/\/www.ericadventures.com\/en\/#website","url":"https:\/\/www.ericadventures.com\/en\/","name":"Eric Adventures","description":"","publisher":{"@id":"https:\/\/www.ericadventures.com\/en\/#organization"},"alternateName":"Eric Adventures","potentialAction":[{"@type":"SearchAction","target":{"@type":"EntryPoint","urlTemplate":"https:\/\/www.ericadventures.com\/en\/?s={search_term_string}"},"query-input":{"@type":"PropertyValueSpecification","valueRequired":true,"valueName":"search_term_string"}}],"inLanguage":"es"},{"@type":"Organization","@id":"https:\/\/www.ericadventures.com\/en\/#organization","name":"Eric Adventures","url":"https:\/\/www.ericadventures.com\/en\/","logo":{"@type":"ImageObject","inLanguage":"es","@id":"https:\/\/www.ericadventures.com\/en\/#\/schema\/logo\/image\/","url":"https:\/\/www.ericadventures.com\/wp-content\/uploads\/logo-ericadventures.png","contentUrl":"https:\/\/www.ericadventures.com\/wp-content\/uploads\/logo-ericadventures.png","width":500,"height":106,"caption":"Eric Adventures"},"image":{"@id":"https:\/\/www.ericadventures.com\/en\/#\/schema\/logo\/image\/"}}]}},"coauthors":[],"author_meta":{"author_link":"https:\/\/www.ericadventures.com\/es\/author\/ericadmin\/","display_name":"Eric"},"relative_dates":{"created":"Publicado 3 a\u00f1os hace","modified":"Actualizado 1 mes hace"},"absolute_dates":{"created":"Publicado el octubre 12, 2023","modified":"Actualizado el marzo 14, 2026"},"absolute_dates_time":{"created":"Publicado el octubre 12, 2023 3:49 pm","modified":"Actualizado el marzo 14, 2026 12:25 pm"},"featured_img_caption":"","featured_img":false,"series_order":"","_links":{"self":[{"href":"https:\/\/www.ericadventures.com\/es\/wp-json\/wp\/v2\/pages\/134","targetHints":{"allow":["GET"]}}],"collection":[{"href":"https:\/\/www.ericadventures.com\/es\/wp-json\/wp\/v2\/pages"}],"about":[{"href":"https:\/\/www.ericadventures.com\/es\/wp-json\/wp\/v2\/types\/page"}],"author":[{"embeddable":true,"href":"https:\/\/www.ericadventures.com\/es\/wp-json\/wp\/v2\/users\/1"}],"replies":[{"embeddable":true,"href":"https:\/\/www.ericadventures.com\/es\/wp-json\/wp\/v2\/comments?post=134"}],"version-history":[{"count":14,"href":"https:\/\/www.ericadventures.com\/es\/wp-json\/wp\/v2\/pages\/134\/revisions"}],"predecessor-version":[{"id":34200,"href":"https:\/\/www.ericadventures.com\/es\/wp-json\/wp\/v2\/pages\/134\/revisions\/34200"}],"wp:attachment":[{"href":"https:\/\/www.ericadventures.com\/es\/wp-json\/wp\/v2\/media?parent=134"}],"curies":[{"name":"wp","href":"https:\/\/api.w.org\/{rel}","templated":true}]}}