{"id":1498,"date":"2023-10-30T11:26:33","date_gmt":"2023-10-30T16:26:33","guid":{"rendered":"https:\/\/www.ericadventures.com\/motorcycle-rental-peru\/honda-elite-125cc\/"},"modified":"2025-11-20T13:35:22","modified_gmt":"2025-11-20T18:35:22","slug":"honda-elite-125cc","status":"publish","type":"page","link":"https:\/\/www.ericadventures.com\/es\/alquiler-motocicletas-cusco\/honda-elite-125cc\/","title":{"rendered":"Honda Elite 125 cc"},"content":{"rendered":"<div class=\"wp-block-image\">\n<figure class=\"aligncenter size-full\"><img loading=\"lazy\" decoding=\"async\" width=\"300\" height=\"195\" src=\"https:\/\/www.ericadventures.com\/wp-content\/uploads\/Honda-Elite-125cc.jpg\" alt=\"\" class=\"wp-image-1152\"\/><\/figure>\n<\/div>\n\n\n<!--Markup for citys-->\n\n<div id=\"item-block_b401e4ba4a2b80a61748a08dddcb7a43\" class=\"item\">\n\n    \n        <table class=\"table-moto\">\n            <tbody>\n                <tr>\n                    <td colspan=\"2\"><strong> Precio en D\u00f3lares Americanos Por D\u00eda por Motocicleta <\/strong><\/td>\n                <\/tr>\n                \n                            <tr>\n                                <td><strong>1 &#8211; 7 Dias<\/strong><\/td><td>US$35<\/td>\n                            <\/tr>\n                \n                        \n                            <tr>\n                                <td><strong>8 &#8211; 14 Dias<\/strong><\/td><td>US$30<\/td>\n                            <\/tr>\n                \n                        \n                            <tr>\n                                <td><strong>15 + Dias<\/strong><\/td><td>US$25<\/td>\n                            <\/tr>\n                \n                        \n            <\/tbody>\n        <\/table>\n\n<\/div>\n\n\n<h3 class=\"wp-block-heading\">Detalles de la Motocicleta:<\/h3>\n\n\n\n<ul class=\"wp-block-list\">\n<li><strong>Tipo de Motor:<\/strong> 125cc (Aire-enfriado sumidero-seco monocil\u00edndrico-autom\u00e1tico)<\/li>\n\n\n\n<li><strong>ipo de encendido:<\/strong> El\u00e9ctrico<\/li>\n\n\n\n<li><strong>Transmisi\u00f3n:<\/strong> Autom\u00e1tico<\/li>\n\n\n\n<li><strong>Capacidad de combustible:<\/strong> 6 litros<\/li>\n\n\n\n<li><strong>Altura de asiento:<\/strong> 29.10 Pulgadas<\/li>\n<\/ul>\n\n\n\n<h3 class=\"wp-block-heading\"><strong>LAS TARIFAS INCLUYEN:<\/strong><\/h3>\n\n\n\n<ul class=\"wp-block-list\">\n<li>Casco<\/li>\n\n\n\n<li>Guantes<\/li>\n\n\n\n<li>Herramientas<\/li>\n\n\n\n<li>Seguro para da\u00f1os a terceros (peatones)<\/li>\n\n\n\n<li>100 KM libres por d\u00eda. US$ 0.30 por km adicional<\/li>\n\n\n\n<li>Seguro Obligatorio Contra Accidentes de Tr\u00e1nsito (SOAT) Este seguro cubre las lesiones del motociclista, pasajero y terceras personas<\/li>\n<\/ul>\n\n\n\n<h3 class=\"wp-block-heading\">LAS TARIFAS NO INCLUYEN:<\/h3>\n\n\n\n<ul class=\"wp-block-list\">\n<li>Combustible<\/li>\n\n\n\n<li>Peajes<\/li>\n\n\n\n<li>Seguro para da\u00f1os a la moto<\/li>\n<\/ul>\n\n\n\n<h3 class=\"wp-block-heading\"><strong>GARANT\u00cdA:<\/strong><\/h3>\n\n\n\n<p>Para el alquiler, se tiene obligatoriamente que dejar un dep\u00f3sito de <strong>US$ 500<\/strong> como garant\u00eda (no pago), a nombre de la persona que conducir\u00e1 la moto.<br>* La garant\u00eda puede ser depositada en cash o por VISA.<\/p>\n\n\n\n<p>La garant\u00eda ser\u00e1 devuelta una vez nos entregue la moto en las mismas condiciones en las que la recibi\u00f3, si este tuviese alg\u00fan da\u00f1o, usaremos parte de la garant\u00eda de acuerdo al importe de los gastos de reparaci\u00f3n, si el da\u00f1o fuera mayor al monto de la garant\u00eda, usaremos la cantidad total del importe dejado por Ud. y el seguro cubrir\u00eda el adicional del costo de reparaci\u00f3n. Procederemos de la misma forma en caso de que la moto fuera robada.<\/p>\n\n\n\n<p>El importe de garant\u00eda puede variar en base a la zona donde la moto ser\u00e1 alquilada, por ejemplo, Lima es una\u00a0 ciudad m\u00e1s peligrosa que Cusco, por ende la garant\u00eda que nuestros clientes tienen que dejar, podr\u00eda ser mayor en Lima que en Cusco, esto ser\u00e1 considerado tambi\u00e9n para todos los lugares en los que estar\u00e1 la motocicleta.<\/p>\n\n\n\n<h3 class=\"wp-block-heading\"><strong>ADICIONALES<\/strong><\/h3>\n\n\n\n<ul class=\"wp-block-list\">\n<li>Pasajero adicional = US$ 20 por d\u00eda<\/li>\n\n\n\n<li>Video C\u00e1mara \u201cGoPro\u201d = US$ 20 por d\u00eda<\/li>\n\n\n\n<li>Alquiler de GPS = US$ 20 por d\u00eda<\/li>\n\n\n\n<li>Traje de lluvia = US$ 10 por d\u00eda<\/li>\n\n\n\n<li>Dry bag = US$ 5 por d\u00eda<\/li>\n\n\n\n<li>bolsa de tanque = US$ 10 por d\u00eda<\/li>\n\n\n\n<li>Porta Equipaje de Metal = US$ 20 por d\u00eda<\/li>\n<\/ul>\n\n\n\n<h3 class=\"wp-block-heading\"><strong>POL\u00cdTICAS DE RENTA:<\/strong><\/h3>\n\n\n\n<p>Necesita tener:<br>1) Licencia Internacional de conductor<br>2) Tarjeta de Cr\u00e9dito (Para el pago y la garant\u00eda)<br>3) Pasaporte<br>4) Tener m\u00e1s de 18 a\u00f1os de edad<br><\/p>\n\n\n\n<p>Seguros: Todos nuestros veh\u00edculos cuentan con las siguientes coberturas: Da\u00f1os a terceros (Peatones) en caso de accidente.<br>* El Seguro es v\u00e1lido s\u00f3lo en territorio peruano.<\/p>\n\n\n\n<h3 class=\"wp-block-heading\"><strong>SALIDAS FUERA DE PERU:<\/strong><\/h3>\n\n\n\n<p>1) A <strong>Bolivia<\/strong>: (Peru y Bolivia no tienen un acuerdo para estos casos), as\u00ed que, tendr\u00edamos que hacer el siguiente procedimiento:<br><br>a) Un Permiso Notarial: El cual sirve para cruzar la frontera. Este permiso tiene un costo de US$ 125.<br>b)Un permiso de exportaci\u00f3n temporal: Este procedimiento se realizar\u00e1 en la frontera peruana (el tr\u00e1mite dura medio d\u00eda) y tiene un costo adicional de US$ 450 (Dicho importe se paga a una agencia de aduanas en la misma frontera).<br><br>2) A <strong>Chile, Ecuador y Brasil<\/strong>: Ud. tiene que pagar solo <strong>US$ 125<\/strong> por el permiso notarial, solo demorara una hora para cruzar las fronteras.<br><br>* No todos nuestros veh\u00edculos pueden salir fuera del Peru, por favor consultelo con nosotros.<br><br>Drop-off Expenses:<br><\/p>\n\n\n\n<p><strong>Gastos por dejar\/recoger el veh\u00edculo fuera del lugar de origen (Drop-off):<\/strong><br>Si Ud. deja la moto en una ciudad distinta de donde inicio su recorrido, deber\u00e1 pagar el costo de retorno de la misma de acuerdo a la distancia.<\/p>\n\n\n\n<h3 class=\"wp-block-heading\">IMPORTANTE<\/h3>\n\n\n\n<p>Al momento de realizar el pago, nosotros reservamos el el modelo de moto deseado por el cliente, sin embargo, si hubiera alguna raz\u00f3n fuera de nuestro manejo donde no se pueda dar la moto deseada, procederemos a darle una similar. Por ejemplo: Accidente no deseado, robo, etc. Si hay diferencias en el precio, se har\u00e1 el reembolso respectivo.<\/p>\n\n\n\n<h2 class=\"wp-block-heading\"><a href=\"https:\/\/www.ericadventures.com\/peru\/cusco-peru-alquileres\/faqs-alquiler-motocicletas.html\">FAQS &#8211; PREGUNTAS FRECUENTES<\/a><\/h2>\n\n\n\n<h2 class=\"wp-block-heading\">Formulario de Contacto<\/h2>\n\n\n\n<div class=\"wp-block-contact-form-7-contact-form-selector\">\n<div class=\"wpcf7 no-js\" id=\"wpcf7-f6169-o1\" lang=\"es-ES\" dir=\"ltr\" data-wpcf7-id=\"6169\">\n<div class=\"screen-reader-response\"><p role=\"status\" aria-live=\"polite\" aria-atomic=\"true\"><\/p> <ul><\/ul><\/div>\n<form action=\"\/es\/wp-json\/wp\/v2\/pages\/1498#wpcf7-f6169-o1\" method=\"post\" class=\"wpcf7-form init\" aria-label=\"Formulario de contacto\" novalidate=\"novalidate\" data-status=\"init\">\n<fieldset class=\"hidden-fields-container\"><input type=\"hidden\" name=\"_wpcf7\" value=\"6169\" \/><input type=\"hidden\" name=\"_wpcf7_version\" value=\"6.1.5\" \/><input type=\"hidden\" name=\"_wpcf7_locale\" value=\"es_ES\" \/><input type=\"hidden\" name=\"_wpcf7_unit_tag\" value=\"wpcf7-f6169-o1\" \/><input type=\"hidden\" name=\"_wpcf7_container_post\" value=\"0\" \/><input type=\"hidden\" name=\"_wpcf7_posted_data_hash\" value=\"\" \/>\n<\/fieldset>\n<div class=\"wpcf7-turnstile cf-turnstile\" data-sitekey=\"0x4AAAAAACZ2CLxkDaDac8NW\" data-response-field-name=\"_wpcf7_turnstile_response\"><\/div>\n\n<div class=\"formt\">\n    <span class=\"textform\"> Para reservas o m\u00e1s informaci\u00f3n por favor complete el siguiente formulario de cliente\/hu\u00e9sped: <\/span>\n    <input class=\"wpcf7-form-control wpcf7-hidden\" value=\"https:\/\/www.ericadventures.com\/es\/wp-json\/wp\/v2\/pages\/1498\" type=\"hidden\" name=\"Url_Tour\" \/>\n    <input class=\"wpcf7-form-control wpcf7-hidden\" value=\"es\" type=\"hidden\" name=\"Idioma\" \/>\n    <input class=\"wpcf7-form-control wpcf7-hidden\" value=\"23\/04\/2026 10:36:55\" type=\"hidden\" name=\"Fecha_Hora\" \/>\n    <input class=\"wpcf7-form-control wpcf7-hidden\" value=\"216.73.216.11\" type=\"hidden\" name=\"Ip\" \/>\n    <input class=\"wpcf7-form-control wpcf7-hidden\" value=\"Honda Elite 125 cc\" type=\"hidden\" name=\"Nombre_Tour\" \/>\n    <input class=\"wpcf7-form-control wpcf7-hidden\" value=\"1\" type=\"hidden\" name=\"enviar_excel\" \/>\n    \n    <div class=\"g2\">\n        <div>\n            <label>Nombre: <\/label>\n            <span class=\"wpcf7-form-control-wrap\" data-name=\"Nombre\"><input size=\"40\" maxlength=\"400\" class=\"wpcf7-form-control wpcf7-text wpcf7-validates-as-required\" aria-required=\"true\" aria-invalid=\"false\" value=\"\" type=\"text\" name=\"Nombre\" \/><\/span>\n        <\/div>\n        <div>\n            <label>Email: <\/label>\n            <span class=\"wpcf7-form-control-wrap\" data-name=\"Emails\"><input size=\"40\" maxlength=\"400\" class=\"wpcf7-form-control wpcf7-email wpcf7-validates-as-required wpcf7-text wpcf7-validates-as-email\" aria-required=\"true\" aria-invalid=\"false\" value=\"\" type=\"email\" name=\"Emails\" \/><\/span>\n        <\/div>\n    <\/div>\n    \n    <div class=\"g2\">\n        <div>\n            <label>Pa\u00eds: <\/label>\n            <span class=\"wpcf7-form-control-wrap\" data-name=\"Pais\"><input size=\"40\" maxlength=\"400\" class=\"wpcf7-form-control wpcf7-text\" aria-invalid=\"false\" value=\"\" type=\"text\" name=\"Pais\" \/><\/span>\n        <\/div>\n        <div>\n            <label>Tel\u00e9fono - Whatsapp: <\/label>\n            <span class=\"wpcf7-form-control-wrap\" data-name=\"Whatsapp\"><input size=\"40\" class=\"wpcf7-form-control wpcf7-phonetext wpcf7-text wpcf7-validates-as-phonetext\" aria-invalid=\"false\" value=\"\" type=\"text\" name=\"Whatsapp\" \/><input type=\"hidden\" name=\"Whatsapp-country-code\" class=\"wpcf7-phonetext-country-code\" \/><\/span>\n        <\/div>\n    <\/div>\n    \n    <div class=\"g2\">\n        <div>\n            <label>Cantidad de Personas Adultas: <\/label>\n            <span class=\"wpcf7-form-control-wrap\" data-name=\"Adultos\"><select class=\"wpcf7-form-control wpcf7-select wpcf7-validates-as-required\" aria-required=\"true\" aria-invalid=\"false\" name=\"Adultos\"><option value=\"1\">1<\/option><option value=\"2\">2<\/option><option value=\"3\">3<\/option><option value=\"4\">4<\/option><option value=\"5\">5<\/option><option value=\"6\">6<\/option><option value=\"7\">7<\/option><option value=\"8\">8<\/option><option value=\"9\">9<\/option><option value=\"10\">10<\/option><option value=\"11\">11<\/option><option value=\"12 a m\u00e1s\">12 a m\u00e1s<\/option><\/select><\/span>\n        <\/div>\n        <div>\n            <label>Cantidad de Ni\u00f1os: <\/label>\n            <span class=\"wpcf7-form-control-wrap\" data-name=\"Ninos\"><select class=\"wpcf7-form-control wpcf7-select wpcf7-validates-as-required\" aria-required=\"true\" aria-invalid=\"false\" name=\"Ninos\"><option value=\"0\">0<\/option><option value=\"1\">1<\/option><option value=\"2\">2<\/option><option value=\"3\">3<\/option><option value=\"4\">4<\/option><option value=\"5\">5<\/option><option value=\"6\">6<\/option><option value=\"7\">7<\/option><option value=\"8\">8<\/option><option value=\"9\">9<\/option><option value=\"10\">10<\/option><option value=\"11\">11<\/option><option value=\"12 a m\u00e1s\">12 a m\u00e1s<\/option><\/select><\/span>\n        <\/div>\n    <\/div>\n    \n    <div class=\"g2\">\n        <div>\n            <label>Fecha de Inicio del Tour: <\/label>\n            <span class=\"wpcf7-form-control-wrap\" data-name=\"Inicio\"><input class=\"wpcf7-form-control wpcf7-date wpcf7-validates-as-required wpcf7-validates-as-date\" id=\"inicio\" min=\"2026-04-23\" aria-required=\"true\" aria-invalid=\"false\" value=\"\" type=\"date\" name=\"Inicio\" \/><\/span>\n        <\/div>\n        <div>\n            <label>Fecha de Finalizaci\u00f3n del Tour: <\/label>\n            <span class=\"wpcf7-form-control-wrap\" data-name=\"Final\"><input class=\"wpcf7-form-control wpcf7-date wpcf7-validates-as-required wpcf7-validates-as-date\" id=\"final\" min=\"2026-04-23\" aria-required=\"true\" aria-invalid=\"false\" value=\"\" type=\"date\" name=\"Final\" \/><\/span>\n        <\/div>\n    <\/div>\n    \n    <div>\n        <label>Comentarios o preguntas: <\/label>\n        <span class=\"wpcf7-form-control-wrap\" data-name=\"Mensaje\"><textarea cols=\"40\" rows=\"10\" maxlength=\"2000\" class=\"wpcf7-form-control wpcf7-textarea wpcf7-validates-as-required\" aria-required=\"true\" aria-invalid=\"false\" placeholder=\"Por favor especifica el tipo de SERVICIO\/TOUR que deseas realizar\" name=\"Mensaje\"><\/textarea><\/span>\n    <\/div>\n    \n    <input class=\"wpcf7-form-control wpcf7-submit has-spinner btnsend\" type=\"submit\" value=\"ENVIAR MENSAJE\" \/>\n<\/div><div class=\"wpcf7-response-output\" aria-hidden=\"true\"><\/div>\n<\/form>\n<\/div>\n<\/div>\n","protected":false},"excerpt":{"rendered":"<p>Detalles de la Motocicleta: LAS TARIFAS INCLUYEN: LAS TARIFAS NO INCLUYEN: GARANT\u00cdA: Para el alquiler, se tiene obligatoriamente que dejar [&hellip;]<\/p>\n","protected":false},"author":1,"featured_media":1156,"parent":1490,"menu_order":0,"comment_status":"closed","ping_status":"closed","template":"page-rental-moto.php","meta":{"_acf_changed":false,"advgb_blocks_editor_width":"","advgb_blocks_columns_visual_guide":"","footnotes":""},"class_list":["post-1498","page","type-page","status-publish","has-post-thumbnail","hentry"],"acf":[],"yoast_head":"<!-- This site is optimized with the Yoast SEO Premium plugin v25.4 (Yoast SEO v26.9) - https:\/\/yoast.com\/product\/yoast-seo-premium-wordpress\/ -->\n<title>Alquiler de Honda Elite 125cc en Cusco, Per\u00fa<\/title>\n<meta name=\"description\" content=\"La Honda Tornado 250cc, moto econ\u00f3mica, es perfecta para explorar Cusco y llegar a Machu Picchu. Disponible por US$55 al d\u00eda.\" \/>\n<meta name=\"robots\" content=\"index, follow, max-snippet:-1, max-image-preview:large, max-video-preview:-1\" \/>\n<link rel=\"canonical\" href=\"https:\/\/www.ericadventures.com\/es\/alquiler-motocicletas-cusco\/honda-elite-125cc\/\" \/>\n<meta property=\"og:locale\" content=\"es_ES\" \/>\n<meta property=\"og:type\" content=\"article\" \/>\n<meta property=\"og:title\" content=\"Honda Elite 125 cc\" \/>\n<meta property=\"og:description\" content=\"La Honda Tornado 250cc, moto econ\u00f3mica, es perfecta para explorar Cusco y llegar a Machu Picchu. Disponible por US$55 al d\u00eda.\" \/>\n<meta property=\"og:url\" content=\"https:\/\/www.ericadventures.com\/es\/alquiler-motocicletas-cusco\/honda-elite-125cc\/\" \/>\n<meta property=\"og:site_name\" content=\"Eric Adventures\" \/>\n<meta property=\"article:modified_time\" content=\"2025-11-20T18:35:22+00:00\" \/>\n<meta property=\"og:image\" content=\"https:\/\/www.ericadventures.com\/wp-content\/uploads\/Honda-Elite-125cc.jpg\" \/>\n\t<meta property=\"og:image:width\" content=\"300\" \/>\n\t<meta property=\"og:image:height\" content=\"195\" \/>\n\t<meta property=\"og:image:type\" content=\"image\/jpeg\" \/>\n<meta name=\"twitter:card\" content=\"summary_large_image\" \/>\n<meta name=\"twitter:label1\" content=\"Tiempo de lectura\" \/>\n\t<meta name=\"twitter:data1\" content=\"4 minutos\" \/>\n<script type=\"application\/ld+json\" class=\"yoast-schema-graph\">{\"@context\":\"https:\/\/schema.org\",\"@graph\":[{\"@type\":\"WebPage\",\"@id\":\"https:\/\/www.ericadventures.com\/es\/alquiler-motocicletas-cusco\/honda-elite-125cc\/\",\"url\":\"https:\/\/www.ericadventures.com\/es\/alquiler-motocicletas-cusco\/honda-elite-125cc\/\",\"name\":\"Alquiler de Honda Elite 125cc en Cusco, Per\u00fa\",\"isPartOf\":{\"@id\":\"https:\/\/www.ericadventures.com\/en\/#website\"},\"primaryImageOfPage\":{\"@id\":\"https:\/\/www.ericadventures.com\/es\/alquiler-motocicletas-cusco\/honda-elite-125cc\/#primaryimage\"},\"image\":{\"@id\":\"https:\/\/www.ericadventures.com\/es\/alquiler-motocicletas-cusco\/honda-elite-125cc\/#primaryimage\"},\"thumbnailUrl\":\"https:\/\/www.ericadventures.com\/wp-content\/uploads\/Honda-Elite-125cc.jpg\",\"datePublished\":\"2023-10-30T16:26:33+00:00\",\"dateModified\":\"2025-11-20T18:35:22+00:00\",\"description\":\"La Honda Tornado 250cc, moto econ\u00f3mica, es perfecta para explorar Cusco y llegar a Machu Picchu. Disponible por US$55 al d\u00eda.\",\"breadcrumb\":{\"@id\":\"https:\/\/www.ericadventures.com\/es\/alquiler-motocicletas-cusco\/honda-elite-125cc\/#breadcrumb\"},\"inLanguage\":\"es\",\"potentialAction\":[{\"@type\":\"ReadAction\",\"target\":[\"https:\/\/www.ericadventures.com\/es\/alquiler-motocicletas-cusco\/honda-elite-125cc\/\"]}]},{\"@type\":\"ImageObject\",\"inLanguage\":\"es\",\"@id\":\"https:\/\/www.ericadventures.com\/es\/alquiler-motocicletas-cusco\/honda-elite-125cc\/#primaryimage\",\"url\":\"https:\/\/www.ericadventures.com\/wp-content\/uploads\/Honda-Elite-125cc.jpg\",\"contentUrl\":\"https:\/\/www.ericadventures.com\/wp-content\/uploads\/Honda-Elite-125cc.jpg\",\"width\":300,\"height\":195,\"caption\":\"Motocicleta Honda-Elite-125cc\"},{\"@type\":\"BreadcrumbList\",\"@id\":\"https:\/\/www.ericadventures.com\/es\/alquiler-motocicletas-cusco\/honda-elite-125cc\/#breadcrumb\",\"itemListElement\":[{\"@type\":\"ListItem\",\"position\":1,\"name\":\"Home\",\"item\":\"https:\/\/www.ericadventures.com\/es\/\"},{\"@type\":\"ListItem\",\"position\":2,\"name\":\"Alquiler De Motocicletas En Cusco\",\"item\":\"https:\/\/www.ericadventures.com\/es\/alquiler-motocicletas-cusco\/\"},{\"@type\":\"ListItem\",\"position\":3,\"name\":\"Honda Elite 125 cc\"}]},{\"@type\":\"WebSite\",\"@id\":\"https:\/\/www.ericadventures.com\/en\/#website\",\"url\":\"https:\/\/www.ericadventures.com\/en\/\",\"name\":\"Eric Adventures\",\"description\":\"\",\"publisher\":{\"@id\":\"https:\/\/www.ericadventures.com\/en\/#organization\"},\"alternateName\":\"Eric Adventures\",\"potentialAction\":[{\"@type\":\"SearchAction\",\"target\":{\"@type\":\"EntryPoint\",\"urlTemplate\":\"https:\/\/www.ericadventures.com\/en\/?s={search_term_string}\"},\"query-input\":{\"@type\":\"PropertyValueSpecification\",\"valueRequired\":true,\"valueName\":\"search_term_string\"}}],\"inLanguage\":\"es\"},{\"@type\":\"Organization\",\"@id\":\"https:\/\/www.ericadventures.com\/en\/#organization\",\"name\":\"Eric Adventures\",\"url\":\"https:\/\/www.ericadventures.com\/en\/\",\"logo\":{\"@type\":\"ImageObject\",\"inLanguage\":\"es\",\"@id\":\"https:\/\/www.ericadventures.com\/en\/#\/schema\/logo\/image\/\",\"url\":\"https:\/\/www.ericadventures.com\/wp-content\/uploads\/logo-ericadventures.png\",\"contentUrl\":\"https:\/\/www.ericadventures.com\/wp-content\/uploads\/logo-ericadventures.png\",\"width\":500,\"height\":106,\"caption\":\"Eric Adventures\"},\"image\":{\"@id\":\"https:\/\/www.ericadventures.com\/en\/#\/schema\/logo\/image\/\"}}]}<\/script>\n<!-- \/ Yoast SEO Premium plugin. -->","yoast_head_json":{"title":"Alquiler de Honda Elite 125cc en Cusco, Per\u00fa","description":"La Honda Tornado 250cc, moto econ\u00f3mica, es perfecta para explorar Cusco y llegar a Machu Picchu. Disponible por US$55 al d\u00eda.","robots":{"index":"index","follow":"follow","max-snippet":"max-snippet:-1","max-image-preview":"max-image-preview:large","max-video-preview":"max-video-preview:-1"},"canonical":"https:\/\/www.ericadventures.com\/es\/alquiler-motocicletas-cusco\/honda-elite-125cc\/","og_locale":"es_ES","og_type":"article","og_title":"Honda Elite 125 cc","og_description":"La Honda Tornado 250cc, moto econ\u00f3mica, es perfecta para explorar Cusco y llegar a Machu Picchu. Disponible por US$55 al d\u00eda.","og_url":"https:\/\/www.ericadventures.com\/es\/alquiler-motocicletas-cusco\/honda-elite-125cc\/","og_site_name":"Eric Adventures","article_modified_time":"2025-11-20T18:35:22+00:00","og_image":[{"width":300,"height":195,"url":"https:\/\/www.ericadventures.com\/wp-content\/uploads\/Honda-Elite-125cc.jpg","type":"image\/jpeg"}],"twitter_card":"summary_large_image","twitter_misc":{"Tiempo de lectura":"4 minutos"},"schema":{"@context":"https:\/\/schema.org","@graph":[{"@type":"WebPage","@id":"https:\/\/www.ericadventures.com\/es\/alquiler-motocicletas-cusco\/honda-elite-125cc\/","url":"https:\/\/www.ericadventures.com\/es\/alquiler-motocicletas-cusco\/honda-elite-125cc\/","name":"Alquiler de Honda Elite 125cc en Cusco, Per\u00fa","isPartOf":{"@id":"https:\/\/www.ericadventures.com\/en\/#website"},"primaryImageOfPage":{"@id":"https:\/\/www.ericadventures.com\/es\/alquiler-motocicletas-cusco\/honda-elite-125cc\/#primaryimage"},"image":{"@id":"https:\/\/www.ericadventures.com\/es\/alquiler-motocicletas-cusco\/honda-elite-125cc\/#primaryimage"},"thumbnailUrl":"https:\/\/www.ericadventures.com\/wp-content\/uploads\/Honda-Elite-125cc.jpg","datePublished":"2023-10-30T16:26:33+00:00","dateModified":"2025-11-20T18:35:22+00:00","description":"La Honda Tornado 250cc, moto econ\u00f3mica, es perfecta para explorar Cusco y llegar a Machu Picchu. Disponible por US$55 al d\u00eda.","breadcrumb":{"@id":"https:\/\/www.ericadventures.com\/es\/alquiler-motocicletas-cusco\/honda-elite-125cc\/#breadcrumb"},"inLanguage":"es","potentialAction":[{"@type":"ReadAction","target":["https:\/\/www.ericadventures.com\/es\/alquiler-motocicletas-cusco\/honda-elite-125cc\/"]}]},{"@type":"ImageObject","inLanguage":"es","@id":"https:\/\/www.ericadventures.com\/es\/alquiler-motocicletas-cusco\/honda-elite-125cc\/#primaryimage","url":"https:\/\/www.ericadventures.com\/wp-content\/uploads\/Honda-Elite-125cc.jpg","contentUrl":"https:\/\/www.ericadventures.com\/wp-content\/uploads\/Honda-Elite-125cc.jpg","width":300,"height":195,"caption":"Motocicleta Honda-Elite-125cc"},{"@type":"BreadcrumbList","@id":"https:\/\/www.ericadventures.com\/es\/alquiler-motocicletas-cusco\/honda-elite-125cc\/#breadcrumb","itemListElement":[{"@type":"ListItem","position":1,"name":"Home","item":"https:\/\/www.ericadventures.com\/es\/"},{"@type":"ListItem","position":2,"name":"Alquiler De Motocicletas En Cusco","item":"https:\/\/www.ericadventures.com\/es\/alquiler-motocicletas-cusco\/"},{"@type":"ListItem","position":3,"name":"Honda Elite 125 cc"}]},{"@type":"WebSite","@id":"https:\/\/www.ericadventures.com\/en\/#website","url":"https:\/\/www.ericadventures.com\/en\/","name":"Eric Adventures","description":"","publisher":{"@id":"https:\/\/www.ericadventures.com\/en\/#organization"},"alternateName":"Eric Adventures","potentialAction":[{"@type":"SearchAction","target":{"@type":"EntryPoint","urlTemplate":"https:\/\/www.ericadventures.com\/en\/?s={search_term_string}"},"query-input":{"@type":"PropertyValueSpecification","valueRequired":true,"valueName":"search_term_string"}}],"inLanguage":"es"},{"@type":"Organization","@id":"https:\/\/www.ericadventures.com\/en\/#organization","name":"Eric Adventures","url":"https:\/\/www.ericadventures.com\/en\/","logo":{"@type":"ImageObject","inLanguage":"es","@id":"https:\/\/www.ericadventures.com\/en\/#\/schema\/logo\/image\/","url":"https:\/\/www.ericadventures.com\/wp-content\/uploads\/logo-ericadventures.png","contentUrl":"https:\/\/www.ericadventures.com\/wp-content\/uploads\/logo-ericadventures.png","width":500,"height":106,"caption":"Eric Adventures"},"image":{"@id":"https:\/\/www.ericadventures.com\/en\/#\/schema\/logo\/image\/"}}]}},"coauthors":[],"author_meta":{"author_link":"https:\/\/www.ericadventures.com\/es\/author\/ericadmin\/","display_name":"Eric"},"relative_dates":{"created":"Publicado 2 a\u00f1os hace","modified":"Actualizado 5 meses hace"},"absolute_dates":{"created":"Publicado el octubre 30, 2023","modified":"Actualizado el noviembre 20, 2025"},"absolute_dates_time":{"created":"Publicado el octubre 30, 2023 11:26 am","modified":"Actualizado el noviembre 20, 2025 1:35 pm"},"featured_img_caption":"","featured_img":"https:\/\/www.ericadventures.com\/wp-content\/uploads\/Honda-Elite-125cc.jpg","series_order":"","_links":{"self":[{"href":"https:\/\/www.ericadventures.com\/es\/wp-json\/wp\/v2\/pages\/1498","targetHints":{"allow":["GET"]}}],"collection":[{"href":"https:\/\/www.ericadventures.com\/es\/wp-json\/wp\/v2\/pages"}],"about":[{"href":"https:\/\/www.ericadventures.com\/es\/wp-json\/wp\/v2\/types\/page"}],"author":[{"embeddable":true,"href":"https:\/\/www.ericadventures.com\/es\/wp-json\/wp\/v2\/users\/1"}],"replies":[{"embeddable":true,"href":"https:\/\/www.ericadventures.com\/es\/wp-json\/wp\/v2\/comments?post=1498"}],"version-history":[{"count":6,"href":"https:\/\/www.ericadventures.com\/es\/wp-json\/wp\/v2\/pages\/1498\/revisions"}],"predecessor-version":[{"id":3804,"href":"https:\/\/www.ericadventures.com\/es\/wp-json\/wp\/v2\/pages\/1498\/revisions\/3804"}],"up":[{"embeddable":true,"href":"https:\/\/www.ericadventures.com\/es\/wp-json\/wp\/v2\/pages\/1490"}],"wp:featuredmedia":[{"embeddable":true,"href":"https:\/\/www.ericadventures.com\/es\/wp-json\/wp\/v2\/media\/1156"}],"wp:attachment":[{"href":"https:\/\/www.ericadventures.com\/es\/wp-json\/wp\/v2\/media?parent=1498"}],"curies":[{"name":"wp","href":"https:\/\/api.w.org\/{rel}","templated":true}]}}