{"id":1637,"date":"2023-10-16T15:57:30","date_gmt":"2023-10-16T20:57:30","guid":{"rendered":"https:\/\/www.ericadventures.com\/car-rental-cusco\/"},"modified":"2023-11-16T11:51:48","modified_gmt":"2023-11-16T16:51:48","slug":"alquiler-vehiculos-cusco","status":"publish","type":"page","link":"https:\/\/www.ericadventures.com\/es\/alquiler-vehiculos-cusco\/","title":{"rendered":"Alquiler De Veh\u00edculos Y 4&#215;4 Cusco"},"content":{"rendered":"\n<p><strong>CONTAMOS CON UNIDADES Y CHOFERES EXPERTOS PARA EVACUACIONES Y\/O TRASLADOS.<\/strong> En EA tour operator ofrecemos el servicio de <strong>Alquiler de veh\u00edculos con y sin choferes<\/strong>, tenemos la opci\u00f3n necesaria para lo que necesiten: <strong>Servicios Ejecutivos, Turismo, Empresas, Minas (<a>Tenemos Choferes y Veh\u00edculos homologados<\/a>)<\/strong>, etc.<\/p>\n\n\n\n<p>Nuestra empresa <strong>Eric Adventures<\/strong>&nbsp;viene trabajando en la renta de carros, autom\u00f3viles, 4&#215;4, todo terreno, coches en todo el&nbsp;<a href=\"https:\/\/www.ericadventures.com\/peru\/paquetes-turisticos.html\" target=\"_blank\" rel=\"noreferrer noopener\">Peru<\/a>, desde 1993.<br>De acuerdo a sus requerimientos, podemos ofrecerle las siguientes tarifas de alquiler (Todos los precios son en D\u00f3lares Americanos):<\/p>\n\n\n\n<p><a href=\"https:\/\/www.ericadventures.com\/peru\/cusco-peru-alquileres\/alquiler-vehiculos-cusco.html#\">*Nota<\/a> Nuestros precios pueden variar en base a disponibilidad y temporada.<\/p>\n\n\n <div class=\"grid grid-cols-1 sm:grid-cols-2 md:grid-cols-3 xl:grid-cols-3 gap-5 xl:gap-8\">\n\n\t\t\t\t\t\t<div class=\"rent\">\n                        \t<h2>Toyota Yaris 4 Puertas<\/h2>\n\t\t\t\t\t\t\t<div class=\"overflow-hidden\"><img decoding=\"async\" width=\"500\" height=\"286\" src=\"https:\/\/www.ericadventures.com\/wp-content\/uploads\/toyota-yaris-4-doors.jpg\" class=\"h-auto xl:h-40 mx-auto transform duration-200 hover:scale-110 z-10 cursor-pointer wp-post-image\" alt=\"toyota-yaris-4-doors\" loading=\"lazy\" srcset=\"https:\/\/www.ericadventures.com\/wp-content\/uploads\/toyota-yaris-4-doors.jpg 500w, https:\/\/www.ericadventures.com\/wp-content\/uploads\/toyota-yaris-4-doors-300x172.jpg 300w\" sizes=\"auto, (max-width: 500px) 100vw, 500px\" \/><\/div><span class=\"block text-gray-800 my-1 uppercase font-bold text-center\">US$ 75 - Por Dia <\/span><a href=\"https:\/\/www.ericadventures.com\/es\/alquiler-vehiculos-cusco\/toyota-yaris\/\" class=\"table mx-auto bg-zinc-600 text-white px-4 hover:text-eric2 mt-1 py-1.5 font-bold rounded text-xs\">M\u00c1S DETALLES<\/a>\n                        \n                    \t<\/div>\n\t\t\t\t\t\n\n\t\t\t\t\t\t<div class=\"rent\">\n                        \t<h2>Suzuki Vitara<\/h2>\n\t\t\t\t\t\t\t<div class=\"overflow-hidden\"><img decoding=\"async\" width=\"512\" height=\"262\" src=\"https:\/\/www.ericadventures.com\/wp-content\/uploads\/suzuki-grand-vitara.jpg\" class=\"h-auto xl:h-40 mx-auto transform duration-200 hover:scale-110 z-10 cursor-pointer wp-post-image\" alt=\"suzuki-grand-vitara\" loading=\"lazy\" srcset=\"https:\/\/www.ericadventures.com\/wp-content\/uploads\/suzuki-grand-vitara.jpg 512w, https:\/\/www.ericadventures.com\/wp-content\/uploads\/suzuki-grand-vitara-300x154.jpg 300w\" sizes=\"auto, (max-width: 512px) 100vw, 512px\" \/><\/div><span class=\"block text-gray-800 my-1 uppercase font-bold text-center\">US$ 125 - Por Dia <\/span><a href=\"https:\/\/www.ericadventures.com\/es\/alquiler-vehiculos-cusco\/suzuki-vitara\/\" class=\"table mx-auto bg-zinc-600 text-white px-4 hover:text-eric2 mt-1 py-1.5 font-bold rounded text-xs\">M\u00c1S DETALLES<\/a>\n                        \n                    \t<\/div>\n\t\t\t\t\t\n\n\t\t\t\t\t\t<div class=\"rent\">\n                        \t<h2>Honda Crv<\/h2>\n\t\t\t\t\t\t\t<div class=\"overflow-hidden\"><img decoding=\"async\" width=\"681\" height=\"332\" src=\"https:\/\/www.ericadventures.com\/wp-content\/uploads\/honda-crv.jpg\" class=\"h-auto xl:h-40 mx-auto transform duration-200 hover:scale-110 z-10 cursor-pointer wp-post-image\" alt=\"honda-crv\" loading=\"lazy\" srcset=\"https:\/\/www.ericadventures.com\/wp-content\/uploads\/honda-crv.jpg 681w, https:\/\/www.ericadventures.com\/wp-content\/uploads\/honda-crv-300x146.jpg 300w\" sizes=\"auto, (max-width: 681px) 100vw, 681px\" \/><\/div><span class=\"block text-gray-800 my-1 uppercase font-bold text-center\">US$ 125 - Por Dia <\/span><a href=\"https:\/\/www.ericadventures.com\/es\/alquiler-vehiculos-cusco\/honda-cvr\/\" class=\"table mx-auto bg-zinc-600 text-white px-4 hover:text-eric2 mt-1 py-1.5 font-bold rounded text-xs\">M\u00c1S DETALLES<\/a>\n                        \n                    \t<\/div>\n\t\t\t\t\t\n\n\t\t\t\t\t\t<div class=\"rent\">\n                        \t<h2>Toyota Land Cruiser<\/h2>\n\t\t\t\t\t\t\t<div class=\"overflow-hidden\"><img decoding=\"async\" width=\"771\" height=\"455\" src=\"https:\/\/www.ericadventures.com\/wp-content\/uploads\/toyota-land-cruiser-prado.jpg\" class=\"h-auto xl:h-40 mx-auto transform duration-200 hover:scale-110 z-10 cursor-pointer wp-post-image\" alt=\"toyota-land-cruiser-prado\" loading=\"lazy\" srcset=\"https:\/\/www.ericadventures.com\/wp-content\/uploads\/toyota-land-cruiser-prado.jpg 771w, https:\/\/www.ericadventures.com\/wp-content\/uploads\/toyota-land-cruiser-prado-300x177.jpg 300w, https:\/\/www.ericadventures.com\/wp-content\/uploads\/toyota-land-cruiser-prado-768x453.jpg 768w\" sizes=\"auto, (max-width: 771px) 100vw, 771px\" \/><\/div><span class=\"block text-gray-800 my-1 uppercase font-bold text-center\">US$ 135 - Por Dia <\/span><a href=\"https:\/\/www.ericadventures.com\/es\/alquiler-vehiculos-cusco\/toyota-land\/\" class=\"table mx-auto bg-zinc-600 text-white px-4 hover:text-eric2 mt-1 py-1.5 font-bold rounded text-xs\">M\u00c1S DETALLES<\/a>\n                        \n                    \t<\/div>\n\t\t\t\t\t\n\n\t\t\t\t\t\t<div class=\"rent\">\n                        \t<h2>Mitsubishi Montero<\/h2>\n\t\t\t\t\t\t\t<div class=\"overflow-hidden\"><img decoding=\"async\" width=\"448\" height=\"307\" src=\"https:\/\/www.ericadventures.com\/wp-content\/uploads\/mitsubishi-montero.jpg\" class=\"h-auto xl:h-40 mx-auto transform duration-200 hover:scale-110 z-10 cursor-pointer wp-post-image\" alt=\"mitsubishi-montero\" loading=\"lazy\" srcset=\"https:\/\/www.ericadventures.com\/wp-content\/uploads\/mitsubishi-montero.jpg 448w, https:\/\/www.ericadventures.com\/wp-content\/uploads\/mitsubishi-montero-300x206.jpg 300w\" sizes=\"auto, (max-width: 448px) 100vw, 448px\" \/><\/div><span class=\"block text-gray-800 my-1 uppercase font-bold text-center\">US$ 135 - Por Dia <\/span><a href=\"https:\/\/www.ericadventures.com\/es\/alquiler-vehiculos-cusco\/mitsubishi-montero\/\" class=\"table mx-auto bg-zinc-600 text-white px-4 hover:text-eric2 mt-1 py-1.5 font-bold rounded text-xs\">M\u00c1S DETALLES<\/a>\n                        \n                    \t<\/div>\n\t\t\t\t\t\n\n\t\t\t\t\t\t<div class=\"rent\">\n                        \t<h2>Toyota Fortuner<\/h2>\n\t\t\t\t\t\t\t<div class=\"overflow-hidden\"><img decoding=\"async\" width=\"819\" height=\"483\" src=\"https:\/\/www.ericadventures.com\/wp-content\/uploads\/toyota-fortuner2.jpg\" class=\"h-auto xl:h-40 mx-auto transform duration-200 hover:scale-110 z-10 cursor-pointer wp-post-image\" alt=\"toyota-fortuner2\" loading=\"lazy\" srcset=\"https:\/\/www.ericadventures.com\/wp-content\/uploads\/toyota-fortuner2.jpg 819w, https:\/\/www.ericadventures.com\/wp-content\/uploads\/toyota-fortuner2-300x177.jpg 300w, https:\/\/www.ericadventures.com\/wp-content\/uploads\/toyota-fortuner2-768x453.jpg 768w\" sizes=\"auto, (max-width: 819px) 100vw, 819px\" \/><\/div><span class=\"block text-gray-800 my-1 uppercase font-bold text-center\">US$ 135 - Por Dia <\/span><a href=\"https:\/\/www.ericadventures.com\/es\/alquiler-vehiculos-cusco\/toyota-fortuner\/\" class=\"table mx-auto bg-zinc-600 text-white px-4 hover:text-eric2 mt-1 py-1.5 font-bold rounded text-xs\">M\u00c1S DETALLES<\/a>\n                        \n                    \t<\/div>\n\t\t\t\t\t\n\n\t\t\t\t\t\t<div class=\"rent\">\n                        \t<h2>Toyota Hilux<\/h2>\n\t\t\t\t\t\t\t<div class=\"overflow-hidden\"><img decoding=\"async\" width=\"890\" height=\"578\" src=\"https:\/\/www.ericadventures.com\/wp-content\/uploads\/toyota-hylux.jpg\" class=\"h-auto xl:h-40 mx-auto transform duration-200 hover:scale-110 z-10 cursor-pointer wp-post-image\" alt=\"toyota-hylux\" loading=\"lazy\" srcset=\"https:\/\/www.ericadventures.com\/wp-content\/uploads\/toyota-hylux.jpg 890w, https:\/\/www.ericadventures.com\/wp-content\/uploads\/toyota-hylux-300x195.jpg 300w, https:\/\/www.ericadventures.com\/wp-content\/uploads\/toyota-hylux-768x499.jpg 768w\" sizes=\"auto, (max-width: 890px) 100vw, 890px\" \/><\/div><span class=\"block text-gray-800 my-1 uppercase font-bold text-center\">US$ 125 - Por Dia <\/span><a href=\"https:\/\/www.ericadventures.com\/es\/alquiler-vehiculos-cusco\/toyota-hilux\/\" class=\"table mx-auto bg-zinc-600 text-white px-4 hover:text-eric2 mt-1 py-1.5 font-bold rounded text-xs\">M\u00c1S DETALLES<\/a>\n                        \n                    \t<\/div>\n\t\t\t\t\t\n\n\t\t\t\t\t\t<div class=\"rent\">\n                        \t<h2>Mitsubishi L200<\/h2>\n\t\t\t\t\t\t\t<div class=\"overflow-hidden\"><img decoding=\"async\" width=\"943\" height=\"511\" src=\"https:\/\/www.ericadventures.com\/wp-content\/uploads\/mitsubishi-l200.jpg\" class=\"h-auto xl:h-40 mx-auto transform duration-200 hover:scale-110 z-10 cursor-pointer wp-post-image\" alt=\"mitsubishi-l200\" loading=\"lazy\" srcset=\"https:\/\/www.ericadventures.com\/wp-content\/uploads\/mitsubishi-l200.jpg 943w, https:\/\/www.ericadventures.com\/wp-content\/uploads\/mitsubishi-l200-300x163.jpg 300w, https:\/\/www.ericadventures.com\/wp-content\/uploads\/mitsubishi-l200-768x416.jpg 768w\" sizes=\"auto, (max-width: 943px) 100vw, 943px\" \/><\/div><span class=\"block text-gray-800 my-1 uppercase font-bold text-center\">US$ 125 - Por Dia <\/span><a href=\"https:\/\/www.ericadventures.com\/es\/alquiler-vehiculos-cusco\/mitsubishi-l\/\" class=\"table mx-auto bg-zinc-600 text-white px-4 hover:text-eric2 mt-1 py-1.5 font-bold rounded text-xs\">M\u00c1S DETALLES<\/a>\n                        \n                    \t<\/div>\n\t\t\t\t\t\n\n\t\t\t\t\t\t<div class=\"rent\">\n                        \t<h2>Van Hyundai H1 8 Pasajeros<\/h2>\n\t\t\t\t\t\t\t<div class=\"overflow-hidden\"><img decoding=\"async\" width=\"649\" height=\"393\" src=\"https:\/\/www.ericadventures.com\/wp-content\/uploads\/van-hyundai-12-passenger.jpg\" class=\"h-auto xl:h-40 mx-auto transform duration-200 hover:scale-110 z-10 cursor-pointer wp-post-image\" alt=\"van-hyundai-12-passenger\" loading=\"lazy\" srcset=\"https:\/\/www.ericadventures.com\/wp-content\/uploads\/van-hyundai-12-passenger.jpg 649w, https:\/\/www.ericadventures.com\/wp-content\/uploads\/van-hyundai-12-passenger-300x182.jpg 300w\" sizes=\"auto, (max-width: 649px) 100vw, 649px\" \/><\/div><span class=\"block text-gray-800 my-1 uppercase font-bold text-center\">US$ 145 - Por Dia <\/span><a href=\"https:\/\/www.ericadventures.com\/es\/alquiler-vehiculos-cusco\/van-hyundai-h1\/\" class=\"table mx-auto bg-zinc-600 text-white px-4 hover:text-eric2 mt-1 py-1.5 font-bold rounded text-xs\">M\u00c1S DETALLES<\/a>\n                        \n                    \t<\/div>\n\t\t\t\t\t<\/div> <div class=\"clear-both\"> <\/div>\n","protected":false},"excerpt":{"rendered":"<p>CONTAMOS CON UNIDADES Y CHOFERES EXPERTOS PARA EVACUACIONES Y\/O TRASLADOS. En EA tour operator ofrecemos el servicio de Alquiler de [&hellip;]<\/p>\n","protected":false},"author":1,"featured_media":23151,"parent":0,"menu_order":0,"comment_status":"closed","ping_status":"closed","template":"","meta":{"_acf_changed":false,"advgb_blocks_editor_width":"","advgb_blocks_columns_visual_guide":"","footnotes":""},"class_list":["post-1637","page","type-page","status-publish","has-post-thumbnail","hentry"],"acf":[],"yoast_head":"<!-- This site is optimized with the Yoast SEO Premium plugin v25.4 (Yoast SEO v26.9) - https:\/\/yoast.com\/product\/yoast-seo-premium-wordpress\/ -->\n<title>Alquiler Vehiculos Cusco | Renta de Autos, Coches Lima Peru<\/title>\n<meta name=\"description\" content=\"Alquiler de autos Per\u00fa, renta de veh\u00edculos todo terreno, 4x4 en Lima Cusco para Servicios Ejecutivos, Turismo, Empresas y Minas.\" \/>\n<meta name=\"robots\" content=\"index, follow, max-snippet:-1, max-image-preview:large, max-video-preview:-1\" \/>\n<link rel=\"canonical\" href=\"https:\/\/www.ericadventures.com\/es\/alquiler-vehiculos-cusco\/\" \/>\n<meta property=\"og:locale\" content=\"es_ES\" \/>\n<meta property=\"og:type\" content=\"article\" \/>\n<meta property=\"og:title\" content=\"Alquiler De Veh\u00edculos Y 4x4 Cusco\" \/>\n<meta property=\"og:description\" content=\"Alquiler de autos Per\u00fa, renta de veh\u00edculos todo terreno, 4x4 en Lima Cusco para Servicios Ejecutivos, Turismo, Empresas y Minas.\" \/>\n<meta property=\"og:url\" content=\"https:\/\/www.ericadventures.com\/es\/alquiler-vehiculos-cusco\/\" \/>\n<meta property=\"og:site_name\" content=\"Eric Adventures\" \/>\n<meta property=\"article:modified_time\" content=\"2023-11-16T16:51:48+00:00\" \/>\n<meta property=\"og:image\" content=\"https:\/\/www.ericadventures.com\/wp-content\/uploads\/alquiler-de-autos-para-turismo.jpg\" \/>\n\t<meta property=\"og:image:width\" content=\"571\" \/>\n\t<meta property=\"og:image:height\" content=\"428\" \/>\n\t<meta property=\"og:image:type\" content=\"image\/jpeg\" \/>\n<meta name=\"twitter:card\" content=\"summary_large_image\" \/>\n<meta name=\"twitter:label1\" content=\"Tiempo de lectura\" \/>\n\t<meta name=\"twitter:data1\" content=\"1 minuto\" \/>\n<script type=\"application\/ld+json\" class=\"yoast-schema-graph\">{\"@context\":\"https:\/\/schema.org\",\"@graph\":[{\"@type\":\"WebPage\",\"@id\":\"https:\/\/www.ericadventures.com\/es\/alquiler-vehiculos-cusco\/\",\"url\":\"https:\/\/www.ericadventures.com\/es\/alquiler-vehiculos-cusco\/\",\"name\":\"Alquiler Vehiculos Cusco | Renta de Autos, Coches Lima Peru\",\"isPartOf\":{\"@id\":\"https:\/\/www.ericadventures.com\/en\/#website\"},\"primaryImageOfPage\":{\"@id\":\"https:\/\/www.ericadventures.com\/es\/alquiler-vehiculos-cusco\/#primaryimage\"},\"image\":{\"@id\":\"https:\/\/www.ericadventures.com\/es\/alquiler-vehiculos-cusco\/#primaryimage\"},\"thumbnailUrl\":\"https:\/\/www.ericadventures.com\/wp-content\/uploads\/alquiler-de-autos-para-turismo.jpg\",\"datePublished\":\"2023-10-16T20:57:30+00:00\",\"dateModified\":\"2023-11-16T16:51:48+00:00\",\"description\":\"Alquiler de autos Per\u00fa, renta de veh\u00edculos todo terreno, 4x4 en Lima Cusco para Servicios Ejecutivos, Turismo, Empresas y Minas.\",\"breadcrumb\":{\"@id\":\"https:\/\/www.ericadventures.com\/es\/alquiler-vehiculos-cusco\/#breadcrumb\"},\"inLanguage\":\"es\",\"potentialAction\":[{\"@type\":\"ReadAction\",\"target\":[\"https:\/\/www.ericadventures.com\/es\/alquiler-vehiculos-cusco\/\"]}]},{\"@type\":\"ImageObject\",\"inLanguage\":\"es\",\"@id\":\"https:\/\/www.ericadventures.com\/es\/alquiler-vehiculos-cusco\/#primaryimage\",\"url\":\"https:\/\/www.ericadventures.com\/wp-content\/uploads\/alquiler-de-autos-para-turismo.jpg\",\"contentUrl\":\"https:\/\/www.ericadventures.com\/wp-content\/uploads\/alquiler-de-autos-para-turismo.jpg\",\"width\":571,\"height\":428,\"caption\":\"Alquiler De Veh\u00edculos Y 4x4 Cusco\"},{\"@type\":\"BreadcrumbList\",\"@id\":\"https:\/\/www.ericadventures.com\/es\/alquiler-vehiculos-cusco\/#breadcrumb\",\"itemListElement\":[{\"@type\":\"ListItem\",\"position\":1,\"name\":\"Home\",\"item\":\"https:\/\/www.ericadventures.com\/es\/\"},{\"@type\":\"ListItem\",\"position\":2,\"name\":\"Alquiler De Veh\u00edculos Y 4&#215;4 Cusco\"}]},{\"@type\":\"WebSite\",\"@id\":\"https:\/\/www.ericadventures.com\/en\/#website\",\"url\":\"https:\/\/www.ericadventures.com\/en\/\",\"name\":\"Eric Adventures\",\"description\":\"\",\"publisher\":{\"@id\":\"https:\/\/www.ericadventures.com\/en\/#organization\"},\"alternateName\":\"Eric Adventures\",\"potentialAction\":[{\"@type\":\"SearchAction\",\"target\":{\"@type\":\"EntryPoint\",\"urlTemplate\":\"https:\/\/www.ericadventures.com\/en\/?s={search_term_string}\"},\"query-input\":{\"@type\":\"PropertyValueSpecification\",\"valueRequired\":true,\"valueName\":\"search_term_string\"}}],\"inLanguage\":\"es\"},{\"@type\":\"Organization\",\"@id\":\"https:\/\/www.ericadventures.com\/en\/#organization\",\"name\":\"Eric Adventures\",\"url\":\"https:\/\/www.ericadventures.com\/en\/\",\"logo\":{\"@type\":\"ImageObject\",\"inLanguage\":\"es\",\"@id\":\"https:\/\/www.ericadventures.com\/en\/#\/schema\/logo\/image\/\",\"url\":\"https:\/\/www.ericadventures.com\/wp-content\/uploads\/logo-ericadventures.png\",\"contentUrl\":\"https:\/\/www.ericadventures.com\/wp-content\/uploads\/logo-ericadventures.png\",\"width\":500,\"height\":106,\"caption\":\"Eric Adventures\"},\"image\":{\"@id\":\"https:\/\/www.ericadventures.com\/en\/#\/schema\/logo\/image\/\"}}]}<\/script>\n<!-- \/ Yoast SEO Premium plugin. -->","yoast_head_json":{"title":"Alquiler Vehiculos Cusco | Renta de Autos, Coches Lima Peru","description":"Alquiler de autos Per\u00fa, renta de veh\u00edculos todo terreno, 4x4 en Lima Cusco para Servicios Ejecutivos, Turismo, Empresas y Minas.","robots":{"index":"index","follow":"follow","max-snippet":"max-snippet:-1","max-image-preview":"max-image-preview:large","max-video-preview":"max-video-preview:-1"},"canonical":"https:\/\/www.ericadventures.com\/es\/alquiler-vehiculos-cusco\/","og_locale":"es_ES","og_type":"article","og_title":"Alquiler De Veh\u00edculos Y 4x4 Cusco","og_description":"Alquiler de autos Per\u00fa, renta de veh\u00edculos todo terreno, 4x4 en Lima Cusco para Servicios Ejecutivos, Turismo, Empresas y Minas.","og_url":"https:\/\/www.ericadventures.com\/es\/alquiler-vehiculos-cusco\/","og_site_name":"Eric Adventures","article_modified_time":"2023-11-16T16:51:48+00:00","og_image":[{"width":571,"height":428,"url":"https:\/\/www.ericadventures.com\/wp-content\/uploads\/alquiler-de-autos-para-turismo.jpg","type":"image\/jpeg"}],"twitter_card":"summary_large_image","twitter_misc":{"Tiempo de lectura":"1 minuto"},"schema":{"@context":"https:\/\/schema.org","@graph":[{"@type":"WebPage","@id":"https:\/\/www.ericadventures.com\/es\/alquiler-vehiculos-cusco\/","url":"https:\/\/www.ericadventures.com\/es\/alquiler-vehiculos-cusco\/","name":"Alquiler Vehiculos Cusco | Renta de Autos, Coches Lima Peru","isPartOf":{"@id":"https:\/\/www.ericadventures.com\/en\/#website"},"primaryImageOfPage":{"@id":"https:\/\/www.ericadventures.com\/es\/alquiler-vehiculos-cusco\/#primaryimage"},"image":{"@id":"https:\/\/www.ericadventures.com\/es\/alquiler-vehiculos-cusco\/#primaryimage"},"thumbnailUrl":"https:\/\/www.ericadventures.com\/wp-content\/uploads\/alquiler-de-autos-para-turismo.jpg","datePublished":"2023-10-16T20:57:30+00:00","dateModified":"2023-11-16T16:51:48+00:00","description":"Alquiler de autos Per\u00fa, renta de veh\u00edculos todo terreno, 4x4 en Lima Cusco para Servicios Ejecutivos, Turismo, Empresas y Minas.","breadcrumb":{"@id":"https:\/\/www.ericadventures.com\/es\/alquiler-vehiculos-cusco\/#breadcrumb"},"inLanguage":"es","potentialAction":[{"@type":"ReadAction","target":["https:\/\/www.ericadventures.com\/es\/alquiler-vehiculos-cusco\/"]}]},{"@type":"ImageObject","inLanguage":"es","@id":"https:\/\/www.ericadventures.com\/es\/alquiler-vehiculos-cusco\/#primaryimage","url":"https:\/\/www.ericadventures.com\/wp-content\/uploads\/alquiler-de-autos-para-turismo.jpg","contentUrl":"https:\/\/www.ericadventures.com\/wp-content\/uploads\/alquiler-de-autos-para-turismo.jpg","width":571,"height":428,"caption":"Alquiler De Veh\u00edculos Y 4x4 Cusco"},{"@type":"BreadcrumbList","@id":"https:\/\/www.ericadventures.com\/es\/alquiler-vehiculos-cusco\/#breadcrumb","itemListElement":[{"@type":"ListItem","position":1,"name":"Home","item":"https:\/\/www.ericadventures.com\/es\/"},{"@type":"ListItem","position":2,"name":"Alquiler De Veh\u00edculos Y 4&#215;4 Cusco"}]},{"@type":"WebSite","@id":"https:\/\/www.ericadventures.com\/en\/#website","url":"https:\/\/www.ericadventures.com\/en\/","name":"Eric Adventures","description":"","publisher":{"@id":"https:\/\/www.ericadventures.com\/en\/#organization"},"alternateName":"Eric Adventures","potentialAction":[{"@type":"SearchAction","target":{"@type":"EntryPoint","urlTemplate":"https:\/\/www.ericadventures.com\/en\/?s={search_term_string}"},"query-input":{"@type":"PropertyValueSpecification","valueRequired":true,"valueName":"search_term_string"}}],"inLanguage":"es"},{"@type":"Organization","@id":"https:\/\/www.ericadventures.com\/en\/#organization","name":"Eric Adventures","url":"https:\/\/www.ericadventures.com\/en\/","logo":{"@type":"ImageObject","inLanguage":"es","@id":"https:\/\/www.ericadventures.com\/en\/#\/schema\/logo\/image\/","url":"https:\/\/www.ericadventures.com\/wp-content\/uploads\/logo-ericadventures.png","contentUrl":"https:\/\/www.ericadventures.com\/wp-content\/uploads\/logo-ericadventures.png","width":500,"height":106,"caption":"Eric Adventures"},"image":{"@id":"https:\/\/www.ericadventures.com\/en\/#\/schema\/logo\/image\/"}}]}},"coauthors":[],"author_meta":{"author_link":"https:\/\/www.ericadventures.com\/es\/author\/ericadmin\/","display_name":"Eric"},"relative_dates":{"created":"Publicado 3 a\u00f1os hace","modified":"Actualizado 2 a\u00f1os hace"},"absolute_dates":{"created":"Publicado el octubre 16, 2023","modified":"Actualizado el noviembre 16, 2023"},"absolute_dates_time":{"created":"Publicado el octubre 16, 2023 3:57 pm","modified":"Actualizado el noviembre 16, 2023 11:51 am"},"featured_img_caption":"","featured_img":"https:\/\/www.ericadventures.com\/wp-content\/uploads\/alquiler-de-autos-para-turismo.jpg","series_order":"","_links":{"self":[{"href":"https:\/\/www.ericadventures.com\/es\/wp-json\/wp\/v2\/pages\/1637","targetHints":{"allow":["GET"]}}],"collection":[{"href":"https:\/\/www.ericadventures.com\/es\/wp-json\/wp\/v2\/pages"}],"about":[{"href":"https:\/\/www.ericadventures.com\/es\/wp-json\/wp\/v2\/types\/page"}],"author":[{"embeddable":true,"href":"https:\/\/www.ericadventures.com\/es\/wp-json\/wp\/v2\/users\/1"}],"replies":[{"embeddable":true,"href":"https:\/\/www.ericadventures.com\/es\/wp-json\/wp\/v2\/comments?post=1637"}],"version-history":[{"count":5,"href":"https:\/\/www.ericadventures.com\/es\/wp-json\/wp\/v2\/pages\/1637\/revisions"}],"predecessor-version":[{"id":3638,"href":"https:\/\/www.ericadventures.com\/es\/wp-json\/wp\/v2\/pages\/1637\/revisions\/3638"}],"wp:featuredmedia":[{"embeddable":true,"href":"https:\/\/www.ericadventures.com\/es\/wp-json\/wp\/v2\/media\/23151"}],"wp:attachment":[{"href":"https:\/\/www.ericadventures.com\/es\/wp-json\/wp\/v2\/media?parent=1637"}],"curies":[{"name":"wp","href":"https:\/\/api.w.org\/{rel}","templated":true}]}}