{"id":18503,"date":"2024-04-27T19:28:25","date_gmt":"2024-04-28T00:28:25","guid":{"rendered":"https:\/\/www.ericadventures.com\/paquetes\/paquetes-completos-2\/tours-aventura-copy\/"},"modified":"2024-12-08T18:11:57","modified_gmt":"2024-12-08T23:11:57","slug":"tours-culturales-3","status":"publish","type":"page","link":"https:\/\/www.ericadventures.com\/es\/paquetes\/tours-culturales-3\/","title":{"rendered":"Tours Culturales"},"content":{"rendered":"<div class=\"grid grid-cols-1 sm:grid-cols-2 md:grid-cols-3 xl:grid-cols-4 gap-5\">\n\t\t\t\t\t\t\t<div>\n                                <div class=\"border bg-white shadow rounded-md p-1\">\n                                    <a href=\"https:\/\/www.ericadventures.com\/es\/paquetes\/tours-culturales-3\/20-dias-la-esencia-del-peru\/\">\n                                        <div class=\"overflow-hidden\"><img decoding=\"async\" width=\"400\" height=\"310\" src=\"https:\/\/www.ericadventures.com\/wp-content\/uploads\/Arequipa-400x310.jpg\" class=\"w-full transform duration-200 hover:scale-110 z-10 rounded-t-md wp-post-image\" alt=\"\" loading=\"lazy\" \/><\/div>\n                                    <\/a>\n                                     <a href=\"https:\/\/www.ericadventures.com\/es\/paquetes\/tours-culturales-3\/20-dias-la-esencia-del-peru\/\" class=\"hover:text-eric text-gray-800 hover:no-underline transition-all\" ><h2 class=\"text-center font-nunito uppercase text-sm font-bold my-2 \">20 d\u00edas: La esencia del Per\u00fa<\/h2><\/a>\n                                     <hr class=\"mb-1 -mt-1 border-dotted border-b-1 border-gray-600\">\n                                     <div class=\"px-2\"><p>De la costa a la Amazon\u00eda Hemos dise\u00f1ado este tour pensando en el bienestar del viajero, con una aclimataci\u00f3n gradual [&hellip;]<\/p>\n                                       \n                                     <\/div>\n                                <\/div>\n\n                            <\/div>\n\t\t\t\t\t<\/div>\n","protected":false},"excerpt":{"rendered":"","protected":false},"author":3,"featured_media":19522,"parent":16103,"menu_order":0,"comment_status":"closed","ping_status":"closed","template":"page-city.php","meta":{"_acf_changed":false,"advgb_blocks_editor_width":"","advgb_blocks_columns_visual_guide":"","footnotes":""},"class_list":["post-18503","page","type-page","status-publish","has-post-thumbnail","hentry"],"acf":[],"yoast_head":"<!-- This site is optimized with the Yoast SEO Premium plugin v25.4 (Yoast SEO v26.9) - https:\/\/yoast.com\/product\/yoast-seo-premium-wordpress\/ -->\n<title>Cusco Tours Culturales<\/title>\n<meta name=\"description\" content=\"\u00a1Descubre el encanto del Cusco, Per\u00fa! \u00danete a nuestro tour cultural y sum\u00e9rgete en su rica historia. \u00a1Una experiencia inolvidable te espera!\" \/>\n<meta name=\"robots\" content=\"index, follow, max-snippet:-1, max-image-preview:large, max-video-preview:-1\" \/>\n<link rel=\"canonical\" href=\"https:\/\/www.ericadventures.com\/en\/tour-packages\/cultural-tours\/\" \/>\n<meta property=\"og:locale\" content=\"es_ES\" \/>\n<meta property=\"og:type\" content=\"article\" \/>\n<meta property=\"og:title\" content=\"Tours Culturales\" \/>\n<meta property=\"og:description\" content=\"\u00a1Descubre el encanto del Cusco, Per\u00fa! \u00danete a nuestro tour cultural y sum\u00e9rgete en su rica historia. \u00a1Una experiencia inolvidable te espera!\" \/>\n<meta property=\"og:url\" content=\"https:\/\/www.ericadventures.com\/en\/tour-packages\/cultural-tours\/\" \/>\n<meta property=\"og:site_name\" content=\"Eric Adventures\" \/>\n<meta property=\"article:modified_time\" content=\"2024-12-08T23:11:57+00:00\" \/>\n<meta property=\"og:image\" content=\"https:\/\/www.ericadventures.com\/wp-content\/uploads\/Cusco-Cathedral.jpg\" \/>\n\t<meta property=\"og:image:width\" content=\"824\" \/>\n\t<meta property=\"og:image:height\" content=\"463\" \/>\n\t<meta property=\"og:image:type\" content=\"image\/jpeg\" \/>\n<meta name=\"twitter:card\" content=\"summary_large_image\" \/>\n<meta name=\"twitter:label1\" content=\"Tiempo de lectura\" \/>\n\t<meta name=\"twitter:data1\" content=\"1 minuto\" \/>\n<script type=\"application\/ld+json\" class=\"yoast-schema-graph\">{\"@context\":\"https:\/\/schema.org\",\"@graph\":[{\"@type\":\"WebPage\",\"@id\":\"https:\/\/www.ericadventures.com\/en\/tour-packages\/cultural-tours\/\",\"url\":\"https:\/\/www.ericadventures.com\/en\/tour-packages\/cultural-tours\/\",\"name\":\"Cusco Tours Culturales\",\"isPartOf\":{\"@id\":\"https:\/\/www.ericadventures.com\/en\/#website\"},\"primaryImageOfPage\":{\"@id\":\"https:\/\/www.ericadventures.com\/en\/tour-packages\/cultural-tours\/#primaryimage\"},\"image\":{\"@id\":\"https:\/\/www.ericadventures.com\/en\/tour-packages\/cultural-tours\/#primaryimage\"},\"thumbnailUrl\":\"https:\/\/www.ericadventures.com\/wp-content\/uploads\/Cusco-Cathedral.jpg\",\"datePublished\":\"2024-04-28T00:28:25+00:00\",\"dateModified\":\"2024-12-08T23:11:57+00:00\",\"description\":\"\u00a1Descubre el encanto del Cusco, Per\u00fa! \u00danete a nuestro tour cultural y sum\u00e9rgete en su rica historia. \u00a1Una experiencia inolvidable te espera!\",\"breadcrumb\":{\"@id\":\"https:\/\/www.ericadventures.com\/en\/tour-packages\/cultural-tours\/#breadcrumb\"},\"inLanguage\":\"es\",\"potentialAction\":[{\"@type\":\"ReadAction\",\"target\":[\"https:\/\/www.ericadventures.com\/en\/tour-packages\/cultural-tours\/\"]}]},{\"@type\":\"ImageObject\",\"inLanguage\":\"es\",\"@id\":\"https:\/\/www.ericadventures.com\/en\/tour-packages\/cultural-tours\/#primaryimage\",\"url\":\"https:\/\/www.ericadventures.com\/wp-content\/uploads\/Cusco-Cathedral.jpg\",\"contentUrl\":\"https:\/\/www.ericadventures.com\/wp-content\/uploads\/Cusco-Cathedral.jpg\",\"width\":824,\"height\":463},{\"@type\":\"BreadcrumbList\",\"@id\":\"https:\/\/www.ericadventures.com\/en\/tour-packages\/cultural-tours\/#breadcrumb\",\"itemListElement\":[{\"@type\":\"ListItem\",\"position\":1,\"name\":\"Home\",\"item\":\"https:\/\/www.ericadventures.com\/es\/\"},{\"@type\":\"ListItem\",\"position\":2,\"name\":\"Paquetes\",\"item\":\"https:\/\/www.ericadventures.com\/es\/paquetes\/\"},{\"@type\":\"ListItem\",\"position\":3,\"name\":\"Tours Culturales\"}]},{\"@type\":\"WebSite\",\"@id\":\"https:\/\/www.ericadventures.com\/en\/#website\",\"url\":\"https:\/\/www.ericadventures.com\/en\/\",\"name\":\"Eric Adventures\",\"description\":\"\",\"publisher\":{\"@id\":\"https:\/\/www.ericadventures.com\/en\/#organization\"},\"alternateName\":\"Eric Adventures\",\"potentialAction\":[{\"@type\":\"SearchAction\",\"target\":{\"@type\":\"EntryPoint\",\"urlTemplate\":\"https:\/\/www.ericadventures.com\/en\/?s={search_term_string}\"},\"query-input\":{\"@type\":\"PropertyValueSpecification\",\"valueRequired\":true,\"valueName\":\"search_term_string\"}}],\"inLanguage\":\"es\"},{\"@type\":\"Organization\",\"@id\":\"https:\/\/www.ericadventures.com\/en\/#organization\",\"name\":\"Eric Adventures\",\"url\":\"https:\/\/www.ericadventures.com\/en\/\",\"logo\":{\"@type\":\"ImageObject\",\"inLanguage\":\"es\",\"@id\":\"https:\/\/www.ericadventures.com\/en\/#\/schema\/logo\/image\/\",\"url\":\"https:\/\/www.ericadventures.com\/wp-content\/uploads\/logo-ericadventures.png\",\"contentUrl\":\"https:\/\/www.ericadventures.com\/wp-content\/uploads\/logo-ericadventures.png\",\"width\":500,\"height\":106,\"caption\":\"Eric Adventures\"},\"image\":{\"@id\":\"https:\/\/www.ericadventures.com\/en\/#\/schema\/logo\/image\/\"}}]}<\/script>\n<!-- \/ Yoast SEO Premium plugin. -->","yoast_head_json":{"title":"Cusco Tours Culturales","description":"\u00a1Descubre el encanto del Cusco, Per\u00fa! \u00danete a nuestro tour cultural y sum\u00e9rgete en su rica historia. \u00a1Una experiencia inolvidable te espera!","robots":{"index":"index","follow":"follow","max-snippet":"max-snippet:-1","max-image-preview":"max-image-preview:large","max-video-preview":"max-video-preview:-1"},"canonical":"https:\/\/www.ericadventures.com\/en\/tour-packages\/cultural-tours\/","og_locale":"es_ES","og_type":"article","og_title":"Tours Culturales","og_description":"\u00a1Descubre el encanto del Cusco, Per\u00fa! \u00danete a nuestro tour cultural y sum\u00e9rgete en su rica historia. \u00a1Una experiencia inolvidable te espera!","og_url":"https:\/\/www.ericadventures.com\/en\/tour-packages\/cultural-tours\/","og_site_name":"Eric Adventures","article_modified_time":"2024-12-08T23:11:57+00:00","og_image":[{"width":824,"height":463,"url":"https:\/\/www.ericadventures.com\/wp-content\/uploads\/Cusco-Cathedral.jpg","type":"image\/jpeg"}],"twitter_card":"summary_large_image","twitter_misc":{"Tiempo de lectura":"1 minuto"},"schema":{"@context":"https:\/\/schema.org","@graph":[{"@type":"WebPage","@id":"https:\/\/www.ericadventures.com\/en\/tour-packages\/cultural-tours\/","url":"https:\/\/www.ericadventures.com\/en\/tour-packages\/cultural-tours\/","name":"Cusco Tours Culturales","isPartOf":{"@id":"https:\/\/www.ericadventures.com\/en\/#website"},"primaryImageOfPage":{"@id":"https:\/\/www.ericadventures.com\/en\/tour-packages\/cultural-tours\/#primaryimage"},"image":{"@id":"https:\/\/www.ericadventures.com\/en\/tour-packages\/cultural-tours\/#primaryimage"},"thumbnailUrl":"https:\/\/www.ericadventures.com\/wp-content\/uploads\/Cusco-Cathedral.jpg","datePublished":"2024-04-28T00:28:25+00:00","dateModified":"2024-12-08T23:11:57+00:00","description":"\u00a1Descubre el encanto del Cusco, Per\u00fa! \u00danete a nuestro tour cultural y sum\u00e9rgete en su rica historia. \u00a1Una experiencia inolvidable te espera!","breadcrumb":{"@id":"https:\/\/www.ericadventures.com\/en\/tour-packages\/cultural-tours\/#breadcrumb"},"inLanguage":"es","potentialAction":[{"@type":"ReadAction","target":["https:\/\/www.ericadventures.com\/en\/tour-packages\/cultural-tours\/"]}]},{"@type":"ImageObject","inLanguage":"es","@id":"https:\/\/www.ericadventures.com\/en\/tour-packages\/cultural-tours\/#primaryimage","url":"https:\/\/www.ericadventures.com\/wp-content\/uploads\/Cusco-Cathedral.jpg","contentUrl":"https:\/\/www.ericadventures.com\/wp-content\/uploads\/Cusco-Cathedral.jpg","width":824,"height":463},{"@type":"BreadcrumbList","@id":"https:\/\/www.ericadventures.com\/en\/tour-packages\/cultural-tours\/#breadcrumb","itemListElement":[{"@type":"ListItem","position":1,"name":"Home","item":"https:\/\/www.ericadventures.com\/es\/"},{"@type":"ListItem","position":2,"name":"Paquetes","item":"https:\/\/www.ericadventures.com\/es\/paquetes\/"},{"@type":"ListItem","position":3,"name":"Tours Culturales"}]},{"@type":"WebSite","@id":"https:\/\/www.ericadventures.com\/en\/#website","url":"https:\/\/www.ericadventures.com\/en\/","name":"Eric Adventures","description":"","publisher":{"@id":"https:\/\/www.ericadventures.com\/en\/#organization"},"alternateName":"Eric Adventures","potentialAction":[{"@type":"SearchAction","target":{"@type":"EntryPoint","urlTemplate":"https:\/\/www.ericadventures.com\/en\/?s={search_term_string}"},"query-input":{"@type":"PropertyValueSpecification","valueRequired":true,"valueName":"search_term_string"}}],"inLanguage":"es"},{"@type":"Organization","@id":"https:\/\/www.ericadventures.com\/en\/#organization","name":"Eric Adventures","url":"https:\/\/www.ericadventures.com\/en\/","logo":{"@type":"ImageObject","inLanguage":"es","@id":"https:\/\/www.ericadventures.com\/en\/#\/schema\/logo\/image\/","url":"https:\/\/www.ericadventures.com\/wp-content\/uploads\/logo-ericadventures.png","contentUrl":"https:\/\/www.ericadventures.com\/wp-content\/uploads\/logo-ericadventures.png","width":500,"height":106,"caption":"Eric Adventures"},"image":{"@id":"https:\/\/www.ericadventures.com\/en\/#\/schema\/logo\/image\/"}}]}},"coauthors":[],"author_meta":{"author_link":"https:\/\/www.ericadventures.com\/es\/author\/joaco\/","display_name":"Joaqu\u00edn Arenas Hermoza"},"relative_dates":{"created":"Publicado 2 a\u00f1os hace","modified":"Actualizado 1 a\u00f1o hace"},"absolute_dates":{"created":"Publicado el abril 27, 2024","modified":"Actualizado el diciembre 8, 2024"},"absolute_dates_time":{"created":"Publicado el abril 27, 2024 7:28 pm","modified":"Actualizado el diciembre 8, 2024 6:11 pm"},"featured_img_caption":"","featured_img":"https:\/\/www.ericadventures.com\/wp-content\/uploads\/Cusco-Cathedral.jpg","series_order":"","_links":{"self":[{"href":"https:\/\/www.ericadventures.com\/es\/wp-json\/wp\/v2\/pages\/18503","targetHints":{"allow":["GET"]}}],"collection":[{"href":"https:\/\/www.ericadventures.com\/es\/wp-json\/wp\/v2\/pages"}],"about":[{"href":"https:\/\/www.ericadventures.com\/es\/wp-json\/wp\/v2\/types\/page"}],"author":[{"embeddable":true,"href":"https:\/\/www.ericadventures.com\/es\/wp-json\/wp\/v2\/users\/3"}],"replies":[{"embeddable":true,"href":"https:\/\/www.ericadventures.com\/es\/wp-json\/wp\/v2\/comments?post=18503"}],"version-history":[{"count":1,"href":"https:\/\/www.ericadventures.com\/es\/wp-json\/wp\/v2\/pages\/18503\/revisions"}],"predecessor-version":[{"id":18508,"href":"https:\/\/www.ericadventures.com\/es\/wp-json\/wp\/v2\/pages\/18503\/revisions\/18508"}],"up":[{"embeddable":true,"href":"https:\/\/www.ericadventures.com\/es\/wp-json\/wp\/v2\/pages\/16103"}],"wp:featuredmedia":[{"embeddable":true,"href":"https:\/\/www.ericadventures.com\/es\/wp-json\/wp\/v2\/media\/19522"}],"wp:attachment":[{"href":"https:\/\/www.ericadventures.com\/es\/wp-json\/wp\/v2\/media?parent=18503"}],"curies":[{"name":"wp","href":"https:\/\/api.w.org\/{rel}","templated":true}]}}