{"id":19340,"date":"2024-04-28T19:42:31","date_gmt":"2024-04-29T00:42:31","guid":{"rendered":"https:\/\/www.ericadventures.com\/bolivia-copy\/"},"modified":"2024-09-15T14:50:25","modified_gmt":"2024-09-15T19:50:25","slug":"tours-en-argentina","status":"publish","type":"page","link":"https:\/\/www.ericadventures.com\/es\/tours-en-argentina\/","title":{"rendered":"Tours en Argentina"},"content":{"rendered":"<div class=\"grid grid-cols-1 sm:grid-cols-2 md:grid-cols-3 xl:grid-cols-4 gap-5\">\n\t\t\t\t\t\t\t<div>\n                                <div class=\"border bg-white shadow rounded-md p-1\">\n                                    <a href=\"https:\/\/www.ericadventures.com\/es\/tours-en-argentina\/buenos-aires-ushuaia-calafate-iguazu-18-dias\/\">\n                                        <div class=\"overflow-hidden\"><img decoding=\"async\" width=\"400\" height=\"200\" src=\"https:\/\/www.ericadventures.com\/wp-content\/uploads\/argentina-buenos-aires-iguazu-waterfalls-1.jpg\" class=\"w-full transform duration-200 hover:scale-110 z-10 rounded-t-md wp-post-image\" alt=\"\" loading=\"lazy\" srcset=\"https:\/\/www.ericadventures.com\/wp-content\/uploads\/argentina-buenos-aires-iguazu-waterfalls-1.jpg 400w, https:\/\/www.ericadventures.com\/wp-content\/uploads\/argentina-buenos-aires-iguazu-waterfalls-1-300x150.jpg 300w\" sizes=\"auto, (max-width: 400px) 100vw, 400px\" \/><\/div>\n                                    <\/a>\n                                     <a href=\"https:\/\/www.ericadventures.com\/es\/tours-en-argentina\/buenos-aires-ushuaia-calafate-iguazu-18-dias\/\" class=\"hover:text-eric text-gray-800 hover:no-underline transition-all\" ><h2 class=\"text-center font-nunito uppercase text-sm font-bold my-2 \">18D Buenos Aires \u2013 Ushuaia \u2013 El Calafate \u2013 Iguaz\u00fa<\/h2><\/a>\n                                     <hr class=\"mb-1 -mt-1 border-dotted border-b-1 border-gray-600\">\n                                     <div class=\"px-2\"><p>Conozca Argentina y sus Atractivos m\u00e1s representativos Am\u00e9rica del Sur es un hermoso continente y tambi\u00e9n muy rico en atractivos [&hellip;]<\/p>\n                                       \n                                     <\/div>\n                                <\/div>\n\n                            <\/div>\n\t\t\t\t\t\n\t\t\t\t\t\t\t<div>\n                                <div class=\"border bg-white shadow rounded-md p-1\">\n                                    <a href=\"https:\/\/www.ericadventures.com\/es\/tours-en-argentina\/tour-brasilia-buenos-aires-8-dias\/\">\n                                        <div class=\"overflow-hidden\"><img decoding=\"async\" width=\"205\" height=\"103\" src=\"https:\/\/www.ericadventures.com\/wp-content\/uploads\/Captura-50.jpg\" class=\"w-full transform duration-200 hover:scale-110 z-10 rounded-t-md wp-post-image\" alt=\"Tour Brasilia - Buenos Aires\" loading=\"lazy\" \/><\/div>\n                                    <\/a>\n                                     <a href=\"https:\/\/www.ericadventures.com\/es\/tours-en-argentina\/tour-brasilia-buenos-aires-8-dias\/\" class=\"hover:text-eric text-gray-800 hover:no-underline transition-all\" ><h2 class=\"text-center font-nunito uppercase text-sm font-bold my-2 \">8D Tour Brasilia &#8211; Buenos Aires<\/h2><\/a>\n                                     <hr class=\"mb-1 -mt-1 border-dotted border-b-1 border-gray-600\">\n                                     <div class=\"px-2\"><p>Am\u00e9rica del Sur es un hermoso continente muy rico en atractivos culturales y naturales, y ah\u00ed se encuentra Brasilia que [&hellip;]<\/p>\n                                       \n                                     <\/div>\n                                <\/div>\n\n                            <\/div>\n\t\t\t\t\t\n\t\t\t\t\t\t\t<div>\n                                <div class=\"border bg-white shadow rounded-md p-1\">\n                                    <a href=\"https:\/\/www.ericadventures.com\/es\/tours-en-argentina\/argentina-fitz-roy-glaciar-perito-moreno-adventure-8-days\/\">\n                                        <div class=\"overflow-hidden\"><img decoding=\"async\" width=\"204\" height=\"104\" src=\"https:\/\/www.ericadventures.com\/wp-content\/uploads\/Captura-51.jpg\" class=\"w-full transform duration-200 hover:scale-110 z-10 rounded-t-md wp-post-image\" alt=\"Aventura Fitz Roy Glaciar Perito Moreno\" loading=\"lazy\" \/><\/div>\n                                    <\/a>\n                                     <a href=\"https:\/\/www.ericadventures.com\/es\/tours-en-argentina\/argentina-fitz-roy-glaciar-perito-moreno-adventure-8-days\/\" class=\"hover:text-eric text-gray-800 hover:no-underline transition-all\" ><h2 class=\"text-center font-nunito uppercase text-sm font-bold my-2 \">8D Aventura Fitz Roy Glaciar Perito Moreno<\/h2><\/a>\n                                     <hr class=\"mb-1 -mt-1 border-dotted border-b-1 border-gray-600\">\n                                     <div class=\"px-2\"><p>Una caminata inolvidable en el el&nbsp;Parque Nacional Los Glaciares&nbsp;visitando la gigantesca roca gran\u00edtica del&nbsp;Fitz Roy&nbsp;y el legendario&nbsp;Cerro Torre&nbsp;finalizando con todo [&hellip;]<\/p>\n                                       \n                                     <\/div>\n                                <\/div>\n\n                            <\/div>\n\t\t\t\t\t\n\t\t\t\t\t\t\t<div>\n                                <div class=\"border bg-white shadow rounded-md p-1\">\n                                    <a href=\"https:\/\/www.ericadventures.com\/es\/tours-en-argentina\/ecuador-peru-bolivia-argentina-31-days\/\">\n                                        <div class=\"overflow-hidden\"><img decoding=\"async\" width=\"400\" height=\"200\" src=\"https:\/\/www.ericadventures.com\/wp-content\/uploads\/ecuador-peru-bolivia-argentina-31-days.jpg\" class=\"w-full transform duration-200 hover:scale-110 z-10 rounded-t-md wp-post-image\" alt=\"Islas Gal\u00e1pagos, Machu Picchu, Salar de Uyuni lago, las Cataratas del Iguaz\u00fa\" loading=\"lazy\" srcset=\"https:\/\/www.ericadventures.com\/wp-content\/uploads\/ecuador-peru-bolivia-argentina-31-days.jpg 400w, https:\/\/www.ericadventures.com\/wp-content\/uploads\/ecuador-peru-bolivia-argentina-31-days-300x150.jpg 300w\" sizes=\"auto, (max-width: 400px) 100vw, 400px\" \/><\/div>\n                                    <\/a>\n                                     <a href=\"https:\/\/www.ericadventures.com\/es\/tours-en-argentina\/ecuador-peru-bolivia-argentina-31-days\/\" class=\"hover:text-eric text-gray-800 hover:no-underline transition-all\" ><h2 class=\"text-center font-nunito uppercase text-sm font-bold my-2 \">31D Islas Gal\u00e1pagos, Machu Picchu, Salar de Uyuni lago, las Cataratas del Iguaz\u00fa<\/h2><\/a>\n                                     <hr class=\"mb-1 -mt-1 border-dotted border-b-1 border-gray-600\">\n                                     <div class=\"px-2\"><p>Disfrute de este paquete de 31 d\u00edas, Viajar a trav\u00e9s de los principales destinos de Am\u00e9rica del Sur. Hace unos [&hellip;]<\/p>\n                                       \n                                     <\/div>\n                                <\/div>\n\n                            <\/div>\n\t\t\t\t\t<\/div>\n","protected":false},"excerpt":{"rendered":"","protected":false},"author":3,"featured_media":19357,"parent":0,"menu_order":0,"comment_status":"closed","ping_status":"closed","template":"page-city.php","meta":{"_acf_changed":false,"advgb_blocks_editor_width":"","advgb_blocks_columns_visual_guide":"","footnotes":""},"class_list":["post-19340","page","type-page","status-publish","has-post-thumbnail","hentry"],"acf":[],"yoast_head":"<!-- This site is optimized with the Yoast SEO Premium plugin v25.4 (Yoast SEO v26.9) - https:\/\/yoast.com\/product\/yoast-seo-premium-wordpress\/ -->\n<title>Paquetes En Argentina<\/title>\n<meta name=\"description\" content=\"Explora Argentina con nuestros paquetes tur\u00edsticos! Desde el tango en Buenos Aires hasta la naturaleza en la Patagonia.\" \/>\n<meta name=\"robots\" content=\"index, follow, max-snippet:-1, max-image-preview:large, max-video-preview:-1\" \/>\n<link rel=\"canonical\" href=\"https:\/\/www.ericadventures.com\/es\/tours-en-argentina\/\" \/>\n<meta property=\"og:locale\" content=\"es_ES\" \/>\n<meta property=\"og:type\" content=\"article\" \/>\n<meta property=\"og:title\" content=\"Tours en Argentina\" \/>\n<meta property=\"og:description\" content=\"Explora Argentina con nuestros paquetes tur\u00edsticos! Desde el tango en Buenos Aires hasta la naturaleza en la Patagonia.\" \/>\n<meta property=\"og:url\" content=\"https:\/\/www.ericadventures.com\/es\/tours-en-argentina\/\" \/>\n<meta property=\"og:site_name\" content=\"Eric Adventures\" \/>\n<meta property=\"article:modified_time\" content=\"2024-09-15T19:50:25+00:00\" \/>\n<meta property=\"og:image\" content=\"https:\/\/www.ericadventures.com\/wp-content\/uploads\/Sin-titulo-2.jpg\" \/>\n\t<meta property=\"og:image:width\" content=\"275\" \/>\n\t<meta property=\"og:image:height\" content=\"183\" \/>\n\t<meta property=\"og:image:type\" content=\"image\/jpeg\" \/>\n<meta name=\"twitter:card\" content=\"summary_large_image\" \/>\n<meta name=\"twitter:label1\" content=\"Tiempo de lectura\" \/>\n\t<meta name=\"twitter:data1\" content=\"1 minuto\" \/>\n<script type=\"application\/ld+json\" class=\"yoast-schema-graph\">{\"@context\":\"https:\/\/schema.org\",\"@graph\":[{\"@type\":\"WebPage\",\"@id\":\"https:\/\/www.ericadventures.com\/es\/tours-en-argentina\/\",\"url\":\"https:\/\/www.ericadventures.com\/es\/tours-en-argentina\/\",\"name\":\"Paquetes En Argentina\",\"isPartOf\":{\"@id\":\"https:\/\/www.ericadventures.com\/en\/#website\"},\"primaryImageOfPage\":{\"@id\":\"https:\/\/www.ericadventures.com\/es\/tours-en-argentina\/#primaryimage\"},\"image\":{\"@id\":\"https:\/\/www.ericadventures.com\/es\/tours-en-argentina\/#primaryimage\"},\"thumbnailUrl\":\"https:\/\/www.ericadventures.com\/wp-content\/uploads\/Sin-titulo-2.jpg\",\"datePublished\":\"2024-04-29T00:42:31+00:00\",\"dateModified\":\"2024-09-15T19:50:25+00:00\",\"description\":\"Explora Argentina con nuestros paquetes tur\u00edsticos! Desde el tango en Buenos Aires hasta la naturaleza en la Patagonia.\",\"breadcrumb\":{\"@id\":\"https:\/\/www.ericadventures.com\/es\/tours-en-argentina\/#breadcrumb\"},\"inLanguage\":\"es\",\"potentialAction\":[{\"@type\":\"ReadAction\",\"target\":[\"https:\/\/www.ericadventures.com\/es\/tours-en-argentina\/\"]}]},{\"@type\":\"ImageObject\",\"inLanguage\":\"es\",\"@id\":\"https:\/\/www.ericadventures.com\/es\/tours-en-argentina\/#primaryimage\",\"url\":\"https:\/\/www.ericadventures.com\/wp-content\/uploads\/Sin-titulo-2.jpg\",\"contentUrl\":\"https:\/\/www.ericadventures.com\/wp-content\/uploads\/Sin-titulo-2.jpg\",\"width\":275,\"height\":183},{\"@type\":\"BreadcrumbList\",\"@id\":\"https:\/\/www.ericadventures.com\/es\/tours-en-argentina\/#breadcrumb\",\"itemListElement\":[{\"@type\":\"ListItem\",\"position\":1,\"name\":\"Home\",\"item\":\"https:\/\/www.ericadventures.com\/es\/\"},{\"@type\":\"ListItem\",\"position\":2,\"name\":\"Tours en Argentina\"}]},{\"@type\":\"WebSite\",\"@id\":\"https:\/\/www.ericadventures.com\/en\/#website\",\"url\":\"https:\/\/www.ericadventures.com\/en\/\",\"name\":\"Eric Adventures\",\"description\":\"\",\"publisher\":{\"@id\":\"https:\/\/www.ericadventures.com\/en\/#organization\"},\"alternateName\":\"Eric Adventures\",\"potentialAction\":[{\"@type\":\"SearchAction\",\"target\":{\"@type\":\"EntryPoint\",\"urlTemplate\":\"https:\/\/www.ericadventures.com\/en\/?s={search_term_string}\"},\"query-input\":{\"@type\":\"PropertyValueSpecification\",\"valueRequired\":true,\"valueName\":\"search_term_string\"}}],\"inLanguage\":\"es\"},{\"@type\":\"Organization\",\"@id\":\"https:\/\/www.ericadventures.com\/en\/#organization\",\"name\":\"Eric Adventures\",\"url\":\"https:\/\/www.ericadventures.com\/en\/\",\"logo\":{\"@type\":\"ImageObject\",\"inLanguage\":\"es\",\"@id\":\"https:\/\/www.ericadventures.com\/en\/#\/schema\/logo\/image\/\",\"url\":\"https:\/\/www.ericadventures.com\/wp-content\/uploads\/logo-ericadventures.png\",\"contentUrl\":\"https:\/\/www.ericadventures.com\/wp-content\/uploads\/logo-ericadventures.png\",\"width\":500,\"height\":106,\"caption\":\"Eric Adventures\"},\"image\":{\"@id\":\"https:\/\/www.ericadventures.com\/en\/#\/schema\/logo\/image\/\"}}]}<\/script>\n<!-- \/ Yoast SEO Premium plugin. -->","yoast_head_json":{"title":"Paquetes En Argentina","description":"Explora Argentina con nuestros paquetes tur\u00edsticos! Desde el tango en Buenos Aires hasta la naturaleza en la Patagonia.","robots":{"index":"index","follow":"follow","max-snippet":"max-snippet:-1","max-image-preview":"max-image-preview:large","max-video-preview":"max-video-preview:-1"},"canonical":"https:\/\/www.ericadventures.com\/es\/tours-en-argentina\/","og_locale":"es_ES","og_type":"article","og_title":"Tours en Argentina","og_description":"Explora Argentina con nuestros paquetes tur\u00edsticos! Desde el tango en Buenos Aires hasta la naturaleza en la Patagonia.","og_url":"https:\/\/www.ericadventures.com\/es\/tours-en-argentina\/","og_site_name":"Eric Adventures","article_modified_time":"2024-09-15T19:50:25+00:00","og_image":[{"width":275,"height":183,"url":"https:\/\/www.ericadventures.com\/wp-content\/uploads\/Sin-titulo-2.jpg","type":"image\/jpeg"}],"twitter_card":"summary_large_image","twitter_misc":{"Tiempo de lectura":"1 minuto"},"schema":{"@context":"https:\/\/schema.org","@graph":[{"@type":"WebPage","@id":"https:\/\/www.ericadventures.com\/es\/tours-en-argentina\/","url":"https:\/\/www.ericadventures.com\/es\/tours-en-argentina\/","name":"Paquetes En Argentina","isPartOf":{"@id":"https:\/\/www.ericadventures.com\/en\/#website"},"primaryImageOfPage":{"@id":"https:\/\/www.ericadventures.com\/es\/tours-en-argentina\/#primaryimage"},"image":{"@id":"https:\/\/www.ericadventures.com\/es\/tours-en-argentina\/#primaryimage"},"thumbnailUrl":"https:\/\/www.ericadventures.com\/wp-content\/uploads\/Sin-titulo-2.jpg","datePublished":"2024-04-29T00:42:31+00:00","dateModified":"2024-09-15T19:50:25+00:00","description":"Explora Argentina con nuestros paquetes tur\u00edsticos! Desde el tango en Buenos Aires hasta la naturaleza en la Patagonia.","breadcrumb":{"@id":"https:\/\/www.ericadventures.com\/es\/tours-en-argentina\/#breadcrumb"},"inLanguage":"es","potentialAction":[{"@type":"ReadAction","target":["https:\/\/www.ericadventures.com\/es\/tours-en-argentina\/"]}]},{"@type":"ImageObject","inLanguage":"es","@id":"https:\/\/www.ericadventures.com\/es\/tours-en-argentina\/#primaryimage","url":"https:\/\/www.ericadventures.com\/wp-content\/uploads\/Sin-titulo-2.jpg","contentUrl":"https:\/\/www.ericadventures.com\/wp-content\/uploads\/Sin-titulo-2.jpg","width":275,"height":183},{"@type":"BreadcrumbList","@id":"https:\/\/www.ericadventures.com\/es\/tours-en-argentina\/#breadcrumb","itemListElement":[{"@type":"ListItem","position":1,"name":"Home","item":"https:\/\/www.ericadventures.com\/es\/"},{"@type":"ListItem","position":2,"name":"Tours en Argentina"}]},{"@type":"WebSite","@id":"https:\/\/www.ericadventures.com\/en\/#website","url":"https:\/\/www.ericadventures.com\/en\/","name":"Eric Adventures","description":"","publisher":{"@id":"https:\/\/www.ericadventures.com\/en\/#organization"},"alternateName":"Eric Adventures","potentialAction":[{"@type":"SearchAction","target":{"@type":"EntryPoint","urlTemplate":"https:\/\/www.ericadventures.com\/en\/?s={search_term_string}"},"query-input":{"@type":"PropertyValueSpecification","valueRequired":true,"valueName":"search_term_string"}}],"inLanguage":"es"},{"@type":"Organization","@id":"https:\/\/www.ericadventures.com\/en\/#organization","name":"Eric Adventures","url":"https:\/\/www.ericadventures.com\/en\/","logo":{"@type":"ImageObject","inLanguage":"es","@id":"https:\/\/www.ericadventures.com\/en\/#\/schema\/logo\/image\/","url":"https:\/\/www.ericadventures.com\/wp-content\/uploads\/logo-ericadventures.png","contentUrl":"https:\/\/www.ericadventures.com\/wp-content\/uploads\/logo-ericadventures.png","width":500,"height":106,"caption":"Eric Adventures"},"image":{"@id":"https:\/\/www.ericadventures.com\/en\/#\/schema\/logo\/image\/"}}]}},"coauthors":[],"author_meta":{"author_link":"https:\/\/www.ericadventures.com\/es\/author\/joaco\/","display_name":"Joaqu\u00edn Arenas Hermoza"},"relative_dates":{"created":"Publicado 2 a\u00f1os hace","modified":"Actualizado 2 a\u00f1os hace"},"absolute_dates":{"created":"Publicado el abril 28, 2024","modified":"Actualizado el septiembre 15, 2024"},"absolute_dates_time":{"created":"Publicado el abril 28, 2024 7:42 pm","modified":"Actualizado el septiembre 15, 2024 2:50 pm"},"featured_img_caption":"","featured_img":"https:\/\/www.ericadventures.com\/wp-content\/uploads\/Sin-titulo-2.jpg","series_order":"","_links":{"self":[{"href":"https:\/\/www.ericadventures.com\/es\/wp-json\/wp\/v2\/pages\/19340","targetHints":{"allow":["GET"]}}],"collection":[{"href":"https:\/\/www.ericadventures.com\/es\/wp-json\/wp\/v2\/pages"}],"about":[{"href":"https:\/\/www.ericadventures.com\/es\/wp-json\/wp\/v2\/types\/page"}],"author":[{"embeddable":true,"href":"https:\/\/www.ericadventures.com\/es\/wp-json\/wp\/v2\/users\/3"}],"replies":[{"embeddable":true,"href":"https:\/\/www.ericadventures.com\/es\/wp-json\/wp\/v2\/comments?post=19340"}],"version-history":[{"count":2,"href":"https:\/\/www.ericadventures.com\/es\/wp-json\/wp\/v2\/pages\/19340\/revisions"}],"predecessor-version":[{"id":22405,"href":"https:\/\/www.ericadventures.com\/es\/wp-json\/wp\/v2\/pages\/19340\/revisions\/22405"}],"wp:featuredmedia":[{"embeddable":true,"href":"https:\/\/www.ericadventures.com\/es\/wp-json\/wp\/v2\/media\/19357"}],"wp:attachment":[{"href":"https:\/\/www.ericadventures.com\/es\/wp-json\/wp\/v2\/media?parent=19340"}],"curies":[{"name":"wp","href":"https:\/\/api.w.org\/{rel}","templated":true}]}}