{"id":19574,"date":"2024-04-30T12:52:33","date_gmt":"2024-04-30T17:52:33","guid":{"rendered":"https:\/\/www.ericadventures.com\/paquetes\/paquetes-completos-2\/tours-culturales-3-copy\/"},"modified":"2024-12-08T18:15:59","modified_gmt":"2024-12-08T23:15:59","slug":"tours-ecologicos-3","status":"publish","type":"page","link":"https:\/\/www.ericadventures.com\/es\/paquetes\/tours-ecologicos-3\/","title":{"rendered":"Tours Ecol\u00f3gicos"},"content":{"rendered":"\n","protected":false},"excerpt":{"rendered":"","protected":false},"author":3,"featured_media":19595,"parent":16103,"menu_order":0,"comment_status":"closed","ping_status":"closed","template":"page-city.php","meta":{"_acf_changed":false,"advgb_blocks_editor_width":"","advgb_blocks_columns_visual_guide":"","footnotes":""},"class_list":["post-19574","page","type-page","status-publish","has-post-thumbnail","hentry"],"acf":[],"yoast_head":"<!-- This site is optimized with the Yoast SEO Premium plugin v25.4 (Yoast SEO v26.9) - https:\/\/yoast.com\/product\/yoast-seo-premium-wordpress\/ -->\n<title>Tours Ecologicos Cusco<\/title>\n<meta name=\"description\" content=\"Sum\u00e9rgete en la belleza de los paisajes andinos mientras exploras senderos serpenteantes, avistando aves ex\u00f3ticas.\" \/>\n<meta name=\"robots\" content=\"index, follow, max-snippet:-1, max-image-preview:large, max-video-preview:-1\" \/>\n<link rel=\"canonical\" href=\"https:\/\/www.ericadventures.com\/es\/paquetes\/tours-ecologicos-3\/\" \/>\n<meta property=\"og:locale\" content=\"es_ES\" \/>\n<meta property=\"og:type\" content=\"article\" \/>\n<meta property=\"og:title\" content=\"Tours Ecol\u00f3gicos\" \/>\n<meta property=\"og:description\" content=\"Sum\u00e9rgete en la belleza de los paisajes andinos mientras exploras senderos serpenteantes, avistando aves ex\u00f3ticas.\" \/>\n<meta property=\"og:url\" content=\"https:\/\/www.ericadventures.com\/es\/paquetes\/tours-ecologicos-3\/\" \/>\n<meta property=\"og:site_name\" content=\"Eric Adventures\" \/>\n<meta property=\"article:modified_time\" content=\"2024-12-08T23:15:59+00:00\" \/>\n<meta property=\"og:image\" content=\"https:\/\/www.ericadventures.com\/wp-content\/uploads\/home_Palccoyo-Rainbow-Mountain-Alternative-Tour-Llama-Couple-Alpaca-Exploor-Peru_grande.jpg\" \/>\n\t<meta property=\"og:image:width\" content=\"480\" \/>\n\t<meta property=\"og:image:height\" content=\"360\" \/>\n\t<meta property=\"og:image:type\" content=\"image\/jpeg\" \/>\n<meta name=\"twitter:card\" content=\"summary_large_image\" \/>\n<meta name=\"twitter:label1\" content=\"Tiempo de lectura\" \/>\n\t<meta name=\"twitter:data1\" content=\"1 minuto\" \/>\n<script type=\"application\/ld+json\" class=\"yoast-schema-graph\">{\"@context\":\"https:\/\/schema.org\",\"@graph\":[{\"@type\":\"WebPage\",\"@id\":\"https:\/\/www.ericadventures.com\/es\/paquetes\/tours-ecologicos-3\/\",\"url\":\"https:\/\/www.ericadventures.com\/es\/paquetes\/tours-ecologicos-3\/\",\"name\":\"Tours Ecologicos Cusco\",\"isPartOf\":{\"@id\":\"https:\/\/www.ericadventures.com\/en\/#website\"},\"primaryImageOfPage\":{\"@id\":\"https:\/\/www.ericadventures.com\/es\/paquetes\/tours-ecologicos-3\/#primaryimage\"},\"image\":{\"@id\":\"https:\/\/www.ericadventures.com\/es\/paquetes\/tours-ecologicos-3\/#primaryimage\"},\"thumbnailUrl\":\"https:\/\/www.ericadventures.com\/wp-content\/uploads\/home_Palccoyo-Rainbow-Mountain-Alternative-Tour-Llama-Couple-Alpaca-Exploor-Peru_grande.jpg\",\"datePublished\":\"2024-04-30T17:52:33+00:00\",\"dateModified\":\"2024-12-08T23:15:59+00:00\",\"description\":\"Sum\u00e9rgete en la belleza de los paisajes andinos mientras exploras senderos serpenteantes, avistando aves ex\u00f3ticas.\",\"breadcrumb\":{\"@id\":\"https:\/\/www.ericadventures.com\/es\/paquetes\/tours-ecologicos-3\/#breadcrumb\"},\"inLanguage\":\"es\",\"potentialAction\":[{\"@type\":\"ReadAction\",\"target\":[\"https:\/\/www.ericadventures.com\/es\/paquetes\/tours-ecologicos-3\/\"]}]},{\"@type\":\"ImageObject\",\"inLanguage\":\"es\",\"@id\":\"https:\/\/www.ericadventures.com\/es\/paquetes\/tours-ecologicos-3\/#primaryimage\",\"url\":\"https:\/\/www.ericadventures.com\/wp-content\/uploads\/home_Palccoyo-Rainbow-Mountain-Alternative-Tour-Llama-Couple-Alpaca-Exploor-Peru_grande.jpg\",\"contentUrl\":\"https:\/\/www.ericadventures.com\/wp-content\/uploads\/home_Palccoyo-Rainbow-Mountain-Alternative-Tour-Llama-Couple-Alpaca-Exploor-Peru_grande.jpg\",\"width\":480,\"height\":360},{\"@type\":\"BreadcrumbList\",\"@id\":\"https:\/\/www.ericadventures.com\/es\/paquetes\/tours-ecologicos-3\/#breadcrumb\",\"itemListElement\":[{\"@type\":\"ListItem\",\"position\":1,\"name\":\"Home\",\"item\":\"https:\/\/www.ericadventures.com\/es\/\"},{\"@type\":\"ListItem\",\"position\":2,\"name\":\"Paquetes\",\"item\":\"https:\/\/www.ericadventures.com\/es\/paquetes\/\"},{\"@type\":\"ListItem\",\"position\":3,\"name\":\"Tours Ecol\u00f3gicos\"}]},{\"@type\":\"WebSite\",\"@id\":\"https:\/\/www.ericadventures.com\/en\/#website\",\"url\":\"https:\/\/www.ericadventures.com\/en\/\",\"name\":\"Eric Adventures\",\"description\":\"\",\"publisher\":{\"@id\":\"https:\/\/www.ericadventures.com\/en\/#organization\"},\"alternateName\":\"Eric Adventures\",\"potentialAction\":[{\"@type\":\"SearchAction\",\"target\":{\"@type\":\"EntryPoint\",\"urlTemplate\":\"https:\/\/www.ericadventures.com\/en\/?s={search_term_string}\"},\"query-input\":{\"@type\":\"PropertyValueSpecification\",\"valueRequired\":true,\"valueName\":\"search_term_string\"}}],\"inLanguage\":\"es\"},{\"@type\":\"Organization\",\"@id\":\"https:\/\/www.ericadventures.com\/en\/#organization\",\"name\":\"Eric Adventures\",\"url\":\"https:\/\/www.ericadventures.com\/en\/\",\"logo\":{\"@type\":\"ImageObject\",\"inLanguage\":\"es\",\"@id\":\"https:\/\/www.ericadventures.com\/en\/#\/schema\/logo\/image\/\",\"url\":\"https:\/\/www.ericadventures.com\/wp-content\/uploads\/logo-ericadventures.png\",\"contentUrl\":\"https:\/\/www.ericadventures.com\/wp-content\/uploads\/logo-ericadventures.png\",\"width\":500,\"height\":106,\"caption\":\"Eric Adventures\"},\"image\":{\"@id\":\"https:\/\/www.ericadventures.com\/en\/#\/schema\/logo\/image\/\"}}]}<\/script>\n<!-- \/ Yoast SEO Premium plugin. -->","yoast_head_json":{"title":"Tours Ecologicos Cusco","description":"Sum\u00e9rgete en la belleza de los paisajes andinos mientras exploras senderos serpenteantes, avistando aves ex\u00f3ticas.","robots":{"index":"index","follow":"follow","max-snippet":"max-snippet:-1","max-image-preview":"max-image-preview:large","max-video-preview":"max-video-preview:-1"},"canonical":"https:\/\/www.ericadventures.com\/es\/paquetes\/tours-ecologicos-3\/","og_locale":"es_ES","og_type":"article","og_title":"Tours Ecol\u00f3gicos","og_description":"Sum\u00e9rgete en la belleza de los paisajes andinos mientras exploras senderos serpenteantes, avistando aves ex\u00f3ticas.","og_url":"https:\/\/www.ericadventures.com\/es\/paquetes\/tours-ecologicos-3\/","og_site_name":"Eric Adventures","article_modified_time":"2024-12-08T23:15:59+00:00","og_image":[{"width":480,"height":360,"url":"https:\/\/www.ericadventures.com\/wp-content\/uploads\/home_Palccoyo-Rainbow-Mountain-Alternative-Tour-Llama-Couple-Alpaca-Exploor-Peru_grande.jpg","type":"image\/jpeg"}],"twitter_card":"summary_large_image","twitter_misc":{"Tiempo de lectura":"1 minuto"},"schema":{"@context":"https:\/\/schema.org","@graph":[{"@type":"WebPage","@id":"https:\/\/www.ericadventures.com\/es\/paquetes\/tours-ecologicos-3\/","url":"https:\/\/www.ericadventures.com\/es\/paquetes\/tours-ecologicos-3\/","name":"Tours Ecologicos Cusco","isPartOf":{"@id":"https:\/\/www.ericadventures.com\/en\/#website"},"primaryImageOfPage":{"@id":"https:\/\/www.ericadventures.com\/es\/paquetes\/tours-ecologicos-3\/#primaryimage"},"image":{"@id":"https:\/\/www.ericadventures.com\/es\/paquetes\/tours-ecologicos-3\/#primaryimage"},"thumbnailUrl":"https:\/\/www.ericadventures.com\/wp-content\/uploads\/home_Palccoyo-Rainbow-Mountain-Alternative-Tour-Llama-Couple-Alpaca-Exploor-Peru_grande.jpg","datePublished":"2024-04-30T17:52:33+00:00","dateModified":"2024-12-08T23:15:59+00:00","description":"Sum\u00e9rgete en la belleza de los paisajes andinos mientras exploras senderos serpenteantes, avistando aves ex\u00f3ticas.","breadcrumb":{"@id":"https:\/\/www.ericadventures.com\/es\/paquetes\/tours-ecologicos-3\/#breadcrumb"},"inLanguage":"es","potentialAction":[{"@type":"ReadAction","target":["https:\/\/www.ericadventures.com\/es\/paquetes\/tours-ecologicos-3\/"]}]},{"@type":"ImageObject","inLanguage":"es","@id":"https:\/\/www.ericadventures.com\/es\/paquetes\/tours-ecologicos-3\/#primaryimage","url":"https:\/\/www.ericadventures.com\/wp-content\/uploads\/home_Palccoyo-Rainbow-Mountain-Alternative-Tour-Llama-Couple-Alpaca-Exploor-Peru_grande.jpg","contentUrl":"https:\/\/www.ericadventures.com\/wp-content\/uploads\/home_Palccoyo-Rainbow-Mountain-Alternative-Tour-Llama-Couple-Alpaca-Exploor-Peru_grande.jpg","width":480,"height":360},{"@type":"BreadcrumbList","@id":"https:\/\/www.ericadventures.com\/es\/paquetes\/tours-ecologicos-3\/#breadcrumb","itemListElement":[{"@type":"ListItem","position":1,"name":"Home","item":"https:\/\/www.ericadventures.com\/es\/"},{"@type":"ListItem","position":2,"name":"Paquetes","item":"https:\/\/www.ericadventures.com\/es\/paquetes\/"},{"@type":"ListItem","position":3,"name":"Tours Ecol\u00f3gicos"}]},{"@type":"WebSite","@id":"https:\/\/www.ericadventures.com\/en\/#website","url":"https:\/\/www.ericadventures.com\/en\/","name":"Eric Adventures","description":"","publisher":{"@id":"https:\/\/www.ericadventures.com\/en\/#organization"},"alternateName":"Eric Adventures","potentialAction":[{"@type":"SearchAction","target":{"@type":"EntryPoint","urlTemplate":"https:\/\/www.ericadventures.com\/en\/?s={search_term_string}"},"query-input":{"@type":"PropertyValueSpecification","valueRequired":true,"valueName":"search_term_string"}}],"inLanguage":"es"},{"@type":"Organization","@id":"https:\/\/www.ericadventures.com\/en\/#organization","name":"Eric Adventures","url":"https:\/\/www.ericadventures.com\/en\/","logo":{"@type":"ImageObject","inLanguage":"es","@id":"https:\/\/www.ericadventures.com\/en\/#\/schema\/logo\/image\/","url":"https:\/\/www.ericadventures.com\/wp-content\/uploads\/logo-ericadventures.png","contentUrl":"https:\/\/www.ericadventures.com\/wp-content\/uploads\/logo-ericadventures.png","width":500,"height":106,"caption":"Eric Adventures"},"image":{"@id":"https:\/\/www.ericadventures.com\/en\/#\/schema\/logo\/image\/"}}]}},"coauthors":[],"author_meta":{"author_link":"https:\/\/www.ericadventures.com\/es\/author\/joaco\/","display_name":"Joaqu\u00edn Arenas Hermoza"},"relative_dates":{"created":"Publicado 2 a\u00f1os hace","modified":"Actualizado 1 a\u00f1o hace"},"absolute_dates":{"created":"Publicado el abril 30, 2024","modified":"Actualizado el diciembre 8, 2024"},"absolute_dates_time":{"created":"Publicado el abril 30, 2024 12:52 pm","modified":"Actualizado el diciembre 8, 2024 6:15 pm"},"featured_img_caption":"","featured_img":"https:\/\/www.ericadventures.com\/wp-content\/uploads\/home_Palccoyo-Rainbow-Mountain-Alternative-Tour-Llama-Couple-Alpaca-Exploor-Peru_grande.jpg","series_order":"","_links":{"self":[{"href":"https:\/\/www.ericadventures.com\/es\/wp-json\/wp\/v2\/pages\/19574","targetHints":{"allow":["GET"]}}],"collection":[{"href":"https:\/\/www.ericadventures.com\/es\/wp-json\/wp\/v2\/pages"}],"about":[{"href":"https:\/\/www.ericadventures.com\/es\/wp-json\/wp\/v2\/types\/page"}],"author":[{"embeddable":true,"href":"https:\/\/www.ericadventures.com\/es\/wp-json\/wp\/v2\/users\/3"}],"replies":[{"embeddable":true,"href":"https:\/\/www.ericadventures.com\/es\/wp-json\/wp\/v2\/comments?post=19574"}],"version-history":[{"count":4,"href":"https:\/\/www.ericadventures.com\/es\/wp-json\/wp\/v2\/pages\/19574\/revisions"}],"predecessor-version":[{"id":19584,"href":"https:\/\/www.ericadventures.com\/es\/wp-json\/wp\/v2\/pages\/19574\/revisions\/19584"}],"up":[{"embeddable":true,"href":"https:\/\/www.ericadventures.com\/es\/wp-json\/wp\/v2\/pages\/16103"}],"wp:featuredmedia":[{"embeddable":true,"href":"https:\/\/www.ericadventures.com\/es\/wp-json\/wp\/v2\/media\/19595"}],"wp:attachment":[{"href":"https:\/\/www.ericadventures.com\/es\/wp-json\/wp\/v2\/media?parent=19574"}],"curies":[{"name":"wp","href":"https:\/\/api.w.org\/{rel}","templated":true}]}}