{"id":2128,"date":"2023-11-11T20:29:40","date_gmt":"2023-11-12T01:29:40","guid":{"rendered":"https:\/\/www.ericadventures.com\/bolivia\/la-paz-city-tour\/"},"modified":"2025-11-07T11:07:01","modified_gmt":"2025-11-07T16:07:01","slug":"city-tour-la-paz","status":"publish","type":"page","link":"https:\/\/www.ericadventures.com\/es\/bolivia\/city-tour-la-paz\/","title":{"rendered":"HD City Tour La Paz + Valle de la Luna"},"content":{"rendered":"<div class=\"wp-block-image\">\n<figure class=\"alignleft size-full is-resized\"><img loading=\"lazy\" decoding=\"async\" width=\"400\" height=\"200\" src=\"https:\/\/www.ericadventures.com\/wp-content\/uploads\/bolivia-la-paz-city-tour-half-day.jpg\" alt=\"\" class=\"wp-image-2082\" style=\"aspect-ratio:1.7777777777777777;object-fit:cover;width:416px;height:auto\" srcset=\"https:\/\/www.ericadventures.com\/wp-content\/uploads\/bolivia-la-paz-city-tour-half-day.jpg 400w, https:\/\/www.ericadventures.com\/wp-content\/uploads\/bolivia-la-paz-city-tour-half-day-300x150.jpg 300w\" sizes=\"auto, (max-width: 400px) 100vw, 400px\" \/><\/figure>\n<\/div>\n\n\n<p>Descubre el Valle de la Luna; un paisaje m\u00e1gico formado hace 6-7 millones de a\u00f1os por la erosi\u00f3n del agua y el viento. Tome un paseo en el telef\u00e9rico y disfrute de la vista panor\u00e1mica de la ciudad. Visita las antiguas calles coloniales, la Plaza de Armas, el Palacio de Gobierno, el Congreso y la fachada de la iglesia principal de la catedral. Aprende sobre los ingredientes utilizados para los rituales y la medicina local en el mercado de las Brujas. Un completo tour guiado por los atractivos m\u00e1s importantes de la ciudad de La Paz<\/p>\n\n\n\n<p><\/p>\n\n\n\n<p><\/p>\n\n\n\n<h2 class=\"wp-block-heading\" id=\"h-itinerario\">Itinerario<\/h2>\n\n\n\n<p>Lo recogemos de su hotel a las 08:30 \u00f3 14:00 hrs, comienzan los recorridos, descienden unos diez kil\u00f3metros cuesta abajo y encuentran cerca de los barrios residenciales de La Paz el bizarro Valle de la Luna, una zona formada por el trabajo de la erosi\u00f3n del millones de a\u00f1os, en la zona podr\u00e1s observar ca\u00f1ones y curiosos pin\u00e1culos compuestos principalmente de arcilla y arenisca, luego de una corta caminata continuamos con nuestro transporte hacia una de las estaciones del Telef\u00e9rico, desde donde disfrutar\u00e1s de una espectacular vista del monta\u00f1as de los Andes cubiertas de glaciares que ascienden casi medio kil\u00f3metro hasta la ciudad al borde del acantilado de El Alto a una altura de 4.150 m, y de regreso, en el camino ser\u00e1 testigo de las disparidades de la ciudad, entre los suburbios ricos y precarios, luego nos Continuar\u00e1 visitando la plaza principal \u201cPlaza Murillo\u201d, el mercado de las Brujas, donde los vendedores venden fetos de llama y ranas secas para los rituales aymaras, hierbas para la medicina local, as\u00ed como f\u00f3rmulas afrodis\u00edacas. Finalmente, nuestro transporte nos llevar\u00e1 de regreso a su hotel o, si lo prefiere, puede quedarse m\u00e1s tiempo por su cuenta disfrutando de la gran variedad de artesan\u00edas que se ofrecen. <\/p>\n\n\n\n<h2 class=\"wp-block-heading\" id=\"h-incluye\">incluye<\/h2>\n\n\n\n<ul class=\"wp-block-list\">\n<li>Gu\u00eda Ingl\u00e9s Espa\u00f1ol<\/li>\n\n\n\n<li>Transporte privado<\/li>\n\n\n\n<li>Entradas<\/li>\n<\/ul>\n\n\n\n<h2 class=\"wp-block-heading\" id=\"h-precio-por-persona-en-dolares-americanos\">PRECIO (POR PERSONA EN DOLARES AMERICANOS)<\/h2>\n\n\n\n<p><strong>SERVICIO PRIVADO<\/strong><\/p>\n\n\n\n<ul class=\"wp-block-list\">\n<li>Precio por persona: US$ 95 (m\u00ednimo 2 personas)<\/li>\n<\/ul>\n\n\n\n<p>*Precios de referencia sujetos a disponibilidad y temporada.<\/p>\n\n\n\n<h2 class=\"wp-block-heading\" id=\"h-mapa\">Mapa<\/h2>\n\n\n\n<figure class=\"wp-block-gallery has-nested-images columns-default wp-block-gallery-1 is-layout-flex wp-block-gallery-is-layout-flex\">\n<figure class=\"wp-block-image size-thumbnail\"><a href=\"https:\/\/www.ericadventures.com\/wp-content\/uploads\/mapa-city-5.jpg\"><img loading=\"lazy\" decoding=\"async\" width=\"150\" height=\"150\" data-id=\"38576\" src=\"https:\/\/www.ericadventures.com\/wp-content\/uploads\/mapa-city-5-150x150.jpg\" alt=\"Mapa City Tour + Valle de la Luna, La Paz Bolivia\" class=\"wp-image-38576\"\/><\/a><\/figure>\n<\/figure>\n\n\n\n<h2 class=\"wp-block-heading\" id=\"h-galeria-de-fotos\">galeria de fotos<\/h2>\n\n\n\n<figure class=\"wp-block-gallery has-nested-images columns-6 is-cropped wp-block-gallery-2 is-layout-flex wp-block-gallery-is-layout-flex\">\n<figure class=\"wp-block-image size-large\"><a href=\"https:\/\/www.ericadventures.com\/wp-content\/uploads\/valle01-1.jpg\"><img loading=\"lazy\" decoding=\"async\" width=\"560\" height=\"321\" data-id=\"32691\" src=\"https:\/\/www.ericadventures.com\/wp-content\/uploads\/valle01-1.jpg\" alt=\"Valle de la Luna, Bolivia\" class=\"wp-image-32691\" srcset=\"https:\/\/www.ericadventures.com\/wp-content\/uploads\/valle01-1.jpg 560w, https:\/\/www.ericadventures.com\/wp-content\/uploads\/valle01-1-300x172.jpg 300w\" sizes=\"auto, (max-width: 560px) 100vw, 560px\" \/><\/a><\/figure>\n\n\n\n<figure class=\"wp-block-image size-large\"><a href=\"https:\/\/www.ericadventures.com\/wp-content\/uploads\/valle02-1.jpg\"><img loading=\"lazy\" decoding=\"async\" width=\"566\" height=\"383\" data-id=\"32695\" src=\"https:\/\/www.ericadventures.com\/wp-content\/uploads\/valle02-1.jpg\" alt=\"Valle de la Luna, La Paz, Bolivia\" class=\"wp-image-32695\" srcset=\"https:\/\/www.ericadventures.com\/wp-content\/uploads\/valle02-1.jpg 566w, https:\/\/www.ericadventures.com\/wp-content\/uploads\/valle02-1-300x203.jpg 300w\" sizes=\"auto, (max-width: 566px) 100vw, 566px\" \/><\/a><\/figure>\n\n\n\n<figure class=\"wp-block-image size-large\"><a href=\"https:\/\/www.ericadventures.com\/wp-content\/uploads\/tiro2-1.jpg\"><img loading=\"lazy\" decoding=\"async\" width=\"557\" height=\"251\" data-id=\"32701\" src=\"https:\/\/www.ericadventures.com\/wp-content\/uploads\/tiro2-1.jpg\" alt=\"Telef\u00e9rico La Paz Bolivia\" class=\"wp-image-32701\" srcset=\"https:\/\/www.ericadventures.com\/wp-content\/uploads\/tiro2-1.jpg 557w, https:\/\/www.ericadventures.com\/wp-content\/uploads\/tiro2-1-300x135.jpg 300w\" sizes=\"auto, (max-width: 557px) 100vw, 557px\" \/><\/a><\/figure>\n\n\n\n<figure class=\"wp-block-image size-large\"><a href=\"https:\/\/www.ericadventures.com\/wp-content\/uploads\/tiro1-1.jpg\"><img loading=\"lazy\" decoding=\"async\" width=\"478\" height=\"262\" data-id=\"32706\" src=\"https:\/\/www.ericadventures.com\/wp-content\/uploads\/tiro1-1.jpg\" alt=\"tour enTelef\u00e9rico La Paz Bolivia\" class=\"wp-image-32706\" srcset=\"https:\/\/www.ericadventures.com\/wp-content\/uploads\/tiro1-1.jpg 478w, https:\/\/www.ericadventures.com\/wp-content\/uploads\/tiro1-1-300x164.jpg 300w\" sizes=\"auto, (max-width: 478px) 100vw, 478px\" \/><\/a><\/figure>\n\n\n\n<figure class=\"wp-block-image size-large\"><a href=\"https:\/\/www.ericadventures.com\/wp-content\/uploads\/muse1-1.jpg\"><img loading=\"lazy\" decoding=\"async\" width=\"561\" height=\"394\" data-id=\"32711\" src=\"https:\/\/www.ericadventures.com\/wp-content\/uploads\/muse1-1.jpg\" alt=\"City tour La Paz, Bolivia\" class=\"wp-image-32711\" srcset=\"https:\/\/www.ericadventures.com\/wp-content\/uploads\/muse1-1.jpg 561w, https:\/\/www.ericadventures.com\/wp-content\/uploads\/muse1-1-300x211.jpg 300w\" sizes=\"auto, (max-width: 561px) 100vw, 561px\" \/><\/a><\/figure>\n\n\n\n<figure class=\"wp-block-image size-large\"><a href=\"https:\/\/www.ericadventures.com\/wp-content\/uploads\/muse02-1.jpg\"><img loading=\"lazy\" decoding=\"async\" width=\"518\" height=\"393\" data-id=\"32716\" src=\"https:\/\/www.ericadventures.com\/wp-content\/uploads\/muse02-1.jpg\" alt=\"\nCity tour La Paz, Bolivia\" class=\"wp-image-32716\" srcset=\"https:\/\/www.ericadventures.com\/wp-content\/uploads\/muse02-1.jpg 518w, https:\/\/www.ericadventures.com\/wp-content\/uploads\/muse02-1-300x228.jpg 300w\" sizes=\"auto, (max-width: 518px) 100vw, 518px\" \/><\/a><\/figure>\n<\/figure>\n\n\n\n<h2 class=\"wp-block-heading\" id=\"h-formulario-de-contacto\">formulario de contacto<\/h2>\n\n\n\n<div class=\"wp-block-contact-form-7-contact-form-selector\">\n<div class=\"wpcf7 no-js\" id=\"wpcf7-f6168-o1\" lang=\"es-ES\" dir=\"ltr\" data-wpcf7-id=\"6168\">\n<div class=\"screen-reader-response\"><p role=\"status\" aria-live=\"polite\" aria-atomic=\"true\"><\/p> <ul><\/ul><\/div>\n<form action=\"\/es\/wp-json\/wp\/v2\/pages\/2128#wpcf7-f6168-o1\" method=\"post\" class=\"wpcf7-form init\" aria-label=\"Formulario de contacto\" novalidate=\"novalidate\" data-status=\"init\">\n<fieldset class=\"hidden-fields-container\"><input type=\"hidden\" name=\"_wpcf7\" value=\"6168\" \/><input type=\"hidden\" name=\"_wpcf7_version\" value=\"6.1.5\" \/><input type=\"hidden\" name=\"_wpcf7_locale\" value=\"es_ES\" \/><input type=\"hidden\" name=\"_wpcf7_unit_tag\" value=\"wpcf7-f6168-o1\" \/><input type=\"hidden\" name=\"_wpcf7_container_post\" value=\"0\" \/><input type=\"hidden\" name=\"_wpcf7_posted_data_hash\" value=\"\" \/>\n<\/fieldset>\n<div class=\"wpcf7-turnstile cf-turnstile\" data-sitekey=\"0x4AAAAAACZ2CLxkDaDac8NW\" data-response-field-name=\"_wpcf7_turnstile_response\"><\/div>\n\n<div class=\"formt\">\n<span class=\"textform\"> For reservations or more information please fill up the following client\/guest form:  <\/span>\n<input class=\"wpcf7-form-control wpcf7-hidden\" value=\"https:\/\/www.ericadventures.com\/es\/wp-json\/wp\/v2\/pages\/2128\" type=\"hidden\" name=\"Url_Tour\" \/>\n<input class=\"wpcf7-form-control wpcf7-hidden\" value=\"es\" type=\"hidden\" name=\"Idioma\" \/>\n<input class=\"wpcf7-form-control wpcf7-hidden\" value=\"15\/04\/2026 16:58:11\" type=\"hidden\" name=\"Fecha_Hora\" \/>\n<input class=\"wpcf7-form-control wpcf7-hidden\" value=\"216.73.216.181\" type=\"hidden\" name=\"Ip\" \/>\n<input class=\"wpcf7-form-control wpcf7-hidden\" value=\"HD City Tour La Paz + Valle de la Luna\" type=\"hidden\" name=\"Nombre_Tour\" \/>\n<input class=\"wpcf7-form-control wpcf7-hidden\" value=\"1\" type=\"hidden\" name=\"enviar_excel\" \/>\n\n<div class=\"g2\">\n    <div>\n        <label>Name: <\/label>\n        <span class=\"wpcf7-form-control-wrap\" data-name=\"Nombre\"><input size=\"40\" maxlength=\"400\" class=\"wpcf7-form-control wpcf7-text wpcf7-validates-as-required\" aria-required=\"true\" aria-invalid=\"false\" value=\"\" type=\"text\" name=\"Nombre\" \/><\/span>\n    <\/div>\n    <div>\n        <label>E-mail: <\/label>\n        <span class=\"wpcf7-form-control-wrap\" data-name=\"Emails\"><input size=\"40\" maxlength=\"400\" class=\"wpcf7-form-control wpcf7-email wpcf7-validates-as-required wpcf7-text wpcf7-validates-as-email\" aria-required=\"true\" aria-invalid=\"false\" value=\"\" type=\"email\" name=\"Emails\" \/><\/span>\n    <\/div>\n <\/div>\n<div class=\"g2\">\n<div>\n        <label>Country: <\/label>\n        <span class=\"wpcf7-form-control-wrap\" data-name=\"Pais\"><input size=\"40\" maxlength=\"400\" class=\"wpcf7-form-control wpcf7-text\" aria-invalid=\"false\" value=\"\" type=\"text\" name=\"Pais\" \/><\/span>\n    <\/div>\n    <div>\n        <label>Phone - Whatsapp: <\/label>\n        <span class=\"wpcf7-form-control-wrap\" data-name=\"Whatsapp\"><input size=\"40\" class=\"wpcf7-form-control wpcf7-phonetext wpcf7-text wpcf7-validates-as-phonetext\" aria-invalid=\"false\" value=\"\" type=\"text\" name=\"Whatsapp\" \/><input type=\"hidden\" name=\"Whatsapp-country-code\" class=\"wpcf7-phonetext-country-code\" \/><\/span>\n    <\/div>\n<\/div>\n\n<div class=\"g2\">\n <div>\n        \n<div class=\"g2\">\n     <div>\n       <label>Number of Adults: <\/label>\n       <span class=\"wpcf7-form-control-wrap\" data-name=\"Adultos\"><select class=\"wpcf7-form-control wpcf7-select wpcf7-validates-as-required\" aria-required=\"true\" aria-invalid=\"false\" name=\"Adultos\"><option value=\"1\">1<\/option><option value=\"2\">2<\/option><option value=\"3\">3<\/option><option value=\"4\">4<\/option><option value=\"5\">5<\/option><option value=\"6\">6<\/option><option value=\"7\">7<\/option><option value=\"8\">8<\/option><option value=\"9\">9<\/option><option value=\"10\">10<\/option><option value=\"11\">11<\/option><option value=\"12 to more\">12 to more<\/option><\/select><\/span>\n    <\/div>\n    <div>\n       <label>Number of Children: <\/label>\n       <span class=\"wpcf7-form-control-wrap\" data-name=\"Ninos\"><select class=\"wpcf7-form-control wpcf7-select wpcf7-validates-as-required\" aria-required=\"true\" aria-invalid=\"false\" name=\"Ninos\"><option value=\"0\">0<\/option><option value=\"1\">1<\/option><option value=\"2\">2<\/option><option value=\"3\">3<\/option><option value=\"4\">4<\/option><option value=\"5\">5<\/option><option value=\"6\">6<\/option><option value=\"7\">7<\/option><option value=\"8\">8<\/option><option value=\"9\">9<\/option><option value=\"10\">10<\/option><option value=\"11\">11<\/option><option value=\"12 to more\">12 to more<\/option><\/select><\/span>\n    <\/div>\n<\/div>\n\n<\/div>\n\n    <div>\n       <div class=\"g2\">\n     <div>\n       <label>Tour Start Date: <\/label>\n       <span class=\"wpcf7-form-control-wrap\" data-name=\"Inicio\"><input class=\"wpcf7-form-control wpcf7-date wpcf7-validates-as-required wpcf7-validates-as-date\" id=\"inicio\" min=\"2026-04-15\" aria-required=\"true\" aria-invalid=\"false\" value=\"\" type=\"date\" name=\"Inicio\" \/><\/span>\n    <\/div>\n    <div>\n       <label>Tour End Date: <\/label>\n        <span class=\"wpcf7-form-control-wrap\" data-name=\"Final\"><input class=\"wpcf7-form-control wpcf7-date wpcf7-validates-as-required wpcf7-validates-as-date\" id=\"final\" min=\"2026-04-15\" aria-required=\"true\" aria-invalid=\"false\" value=\"\" type=\"date\" name=\"Final\" \/><\/span>\n    <\/div>\n<\/div>\n    <\/div>\n<\/div>\n\n<div>\n     <label>Comments or Questions: <\/label>\n     <span class=\"wpcf7-form-control-wrap\" data-name=\"Mensaje\"><textarea cols=\"40\" rows=\"10\" maxlength=\"2000\" class=\"wpcf7-form-control wpcf7-textarea wpcf7-validates-as-required\" aria-required=\"true\" aria-invalid=\"false\" placeholder=\"Please specify the type of SERVICE\/TOUR that you want to take\" name=\"Mensaje\"><\/textarea><\/span>\n<\/div>\n\n<input class=\"wpcf7-form-control wpcf7-submit has-spinner btnsend\" type=\"submit\" value=\"SEND MESSAGE\" \/>\n\n<\/div><div class=\"wpcf7-response-output\" aria-hidden=\"true\"><\/div>\n<\/form>\n<\/div>\n<\/div>\n","protected":false},"excerpt":{"rendered":"<p>Descubre el Valle de la Luna; un paisaje m\u00e1gico formado hace 6-7 millones de a\u00f1os por la erosi\u00f3n del agua [&hellip;]<\/p>\n","protected":false},"author":1,"featured_media":2111,"parent":212,"menu_order":0,"comment_status":"closed","ping_status":"closed","template":"page-tour.php","meta":{"_acf_changed":false,"advgb_blocks_editor_width":"","advgb_blocks_columns_visual_guide":"","footnotes":""},"class_list":["post-2128","page","type-page","status-publish","has-post-thumbnail","hentry"],"acf":[],"yoast_head":"<!-- This site is optimized with the Yoast SEO Premium plugin v25.4 (Yoast SEO v26.9) - https:\/\/yoast.com\/product\/yoast-seo-premium-wordpress\/ -->\n<title>HD City Tour La Paz + Valle de la Luna<\/title>\n<meta name=\"description\" content=\"Bolivia es un Pa\u00eds ubicado entre la cordillera de los Andes y La Selva Tropical, visitaremos La Paz, Killi Killi y la Plaza Murillo\" \/>\n<meta name=\"robots\" content=\"index, follow, max-snippet:-1, max-image-preview:large, max-video-preview:-1\" \/>\n<link rel=\"canonical\" href=\"https:\/\/www.ericadventures.com\/es\/bolivia\/city-tour-la-paz\/\" \/>\n<meta property=\"og:locale\" content=\"es_ES\" \/>\n<meta property=\"og:type\" content=\"article\" \/>\n<meta property=\"og:title\" content=\"HD City Tour La Paz + Valle de la Luna\" \/>\n<meta property=\"og:description\" content=\"Bolivia es un Pa\u00eds ubicado entre la cordillera de los Andes y La Selva Tropical, visitaremos La Paz, Killi Killi y la Plaza Murillo\" \/>\n<meta property=\"og:url\" content=\"https:\/\/www.ericadventures.com\/es\/bolivia\/city-tour-la-paz\/\" \/>\n<meta property=\"og:site_name\" content=\"Eric Adventures\" \/>\n<meta property=\"article:modified_time\" content=\"2025-11-07T16:07:01+00:00\" \/>\n<meta property=\"og:image\" content=\"https:\/\/www.ericadventures.com\/wp-content\/uploads\/valle01.jpg\" \/>\n\t<meta property=\"og:image:width\" content=\"560\" \/>\n\t<meta property=\"og:image:height\" content=\"321\" \/>\n\t<meta property=\"og:image:type\" content=\"image\/jpeg\" \/>\n<meta name=\"twitter:card\" content=\"summary_large_image\" \/>\n<meta name=\"twitter:label1\" content=\"Tiempo de lectura\" \/>\n\t<meta name=\"twitter:data1\" content=\"4 minutos\" \/>\n<script type=\"application\/ld+json\" class=\"yoast-schema-graph\">{\"@context\":\"https:\/\/schema.org\",\"@graph\":[{\"@type\":\"WebPage\",\"@id\":\"https:\/\/www.ericadventures.com\/es\/bolivia\/city-tour-la-paz\/\",\"url\":\"https:\/\/www.ericadventures.com\/es\/bolivia\/city-tour-la-paz\/\",\"name\":\"HD City Tour La Paz + Valle de la Luna\",\"isPartOf\":{\"@id\":\"https:\/\/www.ericadventures.com\/en\/#website\"},\"primaryImageOfPage\":{\"@id\":\"https:\/\/www.ericadventures.com\/es\/bolivia\/city-tour-la-paz\/#primaryimage\"},\"image\":{\"@id\":\"https:\/\/www.ericadventures.com\/es\/bolivia\/city-tour-la-paz\/#primaryimage\"},\"thumbnailUrl\":\"https:\/\/www.ericadventures.com\/wp-content\/uploads\/valle01.jpg\",\"datePublished\":\"2023-11-12T01:29:40+00:00\",\"dateModified\":\"2025-11-07T16:07:01+00:00\",\"description\":\"Bolivia es un Pa\u00eds ubicado entre la cordillera de los Andes y La Selva Tropical, visitaremos La Paz, Killi Killi y la Plaza Murillo\",\"breadcrumb\":{\"@id\":\"https:\/\/www.ericadventures.com\/es\/bolivia\/city-tour-la-paz\/#breadcrumb\"},\"inLanguage\":\"es\",\"potentialAction\":[{\"@type\":\"ReadAction\",\"target\":[\"https:\/\/www.ericadventures.com\/es\/bolivia\/city-tour-la-paz\/\"]}]},{\"@type\":\"ImageObject\",\"inLanguage\":\"es\",\"@id\":\"https:\/\/www.ericadventures.com\/es\/bolivia\/city-tour-la-paz\/#primaryimage\",\"url\":\"https:\/\/www.ericadventures.com\/wp-content\/uploads\/valle01.jpg\",\"contentUrl\":\"https:\/\/www.ericadventures.com\/wp-content\/uploads\/valle01.jpg\",\"width\":560,\"height\":321,\"caption\":\"valle01\"},{\"@type\":\"BreadcrumbList\",\"@id\":\"https:\/\/www.ericadventures.com\/es\/bolivia\/city-tour-la-paz\/#breadcrumb\",\"itemListElement\":[{\"@type\":\"ListItem\",\"position\":1,\"name\":\"Home\",\"item\":\"https:\/\/www.ericadventures.com\/es\/\"},{\"@type\":\"ListItem\",\"position\":2,\"name\":\"Tours en Bolivia\",\"item\":\"https:\/\/www.ericadventures.com\/es\/bolivia\/\"},{\"@type\":\"ListItem\",\"position\":3,\"name\":\"HD City Tour La Paz + Valle de la Luna\"}]},{\"@type\":\"WebSite\",\"@id\":\"https:\/\/www.ericadventures.com\/en\/#website\",\"url\":\"https:\/\/www.ericadventures.com\/en\/\",\"name\":\"Eric Adventures\",\"description\":\"\",\"publisher\":{\"@id\":\"https:\/\/www.ericadventures.com\/en\/#organization\"},\"alternateName\":\"Eric Adventures\",\"potentialAction\":[{\"@type\":\"SearchAction\",\"target\":{\"@type\":\"EntryPoint\",\"urlTemplate\":\"https:\/\/www.ericadventures.com\/en\/?s={search_term_string}\"},\"query-input\":{\"@type\":\"PropertyValueSpecification\",\"valueRequired\":true,\"valueName\":\"search_term_string\"}}],\"inLanguage\":\"es\"},{\"@type\":\"Organization\",\"@id\":\"https:\/\/www.ericadventures.com\/en\/#organization\",\"name\":\"Eric Adventures\",\"url\":\"https:\/\/www.ericadventures.com\/en\/\",\"logo\":{\"@type\":\"ImageObject\",\"inLanguage\":\"es\",\"@id\":\"https:\/\/www.ericadventures.com\/en\/#\/schema\/logo\/image\/\",\"url\":\"https:\/\/www.ericadventures.com\/wp-content\/uploads\/logo-ericadventures.png\",\"contentUrl\":\"https:\/\/www.ericadventures.com\/wp-content\/uploads\/logo-ericadventures.png\",\"width\":500,\"height\":106,\"caption\":\"Eric Adventures\"},\"image\":{\"@id\":\"https:\/\/www.ericadventures.com\/en\/#\/schema\/logo\/image\/\"}}]}<\/script>\n<!-- \/ Yoast SEO Premium plugin. -->","yoast_head_json":{"title":"HD City Tour La Paz + Valle de la Luna","description":"Bolivia es un Pa\u00eds ubicado entre la cordillera de los Andes y La Selva Tropical, visitaremos La Paz, Killi Killi y la Plaza Murillo","robots":{"index":"index","follow":"follow","max-snippet":"max-snippet:-1","max-image-preview":"max-image-preview:large","max-video-preview":"max-video-preview:-1"},"canonical":"https:\/\/www.ericadventures.com\/es\/bolivia\/city-tour-la-paz\/","og_locale":"es_ES","og_type":"article","og_title":"HD City Tour La Paz + Valle de la Luna","og_description":"Bolivia es un Pa\u00eds ubicado entre la cordillera de los Andes y La Selva Tropical, visitaremos La Paz, Killi Killi y la Plaza Murillo","og_url":"https:\/\/www.ericadventures.com\/es\/bolivia\/city-tour-la-paz\/","og_site_name":"Eric Adventures","article_modified_time":"2025-11-07T16:07:01+00:00","og_image":[{"width":560,"height":321,"url":"https:\/\/www.ericadventures.com\/wp-content\/uploads\/valle01.jpg","type":"image\/jpeg"}],"twitter_card":"summary_large_image","twitter_misc":{"Tiempo de lectura":"4 minutos"},"schema":{"@context":"https:\/\/schema.org","@graph":[{"@type":"WebPage","@id":"https:\/\/www.ericadventures.com\/es\/bolivia\/city-tour-la-paz\/","url":"https:\/\/www.ericadventures.com\/es\/bolivia\/city-tour-la-paz\/","name":"HD City Tour La Paz + Valle de la Luna","isPartOf":{"@id":"https:\/\/www.ericadventures.com\/en\/#website"},"primaryImageOfPage":{"@id":"https:\/\/www.ericadventures.com\/es\/bolivia\/city-tour-la-paz\/#primaryimage"},"image":{"@id":"https:\/\/www.ericadventures.com\/es\/bolivia\/city-tour-la-paz\/#primaryimage"},"thumbnailUrl":"https:\/\/www.ericadventures.com\/wp-content\/uploads\/valle01.jpg","datePublished":"2023-11-12T01:29:40+00:00","dateModified":"2025-11-07T16:07:01+00:00","description":"Bolivia es un Pa\u00eds ubicado entre la cordillera de los Andes y La Selva Tropical, visitaremos La Paz, Killi Killi y la Plaza Murillo","breadcrumb":{"@id":"https:\/\/www.ericadventures.com\/es\/bolivia\/city-tour-la-paz\/#breadcrumb"},"inLanguage":"es","potentialAction":[{"@type":"ReadAction","target":["https:\/\/www.ericadventures.com\/es\/bolivia\/city-tour-la-paz\/"]}]},{"@type":"ImageObject","inLanguage":"es","@id":"https:\/\/www.ericadventures.com\/es\/bolivia\/city-tour-la-paz\/#primaryimage","url":"https:\/\/www.ericadventures.com\/wp-content\/uploads\/valle01.jpg","contentUrl":"https:\/\/www.ericadventures.com\/wp-content\/uploads\/valle01.jpg","width":560,"height":321,"caption":"valle01"},{"@type":"BreadcrumbList","@id":"https:\/\/www.ericadventures.com\/es\/bolivia\/city-tour-la-paz\/#breadcrumb","itemListElement":[{"@type":"ListItem","position":1,"name":"Home","item":"https:\/\/www.ericadventures.com\/es\/"},{"@type":"ListItem","position":2,"name":"Tours en Bolivia","item":"https:\/\/www.ericadventures.com\/es\/bolivia\/"},{"@type":"ListItem","position":3,"name":"HD City Tour La Paz + Valle de la Luna"}]},{"@type":"WebSite","@id":"https:\/\/www.ericadventures.com\/en\/#website","url":"https:\/\/www.ericadventures.com\/en\/","name":"Eric Adventures","description":"","publisher":{"@id":"https:\/\/www.ericadventures.com\/en\/#organization"},"alternateName":"Eric Adventures","potentialAction":[{"@type":"SearchAction","target":{"@type":"EntryPoint","urlTemplate":"https:\/\/www.ericadventures.com\/en\/?s={search_term_string}"},"query-input":{"@type":"PropertyValueSpecification","valueRequired":true,"valueName":"search_term_string"}}],"inLanguage":"es"},{"@type":"Organization","@id":"https:\/\/www.ericadventures.com\/en\/#organization","name":"Eric Adventures","url":"https:\/\/www.ericadventures.com\/en\/","logo":{"@type":"ImageObject","inLanguage":"es","@id":"https:\/\/www.ericadventures.com\/en\/#\/schema\/logo\/image\/","url":"https:\/\/www.ericadventures.com\/wp-content\/uploads\/logo-ericadventures.png","contentUrl":"https:\/\/www.ericadventures.com\/wp-content\/uploads\/logo-ericadventures.png","width":500,"height":106,"caption":"Eric Adventures"},"image":{"@id":"https:\/\/www.ericadventures.com\/en\/#\/schema\/logo\/image\/"}}]}},"coauthors":[],"author_meta":{"author_link":"https:\/\/www.ericadventures.com\/es\/author\/ericadmin\/","display_name":"Eric"},"relative_dates":{"created":"Publicado 2 a\u00f1os hace","modified":"Actualizado 5 meses hace"},"absolute_dates":{"created":"Publicado el noviembre 11, 2023","modified":"Actualizado el noviembre 7, 2025"},"absolute_dates_time":{"created":"Publicado el noviembre 11, 2023 8:29 pm","modified":"Actualizado el noviembre 7, 2025 11:07 am"},"featured_img_caption":"","featured_img":"https:\/\/www.ericadventures.com\/wp-content\/uploads\/valle01.jpg","series_order":"","_links":{"self":[{"href":"https:\/\/www.ericadventures.com\/es\/wp-json\/wp\/v2\/pages\/2128","targetHints":{"allow":["GET"]}}],"collection":[{"href":"https:\/\/www.ericadventures.com\/es\/wp-json\/wp\/v2\/pages"}],"about":[{"href":"https:\/\/www.ericadventures.com\/es\/wp-json\/wp\/v2\/types\/page"}],"author":[{"embeddable":true,"href":"https:\/\/www.ericadventures.com\/es\/wp-json\/wp\/v2\/users\/1"}],"replies":[{"embeddable":true,"href":"https:\/\/www.ericadventures.com\/es\/wp-json\/wp\/v2\/comments?post=2128"}],"version-history":[{"count":8,"href":"https:\/\/www.ericadventures.com\/es\/wp-json\/wp\/v2\/pages\/2128\/revisions"}],"predecessor-version":[{"id":43109,"href":"https:\/\/www.ericadventures.com\/es\/wp-json\/wp\/v2\/pages\/2128\/revisions\/43109"}],"up":[{"embeddable":true,"href":"https:\/\/www.ericadventures.com\/es\/wp-json\/wp\/v2\/pages\/212"}],"wp:featuredmedia":[{"embeddable":true,"href":"https:\/\/www.ericadventures.com\/es\/wp-json\/wp\/v2\/media\/2111"}],"wp:attachment":[{"href":"https:\/\/www.ericadventures.com\/es\/wp-json\/wp\/v2\/media?parent=2128"}],"curies":[{"name":"wp","href":"https:\/\/api.w.org\/{rel}","templated":true}]}}