{"id":23197,"date":"2024-06-08T19:19:45","date_gmt":"2024-06-09T00:19:45","guid":{"rendered":"https:\/\/www.ericadventures.com\/contactanos\/voce-trabalha-conosco\/"},"modified":"2025-01-28T11:40:34","modified_gmt":"2025-01-28T16:40:34","slug":"trabaje-con-nosotros","status":"publish","type":"page","link":"https:\/\/www.ericadventures.com\/es\/trabaje-con-nosotros\/","title":{"rendered":"Trabaje Con Nosotros"},"content":{"rendered":"<div class=\"wp-block-image\">\n<figure class=\"alignleft size-full is-resized\"><img loading=\"lazy\" decoding=\"async\" width=\"400\" height=\"200\" src=\"https:\/\/www.ericadventures.com\/wp-content\/uploads\/work-with-us-travel-agency-1.jpg\" alt=\"\" class=\"wp-image-23188\" style=\"aspect-ratio:1.7777777777777777;object-fit:cover;width:416px;height:auto\" srcset=\"https:\/\/www.ericadventures.com\/wp-content\/uploads\/work-with-us-travel-agency-1.jpg 400w, https:\/\/www.ericadventures.com\/wp-content\/uploads\/work-with-us-travel-agency-1-300x150.jpg 300w\" sizes=\"auto, (max-width: 400px) 100vw, 400px\" \/><\/figure>\n<\/div>\n\n\n<h3 class=\"wp-block-heading\"><\/h3>\n\n\n\n<h3 class=\"wp-block-heading\">Unete a nuestro equipo!<\/h3>\n\n\n\n<p>Eric Adventures, agencia de turismo Peruana, ubicada en Cusco. Organizamos Paquetes Tur\u00edsticos en el <strong>Per\u00fa, Ecuador, Chile, Bolivia y Argentina<\/strong>, tenemos miles de clientes agradecidos y nos caracterizamos por cuidar del medio ambiente con una satisfacci\u00f3n total de nuestros clientes.<br><br>Estamos buscando personas con talento para formar parte de nuestra empresa. Eric Adventures ofrece la posibilidad de trabajar en nuestra empresa en:<\/p>\n\n\n\n<ul class=\"wp-block-list\">\n<li>Guia<\/li>\n\n\n\n<li>Departamento de Ventas<\/li>\n\n\n\n<li>Tour Leader<\/li>\n\n\n\n<li>Marketing Online<\/li>\n<\/ul>\n\n\n\n<p><strong>Por favor llene los datos del formulario!<\/strong><\/p>\n\n\n\n<h2 class=\"wp-block-heading\"><strong>formulario de contacto<\/strong><\/h2>\n\n\n\n<div class=\"wp-block-contact-form-7-contact-form-selector\">\n<div class=\"wpcf7 no-js\" id=\"wpcf7-f6169-o1\" lang=\"es-ES\" dir=\"ltr\" data-wpcf7-id=\"6169\">\n<div class=\"screen-reader-response\"><p role=\"status\" aria-live=\"polite\" aria-atomic=\"true\"><\/p> <ul><\/ul><\/div>\n<form action=\"\/es\/wp-json\/wp\/v2\/pages\/23197#wpcf7-f6169-o1\" method=\"post\" class=\"wpcf7-form init\" aria-label=\"Formulario de contacto\" novalidate=\"novalidate\" data-status=\"init\">\n<fieldset class=\"hidden-fields-container\"><input type=\"hidden\" name=\"_wpcf7\" value=\"6169\" \/><input type=\"hidden\" name=\"_wpcf7_version\" value=\"6.1.5\" \/><input type=\"hidden\" name=\"_wpcf7_locale\" value=\"es_ES\" \/><input type=\"hidden\" name=\"_wpcf7_unit_tag\" value=\"wpcf7-f6169-o1\" \/><input type=\"hidden\" name=\"_wpcf7_container_post\" value=\"0\" \/><input type=\"hidden\" name=\"_wpcf7_posted_data_hash\" value=\"\" \/>\n<\/fieldset>\n<div class=\"wpcf7-turnstile cf-turnstile\" data-sitekey=\"0x4AAAAAACZ2CLxkDaDac8NW\" data-response-field-name=\"_wpcf7_turnstile_response\"><\/div>\n\n<div class=\"formt\">\n    <span class=\"textform\"> Para reservas o m\u00e1s informaci\u00f3n por favor complete el siguiente formulario de cliente\/hu\u00e9sped: <\/span>\n    <input class=\"wpcf7-form-control wpcf7-hidden\" value=\"https:\/\/www.ericadventures.com\/es\/wp-json\/wp\/v2\/pages\/23197\" type=\"hidden\" name=\"Url_Tour\" \/>\n    <input class=\"wpcf7-form-control wpcf7-hidden\" value=\"es\" type=\"hidden\" name=\"Idioma\" \/>\n    <input class=\"wpcf7-form-control wpcf7-hidden\" value=\"25\/04\/2026 11:42:41\" type=\"hidden\" name=\"Fecha_Hora\" \/>\n    <input class=\"wpcf7-form-control wpcf7-hidden\" value=\"216.73.216.10\" type=\"hidden\" name=\"Ip\" \/>\n    <input class=\"wpcf7-form-control wpcf7-hidden\" value=\"Trabaje Con Nosotros\" type=\"hidden\" name=\"Nombre_Tour\" \/>\n    <input class=\"wpcf7-form-control wpcf7-hidden\" value=\"1\" type=\"hidden\" name=\"enviar_excel\" \/>\n    \n    <div class=\"g2\">\n        <div>\n            <label>Nombre: <\/label>\n            <span class=\"wpcf7-form-control-wrap\" data-name=\"Nombre\"><input size=\"40\" maxlength=\"400\" class=\"wpcf7-form-control wpcf7-text wpcf7-validates-as-required\" aria-required=\"true\" aria-invalid=\"false\" value=\"\" type=\"text\" name=\"Nombre\" \/><\/span>\n        <\/div>\n        <div>\n            <label>Email: <\/label>\n            <span class=\"wpcf7-form-control-wrap\" data-name=\"Emails\"><input size=\"40\" maxlength=\"400\" class=\"wpcf7-form-control wpcf7-email wpcf7-validates-as-required wpcf7-text wpcf7-validates-as-email\" aria-required=\"true\" aria-invalid=\"false\" value=\"\" type=\"email\" name=\"Emails\" \/><\/span>\n        <\/div>\n    <\/div>\n    \n    <div class=\"g2\">\n        <div>\n            <label>Pa\u00eds: <\/label>\n            <span class=\"wpcf7-form-control-wrap\" data-name=\"Pais\"><input size=\"40\" maxlength=\"400\" class=\"wpcf7-form-control wpcf7-text\" aria-invalid=\"false\" value=\"\" type=\"text\" name=\"Pais\" \/><\/span>\n        <\/div>\n        <div>\n            <label>Tel\u00e9fono - Whatsapp: <\/label>\n            <span class=\"wpcf7-form-control-wrap\" data-name=\"Whatsapp\"><input size=\"40\" class=\"wpcf7-form-control wpcf7-phonetext wpcf7-text wpcf7-validates-as-phonetext\" aria-invalid=\"false\" value=\"\" type=\"text\" name=\"Whatsapp\" \/><input type=\"hidden\" name=\"Whatsapp-country-code\" class=\"wpcf7-phonetext-country-code\" \/><\/span>\n        <\/div>\n    <\/div>\n    \n    <div class=\"g2\">\n        <div>\n            <label>Cantidad de Personas Adultas: <\/label>\n            <span class=\"wpcf7-form-control-wrap\" data-name=\"Adultos\"><select class=\"wpcf7-form-control wpcf7-select wpcf7-validates-as-required\" aria-required=\"true\" aria-invalid=\"false\" name=\"Adultos\"><option value=\"1\">1<\/option><option value=\"2\">2<\/option><option value=\"3\">3<\/option><option value=\"4\">4<\/option><option value=\"5\">5<\/option><option value=\"6\">6<\/option><option value=\"7\">7<\/option><option value=\"8\">8<\/option><option value=\"9\">9<\/option><option value=\"10\">10<\/option><option value=\"11\">11<\/option><option value=\"12 a m\u00e1s\">12 a m\u00e1s<\/option><\/select><\/span>\n        <\/div>\n        <div>\n            <label>Cantidad de Ni\u00f1os: <\/label>\n            <span class=\"wpcf7-form-control-wrap\" data-name=\"Ninos\"><select class=\"wpcf7-form-control wpcf7-select wpcf7-validates-as-required\" aria-required=\"true\" aria-invalid=\"false\" name=\"Ninos\"><option value=\"0\">0<\/option><option value=\"1\">1<\/option><option value=\"2\">2<\/option><option value=\"3\">3<\/option><option value=\"4\">4<\/option><option value=\"5\">5<\/option><option value=\"6\">6<\/option><option value=\"7\">7<\/option><option value=\"8\">8<\/option><option value=\"9\">9<\/option><option value=\"10\">10<\/option><option value=\"11\">11<\/option><option value=\"12 a m\u00e1s\">12 a m\u00e1s<\/option><\/select><\/span>\n        <\/div>\n    <\/div>\n    \n    <div class=\"g2\">\n        <div>\n            <label>Fecha de Inicio del Tour: <\/label>\n            <span class=\"wpcf7-form-control-wrap\" data-name=\"Inicio\"><input class=\"wpcf7-form-control wpcf7-date wpcf7-validates-as-required wpcf7-validates-as-date\" id=\"inicio\" min=\"2026-04-25\" aria-required=\"true\" aria-invalid=\"false\" value=\"\" type=\"date\" name=\"Inicio\" \/><\/span>\n        <\/div>\n        <div>\n            <label>Fecha de Finalizaci\u00f3n del Tour: <\/label>\n            <span class=\"wpcf7-form-control-wrap\" data-name=\"Final\"><input class=\"wpcf7-form-control wpcf7-date wpcf7-validates-as-required wpcf7-validates-as-date\" id=\"final\" min=\"2026-04-25\" aria-required=\"true\" aria-invalid=\"false\" value=\"\" type=\"date\" name=\"Final\" \/><\/span>\n        <\/div>\n    <\/div>\n    \n    <div>\n        <label>Comentarios o preguntas: <\/label>\n        <span class=\"wpcf7-form-control-wrap\" data-name=\"Mensaje\"><textarea cols=\"40\" rows=\"10\" maxlength=\"2000\" class=\"wpcf7-form-control wpcf7-textarea wpcf7-validates-as-required\" aria-required=\"true\" aria-invalid=\"false\" placeholder=\"Por favor especifica el tipo de SERVICIO\/TOUR que deseas realizar\" name=\"Mensaje\"><\/textarea><\/span>\n    <\/div>\n    \n    <input class=\"wpcf7-form-control wpcf7-submit has-spinner btnsend\" type=\"submit\" value=\"ENVIAR MENSAJE\" \/>\n<\/div><div class=\"wpcf7-response-output\" aria-hidden=\"true\"><\/div>\n<\/form>\n<\/div>\n<\/div>\n","protected":false},"excerpt":{"rendered":"<p>Unete a nuestro equipo! Eric Adventures, agencia de turismo Peruana, ubicada en Cusco. Organizamos Paquetes Tur\u00edsticos en el Per\u00fa, Ecuador, [&hellip;]<\/p>\n","protected":false},"author":3,"featured_media":24351,"parent":0,"menu_order":0,"comment_status":"closed","ping_status":"closed","template":"page-tour.php","meta":{"_acf_changed":false,"advgb_blocks_editor_width":"","advgb_blocks_columns_visual_guide":"","footnotes":""},"class_list":["post-23197","page","type-page","status-publish","has-post-thumbnail","hentry"],"acf":[],"yoast_head":"<!-- This site is optimized with the Yoast SEO Premium plugin v25.4 (Yoast SEO v26.9) - https:\/\/yoast.com\/product\/yoast-seo-premium-wordpress\/ -->\n<title>\u00danase a nuestro equipo de contrataci\u00f3n<\/title>\n<meta name=\"description\" content=\"Somos una empresa que lleva 20 a\u00f1os trabajando en Per\u00fa y tenemos mucha experiencia ofreciendo los mejores paquetes tur\u00edsticos en Per\u00fa.....\" \/>\n<meta name=\"robots\" content=\"index, follow, max-snippet:-1, max-image-preview:large, max-video-preview:-1\" \/>\n<link rel=\"canonical\" href=\"https:\/\/www.ericadventures.com\/en\/work-with-us\/\" \/>\n<meta property=\"og:locale\" content=\"es_ES\" \/>\n<meta property=\"og:type\" content=\"article\" \/>\n<meta property=\"og:title\" content=\"Trabaje Con Nosotros\" \/>\n<meta property=\"og:description\" content=\"Somos una empresa que lleva 20 a\u00f1os trabajando en Per\u00fa y tenemos mucha experiencia ofreciendo los mejores paquetes tur\u00edsticos en Per\u00fa.....\" \/>\n<meta property=\"og:url\" content=\"https:\/\/www.ericadventures.com\/en\/work-with-us\/\" \/>\n<meta property=\"og:site_name\" content=\"Eric Adventures\" \/>\n<meta property=\"article:modified_time\" content=\"2025-01-28T16:40:34+00:00\" \/>\n<meta property=\"og:image\" content=\"https:\/\/www.ericadventures.com\/wp-content\/uploads\/Captura-56.jpg\" \/>\n\t<meta property=\"og:image:width\" content=\"204\" \/>\n\t<meta property=\"og:image:height\" content=\"195\" \/>\n\t<meta property=\"og:image:type\" content=\"image\/jpeg\" \/>\n<meta name=\"twitter:card\" content=\"summary_large_image\" \/>\n<meta name=\"twitter:label1\" content=\"Tiempo de lectura\" \/>\n\t<meta name=\"twitter:data1\" content=\"1 minuto\" \/>\n<script type=\"application\/ld+json\" class=\"yoast-schema-graph\">{\"@context\":\"https:\/\/schema.org\",\"@graph\":[{\"@type\":\"WebPage\",\"@id\":\"https:\/\/www.ericadventures.com\/en\/work-with-us\/\",\"url\":\"https:\/\/www.ericadventures.com\/en\/work-with-us\/\",\"name\":\"\u00danase a nuestro equipo de contrataci\u00f3n\",\"isPartOf\":{\"@id\":\"https:\/\/www.ericadventures.com\/en\/#website\"},\"primaryImageOfPage\":{\"@id\":\"https:\/\/www.ericadventures.com\/en\/work-with-us\/#primaryimage\"},\"image\":{\"@id\":\"https:\/\/www.ericadventures.com\/en\/work-with-us\/#primaryimage\"},\"thumbnailUrl\":\"https:\/\/www.ericadventures.com\/wp-content\/uploads\/Captura-56.jpg\",\"datePublished\":\"2024-06-09T00:19:45+00:00\",\"dateModified\":\"2025-01-28T16:40:34+00:00\",\"description\":\"Somos una empresa que lleva 20 a\u00f1os trabajando en Per\u00fa y tenemos mucha experiencia ofreciendo los mejores paquetes tur\u00edsticos en Per\u00fa.....\",\"breadcrumb\":{\"@id\":\"https:\/\/www.ericadventures.com\/en\/work-with-us\/#breadcrumb\"},\"inLanguage\":\"es\",\"potentialAction\":[{\"@type\":\"ReadAction\",\"target\":[\"https:\/\/www.ericadventures.com\/en\/work-with-us\/\"]}]},{\"@type\":\"ImageObject\",\"inLanguage\":\"es\",\"@id\":\"https:\/\/www.ericadventures.com\/en\/work-with-us\/#primaryimage\",\"url\":\"https:\/\/www.ericadventures.com\/wp-content\/uploads\/Captura-56.jpg\",\"contentUrl\":\"https:\/\/www.ericadventures.com\/wp-content\/uploads\/Captura-56.jpg\",\"width\":204,\"height\":195},{\"@type\":\"BreadcrumbList\",\"@id\":\"https:\/\/www.ericadventures.com\/en\/work-with-us\/#breadcrumb\",\"itemListElement\":[{\"@type\":\"ListItem\",\"position\":1,\"name\":\"Home\",\"item\":\"https:\/\/www.ericadventures.com\/es\/\"},{\"@type\":\"ListItem\",\"position\":2,\"name\":\"Trabaje Con Nosotros\"}]},{\"@type\":\"WebSite\",\"@id\":\"https:\/\/www.ericadventures.com\/en\/#website\",\"url\":\"https:\/\/www.ericadventures.com\/en\/\",\"name\":\"Eric Adventures\",\"description\":\"\",\"publisher\":{\"@id\":\"https:\/\/www.ericadventures.com\/en\/#organization\"},\"alternateName\":\"Eric Adventures\",\"potentialAction\":[{\"@type\":\"SearchAction\",\"target\":{\"@type\":\"EntryPoint\",\"urlTemplate\":\"https:\/\/www.ericadventures.com\/en\/?s={search_term_string}\"},\"query-input\":{\"@type\":\"PropertyValueSpecification\",\"valueRequired\":true,\"valueName\":\"search_term_string\"}}],\"inLanguage\":\"es\"},{\"@type\":\"Organization\",\"@id\":\"https:\/\/www.ericadventures.com\/en\/#organization\",\"name\":\"Eric Adventures\",\"url\":\"https:\/\/www.ericadventures.com\/en\/\",\"logo\":{\"@type\":\"ImageObject\",\"inLanguage\":\"es\",\"@id\":\"https:\/\/www.ericadventures.com\/en\/#\/schema\/logo\/image\/\",\"url\":\"https:\/\/www.ericadventures.com\/wp-content\/uploads\/logo-ericadventures.png\",\"contentUrl\":\"https:\/\/www.ericadventures.com\/wp-content\/uploads\/logo-ericadventures.png\",\"width\":500,\"height\":106,\"caption\":\"Eric Adventures\"},\"image\":{\"@id\":\"https:\/\/www.ericadventures.com\/en\/#\/schema\/logo\/image\/\"}}]}<\/script>\n<!-- \/ Yoast SEO Premium plugin. -->","yoast_head_json":{"title":"\u00danase a nuestro equipo de contrataci\u00f3n","description":"Somos una empresa que lleva 20 a\u00f1os trabajando en Per\u00fa y tenemos mucha experiencia ofreciendo los mejores paquetes tur\u00edsticos en Per\u00fa.....","robots":{"index":"index","follow":"follow","max-snippet":"max-snippet:-1","max-image-preview":"max-image-preview:large","max-video-preview":"max-video-preview:-1"},"canonical":"https:\/\/www.ericadventures.com\/en\/work-with-us\/","og_locale":"es_ES","og_type":"article","og_title":"Trabaje Con Nosotros","og_description":"Somos una empresa que lleva 20 a\u00f1os trabajando en Per\u00fa y tenemos mucha experiencia ofreciendo los mejores paquetes tur\u00edsticos en Per\u00fa.....","og_url":"https:\/\/www.ericadventures.com\/en\/work-with-us\/","og_site_name":"Eric Adventures","article_modified_time":"2025-01-28T16:40:34+00:00","og_image":[{"width":204,"height":195,"url":"https:\/\/www.ericadventures.com\/wp-content\/uploads\/Captura-56.jpg","type":"image\/jpeg"}],"twitter_card":"summary_large_image","twitter_misc":{"Tiempo de lectura":"1 minuto"},"schema":{"@context":"https:\/\/schema.org","@graph":[{"@type":"WebPage","@id":"https:\/\/www.ericadventures.com\/en\/work-with-us\/","url":"https:\/\/www.ericadventures.com\/en\/work-with-us\/","name":"\u00danase a nuestro equipo de contrataci\u00f3n","isPartOf":{"@id":"https:\/\/www.ericadventures.com\/en\/#website"},"primaryImageOfPage":{"@id":"https:\/\/www.ericadventures.com\/en\/work-with-us\/#primaryimage"},"image":{"@id":"https:\/\/www.ericadventures.com\/en\/work-with-us\/#primaryimage"},"thumbnailUrl":"https:\/\/www.ericadventures.com\/wp-content\/uploads\/Captura-56.jpg","datePublished":"2024-06-09T00:19:45+00:00","dateModified":"2025-01-28T16:40:34+00:00","description":"Somos una empresa que lleva 20 a\u00f1os trabajando en Per\u00fa y tenemos mucha experiencia ofreciendo los mejores paquetes tur\u00edsticos en Per\u00fa.....","breadcrumb":{"@id":"https:\/\/www.ericadventures.com\/en\/work-with-us\/#breadcrumb"},"inLanguage":"es","potentialAction":[{"@type":"ReadAction","target":["https:\/\/www.ericadventures.com\/en\/work-with-us\/"]}]},{"@type":"ImageObject","inLanguage":"es","@id":"https:\/\/www.ericadventures.com\/en\/work-with-us\/#primaryimage","url":"https:\/\/www.ericadventures.com\/wp-content\/uploads\/Captura-56.jpg","contentUrl":"https:\/\/www.ericadventures.com\/wp-content\/uploads\/Captura-56.jpg","width":204,"height":195},{"@type":"BreadcrumbList","@id":"https:\/\/www.ericadventures.com\/en\/work-with-us\/#breadcrumb","itemListElement":[{"@type":"ListItem","position":1,"name":"Home","item":"https:\/\/www.ericadventures.com\/es\/"},{"@type":"ListItem","position":2,"name":"Trabaje Con Nosotros"}]},{"@type":"WebSite","@id":"https:\/\/www.ericadventures.com\/en\/#website","url":"https:\/\/www.ericadventures.com\/en\/","name":"Eric Adventures","description":"","publisher":{"@id":"https:\/\/www.ericadventures.com\/en\/#organization"},"alternateName":"Eric Adventures","potentialAction":[{"@type":"SearchAction","target":{"@type":"EntryPoint","urlTemplate":"https:\/\/www.ericadventures.com\/en\/?s={search_term_string}"},"query-input":{"@type":"PropertyValueSpecification","valueRequired":true,"valueName":"search_term_string"}}],"inLanguage":"es"},{"@type":"Organization","@id":"https:\/\/www.ericadventures.com\/en\/#organization","name":"Eric Adventures","url":"https:\/\/www.ericadventures.com\/en\/","logo":{"@type":"ImageObject","inLanguage":"es","@id":"https:\/\/www.ericadventures.com\/en\/#\/schema\/logo\/image\/","url":"https:\/\/www.ericadventures.com\/wp-content\/uploads\/logo-ericadventures.png","contentUrl":"https:\/\/www.ericadventures.com\/wp-content\/uploads\/logo-ericadventures.png","width":500,"height":106,"caption":"Eric Adventures"},"image":{"@id":"https:\/\/www.ericadventures.com\/en\/#\/schema\/logo\/image\/"}}]}},"coauthors":[],"author_meta":{"author_link":"https:\/\/www.ericadventures.com\/es\/author\/joaco\/","display_name":"Joaqu\u00edn Arenas Hermoza"},"relative_dates":{"created":"Publicado 2 a\u00f1os hace","modified":"Actualizado 1 a\u00f1o hace"},"absolute_dates":{"created":"Publicado el junio 8, 2024","modified":"Actualizado el enero 28, 2025"},"absolute_dates_time":{"created":"Publicado el junio 8, 2024 7:19 pm","modified":"Actualizado el enero 28, 2025 11:40 am"},"featured_img_caption":"","featured_img":"https:\/\/www.ericadventures.com\/wp-content\/uploads\/Captura-56.jpg","series_order":"","_links":{"self":[{"href":"https:\/\/www.ericadventures.com\/es\/wp-json\/wp\/v2\/pages\/23197","targetHints":{"allow":["GET"]}}],"collection":[{"href":"https:\/\/www.ericadventures.com\/es\/wp-json\/wp\/v2\/pages"}],"about":[{"href":"https:\/\/www.ericadventures.com\/es\/wp-json\/wp\/v2\/types\/page"}],"author":[{"embeddable":true,"href":"https:\/\/www.ericadventures.com\/es\/wp-json\/wp\/v2\/users\/3"}],"replies":[{"embeddable":true,"href":"https:\/\/www.ericadventures.com\/es\/wp-json\/wp\/v2\/comments?post=23197"}],"version-history":[{"count":2,"href":"https:\/\/www.ericadventures.com\/es\/wp-json\/wp\/v2\/pages\/23197\/revisions"}],"predecessor-version":[{"id":23208,"href":"https:\/\/www.ericadventures.com\/es\/wp-json\/wp\/v2\/pages\/23197\/revisions\/23208"}],"wp:featuredmedia":[{"embeddable":true,"href":"https:\/\/www.ericadventures.com\/es\/wp-json\/wp\/v2\/media\/24351"}],"wp:attachment":[{"href":"https:\/\/www.ericadventures.com\/es\/wp-json\/wp\/v2\/media?parent=23197"}],"curies":[{"name":"wp","href":"https:\/\/api.w.org\/{rel}","templated":true}]}}