{"id":23840,"date":"2024-06-29T20:27:06","date_gmt":"2024-06-30T01:27:06","guid":{"rendered":"https:\/\/www.ericadventures.com\/alquiler-motocicletas-cusco\/honda-xr-190l-copy\/"},"modified":"2024-06-29T20:31:09","modified_gmt":"2024-06-30T01:31:09","slug":"honda-tornado-250cc","status":"publish","type":"page","link":"https:\/\/www.ericadventures.com\/es\/alquiler-motocicletas-cusco\/honda-tornado-250cc\/","title":{"rendered":"Peru Honda Tornado 250 Cc"},"content":{"rendered":"<div class=\"wp-block-image\">\n<figure class=\"aligncenter size-full is-resized\"><img loading=\"lazy\" decoding=\"async\" width=\"300\" height=\"214\" src=\"https:\/\/www.ericadventures.com\/wp-content\/uploads\/004-2.jpg\" alt=\"\" class=\"wp-image-23842\" style=\"width:400px;height:auto\"\/><\/figure>\n<\/div>\n\n\n<!--Markup for citys-->\n\n<div id=\"item-block_3915b4a576f4d37cebc51d5e7a8fb69a\" class=\"item\">\n\n    \n        <table class=\"table-moto\">\n            <tbody>\n                <tr>\n                    <td colspan=\"2\"><strong> Precio en D\u00f3lares Americanos Por D\u00eda por Motocicleta <\/strong><\/td>\n                <\/tr>\n                \n                            <tr>\n                                <td><strong>1 &#8211; 7 Dias<\/strong><\/td><td>US$55<\/td>\n                            <\/tr>\n                \n                        \n                            <tr>\n                                <td><strong>8 &#8211; 14 Dias<\/strong><\/td><td>US$50<\/td>\n                            <\/tr>\n                \n                        \n                            <tr>\n                                <td><strong>15 + Dias<\/strong><\/td><td>US$45<\/td>\n                            <\/tr>\n                \n                        \n            <\/tbody>\n        <\/table>\n\n<\/div>\n\n\n<p><strong>Nota:<\/strong> Nuestros precios pueden variar en base a disponibilidad y temporada.<\/p>\n\n\n\n<h3 class=\"wp-block-heading\"><strong>DETALLES DE LA MOTOCICLETA:<\/strong><\/h3>\n\n\n\n<ul class=\"wp-block-list\">\n<li><strong>Tipo de Motor:<\/strong> 249cc (Aire-enfriado, c\u00e1rter seco, monocil\u00edndrico, cuatro tiempos)<\/li>\n\n\n\n<li><strong>Tipo de encendido:<\/strong> El\u00e9ctrico<\/li>\n\n\n\n<li><strong>Transmisi\u00f3n:<\/strong> 6 velocidades<\/li>\n\n\n\n<li><strong>Capacidad de combustible:<\/strong> 11.5 litros<\/li>\n\n\n\n<li><strong>Altura de asiento:<\/strong> 34.65 Pulgadas<\/li>\n<\/ul>\n\n\n\n<h3 class=\"wp-block-heading\"><strong>LAS TARIFAS INCLUYEN:<\/strong><\/h3>\n\n\n\n<ul class=\"wp-block-list\">\n<li>Casco<\/li>\n\n\n\n<li>Guantes<\/li>\n\n\n\n<li>Herramientas<\/li>\n\n\n\n<li>Seguro para da\u00f1os a terceros (peatones)<\/li>\n\n\n\n<li>300 KM libres por d\u00eda. US$ 0.5 por km adicional<\/li>\n\n\n\n<li>Seguro Obligatorio Contra Accidentes de Tr\u00e1nsito (SOAT) Este seguro cubre las lesiones del motociclista, pasajero y terceras personas<\/li>\n<\/ul>\n\n\n\n<h3 class=\"wp-block-heading\">LAS TARIFAS NO INCLUYEN:<\/h3>\n\n\n\n<ul class=\"wp-block-list\">\n<li>Combustible<\/li>\n\n\n\n<li>Peajes<\/li>\n<\/ul>\n\n\n\n<h3 class=\"wp-block-heading\"><strong>GARANT\u00cdA:<\/strong><\/h3>\n\n\n\n<p>Para el alquiler, se tiene obligatoriamente que dejar un dep\u00f3sito de <strong>US$ 500<\/strong> como garant\u00eda (no pago), a nombre de la persona que conducir\u00e1 la moto.<br>* La garant\u00eda puede ser depositada en cash o por VISA.<\/p>\n\n\n\n<p>La garant\u00eda ser\u00e1 devuelta una vez nos entregue la moto en las mismas condiciones en las que la recibi\u00f3, si este tuviese alg\u00fan da\u00f1o, usaremos parte de la garant\u00eda de acuerdo al importe de los gastos de reparaci\u00f3n, si el da\u00f1o fuera mayor al monto de la garant\u00eda, usaremos la cantidad total del importe dejado por Ud. y el seguro cubrir\u00eda el adicional del costo de reparaci\u00f3n. Procederemos de la misma forma en caso de que la moto fuera robada.<br>*El importe de garant\u00eda puede variar en base a la zona donde la moto ser\u00e1 alquilada, por ejemplo, Lima es una ciudad m\u00e1s peligrosa que Cusco, por ende la garant\u00eda que nuestros clientes tienen que dejar, podr\u00eda ser mayor en Lima que en Cusco, esto ser\u00e1 considerado tambi\u00e9n para todos los lugares en los que estar\u00e1 la motocicleta.<\/p>\n\n\n\n<h3 class=\"wp-block-heading\"><strong>ADICIONALES<\/strong><\/h3>\n\n\n\n<ul class=\"wp-block-list\">\n<li>Pasajero adicional = US$ 20 por d\u00eda<\/li>\n\n\n\n<li>Video C\u00e1mara \u201cGoPro\u201d = US$ 20 por d\u00eda<\/li>\n\n\n\n<li>Alquiler de GPS = US$ 20 por d\u00eda<\/li>\n\n\n\n<li>Traje de lluvia = US$ 10 por d\u00eda<\/li>\n\n\n\n<li>Dry bag = US$ 5 por d\u00eda<\/li>\n\n\n\n<li>bolsa de tanque = US$ 10 por d\u00eda<\/li>\n\n\n\n<li>Porta Equipaje de Metal = US$ 20 por d\u00eda<\/li>\n<\/ul>\n\n\n\n<h3 class=\"wp-block-heading\"><strong>SEGUROS CONTRA DA\u00d1OS A LA MOTOCICLETA:<\/strong><\/h3>\n\n\n\n<ul class=\"wp-block-list\">\n<li>Seguro por da\u00f1o parcial o total al veh\u00edculo $450<\/li>\n<\/ul>\n\n\n\n<h3 class=\"wp-block-heading\"><strong>POL\u00cdTICAS DE RENTA:<\/strong><\/h3>\n\n\n\n<p>Necesita tener:<br>1) Licencia Internacional de conductor<br>2) Tarjeta de Cr\u00e9dito (Para el pago y la garant\u00eda)<br>3) Pasaporte<br>4) Tener m\u00e1s de 18 a\u00f1os de edad<br><\/p>\n\n\n\n<p>Seguros: Todos nuestros veh\u00edculos cuentan con las siguientes coberturas: Da\u00f1os a terceros (Peatones) en caso de accidente.<br>* El Seguro es v\u00e1lido s\u00f3lo en territorio peruano.<\/p>\n\n\n\n<p><strong>SALIDA DE MOTOCICLETA FUERA DE PER\u00da<\/strong><\/p>\n\n\n\n<p>Para las salidas de motocicletas del pa\u00eds, por nueva disposici\u00f3n de Aduanas, ya no est\u00e1 permitido que los extranjeros salgan conduciendo una motocicleta peruana fuera de Per\u00fa, por lo que si los clientes desean salir del Per\u00fa, con un veh\u00edculo peruano, este obligatoriamente tiene que ser conducido por un ciudadano \u00f3 residente peruano.<\/p>\n\n\n\n<p><strong>Nota:<\/strong> Normalmente los tr\u00e1mites que realizamos para la salida de motocicletas del pa\u00eds, se desarrollan con normalidad, sin embargo no nos haremos responsables si por factores externos no se pueda realizar dicho objetivo, como:<\/p>\n\n\n\n<ul class=\"wp-block-list\">\n<li>Crisis Pol\u00edtica, huelgas, paros, etc<\/li>\n\n\n\n<li>Emergencias<\/li>\n\n\n\n<li>Cat\u00e1strofes naturales<\/li>\n\n\n\n<li>Cambios en el reglamento de aduanas<\/li>\n\n\n\n<li>Situaciones externas a nuestro manejo<\/li>\n<\/ul>\n\n\n\n<p>En caso de que Ud. salga de Per\u00fa:<\/p>\n\n\n\n<p>1) A Bolivia: Per\u00fa y Bolivia no tienen convenio para estos casos, por lo que tendr\u00edamos que hacer el siguiente procedimiento:<\/p>\n\n\n\n<ul class=\"wp-block-list\">\n<li><\/li>\n<\/ul>\n\n\n\n<p>2) A Chile, Ecuador y Brasil, hay que pagar solo US$ 1250 por el permiso notarial, solo tomar\u00e1 una hora para cruzar las fronteras.<\/p>\n\n\n\n<p>3) Si deseas salir de Per\u00fa a otros pa\u00edses con la moto alquilada, tienes que pagar un 50% adicional del precio normal de alquiler de la moto.<\/p>\n\n\n\n<p>4) El importe que el cliente deber\u00e1 dejar como garant\u00eda de la moto debe ser el valor total de la moto.<\/p>\n\n\n\n<p><strong>SEGUROS FUERA DE PER\u00da<\/strong><\/p>\n\n\n\n<p>En caso de que salga de Per\u00fa, incluimos los siguientes seguros:<\/p>\n\n\n\n<ul class=\"wp-block-list\">\n<li><strong>Chile: <\/strong>El seguro es el SOAPEX el cual tiene un costo de US$ 50<\/li>\n\n\n\n<li><strong>Bolivia: <\/strong>El seguro es el SOAT el cual tiene un costo de US$ 50<\/li>\n<\/ul>\n\n\n\n<p>Drop-off Expenses:<br><strong>Gastos por dejar\/recoger el veh\u00edculo fuera del lugar de origen (Drop-off):<\/strong><br>Si Ud. deja la moto en una ciudad distinta de donde inicio su recorrido, deber\u00e1 pagar el costo de retorno de la misma de acuerdo a la distancia.<\/p>\n\n\n\n<h3 class=\"wp-block-heading\">IMPORTANTE<\/h3>\n\n\n\n<p>Al momento de realizar el pago, nosotros reservamos el el modelo de moto deseado por el cliente, sin embargo, si hubiera alguna raz\u00f3n fuera de nuestro manejo donde no se pueda dar la moto deseada, procederemos a darle una similar. Por ejemplo: Accidente no deseado, robo, etc. Si hay diferencias en el precio, se har\u00e1 el reembolso respectivo.<\/p>\n\n\n\n<p>Nuestros horarios de atenci\u00f3n, son de Lunes a Viernes de 8:30am a 1pm y de 3pm a 5:30pm, todos los veh\u00edculos deber\u00e1n ser entregados en horarios de oficina.<\/p>\n\n\n\n<h2 class=\"wp-block-heading\"><a href=\"https:\/\/www.ericadventures.com\/peru\/cusco-peru-alquileres\/faqs-alquiler-motocicletas.html\">FAQS &#8211; PREGUNTAS FRECUENTES<\/a><\/h2>\n\n\n\n<h2 class=\"wp-block-heading\">Formulario de Contacto<\/h2>\n\n\n\n<div class=\"wp-block-contact-form-7-contact-form-selector\">\n<div class=\"wpcf7 no-js\" id=\"wpcf7-f6169-o1\" lang=\"es-ES\" dir=\"ltr\" data-wpcf7-id=\"6169\">\n<div class=\"screen-reader-response\"><p role=\"status\" aria-live=\"polite\" aria-atomic=\"true\"><\/p> <ul><\/ul><\/div>\n<form action=\"\/es\/wp-json\/wp\/v2\/pages\/23840#wpcf7-f6169-o1\" method=\"post\" class=\"wpcf7-form init\" aria-label=\"Formulario de contacto\" novalidate=\"novalidate\" data-status=\"init\">\n<fieldset class=\"hidden-fields-container\"><input type=\"hidden\" name=\"_wpcf7\" value=\"6169\" \/><input type=\"hidden\" name=\"_wpcf7_version\" value=\"6.1.5\" \/><input type=\"hidden\" name=\"_wpcf7_locale\" value=\"es_ES\" \/><input type=\"hidden\" name=\"_wpcf7_unit_tag\" value=\"wpcf7-f6169-o1\" \/><input type=\"hidden\" name=\"_wpcf7_container_post\" value=\"0\" \/><input type=\"hidden\" name=\"_wpcf7_posted_data_hash\" value=\"\" \/>\n<\/fieldset>\n<div class=\"wpcf7-turnstile cf-turnstile\" data-sitekey=\"0x4AAAAAACZ2CLxkDaDac8NW\" data-response-field-name=\"_wpcf7_turnstile_response\"><\/div>\n\n<div class=\"formt\">\n    <span class=\"textform\"> Para reservas o m\u00e1s informaci\u00f3n por favor complete el siguiente formulario de cliente\/hu\u00e9sped: <\/span>\n    <input class=\"wpcf7-form-control wpcf7-hidden\" value=\"https:\/\/www.ericadventures.com\/es\/wp-json\/wp\/v2\/pages\/23840\" type=\"hidden\" name=\"Url_Tour\" \/>\n    <input class=\"wpcf7-form-control wpcf7-hidden\" value=\"es\" type=\"hidden\" name=\"Idioma\" \/>\n    <input class=\"wpcf7-form-control wpcf7-hidden\" value=\"25\/04\/2026 15:21:44\" type=\"hidden\" name=\"Fecha_Hora\" \/>\n    <input class=\"wpcf7-form-control wpcf7-hidden\" value=\"216.73.216.10\" type=\"hidden\" name=\"Ip\" \/>\n    <input class=\"wpcf7-form-control wpcf7-hidden\" value=\"Peru Honda Tornado 250 Cc\" type=\"hidden\" name=\"Nombre_Tour\" \/>\n    <input class=\"wpcf7-form-control wpcf7-hidden\" value=\"1\" type=\"hidden\" name=\"enviar_excel\" \/>\n    \n    <div class=\"g2\">\n        <div>\n            <label>Nombre: <\/label>\n            <span class=\"wpcf7-form-control-wrap\" data-name=\"Nombre\"><input size=\"40\" maxlength=\"400\" class=\"wpcf7-form-control wpcf7-text wpcf7-validates-as-required\" aria-required=\"true\" aria-invalid=\"false\" value=\"\" type=\"text\" name=\"Nombre\" \/><\/span>\n        <\/div>\n        <div>\n            <label>Email: <\/label>\n            <span class=\"wpcf7-form-control-wrap\" data-name=\"Emails\"><input size=\"40\" maxlength=\"400\" class=\"wpcf7-form-control wpcf7-email wpcf7-validates-as-required wpcf7-text wpcf7-validates-as-email\" aria-required=\"true\" aria-invalid=\"false\" value=\"\" type=\"email\" name=\"Emails\" \/><\/span>\n        <\/div>\n    <\/div>\n    \n    <div class=\"g2\">\n        <div>\n            <label>Pa\u00eds: <\/label>\n            <span class=\"wpcf7-form-control-wrap\" data-name=\"Pais\"><input size=\"40\" maxlength=\"400\" class=\"wpcf7-form-control wpcf7-text\" aria-invalid=\"false\" value=\"\" type=\"text\" name=\"Pais\" \/><\/span>\n        <\/div>\n        <div>\n            <label>Tel\u00e9fono - Whatsapp: <\/label>\n            <span class=\"wpcf7-form-control-wrap\" data-name=\"Whatsapp\"><input size=\"40\" class=\"wpcf7-form-control wpcf7-phonetext wpcf7-text wpcf7-validates-as-phonetext\" aria-invalid=\"false\" value=\"\" type=\"text\" name=\"Whatsapp\" \/><input type=\"hidden\" name=\"Whatsapp-country-code\" class=\"wpcf7-phonetext-country-code\" \/><\/span>\n        <\/div>\n    <\/div>\n    \n    <div class=\"g2\">\n        <div>\n            <label>Cantidad de Personas Adultas: <\/label>\n            <span class=\"wpcf7-form-control-wrap\" data-name=\"Adultos\"><select class=\"wpcf7-form-control wpcf7-select wpcf7-validates-as-required\" aria-required=\"true\" aria-invalid=\"false\" name=\"Adultos\"><option value=\"1\">1<\/option><option value=\"2\">2<\/option><option value=\"3\">3<\/option><option value=\"4\">4<\/option><option value=\"5\">5<\/option><option value=\"6\">6<\/option><option value=\"7\">7<\/option><option value=\"8\">8<\/option><option value=\"9\">9<\/option><option value=\"10\">10<\/option><option value=\"11\">11<\/option><option value=\"12 a m\u00e1s\">12 a m\u00e1s<\/option><\/select><\/span>\n        <\/div>\n        <div>\n            <label>Cantidad de Ni\u00f1os: <\/label>\n            <span class=\"wpcf7-form-control-wrap\" data-name=\"Ninos\"><select class=\"wpcf7-form-control wpcf7-select wpcf7-validates-as-required\" aria-required=\"true\" aria-invalid=\"false\" name=\"Ninos\"><option value=\"0\">0<\/option><option value=\"1\">1<\/option><option value=\"2\">2<\/option><option value=\"3\">3<\/option><option value=\"4\">4<\/option><option value=\"5\">5<\/option><option value=\"6\">6<\/option><option value=\"7\">7<\/option><option value=\"8\">8<\/option><option value=\"9\">9<\/option><option value=\"10\">10<\/option><option value=\"11\">11<\/option><option value=\"12 a m\u00e1s\">12 a m\u00e1s<\/option><\/select><\/span>\n        <\/div>\n    <\/div>\n    \n    <div class=\"g2\">\n        <div>\n            <label>Fecha de Inicio del Tour: <\/label>\n            <span class=\"wpcf7-form-control-wrap\" data-name=\"Inicio\"><input class=\"wpcf7-form-control wpcf7-date wpcf7-validates-as-required wpcf7-validates-as-date\" id=\"inicio\" min=\"2026-04-25\" aria-required=\"true\" aria-invalid=\"false\" value=\"\" type=\"date\" name=\"Inicio\" \/><\/span>\n        <\/div>\n        <div>\n            <label>Fecha de Finalizaci\u00f3n del Tour: <\/label>\n            <span class=\"wpcf7-form-control-wrap\" data-name=\"Final\"><input class=\"wpcf7-form-control wpcf7-date wpcf7-validates-as-required wpcf7-validates-as-date\" id=\"final\" min=\"2026-04-25\" aria-required=\"true\" aria-invalid=\"false\" value=\"\" type=\"date\" name=\"Final\" \/><\/span>\n        <\/div>\n    <\/div>\n    \n    <div>\n        <label>Comentarios o preguntas: <\/label>\n        <span class=\"wpcf7-form-control-wrap\" data-name=\"Mensaje\"><textarea cols=\"40\" rows=\"10\" maxlength=\"2000\" class=\"wpcf7-form-control wpcf7-textarea wpcf7-validates-as-required\" aria-required=\"true\" aria-invalid=\"false\" placeholder=\"Por favor especifica el tipo de SERVICIO\/TOUR que deseas realizar\" name=\"Mensaje\"><\/textarea><\/span>\n    <\/div>\n    \n    <input class=\"wpcf7-form-control wpcf7-submit has-spinner btnsend\" type=\"submit\" value=\"ENVIAR MENSAJE\" \/>\n<\/div><div class=\"wpcf7-response-output\" aria-hidden=\"true\"><\/div>\n<\/form>\n<\/div>\n<\/div>\n","protected":false},"excerpt":{"rendered":"<p>Nota: Nuestros precios pueden variar en base a disponibilidad y temporada. DETALLES DE LA MOTOCICLETA: LAS TARIFAS INCLUYEN: LAS TARIFAS [&hellip;]<\/p>\n","protected":false},"author":3,"featured_media":23847,"parent":1490,"menu_order":0,"comment_status":"closed","ping_status":"closed","template":"page-rental-moto.php","meta":{"_acf_changed":false,"advgb_blocks_editor_width":"","advgb_blocks_columns_visual_guide":"","footnotes":""},"class_list":["post-23840","page","type-page","status-publish","has-post-thumbnail","hentry"],"acf":[],"yoast_head":"<!-- This site is optimized with the Yoast SEO Premium plugin v25.4 (Yoast SEO v26.9) - https:\/\/yoast.com\/product\/yoast-seo-premium-wordpress\/ -->\n<title>Alquiler Honda Tornado Cusco Per\u00fa<\/title>\n<meta name=\"description\" content=\"Ideal para recorrer, Cusco, sus alrededores e incluso ir a Machu Picchu, la honda tornado 250cc una moto econ\u00f3mica para todo tipo de terreno.\" \/>\n<meta name=\"robots\" content=\"index, follow, max-snippet:-1, max-image-preview:large, max-video-preview:-1\" \/>\n<link rel=\"canonical\" href=\"https:\/\/www.ericadventures.com\/en\/motorcycle-rental-peru\/honda-tornado250cc\/\" \/>\n<meta property=\"og:locale\" content=\"es_ES\" \/>\n<meta property=\"og:type\" content=\"article\" \/>\n<meta property=\"og:title\" content=\"Peru Honda Tornado 250 Cc\" \/>\n<meta property=\"og:description\" content=\"Ideal para recorrer, Cusco, sus alrededores e incluso ir a Machu Picchu, la honda tornado 250cc una moto econ\u00f3mica para todo tipo de terreno.\" \/>\n<meta property=\"og:url\" content=\"https:\/\/www.ericadventures.com\/en\/motorcycle-rental-peru\/honda-tornado250cc\/\" \/>\n<meta property=\"og:site_name\" content=\"Eric Adventures\" \/>\n<meta property=\"article:modified_time\" content=\"2024-06-30T01:31:09+00:00\" \/>\n<meta property=\"og:image\" content=\"https:\/\/www.ericadventures.com\/wp-content\/uploads\/004-3.jpg\" \/>\n\t<meta property=\"og:image:width\" content=\"300\" \/>\n\t<meta property=\"og:image:height\" content=\"214\" \/>\n\t<meta property=\"og:image:type\" content=\"image\/jpeg\" \/>\n<meta name=\"twitter:card\" content=\"summary_large_image\" \/>\n<meta name=\"twitter:label1\" content=\"Tiempo de lectura\" \/>\n\t<meta name=\"twitter:data1\" content=\"5 minutos\" \/>\n<script type=\"application\/ld+json\" class=\"yoast-schema-graph\">{\"@context\":\"https:\/\/schema.org\",\"@graph\":[{\"@type\":\"WebPage\",\"@id\":\"https:\/\/www.ericadventures.com\/en\/motorcycle-rental-peru\/honda-tornado250cc\/\",\"url\":\"https:\/\/www.ericadventures.com\/en\/motorcycle-rental-peru\/honda-tornado250cc\/\",\"name\":\"Alquiler Honda Tornado Cusco Per\u00fa\",\"isPartOf\":{\"@id\":\"https:\/\/www.ericadventures.com\/en\/#website\"},\"primaryImageOfPage\":{\"@id\":\"https:\/\/www.ericadventures.com\/en\/motorcycle-rental-peru\/honda-tornado250cc\/#primaryimage\"},\"image\":{\"@id\":\"https:\/\/www.ericadventures.com\/en\/motorcycle-rental-peru\/honda-tornado250cc\/#primaryimage\"},\"thumbnailUrl\":\"https:\/\/www.ericadventures.com\/wp-content\/uploads\/004-3.jpg\",\"datePublished\":\"2024-06-30T01:27:06+00:00\",\"dateModified\":\"2024-06-30T01:31:09+00:00\",\"description\":\"Ideal para recorrer, Cusco, sus alrededores e incluso ir a Machu Picchu, la honda tornado 250cc una moto econ\u00f3mica para todo tipo de terreno.\",\"breadcrumb\":{\"@id\":\"https:\/\/www.ericadventures.com\/en\/motorcycle-rental-peru\/honda-tornado250cc\/#breadcrumb\"},\"inLanguage\":\"es\",\"potentialAction\":[{\"@type\":\"ReadAction\",\"target\":[\"https:\/\/www.ericadventures.com\/en\/motorcycle-rental-peru\/honda-tornado250cc\/\"]}]},{\"@type\":\"ImageObject\",\"inLanguage\":\"es\",\"@id\":\"https:\/\/www.ericadventures.com\/en\/motorcycle-rental-peru\/honda-tornado250cc\/#primaryimage\",\"url\":\"https:\/\/www.ericadventures.com\/wp-content\/uploads\/004-3.jpg\",\"contentUrl\":\"https:\/\/www.ericadventures.com\/wp-content\/uploads\/004-3.jpg\",\"width\":300,\"height\":214,\"caption\":\"Peru Honda Tornado\"},{\"@type\":\"BreadcrumbList\",\"@id\":\"https:\/\/www.ericadventures.com\/en\/motorcycle-rental-peru\/honda-tornado250cc\/#breadcrumb\",\"itemListElement\":[{\"@type\":\"ListItem\",\"position\":1,\"name\":\"Home\",\"item\":\"https:\/\/www.ericadventures.com\/es\/\"},{\"@type\":\"ListItem\",\"position\":2,\"name\":\"Alquiler De Motocicletas En Cusco\",\"item\":\"https:\/\/www.ericadventures.com\/es\/alquiler-motocicletas-cusco\/\"},{\"@type\":\"ListItem\",\"position\":3,\"name\":\"Peru Honda Tornado 250 Cc\"}]},{\"@type\":\"WebSite\",\"@id\":\"https:\/\/www.ericadventures.com\/en\/#website\",\"url\":\"https:\/\/www.ericadventures.com\/en\/\",\"name\":\"Eric Adventures\",\"description\":\"\",\"publisher\":{\"@id\":\"https:\/\/www.ericadventures.com\/en\/#organization\"},\"alternateName\":\"Eric Adventures\",\"potentialAction\":[{\"@type\":\"SearchAction\",\"target\":{\"@type\":\"EntryPoint\",\"urlTemplate\":\"https:\/\/www.ericadventures.com\/en\/?s={search_term_string}\"},\"query-input\":{\"@type\":\"PropertyValueSpecification\",\"valueRequired\":true,\"valueName\":\"search_term_string\"}}],\"inLanguage\":\"es\"},{\"@type\":\"Organization\",\"@id\":\"https:\/\/www.ericadventures.com\/en\/#organization\",\"name\":\"Eric Adventures\",\"url\":\"https:\/\/www.ericadventures.com\/en\/\",\"logo\":{\"@type\":\"ImageObject\",\"inLanguage\":\"es\",\"@id\":\"https:\/\/www.ericadventures.com\/en\/#\/schema\/logo\/image\/\",\"url\":\"https:\/\/www.ericadventures.com\/wp-content\/uploads\/logo-ericadventures.png\",\"contentUrl\":\"https:\/\/www.ericadventures.com\/wp-content\/uploads\/logo-ericadventures.png\",\"width\":500,\"height\":106,\"caption\":\"Eric Adventures\"},\"image\":{\"@id\":\"https:\/\/www.ericadventures.com\/en\/#\/schema\/logo\/image\/\"}}]}<\/script>\n<!-- \/ Yoast SEO Premium plugin. -->","yoast_head_json":{"title":"Alquiler Honda Tornado Cusco Per\u00fa","description":"Ideal para recorrer, Cusco, sus alrededores e incluso ir a Machu Picchu, la honda tornado 250cc una moto econ\u00f3mica para todo tipo de terreno.","robots":{"index":"index","follow":"follow","max-snippet":"max-snippet:-1","max-image-preview":"max-image-preview:large","max-video-preview":"max-video-preview:-1"},"canonical":"https:\/\/www.ericadventures.com\/en\/motorcycle-rental-peru\/honda-tornado250cc\/","og_locale":"es_ES","og_type":"article","og_title":"Peru Honda Tornado 250 Cc","og_description":"Ideal para recorrer, Cusco, sus alrededores e incluso ir a Machu Picchu, la honda tornado 250cc una moto econ\u00f3mica para todo tipo de terreno.","og_url":"https:\/\/www.ericadventures.com\/en\/motorcycle-rental-peru\/honda-tornado250cc\/","og_site_name":"Eric Adventures","article_modified_time":"2024-06-30T01:31:09+00:00","og_image":[{"width":300,"height":214,"url":"https:\/\/www.ericadventures.com\/wp-content\/uploads\/004-3.jpg","type":"image\/jpeg"}],"twitter_card":"summary_large_image","twitter_misc":{"Tiempo de lectura":"5 minutos"},"schema":{"@context":"https:\/\/schema.org","@graph":[{"@type":"WebPage","@id":"https:\/\/www.ericadventures.com\/en\/motorcycle-rental-peru\/honda-tornado250cc\/","url":"https:\/\/www.ericadventures.com\/en\/motorcycle-rental-peru\/honda-tornado250cc\/","name":"Alquiler Honda Tornado Cusco Per\u00fa","isPartOf":{"@id":"https:\/\/www.ericadventures.com\/en\/#website"},"primaryImageOfPage":{"@id":"https:\/\/www.ericadventures.com\/en\/motorcycle-rental-peru\/honda-tornado250cc\/#primaryimage"},"image":{"@id":"https:\/\/www.ericadventures.com\/en\/motorcycle-rental-peru\/honda-tornado250cc\/#primaryimage"},"thumbnailUrl":"https:\/\/www.ericadventures.com\/wp-content\/uploads\/004-3.jpg","datePublished":"2024-06-30T01:27:06+00:00","dateModified":"2024-06-30T01:31:09+00:00","description":"Ideal para recorrer, Cusco, sus alrededores e incluso ir a Machu Picchu, la honda tornado 250cc una moto econ\u00f3mica para todo tipo de terreno.","breadcrumb":{"@id":"https:\/\/www.ericadventures.com\/en\/motorcycle-rental-peru\/honda-tornado250cc\/#breadcrumb"},"inLanguage":"es","potentialAction":[{"@type":"ReadAction","target":["https:\/\/www.ericadventures.com\/en\/motorcycle-rental-peru\/honda-tornado250cc\/"]}]},{"@type":"ImageObject","inLanguage":"es","@id":"https:\/\/www.ericadventures.com\/en\/motorcycle-rental-peru\/honda-tornado250cc\/#primaryimage","url":"https:\/\/www.ericadventures.com\/wp-content\/uploads\/004-3.jpg","contentUrl":"https:\/\/www.ericadventures.com\/wp-content\/uploads\/004-3.jpg","width":300,"height":214,"caption":"Peru Honda Tornado"},{"@type":"BreadcrumbList","@id":"https:\/\/www.ericadventures.com\/en\/motorcycle-rental-peru\/honda-tornado250cc\/#breadcrumb","itemListElement":[{"@type":"ListItem","position":1,"name":"Home","item":"https:\/\/www.ericadventures.com\/es\/"},{"@type":"ListItem","position":2,"name":"Alquiler De Motocicletas En Cusco","item":"https:\/\/www.ericadventures.com\/es\/alquiler-motocicletas-cusco\/"},{"@type":"ListItem","position":3,"name":"Peru Honda Tornado 250 Cc"}]},{"@type":"WebSite","@id":"https:\/\/www.ericadventures.com\/en\/#website","url":"https:\/\/www.ericadventures.com\/en\/","name":"Eric Adventures","description":"","publisher":{"@id":"https:\/\/www.ericadventures.com\/en\/#organization"},"alternateName":"Eric Adventures","potentialAction":[{"@type":"SearchAction","target":{"@type":"EntryPoint","urlTemplate":"https:\/\/www.ericadventures.com\/en\/?s={search_term_string}"},"query-input":{"@type":"PropertyValueSpecification","valueRequired":true,"valueName":"search_term_string"}}],"inLanguage":"es"},{"@type":"Organization","@id":"https:\/\/www.ericadventures.com\/en\/#organization","name":"Eric Adventures","url":"https:\/\/www.ericadventures.com\/en\/","logo":{"@type":"ImageObject","inLanguage":"es","@id":"https:\/\/www.ericadventures.com\/en\/#\/schema\/logo\/image\/","url":"https:\/\/www.ericadventures.com\/wp-content\/uploads\/logo-ericadventures.png","contentUrl":"https:\/\/www.ericadventures.com\/wp-content\/uploads\/logo-ericadventures.png","width":500,"height":106,"caption":"Eric Adventures"},"image":{"@id":"https:\/\/www.ericadventures.com\/en\/#\/schema\/logo\/image\/"}}]}},"coauthors":[],"author_meta":{"author_link":"https:\/\/www.ericadventures.com\/es\/author\/joaco\/","display_name":"Joaqu\u00edn Arenas Hermoza"},"relative_dates":{"created":"Publicado 2 a\u00f1os hace","modified":"Actualizado 2 a\u00f1os hace"},"absolute_dates":{"created":"Publicado el junio 29, 2024","modified":"Actualizado el junio 29, 2024"},"absolute_dates_time":{"created":"Publicado el junio 29, 2024 8:27 pm","modified":"Actualizado el junio 29, 2024 8:31 pm"},"featured_img_caption":"","featured_img":"https:\/\/www.ericadventures.com\/wp-content\/uploads\/004-3.jpg","series_order":"","_links":{"self":[{"href":"https:\/\/www.ericadventures.com\/es\/wp-json\/wp\/v2\/pages\/23840","targetHints":{"allow":["GET"]}}],"collection":[{"href":"https:\/\/www.ericadventures.com\/es\/wp-json\/wp\/v2\/pages"}],"about":[{"href":"https:\/\/www.ericadventures.com\/es\/wp-json\/wp\/v2\/types\/page"}],"author":[{"embeddable":true,"href":"https:\/\/www.ericadventures.com\/es\/wp-json\/wp\/v2\/users\/3"}],"replies":[{"embeddable":true,"href":"https:\/\/www.ericadventures.com\/es\/wp-json\/wp\/v2\/comments?post=23840"}],"version-history":[{"count":1,"href":"https:\/\/www.ericadventures.com\/es\/wp-json\/wp\/v2\/pages\/23840\/revisions"}],"predecessor-version":[{"id":23856,"href":"https:\/\/www.ericadventures.com\/es\/wp-json\/wp\/v2\/pages\/23840\/revisions\/23856"}],"up":[{"embeddable":true,"href":"https:\/\/www.ericadventures.com\/es\/wp-json\/wp\/v2\/pages\/1490"}],"wp:featuredmedia":[{"embeddable":true,"href":"https:\/\/www.ericadventures.com\/es\/wp-json\/wp\/v2\/media\/23847"}],"wp:attachment":[{"href":"https:\/\/www.ericadventures.com\/es\/wp-json\/wp\/v2\/media?parent=23840"}],"curies":[{"name":"wp","href":"https:\/\/api.w.org\/{rel}","templated":true}]}}