{"id":3592,"date":"2023-11-16T07:05:59","date_gmt":"2023-11-16T12:05:59","guid":{"rendered":"https:\/\/www.ericadventures.com\/bolivia\/tour-la-paz-night-folk-show\/"},"modified":"2025-11-20T11:13:25","modified_gmt":"2025-11-20T16:13:25","slug":"tour-bolivia-paz-noche","status":"publish","type":"page","link":"https:\/\/www.ericadventures.com\/es\/bolivia\/tour-bolivia-paz-noche\/","title":{"rendered":"HD La Paz De Noche Con Danzas Folkl\u00f3ricas"},"content":{"rendered":"<div class=\"wp-block-image\">\n<figure class=\"alignleft size-full is-resized\"><img loading=\"lazy\" decoding=\"async\" width=\"400\" height=\"176\" src=\"https:\/\/www.ericadventures.com\/wp-content\/uploads\/bolivia_tours_la_paz_night-1.jpg\" alt=\"\" class=\"wp-image-3772\" style=\"aspect-ratio:1.7777777777777777;object-fit:cover;width:416px;height:auto\" srcset=\"https:\/\/www.ericadventures.com\/wp-content\/uploads\/bolivia_tours_la_paz_night-1.jpg 400w, https:\/\/www.ericadventures.com\/wp-content\/uploads\/bolivia_tours_la_paz_night-1-300x132.jpg 300w\" sizes=\"auto, (max-width: 400px) 100vw, 400px\" \/><\/figure>\n<\/div>\n\n\n<p><strong>Bolivia<\/strong>&nbsp;es un Pa\u00eds ubicado entre la cordillera de los Andes y La&nbsp;<a href=\"https:\/\/www.ericadventures.com\/peru\/cusco\/iquitos-selva-peruana-3dias.html\" target=\"_blank\" rel=\"noreferrer noopener\">Selva<\/a>&nbsp;Tropical, lo cual nos d\u00e1 muchas posibilidades para explorarla.<\/p>\n\n\n\n<p><\/p>\n\n\n\n<p><\/p>\n\n\n\n<p><\/p>\n\n\n\n<p><\/p>\n\n\n\n<h2 class=\"wp-block-heading\" id=\"h-itinerario\">Itinerario<\/h2>\n\n\n\n<p>Iniciaremos este viaje en&nbsp;<a href=\"https:\/\/www.ericadventures.com\/peru\/bolivia\/tour-bolivia.html\" target=\"_blank\" rel=\"noreferrer noopener\">La Paz<\/a>&nbsp;a las 8 p.m., para comenzar, nos derigiremos al telespectador \u00ab<strong>el Monticulo<\/strong>\u00bb donde aprovecharemos la ausencia de luz de la ciudad para ver las estrellas fugases, luego iremos a ver las danzas de la regi\u00f3n andina que tienen una variedad de ritmos y colores impresionantes, tambi\u00e9n podremos ver a lo artistas bolivianos tocar sus instrumentos nativos y poder probar los platos t\u00edpicos. Nuestro gu\u00eda estar\u00e1 explic\u00e1ndonos las historias de las danzas y los platos tradicionales.<\/p>\n\n\n\n<h2 class=\"wp-block-heading\" id=\"h-incluye\">Incluye<\/h2>\n\n\n\n<ul class=\"wp-block-list\">\n<li>Gu\u00eda profesional (Ingles\/Espa\u00f1ol).<\/li>\n\n\n\n<li>Boletos de ingreso.<\/li>\n\n\n\n<li>Transporte.<\/li>\n\n\n\n<li>Cena en un restaurante tur\u00edstico<\/li>\n<\/ul>\n\n\n\n<h3 class=\"wp-block-heading\" id=\"h-no-incluye\">No Incluye<\/h3>\n\n\n\n<ul class=\"wp-block-list\">\n<li>Bebidas<\/li>\n\n\n\n<li>Propinas<\/li>\n<\/ul>\n\n\n\n<h2 class=\"wp-block-heading\" id=\"h-precios-por-persona-en-dolares-americanos\">PRECIOS(POR PERSONA EN D\u00d3LARES AMERICANOS)<\/h2>\n\n\n\n<p><strong>SERVICIO COMPARTIDO<\/strong><\/p>\n\n\n\n<ul class=\"wp-block-list\">\n<li>Precio por persona : US$ 75<\/li>\n<\/ul>\n\n\n\n<p>*Precios referenciales sujetos a disponibilidad y temporada.<\/p>\n\n\n\n<h2 class=\"wp-block-heading\" id=\"h-mapa\">Mapa<\/h2>\n\n\n\n<figure class=\"wp-block-gallery has-nested-images columns-default wp-block-gallery-1 is-layout-flex wp-block-gallery-is-layout-flex\">\n<figure class=\"wp-block-image size-thumbnail\"><a href=\"https:\/\/www.ericadventures.com\/wp-content\/uploads\/mapa-folk-show.jpg\"><img loading=\"lazy\" decoding=\"async\" width=\"150\" height=\"150\" data-id=\"38586\" src=\"https:\/\/www.ericadventures.com\/wp-content\/uploads\/mapa-folk-show-150x150.jpg\" alt=\"Mapa Show Folkl\u00f3rico  La Paz\" class=\"wp-image-38586\"\/><\/a><\/figure>\n<\/figure>\n\n\n\n<h2 class=\"wp-block-heading\" id=\"h-galeria-de-fotos\">galeria de fotos<\/h2>\n\n\n\n<figure class=\"wp-block-gallery has-nested-images columns-5 is-cropped wp-block-gallery-2 is-layout-flex wp-block-gallery-is-layout-flex\">\n<figure class=\"wp-block-image size-large\"><a href=\"https:\/\/www.ericadventures.com\/wp-content\/uploads\/bolivia011.jpg\"><img loading=\"lazy\" decoding=\"async\" width=\"480\" height=\"345\" data-id=\"3779\" src=\"https:\/\/www.ericadventures.com\/wp-content\/uploads\/bolivia011.jpg\" alt=\" Show Folkl\u00f3rico  La Paz\" class=\"wp-image-3779\" srcset=\"https:\/\/www.ericadventures.com\/wp-content\/uploads\/bolivia011.jpg 480w, https:\/\/www.ericadventures.com\/wp-content\/uploads\/bolivia011-300x216.jpg 300w\" sizes=\"auto, (max-width: 480px) 100vw, 480px\" \/><\/a><\/figure>\n\n\n\n<figure class=\"wp-block-image size-large\"><a href=\"https:\/\/www.ericadventures.com\/wp-content\/uploads\/bolivia012.jpg\"><img loading=\"lazy\" decoding=\"async\" width=\"480\" height=\"346\" data-id=\"3784\" src=\"https:\/\/www.ericadventures.com\/wp-content\/uploads\/bolivia012.jpg\" alt=\" Show Folkl\u00f3rico de noche,  La Paz\" class=\"wp-image-3784\" srcset=\"https:\/\/www.ericadventures.com\/wp-content\/uploads\/bolivia012.jpg 480w, https:\/\/www.ericadventures.com\/wp-content\/uploads\/bolivia012-300x216.jpg 300w\" sizes=\"auto, (max-width: 480px) 100vw, 480px\" \/><\/a><\/figure>\n\n\n\n<figure class=\"wp-block-image size-large\"><a href=\"https:\/\/www.ericadventures.com\/wp-content\/uploads\/bolivia013.jpg\"><img loading=\"lazy\" decoding=\"async\" width=\"480\" height=\"314\" data-id=\"3795\" src=\"https:\/\/www.ericadventures.com\/wp-content\/uploads\/bolivia013.jpg\" alt=\" Show Folkl\u00f3rico de noche - La Paz\" class=\"wp-image-3795\" srcset=\"https:\/\/www.ericadventures.com\/wp-content\/uploads\/bolivia013.jpg 480w, https:\/\/www.ericadventures.com\/wp-content\/uploads\/bolivia013-300x196.jpg 300w\" sizes=\"auto, (max-width: 480px) 100vw, 480px\" \/><\/a><\/figure>\n\n\n\n<figure class=\"wp-block-image size-large\"><a href=\"https:\/\/www.ericadventures.com\/wp-content\/uploads\/bolivia014.jpg\"><img loading=\"lazy\" decoding=\"async\" width=\"480\" height=\"316\" data-id=\"3785\" src=\"https:\/\/www.ericadventures.com\/wp-content\/uploads\/bolivia014.jpg\" alt=\" Show Folkl\u00f3rico de noche,  La Paz 1\" class=\"wp-image-3785\" srcset=\"https:\/\/www.ericadventures.com\/wp-content\/uploads\/bolivia014.jpg 480w, https:\/\/www.ericadventures.com\/wp-content\/uploads\/bolivia014-300x198.jpg 300w\" sizes=\"auto, (max-width: 480px) 100vw, 480px\" \/><\/a><\/figure>\n\n\n\n<figure class=\"wp-block-image size-large\"><a href=\"https:\/\/www.ericadventures.com\/wp-content\/uploads\/bolivia015.jpg\"><img loading=\"lazy\" decoding=\"async\" width=\"480\" height=\"349\" data-id=\"3794\" src=\"https:\/\/www.ericadventures.com\/wp-content\/uploads\/bolivia015.jpg\" alt=\"La Paz Bolivia\" class=\"wp-image-3794\" srcset=\"https:\/\/www.ericadventures.com\/wp-content\/uploads\/bolivia015.jpg 480w, https:\/\/www.ericadventures.com\/wp-content\/uploads\/bolivia015-300x218.jpg 300w\" sizes=\"auto, (max-width: 480px) 100vw, 480px\" \/><\/a><\/figure>\n<\/figure>\n\n\n\n<h2 class=\"wp-block-heading\" id=\"h-formulario-de-contacto\">formulario de contacto<\/h2>\n\n\n\n<div class=\"wp-block-contact-form-7-contact-form-selector\">\n<div class=\"wpcf7 no-js\" id=\"wpcf7-f6169-o1\" lang=\"es-ES\" dir=\"ltr\" data-wpcf7-id=\"6169\">\n<div class=\"screen-reader-response\"><p role=\"status\" aria-live=\"polite\" aria-atomic=\"true\"><\/p> <ul><\/ul><\/div>\n<form action=\"\/es\/wp-json\/wp\/v2\/pages\/3592#wpcf7-f6169-o1\" method=\"post\" class=\"wpcf7-form init\" aria-label=\"Formulario de contacto\" novalidate=\"novalidate\" data-status=\"init\">\n<fieldset class=\"hidden-fields-container\"><input type=\"hidden\" name=\"_wpcf7\" value=\"6169\" \/><input type=\"hidden\" name=\"_wpcf7_version\" value=\"6.1.5\" \/><input type=\"hidden\" name=\"_wpcf7_locale\" value=\"es_ES\" \/><input type=\"hidden\" name=\"_wpcf7_unit_tag\" value=\"wpcf7-f6169-o1\" \/><input type=\"hidden\" name=\"_wpcf7_container_post\" value=\"0\" \/><input type=\"hidden\" name=\"_wpcf7_posted_data_hash\" value=\"\" \/>\n<\/fieldset>\n<div class=\"wpcf7-turnstile cf-turnstile\" data-sitekey=\"0x4AAAAAACZ2CLxkDaDac8NW\" data-response-field-name=\"_wpcf7_turnstile_response\"><\/div>\n\n<div class=\"formt\">\n    <span class=\"textform\"> Para reservas o m\u00e1s informaci\u00f3n por favor complete el siguiente formulario de cliente\/hu\u00e9sped: <\/span>\n    <input class=\"wpcf7-form-control wpcf7-hidden\" value=\"https:\/\/www.ericadventures.com\/es\/wp-json\/wp\/v2\/pages\/3592\" type=\"hidden\" name=\"Url_Tour\" \/>\n    <input class=\"wpcf7-form-control wpcf7-hidden\" value=\"es\" type=\"hidden\" name=\"Idioma\" \/>\n    <input class=\"wpcf7-form-control wpcf7-hidden\" value=\"04\/05\/2026 03:40:18\" type=\"hidden\" name=\"Fecha_Hora\" \/>\n    <input class=\"wpcf7-form-control wpcf7-hidden\" value=\"216.73.216.166\" type=\"hidden\" name=\"Ip\" \/>\n    <input class=\"wpcf7-form-control wpcf7-hidden\" value=\"HD La Paz De Noche Con Danzas Folkl\u00f3ricas\" type=\"hidden\" name=\"Nombre_Tour\" \/>\n    <input class=\"wpcf7-form-control wpcf7-hidden\" value=\"1\" type=\"hidden\" name=\"enviar_excel\" \/>\n    \n    <div class=\"g2\">\n        <div>\n            <label>Nombre: <\/label>\n            <span class=\"wpcf7-form-control-wrap\" data-name=\"Nombre\"><input size=\"40\" maxlength=\"400\" class=\"wpcf7-form-control wpcf7-text wpcf7-validates-as-required\" aria-required=\"true\" aria-invalid=\"false\" value=\"\" type=\"text\" name=\"Nombre\" \/><\/span>\n        <\/div>\n        <div>\n            <label>Email: <\/label>\n            <span class=\"wpcf7-form-control-wrap\" data-name=\"Emails\"><input size=\"40\" maxlength=\"400\" class=\"wpcf7-form-control wpcf7-email wpcf7-validates-as-required wpcf7-text wpcf7-validates-as-email\" aria-required=\"true\" aria-invalid=\"false\" value=\"\" type=\"email\" name=\"Emails\" \/><\/span>\n        <\/div>\n    <\/div>\n    \n    <div class=\"g2\">\n        <div>\n            <label>Pa\u00eds: <\/label>\n            <span class=\"wpcf7-form-control-wrap\" data-name=\"Pais\"><input size=\"40\" maxlength=\"400\" class=\"wpcf7-form-control wpcf7-text\" aria-invalid=\"false\" value=\"\" type=\"text\" name=\"Pais\" \/><\/span>\n        <\/div>\n        <div>\n            <label>Tel\u00e9fono - Whatsapp: <\/label>\n            <span class=\"wpcf7-form-control-wrap\" data-name=\"Whatsapp\"><input size=\"40\" class=\"wpcf7-form-control wpcf7-phonetext wpcf7-text wpcf7-validates-as-phonetext\" aria-invalid=\"false\" value=\"\" type=\"text\" name=\"Whatsapp\" \/><input type=\"hidden\" name=\"Whatsapp-country-code\" class=\"wpcf7-phonetext-country-code\" \/><\/span>\n        <\/div>\n    <\/div>\n    \n    <div class=\"g2\">\n        <div>\n            <label>Cantidad de Personas Adultas: <\/label>\n            <span class=\"wpcf7-form-control-wrap\" data-name=\"Adultos\"><select class=\"wpcf7-form-control wpcf7-select wpcf7-validates-as-required\" aria-required=\"true\" aria-invalid=\"false\" name=\"Adultos\"><option value=\"1\">1<\/option><option value=\"2\">2<\/option><option value=\"3\">3<\/option><option value=\"4\">4<\/option><option value=\"5\">5<\/option><option value=\"6\">6<\/option><option value=\"7\">7<\/option><option value=\"8\">8<\/option><option value=\"9\">9<\/option><option value=\"10\">10<\/option><option value=\"11\">11<\/option><option value=\"12 a m\u00e1s\">12 a m\u00e1s<\/option><\/select><\/span>\n        <\/div>\n        <div>\n            <label>Cantidad de Ni\u00f1os: <\/label>\n            <span class=\"wpcf7-form-control-wrap\" data-name=\"Ninos\"><select class=\"wpcf7-form-control wpcf7-select wpcf7-validates-as-required\" aria-required=\"true\" aria-invalid=\"false\" name=\"Ninos\"><option value=\"0\">0<\/option><option value=\"1\">1<\/option><option value=\"2\">2<\/option><option value=\"3\">3<\/option><option value=\"4\">4<\/option><option value=\"5\">5<\/option><option value=\"6\">6<\/option><option value=\"7\">7<\/option><option value=\"8\">8<\/option><option value=\"9\">9<\/option><option value=\"10\">10<\/option><option value=\"11\">11<\/option><option value=\"12 a m\u00e1s\">12 a m\u00e1s<\/option><\/select><\/span>\n        <\/div>\n    <\/div>\n    \n    <div class=\"g2\">\n        <div>\n            <label>Fecha de Inicio del Tour: <\/label>\n            <span class=\"wpcf7-form-control-wrap\" data-name=\"Inicio\"><input class=\"wpcf7-form-control wpcf7-date wpcf7-validates-as-required wpcf7-validates-as-date\" id=\"inicio\" min=\"2026-05-04\" aria-required=\"true\" aria-invalid=\"false\" value=\"\" type=\"date\" name=\"Inicio\" \/><\/span>\n        <\/div>\n        <div>\n            <label>Fecha de Finalizaci\u00f3n del Tour: <\/label>\n            <span class=\"wpcf7-form-control-wrap\" data-name=\"Final\"><input class=\"wpcf7-form-control wpcf7-date wpcf7-validates-as-required wpcf7-validates-as-date\" id=\"final\" min=\"2026-05-04\" aria-required=\"true\" aria-invalid=\"false\" value=\"\" type=\"date\" name=\"Final\" \/><\/span>\n        <\/div>\n    <\/div>\n    \n    <div>\n        <label>Comentarios o preguntas: <\/label>\n        <span class=\"wpcf7-form-control-wrap\" data-name=\"Mensaje\"><textarea cols=\"40\" rows=\"10\" maxlength=\"2000\" class=\"wpcf7-form-control wpcf7-textarea wpcf7-validates-as-required\" aria-required=\"true\" aria-invalid=\"false\" placeholder=\"Por favor especifica el tipo de SERVICIO\/TOUR que deseas realizar\" name=\"Mensaje\"><\/textarea><\/span>\n    <\/div>\n    \n    <input class=\"wpcf7-form-control wpcf7-submit has-spinner btnsend\" type=\"submit\" value=\"ENVIAR MENSAJE\" \/>\n<\/div><div class=\"wpcf7-response-output\" aria-hidden=\"true\"><\/div>\n<\/form>\n<\/div>\n<\/div>\n","protected":false},"excerpt":{"rendered":"<p>Bolivia&nbsp;es un Pa\u00eds ubicado entre la cordillera de los Andes y La&nbsp;Selva&nbsp;Tropical, lo cual nos d\u00e1 muchas posibilidades para explorarla. [&hellip;]<\/p>\n","protected":false},"author":1,"featured_media":3803,"parent":212,"menu_order":0,"comment_status":"closed","ping_status":"closed","template":"page-tour.php","meta":{"_acf_changed":false,"advgb_blocks_editor_width":"","advgb_blocks_columns_visual_guide":"","footnotes":""},"class_list":["post-3592","page","type-page","status-publish","has-post-thumbnail","hentry"],"acf":[],"yoast_head":"<!-- This site is optimized with the Yoast SEO Premium plugin v25.4 (Yoast SEO v26.9) - https:\/\/yoast.com\/product\/yoast-seo-premium-wordpress\/ -->\n<title>HD La Paz De Noche Con Danzas Folkl\u00f3ricas<\/title>\n<meta name=\"description\" content=\"Explora La Paz por la noche, disfruta de un espect\u00e1culo folkl\u00f3rico y prueba la gastronom\u00eda tradicional en nuestros tours por Bolivia.\" \/>\n<meta name=\"robots\" content=\"index, follow, max-snippet:-1, max-image-preview:large, max-video-preview:-1\" \/>\n<link rel=\"canonical\" href=\"https:\/\/www.ericadventures.com\/es\/bolivia\/tour-bolivia-paz-noche\/\" \/>\n<meta property=\"og:locale\" content=\"es_ES\" \/>\n<meta property=\"og:type\" content=\"article\" \/>\n<meta property=\"og:title\" content=\"HD La Paz De Noche Con Danzas Folkl\u00f3ricas\" \/>\n<meta property=\"og:description\" content=\"Explora La Paz por la noche, disfruta de un espect\u00e1culo folkl\u00f3rico y prueba la gastronom\u00eda tradicional en nuestros tours por Bolivia.\" \/>\n<meta property=\"og:url\" content=\"https:\/\/www.ericadventures.com\/es\/bolivia\/tour-bolivia-paz-noche\/\" \/>\n<meta property=\"og:site_name\" content=\"Eric Adventures\" \/>\n<meta property=\"article:modified_time\" content=\"2025-11-20T16:13:25+00:00\" \/>\n<meta property=\"og:image\" content=\"https:\/\/www.ericadventures.com\/wp-content\/uploads\/bolivia015.jpg\" \/>\n\t<meta property=\"og:image:width\" content=\"480\" \/>\n\t<meta property=\"og:image:height\" content=\"349\" \/>\n\t<meta property=\"og:image:type\" content=\"image\/jpeg\" \/>\n<meta name=\"twitter:card\" content=\"summary_large_image\" \/>\n<meta name=\"twitter:label1\" content=\"Tiempo de lectura\" \/>\n\t<meta name=\"twitter:data1\" content=\"3 minutos\" \/>\n<script type=\"application\/ld+json\" class=\"yoast-schema-graph\">{\"@context\":\"https:\/\/schema.org\",\"@graph\":[{\"@type\":\"WebPage\",\"@id\":\"https:\/\/www.ericadventures.com\/es\/bolivia\/tour-bolivia-paz-noche\/\",\"url\":\"https:\/\/www.ericadventures.com\/es\/bolivia\/tour-bolivia-paz-noche\/\",\"name\":\"HD La Paz De Noche Con Danzas Folkl\u00f3ricas\",\"isPartOf\":{\"@id\":\"https:\/\/www.ericadventures.com\/en\/#website\"},\"primaryImageOfPage\":{\"@id\":\"https:\/\/www.ericadventures.com\/es\/bolivia\/tour-bolivia-paz-noche\/#primaryimage\"},\"image\":{\"@id\":\"https:\/\/www.ericadventures.com\/es\/bolivia\/tour-bolivia-paz-noche\/#primaryimage\"},\"thumbnailUrl\":\"https:\/\/www.ericadventures.com\/wp-content\/uploads\/bolivia015.jpg\",\"datePublished\":\"2023-11-16T12:05:59+00:00\",\"dateModified\":\"2025-11-20T16:13:25+00:00\",\"description\":\"Explora La Paz por la noche, disfruta de un espect\u00e1culo folkl\u00f3rico y prueba la gastronom\u00eda tradicional en nuestros tours por Bolivia.\",\"breadcrumb\":{\"@id\":\"https:\/\/www.ericadventures.com\/es\/bolivia\/tour-bolivia-paz-noche\/#breadcrumb\"},\"inLanguage\":\"es\",\"potentialAction\":[{\"@type\":\"ReadAction\",\"target\":[\"https:\/\/www.ericadventures.com\/es\/bolivia\/tour-bolivia-paz-noche\/\"]}]},{\"@type\":\"ImageObject\",\"inLanguage\":\"es\",\"@id\":\"https:\/\/www.ericadventures.com\/es\/bolivia\/tour-bolivia-paz-noche\/#primaryimage\",\"url\":\"https:\/\/www.ericadventures.com\/wp-content\/uploads\/bolivia015.jpg\",\"contentUrl\":\"https:\/\/www.ericadventures.com\/wp-content\/uploads\/bolivia015.jpg\",\"width\":480,\"height\":349,\"caption\":\"bolivia015\"},{\"@type\":\"BreadcrumbList\",\"@id\":\"https:\/\/www.ericadventures.com\/es\/bolivia\/tour-bolivia-paz-noche\/#breadcrumb\",\"itemListElement\":[{\"@type\":\"ListItem\",\"position\":1,\"name\":\"Home\",\"item\":\"https:\/\/www.ericadventures.com\/es\/\"},{\"@type\":\"ListItem\",\"position\":2,\"name\":\"Tours en Bolivia\",\"item\":\"https:\/\/www.ericadventures.com\/es\/bolivia\/\"},{\"@type\":\"ListItem\",\"position\":3,\"name\":\"HD La Paz De Noche Con Danzas Folkl\u00f3ricas\"}]},{\"@type\":\"WebSite\",\"@id\":\"https:\/\/www.ericadventures.com\/en\/#website\",\"url\":\"https:\/\/www.ericadventures.com\/en\/\",\"name\":\"Eric Adventures\",\"description\":\"\",\"publisher\":{\"@id\":\"https:\/\/www.ericadventures.com\/en\/#organization\"},\"alternateName\":\"Eric Adventures\",\"potentialAction\":[{\"@type\":\"SearchAction\",\"target\":{\"@type\":\"EntryPoint\",\"urlTemplate\":\"https:\/\/www.ericadventures.com\/en\/?s={search_term_string}\"},\"query-input\":{\"@type\":\"PropertyValueSpecification\",\"valueRequired\":true,\"valueName\":\"search_term_string\"}}],\"inLanguage\":\"es\"},{\"@type\":\"Organization\",\"@id\":\"https:\/\/www.ericadventures.com\/en\/#organization\",\"name\":\"Eric Adventures\",\"url\":\"https:\/\/www.ericadventures.com\/en\/\",\"logo\":{\"@type\":\"ImageObject\",\"inLanguage\":\"es\",\"@id\":\"https:\/\/www.ericadventures.com\/en\/#\/schema\/logo\/image\/\",\"url\":\"https:\/\/www.ericadventures.com\/wp-content\/uploads\/logo-ericadventures.png\",\"contentUrl\":\"https:\/\/www.ericadventures.com\/wp-content\/uploads\/logo-ericadventures.png\",\"width\":500,\"height\":106,\"caption\":\"Eric Adventures\"},\"image\":{\"@id\":\"https:\/\/www.ericadventures.com\/en\/#\/schema\/logo\/image\/\"}}]}<\/script>\n<!-- \/ Yoast SEO Premium plugin. -->","yoast_head_json":{"title":"HD La Paz De Noche Con Danzas Folkl\u00f3ricas","description":"Explora La Paz por la noche, disfruta de un espect\u00e1culo folkl\u00f3rico y prueba la gastronom\u00eda tradicional en nuestros tours por Bolivia.","robots":{"index":"index","follow":"follow","max-snippet":"max-snippet:-1","max-image-preview":"max-image-preview:large","max-video-preview":"max-video-preview:-1"},"canonical":"https:\/\/www.ericadventures.com\/es\/bolivia\/tour-bolivia-paz-noche\/","og_locale":"es_ES","og_type":"article","og_title":"HD La Paz De Noche Con Danzas Folkl\u00f3ricas","og_description":"Explora La Paz por la noche, disfruta de un espect\u00e1culo folkl\u00f3rico y prueba la gastronom\u00eda tradicional en nuestros tours por Bolivia.","og_url":"https:\/\/www.ericadventures.com\/es\/bolivia\/tour-bolivia-paz-noche\/","og_site_name":"Eric Adventures","article_modified_time":"2025-11-20T16:13:25+00:00","og_image":[{"width":480,"height":349,"url":"https:\/\/www.ericadventures.com\/wp-content\/uploads\/bolivia015.jpg","type":"image\/jpeg"}],"twitter_card":"summary_large_image","twitter_misc":{"Tiempo de lectura":"3 minutos"},"schema":{"@context":"https:\/\/schema.org","@graph":[{"@type":"WebPage","@id":"https:\/\/www.ericadventures.com\/es\/bolivia\/tour-bolivia-paz-noche\/","url":"https:\/\/www.ericadventures.com\/es\/bolivia\/tour-bolivia-paz-noche\/","name":"HD La Paz De Noche Con Danzas Folkl\u00f3ricas","isPartOf":{"@id":"https:\/\/www.ericadventures.com\/en\/#website"},"primaryImageOfPage":{"@id":"https:\/\/www.ericadventures.com\/es\/bolivia\/tour-bolivia-paz-noche\/#primaryimage"},"image":{"@id":"https:\/\/www.ericadventures.com\/es\/bolivia\/tour-bolivia-paz-noche\/#primaryimage"},"thumbnailUrl":"https:\/\/www.ericadventures.com\/wp-content\/uploads\/bolivia015.jpg","datePublished":"2023-11-16T12:05:59+00:00","dateModified":"2025-11-20T16:13:25+00:00","description":"Explora La Paz por la noche, disfruta de un espect\u00e1culo folkl\u00f3rico y prueba la gastronom\u00eda tradicional en nuestros tours por Bolivia.","breadcrumb":{"@id":"https:\/\/www.ericadventures.com\/es\/bolivia\/tour-bolivia-paz-noche\/#breadcrumb"},"inLanguage":"es","potentialAction":[{"@type":"ReadAction","target":["https:\/\/www.ericadventures.com\/es\/bolivia\/tour-bolivia-paz-noche\/"]}]},{"@type":"ImageObject","inLanguage":"es","@id":"https:\/\/www.ericadventures.com\/es\/bolivia\/tour-bolivia-paz-noche\/#primaryimage","url":"https:\/\/www.ericadventures.com\/wp-content\/uploads\/bolivia015.jpg","contentUrl":"https:\/\/www.ericadventures.com\/wp-content\/uploads\/bolivia015.jpg","width":480,"height":349,"caption":"bolivia015"},{"@type":"BreadcrumbList","@id":"https:\/\/www.ericadventures.com\/es\/bolivia\/tour-bolivia-paz-noche\/#breadcrumb","itemListElement":[{"@type":"ListItem","position":1,"name":"Home","item":"https:\/\/www.ericadventures.com\/es\/"},{"@type":"ListItem","position":2,"name":"Tours en Bolivia","item":"https:\/\/www.ericadventures.com\/es\/bolivia\/"},{"@type":"ListItem","position":3,"name":"HD La Paz De Noche Con Danzas Folkl\u00f3ricas"}]},{"@type":"WebSite","@id":"https:\/\/www.ericadventures.com\/en\/#website","url":"https:\/\/www.ericadventures.com\/en\/","name":"Eric Adventures","description":"","publisher":{"@id":"https:\/\/www.ericadventures.com\/en\/#organization"},"alternateName":"Eric Adventures","potentialAction":[{"@type":"SearchAction","target":{"@type":"EntryPoint","urlTemplate":"https:\/\/www.ericadventures.com\/en\/?s={search_term_string}"},"query-input":{"@type":"PropertyValueSpecification","valueRequired":true,"valueName":"search_term_string"}}],"inLanguage":"es"},{"@type":"Organization","@id":"https:\/\/www.ericadventures.com\/en\/#organization","name":"Eric Adventures","url":"https:\/\/www.ericadventures.com\/en\/","logo":{"@type":"ImageObject","inLanguage":"es","@id":"https:\/\/www.ericadventures.com\/en\/#\/schema\/logo\/image\/","url":"https:\/\/www.ericadventures.com\/wp-content\/uploads\/logo-ericadventures.png","contentUrl":"https:\/\/www.ericadventures.com\/wp-content\/uploads\/logo-ericadventures.png","width":500,"height":106,"caption":"Eric Adventures"},"image":{"@id":"https:\/\/www.ericadventures.com\/en\/#\/schema\/logo\/image\/"}}]}},"coauthors":[],"author_meta":{"author_link":"https:\/\/www.ericadventures.com\/es\/author\/ericadmin\/","display_name":"Eric"},"relative_dates":{"created":"Publicado 2 a\u00f1os hace","modified":"Actualizado 5 meses hace"},"absolute_dates":{"created":"Publicado el noviembre 16, 2023","modified":"Actualizado el noviembre 20, 2025"},"absolute_dates_time":{"created":"Publicado el noviembre 16, 2023 7:05 am","modified":"Actualizado el noviembre 20, 2025 11:13 am"},"featured_img_caption":"","featured_img":"https:\/\/www.ericadventures.com\/wp-content\/uploads\/bolivia015.jpg","series_order":"","_links":{"self":[{"href":"https:\/\/www.ericadventures.com\/es\/wp-json\/wp\/v2\/pages\/3592","targetHints":{"allow":["GET"]}}],"collection":[{"href":"https:\/\/www.ericadventures.com\/es\/wp-json\/wp\/v2\/pages"}],"about":[{"href":"https:\/\/www.ericadventures.com\/es\/wp-json\/wp\/v2\/types\/page"}],"author":[{"embeddable":true,"href":"https:\/\/www.ericadventures.com\/es\/wp-json\/wp\/v2\/users\/1"}],"replies":[{"embeddable":true,"href":"https:\/\/www.ericadventures.com\/es\/wp-json\/wp\/v2\/comments?post=3592"}],"version-history":[{"count":7,"href":"https:\/\/www.ericadventures.com\/es\/wp-json\/wp\/v2\/pages\/3592\/revisions"}],"predecessor-version":[{"id":43112,"href":"https:\/\/www.ericadventures.com\/es\/wp-json\/wp\/v2\/pages\/3592\/revisions\/43112"}],"up":[{"embeddable":true,"href":"https:\/\/www.ericadventures.com\/es\/wp-json\/wp\/v2\/pages\/212"}],"wp:featuredmedia":[{"embeddable":true,"href":"https:\/\/www.ericadventures.com\/es\/wp-json\/wp\/v2\/media\/3803"}],"wp:attachment":[{"href":"https:\/\/www.ericadventures.com\/es\/wp-json\/wp\/v2\/media?parent=3592"}],"curies":[{"name":"wp","href":"https:\/\/api.w.org\/{rel}","templated":true}]}}