{"id":39318,"date":"2025-09-09T10:26:58","date_gmt":"2025-09-09T15:26:58","guid":{"rendered":"https:\/\/www.ericadventures.com\/?page_id=39318"},"modified":"2025-11-27T11:05:02","modified_gmt":"2025-11-27T16:05:02","slug":"casa-andina-premium-miraflores-hotel-lima","status":"publish","type":"page","link":"https:\/\/www.ericadventures.com\/es\/hotel\/casa-andina-premium-miraflores-hotel-lima\/","title":{"rendered":"Hotel Casa Andina Premium Miraflores, Lima"},"content":{"rendered":"\n<div class=\"wp-block-group\"><div class=\"wp-block-group__inner-container is-layout-constrained wp-block-group-is-layout-constrained\">\n<div class=\"wp-block-columns is-layout-flex wp-container-core-columns-is-layout-9d6595d7 wp-block-columns-is-layout-flex\">\n<div class=\"wp-block-column is-layout-flow wp-block-column-is-layout-flow\" style=\"flex-basis:100%\"><\/div>\n<\/div>\n<\/div><\/div>\n\n\n\n<figure class=\"wp-block-table\"><table class=\"has-fixed-layout\"><thead><tr><th class=\"has-text-align-center\" data-align=\"center\">Tipo de habitaci\u00f3n<\/th><th class=\"has-text-align-center\" data-align=\"center\">Descripci\u00f3n<\/th><th class=\"has-text-align-center\" data-align=\"center\">Precio de la habitaci\u00f3n en d\u00f3lares americanos<\/th><\/tr><\/thead><tbody><tr><td class=\"has-text-align-center\" data-align=\"center\">Habitaci\u00f3n Doble Tradicional<\/td><td class=\"has-text-align-center\" data-align=\"center\">2 camas matrimoniales (135 cm x 200 cm)<\/td><td class=\"has-text-align-center\" data-align=\"center\">170<\/td><\/tr><tr><td class=\"has-text-align-center\" data-align=\"center\">Habitaci\u00f3n Doble Superior <\/td><td class=\"has-text-align-center\" data-align=\"center\">2 camas matrimoniales (135 cm x 200 cm)<\/td><td class=\"has-text-align-center\" data-align=\"center\">185<\/td><\/tr><tr><td class=\"has-text-align-center\" data-align=\"center\">Habitaci\u00f3n Doble Deluxe<\/td><td class=\"has-text-align-center\" data-align=\"center\"> 2 camas matrimoniales (135 cm x 200 cm)<\/td><td class=\"has-text-align-center\" data-align=\"center\">235<\/td><\/tr><tr><td class=\"has-text-align-center\" data-align=\"center\">Habitaci\u00f3n Triple Superior <\/td><td class=\"has-text-align-center\" data-align=\"center\">3 camas matrimoniales (135 cm x 200 cm)<\/td><td class=\"has-text-align-center\" data-align=\"center\">240<\/td><\/tr><tr><td class=\"has-text-align-center\" data-align=\"center\">Suite<\/td><td class=\"has-text-align-center\" data-align=\"center\">cama king (198 cm x 203 cm)<\/td><td class=\"has-text-align-center\" data-align=\"center\">250<\/td><\/tr><tr><td class=\"has-text-align-center\" data-align=\"center\">Suite Superior<\/td><td class=\"has-text-align-center\" data-align=\"center\">una cama king (198 cm x 203 cm)<\/td><td class=\"has-text-align-center\" data-align=\"center\">345<\/td><\/tr><\/tbody><\/table><\/figure>\n\n\n\n<h5 class=\"wp-block-heading\" id=\"h-los-precios-pueden-variar-en-base-a-disponibilidad-y-temporada\">*Los precios pueden variar en base a disponibilidad y temporada<\/h5>\n\n\n\n<p><br><br>Experimente Casa Andina Premium Miraflores<\/p>\n\n\n\n<p>Ubicado en el vibrante coraz\u00f3n de Miraflores, a pasos del malec\u00f3n y de las principales atracciones tur\u00edsticas y comerciales de Lima, Casa Andina Premium Miraflores combina elegancia, comodidad y un estilo \u00fanico.<\/p>\n\n\n\n<p>Del\u00e9itese con el desayuno buffet y los exquisitos platos gourmet del Alma Restaurant &amp; Bar, una oferta culinaria que despierta sus sentidos de la ma\u00f1ana a la noche.<\/p>\n\n\n\n<h3 class=\"wp-block-heading\" id=\"h-habitaciones\">HABITACIONES<\/h3>\n\n\n\n<p>Disfrute de nuestras modernas habitaciones, dise\u00f1adas para ofrecerle una experiencia de descanso inigualable, con detalles que fusionan lo contempor\u00e1neo con lo colonial. Nuestras \u00e1reas comunes reflejan esta perfecta armon\u00eda, creando un ambiente c\u00e1lido y sofisticado.<\/p>\n\n\n\n<p>Rel\u00e1jese en nuestro spa, dese un chapuz\u00f3n en la piscina o deje que nuestro concierge y servicio de habitaciones se encarguen de cada detalle. Tambi\u00e9n contamos con 8 salas totalmente equipadas para sus reuniones y eventos especiales.<\/p>\n\n\n\n<div class=\"wp-block-columns is-layout-flex wp-container-core-columns-is-layout-9d6595d7 wp-block-columns-is-layout-flex\">\n<div class=\"wp-block-column is-layout-flow wp-block-column-is-layout-flow\"><\/div>\n\n\n\n<div class=\"wp-block-column is-layout-flow wp-block-column-is-layout-flow\"><\/div>\n\n\n\n<div class=\"wp-block-column is-layout-flow wp-block-column-is-layout-flow\"><\/div>\n<\/div>\n\n\n\n<p><\/p>\n","protected":false},"excerpt":{"rendered":"<p>Tipo de habitaci\u00f3n Descripci\u00f3n Precio de la habitaci\u00f3n en d\u00f3lares americanos Habitaci\u00f3n Doble Tradicional 2 camas matrimoniales (135 cm x [&hellip;]<\/p>\n","protected":false},"author":4,"featured_media":39284,"parent":39749,"menu_order":0,"comment_status":"closed","ping_status":"closed","template":"page-hotel.php","meta":{"_acf_changed":false,"advgb_blocks_editor_width":"","advgb_blocks_columns_visual_guide":"","footnotes":""},"class_list":["post-39318","page","type-page","status-publish","has-post-thumbnail","hentry"],"acf":[],"yoast_head":"<!-- This site is optimized with the Yoast SEO Premium plugin v25.4 (Yoast SEO v26.9) - https:\/\/yoast.com\/product\/yoast-seo-premium-wordpress\/ -->\n<title>Hotel Casa Andina Premium Miraflores, Lima<\/title>\n<meta name=\"description\" content=\"Ubicado en el vibrante coraz\u00f3n de Miraflores, a pasos del malec\u00f3n y de las principales atracciones tur\u00edsticas y comerciales de Lima.\" \/>\n<meta name=\"robots\" content=\"index, follow, max-snippet:-1, max-image-preview:large, max-video-preview:-1\" \/>\n<link rel=\"canonical\" href=\"https:\/\/www.ericadventures.com\/es\/hotel\/casa-andina-premium-miraflores-hotel-lima\/\" \/>\n<meta property=\"og:locale\" content=\"es_ES\" \/>\n<meta property=\"og:type\" content=\"article\" \/>\n<meta property=\"og:title\" content=\"Hotel Casa Andina Premium Miraflores, Lima\" \/>\n<meta property=\"og:description\" content=\"Ubicado en el vibrante coraz\u00f3n de Miraflores, a pasos del malec\u00f3n y de las principales atracciones tur\u00edsticas y comerciales de Lima.\" \/>\n<meta property=\"og:url\" content=\"https:\/\/www.ericadventures.com\/es\/hotel\/casa-andina-premium-miraflores-hotel-lima\/\" \/>\n<meta property=\"og:site_name\" content=\"Eric Adventures\" \/>\n<meta property=\"article:modified_time\" content=\"2025-11-27T16:05:02+00:00\" \/>\n<meta property=\"og:image\" content=\"https:\/\/www.ericadventures.com\/wp-content\/uploads\/Bar-Casa-Andina-Lima.jpg\" \/>\n\t<meta property=\"og:image:width\" content=\"597\" \/>\n\t<meta property=\"og:image:height\" content=\"396\" \/>\n\t<meta property=\"og:image:type\" content=\"image\/jpeg\" \/>\n<meta name=\"twitter:card\" content=\"summary_large_image\" \/>\n<meta name=\"twitter:label1\" content=\"Tiempo de lectura\" \/>\n\t<meta name=\"twitter:data1\" content=\"2 minutos\" \/>\n<script type=\"application\/ld+json\" class=\"yoast-schema-graph\">{\"@context\":\"https:\/\/schema.org\",\"@graph\":[{\"@type\":\"WebPage\",\"@id\":\"https:\/\/www.ericadventures.com\/es\/hotel\/casa-andina-premium-miraflores-hotel-lima\/\",\"url\":\"https:\/\/www.ericadventures.com\/es\/hotel\/casa-andina-premium-miraflores-hotel-lima\/\",\"name\":\"Hotel Casa Andina Premium Miraflores, Lima\",\"isPartOf\":{\"@id\":\"https:\/\/www.ericadventures.com\/en\/#website\"},\"primaryImageOfPage\":{\"@id\":\"https:\/\/www.ericadventures.com\/es\/hotel\/casa-andina-premium-miraflores-hotel-lima\/#primaryimage\"},\"image\":{\"@id\":\"https:\/\/www.ericadventures.com\/es\/hotel\/casa-andina-premium-miraflores-hotel-lima\/#primaryimage\"},\"thumbnailUrl\":\"https:\/\/www.ericadventures.com\/wp-content\/uploads\/Bar-Casa-Andina-Lima.jpg\",\"datePublished\":\"2025-09-09T15:26:58+00:00\",\"dateModified\":\"2025-11-27T16:05:02+00:00\",\"description\":\"Ubicado en el vibrante coraz\u00f3n de Miraflores, a pasos del malec\u00f3n y de las principales atracciones tur\u00edsticas y comerciales de Lima.\",\"breadcrumb\":{\"@id\":\"https:\/\/www.ericadventures.com\/es\/hotel\/casa-andina-premium-miraflores-hotel-lima\/#breadcrumb\"},\"inLanguage\":\"es\",\"potentialAction\":[{\"@type\":\"ReadAction\",\"target\":[\"https:\/\/www.ericadventures.com\/es\/hotel\/casa-andina-premium-miraflores-hotel-lima\/\"]}]},{\"@type\":\"ImageObject\",\"inLanguage\":\"es\",\"@id\":\"https:\/\/www.ericadventures.com\/es\/hotel\/casa-andina-premium-miraflores-hotel-lima\/#primaryimage\",\"url\":\"https:\/\/www.ericadventures.com\/wp-content\/uploads\/Bar-Casa-Andina-Lima.jpg\",\"contentUrl\":\"https:\/\/www.ericadventures.com\/wp-content\/uploads\/Bar-Casa-Andina-Lima.jpg\",\"width\":597,\"height\":396,\"caption\":\"Casa Andina Premium Miraflores Hotel, Lima\"},{\"@type\":\"BreadcrumbList\",\"@id\":\"https:\/\/www.ericadventures.com\/es\/hotel\/casa-andina-premium-miraflores-hotel-lima\/#breadcrumb\",\"itemListElement\":[{\"@type\":\"ListItem\",\"position\":1,\"name\":\"Home\",\"item\":\"https:\/\/www.ericadventures.com\/es\/\"},{\"@type\":\"ListItem\",\"position\":2,\"name\":\"Hotels\",\"item\":\"https:\/\/www.ericadventures.com\/es\/hotel\/\"},{\"@type\":\"ListItem\",\"position\":3,\"name\":\"Hotel Casa Andina Premium Miraflores, Lima\"}]},{\"@type\":\"WebSite\",\"@id\":\"https:\/\/www.ericadventures.com\/en\/#website\",\"url\":\"https:\/\/www.ericadventures.com\/en\/\",\"name\":\"Eric Adventures\",\"description\":\"\",\"publisher\":{\"@id\":\"https:\/\/www.ericadventures.com\/en\/#organization\"},\"alternateName\":\"Eric Adventures\",\"potentialAction\":[{\"@type\":\"SearchAction\",\"target\":{\"@type\":\"EntryPoint\",\"urlTemplate\":\"https:\/\/www.ericadventures.com\/en\/?s={search_term_string}\"},\"query-input\":{\"@type\":\"PropertyValueSpecification\",\"valueRequired\":true,\"valueName\":\"search_term_string\"}}],\"inLanguage\":\"es\"},{\"@type\":\"Organization\",\"@id\":\"https:\/\/www.ericadventures.com\/en\/#organization\",\"name\":\"Eric Adventures\",\"url\":\"https:\/\/www.ericadventures.com\/en\/\",\"logo\":{\"@type\":\"ImageObject\",\"inLanguage\":\"es\",\"@id\":\"https:\/\/www.ericadventures.com\/en\/#\/schema\/logo\/image\/\",\"url\":\"https:\/\/www.ericadventures.com\/wp-content\/uploads\/logo-ericadventures.png\",\"contentUrl\":\"https:\/\/www.ericadventures.com\/wp-content\/uploads\/logo-ericadventures.png\",\"width\":500,\"height\":106,\"caption\":\"Eric Adventures\"},\"image\":{\"@id\":\"https:\/\/www.ericadventures.com\/en\/#\/schema\/logo\/image\/\"}}]}<\/script>\n<!-- \/ Yoast SEO Premium plugin. -->","yoast_head_json":{"title":"Hotel Casa Andina Premium Miraflores, Lima","description":"Ubicado en el vibrante coraz\u00f3n de Miraflores, a pasos del malec\u00f3n y de las principales atracciones tur\u00edsticas y comerciales de Lima.","robots":{"index":"index","follow":"follow","max-snippet":"max-snippet:-1","max-image-preview":"max-image-preview:large","max-video-preview":"max-video-preview:-1"},"canonical":"https:\/\/www.ericadventures.com\/es\/hotel\/casa-andina-premium-miraflores-hotel-lima\/","og_locale":"es_ES","og_type":"article","og_title":"Hotel Casa Andina Premium Miraflores, Lima","og_description":"Ubicado en el vibrante coraz\u00f3n de Miraflores, a pasos del malec\u00f3n y de las principales atracciones tur\u00edsticas y comerciales de Lima.","og_url":"https:\/\/www.ericadventures.com\/es\/hotel\/casa-andina-premium-miraflores-hotel-lima\/","og_site_name":"Eric Adventures","article_modified_time":"2025-11-27T16:05:02+00:00","og_image":[{"width":597,"height":396,"url":"https:\/\/www.ericadventures.com\/wp-content\/uploads\/Bar-Casa-Andina-Lima.jpg","type":"image\/jpeg"}],"twitter_card":"summary_large_image","twitter_misc":{"Tiempo de lectura":"2 minutos"},"schema":{"@context":"https:\/\/schema.org","@graph":[{"@type":"WebPage","@id":"https:\/\/www.ericadventures.com\/es\/hotel\/casa-andina-premium-miraflores-hotel-lima\/","url":"https:\/\/www.ericadventures.com\/es\/hotel\/casa-andina-premium-miraflores-hotel-lima\/","name":"Hotel Casa Andina Premium Miraflores, Lima","isPartOf":{"@id":"https:\/\/www.ericadventures.com\/en\/#website"},"primaryImageOfPage":{"@id":"https:\/\/www.ericadventures.com\/es\/hotel\/casa-andina-premium-miraflores-hotel-lima\/#primaryimage"},"image":{"@id":"https:\/\/www.ericadventures.com\/es\/hotel\/casa-andina-premium-miraflores-hotel-lima\/#primaryimage"},"thumbnailUrl":"https:\/\/www.ericadventures.com\/wp-content\/uploads\/Bar-Casa-Andina-Lima.jpg","datePublished":"2025-09-09T15:26:58+00:00","dateModified":"2025-11-27T16:05:02+00:00","description":"Ubicado en el vibrante coraz\u00f3n de Miraflores, a pasos del malec\u00f3n y de las principales atracciones tur\u00edsticas y comerciales de Lima.","breadcrumb":{"@id":"https:\/\/www.ericadventures.com\/es\/hotel\/casa-andina-premium-miraflores-hotel-lima\/#breadcrumb"},"inLanguage":"es","potentialAction":[{"@type":"ReadAction","target":["https:\/\/www.ericadventures.com\/es\/hotel\/casa-andina-premium-miraflores-hotel-lima\/"]}]},{"@type":"ImageObject","inLanguage":"es","@id":"https:\/\/www.ericadventures.com\/es\/hotel\/casa-andina-premium-miraflores-hotel-lima\/#primaryimage","url":"https:\/\/www.ericadventures.com\/wp-content\/uploads\/Bar-Casa-Andina-Lima.jpg","contentUrl":"https:\/\/www.ericadventures.com\/wp-content\/uploads\/Bar-Casa-Andina-Lima.jpg","width":597,"height":396,"caption":"Casa Andina Premium Miraflores Hotel, Lima"},{"@type":"BreadcrumbList","@id":"https:\/\/www.ericadventures.com\/es\/hotel\/casa-andina-premium-miraflores-hotel-lima\/#breadcrumb","itemListElement":[{"@type":"ListItem","position":1,"name":"Home","item":"https:\/\/www.ericadventures.com\/es\/"},{"@type":"ListItem","position":2,"name":"Hotels","item":"https:\/\/www.ericadventures.com\/es\/hotel\/"},{"@type":"ListItem","position":3,"name":"Hotel Casa Andina Premium Miraflores, Lima"}]},{"@type":"WebSite","@id":"https:\/\/www.ericadventures.com\/en\/#website","url":"https:\/\/www.ericadventures.com\/en\/","name":"Eric Adventures","description":"","publisher":{"@id":"https:\/\/www.ericadventures.com\/en\/#organization"},"alternateName":"Eric Adventures","potentialAction":[{"@type":"SearchAction","target":{"@type":"EntryPoint","urlTemplate":"https:\/\/www.ericadventures.com\/en\/?s={search_term_string}"},"query-input":{"@type":"PropertyValueSpecification","valueRequired":true,"valueName":"search_term_string"}}],"inLanguage":"es"},{"@type":"Organization","@id":"https:\/\/www.ericadventures.com\/en\/#organization","name":"Eric Adventures","url":"https:\/\/www.ericadventures.com\/en\/","logo":{"@type":"ImageObject","inLanguage":"es","@id":"https:\/\/www.ericadventures.com\/en\/#\/schema\/logo\/image\/","url":"https:\/\/www.ericadventures.com\/wp-content\/uploads\/logo-ericadventures.png","contentUrl":"https:\/\/www.ericadventures.com\/wp-content\/uploads\/logo-ericadventures.png","width":500,"height":106,"caption":"Eric Adventures"},"image":{"@id":"https:\/\/www.ericadventures.com\/en\/#\/schema\/logo\/image\/"}}]}},"coauthors":[],"author_meta":{"author_link":"https:\/\/www.ericadventures.com\/es\/author\/marilyn\/","display_name":"Marilyn Ayma Gomez"},"relative_dates":{"created":"Publicado 7 meses hace","modified":"Actualizado 5 meses hace"},"absolute_dates":{"created":"Publicado el septiembre 9, 2025","modified":"Actualizado el noviembre 27, 2025"},"absolute_dates_time":{"created":"Publicado el septiembre 9, 2025 10:26 am","modified":"Actualizado el noviembre 27, 2025 11:05 am"},"featured_img_caption":"","featured_img":"https:\/\/www.ericadventures.com\/wp-content\/uploads\/Bar-Casa-Andina-Lima.jpg","series_order":"","_links":{"self":[{"href":"https:\/\/www.ericadventures.com\/es\/wp-json\/wp\/v2\/pages\/39318","targetHints":{"allow":["GET"]}}],"collection":[{"href":"https:\/\/www.ericadventures.com\/es\/wp-json\/wp\/v2\/pages"}],"about":[{"href":"https:\/\/www.ericadventures.com\/es\/wp-json\/wp\/v2\/types\/page"}],"author":[{"embeddable":true,"href":"https:\/\/www.ericadventures.com\/es\/wp-json\/wp\/v2\/users\/4"}],"replies":[{"embeddable":true,"href":"https:\/\/www.ericadventures.com\/es\/wp-json\/wp\/v2\/comments?post=39318"}],"version-history":[{"count":6,"href":"https:\/\/www.ericadventures.com\/es\/wp-json\/wp\/v2\/pages\/39318\/revisions"}],"predecessor-version":[{"id":43419,"href":"https:\/\/www.ericadventures.com\/es\/wp-json\/wp\/v2\/pages\/39318\/revisions\/43419"}],"up":[{"embeddable":true,"href":"https:\/\/www.ericadventures.com\/es\/wp-json\/wp\/v2\/pages\/39749"}],"wp:featuredmedia":[{"embeddable":true,"href":"https:\/\/www.ericadventures.com\/es\/wp-json\/wp\/v2\/media\/39284"}],"wp:attachment":[{"href":"https:\/\/www.ericadventures.com\/es\/wp-json\/wp\/v2\/media?parent=39318"}],"curies":[{"name":"wp","href":"https:\/\/api.w.org\/{rel}","templated":true}]}}