{"id":45989,"date":"2026-03-04T12:26:48","date_gmt":"2026-03-04T17:26:48","guid":{"rendered":"https:\/\/www.ericadventures.com\/chile\/hd-cultural-city-tour-in-santiago-chile\/"},"modified":"2026-04-23T13:22:58","modified_gmt":"2026-04-23T18:22:58","slug":"md-tour-cultural-de-medio-dia-por-santiago-chile","status":"publish","type":"page","link":"https:\/\/www.ericadventures.com\/es\/chile\/md-tour-cultural-de-medio-dia-por-santiago-chile\/","title":{"rendered":"HD, Tour Cultural por Santiago, Chile"},"content":{"rendered":"<div class=\"wp-block-image\">\n<figure class=\"alignleft size-full is-resized\"><img loading=\"lazy\" decoding=\"async\" width=\"690\" height=\"370\" src=\"https:\/\/www.ericadventures.com\/wp-content\/uploads\/Palacio-de-la-moneda-Santiago.jpg\" alt=\"\" class=\"wp-image-45958\" style=\"width:416px;height:auto\" srcset=\"https:\/\/www.ericadventures.com\/wp-content\/uploads\/Palacio-de-la-moneda-Santiago.jpg 690w, https:\/\/www.ericadventures.com\/wp-content\/uploads\/Palacio-de-la-moneda-Santiago-300x161.jpg 300w\" sizes=\"auto, (max-width: 690px) 100vw, 690px\" \/><\/figure>\n<\/div>\n\n\n<p>Santiago de Chile no es solo la capital del pa\u00eds; es un escenario de fascinantes contrastes. Desde su fundaci\u00f3n en 1541 en el centro hist\u00f3rico hasta el esplendor arquitect\u00f3nico de su distrito financiero, conocido como \u00abSanhattan\u00bb, la ciudad ofrece una experiencia cultural \u00fanica.<\/p>\n\n\n\n<p><\/p>\n\n\n\n<h2 class=\"wp-block-heading\" id=\"day-1-uyuni-salt-flats-inka-wasi-colchani-town-16819c68-3c6c-4ef7-a662-bf2b03ded85b\"><strong>ITINERARIO<\/strong><\/h2>\n\n\n\n<p>Comenzaremos nuestro recorrido en el coraz\u00f3n hist\u00f3rico de Santiago (1541), donde los muros del Palacio de La Moneda y la majestuosa Catedral Metropolitana en la Plaza de Armas susurran siglos de historia.<br>Tras pasear por el vibrante y colorido Paseo Bandera y ascender al ic\u00f3nico Cerro Santa Luc\u00eda, nos sumergiremos en el siglo XXI. Exploraremos \u00abSanhattan\u00bb, el distrito financiero que deslumbra con su arquitectura vanguardista y sus rascacielos de cristal. Como broche de oro, visitaremos un exclusivo taller de lapisl\u00e1zuli, donde descubrir\u00e1 c\u00f3mo los artesanos chilenos transforman esta piedra semipreciosa en obras de arte \u00fanicas.<\/p>\n\n\n\n<h3 class=\"wp-block-heading\" id=\"h-incluye\"><strong>Incluye:<\/strong><\/h3>\n\n\n\n<ul class=\"wp-block-list\">\n<li>Transporte ida y vuelta.<\/li>\n\n\n\n<li>Gu\u00eda biling\u00fce<\/li>\n\n\n\n<li>Transporte<\/li>\n<\/ul>\n\n\n\n<p><strong>No incluye:<\/strong><\/p>\n\n\n\n<ul class=\"wp-block-list\">\n<li>Almuerzo<\/li>\n\n\n\n<li>Propinas<\/li>\n<\/ul>\n\n\n\n<p><strong>Recomendamos llevar:<\/strong><\/p>\n\n\n\n<ul class=\"wp-block-list\">\n<li>Una botella de agua y snacks<\/li>\n\n\n\n<li>Una c\u00e1mara fotogr\u00e1fica o de video<\/li>\n<\/ul>\n\n\n\n<h2 class=\"wp-block-heading\" id=\"prices-427f2a21-a933-4e54-a4c3-a61b8c875d54\">PRECIOS (POR PERSONA EN D\u00d3LARES ESTADOUNIDENSES)<\/h2>\n\n\n\n<p><strong>SERVICIO COMPARTIDO<\/strong><\/p>\n\n\n\n<ul class=\"wp-block-list\">\n<li>Precio por persona: US$ 55 en d\u00f3lares estadounidenses<\/li>\n<\/ul>\n\n\n\n<p><strong>TOUR PRIVADO<\/strong><\/p>\n\n\n\n<ul class=\"wp-block-list\">\n<li>4 personas: US$ 125<\/li>\n<\/ul>\n\n\n\n<p>*Precio de referencia sujeto a disponibilidad y temporada<\/p>\n\n\n\n<h2 class=\"wp-block-heading\" id=\"map-a4747216-f4c2-4e5e-b4a9-01e58d708b51\">MAPA<\/h2>\n\n\n\n<figure class=\"wp-block-gallery has-nested-images columns-default wp-block-gallery-1 is-layout-flex wp-block-gallery-is-layout-flex\">\n<figure class=\"wp-block-image size-thumbnail\"><a href=\"https:\/\/www.ericadventures.com\/wp-content\/uploads\/Mapa-City-tour-Santiago-Chile.jpg\"><img loading=\"lazy\" decoding=\"async\" width=\"150\" height=\"150\" data-id=\"45942\" src=\"https:\/\/www.ericadventures.com\/wp-content\/uploads\/Mapa-City-tour-Santiago-Chile-150x150.jpg\" alt=\"\" class=\"wp-image-45942\"\/><\/a><\/figure>\n<\/figure>\n\n\n\n<h2 class=\"wp-block-heading\" id=\"photo-gallery-aa562bbc-3acd-4676-b221-0088e4d17123\">Galer\u00eda de Fotos<\/h2>\n\n\n\n<figure class=\"wp-block-gallery has-nested-images columns-7 is-cropped wp-block-gallery-2 is-layout-flex wp-block-gallery-is-layout-flex\">\n<figure class=\"wp-block-image size-thumbnail\"><a href=\"https:\/\/www.ericadventures.com\/wp-content\/uploads\/City-Santiago.jpg\"><img loading=\"lazy\" decoding=\"async\" width=\"150\" height=\"150\" data-id=\"45963\" src=\"https:\/\/www.ericadventures.com\/wp-content\/uploads\/City-Santiago-150x150.jpg\" alt=\"\" class=\"wp-image-45963\"\/><\/a><\/figure>\n\n\n\n<figure class=\"wp-block-image size-thumbnail\"><a href=\"https:\/\/www.ericadventures.com\/wp-content\/uploads\/City-tour-Santiago2.jpg\"><img loading=\"lazy\" decoding=\"async\" width=\"150\" height=\"150\" data-id=\"45953\" src=\"https:\/\/www.ericadventures.com\/wp-content\/uploads\/City-tour-Santiago2-150x150.jpg\" alt=\"\" class=\"wp-image-45953\"\/><\/a><\/figure>\n\n\n\n<figure class=\"wp-block-image size-thumbnail\"><a href=\"https:\/\/www.ericadventures.com\/wp-content\/uploads\/City-tour-Santiago.jpg\"><img loading=\"lazy\" decoding=\"async\" width=\"150\" height=\"150\" data-id=\"45948\" src=\"https:\/\/www.ericadventures.com\/wp-content\/uploads\/City-tour-Santiago-150x150.jpg\" alt=\"\" class=\"wp-image-45948\"\/><\/a><\/figure>\n\n\n\n<figure class=\"wp-block-image size-thumbnail\"><a href=\"https:\/\/www.ericadventures.com\/wp-content\/uploads\/Plaza-de-Armas-Santiago-de-Chile.jpg\"><img loading=\"lazy\" decoding=\"async\" width=\"150\" height=\"150\" data-id=\"45978\" src=\"https:\/\/www.ericadventures.com\/wp-content\/uploads\/Plaza-de-Armas-Santiago-de-Chile-150x150.jpg\" alt=\"\" class=\"wp-image-45978\"\/><\/a><\/figure>\n\n\n\n<figure class=\"wp-block-image size-large\"><a href=\"https:\/\/www.ericadventures.com\/wp-content\/uploads\/Tour-Piedras-Rojas-3.jpg\"><img loading=\"lazy\" decoding=\"async\" width=\"810\" height=\"488\" data-id=\"42573\" src=\"https:\/\/www.ericadventures.com\/wp-content\/uploads\/Tour-Piedras-Rojas-3.jpg\" alt=\"\" class=\"wp-image-42573\" srcset=\"https:\/\/www.ericadventures.com\/wp-content\/uploads\/Tour-Piedras-Rojas-3.jpg 810w, https:\/\/www.ericadventures.com\/wp-content\/uploads\/Tour-Piedras-Rojas-3-300x181.jpg 300w, https:\/\/www.ericadventures.com\/wp-content\/uploads\/Tour-Piedras-Rojas-3-768x463.jpg 768w\" sizes=\"auto, (max-width: 810px) 100vw, 810px\" \/><\/a><\/figure>\n\n\n\n<figure class=\"wp-block-image size-thumbnail\"><a href=\"https:\/\/www.ericadventures.com\/wp-content\/uploads\/Santa-Lucia-Hill-Santiago.jpg\"><img loading=\"lazy\" decoding=\"async\" width=\"150\" height=\"150\" data-id=\"45973\" src=\"https:\/\/www.ericadventures.com\/wp-content\/uploads\/Santa-Lucia-Hill-Santiago-150x150.jpg\" alt=\"\" class=\"wp-image-45973\"\/><\/a><\/figure>\n\n\n\n<figure class=\"wp-block-image size-thumbnail\"><a href=\"https:\/\/www.ericadventures.com\/wp-content\/uploads\/Sanhattan-Santiago.jpg\"><img loading=\"lazy\" decoding=\"async\" width=\"150\" height=\"150\" data-id=\"45968\" src=\"https:\/\/www.ericadventures.com\/wp-content\/uploads\/Sanhattan-Santiago-150x150.jpg\" alt=\"\" class=\"wp-image-45968\"\/><\/a><\/figure>\n<\/figure>\n\n\n\n<h2 class=\"wp-block-heading\" id=\"contact-form-d731b6af-da5f-46d6-b868-126f7214540c\">Formulario de contacto<\/h2>\n\n\n\n<div class=\"wp-block-contact-form-7-contact-form-selector\">\n<div class=\"wpcf7 no-js\" id=\"wpcf7-f6169-o1\" lang=\"es-ES\" dir=\"ltr\" data-wpcf7-id=\"6169\">\n<div class=\"screen-reader-response\"><p role=\"status\" aria-live=\"polite\" aria-atomic=\"true\"><\/p> <ul><\/ul><\/div>\n<form action=\"\/es\/wp-json\/wp\/v2\/pages\/45989#wpcf7-f6169-o1\" method=\"post\" class=\"wpcf7-form init\" aria-label=\"Formulario de contacto\" novalidate=\"novalidate\" data-status=\"init\">\n<fieldset class=\"hidden-fields-container\"><input type=\"hidden\" name=\"_wpcf7\" value=\"6169\" \/><input type=\"hidden\" name=\"_wpcf7_version\" value=\"6.1.5\" \/><input type=\"hidden\" name=\"_wpcf7_locale\" value=\"es_ES\" \/><input type=\"hidden\" name=\"_wpcf7_unit_tag\" value=\"wpcf7-f6169-o1\" \/><input type=\"hidden\" name=\"_wpcf7_container_post\" value=\"0\" \/><input type=\"hidden\" name=\"_wpcf7_posted_data_hash\" value=\"\" \/>\n<\/fieldset>\n<div class=\"wpcf7-turnstile cf-turnstile\" data-sitekey=\"0x4AAAAAACZ2CLxkDaDac8NW\" data-response-field-name=\"_wpcf7_turnstile_response\"><\/div>\n\n<div class=\"formt\">\n    <span class=\"textform\"> Para reservas o m\u00e1s informaci\u00f3n por favor complete el siguiente formulario de cliente\/hu\u00e9sped: <\/span>\n    <input class=\"wpcf7-form-control wpcf7-hidden\" value=\"https:\/\/www.ericadventures.com\/es\/wp-json\/wp\/v2\/pages\/45989\" type=\"hidden\" name=\"Url_Tour\" \/>\n    <input class=\"wpcf7-form-control wpcf7-hidden\" value=\"es\" type=\"hidden\" name=\"Idioma\" \/>\n    <input class=\"wpcf7-form-control wpcf7-hidden\" value=\"29\/04\/2026 07:10:09\" type=\"hidden\" name=\"Fecha_Hora\" \/>\n    <input class=\"wpcf7-form-control wpcf7-hidden\" value=\"216.73.216.6\" type=\"hidden\" name=\"Ip\" \/>\n    <input class=\"wpcf7-form-control wpcf7-hidden\" value=\"HD, Tour Cultural por Santiago, Chile\" type=\"hidden\" name=\"Nombre_Tour\" \/>\n    <input class=\"wpcf7-form-control wpcf7-hidden\" value=\"1\" type=\"hidden\" name=\"enviar_excel\" \/>\n    \n    <div class=\"g2\">\n        <div>\n            <label>Nombre: <\/label>\n            <span class=\"wpcf7-form-control-wrap\" data-name=\"Nombre\"><input size=\"40\" maxlength=\"400\" class=\"wpcf7-form-control wpcf7-text wpcf7-validates-as-required\" aria-required=\"true\" aria-invalid=\"false\" value=\"\" type=\"text\" name=\"Nombre\" \/><\/span>\n        <\/div>\n        <div>\n            <label>Email: <\/label>\n            <span class=\"wpcf7-form-control-wrap\" data-name=\"Emails\"><input size=\"40\" maxlength=\"400\" class=\"wpcf7-form-control wpcf7-email wpcf7-validates-as-required wpcf7-text wpcf7-validates-as-email\" aria-required=\"true\" aria-invalid=\"false\" value=\"\" type=\"email\" name=\"Emails\" \/><\/span>\n        <\/div>\n    <\/div>\n    \n    <div class=\"g2\">\n        <div>\n            <label>Pa\u00eds: <\/label>\n            <span class=\"wpcf7-form-control-wrap\" data-name=\"Pais\"><input size=\"40\" maxlength=\"400\" class=\"wpcf7-form-control wpcf7-text\" aria-invalid=\"false\" value=\"\" type=\"text\" name=\"Pais\" \/><\/span>\n        <\/div>\n        <div>\n            <label>Tel\u00e9fono - Whatsapp: <\/label>\n            <span class=\"wpcf7-form-control-wrap\" data-name=\"Whatsapp\"><input size=\"40\" class=\"wpcf7-form-control wpcf7-phonetext wpcf7-text wpcf7-validates-as-phonetext\" aria-invalid=\"false\" value=\"\" type=\"text\" name=\"Whatsapp\" \/><input type=\"hidden\" name=\"Whatsapp-country-code\" class=\"wpcf7-phonetext-country-code\" \/><\/span>\n        <\/div>\n    <\/div>\n    \n    <div class=\"g2\">\n        <div>\n            <label>Cantidad de Personas Adultas: <\/label>\n            <span class=\"wpcf7-form-control-wrap\" data-name=\"Adultos\"><select class=\"wpcf7-form-control wpcf7-select wpcf7-validates-as-required\" aria-required=\"true\" aria-invalid=\"false\" name=\"Adultos\"><option value=\"1\">1<\/option><option value=\"2\">2<\/option><option value=\"3\">3<\/option><option value=\"4\">4<\/option><option value=\"5\">5<\/option><option value=\"6\">6<\/option><option value=\"7\">7<\/option><option value=\"8\">8<\/option><option value=\"9\">9<\/option><option value=\"10\">10<\/option><option value=\"11\">11<\/option><option value=\"12 a m\u00e1s\">12 a m\u00e1s<\/option><\/select><\/span>\n        <\/div>\n        <div>\n            <label>Cantidad de Ni\u00f1os: <\/label>\n            <span class=\"wpcf7-form-control-wrap\" data-name=\"Ninos\"><select class=\"wpcf7-form-control wpcf7-select wpcf7-validates-as-required\" aria-required=\"true\" aria-invalid=\"false\" name=\"Ninos\"><option value=\"0\">0<\/option><option value=\"1\">1<\/option><option value=\"2\">2<\/option><option value=\"3\">3<\/option><option value=\"4\">4<\/option><option value=\"5\">5<\/option><option value=\"6\">6<\/option><option value=\"7\">7<\/option><option value=\"8\">8<\/option><option value=\"9\">9<\/option><option value=\"10\">10<\/option><option value=\"11\">11<\/option><option value=\"12 a m\u00e1s\">12 a m\u00e1s<\/option><\/select><\/span>\n        <\/div>\n    <\/div>\n    \n    <div class=\"g2\">\n        <div>\n            <label>Fecha de Inicio del Tour: <\/label>\n            <span class=\"wpcf7-form-control-wrap\" data-name=\"Inicio\"><input class=\"wpcf7-form-control wpcf7-date wpcf7-validates-as-required wpcf7-validates-as-date\" id=\"inicio\" min=\"2026-04-29\" aria-required=\"true\" aria-invalid=\"false\" value=\"\" type=\"date\" name=\"Inicio\" \/><\/span>\n        <\/div>\n        <div>\n            <label>Fecha de Finalizaci\u00f3n del Tour: <\/label>\n            <span class=\"wpcf7-form-control-wrap\" data-name=\"Final\"><input class=\"wpcf7-form-control wpcf7-date wpcf7-validates-as-required wpcf7-validates-as-date\" id=\"final\" min=\"2026-04-29\" aria-required=\"true\" aria-invalid=\"false\" value=\"\" type=\"date\" name=\"Final\" \/><\/span>\n        <\/div>\n    <\/div>\n    \n    <div>\n        <label>Comentarios o preguntas: <\/label>\n        <span class=\"wpcf7-form-control-wrap\" data-name=\"Mensaje\"><textarea cols=\"40\" rows=\"10\" maxlength=\"2000\" class=\"wpcf7-form-control wpcf7-textarea wpcf7-validates-as-required\" aria-required=\"true\" aria-invalid=\"false\" placeholder=\"Por favor especifica el tipo de SERVICIO\/TOUR que deseas realizar\" name=\"Mensaje\"><\/textarea><\/span>\n    <\/div>\n    \n    <input class=\"wpcf7-form-control wpcf7-submit has-spinner btnsend\" type=\"submit\" value=\"ENVIAR MENSAJE\" \/>\n<\/div><div class=\"wpcf7-response-output\" aria-hidden=\"true\"><\/div>\n<\/form>\n<\/div>\n<\/div>\n","protected":false},"excerpt":{"rendered":"<p>Santiago de Chile no es solo la capital del pa\u00eds; es un escenario de fascinantes contrastes. Desde su fundaci\u00f3n en [&hellip;]<\/p>\n","protected":false},"author":4,"featured_media":45972,"parent":36845,"menu_order":0,"comment_status":"closed","ping_status":"closed","template":"page-tour.php","meta":{"_acf_changed":false,"advgb_blocks_editor_width":"","advgb_blocks_columns_visual_guide":"","footnotes":""},"class_list":["post-45989","page","type-page","status-publish","has-post-thumbnail","hentry"],"acf":[],"yoast_head":"<!-- This site is optimized with the Yoast SEO Premium plugin v25.4 (Yoast SEO v26.9) - https:\/\/yoast.com\/product\/yoast-seo-premium-wordpress\/ -->\n<title>Tour cultural de medio d\u00eda por Santiago, Chile<\/title>\n<meta name=\"description\" content=\"Disfruta de un tour cultural de medio d\u00eda por Santiago. Chile no es solo la capital del pa\u00eds; es un escenario de fascinantes contrastes.\" \/>\n<meta name=\"robots\" content=\"index, follow, max-snippet:-1, max-image-preview:large, max-video-preview:-1\" \/>\n<link rel=\"canonical\" href=\"https:\/\/www.ericadventures.com\/es\/chile\/md-tour-cultural-de-medio-dia-por-santiago-chile\/\" \/>\n<meta property=\"og:locale\" content=\"es_ES\" \/>\n<meta property=\"og:type\" content=\"article\" \/>\n<meta property=\"og:title\" content=\"HD, Tour Cultural por Santiago, Chile\" \/>\n<meta property=\"og:description\" content=\"Disfruta de un tour cultural de medio d\u00eda por Santiago. Chile no es solo la capital del pa\u00eds; es un escenario de fascinantes contrastes.\" \/>\n<meta property=\"og:url\" content=\"https:\/\/www.ericadventures.com\/es\/chile\/md-tour-cultural-de-medio-dia-por-santiago-chile\/\" \/>\n<meta property=\"og:site_name\" content=\"Eric Adventures\" \/>\n<meta property=\"article:modified_time\" content=\"2026-04-23T18:22:58+00:00\" \/>\n<meta property=\"og:image\" content=\"https:\/\/www.ericadventures.com\/wp-content\/uploads\/Sanhattan-Santiago.jpg\" \/>\n\t<meta property=\"og:image:width\" content=\"518\" \/>\n\t<meta property=\"og:image:height\" content=\"397\" \/>\n\t<meta property=\"og:image:type\" content=\"image\/jpeg\" \/>\n<meta name=\"twitter:card\" content=\"summary_large_image\" \/>\n<meta name=\"twitter:label1\" content=\"Tiempo de lectura\" \/>\n\t<meta name=\"twitter:data1\" content=\"3 minutos\" \/>\n<script type=\"application\/ld+json\" class=\"yoast-schema-graph\">{\"@context\":\"https:\/\/schema.org\",\"@graph\":[{\"@type\":\"WebPage\",\"@id\":\"https:\/\/www.ericadventures.com\/es\/chile\/md-tour-cultural-de-medio-dia-por-santiago-chile\/\",\"url\":\"https:\/\/www.ericadventures.com\/es\/chile\/md-tour-cultural-de-medio-dia-por-santiago-chile\/\",\"name\":\"Tour cultural de medio d\u00eda por Santiago, Chile\",\"isPartOf\":{\"@id\":\"https:\/\/www.ericadventures.com\/en\/#website\"},\"primaryImageOfPage\":{\"@id\":\"https:\/\/www.ericadventures.com\/es\/chile\/md-tour-cultural-de-medio-dia-por-santiago-chile\/#primaryimage\"},\"image\":{\"@id\":\"https:\/\/www.ericadventures.com\/es\/chile\/md-tour-cultural-de-medio-dia-por-santiago-chile\/#primaryimage\"},\"thumbnailUrl\":\"https:\/\/www.ericadventures.com\/wp-content\/uploads\/Sanhattan-Santiago.jpg\",\"datePublished\":\"2026-03-04T17:26:48+00:00\",\"dateModified\":\"2026-04-23T18:22:58+00:00\",\"description\":\"Disfruta de un tour cultural de medio d\u00eda por Santiago. Chile no es solo la capital del pa\u00eds; es un escenario de fascinantes contrastes.\",\"breadcrumb\":{\"@id\":\"https:\/\/www.ericadventures.com\/es\/chile\/md-tour-cultural-de-medio-dia-por-santiago-chile\/#breadcrumb\"},\"inLanguage\":\"es\",\"potentialAction\":[{\"@type\":\"ReadAction\",\"target\":[\"https:\/\/www.ericadventures.com\/es\/chile\/md-tour-cultural-de-medio-dia-por-santiago-chile\/\"]}]},{\"@type\":\"ImageObject\",\"inLanguage\":\"es\",\"@id\":\"https:\/\/www.ericadventures.com\/es\/chile\/md-tour-cultural-de-medio-dia-por-santiago-chile\/#primaryimage\",\"url\":\"https:\/\/www.ericadventures.com\/wp-content\/uploads\/Sanhattan-Santiago.jpg\",\"contentUrl\":\"https:\/\/www.ericadventures.com\/wp-content\/uploads\/Sanhattan-Santiago.jpg\",\"width\":518,\"height\":397},{\"@type\":\"BreadcrumbList\",\"@id\":\"https:\/\/www.ericadventures.com\/es\/chile\/md-tour-cultural-de-medio-dia-por-santiago-chile\/#breadcrumb\",\"itemListElement\":[{\"@type\":\"ListItem\",\"position\":1,\"name\":\"Home\",\"item\":\"https:\/\/www.ericadventures.com\/es\/\"},{\"@type\":\"ListItem\",\"position\":2,\"name\":\"Tours in Chile\",\"item\":\"https:\/\/www.ericadventures.com\/es\/chile\/\"},{\"@type\":\"ListItem\",\"position\":3,\"name\":\"HD, Tour Cultural por Santiago, Chile\"}]},{\"@type\":\"WebSite\",\"@id\":\"https:\/\/www.ericadventures.com\/en\/#website\",\"url\":\"https:\/\/www.ericadventures.com\/en\/\",\"name\":\"Eric Adventures\",\"description\":\"\",\"publisher\":{\"@id\":\"https:\/\/www.ericadventures.com\/en\/#organization\"},\"alternateName\":\"Eric Adventures\",\"potentialAction\":[{\"@type\":\"SearchAction\",\"target\":{\"@type\":\"EntryPoint\",\"urlTemplate\":\"https:\/\/www.ericadventures.com\/en\/?s={search_term_string}\"},\"query-input\":{\"@type\":\"PropertyValueSpecification\",\"valueRequired\":true,\"valueName\":\"search_term_string\"}}],\"inLanguage\":\"es\"},{\"@type\":\"Organization\",\"@id\":\"https:\/\/www.ericadventures.com\/en\/#organization\",\"name\":\"Eric Adventures\",\"url\":\"https:\/\/www.ericadventures.com\/en\/\",\"logo\":{\"@type\":\"ImageObject\",\"inLanguage\":\"es\",\"@id\":\"https:\/\/www.ericadventures.com\/en\/#\/schema\/logo\/image\/\",\"url\":\"https:\/\/www.ericadventures.com\/wp-content\/uploads\/logo-ericadventures.png\",\"contentUrl\":\"https:\/\/www.ericadventures.com\/wp-content\/uploads\/logo-ericadventures.png\",\"width\":500,\"height\":106,\"caption\":\"Eric Adventures\"},\"image\":{\"@id\":\"https:\/\/www.ericadventures.com\/en\/#\/schema\/logo\/image\/\"}}]}<\/script>\n<!-- \/ Yoast SEO Premium plugin. -->","yoast_head_json":{"title":"Tour cultural de medio d\u00eda por Santiago, Chile","description":"Disfruta de un tour cultural de medio d\u00eda por Santiago. Chile no es solo la capital del pa\u00eds; es un escenario de fascinantes contrastes.","robots":{"index":"index","follow":"follow","max-snippet":"max-snippet:-1","max-image-preview":"max-image-preview:large","max-video-preview":"max-video-preview:-1"},"canonical":"https:\/\/www.ericadventures.com\/es\/chile\/md-tour-cultural-de-medio-dia-por-santiago-chile\/","og_locale":"es_ES","og_type":"article","og_title":"HD, Tour Cultural por Santiago, Chile","og_description":"Disfruta de un tour cultural de medio d\u00eda por Santiago. Chile no es solo la capital del pa\u00eds; es un escenario de fascinantes contrastes.","og_url":"https:\/\/www.ericadventures.com\/es\/chile\/md-tour-cultural-de-medio-dia-por-santiago-chile\/","og_site_name":"Eric Adventures","article_modified_time":"2026-04-23T18:22:58+00:00","og_image":[{"width":518,"height":397,"url":"https:\/\/www.ericadventures.com\/wp-content\/uploads\/Sanhattan-Santiago.jpg","type":"image\/jpeg"}],"twitter_card":"summary_large_image","twitter_misc":{"Tiempo de lectura":"3 minutos"},"schema":{"@context":"https:\/\/schema.org","@graph":[{"@type":"WebPage","@id":"https:\/\/www.ericadventures.com\/es\/chile\/md-tour-cultural-de-medio-dia-por-santiago-chile\/","url":"https:\/\/www.ericadventures.com\/es\/chile\/md-tour-cultural-de-medio-dia-por-santiago-chile\/","name":"Tour cultural de medio d\u00eda por Santiago, Chile","isPartOf":{"@id":"https:\/\/www.ericadventures.com\/en\/#website"},"primaryImageOfPage":{"@id":"https:\/\/www.ericadventures.com\/es\/chile\/md-tour-cultural-de-medio-dia-por-santiago-chile\/#primaryimage"},"image":{"@id":"https:\/\/www.ericadventures.com\/es\/chile\/md-tour-cultural-de-medio-dia-por-santiago-chile\/#primaryimage"},"thumbnailUrl":"https:\/\/www.ericadventures.com\/wp-content\/uploads\/Sanhattan-Santiago.jpg","datePublished":"2026-03-04T17:26:48+00:00","dateModified":"2026-04-23T18:22:58+00:00","description":"Disfruta de un tour cultural de medio d\u00eda por Santiago. Chile no es solo la capital del pa\u00eds; es un escenario de fascinantes contrastes.","breadcrumb":{"@id":"https:\/\/www.ericadventures.com\/es\/chile\/md-tour-cultural-de-medio-dia-por-santiago-chile\/#breadcrumb"},"inLanguage":"es","potentialAction":[{"@type":"ReadAction","target":["https:\/\/www.ericadventures.com\/es\/chile\/md-tour-cultural-de-medio-dia-por-santiago-chile\/"]}]},{"@type":"ImageObject","inLanguage":"es","@id":"https:\/\/www.ericadventures.com\/es\/chile\/md-tour-cultural-de-medio-dia-por-santiago-chile\/#primaryimage","url":"https:\/\/www.ericadventures.com\/wp-content\/uploads\/Sanhattan-Santiago.jpg","contentUrl":"https:\/\/www.ericadventures.com\/wp-content\/uploads\/Sanhattan-Santiago.jpg","width":518,"height":397},{"@type":"BreadcrumbList","@id":"https:\/\/www.ericadventures.com\/es\/chile\/md-tour-cultural-de-medio-dia-por-santiago-chile\/#breadcrumb","itemListElement":[{"@type":"ListItem","position":1,"name":"Home","item":"https:\/\/www.ericadventures.com\/es\/"},{"@type":"ListItem","position":2,"name":"Tours in Chile","item":"https:\/\/www.ericadventures.com\/es\/chile\/"},{"@type":"ListItem","position":3,"name":"HD, Tour Cultural por Santiago, Chile"}]},{"@type":"WebSite","@id":"https:\/\/www.ericadventures.com\/en\/#website","url":"https:\/\/www.ericadventures.com\/en\/","name":"Eric Adventures","description":"","publisher":{"@id":"https:\/\/www.ericadventures.com\/en\/#organization"},"alternateName":"Eric Adventures","potentialAction":[{"@type":"SearchAction","target":{"@type":"EntryPoint","urlTemplate":"https:\/\/www.ericadventures.com\/en\/?s={search_term_string}"},"query-input":{"@type":"PropertyValueSpecification","valueRequired":true,"valueName":"search_term_string"}}],"inLanguage":"es"},{"@type":"Organization","@id":"https:\/\/www.ericadventures.com\/en\/#organization","name":"Eric Adventures","url":"https:\/\/www.ericadventures.com\/en\/","logo":{"@type":"ImageObject","inLanguage":"es","@id":"https:\/\/www.ericadventures.com\/en\/#\/schema\/logo\/image\/","url":"https:\/\/www.ericadventures.com\/wp-content\/uploads\/logo-ericadventures.png","contentUrl":"https:\/\/www.ericadventures.com\/wp-content\/uploads\/logo-ericadventures.png","width":500,"height":106,"caption":"Eric Adventures"},"image":{"@id":"https:\/\/www.ericadventures.com\/en\/#\/schema\/logo\/image\/"}}]}},"coauthors":[],"author_meta":{"author_link":"https:\/\/www.ericadventures.com\/es\/author\/marilyn\/","display_name":"Marilyn Ayma Gomez"},"relative_dates":{"created":"Publicado 2 meses hace","modified":"Actualizado 6 d\u00edas hace"},"absolute_dates":{"created":"Publicado el marzo 4, 2026","modified":"Actualizado el abril 23, 2026"},"absolute_dates_time":{"created":"Publicado el marzo 4, 2026 12:26 pm","modified":"Actualizado el abril 23, 2026 1:22 pm"},"featured_img_caption":"","featured_img":"https:\/\/www.ericadventures.com\/wp-content\/uploads\/Sanhattan-Santiago.jpg","series_order":"","_links":{"self":[{"href":"https:\/\/www.ericadventures.com\/es\/wp-json\/wp\/v2\/pages\/45989","targetHints":{"allow":["GET"]}}],"collection":[{"href":"https:\/\/www.ericadventures.com\/es\/wp-json\/wp\/v2\/pages"}],"about":[{"href":"https:\/\/www.ericadventures.com\/es\/wp-json\/wp\/v2\/types\/page"}],"author":[{"embeddable":true,"href":"https:\/\/www.ericadventures.com\/es\/wp-json\/wp\/v2\/users\/4"}],"replies":[{"embeddable":true,"href":"https:\/\/www.ericadventures.com\/es\/wp-json\/wp\/v2\/comments?post=45989"}],"version-history":[{"count":4,"href":"https:\/\/www.ericadventures.com\/es\/wp-json\/wp\/v2\/pages\/45989\/revisions"}],"predecessor-version":[{"id":47665,"href":"https:\/\/www.ericadventures.com\/es\/wp-json\/wp\/v2\/pages\/45989\/revisions\/47665"}],"up":[{"embeddable":true,"href":"https:\/\/www.ericadventures.com\/es\/wp-json\/wp\/v2\/pages\/36845"}],"wp:featuredmedia":[{"embeddable":true,"href":"https:\/\/www.ericadventures.com\/es\/wp-json\/wp\/v2\/media\/45972"}],"wp:attachment":[{"href":"https:\/\/www.ericadventures.com\/es\/wp-json\/wp\/v2\/media?parent=45989"}],"curies":[{"name":"wp","href":"https:\/\/api.w.org\/{rel}","templated":true}]}}