{"id":46914,"date":"2026-04-09T14:07:48","date_gmt":"2026-04-09T19:07:48","guid":{"rendered":"https:\/\/www.ericadventures.com\/ferre-miraflores-hotel-cusco\/"},"modified":"2026-04-14T13:48:03","modified_gmt":"2026-04-14T18:48:03","slug":"hotel-ferre-miraflores-lima","status":"publish","type":"page","link":"https:\/\/www.ericadventures.com\/es\/hotel\/hotel-ferre-miraflores-lima\/","title":{"rendered":"Hotel Ferre Miraflores , Lima"},"content":{"rendered":"\n<figure class=\"wp-block-table\"><table class=\"has-fixed-layout\"><thead><tr><th class=\"has-text-align-center\" data-align=\"center\">Tipo de habitaci\u00f3n<\/th><th class=\"has-text-align-center\" data-align=\"center\">Descripci\u00f3n<\/th><th class=\"has-text-align-center\" data-align=\"center\">Tarifa en d\u00f3lares americanos<\/th><\/tr><\/thead><tbody><tr><td class=\"has-text-align-center\" data-align=\"center\">Individual est\u00e1ndar<\/td><td class=\"has-text-align-center\" data-align=\"center\">1 cama<\/td><td class=\"has-text-align-center\" data-align=\"center\">87<\/td><\/tr><tr><td class=\"has-text-align-center\" data-align=\"center\">Doble est\u00e1ndar<\/td><td class=\"has-text-align-center\" data-align=\"center\">2 camas individuales o 1 cama<\/td><td class=\"has-text-align-center\" data-align=\"center\">174<\/td><\/tr><tr><td class=\"has-text-align-center\" data-align=\"center\">Triple est\u00e1ndar<\/td><td class=\"has-text-align-center\" data-align=\"center\">3 camas individuales<\/td><td class=\"has-text-align-center\" data-align=\"center\">261<\/td><\/tr><tr><td class=\"has-text-align-center\" data-align=\"center\">Familiar Confort<\/td><td class=\"has-text-align-center\" data-align=\"center\">1 cama o 2 camas individuales<\/td><td class=\"has-text-align-center\" data-align=\"center\">190<\/td><\/tr><\/tbody><\/table><\/figure>\n\n\n\n<p><strong>*Los precios pueden variar seg\u00fan la disponibilidad y la temporada.<\/strong><\/p>\n\n\n\n<p><\/p>\n\n\n\n<h3 class=\"wp-block-heading\" id=\"h-ubicacion\">UBICACION<\/h3>\n\n\n\n<p>Estrat\u00e9gicamente ubicado en el coraz\u00f3n de Miraflores, el Hotel Ferr\u00e9 se encuentra a solo 500 metros de la costa de Lima. Su ubicaci\u00f3n permite acceder f\u00e1cilmente a pie a la zona comercial m\u00e1s prestigiosa del distrito y al emblem\u00e1tico Parque Kennedy.<\/p>\n\n\n\n<p><\/p>\n\n\n\n<h3 class=\"wp-block-heading\" id=\"h-habitaciones\">HABITACIONES<\/h3>\n\n\n\n<p id=\"h-roomsenjoy-modern-rooms-with-smart-tvs-air-conditioning-and-free-wi-fi-looking-for-total-relaxation-book-one-of-our-suites-with-a-whirlpool-tub\">El hotel ofrece c\u00f3modas habitaciones equipadas con tecnolog\u00eda de punta, incluyendo Smart TV, aire acondicionado y minibar; algunas incluso cuentan con jacuzzi privado. Los hu\u00e9spedes pueden comenzar el d\u00eda con un variado desayuno gourmet en el comedor principal o relajarse en el bar privado. Para garantizar una experiencia sin contratiempos, el hotel organiza traslados exclusivos al Aeropuerto Internacional Jorge Ch\u00e1vez.<\/p>\n\n\n\n<p><strong>Restaurant<\/strong>e<\/p>\n\n\n\n<p>Disfrute de un delicioso desayuno buffet todas las ma\u00f1anas en nuestro restaurante. Tambi\u00e9n ofrecemos almuerzo y cena con reserva previa, ideal para quienes desean disfrutar de la gastronom\u00eda local sin salir del hotel.<\/p>\n\n\n\n<div class=\"wp-block-columns is-layout-flex wp-container-core-columns-is-layout-9d6595d7 wp-block-columns-is-layout-flex\">\n<div class=\"wp-block-column is-layout-flow wp-block-column-is-layout-flow\"><\/div>\n\n\n\n<div class=\"wp-block-column is-layout-flow wp-block-column-is-layout-flow\"><\/div>\n\n\n\n<div class=\"wp-block-column is-layout-flow wp-block-column-is-layout-flow\"><\/div>\n<\/div>\n\n\n\n<p><\/p>\n","protected":false},"excerpt":{"rendered":"<p>Tipo de habitaci\u00f3n Descripci\u00f3n Tarifa en d\u00f3lares americanos Individual est\u00e1ndar 1 cama 87 Doble est\u00e1ndar 2 camas individuales o 1 [&hellip;]<\/p>\n","protected":false},"author":4,"featured_media":46910,"parent":39749,"menu_order":0,"comment_status":"closed","ping_status":"closed","template":"page-hotel.php","meta":{"_acf_changed":false,"advgb_blocks_editor_width":"","advgb_blocks_columns_visual_guide":"","footnotes":""},"class_list":["post-46914","page","type-page","status-publish","has-post-thumbnail","hentry"],"acf":[],"yoast_head":"<!-- This site is optimized with the Yoast SEO Premium plugin v25.4 (Yoast SEO v26.9) - https:\/\/yoast.com\/product\/yoast-seo-premium-wordpress\/ -->\n<title>Hotel Ferre Miraflores , Lima<\/title>\n<meta name=\"description\" content=\"Con una ubicaci\u00f3n estrat\u00e9gica en el coraz\u00f3n de Miraflores, el Hotel Ferr\u00e9 se encuentra a tan solo 500 metros de la costa de Lima, lo que permite acceder f\u00e1cilmente a pie a los lugares m\u00e1s prestigiosos del distrito.\" \/>\n<meta name=\"robots\" content=\"index, follow, max-snippet:-1, max-image-preview:large, max-video-preview:-1\" \/>\n<link rel=\"canonical\" href=\"https:\/\/www.ericadventures.com\/es\/hotel\/hotel-ferre-miraflores-lima\/\" \/>\n<meta property=\"og:locale\" content=\"es_ES\" \/>\n<meta property=\"og:type\" content=\"article\" \/>\n<meta property=\"og:title\" content=\"Hotel Ferre Miraflores , Lima\" \/>\n<meta property=\"og:description\" content=\"Con una ubicaci\u00f3n estrat\u00e9gica en el coraz\u00f3n de Miraflores, el Hotel Ferr\u00e9 se encuentra a tan solo 500 metros de la costa de Lima, lo que permite acceder f\u00e1cilmente a pie a los lugares m\u00e1s prestigiosos del distrito.\" \/>\n<meta property=\"og:url\" content=\"https:\/\/www.ericadventures.com\/es\/hotel\/hotel-ferre-miraflores-lima\/\" \/>\n<meta property=\"og:site_name\" content=\"Eric Adventures\" \/>\n<meta property=\"article:modified_time\" content=\"2026-04-14T18:48:03+00:00\" \/>\n<meta property=\"og:image\" content=\"https:\/\/www.ericadventures.com\/wp-content\/uploads\/Ferre-Miraflores-hotel-Lima-1.jpg\" \/>\n\t<meta property=\"og:image:width\" content=\"305\" \/>\n\t<meta property=\"og:image:height\" content=\"459\" \/>\n\t<meta property=\"og:image:type\" content=\"image\/jpeg\" \/>\n<meta name=\"twitter:card\" content=\"summary_large_image\" \/>\n<meta name=\"twitter:label1\" content=\"Tiempo de lectura\" \/>\n\t<meta name=\"twitter:data1\" content=\"2 minutos\" \/>\n<script type=\"application\/ld+json\" class=\"yoast-schema-graph\">{\"@context\":\"https:\/\/schema.org\",\"@graph\":[{\"@type\":\"WebPage\",\"@id\":\"https:\/\/www.ericadventures.com\/es\/hotel\/hotel-ferre-miraflores-lima\/\",\"url\":\"https:\/\/www.ericadventures.com\/es\/hotel\/hotel-ferre-miraflores-lima\/\",\"name\":\"Hotel Ferre Miraflores , Lima\",\"isPartOf\":{\"@id\":\"https:\/\/www.ericadventures.com\/en\/#website\"},\"primaryImageOfPage\":{\"@id\":\"https:\/\/www.ericadventures.com\/es\/hotel\/hotel-ferre-miraflores-lima\/#primaryimage\"},\"image\":{\"@id\":\"https:\/\/www.ericadventures.com\/es\/hotel\/hotel-ferre-miraflores-lima\/#primaryimage\"},\"thumbnailUrl\":\"https:\/\/www.ericadventures.com\/wp-content\/uploads\/Ferre-Miraflores-hotel-Lima-1.jpg\",\"datePublished\":\"2026-04-09T19:07:48+00:00\",\"dateModified\":\"2026-04-14T18:48:03+00:00\",\"description\":\"Con una ubicaci\u00f3n estrat\u00e9gica en el coraz\u00f3n de Miraflores, el Hotel Ferr\u00e9 se encuentra a tan solo 500 metros de la costa de Lima, lo que permite acceder f\u00e1cilmente a pie a los lugares m\u00e1s prestigiosos del distrito.\",\"breadcrumb\":{\"@id\":\"https:\/\/www.ericadventures.com\/es\/hotel\/hotel-ferre-miraflores-lima\/#breadcrumb\"},\"inLanguage\":\"es\",\"potentialAction\":[{\"@type\":\"ReadAction\",\"target\":[\"https:\/\/www.ericadventures.com\/es\/hotel\/hotel-ferre-miraflores-lima\/\"]}]},{\"@type\":\"ImageObject\",\"inLanguage\":\"es\",\"@id\":\"https:\/\/www.ericadventures.com\/es\/hotel\/hotel-ferre-miraflores-lima\/#primaryimage\",\"url\":\"https:\/\/www.ericadventures.com\/wp-content\/uploads\/Ferre-Miraflores-hotel-Lima-1.jpg\",\"contentUrl\":\"https:\/\/www.ericadventures.com\/wp-content\/uploads\/Ferre-Miraflores-hotel-Lima-1.jpg\",\"width\":305,\"height\":459},{\"@type\":\"BreadcrumbList\",\"@id\":\"https:\/\/www.ericadventures.com\/es\/hotel\/hotel-ferre-miraflores-lima\/#breadcrumb\",\"itemListElement\":[{\"@type\":\"ListItem\",\"position\":1,\"name\":\"Home\",\"item\":\"https:\/\/www.ericadventures.com\/es\/\"},{\"@type\":\"ListItem\",\"position\":2,\"name\":\"Hotels\",\"item\":\"https:\/\/www.ericadventures.com\/es\/hotel\/\"},{\"@type\":\"ListItem\",\"position\":3,\"name\":\"Hotel Ferre Miraflores , Lima\"}]},{\"@type\":\"WebSite\",\"@id\":\"https:\/\/www.ericadventures.com\/en\/#website\",\"url\":\"https:\/\/www.ericadventures.com\/en\/\",\"name\":\"Eric Adventures\",\"description\":\"\",\"publisher\":{\"@id\":\"https:\/\/www.ericadventures.com\/en\/#organization\"},\"alternateName\":\"Eric Adventures\",\"potentialAction\":[{\"@type\":\"SearchAction\",\"target\":{\"@type\":\"EntryPoint\",\"urlTemplate\":\"https:\/\/www.ericadventures.com\/en\/?s={search_term_string}\"},\"query-input\":{\"@type\":\"PropertyValueSpecification\",\"valueRequired\":true,\"valueName\":\"search_term_string\"}}],\"inLanguage\":\"es\"},{\"@type\":\"Organization\",\"@id\":\"https:\/\/www.ericadventures.com\/en\/#organization\",\"name\":\"Eric Adventures\",\"url\":\"https:\/\/www.ericadventures.com\/en\/\",\"logo\":{\"@type\":\"ImageObject\",\"inLanguage\":\"es\",\"@id\":\"https:\/\/www.ericadventures.com\/en\/#\/schema\/logo\/image\/\",\"url\":\"https:\/\/www.ericadventures.com\/wp-content\/uploads\/logo-ericadventures.png\",\"contentUrl\":\"https:\/\/www.ericadventures.com\/wp-content\/uploads\/logo-ericadventures.png\",\"width\":500,\"height\":106,\"caption\":\"Eric Adventures\"},\"image\":{\"@id\":\"https:\/\/www.ericadventures.com\/en\/#\/schema\/logo\/image\/\"}}]}<\/script>\n<!-- \/ Yoast SEO Premium plugin. -->","yoast_head_json":{"title":"Hotel Ferre Miraflores , Lima","description":"Con una ubicaci\u00f3n estrat\u00e9gica en el coraz\u00f3n de Miraflores, el Hotel Ferr\u00e9 se encuentra a tan solo 500 metros de la costa de Lima, lo que permite acceder f\u00e1cilmente a pie a los lugares m\u00e1s prestigiosos del distrito.","robots":{"index":"index","follow":"follow","max-snippet":"max-snippet:-1","max-image-preview":"max-image-preview:large","max-video-preview":"max-video-preview:-1"},"canonical":"https:\/\/www.ericadventures.com\/es\/hotel\/hotel-ferre-miraflores-lima\/","og_locale":"es_ES","og_type":"article","og_title":"Hotel Ferre Miraflores , Lima","og_description":"Con una ubicaci\u00f3n estrat\u00e9gica en el coraz\u00f3n de Miraflores, el Hotel Ferr\u00e9 se encuentra a tan solo 500 metros de la costa de Lima, lo que permite acceder f\u00e1cilmente a pie a los lugares m\u00e1s prestigiosos del distrito.","og_url":"https:\/\/www.ericadventures.com\/es\/hotel\/hotel-ferre-miraflores-lima\/","og_site_name":"Eric Adventures","article_modified_time":"2026-04-14T18:48:03+00:00","og_image":[{"width":305,"height":459,"url":"https:\/\/www.ericadventures.com\/wp-content\/uploads\/Ferre-Miraflores-hotel-Lima-1.jpg","type":"image\/jpeg"}],"twitter_card":"summary_large_image","twitter_misc":{"Tiempo de lectura":"2 minutos"},"schema":{"@context":"https:\/\/schema.org","@graph":[{"@type":"WebPage","@id":"https:\/\/www.ericadventures.com\/es\/hotel\/hotel-ferre-miraflores-lima\/","url":"https:\/\/www.ericadventures.com\/es\/hotel\/hotel-ferre-miraflores-lima\/","name":"Hotel Ferre Miraflores , Lima","isPartOf":{"@id":"https:\/\/www.ericadventures.com\/en\/#website"},"primaryImageOfPage":{"@id":"https:\/\/www.ericadventures.com\/es\/hotel\/hotel-ferre-miraflores-lima\/#primaryimage"},"image":{"@id":"https:\/\/www.ericadventures.com\/es\/hotel\/hotel-ferre-miraflores-lima\/#primaryimage"},"thumbnailUrl":"https:\/\/www.ericadventures.com\/wp-content\/uploads\/Ferre-Miraflores-hotel-Lima-1.jpg","datePublished":"2026-04-09T19:07:48+00:00","dateModified":"2026-04-14T18:48:03+00:00","description":"Con una ubicaci\u00f3n estrat\u00e9gica en el coraz\u00f3n de Miraflores, el Hotel Ferr\u00e9 se encuentra a tan solo 500 metros de la costa de Lima, lo que permite acceder f\u00e1cilmente a pie a los lugares m\u00e1s prestigiosos del distrito.","breadcrumb":{"@id":"https:\/\/www.ericadventures.com\/es\/hotel\/hotel-ferre-miraflores-lima\/#breadcrumb"},"inLanguage":"es","potentialAction":[{"@type":"ReadAction","target":["https:\/\/www.ericadventures.com\/es\/hotel\/hotel-ferre-miraflores-lima\/"]}]},{"@type":"ImageObject","inLanguage":"es","@id":"https:\/\/www.ericadventures.com\/es\/hotel\/hotel-ferre-miraflores-lima\/#primaryimage","url":"https:\/\/www.ericadventures.com\/wp-content\/uploads\/Ferre-Miraflores-hotel-Lima-1.jpg","contentUrl":"https:\/\/www.ericadventures.com\/wp-content\/uploads\/Ferre-Miraflores-hotel-Lima-1.jpg","width":305,"height":459},{"@type":"BreadcrumbList","@id":"https:\/\/www.ericadventures.com\/es\/hotel\/hotel-ferre-miraflores-lima\/#breadcrumb","itemListElement":[{"@type":"ListItem","position":1,"name":"Home","item":"https:\/\/www.ericadventures.com\/es\/"},{"@type":"ListItem","position":2,"name":"Hotels","item":"https:\/\/www.ericadventures.com\/es\/hotel\/"},{"@type":"ListItem","position":3,"name":"Hotel Ferre Miraflores , Lima"}]},{"@type":"WebSite","@id":"https:\/\/www.ericadventures.com\/en\/#website","url":"https:\/\/www.ericadventures.com\/en\/","name":"Eric Adventures","description":"","publisher":{"@id":"https:\/\/www.ericadventures.com\/en\/#organization"},"alternateName":"Eric Adventures","potentialAction":[{"@type":"SearchAction","target":{"@type":"EntryPoint","urlTemplate":"https:\/\/www.ericadventures.com\/en\/?s={search_term_string}"},"query-input":{"@type":"PropertyValueSpecification","valueRequired":true,"valueName":"search_term_string"}}],"inLanguage":"es"},{"@type":"Organization","@id":"https:\/\/www.ericadventures.com\/en\/#organization","name":"Eric Adventures","url":"https:\/\/www.ericadventures.com\/en\/","logo":{"@type":"ImageObject","inLanguage":"es","@id":"https:\/\/www.ericadventures.com\/en\/#\/schema\/logo\/image\/","url":"https:\/\/www.ericadventures.com\/wp-content\/uploads\/logo-ericadventures.png","contentUrl":"https:\/\/www.ericadventures.com\/wp-content\/uploads\/logo-ericadventures.png","width":500,"height":106,"caption":"Eric Adventures"},"image":{"@id":"https:\/\/www.ericadventures.com\/en\/#\/schema\/logo\/image\/"}}]}},"coauthors":[],"author_meta":{"author_link":"https:\/\/www.ericadventures.com\/es\/author\/marilyn\/","display_name":"Marilyn Ayma Gomez"},"relative_dates":{"created":"Publicado 1 semana hace","modified":"Actualizado 3 d\u00edas hace"},"absolute_dates":{"created":"Publicado el abril 9, 2026","modified":"Actualizado el abril 14, 2026"},"absolute_dates_time":{"created":"Publicado el abril 9, 2026 2:07 pm","modified":"Actualizado el abril 14, 2026 1:48 pm"},"featured_img_caption":"","featured_img":"https:\/\/www.ericadventures.com\/wp-content\/uploads\/Ferre-Miraflores-hotel-Lima-1.jpg","series_order":"","_links":{"self":[{"href":"https:\/\/www.ericadventures.com\/es\/wp-json\/wp\/v2\/pages\/46914","targetHints":{"allow":["GET"]}}],"collection":[{"href":"https:\/\/www.ericadventures.com\/es\/wp-json\/wp\/v2\/pages"}],"about":[{"href":"https:\/\/www.ericadventures.com\/es\/wp-json\/wp\/v2\/types\/page"}],"author":[{"embeddable":true,"href":"https:\/\/www.ericadventures.com\/es\/wp-json\/wp\/v2\/users\/4"}],"replies":[{"embeddable":true,"href":"https:\/\/www.ericadventures.com\/es\/wp-json\/wp\/v2\/comments?post=46914"}],"version-history":[{"count":3,"href":"https:\/\/www.ericadventures.com\/es\/wp-json\/wp\/v2\/pages\/46914\/revisions"}],"predecessor-version":[{"id":47066,"href":"https:\/\/www.ericadventures.com\/es\/wp-json\/wp\/v2\/pages\/46914\/revisions\/47066"}],"up":[{"embeddable":true,"href":"https:\/\/www.ericadventures.com\/es\/wp-json\/wp\/v2\/pages\/39749"}],"wp:featuredmedia":[{"embeddable":true,"href":"https:\/\/www.ericadventures.com\/es\/wp-json\/wp\/v2\/media\/46910"}],"wp:attachment":[{"href":"https:\/\/www.ericadventures.com\/es\/wp-json\/wp\/v2\/media?parent=46914"}],"curies":[{"name":"wp","href":"https:\/\/api.w.org\/{rel}","templated":true}]}}