{"id":6526,"date":"2023-12-20T16:52:14","date_gmt":"2023-12-20T21:52:14","guid":{"rendered":"https:\/\/www.ericadventures.com\/lima\/city-tour-clasico-lima-copy\/"},"modified":"2026-03-14T12:22:31","modified_gmt":"2026-03-14T17:22:31","slug":"parapente-lima","status":"publish","type":"page","link":"https:\/\/www.ericadventures.com\/es\/lima\/parapente-lima\/","title":{"rendered":"HD Parapente En La Costa Verde De Lima y Miraflores"},"content":{"rendered":"<div class=\"wp-block-image\">\n<figure class=\"alignleft size-full is-resized\"><img loading=\"lazy\" decoding=\"async\" width=\"480\" height=\"360\" src=\"https:\/\/www.ericadventures.com\/wp-content\/uploads\/peru-lima-green-coast-paragliding-tours6.jpg\" alt=\"\" class=\"wp-image-6573\" style=\"aspect-ratio:1.7777777777777777;object-fit:cover;width:413px;height:auto\" srcset=\"https:\/\/www.ericadventures.com\/wp-content\/uploads\/peru-lima-green-coast-paragliding-tours6.jpg 480w, https:\/\/www.ericadventures.com\/wp-content\/uploads\/peru-lima-green-coast-paragliding-tours6-300x225.jpg 300w\" sizes=\"auto, (max-width: 480px) 100vw, 480px\" \/><\/figure>\n<\/div>\n\n\n<h3 class=\"wp-block-heading\" id=\"h-vuelos-en-parapente-lima-peru\">VUELOS EN PARAPENTE &#8211; LIMA PERU<\/h3>\n\n\n\n<p>Vuela en parapente como pasajero con un instructor especialmente entrenado y disfruta la mejor aventura en\u00a0<a href=\"https:\/\/www.ericadventures.com\/peru\/lima\/city-tour-clasico-lima.html\"><strong>Lima<\/strong><\/a>! No pierdas esta experiencia \u00fanica e inolvidable con\u00a0<a href=\"https:\/\/www.ericadventures.com\/\">Eric Adventures<\/a>, ofrecemos\u00a0<strong>Paseos Biplaza<\/strong>\u00a0sobre la\u00a0<strong>Costa Verde.<\/strong><br>Estos vuelos se realizan con un\u00a0<strong>paramotor biplaza<\/strong>\u00a0para dos personas; guiado por un\u00a0<strong>instructor calificado<\/strong>, el pasajero puede volar relajado con toda seguridad, tomar fotos y disfrutar de un panorama fabuloso!<\/p>\n\n\n\n<p><\/p>\n\n\n\n<h2 class=\"wp-block-heading\" id=\"h-itinerario\"><strong>ITINERARIO<\/strong><\/h2>\n\n\n\n<p>Ofrecemos paseos biplaza en dos locaciones diferentes en&nbsp;<a href=\"https:\/\/www.ericadventures.com\/peru\/lima\/city-tour-clasico-lima.html\">Lima<\/a>:<br><br><strong><a href=\"https:\/\/www.ericadventures.com\/peru\/lima\/parapente-lima.html\">La Costa Verde, Miraflores<\/a><\/strong><\/p>\n\n\n\n<p>Los clientes tienen que venir a nuestro punto de encuentro en la Costa Verde, indicaremos por whatsapp la direcci\u00f3n exacta, ya que esta puede variar en base a las condiciones clim\u00e1ticas, una vez reunidos con nuestro gu\u00eda, el nos dar\u00e1 las indicaciones necesarias y nos dar\u00e1 los equipos de protecci\u00f3n, luego iniciaremos nuestra aventura, con un vuelo muy tranquilo y relajante apropiado para todos. Volamos sobre las playas, edificios de Miraflores y lugares m\u00e1s visitados como . Parque del Amor y Larcomar.\u00a1La experiencia es impresionante!<\/p>\n\n\n\n<p>Programa de vuelo: Entre las 10am y 5pm (dependiendo de las condiciones clim\u00e1ticas)<\/p>\n\n\n\n<p>Temporada:&nbsp;<strong>Todo el a\u00f1o<\/strong><\/p>\n\n\n\n<p><strong>Duraci\u00f3n<\/strong><br>Duraci\u00f3n de vuelo: 10 minutos aprox.<\/p>\n\n\n\n<p>No lo pienses m\u00e1s, haz tu reserva hoy mismo y haremos realidad tu sue\u00f1o de volar! Haz un recorrido por encima de los espectaculares acantilados de&nbsp;<strong>Miraflores<\/strong><\/p>\n\n\n\n<h3 class=\"wp-block-heading\" id=\"h-nota\">NOTA:<\/h3>\n\n\n\n<ul class=\"wp-block-list\">\n<li>El vuelo en Paramotor biplaza, depende de factores clim\u00e1ticos, en caso que no se realice el vuelo en la ma\u00f1ana hay que esperar pacientemente hasta la tarde a que hayan las condiciones clim\u00e1ticas aptas para realizar el vuelo.<\/li>\n\n\n\n<li>Si no se llegara a realizar el vuelo, se devolver\u00e1 al cliente el 90% del importe pagado, esto debido a que hay que cubrir los gastos del gu\u00eda y la comisi\u00f3n de tarjeta de cr\u00e9dito 5.5%<\/li>\n<\/ul>\n\n\n\n<h2 class=\"wp-block-heading\" id=\"h-precios-por-persona-en-dolares-americanos\">precios(Por persona en d\u00f3lares americanos)<\/h2>\n\n\n\n<ul class=\"wp-block-list\">\n<li>US$ 75 D\u00f3lares Americanos en Servicio Compartido (Salidas diarias seg\u00fan clima)<\/li>\n\n\n\n<li>*Precios de referencia sujetos a disponibilidad y temporada.<\/li>\n<\/ul>\n\n\n\n<h2 class=\"wp-block-heading\" id=\"h-mapa\">MAPA<\/h2>\n\n\n\n<figure class=\"wp-block-gallery has-nested-images columns-default wp-block-gallery-1 is-layout-flex wp-block-gallery-is-layout-flex\">\n<figure class=\"wp-block-image size-thumbnail is-style-default\"><a href=\"https:\/\/www.ericadventures.com\/wp-content\/uploads\/map-paragliding-flying-green-coast-lima-1.jpg\"><img loading=\"lazy\" decoding=\"async\" width=\"150\" height=\"150\" data-id=\"6583\" src=\"https:\/\/www.ericadventures.com\/wp-content\/uploads\/map-paragliding-flying-green-coast-lima-1-150x150.jpg\" alt=\"\" class=\"wp-image-6583\"\/><\/a><\/figure>\n<\/figure>\n\n\n\n<h2 class=\"wp-block-heading\" id=\"h-galeria-de-fotos\">GALERIA DE FOTOS<\/h2>\n\n\n\n<figure class=\"wp-block-gallery has-nested-images columns-8 is-cropped wp-block-gallery-2 is-layout-flex wp-block-gallery-is-layout-flex\">\n<figure class=\"wp-block-image size-thumbnail\"><img loading=\"lazy\" decoding=\"async\" width=\"150\" height=\"150\" data-id=\"6528\" src=\"https:\/\/www.ericadventures.com\/wp-content\/uploads\/peru-lima-green-coast-paragliding-tours4-150x150.jpg\" alt=\"\" class=\"wp-image-6528\"\/><\/figure>\n\n\n\n<figure class=\"wp-block-image size-thumbnail\"><img loading=\"lazy\" decoding=\"async\" width=\"150\" height=\"150\" data-id=\"6533\" src=\"https:\/\/www.ericadventures.com\/wp-content\/uploads\/Lima_Parapente_Miraflores_3-150x150.jpg\" alt=\"\" class=\"wp-image-6533\"\/><\/figure>\n\n\n\n<figure class=\"wp-block-image size-thumbnail\"><img loading=\"lazy\" decoding=\"async\" width=\"150\" height=\"150\" data-id=\"6548\" src=\"https:\/\/www.ericadventures.com\/wp-content\/uploads\/peru-lima-green-coast-paragliding-tours-150x150.jpg\" alt=\"\" class=\"wp-image-6548\"\/><\/figure>\n\n\n\n<figure class=\"wp-block-image size-thumbnail\"><img loading=\"lazy\" decoding=\"async\" width=\"150\" height=\"150\" data-id=\"6553\" src=\"https:\/\/www.ericadventures.com\/wp-content\/uploads\/peru-lima-green-coast-paragliding-tours2-150x150.jpg\" alt=\"\" class=\"wp-image-6553\"\/><\/figure>\n\n\n\n<figure class=\"wp-block-image size-thumbnail\"><img loading=\"lazy\" decoding=\"async\" width=\"150\" height=\"150\" data-id=\"6558\" src=\"https:\/\/www.ericadventures.com\/wp-content\/uploads\/peru-lima-green-coast-paragliding-tours3-150x150.jpg\" alt=\"\" class=\"wp-image-6558\"\/><\/figure>\n\n\n\n<figure class=\"wp-block-image size-thumbnail\"><img loading=\"lazy\" decoding=\"async\" width=\"150\" height=\"150\" data-id=\"6568\" src=\"https:\/\/www.ericadventures.com\/wp-content\/uploads\/peru-lima-green-coast-paragliding-tours5-150x150.jpg\" alt=\"\" class=\"wp-image-6568\"\/><\/figure>\n\n\n\n<figure class=\"wp-block-image size-thumbnail\"><img loading=\"lazy\" decoding=\"async\" width=\"150\" height=\"150\" data-id=\"6573\" src=\"https:\/\/www.ericadventures.com\/wp-content\/uploads\/peru-lima-green-coast-paragliding-tours6-150x150.jpg\" alt=\"\" class=\"wp-image-6573\"\/><\/figure>\n\n\n\n<figure class=\"wp-block-image size-thumbnail\"><img loading=\"lazy\" decoding=\"async\" width=\"150\" height=\"150\" data-id=\"6578\" src=\"https:\/\/www.ericadventures.com\/wp-content\/uploads\/peru-lima-green-coast-tours-1-150x150.jpg\" alt=\"\" class=\"wp-image-6578\"\/><\/figure>\n<\/figure>\n\n\n\n<h2 class=\"wp-block-heading\" id=\"h-formulario-de-contact-o\"><strong>FORMULARIO DE CONTACT<\/strong>O<\/h2>\n\n\n\n<div class=\"wp-block-contact-form-7-contact-form-selector\">\n<div class=\"wpcf7 no-js\" id=\"wpcf7-f6169-o1\" lang=\"es-ES\" dir=\"ltr\" data-wpcf7-id=\"6169\">\n<div class=\"screen-reader-response\"><p role=\"status\" aria-live=\"polite\" aria-atomic=\"true\"><\/p> <ul><\/ul><\/div>\n<form action=\"\/es\/wp-json\/wp\/v2\/pages\/6526#wpcf7-f6169-o1\" method=\"post\" class=\"wpcf7-form init\" aria-label=\"Formulario de contacto\" novalidate=\"novalidate\" data-status=\"init\">\n<fieldset class=\"hidden-fields-container\"><input type=\"hidden\" name=\"_wpcf7\" value=\"6169\" \/><input type=\"hidden\" name=\"_wpcf7_version\" value=\"6.1.5\" \/><input type=\"hidden\" name=\"_wpcf7_locale\" value=\"es_ES\" \/><input type=\"hidden\" name=\"_wpcf7_unit_tag\" value=\"wpcf7-f6169-o1\" \/><input type=\"hidden\" name=\"_wpcf7_container_post\" value=\"0\" \/><input type=\"hidden\" name=\"_wpcf7_posted_data_hash\" value=\"\" \/>\n<\/fieldset>\n<div class=\"wpcf7-turnstile cf-turnstile\" data-sitekey=\"0x4AAAAAACZ2CLxkDaDac8NW\" data-response-field-name=\"_wpcf7_turnstile_response\"><\/div>\n\n<div class=\"formt\">\n    <span class=\"textform\"> Para reservas o m\u00e1s informaci\u00f3n por favor complete el siguiente formulario de cliente\/hu\u00e9sped: <\/span>\n    <input class=\"wpcf7-form-control wpcf7-hidden\" value=\"https:\/\/www.ericadventures.com\/es\/wp-json\/wp\/v2\/pages\/6526\" type=\"hidden\" name=\"Url_Tour\" \/>\n    <input class=\"wpcf7-form-control wpcf7-hidden\" value=\"es\" type=\"hidden\" name=\"Idioma\" \/>\n    <input class=\"wpcf7-form-control wpcf7-hidden\" value=\"15\/04\/2026 16:54:10\" type=\"hidden\" name=\"Fecha_Hora\" \/>\n    <input class=\"wpcf7-form-control wpcf7-hidden\" value=\"216.73.216.181\" type=\"hidden\" name=\"Ip\" \/>\n    <input class=\"wpcf7-form-control wpcf7-hidden\" value=\"HD Parapente En La Costa Verde De Lima y Miraflores\" type=\"hidden\" name=\"Nombre_Tour\" \/>\n    <input class=\"wpcf7-form-control wpcf7-hidden\" value=\"1\" type=\"hidden\" name=\"enviar_excel\" \/>\n    \n    <div class=\"g2\">\n        <div>\n            <label>Nombre: <\/label>\n            <span class=\"wpcf7-form-control-wrap\" data-name=\"Nombre\"><input size=\"40\" maxlength=\"400\" class=\"wpcf7-form-control wpcf7-text wpcf7-validates-as-required\" aria-required=\"true\" aria-invalid=\"false\" value=\"\" type=\"text\" name=\"Nombre\" \/><\/span>\n        <\/div>\n        <div>\n            <label>Email: <\/label>\n            <span class=\"wpcf7-form-control-wrap\" data-name=\"Emails\"><input size=\"40\" maxlength=\"400\" class=\"wpcf7-form-control wpcf7-email wpcf7-validates-as-required wpcf7-text wpcf7-validates-as-email\" aria-required=\"true\" aria-invalid=\"false\" value=\"\" type=\"email\" name=\"Emails\" \/><\/span>\n        <\/div>\n    <\/div>\n    \n    <div class=\"g2\">\n        <div>\n            <label>Pa\u00eds: <\/label>\n            <span class=\"wpcf7-form-control-wrap\" data-name=\"Pais\"><input size=\"40\" maxlength=\"400\" class=\"wpcf7-form-control wpcf7-text\" aria-invalid=\"false\" value=\"\" type=\"text\" name=\"Pais\" \/><\/span>\n        <\/div>\n        <div>\n            <label>Tel\u00e9fono - Whatsapp: <\/label>\n            <span class=\"wpcf7-form-control-wrap\" data-name=\"Whatsapp\"><input size=\"40\" class=\"wpcf7-form-control wpcf7-phonetext wpcf7-text wpcf7-validates-as-phonetext\" aria-invalid=\"false\" value=\"\" type=\"text\" name=\"Whatsapp\" \/><input type=\"hidden\" name=\"Whatsapp-country-code\" class=\"wpcf7-phonetext-country-code\" \/><\/span>\n        <\/div>\n    <\/div>\n    \n    <div class=\"g2\">\n        <div>\n            <label>Cantidad de Personas Adultas: <\/label>\n            <span class=\"wpcf7-form-control-wrap\" data-name=\"Adultos\"><select class=\"wpcf7-form-control wpcf7-select wpcf7-validates-as-required\" aria-required=\"true\" aria-invalid=\"false\" name=\"Adultos\"><option value=\"1\">1<\/option><option value=\"2\">2<\/option><option value=\"3\">3<\/option><option value=\"4\">4<\/option><option value=\"5\">5<\/option><option value=\"6\">6<\/option><option value=\"7\">7<\/option><option value=\"8\">8<\/option><option value=\"9\">9<\/option><option value=\"10\">10<\/option><option value=\"11\">11<\/option><option value=\"12 a m\u00e1s\">12 a m\u00e1s<\/option><\/select><\/span>\n        <\/div>\n        <div>\n            <label>Cantidad de Ni\u00f1os: <\/label>\n            <span class=\"wpcf7-form-control-wrap\" data-name=\"Ninos\"><select class=\"wpcf7-form-control wpcf7-select wpcf7-validates-as-required\" aria-required=\"true\" aria-invalid=\"false\" name=\"Ninos\"><option value=\"0\">0<\/option><option value=\"1\">1<\/option><option value=\"2\">2<\/option><option value=\"3\">3<\/option><option value=\"4\">4<\/option><option value=\"5\">5<\/option><option value=\"6\">6<\/option><option value=\"7\">7<\/option><option value=\"8\">8<\/option><option value=\"9\">9<\/option><option value=\"10\">10<\/option><option value=\"11\">11<\/option><option value=\"12 a m\u00e1s\">12 a m\u00e1s<\/option><\/select><\/span>\n        <\/div>\n    <\/div>\n    \n    <div class=\"g2\">\n        <div>\n            <label>Fecha de Inicio del Tour: <\/label>\n            <span class=\"wpcf7-form-control-wrap\" data-name=\"Inicio\"><input class=\"wpcf7-form-control wpcf7-date wpcf7-validates-as-required wpcf7-validates-as-date\" id=\"inicio\" min=\"2026-04-15\" aria-required=\"true\" aria-invalid=\"false\" value=\"\" type=\"date\" name=\"Inicio\" \/><\/span>\n        <\/div>\n        <div>\n            <label>Fecha de Finalizaci\u00f3n del Tour: <\/label>\n            <span class=\"wpcf7-form-control-wrap\" data-name=\"Final\"><input class=\"wpcf7-form-control wpcf7-date wpcf7-validates-as-required wpcf7-validates-as-date\" id=\"final\" min=\"2026-04-15\" aria-required=\"true\" aria-invalid=\"false\" value=\"\" type=\"date\" name=\"Final\" \/><\/span>\n        <\/div>\n    <\/div>\n    \n    <div>\n        <label>Comentarios o preguntas: <\/label>\n        <span class=\"wpcf7-form-control-wrap\" data-name=\"Mensaje\"><textarea cols=\"40\" rows=\"10\" maxlength=\"2000\" class=\"wpcf7-form-control wpcf7-textarea wpcf7-validates-as-required\" aria-required=\"true\" aria-invalid=\"false\" placeholder=\"Por favor especifica el tipo de SERVICIO\/TOUR que deseas realizar\" name=\"Mensaje\"><\/textarea><\/span>\n    <\/div>\n    \n    <input class=\"wpcf7-form-control wpcf7-submit has-spinner btnsend\" type=\"submit\" value=\"ENVIAR MENSAJE\" \/>\n<\/div><div class=\"wpcf7-response-output\" aria-hidden=\"true\"><\/div>\n<\/form>\n<\/div>\n<\/div>\n","protected":false},"excerpt":{"rendered":"<p>VUELOS EN PARAPENTE &#8211; LIMA PERU Vuela en parapente como pasajero con un instructor especialmente entrenado y disfruta la mejor [&hellip;]<\/p>\n","protected":false},"author":4,"featured_media":6573,"parent":236,"menu_order":0,"comment_status":"closed","ping_status":"closed","template":"page-tour.php","meta":{"_acf_changed":false,"advgb_blocks_editor_width":"","advgb_blocks_columns_visual_guide":"","footnotes":""},"class_list":["post-6526","page","type-page","status-publish","has-post-thumbnail","hentry"],"acf":[],"yoast_head":"<!-- This site is optimized with the Yoast SEO Premium plugin v25.4 (Yoast SEO v26.9) - https:\/\/yoast.com\/product\/yoast-seo-premium-wordpress\/ -->\n<title>Medio D\u00eda Parapente En Lima y Miraflores en La Costa Verde<\/title>\n<meta name=\"description\" content=\"Vuelos en Parapente en la Costa Verde de Lima, disfruta una experiencia \u00fanica e inolvidable en Lima! con instructores entrenados.\" \/>\n<meta name=\"robots\" content=\"index, follow, max-snippet:-1, max-image-preview:large, max-video-preview:-1\" \/>\n<link rel=\"canonical\" href=\"https:\/\/www.ericadventures.com\/es\/lima\/parapente-lima\/\" \/>\n<meta property=\"og:locale\" content=\"es_ES\" \/>\n<meta property=\"og:type\" content=\"article\" \/>\n<meta property=\"og:title\" content=\"HD Parapente En La Costa Verde De Lima y Miraflores\" \/>\n<meta property=\"og:description\" content=\"Vuelos en Parapente en la Costa Verde de Lima, disfruta una experiencia \u00fanica e inolvidable en Lima! con instructores entrenados.\" \/>\n<meta property=\"og:url\" content=\"https:\/\/www.ericadventures.com\/es\/lima\/parapente-lima\/\" \/>\n<meta property=\"og:site_name\" content=\"Eric Adventures\" \/>\n<meta property=\"article:modified_time\" content=\"2026-03-14T17:22:31+00:00\" \/>\n<meta property=\"og:image\" content=\"https:\/\/www.ericadventures.com\/wp-content\/uploads\/peru-lima-green-coast-paragliding-tours6.jpg\" \/>\n\t<meta property=\"og:image:width\" content=\"480\" \/>\n\t<meta property=\"og:image:height\" content=\"360\" \/>\n\t<meta property=\"og:image:type\" content=\"image\/jpeg\" \/>\n<meta name=\"twitter:card\" content=\"summary_large_image\" \/>\n<meta name=\"twitter:label1\" content=\"Tiempo de lectura\" \/>\n\t<meta name=\"twitter:data1\" content=\"4 minutos\" \/>\n<script type=\"application\/ld+json\" class=\"yoast-schema-graph\">{\"@context\":\"https:\/\/schema.org\",\"@graph\":[{\"@type\":\"WebPage\",\"@id\":\"https:\/\/www.ericadventures.com\/es\/lima\/parapente-lima\/\",\"url\":\"https:\/\/www.ericadventures.com\/es\/lima\/parapente-lima\/\",\"name\":\"Medio D\u00eda Parapente En Lima y Miraflores en La Costa Verde\",\"isPartOf\":{\"@id\":\"https:\/\/www.ericadventures.com\/en\/#website\"},\"primaryImageOfPage\":{\"@id\":\"https:\/\/www.ericadventures.com\/es\/lima\/parapente-lima\/#primaryimage\"},\"image\":{\"@id\":\"https:\/\/www.ericadventures.com\/es\/lima\/parapente-lima\/#primaryimage\"},\"thumbnailUrl\":\"https:\/\/www.ericadventures.com\/wp-content\/uploads\/peru-lima-green-coast-paragliding-tours6.jpg\",\"datePublished\":\"2023-12-20T21:52:14+00:00\",\"dateModified\":\"2026-03-14T17:22:31+00:00\",\"description\":\"Vuelos en Parapente en la Costa Verde de Lima, disfruta una experiencia \u00fanica e inolvidable en Lima! con instructores entrenados.\",\"breadcrumb\":{\"@id\":\"https:\/\/www.ericadventures.com\/es\/lima\/parapente-lima\/#breadcrumb\"},\"inLanguage\":\"es\",\"potentialAction\":[{\"@type\":\"ReadAction\",\"target\":[\"https:\/\/www.ericadventures.com\/es\/lima\/parapente-lima\/\"]}]},{\"@type\":\"ImageObject\",\"inLanguage\":\"es\",\"@id\":\"https:\/\/www.ericadventures.com\/es\/lima\/parapente-lima\/#primaryimage\",\"url\":\"https:\/\/www.ericadventures.com\/wp-content\/uploads\/peru-lima-green-coast-paragliding-tours6.jpg\",\"contentUrl\":\"https:\/\/www.ericadventures.com\/wp-content\/uploads\/peru-lima-green-coast-paragliding-tours6.jpg\",\"width\":480,\"height\":360},{\"@type\":\"BreadcrumbList\",\"@id\":\"https:\/\/www.ericadventures.com\/es\/lima\/parapente-lima\/#breadcrumb\",\"itemListElement\":[{\"@type\":\"ListItem\",\"position\":1,\"name\":\"Home\",\"item\":\"https:\/\/www.ericadventures.com\/es\/\"},{\"@type\":\"ListItem\",\"position\":2,\"name\":\"Tours en Lima\",\"item\":\"https:\/\/www.ericadventures.com\/es\/lima\/\"},{\"@type\":\"ListItem\",\"position\":3,\"name\":\"HD Parapente En La Costa Verde De Lima y Miraflores\"}]},{\"@type\":\"WebSite\",\"@id\":\"https:\/\/www.ericadventures.com\/en\/#website\",\"url\":\"https:\/\/www.ericadventures.com\/en\/\",\"name\":\"Eric Adventures\",\"description\":\"\",\"publisher\":{\"@id\":\"https:\/\/www.ericadventures.com\/en\/#organization\"},\"alternateName\":\"Eric Adventures\",\"potentialAction\":[{\"@type\":\"SearchAction\",\"target\":{\"@type\":\"EntryPoint\",\"urlTemplate\":\"https:\/\/www.ericadventures.com\/en\/?s={search_term_string}\"},\"query-input\":{\"@type\":\"PropertyValueSpecification\",\"valueRequired\":true,\"valueName\":\"search_term_string\"}}],\"inLanguage\":\"es\"},{\"@type\":\"Organization\",\"@id\":\"https:\/\/www.ericadventures.com\/en\/#organization\",\"name\":\"Eric Adventures\",\"url\":\"https:\/\/www.ericadventures.com\/en\/\",\"logo\":{\"@type\":\"ImageObject\",\"inLanguage\":\"es\",\"@id\":\"https:\/\/www.ericadventures.com\/en\/#\/schema\/logo\/image\/\",\"url\":\"https:\/\/www.ericadventures.com\/wp-content\/uploads\/logo-ericadventures.png\",\"contentUrl\":\"https:\/\/www.ericadventures.com\/wp-content\/uploads\/logo-ericadventures.png\",\"width\":500,\"height\":106,\"caption\":\"Eric Adventures\"},\"image\":{\"@id\":\"https:\/\/www.ericadventures.com\/en\/#\/schema\/logo\/image\/\"}}]}<\/script>\n<!-- \/ Yoast SEO Premium plugin. -->","yoast_head_json":{"title":"Medio D\u00eda Parapente En Lima y Miraflores en La Costa Verde","description":"Vuelos en Parapente en la Costa Verde de Lima, disfruta una experiencia \u00fanica e inolvidable en Lima! con instructores entrenados.","robots":{"index":"index","follow":"follow","max-snippet":"max-snippet:-1","max-image-preview":"max-image-preview:large","max-video-preview":"max-video-preview:-1"},"canonical":"https:\/\/www.ericadventures.com\/es\/lima\/parapente-lima\/","og_locale":"es_ES","og_type":"article","og_title":"HD Parapente En La Costa Verde De Lima y Miraflores","og_description":"Vuelos en Parapente en la Costa Verde de Lima, disfruta una experiencia \u00fanica e inolvidable en Lima! con instructores entrenados.","og_url":"https:\/\/www.ericadventures.com\/es\/lima\/parapente-lima\/","og_site_name":"Eric Adventures","article_modified_time":"2026-03-14T17:22:31+00:00","og_image":[{"width":480,"height":360,"url":"https:\/\/www.ericadventures.com\/wp-content\/uploads\/peru-lima-green-coast-paragliding-tours6.jpg","type":"image\/jpeg"}],"twitter_card":"summary_large_image","twitter_misc":{"Tiempo de lectura":"4 minutos"},"schema":{"@context":"https:\/\/schema.org","@graph":[{"@type":"WebPage","@id":"https:\/\/www.ericadventures.com\/es\/lima\/parapente-lima\/","url":"https:\/\/www.ericadventures.com\/es\/lima\/parapente-lima\/","name":"Medio D\u00eda Parapente En Lima y Miraflores en La Costa Verde","isPartOf":{"@id":"https:\/\/www.ericadventures.com\/en\/#website"},"primaryImageOfPage":{"@id":"https:\/\/www.ericadventures.com\/es\/lima\/parapente-lima\/#primaryimage"},"image":{"@id":"https:\/\/www.ericadventures.com\/es\/lima\/parapente-lima\/#primaryimage"},"thumbnailUrl":"https:\/\/www.ericadventures.com\/wp-content\/uploads\/peru-lima-green-coast-paragliding-tours6.jpg","datePublished":"2023-12-20T21:52:14+00:00","dateModified":"2026-03-14T17:22:31+00:00","description":"Vuelos en Parapente en la Costa Verde de Lima, disfruta una experiencia \u00fanica e inolvidable en Lima! con instructores entrenados.","breadcrumb":{"@id":"https:\/\/www.ericadventures.com\/es\/lima\/parapente-lima\/#breadcrumb"},"inLanguage":"es","potentialAction":[{"@type":"ReadAction","target":["https:\/\/www.ericadventures.com\/es\/lima\/parapente-lima\/"]}]},{"@type":"ImageObject","inLanguage":"es","@id":"https:\/\/www.ericadventures.com\/es\/lima\/parapente-lima\/#primaryimage","url":"https:\/\/www.ericadventures.com\/wp-content\/uploads\/peru-lima-green-coast-paragliding-tours6.jpg","contentUrl":"https:\/\/www.ericadventures.com\/wp-content\/uploads\/peru-lima-green-coast-paragliding-tours6.jpg","width":480,"height":360},{"@type":"BreadcrumbList","@id":"https:\/\/www.ericadventures.com\/es\/lima\/parapente-lima\/#breadcrumb","itemListElement":[{"@type":"ListItem","position":1,"name":"Home","item":"https:\/\/www.ericadventures.com\/es\/"},{"@type":"ListItem","position":2,"name":"Tours en Lima","item":"https:\/\/www.ericadventures.com\/es\/lima\/"},{"@type":"ListItem","position":3,"name":"HD Parapente En La Costa Verde De Lima y Miraflores"}]},{"@type":"WebSite","@id":"https:\/\/www.ericadventures.com\/en\/#website","url":"https:\/\/www.ericadventures.com\/en\/","name":"Eric Adventures","description":"","publisher":{"@id":"https:\/\/www.ericadventures.com\/en\/#organization"},"alternateName":"Eric Adventures","potentialAction":[{"@type":"SearchAction","target":{"@type":"EntryPoint","urlTemplate":"https:\/\/www.ericadventures.com\/en\/?s={search_term_string}"},"query-input":{"@type":"PropertyValueSpecification","valueRequired":true,"valueName":"search_term_string"}}],"inLanguage":"es"},{"@type":"Organization","@id":"https:\/\/www.ericadventures.com\/en\/#organization","name":"Eric Adventures","url":"https:\/\/www.ericadventures.com\/en\/","logo":{"@type":"ImageObject","inLanguage":"es","@id":"https:\/\/www.ericadventures.com\/en\/#\/schema\/logo\/image\/","url":"https:\/\/www.ericadventures.com\/wp-content\/uploads\/logo-ericadventures.png","contentUrl":"https:\/\/www.ericadventures.com\/wp-content\/uploads\/logo-ericadventures.png","width":500,"height":106,"caption":"Eric Adventures"},"image":{"@id":"https:\/\/www.ericadventures.com\/en\/#\/schema\/logo\/image\/"}}]}},"coauthors":[],"author_meta":{"author_link":"https:\/\/www.ericadventures.com\/es\/author\/marilyn\/","display_name":"Marilyn Ayma Gomez"},"relative_dates":{"created":"Publicado 2 a\u00f1os hace","modified":"Actualizado 1 mes hace"},"absolute_dates":{"created":"Publicado el diciembre 20, 2023","modified":"Actualizado el marzo 14, 2026"},"absolute_dates_time":{"created":"Publicado el diciembre 20, 2023 4:52 pm","modified":"Actualizado el marzo 14, 2026 12:22 pm"},"featured_img_caption":"","featured_img":"https:\/\/www.ericadventures.com\/wp-content\/uploads\/peru-lima-green-coast-paragliding-tours6.jpg","series_order":"","_links":{"self":[{"href":"https:\/\/www.ericadventures.com\/es\/wp-json\/wp\/v2\/pages\/6526","targetHints":{"allow":["GET"]}}],"collection":[{"href":"https:\/\/www.ericadventures.com\/es\/wp-json\/wp\/v2\/pages"}],"about":[{"href":"https:\/\/www.ericadventures.com\/es\/wp-json\/wp\/v2\/types\/page"}],"author":[{"embeddable":true,"href":"https:\/\/www.ericadventures.com\/es\/wp-json\/wp\/v2\/users\/4"}],"replies":[{"embeddable":true,"href":"https:\/\/www.ericadventures.com\/es\/wp-json\/wp\/v2\/comments?post=6526"}],"version-history":[{"count":9,"href":"https:\/\/www.ericadventures.com\/es\/wp-json\/wp\/v2\/pages\/6526\/revisions"}],"predecessor-version":[{"id":42949,"href":"https:\/\/www.ericadventures.com\/es\/wp-json\/wp\/v2\/pages\/6526\/revisions\/42949"}],"up":[{"embeddable":true,"href":"https:\/\/www.ericadventures.com\/es\/wp-json\/wp\/v2\/pages\/236"}],"wp:featuredmedia":[{"embeddable":true,"href":"https:\/\/www.ericadventures.com\/es\/wp-json\/wp\/v2\/media\/6573"}],"wp:attachment":[{"href":"https:\/\/www.ericadventures.com\/es\/wp-json\/wp\/v2\/media?parent=6526"}],"curies":[{"name":"wp","href":"https:\/\/api.w.org\/{rel}","templated":true}]}}