{"id":6694,"date":"2023-12-22T10:52:29","date_gmt":"2023-12-22T15:52:29","guid":{"rendered":"https:\/\/www.ericadventures.com\/lima\/lima-pachacamac\/"},"modified":"2025-11-04T16:57:14","modified_gmt":"2025-11-04T21:57:14","slug":"lima-pachacamac","status":"publish","type":"page","link":"https:\/\/www.ericadventures.com\/es\/lima\/lima-pachacamac\/","title":{"rendered":"HD Complejo Arqueol\u00f3gico de Pachacamac"},"content":{"rendered":"<div class=\"wp-block-image\">\n<figure class=\"alignleft size-full is-resized\"><img loading=\"lazy\" decoding=\"async\" width=\"904\" height=\"462\" src=\"https:\/\/www.ericadventures.com\/wp-content\/uploads\/Pachacamac.jpg\" alt=\"\" class=\"wp-image-6685\" style=\"aspect-ratio:1.7777777777777777;object-fit:cover;width:413px;height:auto\" srcset=\"https:\/\/www.ericadventures.com\/wp-content\/uploads\/Pachacamac.jpg 904w, https:\/\/www.ericadventures.com\/wp-content\/uploads\/Pachacamac-300x153.jpg 300w, https:\/\/www.ericadventures.com\/wp-content\/uploads\/Pachacamac-768x392.jpg 768w\" sizes=\"auto, (max-width: 904px) 100vw, 904px\" \/><\/figure>\n<\/div>\n\n\n<p>Pachacamac un importante complejo arqueol\u00f3gico situado a s\u00f3lo 20km de la\u00a0<a href=\"https:\/\/www.ericadventures.com\/peru\/lima\/city-tour-clasico-lima.html\">ciudad de Lima<\/a>.<\/p>\n\n\n\n<p>Nuestro experto en arqueolog\u00eda le presentar\u00e1 la importancia e historia visitando su&nbsp;<strong>Museo de Sitio,<\/strong>&nbsp;el cual contiene los hallazgos encontrados en este centro ceremonial.<\/p>\n\n\n\n<p>Recorrer\u00e1 sus templos y pir\u00e1mides durante esta visita guiada, como el templo pintado, el templo del sol, el templo de las mujeres (<strong>Acllahuasi<\/strong>).<\/p>\n\n\n\n<p><strong>Pachacamac<\/strong>&nbsp;fue uno de los centros sagrados m\u00e1s importantes de Am\u00e9rica pre-hispana. Perteneci\u00f3 a cuatro grandes civilizaciones:&nbsp;<a href=\"https:\/\/www.ericadventures.com\/peru\/lima\/city-tour-clasico-lima.html\"><strong>Lima<\/strong><\/a>, en el&nbsp;<strong>Intermedio Temprano<\/strong>;&nbsp;<strong>Wari<\/strong>, en el&nbsp;<strong>Horizonte Medio<\/strong>;&nbsp;<strong>Ishma<\/strong>, en el&nbsp;<strong>Intermedio Tard\u00edo<\/strong>; y el&nbsp;<a href=\"https:\/\/www.ericadventures.com\/peru\/\"><strong>Tahuantinsuyo<\/strong><\/a>, en el&nbsp;<strong>Tercer Horizonte<\/strong>.<\/p>\n\n\n\n<p>En todas se le rindi\u00f3 culto al temible&nbsp;<a href=\"https:\/\/www.ericadventures.com\/peru\/lima\/pachacamac.html\"><strong>Pachac\u00e1mac<\/strong><\/a>, el dios de los terremotos.&nbsp;<strong>Tour<\/strong>&nbsp;bilingue guiado,&nbsp;&nbsp;<strong><a href=\"https:\/\/www.ericadventures.com\/peru\/lima\/parapente-lima.html\">Barranco<\/a><\/strong>&nbsp;vista panor\u00e1mica, regreso por el&nbsp;<a href=\"https:\/\/www.ericadventures.com\/peru\/lima\/parapente-lima.html\">circuito de playas<\/a>, donde apreciaremos las&nbsp;<strong>playas miraflorinas<\/strong>.<\/p>\n\n\n\n<p><\/p>\n\n\n\n<h2 class=\"wp-block-heading\" id=\"h-itinerario\"><strong>ITINERARIO<\/strong><\/h2>\n\n\n\n<p><strong>Salidas:<\/strong>&nbsp;Martes a Domingo 9.30am y 2.15pm<\/p>\n\n\n\n<p><strong>Duraci\u00f3n:<\/strong><\/p>\n\n\n\n<p>3 horas<\/p>\n\n\n\n<h2 class=\"wp-block-heading\" id=\"h-incluye\">Incluye<\/h2>\n\n\n\n<ul class=\"wp-block-list\">\n<li>Recojo de&nbsp;<a href=\"https:\/\/www.ericadventures.com\/\">hotel en Miraflores.<\/a><\/li>\n\n\n\n<li>Guiado en&nbsp; ingl\u00e9s o castellano.<\/li>\n\n\n\n<li>Tickets de ingreso.<\/li>\n\n\n\n<li>Retorno al&nbsp;<a href=\"https:\/\/www.ericadventures.com\/\">hotel<\/a>.<\/li>\n<\/ul>\n\n\n\n<h2 class=\"wp-block-heading\" id=\"h-precios-por-persona-en-dolares-americanos\">PRECIOS(POR PERSONA EN D\u00d3LARES AMERICANOS)<\/h2>\n\n\n\n<p><strong>SERVICIO COMPARTIDO<\/strong><\/p>\n\n\n\n<ul class=\"wp-block-list\">\n<li>Precio por persona : US$ 65(m\u00ednimo 4 personas)<\/li>\n<\/ul>\n\n\n\n<p>*Precios referenciales sujetos a disponibilidad y temporada.<\/p>\n\n\n\n<h2 class=\"wp-block-heading\" id=\"h-mapa\">MAPA<\/h2>\n\n\n\n<figure class=\"wp-block-gallery has-nested-images columns-default wp-block-gallery-1 is-layout-flex wp-block-gallery-is-layout-flex\">\n<figure class=\"wp-block-image size-thumbnail is-style-default\"><a href=\"https:\/\/www.ericadventures.com\/wp-content\/uploads\/Mapa-pachacamac-lima-peru-en.jpg\"><img loading=\"lazy\" decoding=\"async\" width=\"150\" height=\"150\" data-id=\"6645\" src=\"https:\/\/www.ericadventures.com\/wp-content\/uploads\/Mapa-pachacamac-lima-peru-en-150x150.jpg\" alt=\"\" class=\"wp-image-6645\"\/><\/a><\/figure>\n<\/figure>\n\n\n\n<h2 class=\"wp-block-heading\" id=\"h-galeria-de-fotos\"><strong> GALERIA DE FOTOS<\/strong><\/h2>\n\n\n\n<figure class=\"wp-block-gallery has-nested-images columns-8 is-cropped wp-block-gallery-2 is-layout-flex wp-block-gallery-is-layout-flex\">\n<figure class=\"wp-block-image size-large\"><img loading=\"lazy\" decoding=\"async\" width=\"480\" height=\"338\" data-id=\"403\" src=\"https:\/\/www.ericadventures.com\/wp-content\/uploads\/peru-lima-historical-buildings-tour.jpg\" alt=\"\" class=\"wp-image-403\" srcset=\"https:\/\/www.ericadventures.com\/wp-content\/uploads\/peru-lima-historical-buildings-tour.jpg 480w, https:\/\/www.ericadventures.com\/wp-content\/uploads\/peru-lima-historical-buildings-tour-300x211.jpg 300w\" sizes=\"auto, (max-width: 480px) 100vw, 480px\" \/><\/figure>\n\n\n\n<figure class=\"wp-block-image size-large\"><img loading=\"lazy\" decoding=\"async\" width=\"515\" height=\"386\" data-id=\"6650\" src=\"https:\/\/www.ericadventures.com\/wp-content\/uploads\/cabalo-de-paso.jpg\" alt=\"\" class=\"wp-image-6650\" srcset=\"https:\/\/www.ericadventures.com\/wp-content\/uploads\/cabalo-de-paso.jpg 515w, https:\/\/www.ericadventures.com\/wp-content\/uploads\/cabalo-de-paso-300x225.jpg 300w\" sizes=\"auto, (max-width: 515px) 100vw, 515px\" \/><\/figure>\n\n\n\n<figure class=\"wp-block-image size-large\"><img loading=\"lazy\" decoding=\"async\" width=\"480\" height=\"360\" data-id=\"6655\" src=\"https:\/\/www.ericadventures.com\/wp-content\/uploads\/Lima-Pachacamac.jpg\" alt=\"\" class=\"wp-image-6655\" srcset=\"https:\/\/www.ericadventures.com\/wp-content\/uploads\/Lima-Pachacamac.jpg 480w, https:\/\/www.ericadventures.com\/wp-content\/uploads\/Lima-Pachacamac-300x225.jpg 300w\" sizes=\"auto, (max-width: 480px) 100vw, 480px\" \/><\/figure>\n\n\n\n<figure class=\"wp-block-image size-large\"><img loading=\"lazy\" decoding=\"async\" width=\"480\" height=\"360\" data-id=\"6660\" src=\"https:\/\/www.ericadventures.com\/wp-content\/uploads\/Lima-Pachacamac_Tours.jpg\" alt=\"\" class=\"wp-image-6660\" srcset=\"https:\/\/www.ericadventures.com\/wp-content\/uploads\/Lima-Pachacamac_Tours.jpg 480w, https:\/\/www.ericadventures.com\/wp-content\/uploads\/Lima-Pachacamac_Tours-300x225.jpg 300w\" sizes=\"auto, (max-width: 480px) 100vw, 480px\" \/><\/figure>\n\n\n\n<figure class=\"wp-block-image size-large\"><img loading=\"lazy\" decoding=\"async\" width=\"517\" height=\"385\" data-id=\"6670\" src=\"https:\/\/www.ericadventures.com\/wp-content\/uploads\/muni.jpg\" alt=\"\" class=\"wp-image-6670\" srcset=\"https:\/\/www.ericadventures.com\/wp-content\/uploads\/muni.jpg 517w, https:\/\/www.ericadventures.com\/wp-content\/uploads\/muni-300x223.jpg 300w\" sizes=\"auto, (max-width: 517px) 100vw, 517px\" \/><\/figure>\n\n\n\n<figure class=\"wp-block-image size-large\"><img loading=\"lazy\" decoding=\"async\" width=\"790\" height=\"371\" data-id=\"6675\" src=\"https:\/\/www.ericadventures.com\/wp-content\/uploads\/Pacha.jpg\" alt=\"\" class=\"wp-image-6675\" srcset=\"https:\/\/www.ericadventures.com\/wp-content\/uploads\/Pacha.jpg 790w, https:\/\/www.ericadventures.com\/wp-content\/uploads\/Pacha-300x141.jpg 300w, https:\/\/www.ericadventures.com\/wp-content\/uploads\/Pacha-768x361.jpg 768w\" sizes=\"auto, (max-width: 790px) 100vw, 790px\" \/><\/figure>\n\n\n\n<figure class=\"wp-block-image size-large\"><img loading=\"lazy\" decoding=\"async\" width=\"782\" height=\"365\" data-id=\"6680\" src=\"https:\/\/www.ericadventures.com\/wp-content\/uploads\/Pachaca.jpg\" alt=\"\" class=\"wp-image-6680\" srcset=\"https:\/\/www.ericadventures.com\/wp-content\/uploads\/Pachaca.jpg 782w, https:\/\/www.ericadventures.com\/wp-content\/uploads\/Pachaca-300x140.jpg 300w, https:\/\/www.ericadventures.com\/wp-content\/uploads\/Pachaca-768x358.jpg 768w\" sizes=\"auto, (max-width: 782px) 100vw, 782px\" \/><\/figure>\n\n\n\n<figure class=\"wp-block-image size-large\"><img loading=\"lazy\" decoding=\"async\" width=\"904\" height=\"462\" data-id=\"6685\" src=\"https:\/\/www.ericadventures.com\/wp-content\/uploads\/Pachacamac.jpg\" alt=\"\" class=\"wp-image-6685\" srcset=\"https:\/\/www.ericadventures.com\/wp-content\/uploads\/Pachacamac.jpg 904w, https:\/\/www.ericadventures.com\/wp-content\/uploads\/Pachacamac-300x153.jpg 300w, https:\/\/www.ericadventures.com\/wp-content\/uploads\/Pachacamac-768x392.jpg 768w\" sizes=\"auto, (max-width: 904px) 100vw, 904px\" \/><\/figure>\n<\/figure>\n\n\n\n<h2 class=\"wp-block-heading\" id=\"h-formulario-de-contacto\"><strong>FORMULARIO DE CONTACTO<\/strong><\/h2>\n\n\n\n<div class=\"wp-block-contact-form-7-contact-form-selector\">\n<div class=\"wpcf7 no-js\" id=\"wpcf7-f6169-o1\" lang=\"es-ES\" dir=\"ltr\" data-wpcf7-id=\"6169\">\n<div class=\"screen-reader-response\"><p role=\"status\" aria-live=\"polite\" aria-atomic=\"true\"><\/p> <ul><\/ul><\/div>\n<form action=\"\/es\/wp-json\/wp\/v2\/pages\/6694#wpcf7-f6169-o1\" method=\"post\" class=\"wpcf7-form init\" aria-label=\"Formulario de contacto\" novalidate=\"novalidate\" data-status=\"init\">\n<fieldset class=\"hidden-fields-container\"><input type=\"hidden\" name=\"_wpcf7\" value=\"6169\" \/><input type=\"hidden\" name=\"_wpcf7_version\" value=\"6.1.5\" \/><input type=\"hidden\" name=\"_wpcf7_locale\" value=\"es_ES\" \/><input type=\"hidden\" name=\"_wpcf7_unit_tag\" value=\"wpcf7-f6169-o1\" \/><input type=\"hidden\" name=\"_wpcf7_container_post\" value=\"0\" \/><input type=\"hidden\" name=\"_wpcf7_posted_data_hash\" value=\"\" \/>\n<\/fieldset>\n<div class=\"wpcf7-turnstile cf-turnstile\" data-sitekey=\"0x4AAAAAACZ2CLxkDaDac8NW\" data-response-field-name=\"_wpcf7_turnstile_response\"><\/div>\n\n<div class=\"formt\">\n    <span class=\"textform\"> Para reservas o m\u00e1s informaci\u00f3n por favor complete el siguiente formulario de cliente\/hu\u00e9sped: <\/span>\n    <input class=\"wpcf7-form-control wpcf7-hidden\" value=\"https:\/\/www.ericadventures.com\/es\/wp-json\/wp\/v2\/pages\/6694\" type=\"hidden\" name=\"Url_Tour\" \/>\n    <input class=\"wpcf7-form-control wpcf7-hidden\" value=\"es\" type=\"hidden\" name=\"Idioma\" \/>\n    <input class=\"wpcf7-form-control wpcf7-hidden\" value=\"01\/05\/2026 22:24:07\" type=\"hidden\" name=\"Fecha_Hora\" \/>\n    <input class=\"wpcf7-form-control wpcf7-hidden\" value=\"216.73.217.30\" type=\"hidden\" name=\"Ip\" \/>\n    <input class=\"wpcf7-form-control wpcf7-hidden\" value=\"HD Complejo Arqueol\u00f3gico de Pachacamac\" type=\"hidden\" name=\"Nombre_Tour\" \/>\n    <input class=\"wpcf7-form-control wpcf7-hidden\" value=\"1\" type=\"hidden\" name=\"enviar_excel\" \/>\n    \n    <div class=\"g2\">\n        <div>\n            <label>Nombre: <\/label>\n            <span class=\"wpcf7-form-control-wrap\" data-name=\"Nombre\"><input size=\"40\" maxlength=\"400\" class=\"wpcf7-form-control wpcf7-text wpcf7-validates-as-required\" aria-required=\"true\" aria-invalid=\"false\" value=\"\" type=\"text\" name=\"Nombre\" \/><\/span>\n        <\/div>\n        <div>\n            <label>Email: <\/label>\n            <span class=\"wpcf7-form-control-wrap\" data-name=\"Emails\"><input size=\"40\" maxlength=\"400\" class=\"wpcf7-form-control wpcf7-email wpcf7-validates-as-required wpcf7-text wpcf7-validates-as-email\" aria-required=\"true\" aria-invalid=\"false\" value=\"\" type=\"email\" name=\"Emails\" \/><\/span>\n        <\/div>\n    <\/div>\n    \n    <div class=\"g2\">\n        <div>\n            <label>Pa\u00eds: <\/label>\n            <span class=\"wpcf7-form-control-wrap\" data-name=\"Pais\"><input size=\"40\" maxlength=\"400\" class=\"wpcf7-form-control wpcf7-text\" aria-invalid=\"false\" value=\"\" type=\"text\" name=\"Pais\" \/><\/span>\n        <\/div>\n        <div>\n            <label>Tel\u00e9fono - Whatsapp: <\/label>\n            <span class=\"wpcf7-form-control-wrap\" data-name=\"Whatsapp\"><input size=\"40\" class=\"wpcf7-form-control wpcf7-phonetext wpcf7-text wpcf7-validates-as-phonetext\" aria-invalid=\"false\" value=\"\" type=\"text\" name=\"Whatsapp\" \/><input type=\"hidden\" name=\"Whatsapp-country-code\" class=\"wpcf7-phonetext-country-code\" \/><\/span>\n        <\/div>\n    <\/div>\n    \n    <div class=\"g2\">\n        <div>\n            <label>Cantidad de Personas Adultas: <\/label>\n            <span class=\"wpcf7-form-control-wrap\" data-name=\"Adultos\"><select class=\"wpcf7-form-control wpcf7-select wpcf7-validates-as-required\" aria-required=\"true\" aria-invalid=\"false\" name=\"Adultos\"><option value=\"1\">1<\/option><option value=\"2\">2<\/option><option value=\"3\">3<\/option><option value=\"4\">4<\/option><option value=\"5\">5<\/option><option value=\"6\">6<\/option><option value=\"7\">7<\/option><option value=\"8\">8<\/option><option value=\"9\">9<\/option><option value=\"10\">10<\/option><option value=\"11\">11<\/option><option value=\"12 a m\u00e1s\">12 a m\u00e1s<\/option><\/select><\/span>\n        <\/div>\n        <div>\n            <label>Cantidad de Ni\u00f1os: <\/label>\n            <span class=\"wpcf7-form-control-wrap\" data-name=\"Ninos\"><select class=\"wpcf7-form-control wpcf7-select wpcf7-validates-as-required\" aria-required=\"true\" aria-invalid=\"false\" name=\"Ninos\"><option value=\"0\">0<\/option><option value=\"1\">1<\/option><option value=\"2\">2<\/option><option value=\"3\">3<\/option><option value=\"4\">4<\/option><option value=\"5\">5<\/option><option value=\"6\">6<\/option><option value=\"7\">7<\/option><option value=\"8\">8<\/option><option value=\"9\">9<\/option><option value=\"10\">10<\/option><option value=\"11\">11<\/option><option value=\"12 a m\u00e1s\">12 a m\u00e1s<\/option><\/select><\/span>\n        <\/div>\n    <\/div>\n    \n    <div class=\"g2\">\n        <div>\n            <label>Fecha de Inicio del Tour: <\/label>\n            <span class=\"wpcf7-form-control-wrap\" data-name=\"Inicio\"><input class=\"wpcf7-form-control wpcf7-date wpcf7-validates-as-required wpcf7-validates-as-date\" id=\"inicio\" min=\"2026-05-01\" aria-required=\"true\" aria-invalid=\"false\" value=\"\" type=\"date\" name=\"Inicio\" \/><\/span>\n        <\/div>\n        <div>\n            <label>Fecha de Finalizaci\u00f3n del Tour: <\/label>\n            <span class=\"wpcf7-form-control-wrap\" data-name=\"Final\"><input class=\"wpcf7-form-control wpcf7-date wpcf7-validates-as-required wpcf7-validates-as-date\" id=\"final\" min=\"2026-05-01\" aria-required=\"true\" aria-invalid=\"false\" value=\"\" type=\"date\" name=\"Final\" \/><\/span>\n        <\/div>\n    <\/div>\n    \n    <div>\n        <label>Comentarios o preguntas: <\/label>\n        <span class=\"wpcf7-form-control-wrap\" data-name=\"Mensaje\"><textarea cols=\"40\" rows=\"10\" maxlength=\"2000\" class=\"wpcf7-form-control wpcf7-textarea wpcf7-validates-as-required\" aria-required=\"true\" aria-invalid=\"false\" placeholder=\"Por favor especifica el tipo de SERVICIO\/TOUR que deseas realizar\" name=\"Mensaje\"><\/textarea><\/span>\n    <\/div>\n    \n    <input class=\"wpcf7-form-control wpcf7-submit has-spinner btnsend\" type=\"submit\" value=\"ENVIAR MENSAJE\" \/>\n<\/div><div class=\"wpcf7-response-output\" aria-hidden=\"true\"><\/div>\n<\/form>\n<\/div>\n<\/div>\n","protected":false},"excerpt":{"rendered":"<p>Pachacamac un importante complejo arqueol\u00f3gico situado a s\u00f3lo 20km de la\u00a0ciudad de Lima. Nuestro experto en arqueolog\u00eda le presentar\u00e1 la [&hellip;]<\/p>\n","protected":false},"author":4,"featured_media":6664,"parent":236,"menu_order":0,"comment_status":"closed","ping_status":"closed","template":"page-tour.php","meta":{"_acf_changed":false,"advgb_blocks_editor_width":"","advgb_blocks_columns_visual_guide":"","footnotes":""},"class_list":["post-6694","page","type-page","status-publish","has-post-thumbnail","hentry"],"acf":[],"yoast_head":"<!-- This site is optimized with the Yoast SEO Premium plugin v25.4 (Yoast SEO v26.9) - https:\/\/yoast.com\/product\/yoast-seo-premium-wordpress\/ -->\n<title>Complejo Arqueol\u00f3gico de Pachacamac<\/title>\n<meta name=\"description\" content=\"Pachacamac es un importante e incre\u00edble complejo arqueol\u00f3gico situado a 20km de la ciudad capital del Per\u00fa Lima\" \/>\n<meta name=\"robots\" content=\"index, follow, max-snippet:-1, max-image-preview:large, max-video-preview:-1\" \/>\n<link rel=\"canonical\" href=\"https:\/\/www.ericadventures.com\/es\/lima\/lima-pachacamac\/\" \/>\n<meta property=\"og:locale\" content=\"es_ES\" \/>\n<meta property=\"og:type\" content=\"article\" \/>\n<meta property=\"og:title\" content=\"HD Complejo Arqueol\u00f3gico de Pachacamac\" \/>\n<meta property=\"og:description\" content=\"Pachacamac es un importante e incre\u00edble complejo arqueol\u00f3gico situado a 20km de la ciudad capital del Per\u00fa Lima\" \/>\n<meta property=\"og:url\" content=\"https:\/\/www.ericadventures.com\/es\/lima\/lima-pachacamac\/\" \/>\n<meta property=\"og:site_name\" content=\"Eric Adventures\" \/>\n<meta property=\"article:modified_time\" content=\"2025-11-04T21:57:14+00:00\" \/>\n<meta property=\"og:image\" content=\"https:\/\/www.ericadventures.com\/wp-content\/uploads\/Lima-Pachacamac_Tours.jpg\" \/>\n\t<meta property=\"og:image:width\" content=\"480\" \/>\n\t<meta property=\"og:image:height\" content=\"360\" \/>\n\t<meta property=\"og:image:type\" content=\"image\/jpeg\" \/>\n<meta name=\"twitter:card\" content=\"summary_large_image\" \/>\n<meta name=\"twitter:label1\" content=\"Tiempo de lectura\" \/>\n\t<meta name=\"twitter:data1\" content=\"4 minutos\" \/>\n<script type=\"application\/ld+json\" class=\"yoast-schema-graph\">{\"@context\":\"https:\/\/schema.org\",\"@graph\":[{\"@type\":\"WebPage\",\"@id\":\"https:\/\/www.ericadventures.com\/es\/lima\/lima-pachacamac\/\",\"url\":\"https:\/\/www.ericadventures.com\/es\/lima\/lima-pachacamac\/\",\"name\":\"Complejo Arqueol\u00f3gico de Pachacamac\",\"isPartOf\":{\"@id\":\"https:\/\/www.ericadventures.com\/en\/#website\"},\"primaryImageOfPage\":{\"@id\":\"https:\/\/www.ericadventures.com\/es\/lima\/lima-pachacamac\/#primaryimage\"},\"image\":{\"@id\":\"https:\/\/www.ericadventures.com\/es\/lima\/lima-pachacamac\/#primaryimage\"},\"thumbnailUrl\":\"https:\/\/www.ericadventures.com\/wp-content\/uploads\/Lima-Pachacamac_Tours.jpg\",\"datePublished\":\"2023-12-22T15:52:29+00:00\",\"dateModified\":\"2025-11-04T21:57:14+00:00\",\"description\":\"Pachacamac es un importante e incre\u00edble complejo arqueol\u00f3gico situado a 20km de la ciudad capital del Per\u00fa Lima\",\"breadcrumb\":{\"@id\":\"https:\/\/www.ericadventures.com\/es\/lima\/lima-pachacamac\/#breadcrumb\"},\"inLanguage\":\"es\",\"potentialAction\":[{\"@type\":\"ReadAction\",\"target\":[\"https:\/\/www.ericadventures.com\/es\/lima\/lima-pachacamac\/\"]}]},{\"@type\":\"ImageObject\",\"inLanguage\":\"es\",\"@id\":\"https:\/\/www.ericadventures.com\/es\/lima\/lima-pachacamac\/#primaryimage\",\"url\":\"https:\/\/www.ericadventures.com\/wp-content\/uploads\/Lima-Pachacamac_Tours.jpg\",\"contentUrl\":\"https:\/\/www.ericadventures.com\/wp-content\/uploads\/Lima-Pachacamac_Tours.jpg\",\"width\":480,\"height\":360,\"caption\":\"Pachacamac\"},{\"@type\":\"BreadcrumbList\",\"@id\":\"https:\/\/www.ericadventures.com\/es\/lima\/lima-pachacamac\/#breadcrumb\",\"itemListElement\":[{\"@type\":\"ListItem\",\"position\":1,\"name\":\"Home\",\"item\":\"https:\/\/www.ericadventures.com\/es\/\"},{\"@type\":\"ListItem\",\"position\":2,\"name\":\"Tours en Lima\",\"item\":\"https:\/\/www.ericadventures.com\/es\/lima\/\"},{\"@type\":\"ListItem\",\"position\":3,\"name\":\"HD Complejo Arqueol\u00f3gico de Pachacamac\"}]},{\"@type\":\"WebSite\",\"@id\":\"https:\/\/www.ericadventures.com\/en\/#website\",\"url\":\"https:\/\/www.ericadventures.com\/en\/\",\"name\":\"Eric Adventures\",\"description\":\"\",\"publisher\":{\"@id\":\"https:\/\/www.ericadventures.com\/en\/#organization\"},\"alternateName\":\"Eric Adventures\",\"potentialAction\":[{\"@type\":\"SearchAction\",\"target\":{\"@type\":\"EntryPoint\",\"urlTemplate\":\"https:\/\/www.ericadventures.com\/en\/?s={search_term_string}\"},\"query-input\":{\"@type\":\"PropertyValueSpecification\",\"valueRequired\":true,\"valueName\":\"search_term_string\"}}],\"inLanguage\":\"es\"},{\"@type\":\"Organization\",\"@id\":\"https:\/\/www.ericadventures.com\/en\/#organization\",\"name\":\"Eric Adventures\",\"url\":\"https:\/\/www.ericadventures.com\/en\/\",\"logo\":{\"@type\":\"ImageObject\",\"inLanguage\":\"es\",\"@id\":\"https:\/\/www.ericadventures.com\/en\/#\/schema\/logo\/image\/\",\"url\":\"https:\/\/www.ericadventures.com\/wp-content\/uploads\/logo-ericadventures.png\",\"contentUrl\":\"https:\/\/www.ericadventures.com\/wp-content\/uploads\/logo-ericadventures.png\",\"width\":500,\"height\":106,\"caption\":\"Eric Adventures\"},\"image\":{\"@id\":\"https:\/\/www.ericadventures.com\/en\/#\/schema\/logo\/image\/\"}}]}<\/script>\n<!-- \/ Yoast SEO Premium plugin. -->","yoast_head_json":{"title":"Complejo Arqueol\u00f3gico de Pachacamac","description":"Pachacamac es un importante e incre\u00edble complejo arqueol\u00f3gico situado a 20km de la ciudad capital del Per\u00fa Lima","robots":{"index":"index","follow":"follow","max-snippet":"max-snippet:-1","max-image-preview":"max-image-preview:large","max-video-preview":"max-video-preview:-1"},"canonical":"https:\/\/www.ericadventures.com\/es\/lima\/lima-pachacamac\/","og_locale":"es_ES","og_type":"article","og_title":"HD Complejo Arqueol\u00f3gico de Pachacamac","og_description":"Pachacamac es un importante e incre\u00edble complejo arqueol\u00f3gico situado a 20km de la ciudad capital del Per\u00fa Lima","og_url":"https:\/\/www.ericadventures.com\/es\/lima\/lima-pachacamac\/","og_site_name":"Eric Adventures","article_modified_time":"2025-11-04T21:57:14+00:00","og_image":[{"width":480,"height":360,"url":"https:\/\/www.ericadventures.com\/wp-content\/uploads\/Lima-Pachacamac_Tours.jpg","type":"image\/jpeg"}],"twitter_card":"summary_large_image","twitter_misc":{"Tiempo de lectura":"4 minutos"},"schema":{"@context":"https:\/\/schema.org","@graph":[{"@type":"WebPage","@id":"https:\/\/www.ericadventures.com\/es\/lima\/lima-pachacamac\/","url":"https:\/\/www.ericadventures.com\/es\/lima\/lima-pachacamac\/","name":"Complejo Arqueol\u00f3gico de Pachacamac","isPartOf":{"@id":"https:\/\/www.ericadventures.com\/en\/#website"},"primaryImageOfPage":{"@id":"https:\/\/www.ericadventures.com\/es\/lima\/lima-pachacamac\/#primaryimage"},"image":{"@id":"https:\/\/www.ericadventures.com\/es\/lima\/lima-pachacamac\/#primaryimage"},"thumbnailUrl":"https:\/\/www.ericadventures.com\/wp-content\/uploads\/Lima-Pachacamac_Tours.jpg","datePublished":"2023-12-22T15:52:29+00:00","dateModified":"2025-11-04T21:57:14+00:00","description":"Pachacamac es un importante e incre\u00edble complejo arqueol\u00f3gico situado a 20km de la ciudad capital del Per\u00fa Lima","breadcrumb":{"@id":"https:\/\/www.ericadventures.com\/es\/lima\/lima-pachacamac\/#breadcrumb"},"inLanguage":"es","potentialAction":[{"@type":"ReadAction","target":["https:\/\/www.ericadventures.com\/es\/lima\/lima-pachacamac\/"]}]},{"@type":"ImageObject","inLanguage":"es","@id":"https:\/\/www.ericadventures.com\/es\/lima\/lima-pachacamac\/#primaryimage","url":"https:\/\/www.ericadventures.com\/wp-content\/uploads\/Lima-Pachacamac_Tours.jpg","contentUrl":"https:\/\/www.ericadventures.com\/wp-content\/uploads\/Lima-Pachacamac_Tours.jpg","width":480,"height":360,"caption":"Pachacamac"},{"@type":"BreadcrumbList","@id":"https:\/\/www.ericadventures.com\/es\/lima\/lima-pachacamac\/#breadcrumb","itemListElement":[{"@type":"ListItem","position":1,"name":"Home","item":"https:\/\/www.ericadventures.com\/es\/"},{"@type":"ListItem","position":2,"name":"Tours en Lima","item":"https:\/\/www.ericadventures.com\/es\/lima\/"},{"@type":"ListItem","position":3,"name":"HD Complejo Arqueol\u00f3gico de Pachacamac"}]},{"@type":"WebSite","@id":"https:\/\/www.ericadventures.com\/en\/#website","url":"https:\/\/www.ericadventures.com\/en\/","name":"Eric Adventures","description":"","publisher":{"@id":"https:\/\/www.ericadventures.com\/en\/#organization"},"alternateName":"Eric Adventures","potentialAction":[{"@type":"SearchAction","target":{"@type":"EntryPoint","urlTemplate":"https:\/\/www.ericadventures.com\/en\/?s={search_term_string}"},"query-input":{"@type":"PropertyValueSpecification","valueRequired":true,"valueName":"search_term_string"}}],"inLanguage":"es"},{"@type":"Organization","@id":"https:\/\/www.ericadventures.com\/en\/#organization","name":"Eric Adventures","url":"https:\/\/www.ericadventures.com\/en\/","logo":{"@type":"ImageObject","inLanguage":"es","@id":"https:\/\/www.ericadventures.com\/en\/#\/schema\/logo\/image\/","url":"https:\/\/www.ericadventures.com\/wp-content\/uploads\/logo-ericadventures.png","contentUrl":"https:\/\/www.ericadventures.com\/wp-content\/uploads\/logo-ericadventures.png","width":500,"height":106,"caption":"Eric Adventures"},"image":{"@id":"https:\/\/www.ericadventures.com\/en\/#\/schema\/logo\/image\/"}}]}},"coauthors":[],"author_meta":{"author_link":"https:\/\/www.ericadventures.com\/es\/author\/marilyn\/","display_name":"Marilyn Ayma Gomez"},"relative_dates":{"created":"Publicado 2 a\u00f1os hace","modified":"Actualizado 6 meses hace"},"absolute_dates":{"created":"Publicado el diciembre 22, 2023","modified":"Actualizado el noviembre 4, 2025"},"absolute_dates_time":{"created":"Publicado el diciembre 22, 2023 10:52 am","modified":"Actualizado el noviembre 4, 2025 4:57 pm"},"featured_img_caption":"","featured_img":"https:\/\/www.ericadventures.com\/wp-content\/uploads\/Lima-Pachacamac_Tours.jpg","series_order":"","_links":{"self":[{"href":"https:\/\/www.ericadventures.com\/es\/wp-json\/wp\/v2\/pages\/6694","targetHints":{"allow":["GET"]}}],"collection":[{"href":"https:\/\/www.ericadventures.com\/es\/wp-json\/wp\/v2\/pages"}],"about":[{"href":"https:\/\/www.ericadventures.com\/es\/wp-json\/wp\/v2\/types\/page"}],"author":[{"embeddable":true,"href":"https:\/\/www.ericadventures.com\/es\/wp-json\/wp\/v2\/users\/4"}],"replies":[{"embeddable":true,"href":"https:\/\/www.ericadventures.com\/es\/wp-json\/wp\/v2\/comments?post=6694"}],"version-history":[{"count":4,"href":"https:\/\/www.ericadventures.com\/es\/wp-json\/wp\/v2\/pages\/6694\/revisions"}],"predecessor-version":[{"id":42951,"href":"https:\/\/www.ericadventures.com\/es\/wp-json\/wp\/v2\/pages\/6694\/revisions\/42951"}],"up":[{"embeddable":true,"href":"https:\/\/www.ericadventures.com\/es\/wp-json\/wp\/v2\/pages\/236"}],"wp:featuredmedia":[{"embeddable":true,"href":"https:\/\/www.ericadventures.com\/es\/wp-json\/wp\/v2\/media\/6664"}],"wp:attachment":[{"href":"https:\/\/www.ericadventures.com\/es\/wp-json\/wp\/v2\/media?parent=6694"}],"curies":[{"name":"wp","href":"https:\/\/api.w.org\/{rel}","templated":true}]}}