{"id":13087,"date":"2024-01-31T11:43:44","date_gmt":"2024-01-31T16:43:44","guid":{"rendered":"https:\/\/www.ericadventures.com\/cusco\/tours-a-caballo\/"},"modified":"2024-05-11T13:23:56","modified_gmt":"2024-05-11T18:23:56","slug":"cusco-peru-tours-caballo","status":"publish","type":"page","link":"https:\/\/www.ericadventures.com\/fr\/cusco\/cusco-peru-tours-caballo\/","title":{"rendered":"L&rsquo;equitation Cusco Perou"},"content":{"rendered":"<div class=\"grid grid-cols-1 sm:grid-cols-2 md:grid-cols-3 xl:grid-cols-4 gap-5\">\n\t\t\t\t\t\t\t<div>\n                                <div class=\"border bg-white shadow rounded-md p-1\">\n                                    <a href=\"https:\/\/www.ericadventures.com\/fr\/cusco\/cusco-peru-tours-caballo\/cusco-tour-ville-demi-jour\/\">\n                                        <div class=\"overflow-hidden\"><img decoding=\"async\" width=\"202\" height=\"77\" src=\"https:\/\/www.ericadventures.com\/wp-content\/uploads\/Captura-45.jpg\" class=\"w-full transform duration-200 hover:scale-110 z-10 rounded-t-md wp-post-image\" alt=\"Cabalgata A Los 3 Ca\u00f1ones De Suykutambo\" loading=\"lazy\" \/><\/div>\n                                    <\/a>\n                                     <a href=\"https:\/\/www.ericadventures.com\/fr\/cusco\/cusco-peru-tours-caballo\/cusco-tour-ville-demi-jour\/\" class=\"hover:text-eric text-gray-800 hover:no-underline transition-all\" ><h2 class=\"text-center font-nunito uppercase text-sm font-bold my-2 \">3J L\u2019equitation Au Plaines Andines<\/h2><\/a>\n                                     <hr class=\"mb-1 -mt-1 border-dotted border-b-1 border-gray-600\">\n                                     <div class=\"px-2\"><p>Nous visitons \u00e0 cheval les plaines au sud de P\u00e9rou. Nous avons aussi l\u2019opportunit\u00e9 d\u2019explorer les sources, canyons, et montagnes [&hellip;]<\/p>\n                                       \n                                     <\/div>\n                                <\/div>\n\n                            <\/div>\n\t\t\t\t\t\n\t\t\t\t\t\t\t<div>\n                                <div class=\"border bg-white shadow rounded-md p-1\">\n                                    <a href=\"https:\/\/www.ericadventures.com\/fr\/cusco\/cusco-peru-tours-caballo\/lequitation-cusco-maras-moray-salines-1-jour\/\">\n                                        <div class=\"overflow-hidden\"><img decoding=\"async\" width=\"234\" height=\"92\" src=\"https:\/\/www.ericadventures.com\/wp-content\/uploads\/Captura-27.jpg\" class=\"w-full transform duration-200 hover:scale-110 z-10 rounded-t-md wp-post-image\" alt=\"Maras Moray Salineras, Caballos De Paso\" loading=\"lazy\" \/><\/div>\n                                    <\/a>\n                                     <a href=\"https:\/\/www.ericadventures.com\/fr\/cusco\/cusco-peru-tours-caballo\/lequitation-cusco-maras-moray-salines-1-jour\/\" class=\"hover:text-eric text-gray-800 hover:no-underline transition-all\" ><h2 class=\"text-center font-nunito uppercase text-sm font-bold my-2 \">1J \u00c9quitation \u00c0 Cusco, Maras, Moray Et Aux Salines<\/h2><\/a>\n                                     <hr class=\"mb-1 -mt-1 border-dotted border-b-1 border-gray-600\">\n                                     <div class=\"px-2\"><p>Faire d&rsquo;\u00e9quitation dans les montagnes de la Vall\u00e9e Sacr\u00e9e est une exp\u00e9rience inoubliable, avec une vue imprenable de la Cordill\u00e8re [&hellip;]<\/p>\n                                       \n                                     <\/div>\n                                <\/div>\n\n                            <\/div>\n\t\t\t\t\t\n\t\t\t\t\t\t\t<div>\n                                <div class=\"border bg-white shadow rounded-md p-1\">\n                                    <a href=\"https:\/\/www.ericadventures.com\/fr\/cusco\/cusco-peru-tours-caballo\/suykutambo-lequitation-7-jours\/\">\n                                        <div class=\"overflow-hidden\"><img decoding=\"async\" width=\"400\" height=\"176\" src=\"https:\/\/www.ericadventures.com\/wp-content\/uploads\/suykutambo_colca_horseback_riding_7_days.jpg\" class=\"w-full transform duration-200 hover:scale-110 z-10 rounded-t-md wp-post-image\" alt=\"Suykutambo Colca Horseback Riding 7 Days\" loading=\"lazy\" srcset=\"https:\/\/www.ericadventures.com\/wp-content\/uploads\/suykutambo_colca_horseback_riding_7_days.jpg 400w, https:\/\/www.ericadventures.com\/wp-content\/uploads\/suykutambo_colca_horseback_riding_7_days-300x132.jpg 300w\" sizes=\"auto, (max-width: 400px) 100vw, 400px\" \/><\/div>\n                                    <\/a>\n                                     <a href=\"https:\/\/www.ericadventures.com\/fr\/cusco\/cusco-peru-tours-caballo\/suykutambo-lequitation-7-jours\/\" class=\"hover:text-eric text-gray-800 hover:no-underline transition-all\" ><h2 class=\"text-center font-nunito uppercase text-sm font-bold my-2 \">7J L\u2019equitation De Suykutambo A Colca<\/h2><\/a>\n                                     <hr class=\"mb-1 -mt-1 border-dotted border-b-1 border-gray-600\">\n                                     <div class=\"px-2\"><p>Nous allons \u00e0 cheval \u00e0 travers du plateau entre Cusco et Arequipa. Nous allons voire les montagnes, les canyons, les [&hellip;]<\/p>\n                                       \n                                     <\/div>\n                                <\/div>\n\n                            <\/div>\n\t\t\t\t\t\n\t\t\t\t\t\t\t<div>\n                                <div class=\"border bg-white shadow rounded-md p-1\">\n                                    <a href=\"https:\/\/www.ericadventures.com\/fr\/cusco\/cusco-peru-tours-caballo\/lequitation-huchuyqosqo-2-jours\/\">\n                                        <div class=\"overflow-hidden\"><img decoding=\"async\" width=\"400\" height=\"176\" src=\"https:\/\/www.ericadventures.com\/wp-content\/uploads\/huchuyqosqo_horseback_riding_2_days.jpg\" class=\"w-full transform duration-200 hover:scale-110 z-10 rounded-t-md wp-post-image\" alt=\"Huchuyqosqo Horseback Riding 2 Days\" loading=\"lazy\" srcset=\"https:\/\/www.ericadventures.com\/wp-content\/uploads\/huchuyqosqo_horseback_riding_2_days.jpg 400w, https:\/\/www.ericadventures.com\/wp-content\/uploads\/huchuyqosqo_horseback_riding_2_days-300x132.jpg 300w\" sizes=\"auto, (max-width: 400px) 100vw, 400px\" \/><\/div>\n                                    <\/a>\n                                     <a href=\"https:\/\/www.ericadventures.com\/fr\/cusco\/cusco-peru-tours-caballo\/lequitation-huchuyqosqo-2-jours\/\" class=\"hover:text-eric text-gray-800 hover:no-underline transition-all\" ><h2 class=\"text-center font-nunito uppercase text-sm font-bold my-2 \">L\u2019equitation En Huchuyqosqo \u2013 Deux Jours<\/h2><\/a>\n                                     <hr class=\"mb-1 -mt-1 border-dotted border-b-1 border-gray-600\">\n                                     <div class=\"px-2\"><p>Ce beau chemin visite les ruines de Huchuyqosqo o\u00f9 nous pouvions observer les diff\u00e9rents paysages des montagnes proches de Cusco [&hellip;]<\/p>\n                                       \n                                     <\/div>\n                                <\/div>\n\n                            <\/div>\n\t\t\t\t\t\n\t\t\t\t\t\t\t<div>\n                                <div class=\"border bg-white shadow rounded-md p-1\">\n                                    <a href=\"https:\/\/www.ericadventures.com\/fr\/cusco\/cusco-peru-tours-caballo\/equitation-sacsayhuaman-cusco-demi-journee\/\">\n                                        <div class=\"overflow-hidden\"><img decoding=\"async\" width=\"203\" height=\"78\" src=\"https:\/\/www.ericadventures.com\/wp-content\/uploads\/Captura-43.jpg\" class=\"w-full transform duration-200 hover:scale-110 z-10 rounded-t-md wp-post-image\" alt=\"Cabalgata En Sacsayhuaman Cusco\" loading=\"lazy\" \/><\/div>\n                                    <\/a>\n                                     <a href=\"https:\/\/www.ericadventures.com\/fr\/cusco\/cusco-peru-tours-caballo\/equitation-sacsayhuaman-cusco-demi-journee\/\" class=\"hover:text-eric text-gray-800 hover:no-underline transition-all\" ><h2 class=\"text-center font-nunito uppercase text-sm font-bold my-2 \">HD \u00c9quitatiom En Sacsayhuaman Cusco<\/h2><\/a>\n                                     <hr class=\"mb-1 -mt-1 border-dotted border-b-1 border-gray-600\">\n                                     <div class=\"px-2\"><p>\u00c9quitatiom En Sacsayhuaman Profitez de cette belle journ\u00e9e \u00e0 cheval, en vous rendant aux ruines magiques de Sacsayhuaman, nous y [&hellip;]<\/p>\n                                       \n                                     <\/div>\n                                <\/div>\n\n                            <\/div>\n\t\t\t\t\t\n\t\t\t\t\t\t\t<div>\n                                <div class=\"border bg-white shadow rounded-md p-1\">\n                                    <a href=\"https:\/\/www.ericadventures.com\/fr\/cusco\/cusco-peru-tours-caballo\/secrets-anciens-2-jours\/\">\n                                        <div class=\"overflow-hidden\"><img decoding=\"async\" width=\"400\" height=\"176\" src=\"https:\/\/www.ericadventures.com\/wp-content\/uploads\/ancient_secrets_2_days.jpg\" class=\"w-full transform duration-200 hover:scale-110 z-10 rounded-t-md wp-post-image\" alt=\"Ancient Secrets 2 Days\" loading=\"lazy\" srcset=\"https:\/\/www.ericadventures.com\/wp-content\/uploads\/ancient_secrets_2_days.jpg 400w, https:\/\/www.ericadventures.com\/wp-content\/uploads\/ancient_secrets_2_days-300x132.jpg 300w\" sizes=\"auto, (max-width: 400px) 100vw, 400px\" \/><\/div>\n                                    <\/a>\n                                     <a href=\"https:\/\/www.ericadventures.com\/fr\/cusco\/cusco-peru-tours-caballo\/secrets-anciens-2-jours\/\" class=\"hover:text-eric text-gray-800 hover:no-underline transition-all\" ><h2 class=\"text-center font-nunito uppercase text-sm font-bold my-2 \">Secrets Anciens 2 Jours<\/h2><\/a>\n                                     <hr class=\"mb-1 -mt-1 border-dotted border-b-1 border-gray-600\">\n                                     <div class=\"px-2\"><p>N&rsquo;oubliez pas que nous pouvons \u00e9galement vous aider dans toute l&rsquo;organisation de votre voyage \u00e0 Cusco, au P\u00e9rou ou en [&hellip;]<\/p>\n                                       \n                                     <\/div>\n                                <\/div>\n\n                            <\/div>\n\t\t\t\t\t\n\t\t\t\t\t\t\t<div>\n                                <div class=\"border bg-white shadow rounded-md p-1\">\n                                    <a href=\"https:\/\/www.ericadventures.com\/fr\/cusco\/cusco-peru-tours-caballo\/balade-a-cheval-pacchanta-2-jours\/\">\n                                        <div class=\"overflow-hidden\"><img decoding=\"async\" width=\"400\" height=\"176\" src=\"https:\/\/www.ericadventures.com\/wp-content\/uploads\/pacchanta_horseback_riding_2_days.jpg\" class=\"w-full transform duration-200 hover:scale-110 z-10 rounded-t-md wp-post-image\" alt=\"Pacchanta Horseback Riding 2 Days\" loading=\"lazy\" srcset=\"https:\/\/www.ericadventures.com\/wp-content\/uploads\/pacchanta_horseback_riding_2_days.jpg 400w, https:\/\/www.ericadventures.com\/wp-content\/uploads\/pacchanta_horseback_riding_2_days-300x132.jpg 300w\" sizes=\"auto, (max-width: 400px) 100vw, 400px\" \/><\/div>\n                                    <\/a>\n                                     <a href=\"https:\/\/www.ericadventures.com\/fr\/cusco\/cusco-peru-tours-caballo\/balade-a-cheval-pacchanta-2-jours\/\" class=\"hover:text-eric text-gray-800 hover:no-underline transition-all\" ><h2 class=\"text-center font-nunito uppercase text-sm font-bold my-2 \">2J Balade \u00c0 Cheval Pacchanta<\/h2><\/a>\n                                     <hr class=\"mb-1 -mt-1 border-dotted border-b-1 border-gray-600\">\n                                     <div class=\"px-2\"><p>Avec Eric Adventures, vous pouvez profiter de votre voyage \u00e0 cheval autour de la montagne enneig\u00e9e d&rsquo;Ausangate en 2 jours [&hellip;]<\/p>\n                                       \n                                     <\/div>\n                                <\/div>\n\n                            <\/div>\n\t\t\t\t\t\n\t\t\t\t\t\t\t<div>\n                                <div class=\"border bg-white shadow rounded-md p-1\">\n                                    <a href=\"https:\/\/www.ericadventures.com\/fr\/cusco\/cusco-peru-tours-caballo\/secrets-ancestrals-balade-a-cheval-2-jours\/\">\n                                        <div class=\"overflow-hidden\"><img decoding=\"async\" width=\"203\" height=\"79\" src=\"https:\/\/www.ericadventures.com\/wp-content\/uploads\/Captura-44.jpg\" class=\"w-full transform duration-200 hover:scale-110 z-10 rounded-t-md wp-post-image\" alt=\"Secretos Ancestrales Cabalgata\" loading=\"lazy\" \/><\/div>\n                                    <\/a>\n                                     <a href=\"https:\/\/www.ericadventures.com\/fr\/cusco\/cusco-peru-tours-caballo\/secrets-ancestrals-balade-a-cheval-2-jours\/\" class=\"hover:text-eric text-gray-800 hover:no-underline transition-all\" ><h2 class=\"text-center font-nunito uppercase text-sm font-bold my-2 \">Secrets Ancestrals Balade \u00c0 Cheval 2 Jours<\/h2><\/a>\n                                     <hr class=\"mb-1 -mt-1 border-dotted border-b-1 border-gray-600\">\n                                     <div class=\"px-2\"><p>Profitez de cette belle journ\u00e9e \u00e0 cheval en direction de la magique Vall\u00e9e Sacr\u00e9e des Incas, o\u00f9 nous observerons les [&hellip;]<\/p>\n                                       \n                                     <\/div>\n                                <\/div>\n\n                            <\/div>\n\t\t\t\t\t<\/div>\n","protected":false},"excerpt":{"rendered":"","protected":false},"author":3,"featured_media":20525,"parent":1098,"menu_order":0,"comment_status":"closed","ping_status":"closed","template":"page-city.php","meta":{"_acf_changed":false,"advgb_blocks_editor_width":"","advgb_blocks_columns_visual_guide":"","footnotes":""},"class_list":["post-13087","page","type-page","status-publish","has-post-thumbnail","hentry"],"acf":[],"yoast_head":"<!-- This site is optimized with the Yoast SEO Premium plugin v25.4 (Yoast SEO v26.9) - https:\/\/yoast.com\/product\/yoast-seo-premium-wordpress\/ -->\n<title>\u00c9quitation \u00e0 Cusco<\/title>\n<meta name=\"description\" content=\"Nous irons dans la ville pittoresque de Tipon o\u00f9 se trouvent d&#039;int\u00e9ressants complexes arch\u00e9ologiques et des exp\u00e9riences agricoles.\" \/>\n<meta name=\"robots\" content=\"index, follow, max-snippet:-1, max-image-preview:large, max-video-preview:-1\" \/>\n<link rel=\"canonical\" href=\"https:\/\/www.ericadventures.com\/fr\/cusco\/cusco-peru-tours-caballo\/\" \/>\n<meta property=\"og:locale\" content=\"fr_FR\" \/>\n<meta property=\"og:type\" content=\"article\" \/>\n<meta property=\"og:title\" content=\"L&#039;equitation Cusco Perou\" \/>\n<meta property=\"og:description\" content=\"Nous irons dans la ville pittoresque de Tipon o\u00f9 se trouvent d&#039;int\u00e9ressants complexes arch\u00e9ologiques et des exp\u00e9riences agricoles.\" \/>\n<meta property=\"og:url\" content=\"https:\/\/www.ericadventures.com\/fr\/cusco\/cusco-peru-tours-caballo\/\" \/>\n<meta property=\"og:site_name\" content=\"Eric Adventures\" \/>\n<meta property=\"article:modified_time\" content=\"2024-05-11T18:23:56+00:00\" \/>\n<meta property=\"og:image\" content=\"https:\/\/www.ericadventures.com\/wp-content\/uploads\/horseback-riding-cusco-2.jpg\" \/>\n\t<meta property=\"og:image:width\" content=\"980\" \/>\n\t<meta property=\"og:image:height\" content=\"485\" \/>\n\t<meta property=\"og:image:type\" content=\"image\/jpeg\" \/>\n<meta name=\"twitter:card\" content=\"summary_large_image\" \/>\n<meta name=\"twitter:label1\" content=\"Dur\u00e9e de lecture estim\u00e9e\" \/>\n\t<meta name=\"twitter:data1\" content=\"1 minute\" \/>\n<script type=\"application\/ld+json\" class=\"yoast-schema-graph\">{\"@context\":\"https:\/\/schema.org\",\"@graph\":[{\"@type\":\"WebPage\",\"@id\":\"https:\/\/www.ericadventures.com\/fr\/cusco\/cusco-peru-tours-caballo\/\",\"url\":\"https:\/\/www.ericadventures.com\/fr\/cusco\/cusco-peru-tours-caballo\/\",\"name\":\"\u00c9quitation \u00e0 Cusco\",\"isPartOf\":{\"@id\":\"https:\/\/www.ericadventures.com\/en\/#website\"},\"primaryImageOfPage\":{\"@id\":\"https:\/\/www.ericadventures.com\/fr\/cusco\/cusco-peru-tours-caballo\/#primaryimage\"},\"image\":{\"@id\":\"https:\/\/www.ericadventures.com\/fr\/cusco\/cusco-peru-tours-caballo\/#primaryimage\"},\"thumbnailUrl\":\"https:\/\/www.ericadventures.com\/wp-content\/uploads\/horseback-riding-cusco-2.jpg\",\"datePublished\":\"2024-01-31T16:43:44+00:00\",\"dateModified\":\"2024-05-11T18:23:56+00:00\",\"description\":\"Nous irons dans la ville pittoresque de Tipon o\u00f9 se trouvent d'int\u00e9ressants complexes arch\u00e9ologiques et des exp\u00e9riences agricoles.\",\"breadcrumb\":{\"@id\":\"https:\/\/www.ericadventures.com\/fr\/cusco\/cusco-peru-tours-caballo\/#breadcrumb\"},\"inLanguage\":\"fr-FR\",\"potentialAction\":[{\"@type\":\"ReadAction\",\"target\":[\"https:\/\/www.ericadventures.com\/fr\/cusco\/cusco-peru-tours-caballo\/\"]}]},{\"@type\":\"ImageObject\",\"inLanguage\":\"fr-FR\",\"@id\":\"https:\/\/www.ericadventures.com\/fr\/cusco\/cusco-peru-tours-caballo\/#primaryimage\",\"url\":\"https:\/\/www.ericadventures.com\/wp-content\/uploads\/horseback-riding-cusco-2.jpg\",\"contentUrl\":\"https:\/\/www.ericadventures.com\/wp-content\/uploads\/horseback-riding-cusco-2.jpg\",\"width\":980,\"height\":485,\"caption\":\"Cabalgatas En Cusco Per\u00fa\"},{\"@type\":\"BreadcrumbList\",\"@id\":\"https:\/\/www.ericadventures.com\/fr\/cusco\/cusco-peru-tours-caballo\/#breadcrumb\",\"itemListElement\":[{\"@type\":\"ListItem\",\"position\":1,\"name\":\"Home\",\"item\":\"https:\/\/www.ericadventures.com\/fr\/\"},{\"@type\":\"ListItem\",\"position\":2,\"name\":\"Tours in Cusco\",\"item\":\"https:\/\/www.ericadventures.com\/fr\/cusco\/\"},{\"@type\":\"ListItem\",\"position\":3,\"name\":\"L&rsquo;equitation Cusco Perou\"}]},{\"@type\":\"WebSite\",\"@id\":\"https:\/\/www.ericadventures.com\/en\/#website\",\"url\":\"https:\/\/www.ericadventures.com\/en\/\",\"name\":\"Eric Adventures\",\"description\":\"\",\"publisher\":{\"@id\":\"https:\/\/www.ericadventures.com\/en\/#organization\"},\"alternateName\":\"Eric Adventures\",\"potentialAction\":[{\"@type\":\"SearchAction\",\"target\":{\"@type\":\"EntryPoint\",\"urlTemplate\":\"https:\/\/www.ericadventures.com\/en\/?s={search_term_string}\"},\"query-input\":{\"@type\":\"PropertyValueSpecification\",\"valueRequired\":true,\"valueName\":\"search_term_string\"}}],\"inLanguage\":\"fr-FR\"},{\"@type\":\"Organization\",\"@id\":\"https:\/\/www.ericadventures.com\/en\/#organization\",\"name\":\"Eric Adventures\",\"url\":\"https:\/\/www.ericadventures.com\/en\/\",\"logo\":{\"@type\":\"ImageObject\",\"inLanguage\":\"fr-FR\",\"@id\":\"https:\/\/www.ericadventures.com\/en\/#\/schema\/logo\/image\/\",\"url\":\"https:\/\/www.ericadventures.com\/wp-content\/uploads\/logo-ericadventures.png\",\"contentUrl\":\"https:\/\/www.ericadventures.com\/wp-content\/uploads\/logo-ericadventures.png\",\"width\":500,\"height\":106,\"caption\":\"Eric Adventures\"},\"image\":{\"@id\":\"https:\/\/www.ericadventures.com\/en\/#\/schema\/logo\/image\/\"}}]}<\/script>\n<!-- \/ Yoast SEO Premium plugin. -->","yoast_head_json":{"title":"\u00c9quitation \u00e0 Cusco","description":"Nous irons dans la ville pittoresque de Tipon o\u00f9 se trouvent d'int\u00e9ressants complexes arch\u00e9ologiques et des exp\u00e9riences agricoles.","robots":{"index":"index","follow":"follow","max-snippet":"max-snippet:-1","max-image-preview":"max-image-preview:large","max-video-preview":"max-video-preview:-1"},"canonical":"https:\/\/www.ericadventures.com\/fr\/cusco\/cusco-peru-tours-caballo\/","og_locale":"fr_FR","og_type":"article","og_title":"L'equitation Cusco Perou","og_description":"Nous irons dans la ville pittoresque de Tipon o\u00f9 se trouvent d'int\u00e9ressants complexes arch\u00e9ologiques et des exp\u00e9riences agricoles.","og_url":"https:\/\/www.ericadventures.com\/fr\/cusco\/cusco-peru-tours-caballo\/","og_site_name":"Eric Adventures","article_modified_time":"2024-05-11T18:23:56+00:00","og_image":[{"width":980,"height":485,"url":"https:\/\/www.ericadventures.com\/wp-content\/uploads\/horseback-riding-cusco-2.jpg","type":"image\/jpeg"}],"twitter_card":"summary_large_image","twitter_misc":{"Dur\u00e9e de lecture estim\u00e9e":"1 minute"},"schema":{"@context":"https:\/\/schema.org","@graph":[{"@type":"WebPage","@id":"https:\/\/www.ericadventures.com\/fr\/cusco\/cusco-peru-tours-caballo\/","url":"https:\/\/www.ericadventures.com\/fr\/cusco\/cusco-peru-tours-caballo\/","name":"\u00c9quitation \u00e0 Cusco","isPartOf":{"@id":"https:\/\/www.ericadventures.com\/en\/#website"},"primaryImageOfPage":{"@id":"https:\/\/www.ericadventures.com\/fr\/cusco\/cusco-peru-tours-caballo\/#primaryimage"},"image":{"@id":"https:\/\/www.ericadventures.com\/fr\/cusco\/cusco-peru-tours-caballo\/#primaryimage"},"thumbnailUrl":"https:\/\/www.ericadventures.com\/wp-content\/uploads\/horseback-riding-cusco-2.jpg","datePublished":"2024-01-31T16:43:44+00:00","dateModified":"2024-05-11T18:23:56+00:00","description":"Nous irons dans la ville pittoresque de Tipon o\u00f9 se trouvent d'int\u00e9ressants complexes arch\u00e9ologiques et des exp\u00e9riences agricoles.","breadcrumb":{"@id":"https:\/\/www.ericadventures.com\/fr\/cusco\/cusco-peru-tours-caballo\/#breadcrumb"},"inLanguage":"fr-FR","potentialAction":[{"@type":"ReadAction","target":["https:\/\/www.ericadventures.com\/fr\/cusco\/cusco-peru-tours-caballo\/"]}]},{"@type":"ImageObject","inLanguage":"fr-FR","@id":"https:\/\/www.ericadventures.com\/fr\/cusco\/cusco-peru-tours-caballo\/#primaryimage","url":"https:\/\/www.ericadventures.com\/wp-content\/uploads\/horseback-riding-cusco-2.jpg","contentUrl":"https:\/\/www.ericadventures.com\/wp-content\/uploads\/horseback-riding-cusco-2.jpg","width":980,"height":485,"caption":"Cabalgatas En Cusco Per\u00fa"},{"@type":"BreadcrumbList","@id":"https:\/\/www.ericadventures.com\/fr\/cusco\/cusco-peru-tours-caballo\/#breadcrumb","itemListElement":[{"@type":"ListItem","position":1,"name":"Home","item":"https:\/\/www.ericadventures.com\/fr\/"},{"@type":"ListItem","position":2,"name":"Tours in Cusco","item":"https:\/\/www.ericadventures.com\/fr\/cusco\/"},{"@type":"ListItem","position":3,"name":"L&rsquo;equitation Cusco Perou"}]},{"@type":"WebSite","@id":"https:\/\/www.ericadventures.com\/en\/#website","url":"https:\/\/www.ericadventures.com\/en\/","name":"Eric Adventures","description":"","publisher":{"@id":"https:\/\/www.ericadventures.com\/en\/#organization"},"alternateName":"Eric Adventures","potentialAction":[{"@type":"SearchAction","target":{"@type":"EntryPoint","urlTemplate":"https:\/\/www.ericadventures.com\/en\/?s={search_term_string}"},"query-input":{"@type":"PropertyValueSpecification","valueRequired":true,"valueName":"search_term_string"}}],"inLanguage":"fr-FR"},{"@type":"Organization","@id":"https:\/\/www.ericadventures.com\/en\/#organization","name":"Eric Adventures","url":"https:\/\/www.ericadventures.com\/en\/","logo":{"@type":"ImageObject","inLanguage":"fr-FR","@id":"https:\/\/www.ericadventures.com\/en\/#\/schema\/logo\/image\/","url":"https:\/\/www.ericadventures.com\/wp-content\/uploads\/logo-ericadventures.png","contentUrl":"https:\/\/www.ericadventures.com\/wp-content\/uploads\/logo-ericadventures.png","width":500,"height":106,"caption":"Eric Adventures"},"image":{"@id":"https:\/\/www.ericadventures.com\/en\/#\/schema\/logo\/image\/"}}]}},"coauthors":[],"author_meta":{"author_link":"https:\/\/www.ericadventures.com\/fr\/author\/joaco\/","display_name":"Joaqu\u00edn Arenas Hermoza"},"relative_dates":{"created":"Publi\u00e9 2 ans il y a","modified":"Mis \u00e0 jour 2 ans il y a"},"absolute_dates":{"created":"Publi\u00e9 le janvier 31, 2024","modified":"Mise \u00e0 jour le mai 11, 2024"},"absolute_dates_time":{"created":"Publi\u00e9 le janvier 31, 2024 11:43 am","modified":"Mise \u00e0 jour le mai 11, 2024 1:23 pm"},"featured_img_caption":"","featured_img":"https:\/\/www.ericadventures.com\/wp-content\/uploads\/horseback-riding-cusco-2.jpg","series_order":"","_links":{"self":[{"href":"https:\/\/www.ericadventures.com\/fr\/wp-json\/wp\/v2\/pages\/13087","targetHints":{"allow":["GET"]}}],"collection":[{"href":"https:\/\/www.ericadventures.com\/fr\/wp-json\/wp\/v2\/pages"}],"about":[{"href":"https:\/\/www.ericadventures.com\/fr\/wp-json\/wp\/v2\/types\/page"}],"author":[{"embeddable":true,"href":"https:\/\/www.ericadventures.com\/fr\/wp-json\/wp\/v2\/users\/3"}],"replies":[{"embeddable":true,"href":"https:\/\/www.ericadventures.com\/fr\/wp-json\/wp\/v2\/comments?post=13087"}],"version-history":[{"count":2,"href":"https:\/\/www.ericadventures.com\/fr\/wp-json\/wp\/v2\/pages\/13087\/revisions"}],"predecessor-version":[{"id":13098,"href":"https:\/\/www.ericadventures.com\/fr\/wp-json\/wp\/v2\/pages\/13087\/revisions\/13098"}],"up":[{"embeddable":true,"href":"https:\/\/www.ericadventures.com\/fr\/wp-json\/wp\/v2\/pages\/1098"}],"wp:featuredmedia":[{"embeddable":true,"href":"https:\/\/www.ericadventures.com\/fr\/wp-json\/wp\/v2\/media\/20525"}],"wp:attachment":[{"href":"https:\/\/www.ericadventures.com\/fr\/wp-json\/wp\/v2\/media?parent=13087"}],"curies":[{"name":"wp","href":"https:\/\/api.w.org\/{rel}","templated":true}]}}