{"id":13252,"date":"2024-02-15T12:27:05","date_gmt":"2024-02-15T17:27:05","guid":{"rendered":"https:\/\/www.ericadventures.com\/?page_id=13252"},"modified":"2024-03-14T12:05:13","modified_gmt":"2024-03-14T17:05:13","slug":"cusco-perou-velo-tout-terrain","status":"publish","type":"page","link":"https:\/\/www.ericadventures.com\/fr\/cusco\/cusco-perou-velo-tout-terrain\/","title":{"rendered":"Velo Tout Terrain Cusco Perou"},"content":{"rendered":"<div class=\"grid grid-cols-1 sm:grid-cols-2 md:grid-cols-3 xl:grid-cols-4 gap-5\">\n\t\t\t\t\t\t\t<div>\n                                <div class=\"border bg-white shadow rounded-md p-1\">\n                                    <a href=\"https:\/\/www.ericadventures.com\/fr\/cusco\/cusco-perou-velo-tout-terrain\/velo-tout-terrain-sacsayhuaman-demi-jour\/\">\n                                        <div class=\"overflow-hidden\"><img decoding=\"async\" width=\"400\" height=\"310\" src=\"https:\/\/www.ericadventures.com\/wp-content\/uploads\/rutas-en-bicicleta-desktop-400x310.jpg\" class=\"w-full transform duration-200 hover:scale-110 z-10 rounded-t-md wp-post-image\" alt=\"Sacsayhuaman Y Los Alrededores Del Cusco\" loading=\"lazy\" \/><\/div>\n                                    <\/a>\n                                     <a href=\"https:\/\/www.ericadventures.com\/fr\/cusco\/cusco-perou-velo-tout-terrain\/velo-tout-terrain-sacsayhuaman-demi-jour\/\" class=\"hover:text-eric text-gray-800 hover:no-underline transition-all\" ><h2 class=\"text-center font-nunito uppercase text-sm font-bold my-2 \">Velo Tout Terrain En Sacsayhuaman \u00e0 Cusco<\/h2><\/a>\n                                     <hr class=\"mb-1 -mt-1 border-dotted border-b-1 border-gray-600\">\n                                     <div class=\"px-2\"><p>Velo Tout Terrain \u00e0 Cusco Velo Tout Terrain en P\u00e9rou \u2013 Nous allons \u00e0 v\u00e9lo de Cusco \u00e0 la forteresse [&hellip;]<\/p>\n                                       \n                                     <\/div>\n                                <\/div>\n\n                            <\/div>\n\t\t\t\t\t\n\t\t\t\t\t\t\t<div>\n                                <div class=\"border bg-white shadow rounded-md p-1\">\n                                    <a href=\"https:\/\/www.ericadventures.com\/fr\/cusco\/cusco-perou-velo-tout-terrain\/media-dia-ciclismo-city-tour-cusco\/\">\n                                        <div class=\"overflow-hidden\"><img decoding=\"async\" width=\"400\" height=\"310\" src=\"https:\/\/www.ericadventures.com\/wp-content\/uploads\/bike-city-tour-cusco-05-1-400x310.jpg\" class=\"w-full transform duration-200 hover:scale-110 z-10 rounded-t-md wp-post-image\" alt=\"Half-Day Cycling City Tour Cusco\" loading=\"lazy\" \/><\/div>\n                                    <\/a>\n                                     <a href=\"https:\/\/www.ericadventures.com\/fr\/cusco\/cusco-perou-velo-tout-terrain\/media-dia-ciclismo-city-tour-cusco\/\" class=\"hover:text-eric text-gray-800 hover:no-underline transition-all\" ><h2 class=\"text-center font-nunito uppercase text-sm font-bold my-2 \">HD Cyclotour Cusco &#8211; Ville<\/h2><\/a>\n                                     <hr class=\"mb-1 -mt-1 border-dotted border-b-1 border-gray-600\">\n                                     <div class=\"px-2\"><p>D\u00e9couvrez \u00e0 v\u00e9lo les anciennes et charmantes routes qui traversent la ville imp\u00e9riale des Incas Cusco jusqu&rsquo;aux fronti\u00e8res de leurs [&hellip;]<\/p>\n                                       \n                                     <\/div>\n                                <\/div>\n\n                            <\/div>\n\t\t\t\t\t\n\t\t\t\t\t\t\t<div>\n                                <div class=\"border bg-white shadow rounded-md p-1\">\n                                    <a href=\"https:\/\/www.ericadventures.com\/fr\/cusco\/cusco-perou-velo-tout-terrain\/velo-tout-terrain-malaga-1journee\/\">\n                                        <div class=\"overflow-hidden\"><img decoding=\"async\" width=\"400\" height=\"310\" src=\"https:\/\/www.ericadventures.com\/wp-content\/uploads\/image_processing20181012-4-1x150ch-400x310.jpg\" class=\"w-full transform duration-200 hover:scale-110 z-10 rounded-t-md wp-post-image\" alt=\"Descenso Desde El Paso M\u00e1laga\" loading=\"lazy\" \/><\/div>\n                                    <\/a>\n                                     <a href=\"https:\/\/www.ericadventures.com\/fr\/cusco\/cusco-perou-velo-tout-terrain\/velo-tout-terrain-malaga-1journee\/\" class=\"hover:text-eric text-gray-800 hover:no-underline transition-all\" ><h2 class=\"text-center font-nunito uppercase text-sm font-bold my-2 \">1J Vtt En Pente Au Ollantaytambo<\/h2><\/a>\n                                     <hr class=\"mb-1 -mt-1 border-dotted border-b-1 border-gray-600\">\n                                     <div class=\"px-2\"><p>VTT \u00e0 Cusco; C&rsquo;est un excellent endroit pour faire une excursion en descente. Nous monterons jusqu&rsquo;au col de Malaga (4 [&hellip;]<\/p>\n                                       \n                                     <\/div>\n                                <\/div>\n\n                            <\/div>\n\t\t\t\t\t\n\t\t\t\t\t\t\t<div>\n                                <div class=\"border bg-white shadow rounded-md p-1\">\n                                    <a href=\"https:\/\/www.ericadventures.com\/fr\/cusco\/cusco-perou-velo-tout-terrain\/maras-ruinas-moray-1dia\/\">\n                                        <div class=\"overflow-hidden\"><img decoding=\"async\" width=\"400\" height=\"310\" src=\"https:\/\/www.ericadventures.com\/wp-content\/uploads\/biking-maras-moray-01-400x310.webp\" class=\"w-full transform duration-200 hover:scale-110 z-10 rounded-t-md wp-post-image\" alt=\"Maras - Ruinas De Moray\" loading=\"lazy\" \/><\/div>\n                                    <\/a>\n                                     <a href=\"https:\/\/www.ericadventures.com\/fr\/cusco\/cusco-perou-velo-tout-terrain\/maras-ruinas-moray-1dia\/\" class=\"hover:text-eric text-gray-800 hover:no-underline transition-all\" ><h2 class=\"text-center font-nunito uppercase text-sm font-bold my-2 \">1J V\u00e9lo Tout Terrain en Maras\/Moray<\/h2><\/a>\n                                     <hr class=\"mb-1 -mt-1 border-dotted border-b-1 border-gray-600\">\n                                     <div class=\"px-2\"><p>Tour de v\u00e9lo tout terrain de montagne \u00e0 Maras mine de sel * D\u00e9parts quotidiens C\u2019est une exp\u00e9dition \u00e0 v\u00e9lo [&hellip;]<\/p>\n                                       \n                                     <\/div>\n                                <\/div>\n\n                            <\/div>\n\t\t\t\t\t\n\t\t\t\t\t\t\t<div>\n                                <div class=\"border bg-white shadow rounded-md p-1\">\n                                    <a href=\"https:\/\/www.ericadventures.com\/fr\/cusco\/cusco-perou-velo-tout-terrain\/1jour-montagne-coloree-vinicunca-trek\/\">\n                                        <div class=\"overflow-hidden\"><img decoding=\"async\" width=\"400\" height=\"310\" src=\"https:\/\/www.ericadventures.com\/wp-content\/uploads\/vinicunca-bike-03-1-400x310.jpg\" class=\"w-full transform duration-200 hover:scale-110 z-10 rounded-t-md wp-post-image\" alt=\"Rainbow Mountain Vinicunca - Trek + Mountain Bike\" loading=\"lazy\" \/><\/div>\n                                    <\/a>\n                                     <a href=\"https:\/\/www.ericadventures.com\/fr\/cusco\/cusco-perou-velo-tout-terrain\/1jour-montagne-coloree-vinicunca-trek\/\" class=\"hover:text-eric text-gray-800 hover:no-underline transition-all\" ><h2 class=\"text-center font-nunito uppercase text-sm font-bold my-2 \">1J Montagne Color\u00e9e Vinicunca Trek + V\u00e9lo De Montagne<\/h2><\/a>\n                                     <hr class=\"mb-1 -mt-1 border-dotted border-b-1 border-gray-600\">\n                                     <div class=\"px-2\"><p>L&rsquo;une des montagnes qui repr\u00e9sente un grand d\u00e9fi pour les amateurs de trekking est la Vinicunca Mountain of Colors, situ\u00e9e [&hellip;]<\/p>\n                                       \n                                     <\/div>\n                                <\/div>\n\n                            <\/div>\n\t\t\t\t\t\n\t\t\t\t\t\t\t<div>\n                                <div class=\"border bg-white shadow rounded-md p-1\">\n                                    <a href=\"https:\/\/www.ericadventures.com\/fr\/cusco\/cusco-perou-velo-tout-terrain\/vtt-de-los-andes\/\">\n                                        <div class=\"overflow-hidden\"><img decoding=\"async\" width=\"400\" height=\"310\" src=\"https:\/\/www.ericadventures.com\/wp-content\/uploads\/bike-ausangate-10-400x310.jpg\" class=\"w-full transform duration-200 hover:scale-110 z-10 rounded-t-md wp-post-image\" alt=\"Mountain Biking In The Andes\" loading=\"lazy\" \/><\/div>\n                                    <\/a>\n                                     <a href=\"https:\/\/www.ericadventures.com\/fr\/cusco\/cusco-perou-velo-tout-terrain\/vtt-de-los-andes\/\" class=\"hover:text-eric text-gray-800 hover:no-underline transition-all\" ><h2 class=\"text-center font-nunito uppercase text-sm font-bold my-2 \">18J Vtt Dans Les Andes<\/h2><\/a>\n                                     <hr class=\"mb-1 -mt-1 border-dotted border-b-1 border-gray-600\">\n                                     <div class=\"px-2\"><p>Le P\u00e9rou est sans aucun doute l\u2019une des destinations les plus visit\u00e9es pour sa culture et son histoire, mais c\u2019est [&hellip;]<\/p>\n                                       \n                                     <\/div>\n                                <\/div>\n\n                            <\/div>\n\t\t\t\t\t<\/div>\n","protected":false},"excerpt":{"rendered":"","protected":false},"author":3,"featured_media":21471,"parent":1098,"menu_order":0,"comment_status":"closed","ping_status":"closed","template":"page-city.php","meta":{"_acf_changed":false,"advgb_blocks_editor_width":"","advgb_blocks_columns_visual_guide":"","footnotes":""},"class_list":["post-13252","page","type-page","status-publish","has-post-thumbnail","hentry"],"acf":[],"yoast_head":"<!-- This site is optimized with the Yoast SEO Premium plugin v25.4 (Yoast SEO v26.9) - https:\/\/yoast.com\/product\/yoast-seo-premium-wordpress\/ -->\n<title>Faire du v\u00e9lo \u00e0 Cusco<\/title>\n<meta name=\"description\" content=\"Faire du VTT sur les sites arch\u00e9ologiques de Cusco, au P\u00e9rou\u00a0! Histoire et nature dans une aventure unique !\" \/>\n<meta name=\"robots\" content=\"index, follow, max-snippet:-1, max-image-preview:large, max-video-preview:-1\" \/>\n<link rel=\"canonical\" href=\"https:\/\/www.ericadventures.com\/fr\/cusco\/cusco-perou-velo-tout-terrain\/\" \/>\n<meta property=\"og:locale\" content=\"fr_FR\" \/>\n<meta property=\"og:type\" content=\"article\" \/>\n<meta property=\"og:title\" content=\"Velo Tout Terrain Cusco Perou\" \/>\n<meta property=\"og:description\" content=\"Faire du VTT sur les sites arch\u00e9ologiques de Cusco, au P\u00e9rou\u00a0! Histoire et nature dans une aventure unique !\" \/>\n<meta property=\"og:url\" content=\"https:\/\/www.ericadventures.com\/fr\/cusco\/cusco-perou-velo-tout-terrain\/\" \/>\n<meta property=\"og:site_name\" content=\"Eric Adventures\" \/>\n<meta property=\"article:modified_time\" content=\"2024-03-14T17:05:13+00:00\" \/>\n<meta property=\"og:image\" content=\"https:\/\/www.ericadventures.com\/wp-content\/uploads\/tours-paseos-bicicleta-cusco-2.jpg\" \/>\n\t<meta property=\"og:image:width\" content=\"1902\" \/>\n\t<meta property=\"og:image:height\" content=\"651\" \/>\n\t<meta property=\"og:image:type\" content=\"image\/jpeg\" \/>\n<meta name=\"twitter:card\" content=\"summary_large_image\" \/>\n<meta name=\"twitter:label1\" content=\"Dur\u00e9e de lecture estim\u00e9e\" \/>\n\t<meta name=\"twitter:data1\" content=\"1 minute\" \/>\n<script type=\"application\/ld+json\" class=\"yoast-schema-graph\">{\"@context\":\"https:\/\/schema.org\",\"@graph\":[{\"@type\":\"WebPage\",\"@id\":\"https:\/\/www.ericadventures.com\/fr\/cusco\/cusco-perou-velo-tout-terrain\/\",\"url\":\"https:\/\/www.ericadventures.com\/fr\/cusco\/cusco-perou-velo-tout-terrain\/\",\"name\":\"Faire du v\u00e9lo \u00e0 Cusco\",\"isPartOf\":{\"@id\":\"https:\/\/www.ericadventures.com\/en\/#website\"},\"primaryImageOfPage\":{\"@id\":\"https:\/\/www.ericadventures.com\/fr\/cusco\/cusco-perou-velo-tout-terrain\/#primaryimage\"},\"image\":{\"@id\":\"https:\/\/www.ericadventures.com\/fr\/cusco\/cusco-perou-velo-tout-terrain\/#primaryimage\"},\"thumbnailUrl\":\"https:\/\/www.ericadventures.com\/wp-content\/uploads\/tours-paseos-bicicleta-cusco-2.jpg\",\"datePublished\":\"2024-02-15T17:27:05+00:00\",\"dateModified\":\"2024-03-14T17:05:13+00:00\",\"description\":\"Faire du VTT sur les sites arch\u00e9ologiques de Cusco, au P\u00e9rou\u00a0! Histoire et nature dans une aventure unique !\",\"breadcrumb\":{\"@id\":\"https:\/\/www.ericadventures.com\/fr\/cusco\/cusco-perou-velo-tout-terrain\/#breadcrumb\"},\"inLanguage\":\"fr-FR\",\"potentialAction\":[{\"@type\":\"ReadAction\",\"target\":[\"https:\/\/www.ericadventures.com\/fr\/cusco\/cusco-perou-velo-tout-terrain\/\"]}]},{\"@type\":\"ImageObject\",\"inLanguage\":\"fr-FR\",\"@id\":\"https:\/\/www.ericadventures.com\/fr\/cusco\/cusco-perou-velo-tout-terrain\/#primaryimage\",\"url\":\"https:\/\/www.ericadventures.com\/wp-content\/uploads\/tours-paseos-bicicleta-cusco-2.jpg\",\"contentUrl\":\"https:\/\/www.ericadventures.com\/wp-content\/uploads\/tours-paseos-bicicleta-cusco-2.jpg\",\"width\":1902,\"height\":651,\"caption\":\"Ciclismo de monta\u00f1a\"},{\"@type\":\"BreadcrumbList\",\"@id\":\"https:\/\/www.ericadventures.com\/fr\/cusco\/cusco-perou-velo-tout-terrain\/#breadcrumb\",\"itemListElement\":[{\"@type\":\"ListItem\",\"position\":1,\"name\":\"Home\",\"item\":\"https:\/\/www.ericadventures.com\/fr\/\"},{\"@type\":\"ListItem\",\"position\":2,\"name\":\"Tours in Cusco\",\"item\":\"https:\/\/www.ericadventures.com\/fr\/cusco\/\"},{\"@type\":\"ListItem\",\"position\":3,\"name\":\"Velo Tout Terrain Cusco Perou\"}]},{\"@type\":\"WebSite\",\"@id\":\"https:\/\/www.ericadventures.com\/en\/#website\",\"url\":\"https:\/\/www.ericadventures.com\/en\/\",\"name\":\"Eric Adventures\",\"description\":\"\",\"publisher\":{\"@id\":\"https:\/\/www.ericadventures.com\/en\/#organization\"},\"alternateName\":\"Eric Adventures\",\"potentialAction\":[{\"@type\":\"SearchAction\",\"target\":{\"@type\":\"EntryPoint\",\"urlTemplate\":\"https:\/\/www.ericadventures.com\/en\/?s={search_term_string}\"},\"query-input\":{\"@type\":\"PropertyValueSpecification\",\"valueRequired\":true,\"valueName\":\"search_term_string\"}}],\"inLanguage\":\"fr-FR\"},{\"@type\":\"Organization\",\"@id\":\"https:\/\/www.ericadventures.com\/en\/#organization\",\"name\":\"Eric Adventures\",\"url\":\"https:\/\/www.ericadventures.com\/en\/\",\"logo\":{\"@type\":\"ImageObject\",\"inLanguage\":\"fr-FR\",\"@id\":\"https:\/\/www.ericadventures.com\/en\/#\/schema\/logo\/image\/\",\"url\":\"https:\/\/www.ericadventures.com\/wp-content\/uploads\/logo-ericadventures.png\",\"contentUrl\":\"https:\/\/www.ericadventures.com\/wp-content\/uploads\/logo-ericadventures.png\",\"width\":500,\"height\":106,\"caption\":\"Eric Adventures\"},\"image\":{\"@id\":\"https:\/\/www.ericadventures.com\/en\/#\/schema\/logo\/image\/\"}}]}<\/script>\n<!-- \/ Yoast SEO Premium plugin. -->","yoast_head_json":{"title":"Faire du v\u00e9lo \u00e0 Cusco","description":"Faire du VTT sur les sites arch\u00e9ologiques de Cusco, au P\u00e9rou\u00a0! Histoire et nature dans une aventure unique !","robots":{"index":"index","follow":"follow","max-snippet":"max-snippet:-1","max-image-preview":"max-image-preview:large","max-video-preview":"max-video-preview:-1"},"canonical":"https:\/\/www.ericadventures.com\/fr\/cusco\/cusco-perou-velo-tout-terrain\/","og_locale":"fr_FR","og_type":"article","og_title":"Velo Tout Terrain Cusco Perou","og_description":"Faire du VTT sur les sites arch\u00e9ologiques de Cusco, au P\u00e9rou\u00a0! Histoire et nature dans une aventure unique !","og_url":"https:\/\/www.ericadventures.com\/fr\/cusco\/cusco-perou-velo-tout-terrain\/","og_site_name":"Eric Adventures","article_modified_time":"2024-03-14T17:05:13+00:00","og_image":[{"width":1902,"height":651,"url":"https:\/\/www.ericadventures.com\/wp-content\/uploads\/tours-paseos-bicicleta-cusco-2.jpg","type":"image\/jpeg"}],"twitter_card":"summary_large_image","twitter_misc":{"Dur\u00e9e de lecture estim\u00e9e":"1 minute"},"schema":{"@context":"https:\/\/schema.org","@graph":[{"@type":"WebPage","@id":"https:\/\/www.ericadventures.com\/fr\/cusco\/cusco-perou-velo-tout-terrain\/","url":"https:\/\/www.ericadventures.com\/fr\/cusco\/cusco-perou-velo-tout-terrain\/","name":"Faire du v\u00e9lo \u00e0 Cusco","isPartOf":{"@id":"https:\/\/www.ericadventures.com\/en\/#website"},"primaryImageOfPage":{"@id":"https:\/\/www.ericadventures.com\/fr\/cusco\/cusco-perou-velo-tout-terrain\/#primaryimage"},"image":{"@id":"https:\/\/www.ericadventures.com\/fr\/cusco\/cusco-perou-velo-tout-terrain\/#primaryimage"},"thumbnailUrl":"https:\/\/www.ericadventures.com\/wp-content\/uploads\/tours-paseos-bicicleta-cusco-2.jpg","datePublished":"2024-02-15T17:27:05+00:00","dateModified":"2024-03-14T17:05:13+00:00","description":"Faire du VTT sur les sites arch\u00e9ologiques de Cusco, au P\u00e9rou\u00a0! Histoire et nature dans une aventure unique !","breadcrumb":{"@id":"https:\/\/www.ericadventures.com\/fr\/cusco\/cusco-perou-velo-tout-terrain\/#breadcrumb"},"inLanguage":"fr-FR","potentialAction":[{"@type":"ReadAction","target":["https:\/\/www.ericadventures.com\/fr\/cusco\/cusco-perou-velo-tout-terrain\/"]}]},{"@type":"ImageObject","inLanguage":"fr-FR","@id":"https:\/\/www.ericadventures.com\/fr\/cusco\/cusco-perou-velo-tout-terrain\/#primaryimage","url":"https:\/\/www.ericadventures.com\/wp-content\/uploads\/tours-paseos-bicicleta-cusco-2.jpg","contentUrl":"https:\/\/www.ericadventures.com\/wp-content\/uploads\/tours-paseos-bicicleta-cusco-2.jpg","width":1902,"height":651,"caption":"Ciclismo de monta\u00f1a"},{"@type":"BreadcrumbList","@id":"https:\/\/www.ericadventures.com\/fr\/cusco\/cusco-perou-velo-tout-terrain\/#breadcrumb","itemListElement":[{"@type":"ListItem","position":1,"name":"Home","item":"https:\/\/www.ericadventures.com\/fr\/"},{"@type":"ListItem","position":2,"name":"Tours in Cusco","item":"https:\/\/www.ericadventures.com\/fr\/cusco\/"},{"@type":"ListItem","position":3,"name":"Velo Tout Terrain Cusco Perou"}]},{"@type":"WebSite","@id":"https:\/\/www.ericadventures.com\/en\/#website","url":"https:\/\/www.ericadventures.com\/en\/","name":"Eric Adventures","description":"","publisher":{"@id":"https:\/\/www.ericadventures.com\/en\/#organization"},"alternateName":"Eric Adventures","potentialAction":[{"@type":"SearchAction","target":{"@type":"EntryPoint","urlTemplate":"https:\/\/www.ericadventures.com\/en\/?s={search_term_string}"},"query-input":{"@type":"PropertyValueSpecification","valueRequired":true,"valueName":"search_term_string"}}],"inLanguage":"fr-FR"},{"@type":"Organization","@id":"https:\/\/www.ericadventures.com\/en\/#organization","name":"Eric Adventures","url":"https:\/\/www.ericadventures.com\/en\/","logo":{"@type":"ImageObject","inLanguage":"fr-FR","@id":"https:\/\/www.ericadventures.com\/en\/#\/schema\/logo\/image\/","url":"https:\/\/www.ericadventures.com\/wp-content\/uploads\/logo-ericadventures.png","contentUrl":"https:\/\/www.ericadventures.com\/wp-content\/uploads\/logo-ericadventures.png","width":500,"height":106,"caption":"Eric Adventures"},"image":{"@id":"https:\/\/www.ericadventures.com\/en\/#\/schema\/logo\/image\/"}}]}},"coauthors":[],"author_meta":{"author_link":"https:\/\/www.ericadventures.com\/fr\/author\/joaco\/","display_name":"Joaqu\u00edn Arenas Hermoza"},"relative_dates":{"created":"Publi\u00e9 2 ans il y a","modified":"Mis \u00e0 jour 2 ans il y a"},"absolute_dates":{"created":"Publi\u00e9 le f\u00e9vrier 15, 2024","modified":"Mise \u00e0 jour le mars 14, 2024"},"absolute_dates_time":{"created":"Publi\u00e9 le f\u00e9vrier 15, 2024 12:27 pm","modified":"Mise \u00e0 jour le mars 14, 2024 12:05 pm"},"featured_img_caption":"","featured_img":"https:\/\/www.ericadventures.com\/wp-content\/uploads\/tours-paseos-bicicleta-cusco-2.jpg","series_order":"","_links":{"self":[{"href":"https:\/\/www.ericadventures.com\/fr\/wp-json\/wp\/v2\/pages\/13252","targetHints":{"allow":["GET"]}}],"collection":[{"href":"https:\/\/www.ericadventures.com\/fr\/wp-json\/wp\/v2\/pages"}],"about":[{"href":"https:\/\/www.ericadventures.com\/fr\/wp-json\/wp\/v2\/types\/page"}],"author":[{"embeddable":true,"href":"https:\/\/www.ericadventures.com\/fr\/wp-json\/wp\/v2\/users\/3"}],"replies":[{"embeddable":true,"href":"https:\/\/www.ericadventures.com\/fr\/wp-json\/wp\/v2\/comments?post=13252"}],"version-history":[{"count":2,"href":"https:\/\/www.ericadventures.com\/fr\/wp-json\/wp\/v2\/pages\/13252\/revisions"}],"predecessor-version":[{"id":13262,"href":"https:\/\/www.ericadventures.com\/fr\/wp-json\/wp\/v2\/pages\/13252\/revisions\/13262"}],"up":[{"embeddable":true,"href":"https:\/\/www.ericadventures.com\/fr\/wp-json\/wp\/v2\/pages\/1098"}],"wp:featuredmedia":[{"embeddable":true,"href":"https:\/\/www.ericadventures.com\/fr\/wp-json\/wp\/v2\/media\/21471"}],"wp:attachment":[{"href":"https:\/\/www.ericadventures.com\/fr\/wp-json\/wp\/v2\/media?parent=13252"}],"curies":[{"name":"wp","href":"https:\/\/api.w.org\/{rel}","templated":true}]}}