{"id":14935,"date":"2024-03-24T20:57:36","date_gmt":"2024-03-25T01:57:36","guid":{"rendered":"https:\/\/www.ericadventures.com\/cusco\/cusco-peru-caminatas\/"},"modified":"2024-03-24T21:09:45","modified_gmt":"2024-03-25T02:09:45","slug":"cusco-perou-trekking","status":"publish","type":"page","link":"https:\/\/www.ericadventures.com\/fr\/cusco\/cusco-perou-trekking\/","title":{"rendered":"Trekking Et Randonn\u00e9e Au Machu Picchu"},"content":{"rendered":"<div class=\"grid grid-cols-1 sm:grid-cols-2 md:grid-cols-3 xl:grid-cols-4 gap-5\">\n\t\t\t\t\t\t\t<div>\n                                <div class=\"border bg-white shadow rounded-md p-1\">\n                                    <a href=\"https:\/\/www.ericadventures.com\/fr\/cusco\/cusco-perou-trekking\/chemin-inca-machupicchu-2-jours\/\">\n                                        <div class=\"overflow-hidden\"><img decoding=\"async\" width=\"400\" height=\"215\" src=\"https:\/\/www.ericadventures.com\/wp-content\/uploads\/short-inca-trail-1-400x215.jpg\" class=\"w-full transform duration-200 hover:scale-110 z-10 rounded-t-md wp-post-image\" alt=\"Machu Picchu Inca Trail 2 Days\" loading=\"lazy\" \/><\/div>\n                                    <\/a>\n                                     <a href=\"https:\/\/www.ericadventures.com\/fr\/cusco\/cusco-perou-trekking\/chemin-inca-machupicchu-2-jours\/\" class=\"hover:text-eric text-gray-800 hover:no-underline transition-all\" ><h2 class=\"text-center font-nunito uppercase text-sm font-bold my-2 \">Machu Picchu \u2013 Chemin Inca, Deux Jours<\/h2><\/a>\n                                     <hr class=\"mb-1 -mt-1 border-dotted border-b-1 border-gray-600\">\n                                     <div class=\"px-2\"><p>RANDONN\u00c9E CITADELLE INCA DE MACHU PICCHU Le chemin Inca \u00e0 Machu Picchu est class\u00e9 parmi les meilleurs excursions de trekking [&hellip;]<\/p>\n                                       \n                                     <\/div>\n                                <\/div>\n\n                            <\/div>\n\t\t\t\t\t<\/div>\n","protected":false},"excerpt":{"rendered":"","protected":false},"author":3,"featured_media":14930,"parent":1098,"menu_order":0,"comment_status":"closed","ping_status":"closed","template":"page-city.php","meta":{"_acf_changed":false,"advgb_blocks_editor_width":"","advgb_blocks_columns_visual_guide":"","footnotes":""},"class_list":["post-14935","page","type-page","status-publish","has-post-thumbnail","hentry"],"acf":[],"yoast_head":"<!-- This site is optimized with the Yoast SEO Premium plugin v25.4 (Yoast SEO v26.9) - https:\/\/yoast.com\/product\/yoast-seo-premium-wordpress\/ -->\n<title>Cusco P\u00e9rou Randonn\u00e9es et Excursions<\/title>\n<meta name=\"description\" content=\"Quatre jours de randonn\u00e9e jusqu&#039;au Machu Picchu le long du Chemin Inca. Avec une vue impressionnante sur le Machu Picchu depuis Intipunku.\" \/>\n<meta name=\"robots\" content=\"index, follow, max-snippet:-1, max-image-preview:large, max-video-preview:-1\" \/>\n<link rel=\"canonical\" href=\"https:\/\/www.ericadventures.com\/en\/cusco\/cusco-peru-trekking\/\" \/>\n<meta property=\"og:locale\" content=\"fr_FR\" \/>\n<meta property=\"og:type\" content=\"article\" \/>\n<meta property=\"og:title\" content=\"Trekking Et Randonn\u00e9e Au Machu Picchu\" \/>\n<meta property=\"og:description\" content=\"Quatre jours de randonn\u00e9e jusqu&#039;au Machu Picchu le long du Chemin Inca. Avec une vue impressionnante sur le Machu Picchu depuis Intipunku.\" \/>\n<meta property=\"og:url\" content=\"https:\/\/www.ericadventures.com\/en\/cusco\/cusco-peru-trekking\/\" \/>\n<meta property=\"og:site_name\" content=\"Eric Adventures\" \/>\n<meta property=\"article:modified_time\" content=\"2024-03-25T02:09:45+00:00\" \/>\n<meta property=\"og:image\" content=\"https:\/\/www.ericadventures.com\/wp-content\/uploads\/descarga.jpg\" \/>\n\t<meta property=\"og:image:width\" content=\"259\" \/>\n\t<meta property=\"og:image:height\" content=\"194\" \/>\n\t<meta property=\"og:image:type\" content=\"image\/jpeg\" \/>\n<meta name=\"twitter:card\" content=\"summary_large_image\" \/>\n<meta name=\"twitter:label1\" content=\"Dur\u00e9e de lecture estim\u00e9e\" \/>\n\t<meta name=\"twitter:data1\" content=\"1 minute\" \/>\n<script type=\"application\/ld+json\" class=\"yoast-schema-graph\">{\"@context\":\"https:\/\/schema.org\",\"@graph\":[{\"@type\":\"WebPage\",\"@id\":\"https:\/\/www.ericadventures.com\/en\/cusco\/cusco-peru-trekking\/\",\"url\":\"https:\/\/www.ericadventures.com\/en\/cusco\/cusco-peru-trekking\/\",\"name\":\"Cusco P\u00e9rou Randonn\u00e9es et Excursions\",\"isPartOf\":{\"@id\":\"https:\/\/www.ericadventures.com\/en\/#website\"},\"primaryImageOfPage\":{\"@id\":\"https:\/\/www.ericadventures.com\/en\/cusco\/cusco-peru-trekking\/#primaryimage\"},\"image\":{\"@id\":\"https:\/\/www.ericadventures.com\/en\/cusco\/cusco-peru-trekking\/#primaryimage\"},\"thumbnailUrl\":\"https:\/\/www.ericadventures.com\/wp-content\/uploads\/descarga.jpg\",\"datePublished\":\"2024-03-25T01:57:36+00:00\",\"dateModified\":\"2024-03-25T02:09:45+00:00\",\"description\":\"Quatre jours de randonn\u00e9e jusqu'au Machu Picchu le long du Chemin Inca. Avec une vue impressionnante sur le Machu Picchu depuis Intipunku.\",\"breadcrumb\":{\"@id\":\"https:\/\/www.ericadventures.com\/en\/cusco\/cusco-peru-trekking\/#breadcrumb\"},\"inLanguage\":\"fr-FR\",\"potentialAction\":[{\"@type\":\"ReadAction\",\"target\":[\"https:\/\/www.ericadventures.com\/en\/cusco\/cusco-peru-trekking\/\"]}]},{\"@type\":\"ImageObject\",\"inLanguage\":\"fr-FR\",\"@id\":\"https:\/\/www.ericadventures.com\/en\/cusco\/cusco-peru-trekking\/#primaryimage\",\"url\":\"https:\/\/www.ericadventures.com\/wp-content\/uploads\/descarga.jpg\",\"contentUrl\":\"https:\/\/www.ericadventures.com\/wp-content\/uploads\/descarga.jpg\",\"width\":259,\"height\":194,\"caption\":\"Trekking And Hiking Machu Picchu\"},{\"@type\":\"BreadcrumbList\",\"@id\":\"https:\/\/www.ericadventures.com\/en\/cusco\/cusco-peru-trekking\/#breadcrumb\",\"itemListElement\":[{\"@type\":\"ListItem\",\"position\":1,\"name\":\"Home\",\"item\":\"https:\/\/www.ericadventures.com\/fr\/\"},{\"@type\":\"ListItem\",\"position\":2,\"name\":\"Tours in Cusco\",\"item\":\"https:\/\/www.ericadventures.com\/fr\/cusco\/\"},{\"@type\":\"ListItem\",\"position\":3,\"name\":\"Trekking Et Randonn\u00e9e Au Machu Picchu\"}]},{\"@type\":\"WebSite\",\"@id\":\"https:\/\/www.ericadventures.com\/en\/#website\",\"url\":\"https:\/\/www.ericadventures.com\/en\/\",\"name\":\"Eric Adventures\",\"description\":\"\",\"publisher\":{\"@id\":\"https:\/\/www.ericadventures.com\/en\/#organization\"},\"alternateName\":\"Eric Adventures\",\"potentialAction\":[{\"@type\":\"SearchAction\",\"target\":{\"@type\":\"EntryPoint\",\"urlTemplate\":\"https:\/\/www.ericadventures.com\/en\/?s={search_term_string}\"},\"query-input\":{\"@type\":\"PropertyValueSpecification\",\"valueRequired\":true,\"valueName\":\"search_term_string\"}}],\"inLanguage\":\"fr-FR\"},{\"@type\":\"Organization\",\"@id\":\"https:\/\/www.ericadventures.com\/en\/#organization\",\"name\":\"Eric Adventures\",\"url\":\"https:\/\/www.ericadventures.com\/en\/\",\"logo\":{\"@type\":\"ImageObject\",\"inLanguage\":\"fr-FR\",\"@id\":\"https:\/\/www.ericadventures.com\/en\/#\/schema\/logo\/image\/\",\"url\":\"https:\/\/www.ericadventures.com\/wp-content\/uploads\/logo-ericadventures.png\",\"contentUrl\":\"https:\/\/www.ericadventures.com\/wp-content\/uploads\/logo-ericadventures.png\",\"width\":500,\"height\":106,\"caption\":\"Eric Adventures\"},\"image\":{\"@id\":\"https:\/\/www.ericadventures.com\/en\/#\/schema\/logo\/image\/\"}}]}<\/script>\n<!-- \/ Yoast SEO Premium plugin. -->","yoast_head_json":{"title":"Cusco P\u00e9rou Randonn\u00e9es et Excursions","description":"Quatre jours de randonn\u00e9e jusqu'au Machu Picchu le long du Chemin Inca. Avec une vue impressionnante sur le Machu Picchu depuis Intipunku.","robots":{"index":"index","follow":"follow","max-snippet":"max-snippet:-1","max-image-preview":"max-image-preview:large","max-video-preview":"max-video-preview:-1"},"canonical":"https:\/\/www.ericadventures.com\/en\/cusco\/cusco-peru-trekking\/","og_locale":"fr_FR","og_type":"article","og_title":"Trekking Et Randonn\u00e9e Au Machu Picchu","og_description":"Quatre jours de randonn\u00e9e jusqu'au Machu Picchu le long du Chemin Inca. Avec une vue impressionnante sur le Machu Picchu depuis Intipunku.","og_url":"https:\/\/www.ericadventures.com\/en\/cusco\/cusco-peru-trekking\/","og_site_name":"Eric Adventures","article_modified_time":"2024-03-25T02:09:45+00:00","og_image":[{"width":259,"height":194,"url":"https:\/\/www.ericadventures.com\/wp-content\/uploads\/descarga.jpg","type":"image\/jpeg"}],"twitter_card":"summary_large_image","twitter_misc":{"Dur\u00e9e de lecture estim\u00e9e":"1 minute"},"schema":{"@context":"https:\/\/schema.org","@graph":[{"@type":"WebPage","@id":"https:\/\/www.ericadventures.com\/en\/cusco\/cusco-peru-trekking\/","url":"https:\/\/www.ericadventures.com\/en\/cusco\/cusco-peru-trekking\/","name":"Cusco P\u00e9rou Randonn\u00e9es et Excursions","isPartOf":{"@id":"https:\/\/www.ericadventures.com\/en\/#website"},"primaryImageOfPage":{"@id":"https:\/\/www.ericadventures.com\/en\/cusco\/cusco-peru-trekking\/#primaryimage"},"image":{"@id":"https:\/\/www.ericadventures.com\/en\/cusco\/cusco-peru-trekking\/#primaryimage"},"thumbnailUrl":"https:\/\/www.ericadventures.com\/wp-content\/uploads\/descarga.jpg","datePublished":"2024-03-25T01:57:36+00:00","dateModified":"2024-03-25T02:09:45+00:00","description":"Quatre jours de randonn\u00e9e jusqu'au Machu Picchu le long du Chemin Inca. Avec une vue impressionnante sur le Machu Picchu depuis Intipunku.","breadcrumb":{"@id":"https:\/\/www.ericadventures.com\/en\/cusco\/cusco-peru-trekking\/#breadcrumb"},"inLanguage":"fr-FR","potentialAction":[{"@type":"ReadAction","target":["https:\/\/www.ericadventures.com\/en\/cusco\/cusco-peru-trekking\/"]}]},{"@type":"ImageObject","inLanguage":"fr-FR","@id":"https:\/\/www.ericadventures.com\/en\/cusco\/cusco-peru-trekking\/#primaryimage","url":"https:\/\/www.ericadventures.com\/wp-content\/uploads\/descarga.jpg","contentUrl":"https:\/\/www.ericadventures.com\/wp-content\/uploads\/descarga.jpg","width":259,"height":194,"caption":"Trekking And Hiking Machu Picchu"},{"@type":"BreadcrumbList","@id":"https:\/\/www.ericadventures.com\/en\/cusco\/cusco-peru-trekking\/#breadcrumb","itemListElement":[{"@type":"ListItem","position":1,"name":"Home","item":"https:\/\/www.ericadventures.com\/fr\/"},{"@type":"ListItem","position":2,"name":"Tours in Cusco","item":"https:\/\/www.ericadventures.com\/fr\/cusco\/"},{"@type":"ListItem","position":3,"name":"Trekking Et Randonn\u00e9e Au Machu Picchu"}]},{"@type":"WebSite","@id":"https:\/\/www.ericadventures.com\/en\/#website","url":"https:\/\/www.ericadventures.com\/en\/","name":"Eric Adventures","description":"","publisher":{"@id":"https:\/\/www.ericadventures.com\/en\/#organization"},"alternateName":"Eric Adventures","potentialAction":[{"@type":"SearchAction","target":{"@type":"EntryPoint","urlTemplate":"https:\/\/www.ericadventures.com\/en\/?s={search_term_string}"},"query-input":{"@type":"PropertyValueSpecification","valueRequired":true,"valueName":"search_term_string"}}],"inLanguage":"fr-FR"},{"@type":"Organization","@id":"https:\/\/www.ericadventures.com\/en\/#organization","name":"Eric Adventures","url":"https:\/\/www.ericadventures.com\/en\/","logo":{"@type":"ImageObject","inLanguage":"fr-FR","@id":"https:\/\/www.ericadventures.com\/en\/#\/schema\/logo\/image\/","url":"https:\/\/www.ericadventures.com\/wp-content\/uploads\/logo-ericadventures.png","contentUrl":"https:\/\/www.ericadventures.com\/wp-content\/uploads\/logo-ericadventures.png","width":500,"height":106,"caption":"Eric Adventures"},"image":{"@id":"https:\/\/www.ericadventures.com\/en\/#\/schema\/logo\/image\/"}}]}},"coauthors":[],"author_meta":{"author_link":"https:\/\/www.ericadventures.com\/fr\/author\/joaco\/","display_name":"Joaqu\u00edn Arenas Hermoza"},"relative_dates":{"created":"Publi\u00e9 2 ans il y a","modified":"Mis \u00e0 jour 2 ans il y a"},"absolute_dates":{"created":"Publi\u00e9 le mars 24, 2024","modified":"Mise \u00e0 jour le mars 24, 2024"},"absolute_dates_time":{"created":"Publi\u00e9 le mars 24, 2024 8:57 pm","modified":"Mise \u00e0 jour le mars 24, 2024 9:09 pm"},"featured_img_caption":"","featured_img":"https:\/\/www.ericadventures.com\/wp-content\/uploads\/descarga.jpg","series_order":"","_links":{"self":[{"href":"https:\/\/www.ericadventures.com\/fr\/wp-json\/wp\/v2\/pages\/14935","targetHints":{"allow":["GET"]}}],"collection":[{"href":"https:\/\/www.ericadventures.com\/fr\/wp-json\/wp\/v2\/pages"}],"about":[{"href":"https:\/\/www.ericadventures.com\/fr\/wp-json\/wp\/v2\/types\/page"}],"author":[{"embeddable":true,"href":"https:\/\/www.ericadventures.com\/fr\/wp-json\/wp\/v2\/users\/3"}],"replies":[{"embeddable":true,"href":"https:\/\/www.ericadventures.com\/fr\/wp-json\/wp\/v2\/comments?post=14935"}],"version-history":[{"count":2,"href":"https:\/\/www.ericadventures.com\/fr\/wp-json\/wp\/v2\/pages\/14935\/revisions"}],"predecessor-version":[{"id":14945,"href":"https:\/\/www.ericadventures.com\/fr\/wp-json\/wp\/v2\/pages\/14935\/revisions\/14945"}],"up":[{"embeddable":true,"href":"https:\/\/www.ericadventures.com\/fr\/wp-json\/wp\/v2\/pages\/1098"}],"wp:featuredmedia":[{"embeddable":true,"href":"https:\/\/www.ericadventures.com\/fr\/wp-json\/wp\/v2\/media\/14930"}],"wp:attachment":[{"href":"https:\/\/www.ericadventures.com\/fr\/wp-json\/wp\/v2\/media?parent=14935"}],"curies":[{"name":"wp","href":"https:\/\/api.w.org\/{rel}","templated":true}]}}