{"id":1634,"date":"2023-10-16T15:57:30","date_gmt":"2023-10-16T20:57:30","guid":{"rendered":"https:\/\/www.ericadventures.com\/car-rental-cusco\/"},"modified":"2023-11-11T23:18:58","modified_gmt":"2023-11-12T04:18:58","slug":"locations-voitures-cusco","status":"publish","type":"page","link":"https:\/\/www.ericadventures.com\/fr\/locations-voitures-cusco\/","title":{"rendered":"Locations De Voitures"},"content":{"rendered":"\n<p><strong>Eric Adventures<\/strong>&nbsp;s\u2019occupe de location de voitures et v\u00e9hicules 4&#215;4 en tout le Perou depuis le 1993.<\/p>\n\n\n\n<p>Selon votre demande, nous vous offrons la possibilit\u00e9 de louer les voitures suivantes (tous les prix sont en dollars am\u00e9ricains):<\/p>\n\n\n\n<p><a href=\"https:\/\/www.ericadventures.com\/francais\/cusco-perou-locations\/locations-voitures-cusco.html#\">Remarque<\/a> Nos prix peuvent varier en fonction de la disponibilit\u00e9 et de la saison.<\/p>\n\n\n <div class=\"grid grid-cols-1 sm:grid-cols-2 md:grid-cols-3 xl:grid-cols-3 gap-5 xl:gap-8\">\n\n\t\t\t\t\t\t<div class=\"rent\">\n                        \t<h2>Toyota Yaris<\/h2>\n\t\t\t\t\t\t\t<div class=\"overflow-hidden\"><img decoding=\"async\" width=\"500\" height=\"286\" src=\"https:\/\/www.ericadventures.com\/wp-content\/uploads\/toyota-yaris-4-doors.jpg\" class=\"h-auto xl:h-40 mx-auto transform duration-200 hover:scale-110 z-10 cursor-pointer wp-post-image\" alt=\"toyota-yaris-4-doors\" loading=\"lazy\" srcset=\"https:\/\/www.ericadventures.com\/wp-content\/uploads\/toyota-yaris-4-doors.jpg 500w, https:\/\/www.ericadventures.com\/wp-content\/uploads\/toyota-yaris-4-doors-300x172.jpg 300w\" sizes=\"auto, (max-width: 500px) 100vw, 500px\" \/><\/div><span class=\"block text-gray-800 my-1 uppercase font-bold text-center\">US$ 75 - Par Jour <\/span><a href=\"https:\/\/www.ericadventures.com\/fr\/locations-voitures-cusco\/toyota-yaris\/\" class=\"table mx-auto bg-zinc-600 text-white px-4 hover:text-eric2 mt-1 py-1.5 font-bold rounded text-xs\">PLUS DE D\u00c9TAILS<\/a>\n                        \n                    \t<\/div>\n\t\t\t\t\t\n\n\t\t\t\t\t\t<div class=\"rent\">\n                        \t<h2>Suzuki Vitara<\/h2>\n\t\t\t\t\t\t\t<div class=\"overflow-hidden\"><img decoding=\"async\" width=\"512\" height=\"262\" src=\"https:\/\/www.ericadventures.com\/wp-content\/uploads\/suzuki-grand-vitara.jpg\" class=\"h-auto xl:h-40 mx-auto transform duration-200 hover:scale-110 z-10 cursor-pointer wp-post-image\" alt=\"suzuki-grand-vitara\" loading=\"lazy\" srcset=\"https:\/\/www.ericadventures.com\/wp-content\/uploads\/suzuki-grand-vitara.jpg 512w, https:\/\/www.ericadventures.com\/wp-content\/uploads\/suzuki-grand-vitara-300x154.jpg 300w\" sizes=\"auto, (max-width: 512px) 100vw, 512px\" \/><\/div><span class=\"block text-gray-800 my-1 uppercase font-bold text-center\">US$ 125 - Par Jour <\/span><a href=\"https:\/\/www.ericadventures.com\/fr\/locations-voitures-cusco\/suzuki-vitara\/\" class=\"table mx-auto bg-zinc-600 text-white px-4 hover:text-eric2 mt-1 py-1.5 font-bold rounded text-xs\">PLUS DE D\u00c9TAILS<\/a>\n                        \n                    \t<\/div>\n\t\t\t\t\t\n\n\t\t\t\t\t\t<div class=\"rent\">\n                        \t<h2>Honda Crv<\/h2>\n\t\t\t\t\t\t\t<div class=\"overflow-hidden\"><img decoding=\"async\" width=\"681\" height=\"332\" src=\"https:\/\/www.ericadventures.com\/wp-content\/uploads\/honda-crv.jpg\" class=\"h-auto xl:h-40 mx-auto transform duration-200 hover:scale-110 z-10 cursor-pointer wp-post-image\" alt=\"honda-crv\" loading=\"lazy\" srcset=\"https:\/\/www.ericadventures.com\/wp-content\/uploads\/honda-crv.jpg 681w, https:\/\/www.ericadventures.com\/wp-content\/uploads\/honda-crv-300x146.jpg 300w\" sizes=\"auto, (max-width: 681px) 100vw, 681px\" \/><\/div><span class=\"block text-gray-800 my-1 uppercase font-bold text-center\">US$ 125 - Par Jour <\/span><a href=\"https:\/\/www.ericadventures.com\/fr\/locations-voitures-cusco\/honda-cvr\/\" class=\"table mx-auto bg-zinc-600 text-white px-4 hover:text-eric2 mt-1 py-1.5 font-bold rounded text-xs\">PLUS DE D\u00c9TAILS<\/a>\n                        \n                    \t<\/div>\n\t\t\t\t\t\n\n\t\t\t\t\t\t<div class=\"rent\">\n                        \t<h2>Toyota Land Cruiser<\/h2>\n\t\t\t\t\t\t\t<div class=\"overflow-hidden\"><img decoding=\"async\" width=\"771\" height=\"455\" src=\"https:\/\/www.ericadventures.com\/wp-content\/uploads\/toyota-land-cruiser-prado.jpg\" class=\"h-auto xl:h-40 mx-auto transform duration-200 hover:scale-110 z-10 cursor-pointer wp-post-image\" alt=\"toyota-land-cruiser-prado\" loading=\"lazy\" srcset=\"https:\/\/www.ericadventures.com\/wp-content\/uploads\/toyota-land-cruiser-prado.jpg 771w, https:\/\/www.ericadventures.com\/wp-content\/uploads\/toyota-land-cruiser-prado-300x177.jpg 300w, https:\/\/www.ericadventures.com\/wp-content\/uploads\/toyota-land-cruiser-prado-768x453.jpg 768w\" sizes=\"auto, (max-width: 771px) 100vw, 771px\" \/><\/div><span class=\"block text-gray-800 my-1 uppercase font-bold text-center\">US$ 135 - Par Jour <\/span><a href=\"https:\/\/www.ericadventures.com\/fr\/locations-voitures-cusco\/toyota-landcruiser\/\" class=\"table mx-auto bg-zinc-600 text-white px-4 hover:text-eric2 mt-1 py-1.5 font-bold rounded text-xs\">PLUS DE D\u00c9TAILS<\/a>\n                        \n                    \t<\/div>\n\t\t\t\t\t\n\n\t\t\t\t\t\t<div class=\"rent\">\n                        \t<h2>Mitsubishi Montero<\/h2>\n\t\t\t\t\t\t\t<div class=\"overflow-hidden\"><img decoding=\"async\" width=\"448\" height=\"307\" src=\"https:\/\/www.ericadventures.com\/wp-content\/uploads\/mitsubishi-montero.jpg\" class=\"h-auto xl:h-40 mx-auto transform duration-200 hover:scale-110 z-10 cursor-pointer wp-post-image\" alt=\"mitsubishi-montero\" loading=\"lazy\" srcset=\"https:\/\/www.ericadventures.com\/wp-content\/uploads\/mitsubishi-montero.jpg 448w, https:\/\/www.ericadventures.com\/wp-content\/uploads\/mitsubishi-montero-300x206.jpg 300w\" sizes=\"auto, (max-width: 448px) 100vw, 448px\" \/><\/div><span class=\"block text-gray-800 my-1 uppercase font-bold text-center\">US$ 135 - Par Jour <\/span><a href=\"https:\/\/www.ericadventures.com\/fr\/locations-voitures-cusco\/mitsubishi-montero\/\" class=\"table mx-auto bg-zinc-600 text-white px-4 hover:text-eric2 mt-1 py-1.5 font-bold rounded text-xs\">PLUS DE D\u00c9TAILS<\/a>\n                        \n                    \t<\/div>\n\t\t\t\t\t\n\n\t\t\t\t\t\t<div class=\"rent\">\n                        \t<h2>Toyota Fortuner<\/h2>\n\t\t\t\t\t\t\t<div class=\"overflow-hidden\"><img decoding=\"async\" width=\"819\" height=\"483\" src=\"https:\/\/www.ericadventures.com\/wp-content\/uploads\/toyota-fortuner2.jpg\" class=\"h-auto xl:h-40 mx-auto transform duration-200 hover:scale-110 z-10 cursor-pointer wp-post-image\" alt=\"toyota-fortuner2\" loading=\"lazy\" srcset=\"https:\/\/www.ericadventures.com\/wp-content\/uploads\/toyota-fortuner2.jpg 819w, https:\/\/www.ericadventures.com\/wp-content\/uploads\/toyota-fortuner2-300x177.jpg 300w, https:\/\/www.ericadventures.com\/wp-content\/uploads\/toyota-fortuner2-768x453.jpg 768w\" sizes=\"auto, (max-width: 819px) 100vw, 819px\" \/><\/div><span class=\"block text-gray-800 my-1 uppercase font-bold text-center\">US$ 135 - Par Jour <\/span><a href=\"https:\/\/www.ericadventures.com\/fr\/locations-voitures-cusco\/toyota-fortuner\/\" class=\"table mx-auto bg-zinc-600 text-white px-4 hover:text-eric2 mt-1 py-1.5 font-bold rounded text-xs\">PLUS DE D\u00c9TAILS<\/a>\n                        \n                    \t<\/div>\n\t\t\t\t\t\n\n\t\t\t\t\t\t<div class=\"rent\">\n                        \t<h2>Toyota Hilux<\/h2>\n\t\t\t\t\t\t\t<div class=\"overflow-hidden\"><img decoding=\"async\" width=\"890\" height=\"578\" src=\"https:\/\/www.ericadventures.com\/wp-content\/uploads\/toyota-hylux.jpg\" class=\"h-auto xl:h-40 mx-auto transform duration-200 hover:scale-110 z-10 cursor-pointer wp-post-image\" alt=\"toyota-hylux\" loading=\"lazy\" srcset=\"https:\/\/www.ericadventures.com\/wp-content\/uploads\/toyota-hylux.jpg 890w, https:\/\/www.ericadventures.com\/wp-content\/uploads\/toyota-hylux-300x195.jpg 300w, https:\/\/www.ericadventures.com\/wp-content\/uploads\/toyota-hylux-768x499.jpg 768w\" sizes=\"auto, (max-width: 890px) 100vw, 890px\" \/><\/div><span class=\"block text-gray-800 my-1 uppercase font-bold text-center\">US$ 125 - Par Jour <\/span><a href=\"https:\/\/www.ericadventures.com\/fr\/locations-voitures-cusco\/toyota-hilux\/\" class=\"table mx-auto bg-zinc-600 text-white px-4 hover:text-eric2 mt-1 py-1.5 font-bold rounded text-xs\">PLUS DE D\u00c9TAILS<\/a>\n                        \n                    \t<\/div>\n\t\t\t\t\t\n\n\t\t\t\t\t\t<div class=\"rent\">\n                        \t<h2>Mitsubishi L200<\/h2>\n\t\t\t\t\t\t\t<div class=\"overflow-hidden\"><img decoding=\"async\" width=\"943\" height=\"511\" src=\"https:\/\/www.ericadventures.com\/wp-content\/uploads\/mitsubishi-l200.jpg\" class=\"h-auto xl:h-40 mx-auto transform duration-200 hover:scale-110 z-10 cursor-pointer wp-post-image\" alt=\"mitsubishi-l200\" loading=\"lazy\" srcset=\"https:\/\/www.ericadventures.com\/wp-content\/uploads\/mitsubishi-l200.jpg 943w, https:\/\/www.ericadventures.com\/wp-content\/uploads\/mitsubishi-l200-300x163.jpg 300w, https:\/\/www.ericadventures.com\/wp-content\/uploads\/mitsubishi-l200-768x416.jpg 768w\" sizes=\"auto, (max-width: 943px) 100vw, 943px\" \/><\/div><span class=\"block text-gray-800 my-1 uppercase font-bold text-center\">US$ 125 - Par Jour <\/span><a href=\"https:\/\/www.ericadventures.com\/fr\/locations-voitures-cusco\/mitsubishi-l\/\" class=\"table mx-auto bg-zinc-600 text-white px-4 hover:text-eric2 mt-1 py-1.5 font-bold rounded text-xs\">PLUS DE D\u00c9TAILS<\/a>\n                        \n                    \t<\/div>\n\t\t\t\t\t\n\n\t\t\t\t\t\t<div class=\"rent\">\n                        \t<h2>Van Hyundai H1 8 Passengers<\/h2>\n\t\t\t\t\t\t\t<div class=\"overflow-hidden\"><img decoding=\"async\" width=\"649\" height=\"393\" src=\"https:\/\/www.ericadventures.com\/wp-content\/uploads\/van-hyundai-12-passenger.jpg\" class=\"h-auto xl:h-40 mx-auto transform duration-200 hover:scale-110 z-10 cursor-pointer wp-post-image\" alt=\"van-hyundai-12-passenger\" loading=\"lazy\" srcset=\"https:\/\/www.ericadventures.com\/wp-content\/uploads\/van-hyundai-12-passenger.jpg 649w, https:\/\/www.ericadventures.com\/wp-content\/uploads\/van-hyundai-12-passenger-300x182.jpg 300w\" sizes=\"auto, (max-width: 649px) 100vw, 649px\" \/><\/div><span class=\"block text-gray-800 my-1 uppercase font-bold text-center\">US$ 145 - Par Jour <\/span><a href=\"https:\/\/www.ericadventures.com\/fr\/locations-voitures-cusco\/van-hyundai-h1\/\" class=\"table mx-auto bg-zinc-600 text-white px-4 hover:text-eric2 mt-1 py-1.5 font-bold rounded text-xs\">PLUS DE D\u00c9TAILS<\/a>\n                        \n                    \t<\/div>\n\t\t\t\t\t<\/div> <div class=\"clear-both\"> <\/div>\n","protected":false},"excerpt":{"rendered":"<p>Eric Adventures&nbsp;s\u2019occupe de location de voitures et v\u00e9hicules 4&#215;4 en tout le Perou depuis le 1993. Selon votre demande, nous [&hellip;]<\/p>\n","protected":false},"author":1,"featured_media":23148,"parent":0,"menu_order":0,"comment_status":"closed","ping_status":"closed","template":"","meta":{"_acf_changed":false,"advgb_blocks_editor_width":"","advgb_blocks_columns_visual_guide":"","footnotes":""},"class_list":["post-1634","page","type-page","status-publish","has-post-thumbnail","hentry"],"acf":[],"yoast_head":"<!-- This site is optimized with the Yoast SEO Premium plugin v25.4 (Yoast SEO v26.9) - https:\/\/yoast.com\/product\/yoast-seo-premium-wordpress\/ -->\n<title>Location de 4x4 et Voitures Perou | Location de 4x4 Cusco<\/title>\n<meta name=\"description\" content=\"Location de 4x4 et Voitures Perou Location de voitures Perou, v\u00e9hicule de location Cusco, 4x4 Location Peru, Cusco Location de voiture, location 4x4 Cusco, Cusco 4WD, Louer un Van Cusco, Louer un ramassage Cusco.\" \/>\n<meta name=\"robots\" content=\"index, follow, max-snippet:-1, max-image-preview:large, max-video-preview:-1\" \/>\n<link rel=\"canonical\" href=\"https:\/\/www.ericadventures.com\/en\/car-rental-cusco\/\" \/>\n<meta property=\"og:locale\" content=\"fr_FR\" \/>\n<meta property=\"og:type\" content=\"article\" \/>\n<meta property=\"og:title\" content=\"Locations De Voitures\" \/>\n<meta property=\"og:description\" content=\"Location de 4x4 et Voitures Perou Location de voitures Perou, v\u00e9hicule de location Cusco, 4x4 Location Peru, Cusco Location de voiture, location 4x4 Cusco, Cusco 4WD, Louer un Van Cusco, Louer un ramassage Cusco.\" \/>\n<meta property=\"og:url\" content=\"https:\/\/www.ericadventures.com\/en\/car-rental-cusco\/\" \/>\n<meta property=\"og:site_name\" content=\"Eric Adventures\" \/>\n<meta property=\"article:modified_time\" content=\"2023-11-12T04:18:58+00:00\" \/>\n<meta property=\"og:image\" content=\"https:\/\/www.ericadventures.com\/wp-content\/uploads\/alquiler-de-autos-para-turismo.jpg\" \/>\n\t<meta property=\"og:image:width\" content=\"571\" \/>\n\t<meta property=\"og:image:height\" content=\"428\" \/>\n\t<meta property=\"og:image:type\" content=\"image\/jpeg\" \/>\n<meta name=\"twitter:card\" content=\"summary_large_image\" \/>\n<meta name=\"twitter:label1\" content=\"Dur\u00e9e de lecture estim\u00e9e\" \/>\n\t<meta name=\"twitter:data1\" content=\"1 minute\" \/>\n<script type=\"application\/ld+json\" class=\"yoast-schema-graph\">{\"@context\":\"https:\/\/schema.org\",\"@graph\":[{\"@type\":\"WebPage\",\"@id\":\"https:\/\/www.ericadventures.com\/en\/car-rental-cusco\/\",\"url\":\"https:\/\/www.ericadventures.com\/en\/car-rental-cusco\/\",\"name\":\"Location de 4x4 et Voitures Perou | Location de 4x4 Cusco\",\"isPartOf\":{\"@id\":\"https:\/\/www.ericadventures.com\/en\/#website\"},\"primaryImageOfPage\":{\"@id\":\"https:\/\/www.ericadventures.com\/en\/car-rental-cusco\/#primaryimage\"},\"image\":{\"@id\":\"https:\/\/www.ericadventures.com\/en\/car-rental-cusco\/#primaryimage\"},\"thumbnailUrl\":\"https:\/\/www.ericadventures.com\/wp-content\/uploads\/alquiler-de-autos-para-turismo.jpg\",\"datePublished\":\"2023-10-16T20:57:30+00:00\",\"dateModified\":\"2023-11-12T04:18:58+00:00\",\"description\":\"Location de 4x4 et Voitures Perou Location de voitures Perou, v\u00e9hicule de location Cusco, 4x4 Location Peru, Cusco Location de voiture, location 4x4 Cusco, Cusco 4WD, Louer un Van Cusco, Louer un ramassage Cusco.\",\"breadcrumb\":{\"@id\":\"https:\/\/www.ericadventures.com\/en\/car-rental-cusco\/#breadcrumb\"},\"inLanguage\":\"fr-FR\",\"potentialAction\":[{\"@type\":\"ReadAction\",\"target\":[\"https:\/\/www.ericadventures.com\/en\/car-rental-cusco\/\"]}]},{\"@type\":\"ImageObject\",\"inLanguage\":\"fr-FR\",\"@id\":\"https:\/\/www.ericadventures.com\/en\/car-rental-cusco\/#primaryimage\",\"url\":\"https:\/\/www.ericadventures.com\/wp-content\/uploads\/alquiler-de-autos-para-turismo.jpg\",\"contentUrl\":\"https:\/\/www.ericadventures.com\/wp-content\/uploads\/alquiler-de-autos-para-turismo.jpg\",\"width\":571,\"height\":428,\"caption\":\"Alquiler De Veh\u00edculos Y 4x4 Cusco\"},{\"@type\":\"BreadcrumbList\",\"@id\":\"https:\/\/www.ericadventures.com\/en\/car-rental-cusco\/#breadcrumb\",\"itemListElement\":[{\"@type\":\"ListItem\",\"position\":1,\"name\":\"Home\",\"item\":\"https:\/\/www.ericadventures.com\/fr\/\"},{\"@type\":\"ListItem\",\"position\":2,\"name\":\"Locations De Voitures\"}]},{\"@type\":\"WebSite\",\"@id\":\"https:\/\/www.ericadventures.com\/en\/#website\",\"url\":\"https:\/\/www.ericadventures.com\/en\/\",\"name\":\"Eric Adventures\",\"description\":\"\",\"publisher\":{\"@id\":\"https:\/\/www.ericadventures.com\/en\/#organization\"},\"alternateName\":\"Eric Adventures\",\"potentialAction\":[{\"@type\":\"SearchAction\",\"target\":{\"@type\":\"EntryPoint\",\"urlTemplate\":\"https:\/\/www.ericadventures.com\/en\/?s={search_term_string}\"},\"query-input\":{\"@type\":\"PropertyValueSpecification\",\"valueRequired\":true,\"valueName\":\"search_term_string\"}}],\"inLanguage\":\"fr-FR\"},{\"@type\":\"Organization\",\"@id\":\"https:\/\/www.ericadventures.com\/en\/#organization\",\"name\":\"Eric Adventures\",\"url\":\"https:\/\/www.ericadventures.com\/en\/\",\"logo\":{\"@type\":\"ImageObject\",\"inLanguage\":\"fr-FR\",\"@id\":\"https:\/\/www.ericadventures.com\/en\/#\/schema\/logo\/image\/\",\"url\":\"https:\/\/www.ericadventures.com\/wp-content\/uploads\/logo-ericadventures.png\",\"contentUrl\":\"https:\/\/www.ericadventures.com\/wp-content\/uploads\/logo-ericadventures.png\",\"width\":500,\"height\":106,\"caption\":\"Eric Adventures\"},\"image\":{\"@id\":\"https:\/\/www.ericadventures.com\/en\/#\/schema\/logo\/image\/\"}}]}<\/script>\n<!-- \/ Yoast SEO Premium plugin. -->","yoast_head_json":{"title":"Location de 4x4 et Voitures Perou | Location de 4x4 Cusco","description":"Location de 4x4 et Voitures Perou Location de voitures Perou, v\u00e9hicule de location Cusco, 4x4 Location Peru, Cusco Location de voiture, location 4x4 Cusco, Cusco 4WD, Louer un Van Cusco, Louer un ramassage Cusco.","robots":{"index":"index","follow":"follow","max-snippet":"max-snippet:-1","max-image-preview":"max-image-preview:large","max-video-preview":"max-video-preview:-1"},"canonical":"https:\/\/www.ericadventures.com\/en\/car-rental-cusco\/","og_locale":"fr_FR","og_type":"article","og_title":"Locations De Voitures","og_description":"Location de 4x4 et Voitures Perou Location de voitures Perou, v\u00e9hicule de location Cusco, 4x4 Location Peru, Cusco Location de voiture, location 4x4 Cusco, Cusco 4WD, Louer un Van Cusco, Louer un ramassage Cusco.","og_url":"https:\/\/www.ericadventures.com\/en\/car-rental-cusco\/","og_site_name":"Eric Adventures","article_modified_time":"2023-11-12T04:18:58+00:00","og_image":[{"width":571,"height":428,"url":"https:\/\/www.ericadventures.com\/wp-content\/uploads\/alquiler-de-autos-para-turismo.jpg","type":"image\/jpeg"}],"twitter_card":"summary_large_image","twitter_misc":{"Dur\u00e9e de lecture estim\u00e9e":"1 minute"},"schema":{"@context":"https:\/\/schema.org","@graph":[{"@type":"WebPage","@id":"https:\/\/www.ericadventures.com\/en\/car-rental-cusco\/","url":"https:\/\/www.ericadventures.com\/en\/car-rental-cusco\/","name":"Location de 4x4 et Voitures Perou | Location de 4x4 Cusco","isPartOf":{"@id":"https:\/\/www.ericadventures.com\/en\/#website"},"primaryImageOfPage":{"@id":"https:\/\/www.ericadventures.com\/en\/car-rental-cusco\/#primaryimage"},"image":{"@id":"https:\/\/www.ericadventures.com\/en\/car-rental-cusco\/#primaryimage"},"thumbnailUrl":"https:\/\/www.ericadventures.com\/wp-content\/uploads\/alquiler-de-autos-para-turismo.jpg","datePublished":"2023-10-16T20:57:30+00:00","dateModified":"2023-11-12T04:18:58+00:00","description":"Location de 4x4 et Voitures Perou Location de voitures Perou, v\u00e9hicule de location Cusco, 4x4 Location Peru, Cusco Location de voiture, location 4x4 Cusco, Cusco 4WD, Louer un Van Cusco, Louer un ramassage Cusco.","breadcrumb":{"@id":"https:\/\/www.ericadventures.com\/en\/car-rental-cusco\/#breadcrumb"},"inLanguage":"fr-FR","potentialAction":[{"@type":"ReadAction","target":["https:\/\/www.ericadventures.com\/en\/car-rental-cusco\/"]}]},{"@type":"ImageObject","inLanguage":"fr-FR","@id":"https:\/\/www.ericadventures.com\/en\/car-rental-cusco\/#primaryimage","url":"https:\/\/www.ericadventures.com\/wp-content\/uploads\/alquiler-de-autos-para-turismo.jpg","contentUrl":"https:\/\/www.ericadventures.com\/wp-content\/uploads\/alquiler-de-autos-para-turismo.jpg","width":571,"height":428,"caption":"Alquiler De Veh\u00edculos Y 4x4 Cusco"},{"@type":"BreadcrumbList","@id":"https:\/\/www.ericadventures.com\/en\/car-rental-cusco\/#breadcrumb","itemListElement":[{"@type":"ListItem","position":1,"name":"Home","item":"https:\/\/www.ericadventures.com\/fr\/"},{"@type":"ListItem","position":2,"name":"Locations De Voitures"}]},{"@type":"WebSite","@id":"https:\/\/www.ericadventures.com\/en\/#website","url":"https:\/\/www.ericadventures.com\/en\/","name":"Eric Adventures","description":"","publisher":{"@id":"https:\/\/www.ericadventures.com\/en\/#organization"},"alternateName":"Eric Adventures","potentialAction":[{"@type":"SearchAction","target":{"@type":"EntryPoint","urlTemplate":"https:\/\/www.ericadventures.com\/en\/?s={search_term_string}"},"query-input":{"@type":"PropertyValueSpecification","valueRequired":true,"valueName":"search_term_string"}}],"inLanguage":"fr-FR"},{"@type":"Organization","@id":"https:\/\/www.ericadventures.com\/en\/#organization","name":"Eric Adventures","url":"https:\/\/www.ericadventures.com\/en\/","logo":{"@type":"ImageObject","inLanguage":"fr-FR","@id":"https:\/\/www.ericadventures.com\/en\/#\/schema\/logo\/image\/","url":"https:\/\/www.ericadventures.com\/wp-content\/uploads\/logo-ericadventures.png","contentUrl":"https:\/\/www.ericadventures.com\/wp-content\/uploads\/logo-ericadventures.png","width":500,"height":106,"caption":"Eric Adventures"},"image":{"@id":"https:\/\/www.ericadventures.com\/en\/#\/schema\/logo\/image\/"}}]}},"coauthors":[],"author_meta":{"author_link":"https:\/\/www.ericadventures.com\/fr\/author\/ericadmin\/","display_name":"Eric"},"relative_dates":{"created":"Publi\u00e9 3 ans il y a","modified":"Mis \u00e0 jour 2 ans il y a"},"absolute_dates":{"created":"Publi\u00e9 le octobre 16, 2023","modified":"Mise \u00e0 jour le novembre 11, 2023"},"absolute_dates_time":{"created":"Publi\u00e9 le octobre 16, 2023 3:57 pm","modified":"Mise \u00e0 jour le novembre 11, 2023 11:18 pm"},"featured_img_caption":"","featured_img":"https:\/\/www.ericadventures.com\/wp-content\/uploads\/alquiler-de-autos-para-turismo.jpg","series_order":"","_links":{"self":[{"href":"https:\/\/www.ericadventures.com\/fr\/wp-json\/wp\/v2\/pages\/1634","targetHints":{"allow":["GET"]}}],"collection":[{"href":"https:\/\/www.ericadventures.com\/fr\/wp-json\/wp\/v2\/pages"}],"about":[{"href":"https:\/\/www.ericadventures.com\/fr\/wp-json\/wp\/v2\/types\/page"}],"author":[{"embeddable":true,"href":"https:\/\/www.ericadventures.com\/fr\/wp-json\/wp\/v2\/users\/1"}],"replies":[{"embeddable":true,"href":"https:\/\/www.ericadventures.com\/fr\/wp-json\/wp\/v2\/comments?post=1634"}],"version-history":[{"count":2,"href":"https:\/\/www.ericadventures.com\/fr\/wp-json\/wp\/v2\/pages\/1634\/revisions"}],"predecessor-version":[{"id":2255,"href":"https:\/\/www.ericadventures.com\/fr\/wp-json\/wp\/v2\/pages\/1634\/revisions\/2255"}],"wp:featuredmedia":[{"embeddable":true,"href":"https:\/\/www.ericadventures.com\/fr\/wp-json\/wp\/v2\/media\/23148"}],"wp:attachment":[{"href":"https:\/\/www.ericadventures.com\/fr\/wp-json\/wp\/v2\/media?parent=1634"}],"curies":[{"name":"wp","href":"https:\/\/api.w.org\/{rel}","templated":true}]}}