{"id":18044,"date":"2024-04-21T18:56:41","date_gmt":"2024-04-21T23:56:41","guid":{"rendered":"https:\/\/www.ericadventures.com\/forfaits\/forfaits-completes\/peru-puerto-maldonado\/"},"modified":"2024-04-30T19:56:14","modified_gmt":"2024-05-01T00:56:14","slug":"perou-puerto-maldonado","status":"publish","type":"page","link":"https:\/\/www.ericadventures.com\/fr\/forfaits\/perou-puerto-maldonado\/","title":{"rendered":"P\u00e9rou Puerto Maldonado"},"content":{"rendered":"\n<h3 class=\"wp-block-heading\"><\/h3>\n","protected":false},"excerpt":{"rendered":"","protected":false},"author":3,"featured_media":18053,"parent":16100,"menu_order":0,"comment_status":"closed","ping_status":"closed","template":"page-city.php","meta":{"_acf_changed":false,"advgb_blocks_editor_width":"","advgb_blocks_columns_visual_guide":"","footnotes":""},"class_list":["post-18044","page","type-page","status-publish","has-post-thumbnail","hentry"],"acf":[],"yoast_head":"<!-- This site is optimized with the Yoast SEO Premium plugin v25.4 (Yoast SEO v26.9) - https:\/\/yoast.com\/product\/yoast-seo-premium-wordpress\/ -->\n<title>Paquetes De Puerto Maldonado<\/title>\n<meta name=\"description\" content=\"Explorez l&#039;Amazonie \u00e0 Puerto Maldonado ! Aventure, nature et divertissement vous attendent. Ne le manquez pas!\" \/>\n<meta name=\"robots\" content=\"index, follow, max-snippet:-1, max-image-preview:large, max-video-preview:-1\" \/>\n<link rel=\"canonical\" href=\"https:\/\/www.ericadventures.com\/en\/tour-packages\/peru-puerto-maldonado-magical-jungle\/\" \/>\n<meta property=\"og:locale\" content=\"fr_FR\" \/>\n<meta property=\"og:type\" content=\"article\" \/>\n<meta property=\"og:title\" content=\"P\u00e9rou Puerto Maldonado\" \/>\n<meta property=\"og:description\" content=\"Explorez l&#039;Amazonie \u00e0 Puerto Maldonado ! Aventure, nature et divertissement vous attendent. Ne le manquez pas!\" \/>\n<meta property=\"og:url\" content=\"https:\/\/www.ericadventures.com\/en\/tour-packages\/peru-puerto-maldonado-magical-jungle\/\" \/>\n<meta property=\"og:site_name\" content=\"Eric Adventures\" \/>\n<meta property=\"article:modified_time\" content=\"2024-05-01T00:56:14+00:00\" \/>\n<meta property=\"og:image\" content=\"https:\/\/www.ericadventures.com\/wp-content\/uploads\/Sin-titulo.jpg\" \/>\n\t<meta property=\"og:image:width\" content=\"259\" \/>\n\t<meta property=\"og:image:height\" content=\"194\" \/>\n\t<meta property=\"og:image:type\" content=\"image\/jpeg\" \/>\n<meta name=\"twitter:card\" content=\"summary_large_image\" \/>\n<meta name=\"twitter:label1\" content=\"Dur\u00e9e de lecture estim\u00e9e\" \/>\n\t<meta name=\"twitter:data1\" content=\"1 minute\" \/>\n<script type=\"application\/ld+json\" class=\"yoast-schema-graph\">{\"@context\":\"https:\/\/schema.org\",\"@graph\":[{\"@type\":\"WebPage\",\"@id\":\"https:\/\/www.ericadventures.com\/en\/tour-packages\/peru-puerto-maldonado-magical-jungle\/\",\"url\":\"https:\/\/www.ericadventures.com\/en\/tour-packages\/peru-puerto-maldonado-magical-jungle\/\",\"name\":\"Paquetes De Puerto Maldonado\",\"isPartOf\":{\"@id\":\"https:\/\/www.ericadventures.com\/en\/#website\"},\"primaryImageOfPage\":{\"@id\":\"https:\/\/www.ericadventures.com\/en\/tour-packages\/peru-puerto-maldonado-magical-jungle\/#primaryimage\"},\"image\":{\"@id\":\"https:\/\/www.ericadventures.com\/en\/tour-packages\/peru-puerto-maldonado-magical-jungle\/#primaryimage\"},\"thumbnailUrl\":\"https:\/\/www.ericadventures.com\/wp-content\/uploads\/Sin-titulo.jpg\",\"datePublished\":\"2024-04-21T23:56:41+00:00\",\"dateModified\":\"2024-05-01T00:56:14+00:00\",\"description\":\"Explorez l'Amazonie \u00e0 Puerto Maldonado ! Aventure, nature et divertissement vous attendent. Ne le manquez pas!\",\"breadcrumb\":{\"@id\":\"https:\/\/www.ericadventures.com\/en\/tour-packages\/peru-puerto-maldonado-magical-jungle\/#breadcrumb\"},\"inLanguage\":\"fr-FR\",\"potentialAction\":[{\"@type\":\"ReadAction\",\"target\":[\"https:\/\/www.ericadventures.com\/en\/tour-packages\/peru-puerto-maldonado-magical-jungle\/\"]}]},{\"@type\":\"ImageObject\",\"inLanguage\":\"fr-FR\",\"@id\":\"https:\/\/www.ericadventures.com\/en\/tour-packages\/peru-puerto-maldonado-magical-jungle\/#primaryimage\",\"url\":\"https:\/\/www.ericadventures.com\/wp-content\/uploads\/Sin-titulo.jpg\",\"contentUrl\":\"https:\/\/www.ericadventures.com\/wp-content\/uploads\/Sin-titulo.jpg\",\"width\":259,\"height\":194,\"caption\":\"Per\u00fa Puerto Maldonado- Magical Jungle\"},{\"@type\":\"BreadcrumbList\",\"@id\":\"https:\/\/www.ericadventures.com\/en\/tour-packages\/peru-puerto-maldonado-magical-jungle\/#breadcrumb\",\"itemListElement\":[{\"@type\":\"ListItem\",\"position\":1,\"name\":\"Home\",\"item\":\"https:\/\/www.ericadventures.com\/fr\/\"},{\"@type\":\"ListItem\",\"position\":2,\"name\":\"Forfaits\",\"item\":\"https:\/\/www.ericadventures.com\/fr\/forfaits\/\"},{\"@type\":\"ListItem\",\"position\":3,\"name\":\"P\u00e9rou Puerto Maldonado\"}]},{\"@type\":\"WebSite\",\"@id\":\"https:\/\/www.ericadventures.com\/en\/#website\",\"url\":\"https:\/\/www.ericadventures.com\/en\/\",\"name\":\"Eric Adventures\",\"description\":\"\",\"publisher\":{\"@id\":\"https:\/\/www.ericadventures.com\/en\/#organization\"},\"alternateName\":\"Eric Adventures\",\"potentialAction\":[{\"@type\":\"SearchAction\",\"target\":{\"@type\":\"EntryPoint\",\"urlTemplate\":\"https:\/\/www.ericadventures.com\/en\/?s={search_term_string}\"},\"query-input\":{\"@type\":\"PropertyValueSpecification\",\"valueRequired\":true,\"valueName\":\"search_term_string\"}}],\"inLanguage\":\"fr-FR\"},{\"@type\":\"Organization\",\"@id\":\"https:\/\/www.ericadventures.com\/en\/#organization\",\"name\":\"Eric Adventures\",\"url\":\"https:\/\/www.ericadventures.com\/en\/\",\"logo\":{\"@type\":\"ImageObject\",\"inLanguage\":\"fr-FR\",\"@id\":\"https:\/\/www.ericadventures.com\/en\/#\/schema\/logo\/image\/\",\"url\":\"https:\/\/www.ericadventures.com\/wp-content\/uploads\/logo-ericadventures.png\",\"contentUrl\":\"https:\/\/www.ericadventures.com\/wp-content\/uploads\/logo-ericadventures.png\",\"width\":500,\"height\":106,\"caption\":\"Eric Adventures\"},\"image\":{\"@id\":\"https:\/\/www.ericadventures.com\/en\/#\/schema\/logo\/image\/\"}}]}<\/script>\n<!-- \/ Yoast SEO Premium plugin. -->","yoast_head_json":{"title":"Paquetes De Puerto Maldonado","description":"Explorez l'Amazonie \u00e0 Puerto Maldonado ! Aventure, nature et divertissement vous attendent. Ne le manquez pas!","robots":{"index":"index","follow":"follow","max-snippet":"max-snippet:-1","max-image-preview":"max-image-preview:large","max-video-preview":"max-video-preview:-1"},"canonical":"https:\/\/www.ericadventures.com\/en\/tour-packages\/peru-puerto-maldonado-magical-jungle\/","og_locale":"fr_FR","og_type":"article","og_title":"P\u00e9rou Puerto Maldonado","og_description":"Explorez l'Amazonie \u00e0 Puerto Maldonado ! Aventure, nature et divertissement vous attendent. Ne le manquez pas!","og_url":"https:\/\/www.ericadventures.com\/en\/tour-packages\/peru-puerto-maldonado-magical-jungle\/","og_site_name":"Eric Adventures","article_modified_time":"2024-05-01T00:56:14+00:00","og_image":[{"width":259,"height":194,"url":"https:\/\/www.ericadventures.com\/wp-content\/uploads\/Sin-titulo.jpg","type":"image\/jpeg"}],"twitter_card":"summary_large_image","twitter_misc":{"Dur\u00e9e de lecture estim\u00e9e":"1 minute"},"schema":{"@context":"https:\/\/schema.org","@graph":[{"@type":"WebPage","@id":"https:\/\/www.ericadventures.com\/en\/tour-packages\/peru-puerto-maldonado-magical-jungle\/","url":"https:\/\/www.ericadventures.com\/en\/tour-packages\/peru-puerto-maldonado-magical-jungle\/","name":"Paquetes De Puerto Maldonado","isPartOf":{"@id":"https:\/\/www.ericadventures.com\/en\/#website"},"primaryImageOfPage":{"@id":"https:\/\/www.ericadventures.com\/en\/tour-packages\/peru-puerto-maldonado-magical-jungle\/#primaryimage"},"image":{"@id":"https:\/\/www.ericadventures.com\/en\/tour-packages\/peru-puerto-maldonado-magical-jungle\/#primaryimage"},"thumbnailUrl":"https:\/\/www.ericadventures.com\/wp-content\/uploads\/Sin-titulo.jpg","datePublished":"2024-04-21T23:56:41+00:00","dateModified":"2024-05-01T00:56:14+00:00","description":"Explorez l'Amazonie \u00e0 Puerto Maldonado ! Aventure, nature et divertissement vous attendent. Ne le manquez pas!","breadcrumb":{"@id":"https:\/\/www.ericadventures.com\/en\/tour-packages\/peru-puerto-maldonado-magical-jungle\/#breadcrumb"},"inLanguage":"fr-FR","potentialAction":[{"@type":"ReadAction","target":["https:\/\/www.ericadventures.com\/en\/tour-packages\/peru-puerto-maldonado-magical-jungle\/"]}]},{"@type":"ImageObject","inLanguage":"fr-FR","@id":"https:\/\/www.ericadventures.com\/en\/tour-packages\/peru-puerto-maldonado-magical-jungle\/#primaryimage","url":"https:\/\/www.ericadventures.com\/wp-content\/uploads\/Sin-titulo.jpg","contentUrl":"https:\/\/www.ericadventures.com\/wp-content\/uploads\/Sin-titulo.jpg","width":259,"height":194,"caption":"Per\u00fa Puerto Maldonado- Magical Jungle"},{"@type":"BreadcrumbList","@id":"https:\/\/www.ericadventures.com\/en\/tour-packages\/peru-puerto-maldonado-magical-jungle\/#breadcrumb","itemListElement":[{"@type":"ListItem","position":1,"name":"Home","item":"https:\/\/www.ericadventures.com\/fr\/"},{"@type":"ListItem","position":2,"name":"Forfaits","item":"https:\/\/www.ericadventures.com\/fr\/forfaits\/"},{"@type":"ListItem","position":3,"name":"P\u00e9rou Puerto Maldonado"}]},{"@type":"WebSite","@id":"https:\/\/www.ericadventures.com\/en\/#website","url":"https:\/\/www.ericadventures.com\/en\/","name":"Eric Adventures","description":"","publisher":{"@id":"https:\/\/www.ericadventures.com\/en\/#organization"},"alternateName":"Eric Adventures","potentialAction":[{"@type":"SearchAction","target":{"@type":"EntryPoint","urlTemplate":"https:\/\/www.ericadventures.com\/en\/?s={search_term_string}"},"query-input":{"@type":"PropertyValueSpecification","valueRequired":true,"valueName":"search_term_string"}}],"inLanguage":"fr-FR"},{"@type":"Organization","@id":"https:\/\/www.ericadventures.com\/en\/#organization","name":"Eric Adventures","url":"https:\/\/www.ericadventures.com\/en\/","logo":{"@type":"ImageObject","inLanguage":"fr-FR","@id":"https:\/\/www.ericadventures.com\/en\/#\/schema\/logo\/image\/","url":"https:\/\/www.ericadventures.com\/wp-content\/uploads\/logo-ericadventures.png","contentUrl":"https:\/\/www.ericadventures.com\/wp-content\/uploads\/logo-ericadventures.png","width":500,"height":106,"caption":"Eric Adventures"},"image":{"@id":"https:\/\/www.ericadventures.com\/en\/#\/schema\/logo\/image\/"}}]}},"coauthors":[],"author_meta":{"author_link":"https:\/\/www.ericadventures.com\/fr\/author\/joaco\/","display_name":"Joaqu\u00edn Arenas Hermoza"},"relative_dates":{"created":"Publi\u00e9 2 ans il y a","modified":"Mis \u00e0 jour 2 ans il y a"},"absolute_dates":{"created":"Publi\u00e9 le avril 21, 2024","modified":"Mise \u00e0 jour le avril 30, 2024"},"absolute_dates_time":{"created":"Publi\u00e9 le avril 21, 2024 6:56 pm","modified":"Mise \u00e0 jour le avril 30, 2024 7:56 pm"},"featured_img_caption":"","featured_img":"https:\/\/www.ericadventures.com\/wp-content\/uploads\/Sin-titulo.jpg","series_order":"","_links":{"self":[{"href":"https:\/\/www.ericadventures.com\/fr\/wp-json\/wp\/v2\/pages\/18044","targetHints":{"allow":["GET"]}}],"collection":[{"href":"https:\/\/www.ericadventures.com\/fr\/wp-json\/wp\/v2\/pages"}],"about":[{"href":"https:\/\/www.ericadventures.com\/fr\/wp-json\/wp\/v2\/types\/page"}],"author":[{"embeddable":true,"href":"https:\/\/www.ericadventures.com\/fr\/wp-json\/wp\/v2\/users\/3"}],"replies":[{"embeddable":true,"href":"https:\/\/www.ericadventures.com\/fr\/wp-json\/wp\/v2\/comments?post=18044"}],"version-history":[{"count":2,"href":"https:\/\/www.ericadventures.com\/fr\/wp-json\/wp\/v2\/pages\/18044\/revisions"}],"predecessor-version":[{"id":18057,"href":"https:\/\/www.ericadventures.com\/fr\/wp-json\/wp\/v2\/pages\/18044\/revisions\/18057"}],"up":[{"embeddable":true,"href":"https:\/\/www.ericadventures.com\/fr\/wp-json\/wp\/v2\/pages\/16100"}],"wp:featuredmedia":[{"embeddable":true,"href":"https:\/\/www.ericadventures.com\/fr\/wp-json\/wp\/v2\/media\/18053"}],"wp:attachment":[{"href":"https:\/\/www.ericadventures.com\/fr\/wp-json\/wp\/v2\/media?parent=18044"}],"curies":[{"name":"wp","href":"https:\/\/api.w.org\/{rel}","templated":true}]}}