{"id":19555,"date":"2024-04-30T12:27:59","date_gmt":"2024-04-30T17:27:59","guid":{"rendered":"https:\/\/www.ericadventures.com\/forfaits\/forfaits-completes-2\/tours-aventura-copy\/"},"modified":"2024-04-30T12:34:13","modified_gmt":"2024-04-30T17:34:13","slug":"circuits-aventure","status":"publish","type":"page","link":"https:\/\/www.ericadventures.com\/fr\/forfaits\/circuits-aventure\/","title":{"rendered":"Circuits Aventure"},"content":{"rendered":"\n","protected":false},"excerpt":{"rendered":"","protected":false},"author":3,"featured_media":19519,"parent":16100,"menu_order":0,"comment_status":"closed","ping_status":"closed","template":"page-city.php","meta":{"_acf_changed":false,"advgb_blocks_editor_width":"","advgb_blocks_columns_visual_guide":"","footnotes":""},"class_list":["post-19555","page","type-page","status-publish","has-post-thumbnail","hentry"],"acf":[],"yoast_head":"<!-- This site is optimized with the Yoast SEO Premium plugin v25.4 (Yoast SEO v26.9) - https:\/\/yoast.com\/product\/yoast-seo-premium-wordpress\/ -->\n<title>Circuits aventure \u00e0 Cuzco<\/title>\n<meta name=\"description\" content=\"Vivez l&#039;adr\u00e9naline de l&#039;exploration en vous aventurant dans des territoires inconnus, en suivant l&#039;appel de la nature.\" \/>\n<meta name=\"robots\" content=\"index, follow, max-snippet:-1, max-image-preview:large, max-video-preview:-1\" \/>\n<link rel=\"canonical\" href=\"https:\/\/www.ericadventures.com\/en\/tour-packages\/adventure-tours\/\" \/>\n<meta property=\"og:locale\" content=\"fr_FR\" \/>\n<meta property=\"og:type\" content=\"article\" \/>\n<meta property=\"og:title\" content=\"Circuits Aventure\" \/>\n<meta property=\"og:description\" content=\"Vivez l&#039;adr\u00e9naline de l&#039;exploration en vous aventurant dans des territoires inconnus, en suivant l&#039;appel de la nature.\" \/>\n<meta property=\"og:url\" content=\"https:\/\/www.ericadventures.com\/en\/tour-packages\/adventure-tours\/\" \/>\n<meta property=\"og:site_name\" content=\"Eric Adventures\" \/>\n<meta property=\"article:modified_time\" content=\"2024-04-30T17:34:13+00:00\" \/>\n<meta property=\"og:image\" content=\"https:\/\/www.ericadventures.com\/wp-content\/uploads\/1c711ad271d23dc0586c2f6d1a3e7606.jpg\" \/>\n\t<meta property=\"og:image:width\" content=\"600\" \/>\n\t<meta property=\"og:image:height\" content=\"350\" \/>\n\t<meta property=\"og:image:type\" content=\"image\/jpeg\" \/>\n<meta name=\"twitter:card\" content=\"summary_large_image\" \/>\n<meta name=\"twitter:label1\" content=\"Dur\u00e9e de lecture estim\u00e9e\" \/>\n\t<meta name=\"twitter:data1\" content=\"1 minute\" \/>\n<script type=\"application\/ld+json\" class=\"yoast-schema-graph\">{\"@context\":\"https:\/\/schema.org\",\"@graph\":[{\"@type\":\"WebPage\",\"@id\":\"https:\/\/www.ericadventures.com\/en\/tour-packages\/adventure-tours\/\",\"url\":\"https:\/\/www.ericadventures.com\/en\/tour-packages\/adventure-tours\/\",\"name\":\"Circuits aventure \u00e0 Cuzco\",\"isPartOf\":{\"@id\":\"https:\/\/www.ericadventures.com\/en\/#website\"},\"primaryImageOfPage\":{\"@id\":\"https:\/\/www.ericadventures.com\/en\/tour-packages\/adventure-tours\/#primaryimage\"},\"image\":{\"@id\":\"https:\/\/www.ericadventures.com\/en\/tour-packages\/adventure-tours\/#primaryimage\"},\"thumbnailUrl\":\"https:\/\/www.ericadventures.com\/wp-content\/uploads\/1c711ad271d23dc0586c2f6d1a3e7606.jpg\",\"datePublished\":\"2024-04-30T17:27:59+00:00\",\"dateModified\":\"2024-04-30T17:34:13+00:00\",\"description\":\"Vivez l'adr\u00e9naline de l'exploration en vous aventurant dans des territoires inconnus, en suivant l'appel de la nature.\",\"breadcrumb\":{\"@id\":\"https:\/\/www.ericadventures.com\/en\/tour-packages\/adventure-tours\/#breadcrumb\"},\"inLanguage\":\"fr-FR\",\"potentialAction\":[{\"@type\":\"ReadAction\",\"target\":[\"https:\/\/www.ericadventures.com\/en\/tour-packages\/adventure-tours\/\"]}]},{\"@type\":\"ImageObject\",\"inLanguage\":\"fr-FR\",\"@id\":\"https:\/\/www.ericadventures.com\/en\/tour-packages\/adventure-tours\/#primaryimage\",\"url\":\"https:\/\/www.ericadventures.com\/wp-content\/uploads\/1c711ad271d23dc0586c2f6d1a3e7606.jpg\",\"contentUrl\":\"https:\/\/www.ericadventures.com\/wp-content\/uploads\/1c711ad271d23dc0586c2f6d1a3e7606.jpg\",\"width\":600,\"height\":350,\"caption\":\"Complete Packages\"},{\"@type\":\"BreadcrumbList\",\"@id\":\"https:\/\/www.ericadventures.com\/en\/tour-packages\/adventure-tours\/#breadcrumb\",\"itemListElement\":[{\"@type\":\"ListItem\",\"position\":1,\"name\":\"Home\",\"item\":\"https:\/\/www.ericadventures.com\/fr\/\"},{\"@type\":\"ListItem\",\"position\":2,\"name\":\"Forfaits\",\"item\":\"https:\/\/www.ericadventures.com\/fr\/forfaits\/\"},{\"@type\":\"ListItem\",\"position\":3,\"name\":\"Circuits Aventure\"}]},{\"@type\":\"WebSite\",\"@id\":\"https:\/\/www.ericadventures.com\/en\/#website\",\"url\":\"https:\/\/www.ericadventures.com\/en\/\",\"name\":\"Eric Adventures\",\"description\":\"\",\"publisher\":{\"@id\":\"https:\/\/www.ericadventures.com\/en\/#organization\"},\"alternateName\":\"Eric Adventures\",\"potentialAction\":[{\"@type\":\"SearchAction\",\"target\":{\"@type\":\"EntryPoint\",\"urlTemplate\":\"https:\/\/www.ericadventures.com\/en\/?s={search_term_string}\"},\"query-input\":{\"@type\":\"PropertyValueSpecification\",\"valueRequired\":true,\"valueName\":\"search_term_string\"}}],\"inLanguage\":\"fr-FR\"},{\"@type\":\"Organization\",\"@id\":\"https:\/\/www.ericadventures.com\/en\/#organization\",\"name\":\"Eric Adventures\",\"url\":\"https:\/\/www.ericadventures.com\/en\/\",\"logo\":{\"@type\":\"ImageObject\",\"inLanguage\":\"fr-FR\",\"@id\":\"https:\/\/www.ericadventures.com\/en\/#\/schema\/logo\/image\/\",\"url\":\"https:\/\/www.ericadventures.com\/wp-content\/uploads\/logo-ericadventures.png\",\"contentUrl\":\"https:\/\/www.ericadventures.com\/wp-content\/uploads\/logo-ericadventures.png\",\"width\":500,\"height\":106,\"caption\":\"Eric Adventures\"},\"image\":{\"@id\":\"https:\/\/www.ericadventures.com\/en\/#\/schema\/logo\/image\/\"}}]}<\/script>\n<!-- \/ Yoast SEO Premium plugin. -->","yoast_head_json":{"title":"Circuits aventure \u00e0 Cuzco","description":"Vivez l'adr\u00e9naline de l'exploration en vous aventurant dans des territoires inconnus, en suivant l'appel de la nature.","robots":{"index":"index","follow":"follow","max-snippet":"max-snippet:-1","max-image-preview":"max-image-preview:large","max-video-preview":"max-video-preview:-1"},"canonical":"https:\/\/www.ericadventures.com\/en\/tour-packages\/adventure-tours\/","og_locale":"fr_FR","og_type":"article","og_title":"Circuits Aventure","og_description":"Vivez l'adr\u00e9naline de l'exploration en vous aventurant dans des territoires inconnus, en suivant l'appel de la nature.","og_url":"https:\/\/www.ericadventures.com\/en\/tour-packages\/adventure-tours\/","og_site_name":"Eric Adventures","article_modified_time":"2024-04-30T17:34:13+00:00","og_image":[{"width":600,"height":350,"url":"https:\/\/www.ericadventures.com\/wp-content\/uploads\/1c711ad271d23dc0586c2f6d1a3e7606.jpg","type":"image\/jpeg"}],"twitter_card":"summary_large_image","twitter_misc":{"Dur\u00e9e de lecture estim\u00e9e":"1 minute"},"schema":{"@context":"https:\/\/schema.org","@graph":[{"@type":"WebPage","@id":"https:\/\/www.ericadventures.com\/en\/tour-packages\/adventure-tours\/","url":"https:\/\/www.ericadventures.com\/en\/tour-packages\/adventure-tours\/","name":"Circuits aventure \u00e0 Cuzco","isPartOf":{"@id":"https:\/\/www.ericadventures.com\/en\/#website"},"primaryImageOfPage":{"@id":"https:\/\/www.ericadventures.com\/en\/tour-packages\/adventure-tours\/#primaryimage"},"image":{"@id":"https:\/\/www.ericadventures.com\/en\/tour-packages\/adventure-tours\/#primaryimage"},"thumbnailUrl":"https:\/\/www.ericadventures.com\/wp-content\/uploads\/1c711ad271d23dc0586c2f6d1a3e7606.jpg","datePublished":"2024-04-30T17:27:59+00:00","dateModified":"2024-04-30T17:34:13+00:00","description":"Vivez l'adr\u00e9naline de l'exploration en vous aventurant dans des territoires inconnus, en suivant l'appel de la nature.","breadcrumb":{"@id":"https:\/\/www.ericadventures.com\/en\/tour-packages\/adventure-tours\/#breadcrumb"},"inLanguage":"fr-FR","potentialAction":[{"@type":"ReadAction","target":["https:\/\/www.ericadventures.com\/en\/tour-packages\/adventure-tours\/"]}]},{"@type":"ImageObject","inLanguage":"fr-FR","@id":"https:\/\/www.ericadventures.com\/en\/tour-packages\/adventure-tours\/#primaryimage","url":"https:\/\/www.ericadventures.com\/wp-content\/uploads\/1c711ad271d23dc0586c2f6d1a3e7606.jpg","contentUrl":"https:\/\/www.ericadventures.com\/wp-content\/uploads\/1c711ad271d23dc0586c2f6d1a3e7606.jpg","width":600,"height":350,"caption":"Complete Packages"},{"@type":"BreadcrumbList","@id":"https:\/\/www.ericadventures.com\/en\/tour-packages\/adventure-tours\/#breadcrumb","itemListElement":[{"@type":"ListItem","position":1,"name":"Home","item":"https:\/\/www.ericadventures.com\/fr\/"},{"@type":"ListItem","position":2,"name":"Forfaits","item":"https:\/\/www.ericadventures.com\/fr\/forfaits\/"},{"@type":"ListItem","position":3,"name":"Circuits Aventure"}]},{"@type":"WebSite","@id":"https:\/\/www.ericadventures.com\/en\/#website","url":"https:\/\/www.ericadventures.com\/en\/","name":"Eric Adventures","description":"","publisher":{"@id":"https:\/\/www.ericadventures.com\/en\/#organization"},"alternateName":"Eric Adventures","potentialAction":[{"@type":"SearchAction","target":{"@type":"EntryPoint","urlTemplate":"https:\/\/www.ericadventures.com\/en\/?s={search_term_string}"},"query-input":{"@type":"PropertyValueSpecification","valueRequired":true,"valueName":"search_term_string"}}],"inLanguage":"fr-FR"},{"@type":"Organization","@id":"https:\/\/www.ericadventures.com\/en\/#organization","name":"Eric Adventures","url":"https:\/\/www.ericadventures.com\/en\/","logo":{"@type":"ImageObject","inLanguage":"fr-FR","@id":"https:\/\/www.ericadventures.com\/en\/#\/schema\/logo\/image\/","url":"https:\/\/www.ericadventures.com\/wp-content\/uploads\/logo-ericadventures.png","contentUrl":"https:\/\/www.ericadventures.com\/wp-content\/uploads\/logo-ericadventures.png","width":500,"height":106,"caption":"Eric Adventures"},"image":{"@id":"https:\/\/www.ericadventures.com\/en\/#\/schema\/logo\/image\/"}}]}},"coauthors":[],"author_meta":{"author_link":"https:\/\/www.ericadventures.com\/fr\/author\/joaco\/","display_name":"Joaqu\u00edn Arenas Hermoza"},"relative_dates":{"created":"Publi\u00e9 2 ans il y a","modified":"Mis \u00e0 jour 2 ans il y a"},"absolute_dates":{"created":"Publi\u00e9 le avril 30, 2024","modified":"Mise \u00e0 jour le avril 30, 2024"},"absolute_dates_time":{"created":"Publi\u00e9 le avril 30, 2024 12:27 pm","modified":"Mise \u00e0 jour le avril 30, 2024 12:34 pm"},"featured_img_caption":"","featured_img":"https:\/\/www.ericadventures.com\/wp-content\/uploads\/1c711ad271d23dc0586c2f6d1a3e7606.jpg","series_order":"","_links":{"self":[{"href":"https:\/\/www.ericadventures.com\/fr\/wp-json\/wp\/v2\/pages\/19555","targetHints":{"allow":["GET"]}}],"collection":[{"href":"https:\/\/www.ericadventures.com\/fr\/wp-json\/wp\/v2\/pages"}],"about":[{"href":"https:\/\/www.ericadventures.com\/fr\/wp-json\/wp\/v2\/types\/page"}],"author":[{"embeddable":true,"href":"https:\/\/www.ericadventures.com\/fr\/wp-json\/wp\/v2\/users\/3"}],"replies":[{"embeddable":true,"href":"https:\/\/www.ericadventures.com\/fr\/wp-json\/wp\/v2\/comments?post=19555"}],"version-history":[{"count":2,"href":"https:\/\/www.ericadventures.com\/fr\/wp-json\/wp\/v2\/pages\/19555\/revisions"}],"predecessor-version":[{"id":19563,"href":"https:\/\/www.ericadventures.com\/fr\/wp-json\/wp\/v2\/pages\/19555\/revisions\/19563"}],"up":[{"embeddable":true,"href":"https:\/\/www.ericadventures.com\/fr\/wp-json\/wp\/v2\/pages\/16100"}],"wp:featuredmedia":[{"embeddable":true,"href":"https:\/\/www.ericadventures.com\/fr\/wp-json\/wp\/v2\/media\/19519"}],"wp:attachment":[{"href":"https:\/\/www.ericadventures.com\/fr\/wp-json\/wp\/v2\/media?parent=19555"}],"curies":[{"name":"wp","href":"https:\/\/api.w.org\/{rel}","templated":true}]}}