{"id":19988,"date":"2024-05-02T11:48:35","date_gmt":"2024-05-02T16:48:35","guid":{"rendered":"https:\/\/www.ericadventures.com\/forfaits\/forfaits-completes-2\/tours-aventura-copy-copy\/"},"modified":"2024-05-02T11:55:00","modified_gmt":"2024-05-02T16:55:00","slug":"forfaits-de-4x4-et-moto","status":"publish","type":"page","link":"https:\/\/www.ericadventures.com\/fr\/forfaits\/forfaits-de-4x4-et-moto\/","title":{"rendered":"Forfaits De 4&#215;4 Et Moto"},"content":{"rendered":"\n","protected":false},"excerpt":{"rendered":"","protected":false},"author":3,"featured_media":19984,"parent":16100,"menu_order":0,"comment_status":"closed","ping_status":"closed","template":"page-city.php","meta":{"_acf_changed":false,"advgb_blocks_editor_width":"","advgb_blocks_columns_visual_guide":"","footnotes":""},"class_list":["post-19988","page","type-page","status-publish","has-post-thumbnail","hentry"],"acf":[],"yoast_head":"<!-- This site is optimized with the Yoast SEO Premium plugin v25.4 (Yoast SEO v26.9) - https:\/\/yoast.com\/product\/yoast-seo-premium-wordpress\/ -->\n<title>Forfaits 4x4 et moto<\/title>\n<meta name=\"description\" content=\"Rejoignez notre passionnante aventure en moto \u00e0 Cusco et d\u00e9couvrez la libert\u00e9 d&#039;explorer des paysages \u00e9poustouflants.\" \/>\n<meta name=\"robots\" content=\"index, follow, max-snippet:-1, max-image-preview:large, max-video-preview:-1\" \/>\n<link rel=\"canonical\" href=\"https:\/\/www.ericadventures.com\/en\/?page_id=19987\" \/>\n<meta property=\"og:locale\" content=\"fr_FR\" \/>\n<meta property=\"og:type\" content=\"article\" \/>\n<meta property=\"og:title\" content=\"Forfaits De 4x4 Et Moto\" \/>\n<meta property=\"og:description\" content=\"Rejoignez notre passionnante aventure en moto \u00e0 Cusco et d\u00e9couvrez la libert\u00e9 d&#039;explorer des paysages \u00e9poustouflants.\" \/>\n<meta property=\"og:url\" content=\"https:\/\/www.ericadventures.com\/en\/?page_id=19987\" \/>\n<meta property=\"og:site_name\" content=\"Eric Adventures\" \/>\n<meta property=\"article:modified_time\" content=\"2024-05-02T16:55:00+00:00\" \/>\n<meta property=\"og:image\" content=\"https:\/\/www.ericadventures.com\/wp-content\/uploads\/2017-09-07-13-52-54-1024x731-1.jpg\" \/>\n\t<meta property=\"og:image:width\" content=\"1024\" \/>\n\t<meta property=\"og:image:height\" content=\"731\" \/>\n\t<meta property=\"og:image:type\" content=\"image\/jpeg\" \/>\n<meta name=\"twitter:card\" content=\"summary_large_image\" \/>\n<meta name=\"twitter:label1\" content=\"Dur\u00e9e de lecture estim\u00e9e\" \/>\n\t<meta name=\"twitter:data1\" content=\"1 minute\" \/>\n<script type=\"application\/ld+json\" class=\"yoast-schema-graph\">{\"@context\":\"https:\/\/schema.org\",\"@graph\":[{\"@type\":\"WebPage\",\"@id\":\"https:\/\/www.ericadventures.com\/en\/?page_id=19987\",\"url\":\"https:\/\/www.ericadventures.com\/en\/?page_id=19987\",\"name\":\"Forfaits 4x4 et moto\",\"isPartOf\":{\"@id\":\"https:\/\/www.ericadventures.com\/en\/#website\"},\"primaryImageOfPage\":{\"@id\":\"https:\/\/www.ericadventures.com\/en\/?page_id=19987#primaryimage\"},\"image\":{\"@id\":\"https:\/\/www.ericadventures.com\/en\/?page_id=19987#primaryimage\"},\"thumbnailUrl\":\"https:\/\/www.ericadventures.com\/wp-content\/uploads\/2017-09-07-13-52-54-1024x731-1.jpg\",\"datePublished\":\"2024-05-02T16:48:35+00:00\",\"dateModified\":\"2024-05-02T16:55:00+00:00\",\"description\":\"Rejoignez notre passionnante aventure en moto \u00e0 Cusco et d\u00e9couvrez la libert\u00e9 d'explorer des paysages \u00e9poustouflants.\",\"breadcrumb\":{\"@id\":\"https:\/\/www.ericadventures.com\/en\/?page_id=19987#breadcrumb\"},\"inLanguage\":\"fr-FR\",\"potentialAction\":[{\"@type\":\"ReadAction\",\"target\":[\"https:\/\/www.ericadventures.com\/en\/?page_id=19987\"]}]},{\"@type\":\"ImageObject\",\"inLanguage\":\"fr-FR\",\"@id\":\"https:\/\/www.ericadventures.com\/en\/?page_id=19987#primaryimage\",\"url\":\"https:\/\/www.ericadventures.com\/wp-content\/uploads\/2017-09-07-13-52-54-1024x731-1.jpg\",\"contentUrl\":\"https:\/\/www.ericadventures.com\/wp-content\/uploads\/2017-09-07-13-52-54-1024x731-1.jpg\",\"width\":1024,\"height\":731,\"caption\":\"Paquetes De 4x4 Y Moto\"},{\"@type\":\"BreadcrumbList\",\"@id\":\"https:\/\/www.ericadventures.com\/en\/?page_id=19987#breadcrumb\",\"itemListElement\":[{\"@type\":\"ListItem\",\"position\":1,\"name\":\"Home\",\"item\":\"https:\/\/www.ericadventures.com\/fr\/\"},{\"@type\":\"ListItem\",\"position\":2,\"name\":\"Forfaits\",\"item\":\"https:\/\/www.ericadventures.com\/fr\/forfaits\/\"},{\"@type\":\"ListItem\",\"position\":3,\"name\":\"Forfaits De 4&#215;4 Et Moto\"}]},{\"@type\":\"WebSite\",\"@id\":\"https:\/\/www.ericadventures.com\/en\/#website\",\"url\":\"https:\/\/www.ericadventures.com\/en\/\",\"name\":\"Eric Adventures\",\"description\":\"\",\"publisher\":{\"@id\":\"https:\/\/www.ericadventures.com\/en\/#organization\"},\"alternateName\":\"Eric Adventures\",\"potentialAction\":[{\"@type\":\"SearchAction\",\"target\":{\"@type\":\"EntryPoint\",\"urlTemplate\":\"https:\/\/www.ericadventures.com\/en\/?s={search_term_string}\"},\"query-input\":{\"@type\":\"PropertyValueSpecification\",\"valueRequired\":true,\"valueName\":\"search_term_string\"}}],\"inLanguage\":\"fr-FR\"},{\"@type\":\"Organization\",\"@id\":\"https:\/\/www.ericadventures.com\/en\/#organization\",\"name\":\"Eric Adventures\",\"url\":\"https:\/\/www.ericadventures.com\/en\/\",\"logo\":{\"@type\":\"ImageObject\",\"inLanguage\":\"fr-FR\",\"@id\":\"https:\/\/www.ericadventures.com\/en\/#\/schema\/logo\/image\/\",\"url\":\"https:\/\/www.ericadventures.com\/wp-content\/uploads\/logo-ericadventures.png\",\"contentUrl\":\"https:\/\/www.ericadventures.com\/wp-content\/uploads\/logo-ericadventures.png\",\"width\":500,\"height\":106,\"caption\":\"Eric Adventures\"},\"image\":{\"@id\":\"https:\/\/www.ericadventures.com\/en\/#\/schema\/logo\/image\/\"}}]}<\/script>\n<!-- \/ Yoast SEO Premium plugin. -->","yoast_head_json":{"title":"Forfaits 4x4 et moto","description":"Rejoignez notre passionnante aventure en moto \u00e0 Cusco et d\u00e9couvrez la libert\u00e9 d'explorer des paysages \u00e9poustouflants.","robots":{"index":"index","follow":"follow","max-snippet":"max-snippet:-1","max-image-preview":"max-image-preview:large","max-video-preview":"max-video-preview:-1"},"canonical":"https:\/\/www.ericadventures.com\/en\/?page_id=19987","og_locale":"fr_FR","og_type":"article","og_title":"Forfaits De 4x4 Et Moto","og_description":"Rejoignez notre passionnante aventure en moto \u00e0 Cusco et d\u00e9couvrez la libert\u00e9 d'explorer des paysages \u00e9poustouflants.","og_url":"https:\/\/www.ericadventures.com\/en\/?page_id=19987","og_site_name":"Eric Adventures","article_modified_time":"2024-05-02T16:55:00+00:00","og_image":[{"width":1024,"height":731,"url":"https:\/\/www.ericadventures.com\/wp-content\/uploads\/2017-09-07-13-52-54-1024x731-1.jpg","type":"image\/jpeg"}],"twitter_card":"summary_large_image","twitter_misc":{"Dur\u00e9e de lecture estim\u00e9e":"1 minute"},"schema":{"@context":"https:\/\/schema.org","@graph":[{"@type":"WebPage","@id":"https:\/\/www.ericadventures.com\/en\/?page_id=19987","url":"https:\/\/www.ericadventures.com\/en\/?page_id=19987","name":"Forfaits 4x4 et moto","isPartOf":{"@id":"https:\/\/www.ericadventures.com\/en\/#website"},"primaryImageOfPage":{"@id":"https:\/\/www.ericadventures.com\/en\/?page_id=19987#primaryimage"},"image":{"@id":"https:\/\/www.ericadventures.com\/en\/?page_id=19987#primaryimage"},"thumbnailUrl":"https:\/\/www.ericadventures.com\/wp-content\/uploads\/2017-09-07-13-52-54-1024x731-1.jpg","datePublished":"2024-05-02T16:48:35+00:00","dateModified":"2024-05-02T16:55:00+00:00","description":"Rejoignez notre passionnante aventure en moto \u00e0 Cusco et d\u00e9couvrez la libert\u00e9 d'explorer des paysages \u00e9poustouflants.","breadcrumb":{"@id":"https:\/\/www.ericadventures.com\/en\/?page_id=19987#breadcrumb"},"inLanguage":"fr-FR","potentialAction":[{"@type":"ReadAction","target":["https:\/\/www.ericadventures.com\/en\/?page_id=19987"]}]},{"@type":"ImageObject","inLanguage":"fr-FR","@id":"https:\/\/www.ericadventures.com\/en\/?page_id=19987#primaryimage","url":"https:\/\/www.ericadventures.com\/wp-content\/uploads\/2017-09-07-13-52-54-1024x731-1.jpg","contentUrl":"https:\/\/www.ericadventures.com\/wp-content\/uploads\/2017-09-07-13-52-54-1024x731-1.jpg","width":1024,"height":731,"caption":"Paquetes De 4x4 Y Moto"},{"@type":"BreadcrumbList","@id":"https:\/\/www.ericadventures.com\/en\/?page_id=19987#breadcrumb","itemListElement":[{"@type":"ListItem","position":1,"name":"Home","item":"https:\/\/www.ericadventures.com\/fr\/"},{"@type":"ListItem","position":2,"name":"Forfaits","item":"https:\/\/www.ericadventures.com\/fr\/forfaits\/"},{"@type":"ListItem","position":3,"name":"Forfaits De 4&#215;4 Et Moto"}]},{"@type":"WebSite","@id":"https:\/\/www.ericadventures.com\/en\/#website","url":"https:\/\/www.ericadventures.com\/en\/","name":"Eric Adventures","description":"","publisher":{"@id":"https:\/\/www.ericadventures.com\/en\/#organization"},"alternateName":"Eric Adventures","potentialAction":[{"@type":"SearchAction","target":{"@type":"EntryPoint","urlTemplate":"https:\/\/www.ericadventures.com\/en\/?s={search_term_string}"},"query-input":{"@type":"PropertyValueSpecification","valueRequired":true,"valueName":"search_term_string"}}],"inLanguage":"fr-FR"},{"@type":"Organization","@id":"https:\/\/www.ericadventures.com\/en\/#organization","name":"Eric Adventures","url":"https:\/\/www.ericadventures.com\/en\/","logo":{"@type":"ImageObject","inLanguage":"fr-FR","@id":"https:\/\/www.ericadventures.com\/en\/#\/schema\/logo\/image\/","url":"https:\/\/www.ericadventures.com\/wp-content\/uploads\/logo-ericadventures.png","contentUrl":"https:\/\/www.ericadventures.com\/wp-content\/uploads\/logo-ericadventures.png","width":500,"height":106,"caption":"Eric Adventures"},"image":{"@id":"https:\/\/www.ericadventures.com\/en\/#\/schema\/logo\/image\/"}}]}},"coauthors":[],"author_meta":{"author_link":"https:\/\/www.ericadventures.com\/fr\/author\/joaco\/","display_name":"Joaqu\u00edn Arenas Hermoza"},"relative_dates":{"created":"Publi\u00e9 2 ans il y a","modified":"Mis \u00e0 jour 2 ans il y a"},"absolute_dates":{"created":"Publi\u00e9 le mai 2, 2024","modified":"Mise \u00e0 jour le mai 2, 2024"},"absolute_dates_time":{"created":"Publi\u00e9 le mai 2, 2024 11:48 am","modified":"Mise \u00e0 jour le mai 2, 2024 11:55 am"},"featured_img_caption":"","featured_img":"https:\/\/www.ericadventures.com\/wp-content\/uploads\/2017-09-07-13-52-54-1024x731-1.jpg","series_order":"","_links":{"self":[{"href":"https:\/\/www.ericadventures.com\/fr\/wp-json\/wp\/v2\/pages\/19988","targetHints":{"allow":["GET"]}}],"collection":[{"href":"https:\/\/www.ericadventures.com\/fr\/wp-json\/wp\/v2\/pages"}],"about":[{"href":"https:\/\/www.ericadventures.com\/fr\/wp-json\/wp\/v2\/types\/page"}],"author":[{"embeddable":true,"href":"https:\/\/www.ericadventures.com\/fr\/wp-json\/wp\/v2\/users\/3"}],"replies":[{"embeddable":true,"href":"https:\/\/www.ericadventures.com\/fr\/wp-json\/wp\/v2\/comments?post=19988"}],"version-history":[{"count":2,"href":"https:\/\/www.ericadventures.com\/fr\/wp-json\/wp\/v2\/pages\/19988\/revisions"}],"predecessor-version":[{"id":19998,"href":"https:\/\/www.ericadventures.com\/fr\/wp-json\/wp\/v2\/pages\/19988\/revisions\/19998"}],"up":[{"embeddable":true,"href":"https:\/\/www.ericadventures.com\/fr\/wp-json\/wp\/v2\/pages\/16100"}],"wp:featuredmedia":[{"embeddable":true,"href":"https:\/\/www.ericadventures.com\/fr\/wp-json\/wp\/v2\/media\/19984"}],"wp:attachment":[{"href":"https:\/\/www.ericadventures.com\/fr\/wp-json\/wp\/v2\/media?parent=19988"}],"curies":[{"name":"wp","href":"https:\/\/api.w.org\/{rel}","templated":true}]}}