{"id":22096,"date":"2024-05-18T18:30:37","date_gmt":"2024-05-18T23:30:37","guid":{"rendered":"https:\/\/www.ericadventures.com\/tours-en-argentina-copy\/"},"modified":"2024-05-18T18:38:41","modified_gmt":"2024-05-18T23:38:41","slug":"visities-equateur","status":"publish","type":"page","link":"https:\/\/www.ericadventures.com\/fr\/visities-equateur\/","title":{"rendered":"Visities \u00c9quateur"},"content":{"rendered":"<div class=\"grid grid-cols-1 sm:grid-cols-2 md:grid-cols-3 xl:grid-cols-4 gap-5\">\n\t\t\t\t\t\t\t<div>\n                                <div class=\"border bg-white shadow rounded-md p-1\">\n                                    <a href=\"https:\/\/www.ericadventures.com\/fr\/visities-equateur\/ecuador-galapagos-11jours\/\">\n                                        <div class=\"overflow-hidden\"><img decoding=\"async\" width=\"203\" height=\"100\" src=\"https:\/\/www.ericadventures.com\/wp-content\/uploads\/Captura-47.jpg\" class=\"w-full transform duration-200 hover:scale-110 z-10 rounded-t-md wp-post-image\" alt=\"Ecuador - Galapagos 11 Dias\" loading=\"lazy\" \/><\/div>\n                                    <\/a>\n                                     <a href=\"https:\/\/www.ericadventures.com\/fr\/visities-equateur\/ecuador-galapagos-11jours\/\" class=\"hover:text-eric text-gray-800 hover:no-underline transition-all\" ><h2 class=\"text-center font-nunito uppercase text-sm font-bold my-2 \">11J Ecuador &#8211; Galapagos<\/h2><\/a>\n                                     <hr class=\"mb-1 -mt-1 border-dotted border-b-1 border-gray-600\">\n                                     <div class=\"px-2\"><p>Profitez de cette aventure fascinante en visitant ce pays merveilleux, plein de culture, d&rsquo;histoire, de flore et de faune. Ces [&hellip;]<\/p>\n                                       \n                                     <\/div>\n                                <\/div>\n\n                            <\/div>\n\t\t\t\t\t\n\t\t\t\t\t\t\t<div>\n                                <div class=\"border bg-white shadow rounded-md p-1\">\n                                    <a href=\"https:\/\/www.ericadventures.com\/fr\/visities-equateur\/equateur-galapagos-croisiere-otavalo-quito\/\">\n                                        <div class=\"overflow-hidden\"><img decoding=\"async\" width=\"400\" height=\"200\" src=\"https:\/\/www.ericadventures.com\/wp-content\/uploads\/ecuador-galapagos-islands-cruise-otavalo-quito.jpg\" class=\"w-full transform duration-200 hover:scale-110 z-10 rounded-t-md wp-post-image\" alt=\"Quito, Mercado Indigena Otavalo Y Crucero Galapagos\" loading=\"lazy\" srcset=\"https:\/\/www.ericadventures.com\/wp-content\/uploads\/ecuador-galapagos-islands-cruise-otavalo-quito.jpg 400w, https:\/\/www.ericadventures.com\/wp-content\/uploads\/ecuador-galapagos-islands-cruise-otavalo-quito-300x150.jpg 300w\" sizes=\"auto, (max-width: 400px) 100vw, 400px\" \/><\/div>\n                                    <\/a>\n                                     <a href=\"https:\/\/www.ericadventures.com\/fr\/visities-equateur\/equateur-galapagos-croisiere-otavalo-quito\/\" class=\"hover:text-eric text-gray-800 hover:no-underline transition-all\" ><h2 class=\"text-center font-nunito uppercase text-sm font-bold my-2 \">8J QUITO, MARCH\u00c9 INDIG\u00c8NE D&rsquo;OTAVALO ET CROISI\u00c8RE AUX GALAPAGOS<\/h2><\/a>\n                                     <hr class=\"mb-1 -mt-1 border-dotted border-b-1 border-gray-600\">\n                                     <div class=\"px-2\"><p>Visitez le march\u00e9 indig\u00e8ne d&rsquo;Otavalo, le volcan Cotopaxi, les ruines d&rsquo;Ingapirca, Cuenca et le parc national \u00ab El Cajas \u00bb [&hellip;]<\/p>\n                                       \n                                     <\/div>\n                                <\/div>\n\n                            <\/div>\n\t\t\t\t\t<\/div>\n","protected":false},"excerpt":{"rendered":"","protected":false},"author":3,"featured_media":22092,"parent":0,"menu_order":0,"comment_status":"closed","ping_status":"closed","template":"page-city.php","meta":{"_acf_changed":false,"advgb_blocks_editor_width":"","advgb_blocks_columns_visual_guide":"","footnotes":""},"class_list":["post-22096","page","type-page","status-publish","has-post-thumbnail","hentry"],"acf":[],"yoast_head":"<!-- This site is optimized with the Yoast SEO Premium plugin v25.4 (Yoast SEO v26.9) - https:\/\/yoast.com\/product\/yoast-seo-premium-wordpress\/ -->\n<title>Forfaits en \u00c9quateur<\/title>\n<meta name=\"description\" content=\"Explorez l&#039;\u00c9quateur avec nos forfaits touristiques et d\u00e9couvrez sa diversit\u00e9 naturelle, de la jungle amazonienne aux \u00eeles Galapagos.\" \/>\n<meta name=\"robots\" content=\"index, follow, max-snippet:-1, max-image-preview:large, max-video-preview:-1\" \/>\n<link rel=\"canonical\" href=\"https:\/\/www.ericadventures.com\/en\/tours-en-ecuador\/\" \/>\n<meta property=\"og:locale\" content=\"fr_FR\" \/>\n<meta property=\"og:type\" content=\"article\" \/>\n<meta property=\"og:title\" content=\"Visities \u00c9quateur\" \/>\n<meta property=\"og:description\" content=\"Explorez l&#039;\u00c9quateur avec nos forfaits touristiques et d\u00e9couvrez sa diversit\u00e9 naturelle, de la jungle amazonienne aux \u00eeles Galapagos.\" \/>\n<meta property=\"og:url\" content=\"https:\/\/www.ericadventures.com\/en\/tours-en-ecuador\/\" \/>\n<meta property=\"og:site_name\" content=\"Eric Adventures\" \/>\n<meta property=\"article:modified_time\" content=\"2024-05-18T23:38:41+00:00\" \/>\n<meta property=\"og:image\" content=\"https:\/\/www.ericadventures.com\/wp-content\/uploads\/long_description_25.jpg\" \/>\n\t<meta property=\"og:image:width\" content=\"700\" \/>\n\t<meta property=\"og:image:height\" content=\"420\" \/>\n\t<meta property=\"og:image:type\" content=\"image\/jpeg\" \/>\n<meta name=\"twitter:card\" content=\"summary_large_image\" \/>\n<meta name=\"twitter:label1\" content=\"Dur\u00e9e de lecture estim\u00e9e\" \/>\n\t<meta name=\"twitter:data1\" content=\"1 minute\" \/>\n<script type=\"application\/ld+json\" class=\"yoast-schema-graph\">{\"@context\":\"https:\/\/schema.org\",\"@graph\":[{\"@type\":\"WebPage\",\"@id\":\"https:\/\/www.ericadventures.com\/en\/tours-en-ecuador\/\",\"url\":\"https:\/\/www.ericadventures.com\/en\/tours-en-ecuador\/\",\"name\":\"Forfaits en \u00c9quateur\",\"isPartOf\":{\"@id\":\"https:\/\/www.ericadventures.com\/en\/#website\"},\"primaryImageOfPage\":{\"@id\":\"https:\/\/www.ericadventures.com\/en\/tours-en-ecuador\/#primaryimage\"},\"image\":{\"@id\":\"https:\/\/www.ericadventures.com\/en\/tours-en-ecuador\/#primaryimage\"},\"thumbnailUrl\":\"https:\/\/www.ericadventures.com\/wp-content\/uploads\/long_description_25.jpg\",\"datePublished\":\"2024-05-18T23:30:37+00:00\",\"dateModified\":\"2024-05-18T23:38:41+00:00\",\"description\":\"Explorez l'\u00c9quateur avec nos forfaits touristiques et d\u00e9couvrez sa diversit\u00e9 naturelle, de la jungle amazonienne aux \u00eeles Galapagos.\",\"breadcrumb\":{\"@id\":\"https:\/\/www.ericadventures.com\/en\/tours-en-ecuador\/#breadcrumb\"},\"inLanguage\":\"fr-FR\",\"potentialAction\":[{\"@type\":\"ReadAction\",\"target\":[\"https:\/\/www.ericadventures.com\/en\/tours-en-ecuador\/\"]}]},{\"@type\":\"ImageObject\",\"inLanguage\":\"fr-FR\",\"@id\":\"https:\/\/www.ericadventures.com\/en\/tours-en-ecuador\/#primaryimage\",\"url\":\"https:\/\/www.ericadventures.com\/wp-content\/uploads\/long_description_25.jpg\",\"contentUrl\":\"https:\/\/www.ericadventures.com\/wp-content\/uploads\/long_description_25.jpg\",\"width\":700,\"height\":420,\"caption\":\"Tours en Ecuador\"},{\"@type\":\"BreadcrumbList\",\"@id\":\"https:\/\/www.ericadventures.com\/en\/tours-en-ecuador\/#breadcrumb\",\"itemListElement\":[{\"@type\":\"ListItem\",\"position\":1,\"name\":\"Home\",\"item\":\"https:\/\/www.ericadventures.com\/fr\/\"},{\"@type\":\"ListItem\",\"position\":2,\"name\":\"Visities \u00c9quateur\"}]},{\"@type\":\"WebSite\",\"@id\":\"https:\/\/www.ericadventures.com\/en\/#website\",\"url\":\"https:\/\/www.ericadventures.com\/en\/\",\"name\":\"Eric Adventures\",\"description\":\"\",\"publisher\":{\"@id\":\"https:\/\/www.ericadventures.com\/en\/#organization\"},\"alternateName\":\"Eric Adventures\",\"potentialAction\":[{\"@type\":\"SearchAction\",\"target\":{\"@type\":\"EntryPoint\",\"urlTemplate\":\"https:\/\/www.ericadventures.com\/en\/?s={search_term_string}\"},\"query-input\":{\"@type\":\"PropertyValueSpecification\",\"valueRequired\":true,\"valueName\":\"search_term_string\"}}],\"inLanguage\":\"fr-FR\"},{\"@type\":\"Organization\",\"@id\":\"https:\/\/www.ericadventures.com\/en\/#organization\",\"name\":\"Eric Adventures\",\"url\":\"https:\/\/www.ericadventures.com\/en\/\",\"logo\":{\"@type\":\"ImageObject\",\"inLanguage\":\"fr-FR\",\"@id\":\"https:\/\/www.ericadventures.com\/en\/#\/schema\/logo\/image\/\",\"url\":\"https:\/\/www.ericadventures.com\/wp-content\/uploads\/logo-ericadventures.png\",\"contentUrl\":\"https:\/\/www.ericadventures.com\/wp-content\/uploads\/logo-ericadventures.png\",\"width\":500,\"height\":106,\"caption\":\"Eric Adventures\"},\"image\":{\"@id\":\"https:\/\/www.ericadventures.com\/en\/#\/schema\/logo\/image\/\"}}]}<\/script>\n<!-- \/ Yoast SEO Premium plugin. -->","yoast_head_json":{"title":"Forfaits en \u00c9quateur","description":"Explorez l'\u00c9quateur avec nos forfaits touristiques et d\u00e9couvrez sa diversit\u00e9 naturelle, de la jungle amazonienne aux \u00eeles Galapagos.","robots":{"index":"index","follow":"follow","max-snippet":"max-snippet:-1","max-image-preview":"max-image-preview:large","max-video-preview":"max-video-preview:-1"},"canonical":"https:\/\/www.ericadventures.com\/en\/tours-en-ecuador\/","og_locale":"fr_FR","og_type":"article","og_title":"Visities \u00c9quateur","og_description":"Explorez l'\u00c9quateur avec nos forfaits touristiques et d\u00e9couvrez sa diversit\u00e9 naturelle, de la jungle amazonienne aux \u00eeles Galapagos.","og_url":"https:\/\/www.ericadventures.com\/en\/tours-en-ecuador\/","og_site_name":"Eric Adventures","article_modified_time":"2024-05-18T23:38:41+00:00","og_image":[{"width":700,"height":420,"url":"https:\/\/www.ericadventures.com\/wp-content\/uploads\/long_description_25.jpg","type":"image\/jpeg"}],"twitter_card":"summary_large_image","twitter_misc":{"Dur\u00e9e de lecture estim\u00e9e":"1 minute"},"schema":{"@context":"https:\/\/schema.org","@graph":[{"@type":"WebPage","@id":"https:\/\/www.ericadventures.com\/en\/tours-en-ecuador\/","url":"https:\/\/www.ericadventures.com\/en\/tours-en-ecuador\/","name":"Forfaits en \u00c9quateur","isPartOf":{"@id":"https:\/\/www.ericadventures.com\/en\/#website"},"primaryImageOfPage":{"@id":"https:\/\/www.ericadventures.com\/en\/tours-en-ecuador\/#primaryimage"},"image":{"@id":"https:\/\/www.ericadventures.com\/en\/tours-en-ecuador\/#primaryimage"},"thumbnailUrl":"https:\/\/www.ericadventures.com\/wp-content\/uploads\/long_description_25.jpg","datePublished":"2024-05-18T23:30:37+00:00","dateModified":"2024-05-18T23:38:41+00:00","description":"Explorez l'\u00c9quateur avec nos forfaits touristiques et d\u00e9couvrez sa diversit\u00e9 naturelle, de la jungle amazonienne aux \u00eeles Galapagos.","breadcrumb":{"@id":"https:\/\/www.ericadventures.com\/en\/tours-en-ecuador\/#breadcrumb"},"inLanguage":"fr-FR","potentialAction":[{"@type":"ReadAction","target":["https:\/\/www.ericadventures.com\/en\/tours-en-ecuador\/"]}]},{"@type":"ImageObject","inLanguage":"fr-FR","@id":"https:\/\/www.ericadventures.com\/en\/tours-en-ecuador\/#primaryimage","url":"https:\/\/www.ericadventures.com\/wp-content\/uploads\/long_description_25.jpg","contentUrl":"https:\/\/www.ericadventures.com\/wp-content\/uploads\/long_description_25.jpg","width":700,"height":420,"caption":"Tours en Ecuador"},{"@type":"BreadcrumbList","@id":"https:\/\/www.ericadventures.com\/en\/tours-en-ecuador\/#breadcrumb","itemListElement":[{"@type":"ListItem","position":1,"name":"Home","item":"https:\/\/www.ericadventures.com\/fr\/"},{"@type":"ListItem","position":2,"name":"Visities \u00c9quateur"}]},{"@type":"WebSite","@id":"https:\/\/www.ericadventures.com\/en\/#website","url":"https:\/\/www.ericadventures.com\/en\/","name":"Eric Adventures","description":"","publisher":{"@id":"https:\/\/www.ericadventures.com\/en\/#organization"},"alternateName":"Eric Adventures","potentialAction":[{"@type":"SearchAction","target":{"@type":"EntryPoint","urlTemplate":"https:\/\/www.ericadventures.com\/en\/?s={search_term_string}"},"query-input":{"@type":"PropertyValueSpecification","valueRequired":true,"valueName":"search_term_string"}}],"inLanguage":"fr-FR"},{"@type":"Organization","@id":"https:\/\/www.ericadventures.com\/en\/#organization","name":"Eric Adventures","url":"https:\/\/www.ericadventures.com\/en\/","logo":{"@type":"ImageObject","inLanguage":"fr-FR","@id":"https:\/\/www.ericadventures.com\/en\/#\/schema\/logo\/image\/","url":"https:\/\/www.ericadventures.com\/wp-content\/uploads\/logo-ericadventures.png","contentUrl":"https:\/\/www.ericadventures.com\/wp-content\/uploads\/logo-ericadventures.png","width":500,"height":106,"caption":"Eric Adventures"},"image":{"@id":"https:\/\/www.ericadventures.com\/en\/#\/schema\/logo\/image\/"}}]}},"coauthors":[],"author_meta":{"author_link":"https:\/\/www.ericadventures.com\/fr\/author\/joaco\/","display_name":"Joaqu\u00edn Arenas Hermoza"},"relative_dates":{"created":"Publi\u00e9 2 ans il y a","modified":"Mis \u00e0 jour 2 ans il y a"},"absolute_dates":{"created":"Publi\u00e9 le mai 18, 2024","modified":"Mise \u00e0 jour le mai 18, 2024"},"absolute_dates_time":{"created":"Publi\u00e9 le mai 18, 2024 6:30 pm","modified":"Mise \u00e0 jour le mai 18, 2024 6:38 pm"},"featured_img_caption":"","featured_img":"https:\/\/www.ericadventures.com\/wp-content\/uploads\/long_description_25.jpg","series_order":"","_links":{"self":[{"href":"https:\/\/www.ericadventures.com\/fr\/wp-json\/wp\/v2\/pages\/22096","targetHints":{"allow":["GET"]}}],"collection":[{"href":"https:\/\/www.ericadventures.com\/fr\/wp-json\/wp\/v2\/pages"}],"about":[{"href":"https:\/\/www.ericadventures.com\/fr\/wp-json\/wp\/v2\/types\/page"}],"author":[{"embeddable":true,"href":"https:\/\/www.ericadventures.com\/fr\/wp-json\/wp\/v2\/users\/3"}],"replies":[{"embeddable":true,"href":"https:\/\/www.ericadventures.com\/fr\/wp-json\/wp\/v2\/comments?post=22096"}],"version-history":[{"count":2,"href":"https:\/\/www.ericadventures.com\/fr\/wp-json\/wp\/v2\/pages\/22096\/revisions"}],"predecessor-version":[{"id":22106,"href":"https:\/\/www.ericadventures.com\/fr\/wp-json\/wp\/v2\/pages\/22096\/revisions\/22106"}],"wp:featuredmedia":[{"embeddable":true,"href":"https:\/\/www.ericadventures.com\/fr\/wp-json\/wp\/v2\/media\/22092"}],"wp:attachment":[{"href":"https:\/\/www.ericadventures.com\/fr\/wp-json\/wp\/v2\/media?parent=22096"}],"curies":[{"name":"wp","href":"https:\/\/api.w.org\/{rel}","templated":true}]}}