{"id":22689,"date":"2024-05-26T19:14:18","date_gmt":"2024-05-27T00:14:18","guid":{"rendered":"https:\/\/www.ericadventures.com\/offres-speciales\/salidas-fijas\/"},"modified":"2024-05-26T19:20:12","modified_gmt":"2024-05-27T00:20:12","slug":"sorties-fixes","status":"publish","type":"page","link":"https:\/\/www.ericadventures.com\/fr\/offres-speciales\/sorties-fixes\/","title":{"rendered":"Sorties Fixes"},"content":{"rendered":"<div class=\"grid grid-cols-1 sm:grid-cols-2 md:grid-cols-3 xl:grid-cols-4 gap-5\">\n\t\t\t\t\t\t\t<div>\n                                <div class=\"border bg-white shadow rounded-md p-1\">\n                                    <a href=\"https:\/\/www.ericadventures.com\/fr\/offres-speciales\/sorties-fixes\/perou-classique-14jours\/\">\n                                        <div class=\"overflow-hidden\"><img decoding=\"async\" width=\"400\" height=\"310\" src=\"https:\/\/www.ericadventures.com\/wp-content\/uploads\/peru-classic-14days-04-400x310.jpg\" class=\"w-full transform duration-200 hover:scale-110 z-10 rounded-t-md wp-post-image\" alt=\"Per\u00fa Cl\u00e1sico 14 D\u00edas \/ 13 Noches\" loading=\"lazy\" \/><\/div>\n                                    <\/a>\n                                     <a href=\"https:\/\/www.ericadventures.com\/fr\/offres-speciales\/sorties-fixes\/perou-classique-14jours\/\" class=\"hover:text-eric text-gray-800 hover:no-underline transition-all\" ><h2 class=\"text-center font-nunito uppercase text-sm font-bold my-2 \">Circuit classique de 14 jours au P\u00e9rou<\/h2><\/a>\n                                     <hr class=\"mb-1 -mt-1 border-dotted border-b-1 border-gray-600\">\n                                     <div class=\"px-2\"><p>Rejoignez-nous pour ce grand voyage et profitez au maximum de tous ces endroits merveilleux qu&rsquo;offre le P\u00e9rou. Visitez les villes [&hellip;]<\/p>\n                                       \n                                     <\/div>\n                                <\/div>\n\n                            <\/div>\n\t\t\t\t\t<\/div>\n\n\n\n<p><\/p>\n","protected":false},"excerpt":{"rendered":"","protected":false},"author":3,"featured_media":22684,"parent":22645,"menu_order":0,"comment_status":"closed","ping_status":"closed","template":"page-city.php","meta":{"_acf_changed":false,"advgb_blocks_editor_width":"","advgb_blocks_columns_visual_guide":"","footnotes":""},"class_list":["post-22689","page","type-page","status-publish","has-post-thumbnail","hentry"],"acf":[],"yoast_head":"<!-- This site is optimized with the Yoast SEO Premium plugin v25.4 (Yoast SEO v26.9) - https:\/\/yoast.com\/product\/yoast-seo-premium-wordpress\/ -->\n<title>P\u00e9rou D\u00e9parts fixes<\/title>\n<meta name=\"description\" content=\"D\u00e9couvrez les merveilles du P\u00e9rou avec nos d\u00e9parts fixes.\" \/>\n<meta name=\"robots\" content=\"index, follow, max-snippet:-1, max-image-preview:large, max-video-preview:-1\" \/>\n<link rel=\"canonical\" href=\"https:\/\/www.ericadventures.com\/en\/our-special-offers\/fixed-departures\/\" \/>\n<meta property=\"og:locale\" content=\"fr_FR\" \/>\n<meta property=\"og:type\" content=\"article\" \/>\n<meta property=\"og:title\" content=\"Sorties Fixes\" \/>\n<meta property=\"og:description\" content=\"D\u00e9couvrez les merveilles du P\u00e9rou avec nos d\u00e9parts fixes.\" \/>\n<meta property=\"og:url\" content=\"https:\/\/www.ericadventures.com\/en\/our-special-offers\/fixed-departures\/\" \/>\n<meta property=\"og:site_name\" content=\"Eric Adventures\" \/>\n<meta property=\"article:modified_time\" content=\"2024-05-27T00:20:12+00:00\" \/>\n<meta property=\"og:image\" content=\"https:\/\/www.ericadventures.com\/wp-content\/uploads\/VL3K2U22MVGHHKY35LAYCD7UXM.jpg\" \/>\n\t<meta property=\"og:image:width\" content=\"1920\" \/>\n\t<meta property=\"og:image:height\" content=\"1080\" \/>\n\t<meta property=\"og:image:type\" content=\"image\/jpeg\" \/>\n<meta name=\"twitter:card\" content=\"summary_large_image\" \/>\n<meta name=\"twitter:label1\" content=\"Dur\u00e9e de lecture estim\u00e9e\" \/>\n\t<meta name=\"twitter:data1\" content=\"1 minute\" \/>\n<script type=\"application\/ld+json\" class=\"yoast-schema-graph\">{\"@context\":\"https:\/\/schema.org\",\"@graph\":[{\"@type\":\"WebPage\",\"@id\":\"https:\/\/www.ericadventures.com\/en\/our-special-offers\/fixed-departures\/\",\"url\":\"https:\/\/www.ericadventures.com\/en\/our-special-offers\/fixed-departures\/\",\"name\":\"P\u00e9rou D\u00e9parts fixes\",\"isPartOf\":{\"@id\":\"https:\/\/www.ericadventures.com\/en\/#website\"},\"primaryImageOfPage\":{\"@id\":\"https:\/\/www.ericadventures.com\/en\/our-special-offers\/fixed-departures\/#primaryimage\"},\"image\":{\"@id\":\"https:\/\/www.ericadventures.com\/en\/our-special-offers\/fixed-departures\/#primaryimage\"},\"thumbnailUrl\":\"https:\/\/www.ericadventures.com\/wp-content\/uploads\/VL3K2U22MVGHHKY35LAYCD7UXM.jpg\",\"datePublished\":\"2024-05-27T00:14:18+00:00\",\"dateModified\":\"2024-05-27T00:20:12+00:00\",\"description\":\"D\u00e9couvrez les merveilles du P\u00e9rou avec nos d\u00e9parts fixes.\",\"breadcrumb\":{\"@id\":\"https:\/\/www.ericadventures.com\/en\/our-special-offers\/fixed-departures\/#breadcrumb\"},\"inLanguage\":\"fr-FR\",\"potentialAction\":[{\"@type\":\"ReadAction\",\"target\":[\"https:\/\/www.ericadventures.com\/en\/our-special-offers\/fixed-departures\/\"]}]},{\"@type\":\"ImageObject\",\"inLanguage\":\"fr-FR\",\"@id\":\"https:\/\/www.ericadventures.com\/en\/our-special-offers\/fixed-departures\/#primaryimage\",\"url\":\"https:\/\/www.ericadventures.com\/wp-content\/uploads\/VL3K2U22MVGHHKY35LAYCD7UXM.jpg\",\"contentUrl\":\"https:\/\/www.ericadventures.com\/wp-content\/uploads\/VL3K2U22MVGHHKY35LAYCD7UXM.jpg\",\"width\":1920,\"height\":1080,\"caption\":\"xr:d:DAFlVunkStY:339,j:1129673713024182755,t:23071017\"},{\"@type\":\"BreadcrumbList\",\"@id\":\"https:\/\/www.ericadventures.com\/en\/our-special-offers\/fixed-departures\/#breadcrumb\",\"itemListElement\":[{\"@type\":\"ListItem\",\"position\":1,\"name\":\"Home\",\"item\":\"https:\/\/www.ericadventures.com\/fr\/\"},{\"@type\":\"ListItem\",\"position\":2,\"name\":\"Offres Sp\u00e9ciales\",\"item\":\"https:\/\/www.ericadventures.com\/en\/our-special-offers\/\"},{\"@type\":\"ListItem\",\"position\":3,\"name\":\"Sorties Fixes\"}]},{\"@type\":\"WebSite\",\"@id\":\"https:\/\/www.ericadventures.com\/en\/#website\",\"url\":\"https:\/\/www.ericadventures.com\/en\/\",\"name\":\"Eric Adventures\",\"description\":\"\",\"publisher\":{\"@id\":\"https:\/\/www.ericadventures.com\/en\/#organization\"},\"alternateName\":\"Eric Adventures\",\"potentialAction\":[{\"@type\":\"SearchAction\",\"target\":{\"@type\":\"EntryPoint\",\"urlTemplate\":\"https:\/\/www.ericadventures.com\/en\/?s={search_term_string}\"},\"query-input\":{\"@type\":\"PropertyValueSpecification\",\"valueRequired\":true,\"valueName\":\"search_term_string\"}}],\"inLanguage\":\"fr-FR\"},{\"@type\":\"Organization\",\"@id\":\"https:\/\/www.ericadventures.com\/en\/#organization\",\"name\":\"Eric Adventures\",\"url\":\"https:\/\/www.ericadventures.com\/en\/\",\"logo\":{\"@type\":\"ImageObject\",\"inLanguage\":\"fr-FR\",\"@id\":\"https:\/\/www.ericadventures.com\/en\/#\/schema\/logo\/image\/\",\"url\":\"https:\/\/www.ericadventures.com\/wp-content\/uploads\/logo-ericadventures.png\",\"contentUrl\":\"https:\/\/www.ericadventures.com\/wp-content\/uploads\/logo-ericadventures.png\",\"width\":500,\"height\":106,\"caption\":\"Eric Adventures\"},\"image\":{\"@id\":\"https:\/\/www.ericadventures.com\/en\/#\/schema\/logo\/image\/\"}}]}<\/script>\n<!-- \/ Yoast SEO Premium plugin. -->","yoast_head_json":{"title":"P\u00e9rou D\u00e9parts fixes","description":"D\u00e9couvrez les merveilles du P\u00e9rou avec nos d\u00e9parts fixes.","robots":{"index":"index","follow":"follow","max-snippet":"max-snippet:-1","max-image-preview":"max-image-preview:large","max-video-preview":"max-video-preview:-1"},"canonical":"https:\/\/www.ericadventures.com\/en\/our-special-offers\/fixed-departures\/","og_locale":"fr_FR","og_type":"article","og_title":"Sorties Fixes","og_description":"D\u00e9couvrez les merveilles du P\u00e9rou avec nos d\u00e9parts fixes.","og_url":"https:\/\/www.ericadventures.com\/en\/our-special-offers\/fixed-departures\/","og_site_name":"Eric Adventures","article_modified_time":"2024-05-27T00:20:12+00:00","og_image":[{"width":1920,"height":1080,"url":"https:\/\/www.ericadventures.com\/wp-content\/uploads\/VL3K2U22MVGHHKY35LAYCD7UXM.jpg","type":"image\/jpeg"}],"twitter_card":"summary_large_image","twitter_misc":{"Dur\u00e9e de lecture estim\u00e9e":"1 minute"},"schema":{"@context":"https:\/\/schema.org","@graph":[{"@type":"WebPage","@id":"https:\/\/www.ericadventures.com\/en\/our-special-offers\/fixed-departures\/","url":"https:\/\/www.ericadventures.com\/en\/our-special-offers\/fixed-departures\/","name":"P\u00e9rou D\u00e9parts fixes","isPartOf":{"@id":"https:\/\/www.ericadventures.com\/en\/#website"},"primaryImageOfPage":{"@id":"https:\/\/www.ericadventures.com\/en\/our-special-offers\/fixed-departures\/#primaryimage"},"image":{"@id":"https:\/\/www.ericadventures.com\/en\/our-special-offers\/fixed-departures\/#primaryimage"},"thumbnailUrl":"https:\/\/www.ericadventures.com\/wp-content\/uploads\/VL3K2U22MVGHHKY35LAYCD7UXM.jpg","datePublished":"2024-05-27T00:14:18+00:00","dateModified":"2024-05-27T00:20:12+00:00","description":"D\u00e9couvrez les merveilles du P\u00e9rou avec nos d\u00e9parts fixes.","breadcrumb":{"@id":"https:\/\/www.ericadventures.com\/en\/our-special-offers\/fixed-departures\/#breadcrumb"},"inLanguage":"fr-FR","potentialAction":[{"@type":"ReadAction","target":["https:\/\/www.ericadventures.com\/en\/our-special-offers\/fixed-departures\/"]}]},{"@type":"ImageObject","inLanguage":"fr-FR","@id":"https:\/\/www.ericadventures.com\/en\/our-special-offers\/fixed-departures\/#primaryimage","url":"https:\/\/www.ericadventures.com\/wp-content\/uploads\/VL3K2U22MVGHHKY35LAYCD7UXM.jpg","contentUrl":"https:\/\/www.ericadventures.com\/wp-content\/uploads\/VL3K2U22MVGHHKY35LAYCD7UXM.jpg","width":1920,"height":1080,"caption":"xr:d:DAFlVunkStY:339,j:1129673713024182755,t:23071017"},{"@type":"BreadcrumbList","@id":"https:\/\/www.ericadventures.com\/en\/our-special-offers\/fixed-departures\/#breadcrumb","itemListElement":[{"@type":"ListItem","position":1,"name":"Home","item":"https:\/\/www.ericadventures.com\/fr\/"},{"@type":"ListItem","position":2,"name":"Offres Sp\u00e9ciales","item":"https:\/\/www.ericadventures.com\/en\/our-special-offers\/"},{"@type":"ListItem","position":3,"name":"Sorties Fixes"}]},{"@type":"WebSite","@id":"https:\/\/www.ericadventures.com\/en\/#website","url":"https:\/\/www.ericadventures.com\/en\/","name":"Eric Adventures","description":"","publisher":{"@id":"https:\/\/www.ericadventures.com\/en\/#organization"},"alternateName":"Eric Adventures","potentialAction":[{"@type":"SearchAction","target":{"@type":"EntryPoint","urlTemplate":"https:\/\/www.ericadventures.com\/en\/?s={search_term_string}"},"query-input":{"@type":"PropertyValueSpecification","valueRequired":true,"valueName":"search_term_string"}}],"inLanguage":"fr-FR"},{"@type":"Organization","@id":"https:\/\/www.ericadventures.com\/en\/#organization","name":"Eric Adventures","url":"https:\/\/www.ericadventures.com\/en\/","logo":{"@type":"ImageObject","inLanguage":"fr-FR","@id":"https:\/\/www.ericadventures.com\/en\/#\/schema\/logo\/image\/","url":"https:\/\/www.ericadventures.com\/wp-content\/uploads\/logo-ericadventures.png","contentUrl":"https:\/\/www.ericadventures.com\/wp-content\/uploads\/logo-ericadventures.png","width":500,"height":106,"caption":"Eric Adventures"},"image":{"@id":"https:\/\/www.ericadventures.com\/en\/#\/schema\/logo\/image\/"}}]}},"coauthors":[],"author_meta":{"author_link":"https:\/\/www.ericadventures.com\/fr\/author\/joaco\/","display_name":"Joaqu\u00edn Arenas Hermoza"},"relative_dates":{"created":"Publi\u00e9 2 ans il y a","modified":"Mis \u00e0 jour 2 ans il y a"},"absolute_dates":{"created":"Publi\u00e9 le mai 26, 2024","modified":"Mise \u00e0 jour le mai 26, 2024"},"absolute_dates_time":{"created":"Publi\u00e9 le mai 26, 2024 7:14 pm","modified":"Mise \u00e0 jour le mai 26, 2024 7:20 pm"},"featured_img_caption":"xr:d:DAFlVunkStY:339,j:1129673713024182755,t:23071017","featured_img":"https:\/\/www.ericadventures.com\/wp-content\/uploads\/VL3K2U22MVGHHKY35LAYCD7UXM.jpg","series_order":"","_links":{"self":[{"href":"https:\/\/www.ericadventures.com\/fr\/wp-json\/wp\/v2\/pages\/22689","targetHints":{"allow":["GET"]}}],"collection":[{"href":"https:\/\/www.ericadventures.com\/fr\/wp-json\/wp\/v2\/pages"}],"about":[{"href":"https:\/\/www.ericadventures.com\/fr\/wp-json\/wp\/v2\/types\/page"}],"author":[{"embeddable":true,"href":"https:\/\/www.ericadventures.com\/fr\/wp-json\/wp\/v2\/users\/3"}],"replies":[{"embeddable":true,"href":"https:\/\/www.ericadventures.com\/fr\/wp-json\/wp\/v2\/comments?post=22689"}],"version-history":[{"count":2,"href":"https:\/\/www.ericadventures.com\/fr\/wp-json\/wp\/v2\/pages\/22689\/revisions"}],"predecessor-version":[{"id":22697,"href":"https:\/\/www.ericadventures.com\/fr\/wp-json\/wp\/v2\/pages\/22689\/revisions\/22697"}],"up":[{"embeddable":true,"href":"https:\/\/www.ericadventures.com\/fr\/wp-json\/wp\/v2\/pages\/22645"}],"wp:featuredmedia":[{"embeddable":true,"href":"https:\/\/www.ericadventures.com\/fr\/wp-json\/wp\/v2\/media\/22684"}],"wp:attachment":[{"href":"https:\/\/www.ericadventures.com\/fr\/wp-json\/wp\/v2\/media?parent=22689"}],"curies":[{"name":"wp","href":"https:\/\/api.w.org\/{rel}","templated":true}]}}