{"id":35788,"date":"2025-04-21T13:21:25","date_gmt":"2025-04-21T18:21:25","guid":{"rendered":"https:\/\/www.ericadventures.com\/eric-awards\/"},"modified":"2025-04-21T13:46:25","modified_gmt":"2025-04-21T18:46:25","slug":"eric-awards","status":"publish","type":"page","link":"https:\/\/www.ericadventures.com\/fr\/eric-awards\/","title":{"rendered":"EPRIX ERIC"},"content":{"rendered":"\n<p><strong>ERIC ARENAS (R\u00c9ALISATEUR DE NUESTRO) DANS UN DOCUMENTAIRE DE NATION GEOGRAPHIC<\/strong><\/p>\n\n\n\n<figure class=\"wp-block-embed is-type-video is-provider-youtube wp-block-embed-youtube wp-embed-aspect-16-9 wp-has-aspect-ratio\"><div class=\"wp-block-embed__wrapper\">\n<iframe loading=\"lazy\" title=\"The Search For The City Of Gold\" width=\"640\" height=\"360\" src=\"https:\/\/www.youtube.com\/embed\/SltyHO3bYQc?feature=oembed\" frameborder=\"0\" allow=\"accelerometer; autoplay; clipboard-write; encrypted-media; gyroscope; picture-in-picture; web-share\" referrerpolicy=\"strict-origin-when-cross-origin\" allowfullscreen><\/iframe>\n<\/div><\/figure>\n\n\n\n<p><\/p>\n\n\n\n<figure class=\"wp-block-embed is-type-video is-provider-youtube wp-block-embed-youtube wp-embed-aspect-4-3 wp-has-aspect-ratio\"><div class=\"wp-block-embed__wrapper\">\n<iframe loading=\"lazy\" title=\"Cusque\u00f1a Beer Advertizing\" width=\"640\" height=\"480\" src=\"https:\/\/www.youtube.com\/embed\/0J_-y1-U3Y8?feature=oembed\" frameborder=\"0\" allow=\"accelerometer; autoplay; clipboard-write; encrypted-media; gyroscope; picture-in-picture; web-share\" referrerpolicy=\"strict-origin-when-cross-origin\" allowfullscreen><\/iframe>\n<\/div><\/figure>\n\n\n\n<p><\/p>\n\n\n\n<figure class=\"wp-block-embed is-type-video is-provider-youtube wp-block-embed-youtube wp-embed-aspect-4-3 wp-has-aspect-ratio\"><div class=\"wp-block-embed__wrapper\">\n<iframe loading=\"lazy\" title=\"Eric Arenas \/ Eric Adventures Cusco\" width=\"640\" height=\"480\" src=\"https:\/\/www.youtube.com\/embed\/5Dc6aHc9ihs?feature=oembed\" frameborder=\"0\" allow=\"accelerometer; autoplay; clipboard-write; encrypted-media; gyroscope; picture-in-picture; web-share\" referrerpolicy=\"strict-origin-when-cross-origin\" allowfullscreen><\/iframe>\n<\/div><\/figure>\n\n\n\n<p><\/p>\n\n\n\n<p><\/p>\n\n\n\n<figure class=\"wp-block-gallery has-nested-images columns-default is-cropped wp-block-gallery-1 is-layout-flex wp-block-gallery-is-layout-flex\">\n<figure class=\"wp-block-image size-large\"><img loading=\"lazy\" decoding=\"async\" width=\"496\" height=\"1024\" data-id=\"35782\" src=\"https:\/\/www.ericadventures.com\/wp-content\/uploads\/olimpiadas-barcelona-92-496x1024.jpg\" alt=\"\" class=\"wp-image-35782\" srcset=\"https:\/\/www.ericadventures.com\/wp-content\/uploads\/olimpiadas-barcelona-92-496x1024.jpg 496w, https:\/\/www.ericadventures.com\/wp-content\/uploads\/olimpiadas-barcelona-92-145x300.jpg 145w, https:\/\/www.ericadventures.com\/wp-content\/uploads\/olimpiadas-barcelona-92-768x1587.jpg 768w, https:\/\/www.ericadventures.com\/wp-content\/uploads\/olimpiadas-barcelona-92-743x1536.jpg 743w, https:\/\/www.ericadventures.com\/wp-content\/uploads\/olimpiadas-barcelona-92-991x2048.jpg 991w, https:\/\/www.ericadventures.com\/wp-content\/uploads\/olimpiadas-barcelona-92.jpg 1152w\" sizes=\"auto, (max-width: 496px) 100vw, 496px\" \/><\/figure>\n<\/figure>\n\n\n\n<p><\/p>\n","protected":false},"excerpt":{"rendered":"<p>ERIC ARENAS (R\u00c9ALISATEUR DE NUESTRO) DANS UN DOCUMENTAIRE DE NATION GEOGRAPHIC<\/p>\n","protected":false},"author":4,"featured_media":0,"parent":0,"menu_order":0,"comment_status":"closed","ping_status":"closed","template":"","meta":{"_acf_changed":false,"advgb_blocks_editor_width":"","advgb_blocks_columns_visual_guide":"","footnotes":""},"class_list":["post-35788","page","type-page","status-publish","hentry"],"acf":[],"yoast_head":"<!-- This site is optimized with the Yoast SEO Premium plugin v25.4 (Yoast SEO v26.9) - https:\/\/yoast.com\/product\/yoast-seo-premium-wordpress\/ -->\n<title>EPRIX ERIC<\/title>\n<meta name=\"description\" content=\"Nous attribuons notre succ\u00e8s et la satisfaction de nos clients \u00e0 l&#039;excellence de nos \u00e9quipes, tant en termes de performance que de fiabilit\u00e9. Adventure Tours Cusco et les circuits \u00e0 Cusco, au P\u00e9rou, sont notre sp\u00e9cialit\u00e9.\" \/>\n<meta name=\"robots\" content=\"index, follow, max-snippet:-1, max-image-preview:large, max-video-preview:-1\" \/>\n<link rel=\"canonical\" href=\"https:\/\/www.ericadventures.com\/en\/eric-awards\/\" \/>\n<meta property=\"og:locale\" content=\"fr_FR\" \/>\n<meta property=\"og:type\" content=\"article\" \/>\n<meta property=\"og:title\" content=\"EPRIX ERIC\" \/>\n<meta property=\"og:description\" content=\"Nous attribuons notre succ\u00e8s et la satisfaction de nos clients \u00e0 l&#039;excellence de nos \u00e9quipes, tant en termes de performance que de fiabilit\u00e9. Adventure Tours Cusco et les circuits \u00e0 Cusco, au P\u00e9rou, sont notre sp\u00e9cialit\u00e9.\" \/>\n<meta property=\"og:url\" content=\"https:\/\/www.ericadventures.com\/en\/eric-awards\/\" \/>\n<meta property=\"og:site_name\" content=\"Eric Adventures\" \/>\n<meta property=\"article:modified_time\" content=\"2025-04-21T18:46:25+00:00\" \/>\n<meta property=\"og:image\" content=\"https:\/\/www.ericadventures.com\/wp-content\/uploads\/olimpiadas-barcelona-92-496x1024.jpg\" \/>\n<meta name=\"twitter:card\" content=\"summary_large_image\" \/>\n<meta name=\"twitter:label1\" content=\"Dur\u00e9e de lecture estim\u00e9e\" \/>\n\t<meta name=\"twitter:data1\" content=\"1 minute\" \/>\n<script type=\"application\/ld+json\" class=\"yoast-schema-graph\">{\"@context\":\"https:\/\/schema.org\",\"@graph\":[{\"@type\":\"WebPage\",\"@id\":\"https:\/\/www.ericadventures.com\/en\/eric-awards\/\",\"url\":\"https:\/\/www.ericadventures.com\/en\/eric-awards\/\",\"name\":\"EPRIX ERIC\",\"isPartOf\":{\"@id\":\"https:\/\/www.ericadventures.com\/en\/#website\"},\"primaryImageOfPage\":{\"@id\":\"https:\/\/www.ericadventures.com\/en\/eric-awards\/#primaryimage\"},\"image\":{\"@id\":\"https:\/\/www.ericadventures.com\/en\/eric-awards\/#primaryimage\"},\"thumbnailUrl\":\"https:\/\/www.ericadventures.com\/wp-content\/uploads\/olimpiadas-barcelona-92-496x1024.jpg\",\"datePublished\":\"2025-04-21T18:21:25+00:00\",\"dateModified\":\"2025-04-21T18:46:25+00:00\",\"description\":\"Nous attribuons notre succ\u00e8s et la satisfaction de nos clients \u00e0 l'excellence de nos \u00e9quipes, tant en termes de performance que de fiabilit\u00e9. Adventure Tours Cusco et les circuits \u00e0 Cusco, au P\u00e9rou, sont notre sp\u00e9cialit\u00e9.\",\"breadcrumb\":{\"@id\":\"https:\/\/www.ericadventures.com\/en\/eric-awards\/#breadcrumb\"},\"inLanguage\":\"fr-FR\",\"potentialAction\":[{\"@type\":\"ReadAction\",\"target\":[\"https:\/\/www.ericadventures.com\/en\/eric-awards\/\"]}]},{\"@type\":\"ImageObject\",\"inLanguage\":\"fr-FR\",\"@id\":\"https:\/\/www.ericadventures.com\/en\/eric-awards\/#primaryimage\",\"url\":\"https:\/\/www.ericadventures.com\/wp-content\/uploads\/olimpiadas-barcelona-92-496x1024.jpg\",\"contentUrl\":\"https:\/\/www.ericadventures.com\/wp-content\/uploads\/olimpiadas-barcelona-92-496x1024.jpg\"},{\"@type\":\"BreadcrumbList\",\"@id\":\"https:\/\/www.ericadventures.com\/en\/eric-awards\/#breadcrumb\",\"itemListElement\":[{\"@type\":\"ListItem\",\"position\":1,\"name\":\"Home\",\"item\":\"https:\/\/www.ericadventures.com\/fr\/\"},{\"@type\":\"ListItem\",\"position\":2,\"name\":\"EPRIX ERIC\"}]},{\"@type\":\"WebSite\",\"@id\":\"https:\/\/www.ericadventures.com\/en\/#website\",\"url\":\"https:\/\/www.ericadventures.com\/en\/\",\"name\":\"Eric Adventures\",\"description\":\"\",\"publisher\":{\"@id\":\"https:\/\/www.ericadventures.com\/en\/#organization\"},\"alternateName\":\"Eric Adventures\",\"potentialAction\":[{\"@type\":\"SearchAction\",\"target\":{\"@type\":\"EntryPoint\",\"urlTemplate\":\"https:\/\/www.ericadventures.com\/en\/?s={search_term_string}\"},\"query-input\":{\"@type\":\"PropertyValueSpecification\",\"valueRequired\":true,\"valueName\":\"search_term_string\"}}],\"inLanguage\":\"fr-FR\"},{\"@type\":\"Organization\",\"@id\":\"https:\/\/www.ericadventures.com\/en\/#organization\",\"name\":\"Eric Adventures\",\"url\":\"https:\/\/www.ericadventures.com\/en\/\",\"logo\":{\"@type\":\"ImageObject\",\"inLanguage\":\"fr-FR\",\"@id\":\"https:\/\/www.ericadventures.com\/en\/#\/schema\/logo\/image\/\",\"url\":\"https:\/\/www.ericadventures.com\/wp-content\/uploads\/logo-ericadventures.png\",\"contentUrl\":\"https:\/\/www.ericadventures.com\/wp-content\/uploads\/logo-ericadventures.png\",\"width\":500,\"height\":106,\"caption\":\"Eric Adventures\"},\"image\":{\"@id\":\"https:\/\/www.ericadventures.com\/en\/#\/schema\/logo\/image\/\"}}]}<\/script>\n<!-- \/ Yoast SEO Premium plugin. -->","yoast_head_json":{"title":"EPRIX ERIC","description":"Nous attribuons notre succ\u00e8s et la satisfaction de nos clients \u00e0 l'excellence de nos \u00e9quipes, tant en termes de performance que de fiabilit\u00e9. Adventure Tours Cusco et les circuits \u00e0 Cusco, au P\u00e9rou, sont notre sp\u00e9cialit\u00e9.","robots":{"index":"index","follow":"follow","max-snippet":"max-snippet:-1","max-image-preview":"max-image-preview:large","max-video-preview":"max-video-preview:-1"},"canonical":"https:\/\/www.ericadventures.com\/en\/eric-awards\/","og_locale":"fr_FR","og_type":"article","og_title":"EPRIX ERIC","og_description":"Nous attribuons notre succ\u00e8s et la satisfaction de nos clients \u00e0 l'excellence de nos \u00e9quipes, tant en termes de performance que de fiabilit\u00e9. Adventure Tours Cusco et les circuits \u00e0 Cusco, au P\u00e9rou, sont notre sp\u00e9cialit\u00e9.","og_url":"https:\/\/www.ericadventures.com\/en\/eric-awards\/","og_site_name":"Eric Adventures","article_modified_time":"2025-04-21T18:46:25+00:00","og_image":[{"url":"https:\/\/www.ericadventures.com\/wp-content\/uploads\/olimpiadas-barcelona-92-496x1024.jpg","type":"","width":"","height":""}],"twitter_card":"summary_large_image","twitter_misc":{"Dur\u00e9e de lecture estim\u00e9e":"1 minute"},"schema":{"@context":"https:\/\/schema.org","@graph":[{"@type":"WebPage","@id":"https:\/\/www.ericadventures.com\/en\/eric-awards\/","url":"https:\/\/www.ericadventures.com\/en\/eric-awards\/","name":"EPRIX ERIC","isPartOf":{"@id":"https:\/\/www.ericadventures.com\/en\/#website"},"primaryImageOfPage":{"@id":"https:\/\/www.ericadventures.com\/en\/eric-awards\/#primaryimage"},"image":{"@id":"https:\/\/www.ericadventures.com\/en\/eric-awards\/#primaryimage"},"thumbnailUrl":"https:\/\/www.ericadventures.com\/wp-content\/uploads\/olimpiadas-barcelona-92-496x1024.jpg","datePublished":"2025-04-21T18:21:25+00:00","dateModified":"2025-04-21T18:46:25+00:00","description":"Nous attribuons notre succ\u00e8s et la satisfaction de nos clients \u00e0 l'excellence de nos \u00e9quipes, tant en termes de performance que de fiabilit\u00e9. Adventure Tours Cusco et les circuits \u00e0 Cusco, au P\u00e9rou, sont notre sp\u00e9cialit\u00e9.","breadcrumb":{"@id":"https:\/\/www.ericadventures.com\/en\/eric-awards\/#breadcrumb"},"inLanguage":"fr-FR","potentialAction":[{"@type":"ReadAction","target":["https:\/\/www.ericadventures.com\/en\/eric-awards\/"]}]},{"@type":"ImageObject","inLanguage":"fr-FR","@id":"https:\/\/www.ericadventures.com\/en\/eric-awards\/#primaryimage","url":"https:\/\/www.ericadventures.com\/wp-content\/uploads\/olimpiadas-barcelona-92-496x1024.jpg","contentUrl":"https:\/\/www.ericadventures.com\/wp-content\/uploads\/olimpiadas-barcelona-92-496x1024.jpg"},{"@type":"BreadcrumbList","@id":"https:\/\/www.ericadventures.com\/en\/eric-awards\/#breadcrumb","itemListElement":[{"@type":"ListItem","position":1,"name":"Home","item":"https:\/\/www.ericadventures.com\/fr\/"},{"@type":"ListItem","position":2,"name":"EPRIX ERIC"}]},{"@type":"WebSite","@id":"https:\/\/www.ericadventures.com\/en\/#website","url":"https:\/\/www.ericadventures.com\/en\/","name":"Eric Adventures","description":"","publisher":{"@id":"https:\/\/www.ericadventures.com\/en\/#organization"},"alternateName":"Eric Adventures","potentialAction":[{"@type":"SearchAction","target":{"@type":"EntryPoint","urlTemplate":"https:\/\/www.ericadventures.com\/en\/?s={search_term_string}"},"query-input":{"@type":"PropertyValueSpecification","valueRequired":true,"valueName":"search_term_string"}}],"inLanguage":"fr-FR"},{"@type":"Organization","@id":"https:\/\/www.ericadventures.com\/en\/#organization","name":"Eric Adventures","url":"https:\/\/www.ericadventures.com\/en\/","logo":{"@type":"ImageObject","inLanguage":"fr-FR","@id":"https:\/\/www.ericadventures.com\/en\/#\/schema\/logo\/image\/","url":"https:\/\/www.ericadventures.com\/wp-content\/uploads\/logo-ericadventures.png","contentUrl":"https:\/\/www.ericadventures.com\/wp-content\/uploads\/logo-ericadventures.png","width":500,"height":106,"caption":"Eric Adventures"},"image":{"@id":"https:\/\/www.ericadventures.com\/en\/#\/schema\/logo\/image\/"}}]}},"coauthors":[],"author_meta":{"author_link":"https:\/\/www.ericadventures.com\/fr\/author\/marilyn\/","display_name":"Marilyn Ayma Gomez"},"relative_dates":{"created":"Publi\u00e9 1 an il y a","modified":"Mis \u00e0 jour 1 an il y a"},"absolute_dates":{"created":"Publi\u00e9 le avril 21, 2025","modified":"Mise \u00e0 jour le avril 21, 2025"},"absolute_dates_time":{"created":"Publi\u00e9 le avril 21, 2025 1:21 pm","modified":"Mise \u00e0 jour le avril 21, 2025 1:46 pm"},"featured_img_caption":"","featured_img":false,"series_order":"","_links":{"self":[{"href":"https:\/\/www.ericadventures.com\/fr\/wp-json\/wp\/v2\/pages\/35788","targetHints":{"allow":["GET"]}}],"collection":[{"href":"https:\/\/www.ericadventures.com\/fr\/wp-json\/wp\/v2\/pages"}],"about":[{"href":"https:\/\/www.ericadventures.com\/fr\/wp-json\/wp\/v2\/types\/page"}],"author":[{"embeddable":true,"href":"https:\/\/www.ericadventures.com\/fr\/wp-json\/wp\/v2\/users\/4"}],"replies":[{"embeddable":true,"href":"https:\/\/www.ericadventures.com\/fr\/wp-json\/wp\/v2\/comments?post=35788"}],"version-history":[{"count":3,"href":"https:\/\/www.ericadventures.com\/fr\/wp-json\/wp\/v2\/pages\/35788\/revisions"}],"predecessor-version":[{"id":35801,"href":"https:\/\/www.ericadventures.com\/fr\/wp-json\/wp\/v2\/pages\/35788\/revisions\/35801"}],"wp:attachment":[{"href":"https:\/\/www.ericadventures.com\/fr\/wp-json\/wp\/v2\/media?parent=35788"}],"curies":[{"name":"wp","href":"https:\/\/api.w.org\/{rel}","templated":true}]}}