{"id":38991,"date":"2025-08-22T23:17:54","date_gmt":"2025-08-23T04:17:54","guid":{"rendered":"https:\/\/www.ericadventures.com\/hotel-aranwa-cusco-boutique\/"},"modified":"2026-04-01T11:49:30","modified_gmt":"2026-04-01T16:49:30","slug":"hotel-aranwa-cusco-boutique","status":"publish","type":"page","link":"https:\/\/www.ericadventures.com\/fr\/hotel\/hotel-aranwa-cusco-boutique\/","title":{"rendered":"H\u00f4tel Aranwa Cusco Boutique"},"content":{"rendered":"\n<div class=\"wp-block-group\"><div class=\"wp-block-group__inner-container is-layout-constrained wp-block-group-is-layout-constrained\">\n<div class=\"wp-block-columns is-layout-flex wp-container-core-columns-is-layout-9d6595d7 wp-block-columns-is-layout-flex\">\n<div class=\"wp-block-column is-layout-flow wp-block-column-is-layout-flow\" style=\"flex-basis:100%\"><\/div>\n<\/div>\n<\/div><\/div>\n\n\n\n<figure class=\"wp-block-table\"><table class=\"has-fixed-layout\"><thead><tr><th class=\"has-text-align-center\" data-align=\"center\">Type de chambre<\/th><th class=\"has-text-align-center\" data-align=\"center\">Description<\/th><th class=\"has-text-align-center\" data-align=\"center\">Tarif (US$)<\/th><\/tr><\/thead><tbody><tr><td class=\"has-text-align-center\" data-align=\"center\">Classique Standard, simple ou double<\/td><td class=\"has-text-align-center\" data-align=\"center\">1 Lit King Size<\/td><td class=\"has-text-align-center\" data-align=\"center\">255.00<\/td><\/tr><tr><td class=\"has-text-align-center\" data-align=\"center\">Deluxe , simple ou double<\/td><td class=\"has-text-align-center\" data-align=\"center\">1 Lit King Size ou<br>2 Lits Queen Size<\/td><td class=\"has-text-align-center\" data-align=\"center\">275.00<\/td><\/tr><tr><td class=\"has-text-align-center\" data-align=\"center\">Deluxe Sup\u00e9rieur, simple ou double<\/td><td class=\"has-text-align-center\" data-align=\"center\">1 Lit King Size ou<br>2 Lits Queen Size<\/td><td class=\"has-text-align-center\" data-align=\"center\">325.00<\/td><\/tr><\/tbody><\/table><\/figure>\n\n\n\n<p><strong>*Les prix peuvent varier en fonction de la disponibilit\u00e9 et de la saison.<\/strong><\/p>\n\n\n\n<p><br>Plongez dans un univers o\u00f9 l&rsquo;histoire rencontre le luxe \u00e0 l&rsquo;Aranwa Cusco Boutique Hotel, votre sanctuaire 5 \u00e9toiles au c\u0153ur de la charmante ville de Cusco.<br>Abrit\u00e9 dans une magnifique demeure coloniale du XVIe si\u00e8cle, cet h\u00f4tel-mus\u00e9e de charme vous invite \u00e0 revivre la grandeur d&rsquo;une \u00e9poque r\u00e9volue sans sacrifier le confort moderne. Chaque chambre \u00e9l\u00e9gante est \u00e9quip\u00e9e de syst\u00e8mes d&rsquo;oxyg\u00e8ne intelligents et de salles de bains inspir\u00e9es des spas, con\u00e7ues pour vous assurer une d\u00e9tente ultime en altitude. Plongez dans un service exceptionnel et une ambiance unique o\u00f9 l&rsquo;h\u00e9ritage inca ancestral se marie harmonieusement \u00e0 la sophistication contemporaine.<\/p>\n\n\n\n<p>Plus qu&rsquo;un s\u00e9jour, c&rsquo;est un voyage dans le temps.<\/p>\n\n\n\n<h3 class=\"wp-block-heading\" id=\"h-chambres\"><strong>CHAMBRES<\/strong><\/h3>\n\n\n\n<p><br>D\u00e9couvrez l&rsquo;\u00e9l\u00e9gance intemporelle de chacune des 43 chambres de l&rsquo;Aranwa Cusco Boutique Hotel, offrant une vue imprenable sur la ville ou la charmante cour coloniale de l&rsquo;h\u00f4tel.<br>Chaque chambre est soigneusement d\u00e9cor\u00e9e avec raffinement, inspir\u00e9e de l&rsquo;architecture inca, et con\u00e7ue pour votre confort absolu. Nich\u00e9 au c\u0153ur du centre historique de Cusco, ce joyau de charme promet un s\u00e9jour inoubliable o\u00f9 histoire, culture et luxe se rencontrent.<\/p>\n\n\n\n<div class=\"wp-block-columns is-layout-flex wp-container-core-columns-is-layout-9d6595d7 wp-block-columns-is-layout-flex\">\n<div class=\"wp-block-column is-layout-flow wp-block-column-is-layout-flow\"><\/div>\n\n\n\n<div class=\"wp-block-column is-layout-flow wp-block-column-is-layout-flow\"><\/div>\n\n\n\n<div class=\"wp-block-column is-layout-flow wp-block-column-is-layout-flow\"><\/div>\n<\/div>\n\n\n\n<p><\/p>\n","protected":false},"excerpt":{"rendered":"<p>Type de chambre Description Tarif (US$) Classique Standard, simple ou double 1 Lit King Size 255.00 Deluxe , simple ou [&hellip;]<\/p>\n","protected":false},"author":1,"featured_media":38831,"parent":39746,"menu_order":0,"comment_status":"closed","ping_status":"closed","template":"page-hotel.php","meta":{"_acf_changed":false,"advgb_blocks_editor_width":"","advgb_blocks_columns_visual_guide":"","footnotes":""},"class_list":["post-38991","page","type-page","status-publish","has-post-thumbnail","hentry"],"acf":[],"yoast_head":"<!-- This site is optimized with the Yoast SEO Premium plugin v25.4 (Yoast SEO v26.9) - https:\/\/yoast.com\/product\/yoast-seo-premium-wordpress\/ -->\n<title>H\u00f4tel Aranwa Cusco Boutique<\/title>\n<meta name=\"description\" content=\"Plongez dans un univers o\u00f9 l&#039;histoire rencontre le luxe \u00e0 l&#039;Aranwa Cusco Boutique Hotel, votre sanctuaire 5 \u00e9toiles au c\u0153ur de la charmante ville de Cusco.\" \/>\n<meta name=\"robots\" content=\"index, follow, max-snippet:-1, max-image-preview:large, max-video-preview:-1\" \/>\n<link rel=\"canonical\" href=\"https:\/\/www.ericadventures.com\/fr\/hotel\/hotel-aranwa-cusco-boutique\/\" \/>\n<meta property=\"og:locale\" content=\"fr_FR\" \/>\n<meta property=\"og:type\" content=\"article\" \/>\n<meta property=\"og:title\" content=\"H\u00f4tel Aranwa Cusco Boutique\" \/>\n<meta property=\"og:description\" content=\"Plongez dans un univers o\u00f9 l&#039;histoire rencontre le luxe \u00e0 l&#039;Aranwa Cusco Boutique Hotel, votre sanctuaire 5 \u00e9toiles au c\u0153ur de la charmante ville de Cusco.\" \/>\n<meta property=\"og:url\" content=\"https:\/\/www.ericadventures.com\/fr\/hotel\/hotel-aranwa-cusco-boutique\/\" \/>\n<meta property=\"og:site_name\" content=\"Eric Adventures\" \/>\n<meta property=\"article:modified_time\" content=\"2026-04-01T16:49:30+00:00\" \/>\n<meta property=\"og:image\" content=\"https:\/\/www.ericadventures.com\/wp-content\/uploads\/banner-evento-cusco.jpg\" \/>\n\t<meta property=\"og:image:width\" content=\"750\" \/>\n\t<meta property=\"og:image:height\" content=\"502\" \/>\n\t<meta property=\"og:image:type\" content=\"image\/jpeg\" \/>\n<meta name=\"twitter:card\" content=\"summary_large_image\" \/>\n<meta name=\"twitter:label1\" content=\"Dur\u00e9e de lecture estim\u00e9e\" \/>\n\t<meta name=\"twitter:data1\" content=\"2 minutes\" \/>\n<script type=\"application\/ld+json\" class=\"yoast-schema-graph\">{\"@context\":\"https:\/\/schema.org\",\"@graph\":[{\"@type\":\"WebPage\",\"@id\":\"https:\/\/www.ericadventures.com\/fr\/hotel\/hotel-aranwa-cusco-boutique\/\",\"url\":\"https:\/\/www.ericadventures.com\/fr\/hotel\/hotel-aranwa-cusco-boutique\/\",\"name\":\"H\u00f4tel Aranwa Cusco Boutique\",\"isPartOf\":{\"@id\":\"https:\/\/www.ericadventures.com\/en\/#website\"},\"primaryImageOfPage\":{\"@id\":\"https:\/\/www.ericadventures.com\/fr\/hotel\/hotel-aranwa-cusco-boutique\/#primaryimage\"},\"image\":{\"@id\":\"https:\/\/www.ericadventures.com\/fr\/hotel\/hotel-aranwa-cusco-boutique\/#primaryimage\"},\"thumbnailUrl\":\"https:\/\/www.ericadventures.com\/wp-content\/uploads\/banner-evento-cusco.jpg\",\"datePublished\":\"2025-08-23T04:17:54+00:00\",\"dateModified\":\"2026-04-01T16:49:30+00:00\",\"description\":\"Plongez dans un univers o\u00f9 l'histoire rencontre le luxe \u00e0 l'Aranwa Cusco Boutique Hotel, votre sanctuaire 5 \u00e9toiles au c\u0153ur de la charmante ville de Cusco.\",\"breadcrumb\":{\"@id\":\"https:\/\/www.ericadventures.com\/fr\/hotel\/hotel-aranwa-cusco-boutique\/#breadcrumb\"},\"inLanguage\":\"fr-FR\",\"potentialAction\":[{\"@type\":\"ReadAction\",\"target\":[\"https:\/\/www.ericadventures.com\/fr\/hotel\/hotel-aranwa-cusco-boutique\/\"]}]},{\"@type\":\"ImageObject\",\"inLanguage\":\"fr-FR\",\"@id\":\"https:\/\/www.ericadventures.com\/fr\/hotel\/hotel-aranwa-cusco-boutique\/#primaryimage\",\"url\":\"https:\/\/www.ericadventures.com\/wp-content\/uploads\/banner-evento-cusco.jpg\",\"contentUrl\":\"https:\/\/www.ericadventures.com\/wp-content\/uploads\/banner-evento-cusco.jpg\",\"width\":750,\"height\":502,\"caption\":\"hotel Aranwa Cusco\"},{\"@type\":\"BreadcrumbList\",\"@id\":\"https:\/\/www.ericadventures.com\/fr\/hotel\/hotel-aranwa-cusco-boutique\/#breadcrumb\",\"itemListElement\":[{\"@type\":\"ListItem\",\"position\":1,\"name\":\"Home\",\"item\":\"https:\/\/www.ericadventures.com\/fr\/\"},{\"@type\":\"ListItem\",\"position\":2,\"name\":\"Hotels\",\"item\":\"https:\/\/www.ericadventures.com\/fr\/hotel\/\"},{\"@type\":\"ListItem\",\"position\":3,\"name\":\"H\u00f4tel Aranwa Cusco Boutique\"}]},{\"@type\":\"WebSite\",\"@id\":\"https:\/\/www.ericadventures.com\/en\/#website\",\"url\":\"https:\/\/www.ericadventures.com\/en\/\",\"name\":\"Eric Adventures\",\"description\":\"\",\"publisher\":{\"@id\":\"https:\/\/www.ericadventures.com\/en\/#organization\"},\"alternateName\":\"Eric Adventures\",\"potentialAction\":[{\"@type\":\"SearchAction\",\"target\":{\"@type\":\"EntryPoint\",\"urlTemplate\":\"https:\/\/www.ericadventures.com\/en\/?s={search_term_string}\"},\"query-input\":{\"@type\":\"PropertyValueSpecification\",\"valueRequired\":true,\"valueName\":\"search_term_string\"}}],\"inLanguage\":\"fr-FR\"},{\"@type\":\"Organization\",\"@id\":\"https:\/\/www.ericadventures.com\/en\/#organization\",\"name\":\"Eric Adventures\",\"url\":\"https:\/\/www.ericadventures.com\/en\/\",\"logo\":{\"@type\":\"ImageObject\",\"inLanguage\":\"fr-FR\",\"@id\":\"https:\/\/www.ericadventures.com\/en\/#\/schema\/logo\/image\/\",\"url\":\"https:\/\/www.ericadventures.com\/wp-content\/uploads\/logo-ericadventures.png\",\"contentUrl\":\"https:\/\/www.ericadventures.com\/wp-content\/uploads\/logo-ericadventures.png\",\"width\":500,\"height\":106,\"caption\":\"Eric Adventures\"},\"image\":{\"@id\":\"https:\/\/www.ericadventures.com\/en\/#\/schema\/logo\/image\/\"}}]}<\/script>\n<!-- \/ Yoast SEO Premium plugin. -->","yoast_head_json":{"title":"H\u00f4tel Aranwa Cusco Boutique","description":"Plongez dans un univers o\u00f9 l'histoire rencontre le luxe \u00e0 l'Aranwa Cusco Boutique Hotel, votre sanctuaire 5 \u00e9toiles au c\u0153ur de la charmante ville de Cusco.","robots":{"index":"index","follow":"follow","max-snippet":"max-snippet:-1","max-image-preview":"max-image-preview:large","max-video-preview":"max-video-preview:-1"},"canonical":"https:\/\/www.ericadventures.com\/fr\/hotel\/hotel-aranwa-cusco-boutique\/","og_locale":"fr_FR","og_type":"article","og_title":"H\u00f4tel Aranwa Cusco Boutique","og_description":"Plongez dans un univers o\u00f9 l'histoire rencontre le luxe \u00e0 l'Aranwa Cusco Boutique Hotel, votre sanctuaire 5 \u00e9toiles au c\u0153ur de la charmante ville de Cusco.","og_url":"https:\/\/www.ericadventures.com\/fr\/hotel\/hotel-aranwa-cusco-boutique\/","og_site_name":"Eric Adventures","article_modified_time":"2026-04-01T16:49:30+00:00","og_image":[{"width":750,"height":502,"url":"https:\/\/www.ericadventures.com\/wp-content\/uploads\/banner-evento-cusco.jpg","type":"image\/jpeg"}],"twitter_card":"summary_large_image","twitter_misc":{"Dur\u00e9e de lecture estim\u00e9e":"2 minutes"},"schema":{"@context":"https:\/\/schema.org","@graph":[{"@type":"WebPage","@id":"https:\/\/www.ericadventures.com\/fr\/hotel\/hotel-aranwa-cusco-boutique\/","url":"https:\/\/www.ericadventures.com\/fr\/hotel\/hotel-aranwa-cusco-boutique\/","name":"H\u00f4tel Aranwa Cusco Boutique","isPartOf":{"@id":"https:\/\/www.ericadventures.com\/en\/#website"},"primaryImageOfPage":{"@id":"https:\/\/www.ericadventures.com\/fr\/hotel\/hotel-aranwa-cusco-boutique\/#primaryimage"},"image":{"@id":"https:\/\/www.ericadventures.com\/fr\/hotel\/hotel-aranwa-cusco-boutique\/#primaryimage"},"thumbnailUrl":"https:\/\/www.ericadventures.com\/wp-content\/uploads\/banner-evento-cusco.jpg","datePublished":"2025-08-23T04:17:54+00:00","dateModified":"2026-04-01T16:49:30+00:00","description":"Plongez dans un univers o\u00f9 l'histoire rencontre le luxe \u00e0 l'Aranwa Cusco Boutique Hotel, votre sanctuaire 5 \u00e9toiles au c\u0153ur de la charmante ville de Cusco.","breadcrumb":{"@id":"https:\/\/www.ericadventures.com\/fr\/hotel\/hotel-aranwa-cusco-boutique\/#breadcrumb"},"inLanguage":"fr-FR","potentialAction":[{"@type":"ReadAction","target":["https:\/\/www.ericadventures.com\/fr\/hotel\/hotel-aranwa-cusco-boutique\/"]}]},{"@type":"ImageObject","inLanguage":"fr-FR","@id":"https:\/\/www.ericadventures.com\/fr\/hotel\/hotel-aranwa-cusco-boutique\/#primaryimage","url":"https:\/\/www.ericadventures.com\/wp-content\/uploads\/banner-evento-cusco.jpg","contentUrl":"https:\/\/www.ericadventures.com\/wp-content\/uploads\/banner-evento-cusco.jpg","width":750,"height":502,"caption":"hotel Aranwa Cusco"},{"@type":"BreadcrumbList","@id":"https:\/\/www.ericadventures.com\/fr\/hotel\/hotel-aranwa-cusco-boutique\/#breadcrumb","itemListElement":[{"@type":"ListItem","position":1,"name":"Home","item":"https:\/\/www.ericadventures.com\/fr\/"},{"@type":"ListItem","position":2,"name":"Hotels","item":"https:\/\/www.ericadventures.com\/fr\/hotel\/"},{"@type":"ListItem","position":3,"name":"H\u00f4tel Aranwa Cusco Boutique"}]},{"@type":"WebSite","@id":"https:\/\/www.ericadventures.com\/en\/#website","url":"https:\/\/www.ericadventures.com\/en\/","name":"Eric Adventures","description":"","publisher":{"@id":"https:\/\/www.ericadventures.com\/en\/#organization"},"alternateName":"Eric Adventures","potentialAction":[{"@type":"SearchAction","target":{"@type":"EntryPoint","urlTemplate":"https:\/\/www.ericadventures.com\/en\/?s={search_term_string}"},"query-input":{"@type":"PropertyValueSpecification","valueRequired":true,"valueName":"search_term_string"}}],"inLanguage":"fr-FR"},{"@type":"Organization","@id":"https:\/\/www.ericadventures.com\/en\/#organization","name":"Eric Adventures","url":"https:\/\/www.ericadventures.com\/en\/","logo":{"@type":"ImageObject","inLanguage":"fr-FR","@id":"https:\/\/www.ericadventures.com\/en\/#\/schema\/logo\/image\/","url":"https:\/\/www.ericadventures.com\/wp-content\/uploads\/logo-ericadventures.png","contentUrl":"https:\/\/www.ericadventures.com\/wp-content\/uploads\/logo-ericadventures.png","width":500,"height":106,"caption":"Eric Adventures"},"image":{"@id":"https:\/\/www.ericadventures.com\/en\/#\/schema\/logo\/image\/"}}]}},"coauthors":[],"author_meta":{"author_link":"https:\/\/www.ericadventures.com\/fr\/author\/ericadmin\/","display_name":"Eric"},"relative_dates":{"created":"Publi\u00e9 8 mois il y a","modified":"Mis \u00e0 jour 4 semaines il y a"},"absolute_dates":{"created":"Publi\u00e9 le ao\u00fbt 22, 2025","modified":"Mise \u00e0 jour le avril 1, 2026"},"absolute_dates_time":{"created":"Publi\u00e9 le ao\u00fbt 22, 2025 11:17 pm","modified":"Mise \u00e0 jour le avril 1, 2026 11:49 am"},"featured_img_caption":"","featured_img":"https:\/\/www.ericadventures.com\/wp-content\/uploads\/banner-evento-cusco.jpg","series_order":"","_links":{"self":[{"href":"https:\/\/www.ericadventures.com\/fr\/wp-json\/wp\/v2\/pages\/38991","targetHints":{"allow":["GET"]}}],"collection":[{"href":"https:\/\/www.ericadventures.com\/fr\/wp-json\/wp\/v2\/pages"}],"about":[{"href":"https:\/\/www.ericadventures.com\/fr\/wp-json\/wp\/v2\/types\/page"}],"author":[{"embeddable":true,"href":"https:\/\/www.ericadventures.com\/fr\/wp-json\/wp\/v2\/users\/1"}],"replies":[{"embeddable":true,"href":"https:\/\/www.ericadventures.com\/fr\/wp-json\/wp\/v2\/comments?post=38991"}],"version-history":[{"count":16,"href":"https:\/\/www.ericadventures.com\/fr\/wp-json\/wp\/v2\/pages\/38991\/revisions"}],"predecessor-version":[{"id":46497,"href":"https:\/\/www.ericadventures.com\/fr\/wp-json\/wp\/v2\/pages\/38991\/revisions\/46497"}],"up":[{"embeddable":true,"href":"https:\/\/www.ericadventures.com\/fr\/wp-json\/wp\/v2\/pages\/39746"}],"wp:featuredmedia":[{"embeddable":true,"href":"https:\/\/www.ericadventures.com\/fr\/wp-json\/wp\/v2\/media\/38831"}],"wp:attachment":[{"href":"https:\/\/www.ericadventures.com\/fr\/wp-json\/wp\/v2\/media?parent=38991"}],"curies":[{"name":"wp","href":"https:\/\/api.w.org\/{rel}","templated":true}]}}