{"id":39691,"date":"2025-09-12T11:08:41","date_gmt":"2025-09-12T16:08:41","guid":{"rendered":"https:\/\/www.ericadventures.com\/?page_id=39691"},"modified":"2025-11-28T10:27:41","modified_gmt":"2025-11-28T15:27:41","slug":"palacio-nazarenas-belmond-hotel-cusco","status":"publish","type":"page","link":"https:\/\/www.ericadventures.com\/fr\/hotel\/palacio-nazarenas-belmond-hotel-cusco\/","title":{"rendered":"H\u00f4tel Belmond Palacio Nazarenas, Cusco"},"content":{"rendered":"\n<div class=\"wp-block-group\"><div class=\"wp-block-group__inner-container is-layout-constrained wp-block-group-is-layout-constrained\">\n<div class=\"wp-block-columns is-layout-flex wp-container-core-columns-is-layout-9d6595d7 wp-block-columns-is-layout-flex\">\n<div class=\"wp-block-column is-layout-flow wp-block-column-is-layout-flow\" style=\"flex-basis:100%\"><\/div>\n<\/div>\n<\/div><\/div>\n\n\n\n<figure class=\"wp-block-table\"><table class=\"has-fixed-layout\"><thead><tr><th class=\"has-text-align-center\" data-align=\"center\">Type de chambre<\/th><th class=\"has-text-align-center\" data-align=\"center\">Description<\/th><th class=\"has-text-align-center\" data-align=\"center\">Tarif en dollars am\u00e9ricains<\/th><\/tr><\/thead><tbody><tr><td class=\"has-text-align-center\" data-align=\"center\">Suite Studio<\/td><td class=\"has-text-align-center\" data-align=\"center\">1 lit king size ou 2 lits jumeaux<\/td><td class=\"has-text-align-center\" data-align=\"center\">1215<\/td><\/tr><tr><td class=\"has-text-align-center\" data-align=\"center\">Suite Studio Deluxe<\/td><td class=\"has-text-align-center\" data-align=\"center\">1 lit king size ou 2 lits jumeaux<\/td><td class=\"has-text-align-center\" data-align=\"center\">1335<\/td><\/tr><tr><td class=\"has-text-align-center\" data-align=\"center\">Suite Studio avec vue sur la ville<\/td><td class=\"has-text-align-center\" data-align=\"center\">1 lit king size ou 2 lits jumeaux<\/td><td class=\"has-text-align-center\" data-align=\"center\">1255<\/td><\/tr><tr><td class=\"has-text-align-center\" data-align=\"center\">Suite Studio Deluxe avec vue sur la ville<\/td><td class=\"has-text-align-center\" data-align=\"center\">1 lit king size ou 2 lits jumeaux<\/td><td class=\"has-text-align-center\" data-align=\"center\">1430<\/td><\/tr><tr><td class=\"has-text-align-center\" data-align=\"center\">Suite 1 chambre<\/td><td class=\"has-text-align-center\" data-align=\"center\">1 lit king size ou 2 lits jumeaux<\/td><td class=\"has-text-align-center\" data-align=\"center\">2320<\/td><\/tr><\/tbody><\/table><\/figure>\n\n\n\n<p><strong>*Les prix peuvent varier selon les disponibilit\u00e9s et la saison.<\/strong><\/p>\n\n\n\n<h3 class=\"wp-block-heading\" id=\"h-un-luxe-resolument-moderne-et-une-ame-intemporelle\"><strong>Un luxe r\u00e9solument moderne et une \u00e2me intemporelle<\/strong><\/h3>\n\n\n\n<p>Au c\u0153ur de Cusco, d\u00e9couvrez un sanctuaire o\u00f9 histoire et modernit\u00e9 s&rsquo;entrem\u00ealent avec \u00e9l\u00e9gance. Promenez-vous dans l&rsquo;ancienne cour du clo\u00eetre, entour\u00e9e de murs en pierres incas authentiques, et admirez la fontaine centrale, t\u00e9moin de si\u00e8cles d&rsquo;histoire.<\/p>\n\n\n\n<p>Mais derri\u00e8re ces murs intemporels, un Cusco vibrant et contemporain \u00e9merge. Plongez dans le premier spa de la ville avec piscine ext\u00e9rieure, une oasis de d\u00e9tente au c\u0153ur de la beaut\u00e9. Savourez des exp\u00e9riences culinaires.<\/p>\n\n\n\n<h3 class=\"wp-block-heading\" id=\"h-chambres\">CHAMBRES<\/h3>\n\n\n\n<p>Vivez l&rsquo;exp\u00e9rience unique d&rsquo;un s\u00e9jour dans un ancien couvent du XVIIe si\u00e8cle, o\u00f9 le pass\u00e9 revit avec \u00e9l\u00e9gance et authenticit\u00e9.<br>Chaque chambre et suite a \u00e9t\u00e9 soigneusement restaur\u00e9e pour pr\u00e9server son essence coloniale, alliant histoire et luxe dans les moindres d\u00e9tails.<\/p>\n\n\n\n<p>D\u00e9tendez-vous dans un lit \u00e0 baldaquin, orn\u00e9 de couvre-lits en soie finement brod\u00e9s \u00e0 la main. Profitez d&rsquo;un bain sous des fresques murales peintes \u00e0 la main et laissez-vous tenter par des produits de toilette confectionn\u00e9s avec des essences florales du palais lui-m\u00eame.<\/p>\n\n\n\n<p>Certaines suites d\u00e9voilent des murs en pierre d&rsquo;origine inca&nbsp;; d&rsquo;autres offrent une vue imprenable depuis leurs balcons priv\u00e9s sur les montagnes mystiques de Cusco, envelopp\u00e9es d&rsquo;une brume digne d&rsquo;un r\u00eave.<\/p>\n\n\n\n<div class=\"wp-block-columns is-layout-flex wp-container-core-columns-is-layout-9d6595d7 wp-block-columns-is-layout-flex\">\n<div class=\"wp-block-column is-layout-flow wp-block-column-is-layout-flow\"><\/div>\n\n\n\n<div class=\"wp-block-column is-layout-flow wp-block-column-is-layout-flow\"><\/div>\n\n\n\n<div class=\"wp-block-column is-layout-flow wp-block-column-is-layout-flow\"><\/div>\n<\/div>\n\n\n\n<p><\/p>\n","protected":false},"excerpt":{"rendered":"<p>Type de chambre Description Tarif en dollars am\u00e9ricains Suite Studio 1 lit king size ou 2 lits jumeaux 1215 Suite [&hellip;]<\/p>\n","protected":false},"author":4,"featured_media":39657,"parent":39746,"menu_order":0,"comment_status":"closed","ping_status":"closed","template":"page-hotel.php","meta":{"_acf_changed":false,"advgb_blocks_editor_width":"","advgb_blocks_columns_visual_guide":"","footnotes":""},"class_list":["post-39691","page","type-page","status-publish","has-post-thumbnail","hentry"],"acf":[],"yoast_head":"<!-- This site is optimized with the Yoast SEO Premium plugin v25.4 (Yoast SEO v26.9) - https:\/\/yoast.com\/product\/yoast-seo-premium-wordpress\/ -->\n<title>H\u00f4tel Belmond Palacio Nazarenas, Cusco<\/title>\n<meta name=\"description\" content=\"L&#039;h\u00f4tel Palacio Nazarenas Belmond est un ancien couvent du XVIIIe si\u00e8cle, luxueux et moderne, \u00e0 l&#039;\u00e2me intemporelle, situ\u00e9 au c\u0153ur de Cusco.\" \/>\n<meta name=\"robots\" content=\"index, follow, max-snippet:-1, max-image-preview:large, max-video-preview:-1\" \/>\n<link rel=\"canonical\" href=\"https:\/\/www.ericadventures.com\/fr\/hotel\/palacio-nazarenas-belmond-hotel-cusco\/\" \/>\n<meta property=\"og:locale\" content=\"fr_FR\" \/>\n<meta property=\"og:type\" content=\"article\" \/>\n<meta property=\"og:title\" content=\"H\u00f4tel Belmond Palacio Nazarenas, Cusco\" \/>\n<meta property=\"og:description\" content=\"L&#039;h\u00f4tel Palacio Nazarenas Belmond est un ancien couvent du XVIIIe si\u00e8cle, luxueux et moderne, \u00e0 l&#039;\u00e2me intemporelle, situ\u00e9 au c\u0153ur de Cusco.\" \/>\n<meta property=\"og:url\" content=\"https:\/\/www.ericadventures.com\/fr\/hotel\/palacio-nazarenas-belmond-hotel-cusco\/\" \/>\n<meta property=\"og:site_name\" content=\"Eric Adventures\" \/>\n<meta property=\"article:modified_time\" content=\"2025-11-28T15:27:41+00:00\" \/>\n<meta property=\"og:image\" content=\"https:\/\/www.ericadventures.com\/wp-content\/uploads\/Palacio-Nazarenas-hotel.jpg\" \/>\n\t<meta property=\"og:image:width\" content=\"636\" \/>\n\t<meta property=\"og:image:height\" content=\"633\" \/>\n\t<meta property=\"og:image:type\" content=\"image\/jpeg\" \/>\n<meta name=\"twitter:card\" content=\"summary_large_image\" \/>\n<meta name=\"twitter:label1\" content=\"Dur\u00e9e de lecture estim\u00e9e\" \/>\n\t<meta name=\"twitter:data1\" content=\"2 minutes\" \/>\n<script type=\"application\/ld+json\" class=\"yoast-schema-graph\">{\"@context\":\"https:\/\/schema.org\",\"@graph\":[{\"@type\":\"WebPage\",\"@id\":\"https:\/\/www.ericadventures.com\/fr\/hotel\/palacio-nazarenas-belmond-hotel-cusco\/\",\"url\":\"https:\/\/www.ericadventures.com\/fr\/hotel\/palacio-nazarenas-belmond-hotel-cusco\/\",\"name\":\"H\u00f4tel Belmond Palacio Nazarenas, Cusco\",\"isPartOf\":{\"@id\":\"https:\/\/www.ericadventures.com\/en\/#website\"},\"primaryImageOfPage\":{\"@id\":\"https:\/\/www.ericadventures.com\/fr\/hotel\/palacio-nazarenas-belmond-hotel-cusco\/#primaryimage\"},\"image\":{\"@id\":\"https:\/\/www.ericadventures.com\/fr\/hotel\/palacio-nazarenas-belmond-hotel-cusco\/#primaryimage\"},\"thumbnailUrl\":\"https:\/\/www.ericadventures.com\/wp-content\/uploads\/Palacio-Nazarenas-hotel.jpg\",\"datePublished\":\"2025-09-12T16:08:41+00:00\",\"dateModified\":\"2025-11-28T15:27:41+00:00\",\"description\":\"L'h\u00f4tel Palacio Nazarenas Belmond est un ancien couvent du XVIIIe si\u00e8cle, luxueux et moderne, \u00e0 l'\u00e2me intemporelle, situ\u00e9 au c\u0153ur de Cusco.\",\"breadcrumb\":{\"@id\":\"https:\/\/www.ericadventures.com\/fr\/hotel\/palacio-nazarenas-belmond-hotel-cusco\/#breadcrumb\"},\"inLanguage\":\"fr-FR\",\"potentialAction\":[{\"@type\":\"ReadAction\",\"target\":[\"https:\/\/www.ericadventures.com\/fr\/hotel\/palacio-nazarenas-belmond-hotel-cusco\/\"]}]},{\"@type\":\"ImageObject\",\"inLanguage\":\"fr-FR\",\"@id\":\"https:\/\/www.ericadventures.com\/fr\/hotel\/palacio-nazarenas-belmond-hotel-cusco\/#primaryimage\",\"url\":\"https:\/\/www.ericadventures.com\/wp-content\/uploads\/Palacio-Nazarenas-hotel.jpg\",\"contentUrl\":\"https:\/\/www.ericadventures.com\/wp-content\/uploads\/Palacio-Nazarenas-hotel.jpg\",\"width\":636,\"height\":633,\"caption\":\"Palacio Nazarenas Belmond Hotel\"},{\"@type\":\"BreadcrumbList\",\"@id\":\"https:\/\/www.ericadventures.com\/fr\/hotel\/palacio-nazarenas-belmond-hotel-cusco\/#breadcrumb\",\"itemListElement\":[{\"@type\":\"ListItem\",\"position\":1,\"name\":\"Home\",\"item\":\"https:\/\/www.ericadventures.com\/fr\/\"},{\"@type\":\"ListItem\",\"position\":2,\"name\":\"Hotels\",\"item\":\"https:\/\/www.ericadventures.com\/fr\/hotel\/\"},{\"@type\":\"ListItem\",\"position\":3,\"name\":\"H\u00f4tel Belmond Palacio Nazarenas, Cusco\"}]},{\"@type\":\"WebSite\",\"@id\":\"https:\/\/www.ericadventures.com\/en\/#website\",\"url\":\"https:\/\/www.ericadventures.com\/en\/\",\"name\":\"Eric Adventures\",\"description\":\"\",\"publisher\":{\"@id\":\"https:\/\/www.ericadventures.com\/en\/#organization\"},\"alternateName\":\"Eric Adventures\",\"potentialAction\":[{\"@type\":\"SearchAction\",\"target\":{\"@type\":\"EntryPoint\",\"urlTemplate\":\"https:\/\/www.ericadventures.com\/en\/?s={search_term_string}\"},\"query-input\":{\"@type\":\"PropertyValueSpecification\",\"valueRequired\":true,\"valueName\":\"search_term_string\"}}],\"inLanguage\":\"fr-FR\"},{\"@type\":\"Organization\",\"@id\":\"https:\/\/www.ericadventures.com\/en\/#organization\",\"name\":\"Eric Adventures\",\"url\":\"https:\/\/www.ericadventures.com\/en\/\",\"logo\":{\"@type\":\"ImageObject\",\"inLanguage\":\"fr-FR\",\"@id\":\"https:\/\/www.ericadventures.com\/en\/#\/schema\/logo\/image\/\",\"url\":\"https:\/\/www.ericadventures.com\/wp-content\/uploads\/logo-ericadventures.png\",\"contentUrl\":\"https:\/\/www.ericadventures.com\/wp-content\/uploads\/logo-ericadventures.png\",\"width\":500,\"height\":106,\"caption\":\"Eric Adventures\"},\"image\":{\"@id\":\"https:\/\/www.ericadventures.com\/en\/#\/schema\/logo\/image\/\"}}]}<\/script>\n<!-- \/ Yoast SEO Premium plugin. -->","yoast_head_json":{"title":"H\u00f4tel Belmond Palacio Nazarenas, Cusco","description":"L'h\u00f4tel Palacio Nazarenas Belmond est un ancien couvent du XVIIIe si\u00e8cle, luxueux et moderne, \u00e0 l'\u00e2me intemporelle, situ\u00e9 au c\u0153ur de Cusco.","robots":{"index":"index","follow":"follow","max-snippet":"max-snippet:-1","max-image-preview":"max-image-preview:large","max-video-preview":"max-video-preview:-1"},"canonical":"https:\/\/www.ericadventures.com\/fr\/hotel\/palacio-nazarenas-belmond-hotel-cusco\/","og_locale":"fr_FR","og_type":"article","og_title":"H\u00f4tel Belmond Palacio Nazarenas, Cusco","og_description":"L'h\u00f4tel Palacio Nazarenas Belmond est un ancien couvent du XVIIIe si\u00e8cle, luxueux et moderne, \u00e0 l'\u00e2me intemporelle, situ\u00e9 au c\u0153ur de Cusco.","og_url":"https:\/\/www.ericadventures.com\/fr\/hotel\/palacio-nazarenas-belmond-hotel-cusco\/","og_site_name":"Eric Adventures","article_modified_time":"2025-11-28T15:27:41+00:00","og_image":[{"width":636,"height":633,"url":"https:\/\/www.ericadventures.com\/wp-content\/uploads\/Palacio-Nazarenas-hotel.jpg","type":"image\/jpeg"}],"twitter_card":"summary_large_image","twitter_misc":{"Dur\u00e9e de lecture estim\u00e9e":"2 minutes"},"schema":{"@context":"https:\/\/schema.org","@graph":[{"@type":"WebPage","@id":"https:\/\/www.ericadventures.com\/fr\/hotel\/palacio-nazarenas-belmond-hotel-cusco\/","url":"https:\/\/www.ericadventures.com\/fr\/hotel\/palacio-nazarenas-belmond-hotel-cusco\/","name":"H\u00f4tel Belmond Palacio Nazarenas, Cusco","isPartOf":{"@id":"https:\/\/www.ericadventures.com\/en\/#website"},"primaryImageOfPage":{"@id":"https:\/\/www.ericadventures.com\/fr\/hotel\/palacio-nazarenas-belmond-hotel-cusco\/#primaryimage"},"image":{"@id":"https:\/\/www.ericadventures.com\/fr\/hotel\/palacio-nazarenas-belmond-hotel-cusco\/#primaryimage"},"thumbnailUrl":"https:\/\/www.ericadventures.com\/wp-content\/uploads\/Palacio-Nazarenas-hotel.jpg","datePublished":"2025-09-12T16:08:41+00:00","dateModified":"2025-11-28T15:27:41+00:00","description":"L'h\u00f4tel Palacio Nazarenas Belmond est un ancien couvent du XVIIIe si\u00e8cle, luxueux et moderne, \u00e0 l'\u00e2me intemporelle, situ\u00e9 au c\u0153ur de Cusco.","breadcrumb":{"@id":"https:\/\/www.ericadventures.com\/fr\/hotel\/palacio-nazarenas-belmond-hotel-cusco\/#breadcrumb"},"inLanguage":"fr-FR","potentialAction":[{"@type":"ReadAction","target":["https:\/\/www.ericadventures.com\/fr\/hotel\/palacio-nazarenas-belmond-hotel-cusco\/"]}]},{"@type":"ImageObject","inLanguage":"fr-FR","@id":"https:\/\/www.ericadventures.com\/fr\/hotel\/palacio-nazarenas-belmond-hotel-cusco\/#primaryimage","url":"https:\/\/www.ericadventures.com\/wp-content\/uploads\/Palacio-Nazarenas-hotel.jpg","contentUrl":"https:\/\/www.ericadventures.com\/wp-content\/uploads\/Palacio-Nazarenas-hotel.jpg","width":636,"height":633,"caption":"Palacio Nazarenas Belmond Hotel"},{"@type":"BreadcrumbList","@id":"https:\/\/www.ericadventures.com\/fr\/hotel\/palacio-nazarenas-belmond-hotel-cusco\/#breadcrumb","itemListElement":[{"@type":"ListItem","position":1,"name":"Home","item":"https:\/\/www.ericadventures.com\/fr\/"},{"@type":"ListItem","position":2,"name":"Hotels","item":"https:\/\/www.ericadventures.com\/fr\/hotel\/"},{"@type":"ListItem","position":3,"name":"H\u00f4tel Belmond Palacio Nazarenas, Cusco"}]},{"@type":"WebSite","@id":"https:\/\/www.ericadventures.com\/en\/#website","url":"https:\/\/www.ericadventures.com\/en\/","name":"Eric Adventures","description":"","publisher":{"@id":"https:\/\/www.ericadventures.com\/en\/#organization"},"alternateName":"Eric Adventures","potentialAction":[{"@type":"SearchAction","target":{"@type":"EntryPoint","urlTemplate":"https:\/\/www.ericadventures.com\/en\/?s={search_term_string}"},"query-input":{"@type":"PropertyValueSpecification","valueRequired":true,"valueName":"search_term_string"}}],"inLanguage":"fr-FR"},{"@type":"Organization","@id":"https:\/\/www.ericadventures.com\/en\/#organization","name":"Eric Adventures","url":"https:\/\/www.ericadventures.com\/en\/","logo":{"@type":"ImageObject","inLanguage":"fr-FR","@id":"https:\/\/www.ericadventures.com\/en\/#\/schema\/logo\/image\/","url":"https:\/\/www.ericadventures.com\/wp-content\/uploads\/logo-ericadventures.png","contentUrl":"https:\/\/www.ericadventures.com\/wp-content\/uploads\/logo-ericadventures.png","width":500,"height":106,"caption":"Eric Adventures"},"image":{"@id":"https:\/\/www.ericadventures.com\/en\/#\/schema\/logo\/image\/"}}]}},"coauthors":[],"author_meta":{"author_link":"https:\/\/www.ericadventures.com\/fr\/author\/marilyn\/","display_name":"Marilyn Ayma Gomez"},"relative_dates":{"created":"Publi\u00e9 8 mois il y a","modified":"Mis \u00e0 jour 5 mois il y a"},"absolute_dates":{"created":"Publi\u00e9 le septembre 12, 2025","modified":"Mise \u00e0 jour le novembre 28, 2025"},"absolute_dates_time":{"created":"Publi\u00e9 le septembre 12, 2025 11:08 am","modified":"Mise \u00e0 jour le novembre 28, 2025 10:27 am"},"featured_img_caption":"","featured_img":"https:\/\/www.ericadventures.com\/wp-content\/uploads\/Palacio-Nazarenas-hotel.jpg","series_order":"","_links":{"self":[{"href":"https:\/\/www.ericadventures.com\/fr\/wp-json\/wp\/v2\/pages\/39691","targetHints":{"allow":["GET"]}}],"collection":[{"href":"https:\/\/www.ericadventures.com\/fr\/wp-json\/wp\/v2\/pages"}],"about":[{"href":"https:\/\/www.ericadventures.com\/fr\/wp-json\/wp\/v2\/types\/page"}],"author":[{"embeddable":true,"href":"https:\/\/www.ericadventures.com\/fr\/wp-json\/wp\/v2\/users\/4"}],"replies":[{"embeddable":true,"href":"https:\/\/www.ericadventures.com\/fr\/wp-json\/wp\/v2\/comments?post=39691"}],"version-history":[{"count":6,"href":"https:\/\/www.ericadventures.com\/fr\/wp-json\/wp\/v2\/pages\/39691\/revisions"}],"predecessor-version":[{"id":43458,"href":"https:\/\/www.ericadventures.com\/fr\/wp-json\/wp\/v2\/pages\/39691\/revisions\/43458"}],"up":[{"embeddable":true,"href":"https:\/\/www.ericadventures.com\/fr\/wp-json\/wp\/v2\/pages\/39746"}],"wp:featuredmedia":[{"embeddable":true,"href":"https:\/\/www.ericadventures.com\/fr\/wp-json\/wp\/v2\/media\/39657"}],"wp:attachment":[{"href":"https:\/\/www.ericadventures.com\/fr\/wp-json\/wp\/v2\/media?parent=39691"}],"curies":[{"name":"wp","href":"https:\/\/api.w.org\/{rel}","templated":true}]}}