{"id":39855,"date":"2025-09-13T11:49:27","date_gmt":"2025-09-13T16:49:27","guid":{"rendered":"https:\/\/www.ericadventures.com\/hotel\/palacio-del-inca-luxury-collection-hotel-cusco\/"},"modified":"2025-11-28T11:14:49","modified_gmt":"2025-11-28T16:14:49","slug":"palacio-del-inca-luxury-collection-hotel-cusco","status":"publish","type":"page","link":"https:\/\/www.ericadventures.com\/fr\/hotel\/palacio-del-inca-luxury-collection-hotel-cusco\/","title":{"rendered":"H\u00f4tel Palacio del Inca Luxury Collection, Cusco"},"content":{"rendered":"\n<div class=\"wp-block-group\"><div class=\"wp-block-group__inner-container is-layout-constrained wp-block-group-is-layout-constrained\">\n<div class=\"wp-block-columns is-layout-flex wp-container-core-columns-is-layout-9d6595d7 wp-block-columns-is-layout-flex\">\n<div class=\"wp-block-column is-layout-flow wp-block-column-is-layout-flow\" style=\"flex-basis:100%\"><\/div>\n<\/div>\n<\/div><\/div>\n\n\n\n<figure class=\"wp-block-table\"><table class=\"has-fixed-layout\"><thead><tr><th class=\"has-text-align-center\" data-align=\"center\">Type de chambre<\/th><th class=\"has-text-align-center\" data-align=\"center\">Description<\/th><th class=\"has-text-align-center\" data-align=\"center\">Prix en dollars am\u00e9ricains<\/th><\/tr><\/thead><tbody><tr><td class=\"has-text-align-center\" data-align=\"center\">Chambre Classique<\/td><td class=\"has-text-align-center\" data-align=\"center\">1 lit King Size ou 2 lits doubles<\/td><td class=\"has-text-align-center\" data-align=\"center\">435<\/td><\/tr><tr><td class=\"has-text-align-center\" data-align=\"center\">Chambre Deluxe<\/td><td class=\"has-text-align-center\" data-align=\"center\">1 lit King Size ou 2 lits doubles<\/td><td class=\"has-text-align-center\" data-align=\"center\">460<\/td><\/tr><tr><td class=\"has-text-align-center\" data-align=\"center\">Suite Junior Imp\u00e9riale<\/td><td class=\"has-text-align-center\" data-align=\"center\">1 lit King Size ou 2 lits doubles<\/td><td class=\"has-text-align-center\" data-align=\"center\">460<\/td><\/tr><tr><td class=\"has-text-align-center\" data-align=\"center\">Suite Une Chambre<\/td><td class=\"has-text-align-center\" data-align=\"center\">1 lit King Size ou 2 lits doubles<\/td><td class=\"has-text-align-center\" data-align=\"center\">525<\/td><\/tr><tr><td class=\"has-text-align-center\" data-align=\"center\">Suite Familiale<\/td><td class=\"has-text-align-center\" data-align=\"center\">1 lit King Size ou 2 lits doubles<\/td><td class=\"has-text-align-center\" data-align=\"center\">590<\/td><\/tr><\/tbody><\/table><\/figure>\n\n\n\n<p><strong>*Les prix peuvent varier selon les disponibilit\u00e9s et la saison.<\/strong><\/p>\n\n\n\n<h3 class=\"wp-block-heading\" id=\"h-decouvrez-l-histoire-et-le-luxe-au-coeur-de-cusco\"><strong>D\u00e9couvrez l&rsquo;histoire et le luxe au c\u0153ur de Cusco<\/strong><\/h3>\n\n\n\n<p>D\u00e9couvrez la magie de Cusco depuis un joyau architectural comptant plus de cinq monuments historiques&nbsp;: notre h\u00f4tel, situ\u00e9 dans l&#8217;embl\u00e9matique Palacio del Inca. Situ\u00e9 au c\u0153ur du centre historique, face au Koricancha sacr\u00e9, le l\u00e9gendaire Temple du Soleil, ici, la grandeur du pass\u00e9 se m\u00eale au luxe contemporain.<\/p>\n\n\n\n<p>Plongez dans l&rsquo;atmosph\u00e8re unique de cet ancien palais, o\u00f9 chaque recoin raconte une histoire. Admirez les arches en pierre, l&rsquo;art colonial original et les antiquit\u00e9s dor\u00e9es qui \u00e9voquent la richesse culturelle du P\u00e9rou.<\/p>\n\n\n\n<p>Des saveurs qui conqui\u00e8rent. Vivez une exp\u00e9rience culinaire inoubliable \u00e0 l&rsquo;Inti Raymi, notre restaurant phare, o\u00f9 la cuisine p\u00e9ruvienne rencontre la cr\u00e9ativit\u00e9 \u00e9picurienne. Compl\u00e9tez votre s\u00e9jour avec une s\u00e9lection exclusive de vins, s\u00e9lectionn\u00e9s par notre ma\u00eetre sommelier expert.<\/p>\n\n\n\n<p>D\u00e9tente absolue. Ressourcez-vous corps et \u00e2me au Andes Spirit Spa, une oasis de bien-\u00eatre inspir\u00e9e des traditions andines ancestrales, avec des soins et massages personnalis\u00e9s.<\/p>\n\n\n\n<h3 class=\"wp-block-heading\" id=\"h-chambres\">CHAMBRES<\/h3>\n\n\n\n<p>Nos chambres et suites \u00e9l\u00e9gantes, d\u00e9cor\u00e9es dans un style colonial et aux couleurs chaleureuses inspir\u00e9es du patrimoine local, offrent un refuge intime et sophistiqu\u00e9 en plein c\u0153ur de la ville.<\/p>\n\n\n\n<p>\u00c0 deux pas des mus\u00e9es, des boutiques artisanales et de la vibrante Plaza de Armas, vous d\u00e9couvrirez Cusco comme jamais auparavant&nbsp;: histoire, luxe et authenticit\u00e9 \u00e0 chaque instant.<\/p>\n\n\n\n<p><\/p>\n\n\n\n<p><\/p>\n\n\n\n<p><br><\/p>\n\n\n\n<div class=\"wp-block-columns is-layout-flex wp-container-core-columns-is-layout-9d6595d7 wp-block-columns-is-layout-flex\">\n<div class=\"wp-block-column is-layout-flow wp-block-column-is-layout-flow\"><\/div>\n\n\n\n<div class=\"wp-block-column is-layout-flow wp-block-column-is-layout-flow\"><\/div>\n\n\n\n<div class=\"wp-block-column is-layout-flow wp-block-column-is-layout-flow\"><\/div>\n<\/div>\n\n\n\n<p><\/p>\n","protected":false},"excerpt":{"rendered":"<p>Type de chambre Description Prix en dollars am\u00e9ricains Chambre Classique 1 lit King Size ou 2 lits doubles 435 Chambre [&hellip;]<\/p>\n","protected":false},"author":4,"featured_media":39805,"parent":39746,"menu_order":0,"comment_status":"closed","ping_status":"closed","template":"page-hotel.php","meta":{"_acf_changed":false,"advgb_blocks_editor_width":"","advgb_blocks_columns_visual_guide":"","footnotes":""},"class_list":["post-39855","page","type-page","status-publish","has-post-thumbnail","hentry"],"acf":[],"yoast_head":"<!-- This site is optimized with the Yoast SEO Premium plugin v25.4 (Yoast SEO v26.9) - https:\/\/yoast.com\/product\/yoast-seo-premium-wordpress\/ -->\n<title>H\u00f4tel Palacio del Inca Luxury Collection, Cusco<\/title>\n<meta name=\"description\" content=\"D\u00e9couvrez la magie de Cusco depuis un joyau architectural. L&#039;h\u00f4tel, situ\u00e9 dans l&#039;embl\u00e9matique palais inca, se trouve au c\u0153ur du centre historique.\" \/>\n<meta name=\"robots\" content=\"index, follow, max-snippet:-1, max-image-preview:large, max-video-preview:-1\" \/>\n<link rel=\"canonical\" href=\"https:\/\/www.ericadventures.com\/fr\/hotel\/palacio-del-inca-luxury-collection-hotel-cusco\/\" \/>\n<meta property=\"og:locale\" content=\"fr_FR\" \/>\n<meta property=\"og:type\" content=\"article\" \/>\n<meta property=\"og:title\" content=\"H\u00f4tel Palacio del Inca Luxury Collection, Cusco\" \/>\n<meta property=\"og:description\" content=\"D\u00e9couvrez la magie de Cusco depuis un joyau architectural. L&#039;h\u00f4tel, situ\u00e9 dans l&#039;embl\u00e9matique palais inca, se trouve au c\u0153ur du centre historique.\" \/>\n<meta property=\"og:url\" content=\"https:\/\/www.ericadventures.com\/fr\/hotel\/palacio-del-inca-luxury-collection-hotel-cusco\/\" \/>\n<meta property=\"og:site_name\" content=\"Eric Adventures\" \/>\n<meta property=\"article:modified_time\" content=\"2025-11-28T16:14:49+00:00\" \/>\n<meta property=\"og:image\" content=\"https:\/\/www.ericadventures.com\/wp-content\/uploads\/Patio-Palacio-del-Inka.jpg\" \/>\n\t<meta property=\"og:image:width\" content=\"622\" \/>\n\t<meta property=\"og:image:height\" content=\"424\" \/>\n\t<meta property=\"og:image:type\" content=\"image\/jpeg\" \/>\n<meta name=\"twitter:card\" content=\"summary_large_image\" \/>\n<meta name=\"twitter:label1\" content=\"Dur\u00e9e de lecture estim\u00e9e\" \/>\n\t<meta name=\"twitter:data1\" content=\"2 minutes\" \/>\n<script type=\"application\/ld+json\" class=\"yoast-schema-graph\">{\"@context\":\"https:\/\/schema.org\",\"@graph\":[{\"@type\":\"WebPage\",\"@id\":\"https:\/\/www.ericadventures.com\/fr\/hotel\/palacio-del-inca-luxury-collection-hotel-cusco\/\",\"url\":\"https:\/\/www.ericadventures.com\/fr\/hotel\/palacio-del-inca-luxury-collection-hotel-cusco\/\",\"name\":\"H\u00f4tel Palacio del Inca Luxury Collection, Cusco\",\"isPartOf\":{\"@id\":\"https:\/\/www.ericadventures.com\/en\/#website\"},\"primaryImageOfPage\":{\"@id\":\"https:\/\/www.ericadventures.com\/fr\/hotel\/palacio-del-inca-luxury-collection-hotel-cusco\/#primaryimage\"},\"image\":{\"@id\":\"https:\/\/www.ericadventures.com\/fr\/hotel\/palacio-del-inca-luxury-collection-hotel-cusco\/#primaryimage\"},\"thumbnailUrl\":\"https:\/\/www.ericadventures.com\/wp-content\/uploads\/Patio-Palacio-del-Inka.jpg\",\"datePublished\":\"2025-09-13T16:49:27+00:00\",\"dateModified\":\"2025-11-28T16:14:49+00:00\",\"description\":\"D\u00e9couvrez la magie de Cusco depuis un joyau architectural. L'h\u00f4tel, situ\u00e9 dans l'embl\u00e9matique palais inca, se trouve au c\u0153ur du centre historique.\",\"breadcrumb\":{\"@id\":\"https:\/\/www.ericadventures.com\/fr\/hotel\/palacio-del-inca-luxury-collection-hotel-cusco\/#breadcrumb\"},\"inLanguage\":\"fr-FR\",\"potentialAction\":[{\"@type\":\"ReadAction\",\"target\":[\"https:\/\/www.ericadventures.com\/fr\/hotel\/palacio-del-inca-luxury-collection-hotel-cusco\/\"]}]},{\"@type\":\"ImageObject\",\"inLanguage\":\"fr-FR\",\"@id\":\"https:\/\/www.ericadventures.com\/fr\/hotel\/palacio-del-inca-luxury-collection-hotel-cusco\/#primaryimage\",\"url\":\"https:\/\/www.ericadventures.com\/wp-content\/uploads\/Patio-Palacio-del-Inka.jpg\",\"contentUrl\":\"https:\/\/www.ericadventures.com\/wp-content\/uploads\/Patio-Palacio-del-Inka.jpg\",\"width\":622,\"height\":424,\"caption\":\"Palacio del Inca Luxury Collection Hotel\"},{\"@type\":\"BreadcrumbList\",\"@id\":\"https:\/\/www.ericadventures.com\/fr\/hotel\/palacio-del-inca-luxury-collection-hotel-cusco\/#breadcrumb\",\"itemListElement\":[{\"@type\":\"ListItem\",\"position\":1,\"name\":\"Home\",\"item\":\"https:\/\/www.ericadventures.com\/fr\/\"},{\"@type\":\"ListItem\",\"position\":2,\"name\":\"Hotels\",\"item\":\"https:\/\/www.ericadventures.com\/fr\/hotel\/\"},{\"@type\":\"ListItem\",\"position\":3,\"name\":\"H\u00f4tel Palacio del Inca Luxury Collection, Cusco\"}]},{\"@type\":\"WebSite\",\"@id\":\"https:\/\/www.ericadventures.com\/en\/#website\",\"url\":\"https:\/\/www.ericadventures.com\/en\/\",\"name\":\"Eric Adventures\",\"description\":\"\",\"publisher\":{\"@id\":\"https:\/\/www.ericadventures.com\/en\/#organization\"},\"alternateName\":\"Eric Adventures\",\"potentialAction\":[{\"@type\":\"SearchAction\",\"target\":{\"@type\":\"EntryPoint\",\"urlTemplate\":\"https:\/\/www.ericadventures.com\/en\/?s={search_term_string}\"},\"query-input\":{\"@type\":\"PropertyValueSpecification\",\"valueRequired\":true,\"valueName\":\"search_term_string\"}}],\"inLanguage\":\"fr-FR\"},{\"@type\":\"Organization\",\"@id\":\"https:\/\/www.ericadventures.com\/en\/#organization\",\"name\":\"Eric Adventures\",\"url\":\"https:\/\/www.ericadventures.com\/en\/\",\"logo\":{\"@type\":\"ImageObject\",\"inLanguage\":\"fr-FR\",\"@id\":\"https:\/\/www.ericadventures.com\/en\/#\/schema\/logo\/image\/\",\"url\":\"https:\/\/www.ericadventures.com\/wp-content\/uploads\/logo-ericadventures.png\",\"contentUrl\":\"https:\/\/www.ericadventures.com\/wp-content\/uploads\/logo-ericadventures.png\",\"width\":500,\"height\":106,\"caption\":\"Eric Adventures\"},\"image\":{\"@id\":\"https:\/\/www.ericadventures.com\/en\/#\/schema\/logo\/image\/\"}}]}<\/script>\n<!-- \/ Yoast SEO Premium plugin. -->","yoast_head_json":{"title":"H\u00f4tel Palacio del Inca Luxury Collection, Cusco","description":"D\u00e9couvrez la magie de Cusco depuis un joyau architectural. L'h\u00f4tel, situ\u00e9 dans l'embl\u00e9matique palais inca, se trouve au c\u0153ur du centre historique.","robots":{"index":"index","follow":"follow","max-snippet":"max-snippet:-1","max-image-preview":"max-image-preview:large","max-video-preview":"max-video-preview:-1"},"canonical":"https:\/\/www.ericadventures.com\/fr\/hotel\/palacio-del-inca-luxury-collection-hotel-cusco\/","og_locale":"fr_FR","og_type":"article","og_title":"H\u00f4tel Palacio del Inca Luxury Collection, Cusco","og_description":"D\u00e9couvrez la magie de Cusco depuis un joyau architectural. L'h\u00f4tel, situ\u00e9 dans l'embl\u00e9matique palais inca, se trouve au c\u0153ur du centre historique.","og_url":"https:\/\/www.ericadventures.com\/fr\/hotel\/palacio-del-inca-luxury-collection-hotel-cusco\/","og_site_name":"Eric Adventures","article_modified_time":"2025-11-28T16:14:49+00:00","og_image":[{"width":622,"height":424,"url":"https:\/\/www.ericadventures.com\/wp-content\/uploads\/Patio-Palacio-del-Inka.jpg","type":"image\/jpeg"}],"twitter_card":"summary_large_image","twitter_misc":{"Dur\u00e9e de lecture estim\u00e9e":"2 minutes"},"schema":{"@context":"https:\/\/schema.org","@graph":[{"@type":"WebPage","@id":"https:\/\/www.ericadventures.com\/fr\/hotel\/palacio-del-inca-luxury-collection-hotel-cusco\/","url":"https:\/\/www.ericadventures.com\/fr\/hotel\/palacio-del-inca-luxury-collection-hotel-cusco\/","name":"H\u00f4tel Palacio del Inca Luxury Collection, Cusco","isPartOf":{"@id":"https:\/\/www.ericadventures.com\/en\/#website"},"primaryImageOfPage":{"@id":"https:\/\/www.ericadventures.com\/fr\/hotel\/palacio-del-inca-luxury-collection-hotel-cusco\/#primaryimage"},"image":{"@id":"https:\/\/www.ericadventures.com\/fr\/hotel\/palacio-del-inca-luxury-collection-hotel-cusco\/#primaryimage"},"thumbnailUrl":"https:\/\/www.ericadventures.com\/wp-content\/uploads\/Patio-Palacio-del-Inka.jpg","datePublished":"2025-09-13T16:49:27+00:00","dateModified":"2025-11-28T16:14:49+00:00","description":"D\u00e9couvrez la magie de Cusco depuis un joyau architectural. L'h\u00f4tel, situ\u00e9 dans l'embl\u00e9matique palais inca, se trouve au c\u0153ur du centre historique.","breadcrumb":{"@id":"https:\/\/www.ericadventures.com\/fr\/hotel\/palacio-del-inca-luxury-collection-hotel-cusco\/#breadcrumb"},"inLanguage":"fr-FR","potentialAction":[{"@type":"ReadAction","target":["https:\/\/www.ericadventures.com\/fr\/hotel\/palacio-del-inca-luxury-collection-hotel-cusco\/"]}]},{"@type":"ImageObject","inLanguage":"fr-FR","@id":"https:\/\/www.ericadventures.com\/fr\/hotel\/palacio-del-inca-luxury-collection-hotel-cusco\/#primaryimage","url":"https:\/\/www.ericadventures.com\/wp-content\/uploads\/Patio-Palacio-del-Inka.jpg","contentUrl":"https:\/\/www.ericadventures.com\/wp-content\/uploads\/Patio-Palacio-del-Inka.jpg","width":622,"height":424,"caption":"Palacio del Inca Luxury Collection Hotel"},{"@type":"BreadcrumbList","@id":"https:\/\/www.ericadventures.com\/fr\/hotel\/palacio-del-inca-luxury-collection-hotel-cusco\/#breadcrumb","itemListElement":[{"@type":"ListItem","position":1,"name":"Home","item":"https:\/\/www.ericadventures.com\/fr\/"},{"@type":"ListItem","position":2,"name":"Hotels","item":"https:\/\/www.ericadventures.com\/fr\/hotel\/"},{"@type":"ListItem","position":3,"name":"H\u00f4tel Palacio del Inca Luxury Collection, Cusco"}]},{"@type":"WebSite","@id":"https:\/\/www.ericadventures.com\/en\/#website","url":"https:\/\/www.ericadventures.com\/en\/","name":"Eric Adventures","description":"","publisher":{"@id":"https:\/\/www.ericadventures.com\/en\/#organization"},"alternateName":"Eric Adventures","potentialAction":[{"@type":"SearchAction","target":{"@type":"EntryPoint","urlTemplate":"https:\/\/www.ericadventures.com\/en\/?s={search_term_string}"},"query-input":{"@type":"PropertyValueSpecification","valueRequired":true,"valueName":"search_term_string"}}],"inLanguage":"fr-FR"},{"@type":"Organization","@id":"https:\/\/www.ericadventures.com\/en\/#organization","name":"Eric Adventures","url":"https:\/\/www.ericadventures.com\/en\/","logo":{"@type":"ImageObject","inLanguage":"fr-FR","@id":"https:\/\/www.ericadventures.com\/en\/#\/schema\/logo\/image\/","url":"https:\/\/www.ericadventures.com\/wp-content\/uploads\/logo-ericadventures.png","contentUrl":"https:\/\/www.ericadventures.com\/wp-content\/uploads\/logo-ericadventures.png","width":500,"height":106,"caption":"Eric Adventures"},"image":{"@id":"https:\/\/www.ericadventures.com\/en\/#\/schema\/logo\/image\/"}}]}},"coauthors":[],"author_meta":{"author_link":"https:\/\/www.ericadventures.com\/fr\/author\/marilyn\/","display_name":"Marilyn Ayma Gomez"},"relative_dates":{"created":"Publi\u00e9 7 mois il y a","modified":"Mis \u00e0 jour 5 mois il y a"},"absolute_dates":{"created":"Publi\u00e9 le septembre 13, 2025","modified":"Mise \u00e0 jour le novembre 28, 2025"},"absolute_dates_time":{"created":"Publi\u00e9 le septembre 13, 2025 11:49 am","modified":"Mise \u00e0 jour le novembre 28, 2025 11:14 am"},"featured_img_caption":"","featured_img":"https:\/\/www.ericadventures.com\/wp-content\/uploads\/Patio-Palacio-del-Inka.jpg","series_order":"","_links":{"self":[{"href":"https:\/\/www.ericadventures.com\/fr\/wp-json\/wp\/v2\/pages\/39855","targetHints":{"allow":["GET"]}}],"collection":[{"href":"https:\/\/www.ericadventures.com\/fr\/wp-json\/wp\/v2\/pages"}],"about":[{"href":"https:\/\/www.ericadventures.com\/fr\/wp-json\/wp\/v2\/types\/page"}],"author":[{"embeddable":true,"href":"https:\/\/www.ericadventures.com\/fr\/wp-json\/wp\/v2\/users\/4"}],"replies":[{"embeddable":true,"href":"https:\/\/www.ericadventures.com\/fr\/wp-json\/wp\/v2\/comments?post=39855"}],"version-history":[{"count":6,"href":"https:\/\/www.ericadventures.com\/fr\/wp-json\/wp\/v2\/pages\/39855\/revisions"}],"predecessor-version":[{"id":43464,"href":"https:\/\/www.ericadventures.com\/fr\/wp-json\/wp\/v2\/pages\/39855\/revisions\/43464"}],"up":[{"embeddable":true,"href":"https:\/\/www.ericadventures.com\/fr\/wp-json\/wp\/v2\/pages\/39746"}],"wp:featuredmedia":[{"embeddable":true,"href":"https:\/\/www.ericadventures.com\/fr\/wp-json\/wp\/v2\/media\/39805"}],"wp:attachment":[{"href":"https:\/\/www.ericadventures.com\/fr\/wp-json\/wp\/v2\/media?parent=39855"}],"curies":[{"name":"wp","href":"https:\/\/api.w.org\/{rel}","templated":true}]}}