{"id":39905,"date":"2025-09-15T13:12:57","date_gmt":"2025-09-15T18:12:57","guid":{"rendered":"https:\/\/www.ericadventures.com\/?page_id=39905"},"modified":"2026-03-25T13:18:02","modified_gmt":"2026-03-25T18:18:02","slug":"tambo-del-inka-a-luxury-collection-resort-spa-valle-sagrado","status":"publish","type":"page","link":"https:\/\/www.ericadventures.com\/fr\/hotel\/tambo-del-inka-a-luxury-collection-resort-spa-valle-sagrado\/","title":{"rendered":"Tambo del Inka, a Luxury Collection Resort &amp; Spa, Vall\u00e9e Sacr\u00e9e"},"content":{"rendered":"\n<div class=\"wp-block-group\"><div class=\"wp-block-group__inner-container is-layout-constrained wp-block-group-is-layout-constrained\">\n<div class=\"wp-block-columns is-layout-flex wp-container-core-columns-is-layout-9d6595d7 wp-block-columns-is-layout-flex\">\n<div class=\"wp-block-column is-layout-flow wp-block-column-is-layout-flow\" style=\"flex-basis:100%\"><\/div>\n<\/div>\n<\/div><\/div>\n\n\n\n<figure class=\"wp-block-table\"><table class=\"has-fixed-layout\"><thead><tr><th class=\"has-text-align-center\" data-align=\"center\">Type de chambre<\/th><th class=\"has-text-align-center\" data-align=\"center\">Description<\/th><th class=\"has-text-align-center\" data-align=\"center\">Prix de la chambre en dollars am\u00e9ricains<\/th><\/tr><\/thead><tbody><tr><td class=\"has-text-align-center\" data-align=\"center\">Deluxe, Chambre<\/td><td class=\"has-text-align-center\" data-align=\"center\">1 lit King ou 2 lits Queen<\/td><td class=\"has-text-align-center\" data-align=\"center\">525<\/td><\/tr><tr><td class=\"has-text-align-center\" data-align=\"center\">Grand Deluxe Terrasse<\/td><td class=\"has-text-align-center\" data-align=\"center\">1 lit King Size ou 2 lits Queen Size<\/td><td class=\"has-text-align-center\" data-align=\"center\">580<\/td><\/tr><tr><td class=\"has-text-align-center\" data-align=\"center\">Suite 1 chambre<\/td><td class=\"has-text-align-center\" data-align=\"center\">1 lit King Size <\/td><td class=\"has-text-align-center\" data-align=\"center\">827<\/td><\/tr><\/tbody><\/table><\/figure>\n\n\n\n<p>*<strong>Les prix peuvent varier selon les disponibilit\u00e9s et la saison.<\/strong><\/p>\n\n\n\n<p><\/p>\n\n\n\n<p>Tambo del Inka, a Luxury Collection Resort &amp; Spa, est un havre de paix exclusif au c\u0153ur de la Vall\u00e9e Sacr\u00e9e, offrant une exp\u00e9rience incomparable avec tous les \u00e9quipements imaginables. Ses chambres et suites offrent une vue imprenable, et nombre d&rsquo;entre elles disposent de balcons ou terrasses priv\u00e9s, parfaits pour une immersion totale dans la majest\u00e9 de la nature andine.<\/p>\n\n\n\n<h3 class=\"wp-block-heading\" id=\"h-chambres\">CHAMBRES<\/h3>\n\n\n\n<p>Les chambres et suites raffin\u00e9es offrent des panoramas spectaculaires sur les imposantes Andes et les m\u00e9andres de la rivi\u00e8re Vilcanota depuis l&rsquo;intimit\u00e9 de votre balcon priv\u00e9.<\/p>\n\n\n\n<p>Savourez une cuisine raffin\u00e9e aux restaurants de l&rsquo;h\u00f4tel, mettant en avant des ingr\u00e9dients bio et des produits locaux de la r\u00e9gion. Le bar du hall, accueillant, propose une s\u00e9lection de cocktails rafra\u00eechissants, parfaits pour se d\u00e9tendre en fin de journ\u00e9e.<\/p>\n\n\n\n<p>Pour une exp\u00e9rience bien-\u00eatre holistique, le complexe dispose d&rsquo;un spa th\u00e9rapeutique de renomm\u00e9e mondiale, d&rsquo;une salle de sport enti\u00e8rement \u00e9quip\u00e9e et d&rsquo;une piscine int\u00e9rieure chauff\u00e9e.<\/p>\n\n\n\n<p>Vivez une aventure de luxe incomparable au Tambo del Inka, a Luxury Collection Resort &amp; Spa, Sacred Valley, et plongez-vous dans l&rsquo;essence authentique du P\u00e9rou avec le plus haut niveau de confort.<\/p>\n\n\n\n<p><\/p>\n","protected":false},"excerpt":{"rendered":"<p>Type de chambre Description Prix de la chambre en dollars am\u00e9ricains Deluxe, Chambre 1 lit King ou 2 lits Queen [&hellip;]<\/p>\n","protected":false},"author":4,"featured_media":39925,"parent":39746,"menu_order":0,"comment_status":"closed","ping_status":"closed","template":"page-hotel.php","meta":{"_acf_changed":false,"advgb_blocks_editor_width":"","advgb_blocks_columns_visual_guide":"","footnotes":""},"class_list":["post-39905","page","type-page","status-publish","has-post-thumbnail","hentry"],"acf":[],"yoast_head":"<!-- This site is optimized with the Yoast SEO Premium plugin v25.4 (Yoast SEO v26.9) - https:\/\/yoast.com\/product\/yoast-seo-premium-wordpress\/ -->\n<title>Tambo del Inka, a Luxury Collection Resort &amp; Spa, Vall\u00e9e Sacr\u00e9e<\/title>\n<meta name=\"description\" content=\"Tambo del Inka, a Luxury Collection Resort &amp; Spa, offre une exp\u00e9rience d&#039;h\u00e9bergement exclusive, alliant luxe, confort et connexion unique avec la nature dans la Vall\u00e9e Sacr\u00e9e de Cuzco.\" \/>\n<meta name=\"robots\" content=\"index, follow, max-snippet:-1, max-image-preview:large, max-video-preview:-1\" \/>\n<link rel=\"canonical\" href=\"https:\/\/www.ericadventures.com\/fr\/hotel\/tambo-del-inka-a-luxury-collection-resort-spa-valle-sagrado\/\" \/>\n<meta property=\"og:locale\" content=\"fr_FR\" \/>\n<meta property=\"og:type\" content=\"article\" \/>\n<meta property=\"og:title\" content=\"Tambo del Inka, a Luxury Collection Resort &amp; Spa, Vall\u00e9e Sacr\u00e9e\" \/>\n<meta property=\"og:description\" content=\"Tambo del Inka, a Luxury Collection Resort &amp; Spa, offre une exp\u00e9rience d&#039;h\u00e9bergement exclusive, alliant luxe, confort et connexion unique avec la nature dans la Vall\u00e9e Sacr\u00e9e de Cuzco.\" \/>\n<meta property=\"og:url\" content=\"https:\/\/www.ericadventures.com\/fr\/hotel\/tambo-del-inka-a-luxury-collection-resort-spa-valle-sagrado\/\" \/>\n<meta property=\"og:site_name\" content=\"Eric Adventures\" \/>\n<meta property=\"article:modified_time\" content=\"2026-03-25T18:18:02+00:00\" \/>\n<meta property=\"og:image\" content=\"https:\/\/www.ericadventures.com\/wp-content\/uploads\/Experiencia-gastronomica-tambo-del-Inka.jpg\" \/>\n\t<meta property=\"og:image:width\" content=\"615\" \/>\n\t<meta property=\"og:image:height\" content=\"417\" \/>\n\t<meta property=\"og:image:type\" content=\"image\/jpeg\" \/>\n<meta name=\"twitter:card\" content=\"summary_large_image\" \/>\n<meta name=\"twitter:label1\" content=\"Dur\u00e9e de lecture estim\u00e9e\" \/>\n\t<meta name=\"twitter:data1\" content=\"2 minutes\" \/>\n<script type=\"application\/ld+json\" class=\"yoast-schema-graph\">{\"@context\":\"https:\/\/schema.org\",\"@graph\":[{\"@type\":\"WebPage\",\"@id\":\"https:\/\/www.ericadventures.com\/fr\/hotel\/tambo-del-inka-a-luxury-collection-resort-spa-valle-sagrado\/\",\"url\":\"https:\/\/www.ericadventures.com\/fr\/hotel\/tambo-del-inka-a-luxury-collection-resort-spa-valle-sagrado\/\",\"name\":\"Tambo del Inka, a Luxury Collection Resort &amp; Spa, Vall\u00e9e Sacr\u00e9e\",\"isPartOf\":{\"@id\":\"https:\/\/www.ericadventures.com\/en\/#website\"},\"primaryImageOfPage\":{\"@id\":\"https:\/\/www.ericadventures.com\/fr\/hotel\/tambo-del-inka-a-luxury-collection-resort-spa-valle-sagrado\/#primaryimage\"},\"image\":{\"@id\":\"https:\/\/www.ericadventures.com\/fr\/hotel\/tambo-del-inka-a-luxury-collection-resort-spa-valle-sagrado\/#primaryimage\"},\"thumbnailUrl\":\"https:\/\/www.ericadventures.com\/wp-content\/uploads\/Experiencia-gastronomica-tambo-del-Inka.jpg\",\"datePublished\":\"2025-09-15T18:12:57+00:00\",\"dateModified\":\"2026-03-25T18:18:02+00:00\",\"description\":\"Tambo del Inka, a Luxury Collection Resort & Spa, offre une exp\u00e9rience d'h\u00e9bergement exclusive, alliant luxe, confort et connexion unique avec la nature dans la Vall\u00e9e Sacr\u00e9e de Cuzco.\",\"breadcrumb\":{\"@id\":\"https:\/\/www.ericadventures.com\/fr\/hotel\/tambo-del-inka-a-luxury-collection-resort-spa-valle-sagrado\/#breadcrumb\"},\"inLanguage\":\"fr-FR\",\"potentialAction\":[{\"@type\":\"ReadAction\",\"target\":[\"https:\/\/www.ericadventures.com\/fr\/hotel\/tambo-del-inka-a-luxury-collection-resort-spa-valle-sagrado\/\"]}]},{\"@type\":\"ImageObject\",\"inLanguage\":\"fr-FR\",\"@id\":\"https:\/\/www.ericadventures.com\/fr\/hotel\/tambo-del-inka-a-luxury-collection-resort-spa-valle-sagrado\/#primaryimage\",\"url\":\"https:\/\/www.ericadventures.com\/wp-content\/uploads\/Experiencia-gastronomica-tambo-del-Inka.jpg\",\"contentUrl\":\"https:\/\/www.ericadventures.com\/wp-content\/uploads\/Experiencia-gastronomica-tambo-del-Inka.jpg\",\"width\":615,\"height\":417,\"caption\":\"Tambo del Inka\"},{\"@type\":\"BreadcrumbList\",\"@id\":\"https:\/\/www.ericadventures.com\/fr\/hotel\/tambo-del-inka-a-luxury-collection-resort-spa-valle-sagrado\/#breadcrumb\",\"itemListElement\":[{\"@type\":\"ListItem\",\"position\":1,\"name\":\"Home\",\"item\":\"https:\/\/www.ericadventures.com\/fr\/\"},{\"@type\":\"ListItem\",\"position\":2,\"name\":\"Hotels\",\"item\":\"https:\/\/www.ericadventures.com\/fr\/hotel\/\"},{\"@type\":\"ListItem\",\"position\":3,\"name\":\"Tambo del Inka, a Luxury Collection Resort &amp; Spa, Vall\u00e9e Sacr\u00e9e\"}]},{\"@type\":\"WebSite\",\"@id\":\"https:\/\/www.ericadventures.com\/en\/#website\",\"url\":\"https:\/\/www.ericadventures.com\/en\/\",\"name\":\"Eric Adventures\",\"description\":\"\",\"publisher\":{\"@id\":\"https:\/\/www.ericadventures.com\/en\/#organization\"},\"alternateName\":\"Eric Adventures\",\"potentialAction\":[{\"@type\":\"SearchAction\",\"target\":{\"@type\":\"EntryPoint\",\"urlTemplate\":\"https:\/\/www.ericadventures.com\/en\/?s={search_term_string}\"},\"query-input\":{\"@type\":\"PropertyValueSpecification\",\"valueRequired\":true,\"valueName\":\"search_term_string\"}}],\"inLanguage\":\"fr-FR\"},{\"@type\":\"Organization\",\"@id\":\"https:\/\/www.ericadventures.com\/en\/#organization\",\"name\":\"Eric Adventures\",\"url\":\"https:\/\/www.ericadventures.com\/en\/\",\"logo\":{\"@type\":\"ImageObject\",\"inLanguage\":\"fr-FR\",\"@id\":\"https:\/\/www.ericadventures.com\/en\/#\/schema\/logo\/image\/\",\"url\":\"https:\/\/www.ericadventures.com\/wp-content\/uploads\/logo-ericadventures.png\",\"contentUrl\":\"https:\/\/www.ericadventures.com\/wp-content\/uploads\/logo-ericadventures.png\",\"width\":500,\"height\":106,\"caption\":\"Eric Adventures\"},\"image\":{\"@id\":\"https:\/\/www.ericadventures.com\/en\/#\/schema\/logo\/image\/\"}}]}<\/script>\n<!-- \/ Yoast SEO Premium plugin. -->","yoast_head_json":{"title":"Tambo del Inka, a Luxury Collection Resort &amp; Spa, Vall\u00e9e Sacr\u00e9e","description":"Tambo del Inka, a Luxury Collection Resort & Spa, offre une exp\u00e9rience d'h\u00e9bergement exclusive, alliant luxe, confort et connexion unique avec la nature dans la Vall\u00e9e Sacr\u00e9e de Cuzco.","robots":{"index":"index","follow":"follow","max-snippet":"max-snippet:-1","max-image-preview":"max-image-preview:large","max-video-preview":"max-video-preview:-1"},"canonical":"https:\/\/www.ericadventures.com\/fr\/hotel\/tambo-del-inka-a-luxury-collection-resort-spa-valle-sagrado\/","og_locale":"fr_FR","og_type":"article","og_title":"Tambo del Inka, a Luxury Collection Resort &amp; Spa, Vall\u00e9e Sacr\u00e9e","og_description":"Tambo del Inka, a Luxury Collection Resort & Spa, offre une exp\u00e9rience d'h\u00e9bergement exclusive, alliant luxe, confort et connexion unique avec la nature dans la Vall\u00e9e Sacr\u00e9e de Cuzco.","og_url":"https:\/\/www.ericadventures.com\/fr\/hotel\/tambo-del-inka-a-luxury-collection-resort-spa-valle-sagrado\/","og_site_name":"Eric Adventures","article_modified_time":"2026-03-25T18:18:02+00:00","og_image":[{"width":615,"height":417,"url":"https:\/\/www.ericadventures.com\/wp-content\/uploads\/Experiencia-gastronomica-tambo-del-Inka.jpg","type":"image\/jpeg"}],"twitter_card":"summary_large_image","twitter_misc":{"Dur\u00e9e de lecture estim\u00e9e":"2 minutes"},"schema":{"@context":"https:\/\/schema.org","@graph":[{"@type":"WebPage","@id":"https:\/\/www.ericadventures.com\/fr\/hotel\/tambo-del-inka-a-luxury-collection-resort-spa-valle-sagrado\/","url":"https:\/\/www.ericadventures.com\/fr\/hotel\/tambo-del-inka-a-luxury-collection-resort-spa-valle-sagrado\/","name":"Tambo del Inka, a Luxury Collection Resort &amp; Spa, Vall\u00e9e Sacr\u00e9e","isPartOf":{"@id":"https:\/\/www.ericadventures.com\/en\/#website"},"primaryImageOfPage":{"@id":"https:\/\/www.ericadventures.com\/fr\/hotel\/tambo-del-inka-a-luxury-collection-resort-spa-valle-sagrado\/#primaryimage"},"image":{"@id":"https:\/\/www.ericadventures.com\/fr\/hotel\/tambo-del-inka-a-luxury-collection-resort-spa-valle-sagrado\/#primaryimage"},"thumbnailUrl":"https:\/\/www.ericadventures.com\/wp-content\/uploads\/Experiencia-gastronomica-tambo-del-Inka.jpg","datePublished":"2025-09-15T18:12:57+00:00","dateModified":"2026-03-25T18:18:02+00:00","description":"Tambo del Inka, a Luxury Collection Resort & Spa, offre une exp\u00e9rience d'h\u00e9bergement exclusive, alliant luxe, confort et connexion unique avec la nature dans la Vall\u00e9e Sacr\u00e9e de Cuzco.","breadcrumb":{"@id":"https:\/\/www.ericadventures.com\/fr\/hotel\/tambo-del-inka-a-luxury-collection-resort-spa-valle-sagrado\/#breadcrumb"},"inLanguage":"fr-FR","potentialAction":[{"@type":"ReadAction","target":["https:\/\/www.ericadventures.com\/fr\/hotel\/tambo-del-inka-a-luxury-collection-resort-spa-valle-sagrado\/"]}]},{"@type":"ImageObject","inLanguage":"fr-FR","@id":"https:\/\/www.ericadventures.com\/fr\/hotel\/tambo-del-inka-a-luxury-collection-resort-spa-valle-sagrado\/#primaryimage","url":"https:\/\/www.ericadventures.com\/wp-content\/uploads\/Experiencia-gastronomica-tambo-del-Inka.jpg","contentUrl":"https:\/\/www.ericadventures.com\/wp-content\/uploads\/Experiencia-gastronomica-tambo-del-Inka.jpg","width":615,"height":417,"caption":"Tambo del Inka"},{"@type":"BreadcrumbList","@id":"https:\/\/www.ericadventures.com\/fr\/hotel\/tambo-del-inka-a-luxury-collection-resort-spa-valle-sagrado\/#breadcrumb","itemListElement":[{"@type":"ListItem","position":1,"name":"Home","item":"https:\/\/www.ericadventures.com\/fr\/"},{"@type":"ListItem","position":2,"name":"Hotels","item":"https:\/\/www.ericadventures.com\/fr\/hotel\/"},{"@type":"ListItem","position":3,"name":"Tambo del Inka, a Luxury Collection Resort &amp; Spa, Vall\u00e9e Sacr\u00e9e"}]},{"@type":"WebSite","@id":"https:\/\/www.ericadventures.com\/en\/#website","url":"https:\/\/www.ericadventures.com\/en\/","name":"Eric Adventures","description":"","publisher":{"@id":"https:\/\/www.ericadventures.com\/en\/#organization"},"alternateName":"Eric Adventures","potentialAction":[{"@type":"SearchAction","target":{"@type":"EntryPoint","urlTemplate":"https:\/\/www.ericadventures.com\/en\/?s={search_term_string}"},"query-input":{"@type":"PropertyValueSpecification","valueRequired":true,"valueName":"search_term_string"}}],"inLanguage":"fr-FR"},{"@type":"Organization","@id":"https:\/\/www.ericadventures.com\/en\/#organization","name":"Eric Adventures","url":"https:\/\/www.ericadventures.com\/en\/","logo":{"@type":"ImageObject","inLanguage":"fr-FR","@id":"https:\/\/www.ericadventures.com\/en\/#\/schema\/logo\/image\/","url":"https:\/\/www.ericadventures.com\/wp-content\/uploads\/logo-ericadventures.png","contentUrl":"https:\/\/www.ericadventures.com\/wp-content\/uploads\/logo-ericadventures.png","width":500,"height":106,"caption":"Eric Adventures"},"image":{"@id":"https:\/\/www.ericadventures.com\/en\/#\/schema\/logo\/image\/"}}]}},"coauthors":[],"author_meta":{"author_link":"https:\/\/www.ericadventures.com\/fr\/author\/marilyn\/","display_name":"Marilyn Ayma Gomez"},"relative_dates":{"created":"Publi\u00e9 7 mois il y a","modified":"Mis \u00e0 jour 4 semaines il y a"},"absolute_dates":{"created":"Publi\u00e9 le septembre 15, 2025","modified":"Mise \u00e0 jour le mars 25, 2026"},"absolute_dates_time":{"created":"Publi\u00e9 le septembre 15, 2025 1:12 pm","modified":"Mise \u00e0 jour le mars 25, 2026 1:18 pm"},"featured_img_caption":"","featured_img":"https:\/\/www.ericadventures.com\/wp-content\/uploads\/Experiencia-gastronomica-tambo-del-Inka.jpg","series_order":"","_links":{"self":[{"href":"https:\/\/www.ericadventures.com\/fr\/wp-json\/wp\/v2\/pages\/39905","targetHints":{"allow":["GET"]}}],"collection":[{"href":"https:\/\/www.ericadventures.com\/fr\/wp-json\/wp\/v2\/pages"}],"about":[{"href":"https:\/\/www.ericadventures.com\/fr\/wp-json\/wp\/v2\/types\/page"}],"author":[{"embeddable":true,"href":"https:\/\/www.ericadventures.com\/fr\/wp-json\/wp\/v2\/users\/4"}],"replies":[{"embeddable":true,"href":"https:\/\/www.ericadventures.com\/fr\/wp-json\/wp\/v2\/comments?post=39905"}],"version-history":[{"count":8,"href":"https:\/\/www.ericadventures.com\/fr\/wp-json\/wp\/v2\/pages\/39905\/revisions"}],"predecessor-version":[{"id":46271,"href":"https:\/\/www.ericadventures.com\/fr\/wp-json\/wp\/v2\/pages\/39905\/revisions\/46271"}],"up":[{"embeddable":true,"href":"https:\/\/www.ericadventures.com\/fr\/wp-json\/wp\/v2\/pages\/39746"}],"wp:featuredmedia":[{"embeddable":true,"href":"https:\/\/www.ericadventures.com\/fr\/wp-json\/wp\/v2\/media\/39925"}],"wp:attachment":[{"href":"https:\/\/www.ericadventures.com\/fr\/wp-json\/wp\/v2\/media?parent=39905"}],"curies":[{"name":"wp","href":"https:\/\/api.w.org\/{rel}","templated":true}]}}