{"id":40120,"date":"2025-09-17T12:13:29","date_gmt":"2025-09-17T17:13:29","guid":{"rendered":"https:\/\/www.ericadventures.com\/hotel\/hotel-inkaterra-hacienda-urubamba\/"},"modified":"2025-11-27T13:13:45","modified_gmt":"2025-11-27T18:13:45","slug":"hotel-inkaterra-hacienda-urubamba","status":"publish","type":"page","link":"https:\/\/www.ericadventures.com\/fr\/hotel\/hotel-inkaterra-hacienda-urubamba\/","title":{"rendered":"H\u00f4tel Inkaterra Hacienda, Urubamba"},"content":{"rendered":"\n<div class=\"wp-block-group\"><div class=\"wp-block-group__inner-container is-layout-constrained wp-block-group-is-layout-constrained\">\n<div class=\"wp-block-columns is-layout-flex wp-container-core-columns-is-layout-9d6595d7 wp-block-columns-is-layout-flex\">\n<div class=\"wp-block-column is-layout-flow wp-block-column-is-layout-flow\" style=\"flex-basis:100%\"><\/div>\n<\/div>\n<\/div><\/div>\n\n\n\n<figure class=\"wp-block-table\"><table class=\"has-fixed-layout\"><thead><tr><th class=\"has-text-align-center\" data-align=\"center\">Type de chambre<\/th><th class=\"has-text-align-center\" data-align=\"center\">Description<\/th><th class=\"has-text-align-center\" data-align=\"center\">Tarif en dollars am\u00e9ricain<\/th><\/tr><\/thead><tbody><tr><td class=\"has-text-align-center\" data-align=\"center\">Suite Sup\u00e9rieure Deluxe Urubamba<\/td><td class=\"has-text-align-center\" data-align=\"center\">1 lit King Size ou 2 lits jumeaux<\/td><td class=\"has-text-align-center\" data-align=\"center\">440.00<\/td><\/tr><tr><td class=\"has-text-align-center\" data-align=\"center\">Suite Junior Urubamba<\/td><td class=\"has-text-align-center\" data-align=\"center\">1 lit King Size ou 2 lits jumeaux<\/td><td class=\"has-text-align-center\" data-align=\"center\">690.00<\/td><\/tr><\/tbody><\/table><\/figure>\n\n\n\n<p><strong>*Les prix peuvent varier selon les disponibilit\u00e9s et la saison.<\/strong><\/p>\n\n\n\n<h3 class=\"wp-block-heading\" id=\"h-situation\">Situation<\/h3>\n\n\n\n<p>L&rsquo;Inkaterra Hacienda Urubamba est situ\u00e9e dans la ville de Huayoccari, dans le district de Huayllabamba, province d&rsquo;Urubamba, au c\u0153ur de la Vall\u00e9e Sacr\u00e9e des Incas. \u00c0 seulement 62 km de Cusco, sur la route Cusco-Pisac-Calca-Urubamba, cet h\u00f4tel exclusif b\u00e9n\u00e9ficie d&rsquo;un emplacement strat\u00e9gique entre Cusco et le Machu Picchu.<\/p>\n\n\n\n<p>Entour\u00e9e de montagnes imposantes et d&rsquo;une nature pr\u00e9serv\u00e9e, l&rsquo;Inkaterra Hacienda Urubamba s&rsquo;\u00e9tend sur plus de 40 hectares, offrant un cadre incomparable pour se ressourcer et vivre une exp\u00e9rience authentique dans les Andes p\u00e9ruviennes.<\/p>\n\n\n\n<h3 class=\"wp-block-heading\" id=\"h-chambres\">Chambres<\/h3>\n\n\n\n<p>Les chambres de l&rsquo;Inkaterra Hacienda Urubamba, r\u00e9parties entre la Casa Hacienda et de confortables cottages ind\u00e9pendants, offrent une vue panoramique imprenable sur la vall\u00e9e. Chaque espace a \u00e9t\u00e9 con\u00e7u pour offrir confort, intimit\u00e9 et une connexion profonde avec la nature environnante.<\/p>\n\n\n\n<p>La d\u00e9coration allie \u00e9l\u00e9gance contemporaine et \u00e9l\u00e9ments andins traditionnels. Mobilier colonial, masques incas et artisanat local raffin\u00e9 cr\u00e9ent une atmosph\u00e8re chaleureuse et sophistiqu\u00e9e, impr\u00e9gn\u00e9e d&rsquo;identit\u00e9 culturelle.<\/p>\n\n\n\n<p><\/p>\n\n\n\n<p><\/p>\n\n\n\n<p><\/p>\n\n\n\n<p><\/p>\n\n\n\n<p><\/p>\n","protected":false},"excerpt":{"rendered":"<p>Type de chambre Description Tarif en dollars am\u00e9ricain Suite Sup\u00e9rieure Deluxe Urubamba 1 lit King Size ou 2 lits jumeaux [&hellip;]<\/p>\n","protected":false},"author":4,"featured_media":40089,"parent":39746,"menu_order":0,"comment_status":"closed","ping_status":"closed","template":"page-hotel.php","meta":{"_acf_changed":false,"advgb_blocks_editor_width":"","advgb_blocks_columns_visual_guide":"","footnotes":""},"class_list":["post-40120","page","type-page","status-publish","has-post-thumbnail","hentry"],"acf":[],"yoast_head":"<!-- This site is optimized with the Yoast SEO Premium plugin v25.4 (Yoast SEO v26.9) - https:\/\/yoast.com\/product\/yoast-seo-premium-wordpress\/ -->\n<title>H\u00f4tel Inkaterra Hacienda, Urubamba<\/title>\n<meta name=\"description\" content=\"L&#039;Inkaterra Hacienda Urubamba est un h\u00f4tel 5 \u00e9toiles contemporain de style hacienda situ\u00e9 dans la Vall\u00e9e Sacr\u00e9e des Incas, entre Cuzco et le Machu Picchu.\" \/>\n<meta name=\"robots\" content=\"index, follow, max-snippet:-1, max-image-preview:large, max-video-preview:-1\" \/>\n<link rel=\"canonical\" href=\"https:\/\/www.ericadventures.com\/fr\/hotel\/hotel-inkaterra-hacienda-urubamba\/\" \/>\n<meta property=\"og:locale\" content=\"fr_FR\" \/>\n<meta property=\"og:type\" content=\"article\" \/>\n<meta property=\"og:title\" content=\"H\u00f4tel Inkaterra Hacienda, Urubamba\" \/>\n<meta property=\"og:description\" content=\"L&#039;Inkaterra Hacienda Urubamba est un h\u00f4tel 5 \u00e9toiles contemporain de style hacienda situ\u00e9 dans la Vall\u00e9e Sacr\u00e9e des Incas, entre Cuzco et le Machu Picchu.\" \/>\n<meta property=\"og:url\" content=\"https:\/\/www.ericadventures.com\/fr\/hotel\/hotel-inkaterra-hacienda-urubamba\/\" \/>\n<meta property=\"og:site_name\" content=\"Eric Adventures\" \/>\n<meta property=\"article:modified_time\" content=\"2025-11-27T18:13:45+00:00\" \/>\n<meta property=\"og:image\" content=\"https:\/\/www.ericadventures.com\/wp-content\/uploads\/hotel-Inkaterra-Hacienda-Urubamba.jpg\" \/>\n\t<meta property=\"og:image:width\" content=\"770\" \/>\n\t<meta property=\"og:image:height\" content=\"317\" \/>\n\t<meta property=\"og:image:type\" content=\"image\/jpeg\" \/>\n<meta name=\"twitter:card\" content=\"summary_large_image\" \/>\n<meta name=\"twitter:label1\" content=\"Dur\u00e9e de lecture estim\u00e9e\" \/>\n\t<meta name=\"twitter:data1\" content=\"2 minutes\" \/>\n<script type=\"application\/ld+json\" class=\"yoast-schema-graph\">{\"@context\":\"https:\/\/schema.org\",\"@graph\":[{\"@type\":\"WebPage\",\"@id\":\"https:\/\/www.ericadventures.com\/fr\/hotel\/hotel-inkaterra-hacienda-urubamba\/\",\"url\":\"https:\/\/www.ericadventures.com\/fr\/hotel\/hotel-inkaterra-hacienda-urubamba\/\",\"name\":\"H\u00f4tel Inkaterra Hacienda, Urubamba\",\"isPartOf\":{\"@id\":\"https:\/\/www.ericadventures.com\/en\/#website\"},\"primaryImageOfPage\":{\"@id\":\"https:\/\/www.ericadventures.com\/fr\/hotel\/hotel-inkaterra-hacienda-urubamba\/#primaryimage\"},\"image\":{\"@id\":\"https:\/\/www.ericadventures.com\/fr\/hotel\/hotel-inkaterra-hacienda-urubamba\/#primaryimage\"},\"thumbnailUrl\":\"https:\/\/www.ericadventures.com\/wp-content\/uploads\/hotel-Inkaterra-Hacienda-Urubamba.jpg\",\"datePublished\":\"2025-09-17T17:13:29+00:00\",\"dateModified\":\"2025-11-27T18:13:45+00:00\",\"description\":\"L'Inkaterra Hacienda Urubamba est un h\u00f4tel 5 \u00e9toiles contemporain de style hacienda situ\u00e9 dans la Vall\u00e9e Sacr\u00e9e des Incas, entre Cuzco et le Machu Picchu.\",\"breadcrumb\":{\"@id\":\"https:\/\/www.ericadventures.com\/fr\/hotel\/hotel-inkaterra-hacienda-urubamba\/#breadcrumb\"},\"inLanguage\":\"fr-FR\",\"potentialAction\":[{\"@type\":\"ReadAction\",\"target\":[\"https:\/\/www.ericadventures.com\/fr\/hotel\/hotel-inkaterra-hacienda-urubamba\/\"]}]},{\"@type\":\"ImageObject\",\"inLanguage\":\"fr-FR\",\"@id\":\"https:\/\/www.ericadventures.com\/fr\/hotel\/hotel-inkaterra-hacienda-urubamba\/#primaryimage\",\"url\":\"https:\/\/www.ericadventures.com\/wp-content\/uploads\/hotel-Inkaterra-Hacienda-Urubamba.jpg\",\"contentUrl\":\"https:\/\/www.ericadventures.com\/wp-content\/uploads\/hotel-Inkaterra-Hacienda-Urubamba.jpg\",\"width\":770,\"height\":317,\"caption\":\"Hotel Inkaterra Hacienda, Urubamba\"},{\"@type\":\"BreadcrumbList\",\"@id\":\"https:\/\/www.ericadventures.com\/fr\/hotel\/hotel-inkaterra-hacienda-urubamba\/#breadcrumb\",\"itemListElement\":[{\"@type\":\"ListItem\",\"position\":1,\"name\":\"Home\",\"item\":\"https:\/\/www.ericadventures.com\/fr\/\"},{\"@type\":\"ListItem\",\"position\":2,\"name\":\"Hotels\",\"item\":\"https:\/\/www.ericadventures.com\/fr\/hotel\/\"},{\"@type\":\"ListItem\",\"position\":3,\"name\":\"H\u00f4tel Inkaterra Hacienda, Urubamba\"}]},{\"@type\":\"WebSite\",\"@id\":\"https:\/\/www.ericadventures.com\/en\/#website\",\"url\":\"https:\/\/www.ericadventures.com\/en\/\",\"name\":\"Eric Adventures\",\"description\":\"\",\"publisher\":{\"@id\":\"https:\/\/www.ericadventures.com\/en\/#organization\"},\"alternateName\":\"Eric Adventures\",\"potentialAction\":[{\"@type\":\"SearchAction\",\"target\":{\"@type\":\"EntryPoint\",\"urlTemplate\":\"https:\/\/www.ericadventures.com\/en\/?s={search_term_string}\"},\"query-input\":{\"@type\":\"PropertyValueSpecification\",\"valueRequired\":true,\"valueName\":\"search_term_string\"}}],\"inLanguage\":\"fr-FR\"},{\"@type\":\"Organization\",\"@id\":\"https:\/\/www.ericadventures.com\/en\/#organization\",\"name\":\"Eric Adventures\",\"url\":\"https:\/\/www.ericadventures.com\/en\/\",\"logo\":{\"@type\":\"ImageObject\",\"inLanguage\":\"fr-FR\",\"@id\":\"https:\/\/www.ericadventures.com\/en\/#\/schema\/logo\/image\/\",\"url\":\"https:\/\/www.ericadventures.com\/wp-content\/uploads\/logo-ericadventures.png\",\"contentUrl\":\"https:\/\/www.ericadventures.com\/wp-content\/uploads\/logo-ericadventures.png\",\"width\":500,\"height\":106,\"caption\":\"Eric Adventures\"},\"image\":{\"@id\":\"https:\/\/www.ericadventures.com\/en\/#\/schema\/logo\/image\/\"}}]}<\/script>\n<!-- \/ Yoast SEO Premium plugin. -->","yoast_head_json":{"title":"H\u00f4tel Inkaterra Hacienda, Urubamba","description":"L'Inkaterra Hacienda Urubamba est un h\u00f4tel 5 \u00e9toiles contemporain de style hacienda situ\u00e9 dans la Vall\u00e9e Sacr\u00e9e des Incas, entre Cuzco et le Machu Picchu.","robots":{"index":"index","follow":"follow","max-snippet":"max-snippet:-1","max-image-preview":"max-image-preview:large","max-video-preview":"max-video-preview:-1"},"canonical":"https:\/\/www.ericadventures.com\/fr\/hotel\/hotel-inkaterra-hacienda-urubamba\/","og_locale":"fr_FR","og_type":"article","og_title":"H\u00f4tel Inkaterra Hacienda, Urubamba","og_description":"L'Inkaterra Hacienda Urubamba est un h\u00f4tel 5 \u00e9toiles contemporain de style hacienda situ\u00e9 dans la Vall\u00e9e Sacr\u00e9e des Incas, entre Cuzco et le Machu Picchu.","og_url":"https:\/\/www.ericadventures.com\/fr\/hotel\/hotel-inkaterra-hacienda-urubamba\/","og_site_name":"Eric Adventures","article_modified_time":"2025-11-27T18:13:45+00:00","og_image":[{"width":770,"height":317,"url":"https:\/\/www.ericadventures.com\/wp-content\/uploads\/hotel-Inkaterra-Hacienda-Urubamba.jpg","type":"image\/jpeg"}],"twitter_card":"summary_large_image","twitter_misc":{"Dur\u00e9e de lecture estim\u00e9e":"2 minutes"},"schema":{"@context":"https:\/\/schema.org","@graph":[{"@type":"WebPage","@id":"https:\/\/www.ericadventures.com\/fr\/hotel\/hotel-inkaterra-hacienda-urubamba\/","url":"https:\/\/www.ericadventures.com\/fr\/hotel\/hotel-inkaterra-hacienda-urubamba\/","name":"H\u00f4tel Inkaterra Hacienda, Urubamba","isPartOf":{"@id":"https:\/\/www.ericadventures.com\/en\/#website"},"primaryImageOfPage":{"@id":"https:\/\/www.ericadventures.com\/fr\/hotel\/hotel-inkaterra-hacienda-urubamba\/#primaryimage"},"image":{"@id":"https:\/\/www.ericadventures.com\/fr\/hotel\/hotel-inkaterra-hacienda-urubamba\/#primaryimage"},"thumbnailUrl":"https:\/\/www.ericadventures.com\/wp-content\/uploads\/hotel-Inkaterra-Hacienda-Urubamba.jpg","datePublished":"2025-09-17T17:13:29+00:00","dateModified":"2025-11-27T18:13:45+00:00","description":"L'Inkaterra Hacienda Urubamba est un h\u00f4tel 5 \u00e9toiles contemporain de style hacienda situ\u00e9 dans la Vall\u00e9e Sacr\u00e9e des Incas, entre Cuzco et le Machu Picchu.","breadcrumb":{"@id":"https:\/\/www.ericadventures.com\/fr\/hotel\/hotel-inkaterra-hacienda-urubamba\/#breadcrumb"},"inLanguage":"fr-FR","potentialAction":[{"@type":"ReadAction","target":["https:\/\/www.ericadventures.com\/fr\/hotel\/hotel-inkaterra-hacienda-urubamba\/"]}]},{"@type":"ImageObject","inLanguage":"fr-FR","@id":"https:\/\/www.ericadventures.com\/fr\/hotel\/hotel-inkaterra-hacienda-urubamba\/#primaryimage","url":"https:\/\/www.ericadventures.com\/wp-content\/uploads\/hotel-Inkaterra-Hacienda-Urubamba.jpg","contentUrl":"https:\/\/www.ericadventures.com\/wp-content\/uploads\/hotel-Inkaterra-Hacienda-Urubamba.jpg","width":770,"height":317,"caption":"Hotel Inkaterra Hacienda, Urubamba"},{"@type":"BreadcrumbList","@id":"https:\/\/www.ericadventures.com\/fr\/hotel\/hotel-inkaterra-hacienda-urubamba\/#breadcrumb","itemListElement":[{"@type":"ListItem","position":1,"name":"Home","item":"https:\/\/www.ericadventures.com\/fr\/"},{"@type":"ListItem","position":2,"name":"Hotels","item":"https:\/\/www.ericadventures.com\/fr\/hotel\/"},{"@type":"ListItem","position":3,"name":"H\u00f4tel Inkaterra Hacienda, Urubamba"}]},{"@type":"WebSite","@id":"https:\/\/www.ericadventures.com\/en\/#website","url":"https:\/\/www.ericadventures.com\/en\/","name":"Eric Adventures","description":"","publisher":{"@id":"https:\/\/www.ericadventures.com\/en\/#organization"},"alternateName":"Eric Adventures","potentialAction":[{"@type":"SearchAction","target":{"@type":"EntryPoint","urlTemplate":"https:\/\/www.ericadventures.com\/en\/?s={search_term_string}"},"query-input":{"@type":"PropertyValueSpecification","valueRequired":true,"valueName":"search_term_string"}}],"inLanguage":"fr-FR"},{"@type":"Organization","@id":"https:\/\/www.ericadventures.com\/en\/#organization","name":"Eric Adventures","url":"https:\/\/www.ericadventures.com\/en\/","logo":{"@type":"ImageObject","inLanguage":"fr-FR","@id":"https:\/\/www.ericadventures.com\/en\/#\/schema\/logo\/image\/","url":"https:\/\/www.ericadventures.com\/wp-content\/uploads\/logo-ericadventures.png","contentUrl":"https:\/\/www.ericadventures.com\/wp-content\/uploads\/logo-ericadventures.png","width":500,"height":106,"caption":"Eric Adventures"},"image":{"@id":"https:\/\/www.ericadventures.com\/en\/#\/schema\/logo\/image\/"}}]}},"coauthors":[],"author_meta":{"author_link":"https:\/\/www.ericadventures.com\/fr\/author\/marilyn\/","display_name":"Marilyn Ayma Gomez"},"relative_dates":{"created":"Publi\u00e9 8 mois il y a","modified":"Mis \u00e0 jour 5 mois il y a"},"absolute_dates":{"created":"Publi\u00e9 le septembre 17, 2025","modified":"Mise \u00e0 jour le novembre 27, 2025"},"absolute_dates_time":{"created":"Publi\u00e9 le septembre 17, 2025 12:13 pm","modified":"Mise \u00e0 jour le novembre 27, 2025 1:13 pm"},"featured_img_caption":"","featured_img":"https:\/\/www.ericadventures.com\/wp-content\/uploads\/hotel-Inkaterra-Hacienda-Urubamba.jpg","series_order":"","_links":{"self":[{"href":"https:\/\/www.ericadventures.com\/fr\/wp-json\/wp\/v2\/pages\/40120","targetHints":{"allow":["GET"]}}],"collection":[{"href":"https:\/\/www.ericadventures.com\/fr\/wp-json\/wp\/v2\/pages"}],"about":[{"href":"https:\/\/www.ericadventures.com\/fr\/wp-json\/wp\/v2\/types\/page"}],"author":[{"embeddable":true,"href":"https:\/\/www.ericadventures.com\/fr\/wp-json\/wp\/v2\/users\/4"}],"replies":[{"embeddable":true,"href":"https:\/\/www.ericadventures.com\/fr\/wp-json\/wp\/v2\/comments?post=40120"}],"version-history":[{"count":4,"href":"https:\/\/www.ericadventures.com\/fr\/wp-json\/wp\/v2\/pages\/40120\/revisions"}],"predecessor-version":[{"id":43252,"href":"https:\/\/www.ericadventures.com\/fr\/wp-json\/wp\/v2\/pages\/40120\/revisions\/43252"}],"up":[{"embeddable":true,"href":"https:\/\/www.ericadventures.com\/fr\/wp-json\/wp\/v2\/pages\/39746"}],"wp:featuredmedia":[{"embeddable":true,"href":"https:\/\/www.ericadventures.com\/fr\/wp-json\/wp\/v2\/media\/40089"}],"wp:attachment":[{"href":"https:\/\/www.ericadventures.com\/fr\/wp-json\/wp\/v2\/media?parent=40120"}],"curies":[{"name":"wp","href":"https:\/\/api.w.org\/{rel}","templated":true}]}}