{"id":42721,"date":"2025-10-31T13:43:49","date_gmt":"2025-10-31T18:43:49","guid":{"rendered":"https:\/\/www.ericadventures.com\/?page_id=42721"},"modified":"2026-04-01T11:43:55","modified_gmt":"2026-04-01T16:43:55","slug":"1d-transfer-uyuni-to-calama-via-ollague","status":"publish","type":"page","link":"https:\/\/www.ericadventures.com\/fr\/bolivia\/1d-transfer-uyuni-to-calama-via-ollague\/","title":{"rendered":"1J Transfert d&rsquo;Uyuni \u00e0 Calama via Ollague"},"content":{"rendered":"\n<p><\/p>\n\n\n<div class=\"wp-block-image\">\n<figure class=\"alignleft size-full is-resized\"><img loading=\"lazy\" decoding=\"async\" width=\"722\" height=\"428\" src=\"https:\/\/www.ericadventures.com\/wp-content\/uploads\/Uyuni-Calama.jpg\" alt=\"\" class=\"wp-image-42711\" style=\"aspect-ratio:1.7777777777777777;object-fit:cover;width:416px;height:auto\" srcset=\"https:\/\/www.ericadventures.com\/wp-content\/uploads\/Uyuni-Calama.jpg 722w, https:\/\/www.ericadventures.com\/wp-content\/uploads\/Uyuni-Calama-300x178.jpg 300w\" sizes=\"auto, (max-width: 722px) 100vw, 722px\" \/><\/figure>\n<\/div>\n\n\n<p><br><\/p>\n\n\n\n<p>Pour nos clients qui doivent se rendre rapidement d&rsquo;Uyuni \u00e0 Calama, nous proposons ce service priv\u00e9.<\/p>\n\n\n\n<p>D\u00e9parts quotidiens<\/p>\n\n\n\n<p>*Notre \u00e9quipe vous guidera tout au long des proc\u00e9dures douani\u00e8res.<\/p>\n\n\n\n<h2 class=\"wp-block-heading\" id=\"itinerary-d4cb5815-6b01-4cda-bf68-7d1b06346478\">ITIN\u00c9RAIRE<\/h2>\n\n\n\n<p>Le voyage commence \u00e0 5h00 de votre h\u00f4tel \u00e0 Uyuni, en Bolivie, en direction de Calama, au Chili. \u00c0 votre arriv\u00e9e \u00e0 Ollague (fronti\u00e8re Bolivie\/Chili) sur l&rsquo;Altiplano, nous effectuerons les formalit\u00e9s douani\u00e8res (comptez 1 \u00e0 2 heures selon l&rsquo;affluence).<\/p>\n\n\n\n<p>\u00c0 Ollague, nous quitterons notre transport bolivien et poursuivrons notre voyage en v\u00e9hicule chilien. Le trajet jusqu&rsquo;\u00e0 Calama durera environ 3 heures.<\/p>\n\n\n\n<p>La dur\u00e9e totale du trajet est estim\u00e9e \u00e0 environ 7 heures, mais elle peut varier en fonction des d\u00e9lais d&rsquo;attente \u00e0 la fronti\u00e8re.<\/p>\n\n\n\n<p>L&rsquo;arriv\u00e9e \u00e0 Calama est pr\u00e9vue vers 14h00, sous r\u00e9serve des conditions de circulation et du temps d&rsquo;attente au contr\u00f4le frontalier. Fin de nos services !<\/p>\n\n\n\n<ul class=\"wp-block-list\">\n<li>L&rsquo;itin\u00e9raire peut \u00eatre modifi\u00e9 en fonction de la saison des pluies ou des disponibilit\u00e9s des h\u00f4tels.<\/li>\n<\/ul>\n\n\n\n<h2 class=\"wp-block-heading\" id=\"h-inclus\">INCLUS<\/h2>\n\n\n\n<ul class=\"wp-block-list\">\n<li>Transport priv\u00e9<\/li>\n\n\n\n<li>Chauffeur hispanophone<\/li>\n<\/ul>\n\n\n\n<h2 class=\"wp-block-heading\" id=\"h-non-inclus\">NON INCLUS<\/h2>\n\n\n\n<ul class=\"wp-block-list\">\n<li>D\u00e9penses suppl\u00e9mentaires<\/li>\n\n\n\n<li>Pourboires<\/li>\n\n\n\n<li>Repas<\/li>\n<\/ul>\n\n\n\n<p><strong>RECOMMANDATIONS<\/strong><br>N&rsquo;oubliez pas que nous ne retournerons pas \u00e0 Uyuni. Vous devez donc emporter tous vos bagages avec vous.<\/p>\n\n\n\n<h2 class=\"wp-block-heading\" id=\"h-prix-par-personne\">PRIX (par personne)<\/h2>\n\n\n\n<p><strong>SERVICE PRIV\u00c9<\/strong><\/p>\n\n\n\n<ul class=\"wp-block-list\">\n<li>2 personnes&nbsp;: US$ 380&nbsp;<\/li>\n\n\n\n<li>3 \u00e0 4 personnes&nbsp;: US$  260<\/li>\n<\/ul>\n\n\n\n<p><strong>PROLONGATION<\/strong><\/p>\n\n\n\n<p><strong>Transfert de Calama \u00e0 San Pedro en service priv\u00e9<\/strong><\/p>\n\n\n\n<ul class=\"wp-block-list\">\n<li>2 personnes&nbsp;: 145&nbsp;$US<\/li>\n\n\n\n<li>3 \u00e0 4 personnes&nbsp;: 95&nbsp;$US<\/li>\n<\/ul>\n\n\n\n<p>Les tarifs et l\u2019itin\u00e9raire peuvent varier selon les disponibilit\u00e9s et la saison.<\/p>\n\n\n\n<h2 class=\"wp-block-heading\" id=\"h-carte\">CARTE<\/h2>\n\n\n\n<figure class=\"wp-block-gallery has-nested-images columns-default wp-block-gallery-1 is-layout-flex wp-block-gallery-is-layout-flex\">\n<figure class=\"wp-block-image size-thumbnail\"><a href=\"https:\/\/www.ericadventures.com\/wp-content\/uploads\/mapa-5.jpg\"><img loading=\"lazy\" decoding=\"async\" width=\"150\" height=\"150\" data-id=\"42716\" src=\"https:\/\/www.ericadventures.com\/wp-content\/uploads\/mapa-5-150x150.jpg\" alt=\"\" class=\"wp-image-42716\"\/><\/a><\/figure>\n<\/figure>\n\n\n\n<h2 class=\"wp-block-heading\" id=\"photo-gallery-aa562bbc-3acd-4676-b221-0088e4d17123\">Galerie photos<br><\/h2>\n\n\n\n<figure class=\"wp-block-gallery has-nested-images columns-8 is-cropped wp-block-gallery-2 is-layout-flex wp-block-gallery-is-layout-flex\">\n<figure class=\"wp-block-image size-large\"><a href=\"https:\/\/www.ericadventures.com\/wp-content\/uploads\/Calama.jpg\"><img loading=\"lazy\" decoding=\"async\" width=\"657\" height=\"353\" data-id=\"43054\" src=\"https:\/\/www.ericadventures.com\/wp-content\/uploads\/Calama.jpg\" alt=\"\" class=\"wp-image-43054\" srcset=\"https:\/\/www.ericadventures.com\/wp-content\/uploads\/Calama.jpg 657w, https:\/\/www.ericadventures.com\/wp-content\/uploads\/Calama-300x161.jpg 300w\" sizes=\"auto, (max-width: 657px) 100vw, 657px\" \/><\/a><\/figure>\n\n\n\n<figure class=\"wp-block-image size-large\"><a href=\"https:\/\/www.ericadventures.com\/wp-content\/uploads\/Uyuni-Calama.jpg\"><img loading=\"lazy\" decoding=\"async\" width=\"722\" height=\"428\" data-id=\"42712\" src=\"https:\/\/www.ericadventures.com\/wp-content\/uploads\/Uyuni-Calama.jpg\" alt=\"\" class=\"wp-image-42712\" srcset=\"https:\/\/www.ericadventures.com\/wp-content\/uploads\/Uyuni-Calama.jpg 722w, https:\/\/www.ericadventures.com\/wp-content\/uploads\/Uyuni-Calama-300x178.jpg 300w\" sizes=\"auto, (max-width: 722px) 100vw, 722px\" \/><\/a><\/figure>\n\n\n\n<figure class=\"wp-block-image size-large\"><a href=\"https:\/\/www.ericadventures.com\/wp-content\/uploads\/Traslado-Uyu-Cal.jpg\"><img loading=\"lazy\" decoding=\"async\" width=\"541\" height=\"463\" data-id=\"42702\" src=\"https:\/\/www.ericadventures.com\/wp-content\/uploads\/Traslado-Uyu-Cal.jpg\" alt=\"\" class=\"wp-image-42702\" srcset=\"https:\/\/www.ericadventures.com\/wp-content\/uploads\/Traslado-Uyu-Cal.jpg 541w, https:\/\/www.ericadventures.com\/wp-content\/uploads\/Traslado-Uyu-Cal-300x257.jpg 300w\" sizes=\"auto, (max-width: 541px) 100vw, 541px\" \/><\/a><\/figure>\n\n\n\n<figure class=\"wp-block-image size-large\"><a href=\"https:\/\/www.ericadventures.com\/wp-content\/uploads\/uyuni-bolivia-8-2.jpg\"><img loading=\"lazy\" decoding=\"async\" width=\"600\" height=\"338\" data-id=\"32814\" src=\"https:\/\/www.ericadventures.com\/wp-content\/uploads\/uyuni-bolivia-8-2.jpg\" alt=\" Classic Tour, Salar de Uyuni 3 Days \" class=\"wp-image-32814\" srcset=\"https:\/\/www.ericadventures.com\/wp-content\/uploads\/uyuni-bolivia-8-2.jpg 600w, https:\/\/www.ericadventures.com\/wp-content\/uploads\/uyuni-bolivia-8-2-300x169.jpg 300w\" sizes=\"auto, (max-width: 600px) 100vw, 600px\" \/><\/a><\/figure>\n\n\n\n<figure class=\"wp-block-image size-large\"><a href=\"https:\/\/www.ericadventures.com\/wp-content\/uploads\/Transporte-Uyuni.jpg\"><img loading=\"lazy\" decoding=\"async\" width=\"556\" height=\"553\" data-id=\"42697\" src=\"https:\/\/www.ericadventures.com\/wp-content\/uploads\/Transporte-Uyuni.jpg\" alt=\"\" class=\"wp-image-42697\" srcset=\"https:\/\/www.ericadventures.com\/wp-content\/uploads\/Transporte-Uyuni.jpg 556w, https:\/\/www.ericadventures.com\/wp-content\/uploads\/Transporte-Uyuni-300x298.jpg 300w, https:\/\/www.ericadventures.com\/wp-content\/uploads\/Transporte-Uyuni-150x150.jpg 150w\" sizes=\"auto, (max-width: 556px) 100vw, 556px\" \/><\/a><\/figure>\n\n\n\n<figure class=\"wp-block-image size-thumbnail\"><a href=\"https:\/\/www.ericadventures.com\/wp-content\/uploads\/Uyuni.jpg\"><img loading=\"lazy\" decoding=\"async\" width=\"150\" height=\"150\" data-id=\"43049\" src=\"https:\/\/www.ericadventures.com\/wp-content\/uploads\/Uyuni-150x150.jpg\" alt=\"\" class=\"wp-image-43049\"\/><\/a><\/figure>\n<\/figure>\n\n\n\n<h2 class=\"wp-block-heading\" id=\"contact-form-d731b6af-da5f-46d6-b868-126f7214540c\">Formulaire de contact<\/h2>\n\n\n\n<div class=\"wp-block-contact-form-7-contact-form-selector\">\n<div class=\"wpcf7 no-js\" id=\"wpcf7-f6171-o1\" lang=\"es-ES\" dir=\"ltr\" data-wpcf7-id=\"6171\">\n<div class=\"screen-reader-response\"><p role=\"status\" aria-live=\"polite\" aria-atomic=\"true\"><\/p> <ul><\/ul><\/div>\n<form action=\"\/fr\/wp-json\/wp\/v2\/pages\/42721#wpcf7-f6171-o1\" method=\"post\" class=\"wpcf7-form init\" aria-label=\"Formulario de contacto\" novalidate=\"novalidate\" data-status=\"init\">\n<fieldset class=\"hidden-fields-container\"><input type=\"hidden\" name=\"_wpcf7\" value=\"6171\" \/><input type=\"hidden\" name=\"_wpcf7_version\" value=\"6.1.5\" \/><input type=\"hidden\" name=\"_wpcf7_locale\" value=\"es_ES\" \/><input type=\"hidden\" name=\"_wpcf7_unit_tag\" value=\"wpcf7-f6171-o1\" \/><input type=\"hidden\" name=\"_wpcf7_container_post\" value=\"0\" \/><input type=\"hidden\" name=\"_wpcf7_posted_data_hash\" value=\"\" \/>\n<\/fieldset>\n<div class=\"wpcf7-turnstile cf-turnstile\" data-sitekey=\"0x4AAAAAACZ2CLxkDaDac8NW\" data-response-field-name=\"_wpcf7_turnstile_response\"><\/div>\n\n<div class=\"formt\">\n    <span class=\"textform\"> Pour r\u00e9server ou plus d\u2019informations, veuillez remplir le formulaire client\/invit\u00e9 suivant\u00a0: <\/span>\n    <input class=\"wpcf7-form-control wpcf7-hidden\" value=\"https:\/\/www.ericadventures.com\/fr\/wp-json\/wp\/v2\/pages\/42721\" type=\"hidden\" name=\"Url_Tour\" \/>\n    <input class=\"wpcf7-form-control wpcf7-hidden\" value=\"fr\" type=\"hidden\" name=\"Idioma\" \/>\n    <input class=\"wpcf7-form-control wpcf7-hidden\" value=\"20\/04\/2026 10:46:00\" type=\"hidden\" name=\"Fecha_Hora\" \/>\n    <input class=\"wpcf7-form-control wpcf7-hidden\" value=\"216.73.216.61\" type=\"hidden\" name=\"Ip\" \/>\n    <input class=\"wpcf7-form-control wpcf7-hidden\" value=\"1J Transfert d&rsquo;Uyuni \u00e0 Calama via Ollague\" type=\"hidden\" name=\"Nombre_Tour\" \/>\n    <input class=\"wpcf7-form-control wpcf7-hidden\" value=\"1\" type=\"hidden\" name=\"enviar_excel\" \/>\n\n    <div class=\"g2\">\n        <div>\n            <label>Nom: <\/label>\n            <span class=\"wpcf7-form-control-wrap\" data-name=\"Nombre\"><input size=\"40\" maxlength=\"400\" class=\"wpcf7-form-control wpcf7-text wpcf7-validates-as-required\" aria-required=\"true\" aria-invalid=\"false\" value=\"\" type=\"text\" name=\"Nombre\" \/><\/span>\n        <\/div>\n        <div>\n            <label>E-mail: <\/label>\n            <span class=\"wpcf7-form-control-wrap\" data-name=\"Emails\"><input size=\"40\" maxlength=\"400\" class=\"wpcf7-form-control wpcf7-email wpcf7-validates-as-required wpcf7-text wpcf7-validates-as-email\" aria-required=\"true\" aria-invalid=\"false\" value=\"\" type=\"email\" name=\"Emails\" \/><\/span>\n        <\/div>\n    <\/div>\n    \n    <div class=\"g2\">\n        <div>\n            <label>Pays: <\/label>\n            <span class=\"wpcf7-form-control-wrap\" data-name=\"Pais\"><input size=\"40\" maxlength=\"400\" class=\"wpcf7-form-control wpcf7-text\" aria-invalid=\"false\" value=\"\" type=\"text\" name=\"Pais\" \/><\/span>\n        <\/div>\n        <div>\n            <label>T\u00e9l\u00e9phone - Whatsapp: <\/label>\n            <span class=\"wpcf7-form-control-wrap\" data-name=\"Whatsapp\"><input size=\"40\" class=\"wpcf7-form-control wpcf7-phonetext wpcf7-text wpcf7-validates-as-phonetext\" aria-invalid=\"false\" value=\"\" type=\"text\" name=\"Whatsapp\" \/><input type=\"hidden\" name=\"Whatsapp-country-code\" class=\"wpcf7-phonetext-country-code\" \/><\/span>\n        <\/div>\n    <\/div>\n    \n    <div class=\"g2\">\n        <div>\n            <label>Nombre d'adultes: <\/label>\n            <span class=\"wpcf7-form-control-wrap\" data-name=\"Adultos\"><select class=\"wpcf7-form-control wpcf7-select wpcf7-validates-as-required\" aria-required=\"true\" aria-invalid=\"false\" name=\"Adultos\"><option value=\"1\">1<\/option><option value=\"2\">2<\/option><option value=\"3\">3<\/option><option value=\"4\">4<\/option><option value=\"5\">5<\/option><option value=\"6\">6<\/option><option value=\"7\">7<\/option><option value=\"8\">8<\/option><option value=\"9\">9<\/option><option value=\"10\">10<\/option><option value=\"11\">11<\/option><option value=\"12 \u00e0 plus\">12 \u00e0 plus<\/option><\/select><\/span>\n        <\/div>\n        <div>\n            <label>Nombre d'enfants: <\/label>\n            <span class=\"wpcf7-form-control-wrap\" data-name=\"Ninos\"><select class=\"wpcf7-form-control wpcf7-select wpcf7-validates-as-required\" aria-required=\"true\" aria-invalid=\"false\" name=\"Ninos\"><option value=\"0\">0<\/option><option value=\"1\">1<\/option><option value=\"2\">2<\/option><option value=\"3\">3<\/option><option value=\"4\">4<\/option><option value=\"5\">5<\/option><option value=\"6\">6<\/option><option value=\"7\">7<\/option><option value=\"8\">8<\/option><option value=\"9\">9<\/option><option value=\"10\">10<\/option><option value=\"11\">11<\/option><option value=\"12 \u00e0 plus\">12 \u00e0 plus<\/option><\/select><\/span>\n        <\/div>\n    <\/div>\n    \n    <div class=\"g2\">\n        <div>\n            <label>Date de d\u00e9but de la tourn\u00e9e: <\/label>\n            <span class=\"wpcf7-form-control-wrap\" data-name=\"Inicio\"><input class=\"wpcf7-form-control wpcf7-date wpcf7-validates-as-required wpcf7-validates-as-date\" id=\"inicio\" min=\"2026-04-20\" aria-required=\"true\" aria-invalid=\"false\" value=\"\" type=\"date\" name=\"Inicio\" \/><\/span>\n        <\/div>\n        <div>\n            <label>Date de fin de la tourn\u00e9e: <\/label>\n            <span class=\"wpcf7-form-control-wrap\" data-name=\"Final\"><input class=\"wpcf7-form-control wpcf7-date wpcf7-validates-as-required wpcf7-validates-as-date\" id=\"final\" min=\"2026-04-20\" aria-required=\"true\" aria-invalid=\"false\" value=\"\" type=\"date\" name=\"Final\" \/><\/span>\n        <\/div>\n    <\/div>\n    \n    <div>\n        <label>Commentaires ou questions: <\/label>\n        <span class=\"wpcf7-form-control-wrap\" data-name=\"Mensaje\"><textarea cols=\"40\" rows=\"10\" maxlength=\"2000\" class=\"wpcf7-form-control wpcf7-textarea wpcf7-validates-as-required\" aria-required=\"true\" aria-invalid=\"false\" placeholder=\"Veuillez pr\u00e9ciser le type de SERVICE\/VISITE que vous souhaitez effectuer\" name=\"Mensaje\"><\/textarea><\/span>\n    <\/div>\n    \n    <input class=\"wpcf7-form-control wpcf7-submit has-spinner btnsend\" type=\"submit\" value=\"ENVOYER MESSAGE\" \/>\n<\/div><div class=\"wpcf7-response-output\" aria-hidden=\"true\"><\/div>\n<\/form>\n<\/div>\n<\/div>\n","protected":false},"excerpt":{"rendered":"<p>Pour nos clients qui doivent se rendre rapidement d&rsquo;Uyuni \u00e0 Calama, nous proposons ce service priv\u00e9. D\u00e9parts quotidiens *Notre \u00e9quipe [&hellip;]<\/p>\n","protected":false},"author":4,"featured_media":42712,"parent":209,"menu_order":0,"comment_status":"closed","ping_status":"closed","template":"page-tour.php","meta":{"_acf_changed":false,"advgb_blocks_editor_width":"","advgb_blocks_columns_visual_guide":"","footnotes":""},"class_list":["post-42721","page","type-page","status-publish","has-post-thumbnail","hentry"],"acf":[],"yoast_head":"<!-- This site is optimized with the Yoast SEO Premium plugin v25.4 (Yoast SEO v26.9) - https:\/\/yoast.com\/product\/yoast-seo-premium-wordpress\/ -->\n<title>1 Jour Transfert d&#039;Uyuni \u00e0 Calama via Ollague<\/title>\n<meta name=\"description\" content=\"Profitez de cette excursion dans le plus haut d\u00e9sert de sel du monde. Il est situ\u00e9 au sud-ouest de la Bolivie, dans la cordill\u00e8re des Andes.\" \/>\n<meta name=\"robots\" content=\"index, follow, max-snippet:-1, max-image-preview:large, max-video-preview:-1\" \/>\n<link rel=\"canonical\" href=\"https:\/\/www.ericadventures.com\/fr\/bolivia\/1d-transfer-uyuni-to-calama-via-ollague\/\" \/>\n<meta property=\"og:locale\" content=\"fr_FR\" \/>\n<meta property=\"og:type\" content=\"article\" \/>\n<meta property=\"og:title\" content=\"1J Transfert d&#039;Uyuni \u00e0 Calama via Ollague\" \/>\n<meta property=\"og:description\" content=\"Profitez de cette excursion dans le plus haut d\u00e9sert de sel du monde. Il est situ\u00e9 au sud-ouest de la Bolivie, dans la cordill\u00e8re des Andes.\" \/>\n<meta property=\"og:url\" content=\"https:\/\/www.ericadventures.com\/fr\/bolivia\/1d-transfer-uyuni-to-calama-via-ollague\/\" \/>\n<meta property=\"og:site_name\" content=\"Eric Adventures\" \/>\n<meta property=\"article:modified_time\" content=\"2026-04-01T16:43:55+00:00\" \/>\n<meta property=\"og:image\" content=\"https:\/\/www.ericadventures.com\/wp-content\/uploads\/Uyuni-Calama.jpg\" \/>\n\t<meta property=\"og:image:width\" content=\"722\" \/>\n\t<meta property=\"og:image:height\" content=\"428\" \/>\n\t<meta property=\"og:image:type\" content=\"image\/jpeg\" \/>\n<meta name=\"twitter:card\" content=\"summary_large_image\" \/>\n<meta name=\"twitter:label1\" content=\"Dur\u00e9e de lecture estim\u00e9e\" \/>\n\t<meta name=\"twitter:data1\" content=\"3 minutes\" \/>\n<script type=\"application\/ld+json\" class=\"yoast-schema-graph\">{\"@context\":\"https:\/\/schema.org\",\"@graph\":[{\"@type\":\"WebPage\",\"@id\":\"https:\/\/www.ericadventures.com\/fr\/bolivia\/1d-transfer-uyuni-to-calama-via-ollague\/\",\"url\":\"https:\/\/www.ericadventures.com\/fr\/bolivia\/1d-transfer-uyuni-to-calama-via-ollague\/\",\"name\":\"1 Jour Transfert d'Uyuni \u00e0 Calama via Ollague\",\"isPartOf\":{\"@id\":\"https:\/\/www.ericadventures.com\/en\/#website\"},\"primaryImageOfPage\":{\"@id\":\"https:\/\/www.ericadventures.com\/fr\/bolivia\/1d-transfer-uyuni-to-calama-via-ollague\/#primaryimage\"},\"image\":{\"@id\":\"https:\/\/www.ericadventures.com\/fr\/bolivia\/1d-transfer-uyuni-to-calama-via-ollague\/#primaryimage\"},\"thumbnailUrl\":\"https:\/\/www.ericadventures.com\/wp-content\/uploads\/Uyuni-Calama.jpg\",\"datePublished\":\"2025-10-31T18:43:49+00:00\",\"dateModified\":\"2026-04-01T16:43:55+00:00\",\"description\":\"Profitez de cette excursion dans le plus haut d\u00e9sert de sel du monde. Il est situ\u00e9 au sud-ouest de la Bolivie, dans la cordill\u00e8re des Andes.\",\"breadcrumb\":{\"@id\":\"https:\/\/www.ericadventures.com\/fr\/bolivia\/1d-transfer-uyuni-to-calama-via-ollague\/#breadcrumb\"},\"inLanguage\":\"fr-FR\",\"potentialAction\":[{\"@type\":\"ReadAction\",\"target\":[\"https:\/\/www.ericadventures.com\/fr\/bolivia\/1d-transfer-uyuni-to-calama-via-ollague\/\"]}]},{\"@type\":\"ImageObject\",\"inLanguage\":\"fr-FR\",\"@id\":\"https:\/\/www.ericadventures.com\/fr\/bolivia\/1d-transfer-uyuni-to-calama-via-ollague\/#primaryimage\",\"url\":\"https:\/\/www.ericadventures.com\/wp-content\/uploads\/Uyuni-Calama.jpg\",\"contentUrl\":\"https:\/\/www.ericadventures.com\/wp-content\/uploads\/Uyuni-Calama.jpg\",\"width\":722,\"height\":428},{\"@type\":\"BreadcrumbList\",\"@id\":\"https:\/\/www.ericadventures.com\/fr\/bolivia\/1d-transfer-uyuni-to-calama-via-ollague\/#breadcrumb\",\"itemListElement\":[{\"@type\":\"ListItem\",\"position\":1,\"name\":\"Home\",\"item\":\"https:\/\/www.ericadventures.com\/fr\/\"},{\"@type\":\"ListItem\",\"position\":2,\"name\":\"Visites in Bolivia\",\"item\":\"https:\/\/www.ericadventures.com\/fr\/bolivia\/\"},{\"@type\":\"ListItem\",\"position\":3,\"name\":\"1J Transfert d&#8217;Uyuni \u00e0 Calama via Ollague\"}]},{\"@type\":\"WebSite\",\"@id\":\"https:\/\/www.ericadventures.com\/en\/#website\",\"url\":\"https:\/\/www.ericadventures.com\/en\/\",\"name\":\"Eric Adventures\",\"description\":\"\",\"publisher\":{\"@id\":\"https:\/\/www.ericadventures.com\/en\/#organization\"},\"alternateName\":\"Eric Adventures\",\"potentialAction\":[{\"@type\":\"SearchAction\",\"target\":{\"@type\":\"EntryPoint\",\"urlTemplate\":\"https:\/\/www.ericadventures.com\/en\/?s={search_term_string}\"},\"query-input\":{\"@type\":\"PropertyValueSpecification\",\"valueRequired\":true,\"valueName\":\"search_term_string\"}}],\"inLanguage\":\"fr-FR\"},{\"@type\":\"Organization\",\"@id\":\"https:\/\/www.ericadventures.com\/en\/#organization\",\"name\":\"Eric Adventures\",\"url\":\"https:\/\/www.ericadventures.com\/en\/\",\"logo\":{\"@type\":\"ImageObject\",\"inLanguage\":\"fr-FR\",\"@id\":\"https:\/\/www.ericadventures.com\/en\/#\/schema\/logo\/image\/\",\"url\":\"https:\/\/www.ericadventures.com\/wp-content\/uploads\/logo-ericadventures.png\",\"contentUrl\":\"https:\/\/www.ericadventures.com\/wp-content\/uploads\/logo-ericadventures.png\",\"width\":500,\"height\":106,\"caption\":\"Eric Adventures\"},\"image\":{\"@id\":\"https:\/\/www.ericadventures.com\/en\/#\/schema\/logo\/image\/\"}}]}<\/script>\n<!-- \/ Yoast SEO Premium plugin. -->","yoast_head_json":{"title":"1 Jour Transfert d'Uyuni \u00e0 Calama via Ollague","description":"Profitez de cette excursion dans le plus haut d\u00e9sert de sel du monde. Il est situ\u00e9 au sud-ouest de la Bolivie, dans la cordill\u00e8re des Andes.","robots":{"index":"index","follow":"follow","max-snippet":"max-snippet:-1","max-image-preview":"max-image-preview:large","max-video-preview":"max-video-preview:-1"},"canonical":"https:\/\/www.ericadventures.com\/fr\/bolivia\/1d-transfer-uyuni-to-calama-via-ollague\/","og_locale":"fr_FR","og_type":"article","og_title":"1J Transfert d'Uyuni \u00e0 Calama via Ollague","og_description":"Profitez de cette excursion dans le plus haut d\u00e9sert de sel du monde. Il est situ\u00e9 au sud-ouest de la Bolivie, dans la cordill\u00e8re des Andes.","og_url":"https:\/\/www.ericadventures.com\/fr\/bolivia\/1d-transfer-uyuni-to-calama-via-ollague\/","og_site_name":"Eric Adventures","article_modified_time":"2026-04-01T16:43:55+00:00","og_image":[{"width":722,"height":428,"url":"https:\/\/www.ericadventures.com\/wp-content\/uploads\/Uyuni-Calama.jpg","type":"image\/jpeg"}],"twitter_card":"summary_large_image","twitter_misc":{"Dur\u00e9e de lecture estim\u00e9e":"3 minutes"},"schema":{"@context":"https:\/\/schema.org","@graph":[{"@type":"WebPage","@id":"https:\/\/www.ericadventures.com\/fr\/bolivia\/1d-transfer-uyuni-to-calama-via-ollague\/","url":"https:\/\/www.ericadventures.com\/fr\/bolivia\/1d-transfer-uyuni-to-calama-via-ollague\/","name":"1 Jour Transfert d'Uyuni \u00e0 Calama via Ollague","isPartOf":{"@id":"https:\/\/www.ericadventures.com\/en\/#website"},"primaryImageOfPage":{"@id":"https:\/\/www.ericadventures.com\/fr\/bolivia\/1d-transfer-uyuni-to-calama-via-ollague\/#primaryimage"},"image":{"@id":"https:\/\/www.ericadventures.com\/fr\/bolivia\/1d-transfer-uyuni-to-calama-via-ollague\/#primaryimage"},"thumbnailUrl":"https:\/\/www.ericadventures.com\/wp-content\/uploads\/Uyuni-Calama.jpg","datePublished":"2025-10-31T18:43:49+00:00","dateModified":"2026-04-01T16:43:55+00:00","description":"Profitez de cette excursion dans le plus haut d\u00e9sert de sel du monde. Il est situ\u00e9 au sud-ouest de la Bolivie, dans la cordill\u00e8re des Andes.","breadcrumb":{"@id":"https:\/\/www.ericadventures.com\/fr\/bolivia\/1d-transfer-uyuni-to-calama-via-ollague\/#breadcrumb"},"inLanguage":"fr-FR","potentialAction":[{"@type":"ReadAction","target":["https:\/\/www.ericadventures.com\/fr\/bolivia\/1d-transfer-uyuni-to-calama-via-ollague\/"]}]},{"@type":"ImageObject","inLanguage":"fr-FR","@id":"https:\/\/www.ericadventures.com\/fr\/bolivia\/1d-transfer-uyuni-to-calama-via-ollague\/#primaryimage","url":"https:\/\/www.ericadventures.com\/wp-content\/uploads\/Uyuni-Calama.jpg","contentUrl":"https:\/\/www.ericadventures.com\/wp-content\/uploads\/Uyuni-Calama.jpg","width":722,"height":428},{"@type":"BreadcrumbList","@id":"https:\/\/www.ericadventures.com\/fr\/bolivia\/1d-transfer-uyuni-to-calama-via-ollague\/#breadcrumb","itemListElement":[{"@type":"ListItem","position":1,"name":"Home","item":"https:\/\/www.ericadventures.com\/fr\/"},{"@type":"ListItem","position":2,"name":"Visites in Bolivia","item":"https:\/\/www.ericadventures.com\/fr\/bolivia\/"},{"@type":"ListItem","position":3,"name":"1J Transfert d&#8217;Uyuni \u00e0 Calama via Ollague"}]},{"@type":"WebSite","@id":"https:\/\/www.ericadventures.com\/en\/#website","url":"https:\/\/www.ericadventures.com\/en\/","name":"Eric Adventures","description":"","publisher":{"@id":"https:\/\/www.ericadventures.com\/en\/#organization"},"alternateName":"Eric Adventures","potentialAction":[{"@type":"SearchAction","target":{"@type":"EntryPoint","urlTemplate":"https:\/\/www.ericadventures.com\/en\/?s={search_term_string}"},"query-input":{"@type":"PropertyValueSpecification","valueRequired":true,"valueName":"search_term_string"}}],"inLanguage":"fr-FR"},{"@type":"Organization","@id":"https:\/\/www.ericadventures.com\/en\/#organization","name":"Eric Adventures","url":"https:\/\/www.ericadventures.com\/en\/","logo":{"@type":"ImageObject","inLanguage":"fr-FR","@id":"https:\/\/www.ericadventures.com\/en\/#\/schema\/logo\/image\/","url":"https:\/\/www.ericadventures.com\/wp-content\/uploads\/logo-ericadventures.png","contentUrl":"https:\/\/www.ericadventures.com\/wp-content\/uploads\/logo-ericadventures.png","width":500,"height":106,"caption":"Eric Adventures"},"image":{"@id":"https:\/\/www.ericadventures.com\/en\/#\/schema\/logo\/image\/"}}]}},"coauthors":[],"author_meta":{"author_link":"https:\/\/www.ericadventures.com\/fr\/author\/marilyn\/","display_name":"Marilyn Ayma Gomez"},"relative_dates":{"created":"Publi\u00e9 6 mois il y a","modified":"Mis \u00e0 jour 3 semaines il y a"},"absolute_dates":{"created":"Publi\u00e9 le octobre 31, 2025","modified":"Mise \u00e0 jour le avril 1, 2026"},"absolute_dates_time":{"created":"Publi\u00e9 le octobre 31, 2025 1:43 pm","modified":"Mise \u00e0 jour le avril 1, 2026 11:43 am"},"featured_img_caption":"","featured_img":"https:\/\/www.ericadventures.com\/wp-content\/uploads\/Uyuni-Calama.jpg","series_order":"","_links":{"self":[{"href":"https:\/\/www.ericadventures.com\/fr\/wp-json\/wp\/v2\/pages\/42721","targetHints":{"allow":["GET"]}}],"collection":[{"href":"https:\/\/www.ericadventures.com\/fr\/wp-json\/wp\/v2\/pages"}],"about":[{"href":"https:\/\/www.ericadventures.com\/fr\/wp-json\/wp\/v2\/types\/page"}],"author":[{"embeddable":true,"href":"https:\/\/www.ericadventures.com\/fr\/wp-json\/wp\/v2\/users\/4"}],"replies":[{"embeddable":true,"href":"https:\/\/www.ericadventures.com\/fr\/wp-json\/wp\/v2\/comments?post=42721"}],"version-history":[{"count":10,"href":"https:\/\/www.ericadventures.com\/fr\/wp-json\/wp\/v2\/pages\/42721\/revisions"}],"predecessor-version":[{"id":46492,"href":"https:\/\/www.ericadventures.com\/fr\/wp-json\/wp\/v2\/pages\/42721\/revisions\/46492"}],"up":[{"embeddable":true,"href":"https:\/\/www.ericadventures.com\/fr\/wp-json\/wp\/v2\/pages\/209"}],"wp:featuredmedia":[{"embeddable":true,"href":"https:\/\/www.ericadventures.com\/fr\/wp-json\/wp\/v2\/media\/42712"}],"wp:attachment":[{"href":"https:\/\/www.ericadventures.com\/fr\/wp-json\/wp\/v2\/media?parent=42721"}],"curies":[{"name":"wp","href":"https:\/\/api.w.org\/{rel}","templated":true}]}}