{"id":44244,"date":"2025-12-27T11:26:44","date_gmt":"2025-12-27T16:26:44","guid":{"rendered":"https:\/\/www.ericadventures.com\/?page_id=44244"},"modified":"2026-03-19T13:27:33","modified_gmt":"2026-03-19T18:27:33","slug":"excursion-de-midi-aux-lagunes-de-baltinache","status":"publish","type":"page","link":"https:\/\/www.ericadventures.com\/fr\/chile\/excursion-de-midi-aux-lagunes-de-baltinache\/","title":{"rendered":"Excursion de midi aux lagunes de Baltinache"},"content":{"rendered":"<div class=\"wp-block-image\">\n<figure class=\"alignleft size-full is-resized\"><img loading=\"lazy\" decoding=\"async\" width=\"767\" height=\"466\" src=\"https:\/\/www.ericadventures.com\/wp-content\/uploads\/Baltinache.jpg\" alt=\"\" class=\"wp-image-44209\" style=\"width:416px;height:auto\" srcset=\"https:\/\/www.ericadventures.com\/wp-content\/uploads\/Baltinache.jpg 767w, https:\/\/www.ericadventures.com\/wp-content\/uploads\/Baltinache-300x182.jpg 300w\" sizes=\"auto, (max-width: 767px) 100vw, 767px\" \/><\/figure>\n<\/div>\n\n\n<p>Au c\u0153ur du d\u00e9sert d&rsquo;Atacama, dissimul\u00e9es derri\u00e8re les replis de la Cordill\u00e8re du Sel, se d\u00e9voilent les Sept Lagunes de Baltinache. Ce paysage surr\u00e9aliste se caract\u00e9rise par le contraste saisissant entre l&rsquo;aridit\u00e9 du d\u00e9sert et la puret\u00e9 de ses eaux turquoise, prot\u00e9g\u00e9es par une cro\u00fbte de sel d&rsquo;un blanc \u00e9clatant.<\/p>\n\n\n\n<p><\/p>\n\n\n\n<h2 class=\"wp-block-heading\" id=\"day-1-uyuni-salt-flats-inka-wasi-colchani-town-16819c68-3c6c-4ef7-a662-bf2b03ded85b\"><strong>ITIN\u00c9RAIRE<\/strong><\/h2>\n\n\n\n<p>Profitez d&rsquo;une excursion d&rsquo;une demi-journ\u00e9e con\u00e7ue pour vous d\u00e9connecter au c\u0153ur du d\u00e9sert d&rsquo;Atacama.<\/p>\n\n\n\n<p>Nous viendrons vous chercher \u00e0 votre h\u00f4tel \u00e0 San Pedro de Atacama \u00e0 8h00. Nous d\u00e9butons notre excursion vers la Cordill\u00e8re du Sel, en admirant les panoramas sur les formations rocheuses ancestrales qui annoncent l&rsquo;immensit\u00e9 du d\u00e9sert.<\/p>\n\n\n\n<p>Ensuite, nous partons \u00e0 la d\u00e9couverte des sept lagunes sal\u00e9es. Nous observons le contraste saisissant entre le turquoise intense de l&rsquo;eau et le blanc immacul\u00e9 de la cro\u00fbte de sel environnante.<\/p>\n\n\n\n<p>Temps libre pour se baigner dans la lagune d\u00e9sign\u00e9e. Gr\u00e2ce \u00e0 la salinit\u00e9 extr\u00eame, vous ressentirez une sensation d&rsquo;apesanteur, flottant sans effort dans un environnement d&rsquo;une tranquillit\u00e9 absolue.<\/p>\n\n\n\n<p>Au coucher du soleil, savourez un Pisco Sour traditionnel accompagn\u00e9 de sp\u00e9cialit\u00e9s locales \u2013 le moment id\u00e9al pour immortaliser ces instants magiques durant la golden hour.<\/p>\n\n\n\n<p>La visite se termine vers 14h00.<\/p>\n\n\n\n<h3 class=\"wp-block-heading\" id=\"h-inclus\"><strong>Inclus:<\/strong><\/h3>\n\n\n\n<ul class=\"wp-block-list\">\n<li>Guide bilingue anglais\/espagnol<\/li>\n\n\n\n<li>Transport priv\u00e9 aller-retour<\/li>\n\n\n\n<li>Collation offerte, jus de fruits frais et notre Pisco Sour traditionnel<\/li>\n<\/ul>\n\n\n\n<p><strong>Non inclus:<\/strong><\/p>\n\n\n\n<ul class=\"wp-block-list\">\n<li>Frais d&rsquo;entr\u00e9e au parc (\u00e0 r\u00e9gler en esp\u00e8ces sur place pendant l&rsquo;excursion)<\/li>\n\n\n\n<li>Cat\u00e9gorie\/Prix (CLP) Grand public&nbsp;: 5&nbsp;000&nbsp;CLP (6&nbsp;USD)<\/li>\n<\/ul>\n\n\n\n<p><strong>\u00c0 emporter&nbsp;:<\/strong><\/p>\n\n\n\n<ul class=\"wp-block-list\">\n<li>Chaussures ferm\u00e9es ou de randonn\u00e9e<\/li>\n\n\n\n<li>Veste<\/li>\n\n\n\n<li>Chapeau<\/li>\n\n\n\n<li>Lunettes de soleil<\/li>\n\n\n\n<li>Cr\u00e8me solaire<\/li>\n\n\n\n<li>Eau<\/li>\n<\/ul>\n\n\n\n<h2 class=\"wp-block-heading\" id=\"prices-427f2a21-a933-4e54-a4c3-a61b8c875d54\">TARIFS (PAR PERSONNE EN DOLLARS AM\u00c9RICAINS)<\/h2>\n\n\n\n<p><strong>SERVICE PARTAG\u00c9<\/strong><\/p>\n\n\n\n<ul class=\"wp-block-list\">\n<li>Prix par personne&nbsp;: 68&nbsp;$ US<\/li>\n<\/ul>\n\n\n\n<p>*Prix indicatif, sous r\u00e9serve de disponibilit\u00e9 et de saison<\/p>\n\n\n\n<p><strong>Remarque\u00a0: <\/strong>Pour les excursions de groupe \u00e0 San Pedro de Atacama, la prise en charge se fait en centre-ville (place principale).<\/p>\n\n\n\n<h2 class=\"wp-block-heading\" id=\"map-a4747216-f4c2-4e5e-b4a9-01e58d708b51\">Plan d\u2019acc\u00e8s<\/h2>\n\n\n\n<figure class=\"wp-block-gallery has-nested-images columns-default wp-block-gallery-1 is-layout-flex wp-block-gallery-is-layout-flex\">\n<figure class=\"wp-block-image size-thumbnail\"><a href=\"https:\/\/www.ericadventures.com\/wp-content\/uploads\/Mapa-Baltinache-1-dia.jpg\"><img loading=\"lazy\" decoding=\"async\" width=\"150\" height=\"150\" data-id=\"44239\" src=\"https:\/\/www.ericadventures.com\/wp-content\/uploads\/Mapa-Baltinache-1-dia-150x150.jpg\" alt=\"Hidden lagoons of Baltinache Map\" class=\"wp-image-44239\"\/><\/a><\/figure>\n<\/figure>\n\n\n\n<h2 class=\"wp-block-heading\" id=\"photo-gallery-aa562bbc-3acd-4676-b221-0088e4d17123\">Galerie photos<\/h2>\n\n\n\n<figure class=\"wp-block-gallery has-nested-images columns-6 is-cropped wp-block-gallery-2 is-layout-flex wp-block-gallery-is-layout-flex\">\n<figure class=\"wp-block-image size-thumbnail\"><img loading=\"lazy\" decoding=\"async\" width=\"150\" height=\"150\" data-id=\"44209\" src=\"https:\/\/www.ericadventures.com\/wp-content\/uploads\/Baltinache-150x150.jpg\" alt=\"\" class=\"wp-image-44209\"\/><\/figure>\n\n\n\n<figure class=\"wp-block-image size-thumbnail\"><img loading=\"lazy\" decoding=\"async\" width=\"150\" height=\"150\" data-id=\"44229\" src=\"https:\/\/www.ericadventures.com\/wp-content\/uploads\/Lagunas-Escondidas-Baltinache-1d-150x150.jpg\" alt=\"\" class=\"wp-image-44229\"\/><\/figure>\n\n\n\n<figure class=\"wp-block-image size-thumbnail\"><img loading=\"lazy\" decoding=\"async\" width=\"150\" height=\"150\" data-id=\"44224\" src=\"https:\/\/www.ericadventures.com\/wp-content\/uploads\/Lagunas-Econdidas-Baltinache-150x150.jpg\" alt=\"\" class=\"wp-image-44224\"\/><\/figure>\n\n\n\n<figure class=\"wp-block-image size-thumbnail\"><img loading=\"lazy\" decoding=\"async\" width=\"150\" height=\"150\" data-id=\"44234\" src=\"https:\/\/www.ericadventures.com\/wp-content\/uploads\/Lagunas-escondidas-de-Baltinache-1d-150x150.jpg\" alt=\"\" class=\"wp-image-44234\"\/><\/figure>\n\n\n\n<figure class=\"wp-block-image size-thumbnail\"><img loading=\"lazy\" decoding=\"async\" width=\"150\" height=\"150\" data-id=\"44219\" src=\"https:\/\/www.ericadventures.com\/wp-content\/uploads\/Lagunas-de-Agua-Salada-1d-150x150.jpg\" alt=\"\" class=\"wp-image-44219\"\/><\/figure>\n\n\n\n<figure class=\"wp-block-image size-thumbnail\"><img loading=\"lazy\" decoding=\"async\" width=\"150\" height=\"150\" data-id=\"44214\" src=\"https:\/\/www.ericadventures.com\/wp-content\/uploads\/Cordillera-de-agua-de-sal-1d-Tour-Baltinache-150x150.jpg\" alt=\"\" class=\"wp-image-44214\"\/><\/figure>\n<\/figure>\n\n\n\n<h2 class=\"wp-block-heading\" id=\"contact-form-d731b6af-da5f-46d6-b868-126f7214540c\">Formulaire de contact<\/h2>\n\n\n\n<p id=\"contact-form-d731b6af-da5f-46d6-b868-126f7214540c\"><\/p>\n\n\n\n<div class=\"wp-block-contact-form-7-contact-form-selector\">\n<div class=\"wpcf7 no-js\" id=\"wpcf7-f6171-o1\" lang=\"es-ES\" dir=\"ltr\" data-wpcf7-id=\"6171\">\n<div class=\"screen-reader-response\"><p role=\"status\" aria-live=\"polite\" aria-atomic=\"true\"><\/p> <ul><\/ul><\/div>\n<form action=\"\/fr\/wp-json\/wp\/v2\/pages\/44244#wpcf7-f6171-o1\" method=\"post\" class=\"wpcf7-form init\" aria-label=\"Formulario de contacto\" novalidate=\"novalidate\" data-status=\"init\">\n<fieldset class=\"hidden-fields-container\"><input type=\"hidden\" name=\"_wpcf7\" value=\"6171\" \/><input type=\"hidden\" name=\"_wpcf7_version\" value=\"6.1.5\" \/><input type=\"hidden\" name=\"_wpcf7_locale\" value=\"es_ES\" \/><input type=\"hidden\" name=\"_wpcf7_unit_tag\" value=\"wpcf7-f6171-o1\" \/><input type=\"hidden\" name=\"_wpcf7_container_post\" value=\"0\" \/><input type=\"hidden\" name=\"_wpcf7_posted_data_hash\" value=\"\" \/>\n<\/fieldset>\n<div class=\"wpcf7-turnstile cf-turnstile\" data-sitekey=\"0x4AAAAAACZ2CLxkDaDac8NW\" data-response-field-name=\"_wpcf7_turnstile_response\"><\/div>\n\n<div class=\"formt\">\n    <span class=\"textform\"> Pour r\u00e9server ou plus d\u2019informations, veuillez remplir le formulaire client\/invit\u00e9 suivant\u00a0: <\/span>\n    <input class=\"wpcf7-form-control wpcf7-hidden\" value=\"https:\/\/www.ericadventures.com\/fr\/wp-json\/wp\/v2\/pages\/44244\" type=\"hidden\" name=\"Url_Tour\" \/>\n    <input class=\"wpcf7-form-control wpcf7-hidden\" value=\"fr\" type=\"hidden\" name=\"Idioma\" \/>\n    <input class=\"wpcf7-form-control wpcf7-hidden\" value=\"20\/04\/2026 10:30:53\" type=\"hidden\" name=\"Fecha_Hora\" \/>\n    <input class=\"wpcf7-form-control wpcf7-hidden\" value=\"216.73.216.61\" type=\"hidden\" name=\"Ip\" \/>\n    <input class=\"wpcf7-form-control wpcf7-hidden\" value=\"Excursion de midi aux lagunes de Baltinache\" type=\"hidden\" name=\"Nombre_Tour\" \/>\n    <input class=\"wpcf7-form-control wpcf7-hidden\" value=\"1\" type=\"hidden\" name=\"enviar_excel\" \/>\n\n    <div class=\"g2\">\n        <div>\n            <label>Nom: <\/label>\n            <span class=\"wpcf7-form-control-wrap\" data-name=\"Nombre\"><input size=\"40\" maxlength=\"400\" class=\"wpcf7-form-control wpcf7-text wpcf7-validates-as-required\" aria-required=\"true\" aria-invalid=\"false\" value=\"\" type=\"text\" name=\"Nombre\" \/><\/span>\n        <\/div>\n        <div>\n            <label>E-mail: <\/label>\n            <span class=\"wpcf7-form-control-wrap\" data-name=\"Emails\"><input size=\"40\" maxlength=\"400\" class=\"wpcf7-form-control wpcf7-email wpcf7-validates-as-required wpcf7-text wpcf7-validates-as-email\" aria-required=\"true\" aria-invalid=\"false\" value=\"\" type=\"email\" name=\"Emails\" \/><\/span>\n        <\/div>\n    <\/div>\n    \n    <div class=\"g2\">\n        <div>\n            <label>Pays: <\/label>\n            <span class=\"wpcf7-form-control-wrap\" data-name=\"Pais\"><input size=\"40\" maxlength=\"400\" class=\"wpcf7-form-control wpcf7-text\" aria-invalid=\"false\" value=\"\" type=\"text\" name=\"Pais\" \/><\/span>\n        <\/div>\n        <div>\n            <label>T\u00e9l\u00e9phone - Whatsapp: <\/label>\n            <span class=\"wpcf7-form-control-wrap\" data-name=\"Whatsapp\"><input size=\"40\" class=\"wpcf7-form-control wpcf7-phonetext wpcf7-text wpcf7-validates-as-phonetext\" aria-invalid=\"false\" value=\"\" type=\"text\" name=\"Whatsapp\" \/><input type=\"hidden\" name=\"Whatsapp-country-code\" class=\"wpcf7-phonetext-country-code\" \/><\/span>\n        <\/div>\n    <\/div>\n    \n    <div class=\"g2\">\n        <div>\n            <label>Nombre d'adultes: <\/label>\n            <span class=\"wpcf7-form-control-wrap\" data-name=\"Adultos\"><select class=\"wpcf7-form-control wpcf7-select wpcf7-validates-as-required\" aria-required=\"true\" aria-invalid=\"false\" name=\"Adultos\"><option value=\"1\">1<\/option><option value=\"2\">2<\/option><option value=\"3\">3<\/option><option value=\"4\">4<\/option><option value=\"5\">5<\/option><option value=\"6\">6<\/option><option value=\"7\">7<\/option><option value=\"8\">8<\/option><option value=\"9\">9<\/option><option value=\"10\">10<\/option><option value=\"11\">11<\/option><option value=\"12 \u00e0 plus\">12 \u00e0 plus<\/option><\/select><\/span>\n        <\/div>\n        <div>\n            <label>Nombre d'enfants: <\/label>\n            <span class=\"wpcf7-form-control-wrap\" data-name=\"Ninos\"><select class=\"wpcf7-form-control wpcf7-select wpcf7-validates-as-required\" aria-required=\"true\" aria-invalid=\"false\" name=\"Ninos\"><option value=\"0\">0<\/option><option value=\"1\">1<\/option><option value=\"2\">2<\/option><option value=\"3\">3<\/option><option value=\"4\">4<\/option><option value=\"5\">5<\/option><option value=\"6\">6<\/option><option value=\"7\">7<\/option><option value=\"8\">8<\/option><option value=\"9\">9<\/option><option value=\"10\">10<\/option><option value=\"11\">11<\/option><option value=\"12 \u00e0 plus\">12 \u00e0 plus<\/option><\/select><\/span>\n        <\/div>\n    <\/div>\n    \n    <div class=\"g2\">\n        <div>\n            <label>Date de d\u00e9but de la tourn\u00e9e: <\/label>\n            <span class=\"wpcf7-form-control-wrap\" data-name=\"Inicio\"><input class=\"wpcf7-form-control wpcf7-date wpcf7-validates-as-required wpcf7-validates-as-date\" id=\"inicio\" min=\"2026-04-20\" aria-required=\"true\" aria-invalid=\"false\" value=\"\" type=\"date\" name=\"Inicio\" \/><\/span>\n        <\/div>\n        <div>\n            <label>Date de fin de la tourn\u00e9e: <\/label>\n            <span class=\"wpcf7-form-control-wrap\" data-name=\"Final\"><input class=\"wpcf7-form-control wpcf7-date wpcf7-validates-as-required wpcf7-validates-as-date\" id=\"final\" min=\"2026-04-20\" aria-required=\"true\" aria-invalid=\"false\" value=\"\" type=\"date\" name=\"Final\" \/><\/span>\n        <\/div>\n    <\/div>\n    \n    <div>\n        <label>Commentaires ou questions: <\/label>\n        <span class=\"wpcf7-form-control-wrap\" data-name=\"Mensaje\"><textarea cols=\"40\" rows=\"10\" maxlength=\"2000\" class=\"wpcf7-form-control wpcf7-textarea wpcf7-validates-as-required\" aria-required=\"true\" aria-invalid=\"false\" placeholder=\"Veuillez pr\u00e9ciser le type de SERVICE\/VISITE que vous souhaitez effectuer\" name=\"Mensaje\"><\/textarea><\/span>\n    <\/div>\n    \n    <input class=\"wpcf7-form-control wpcf7-submit has-spinner btnsend\" type=\"submit\" value=\"ENVOYER MESSAGE\" \/>\n<\/div><div class=\"wpcf7-response-output\" aria-hidden=\"true\"><\/div>\n<\/form>\n<\/div>\n<\/div>\n","protected":false},"excerpt":{"rendered":"<p>Au c\u0153ur du d\u00e9sert d&rsquo;Atacama, dissimul\u00e9es derri\u00e8re les replis de la Cordill\u00e8re du Sel, se d\u00e9voilent les Sept Lagunes de [&hellip;]<\/p>\n","protected":false},"author":4,"featured_media":44210,"parent":36842,"menu_order":0,"comment_status":"closed","ping_status":"closed","template":"page-tour.php","meta":{"_acf_changed":false,"advgb_blocks_editor_width":"","advgb_blocks_columns_visual_guide":"","footnotes":""},"class_list":["post-44244","page","type-page","status-publish","has-post-thumbnail","hentry"],"acf":[],"yoast_head":"<!-- This site is optimized with the Yoast SEO Premium plugin v25.4 (Yoast SEO v26.9) - https:\/\/yoast.com\/product\/yoast-seo-premium-wordpress\/ -->\n<title>1 Jour lagons cach\u00e9s de Baltinache San Pedro de Atacama Chile<\/title>\n<meta name=\"description\" content=\"Au c\u0153ur du d\u00e9sert d&#039;Atacama, cach\u00e9s derri\u00e8re les replis de la Cordill\u00e8re du Sel, se trouvent les Sept Lacs de Baltinache, \u00e0 partir de 68 $.\" \/>\n<meta name=\"robots\" content=\"index, follow, max-snippet:-1, max-image-preview:large, max-video-preview:-1\" \/>\n<link rel=\"canonical\" href=\"https:\/\/www.ericadventures.com\/fr\/chile\/excursion-de-midi-aux-lagunes-de-baltinache\/\" \/>\n<meta property=\"og:locale\" content=\"fr_FR\" \/>\n<meta property=\"og:type\" content=\"article\" \/>\n<meta property=\"og:title\" content=\"Excursion de midi aux lagunes de Baltinache\" \/>\n<meta property=\"og:description\" content=\"Au c\u0153ur du d\u00e9sert d&#039;Atacama, cach\u00e9s derri\u00e8re les replis de la Cordill\u00e8re du Sel, se trouvent les Sept Lacs de Baltinache, \u00e0 partir de 68 $.\" \/>\n<meta property=\"og:url\" content=\"https:\/\/www.ericadventures.com\/fr\/chile\/excursion-de-midi-aux-lagunes-de-baltinache\/\" \/>\n<meta property=\"og:site_name\" content=\"Eric Adventures\" \/>\n<meta property=\"article:modified_time\" content=\"2026-03-19T18:27:33+00:00\" \/>\n<meta property=\"og:image\" content=\"https:\/\/www.ericadventures.com\/wp-content\/uploads\/Baltinache.jpg\" \/>\n\t<meta property=\"og:image:width\" content=\"767\" \/>\n\t<meta property=\"og:image:height\" content=\"466\" \/>\n\t<meta property=\"og:image:type\" content=\"image\/jpeg\" \/>\n<meta name=\"twitter:card\" content=\"summary_large_image\" \/>\n<meta name=\"twitter:label1\" content=\"Dur\u00e9e de lecture estim\u00e9e\" \/>\n\t<meta name=\"twitter:data1\" content=\"4 minutes\" \/>\n<script type=\"application\/ld+json\" class=\"yoast-schema-graph\">{\"@context\":\"https:\/\/schema.org\",\"@graph\":[{\"@type\":\"WebPage\",\"@id\":\"https:\/\/www.ericadventures.com\/fr\/chile\/excursion-de-midi-aux-lagunes-de-baltinache\/\",\"url\":\"https:\/\/www.ericadventures.com\/fr\/chile\/excursion-de-midi-aux-lagunes-de-baltinache\/\",\"name\":\"1 Jour lagons cach\u00e9s de Baltinache San Pedro de Atacama Chile\",\"isPartOf\":{\"@id\":\"https:\/\/www.ericadventures.com\/en\/#website\"},\"primaryImageOfPage\":{\"@id\":\"https:\/\/www.ericadventures.com\/fr\/chile\/excursion-de-midi-aux-lagunes-de-baltinache\/#primaryimage\"},\"image\":{\"@id\":\"https:\/\/www.ericadventures.com\/fr\/chile\/excursion-de-midi-aux-lagunes-de-baltinache\/#primaryimage\"},\"thumbnailUrl\":\"https:\/\/www.ericadventures.com\/wp-content\/uploads\/Baltinache.jpg\",\"datePublished\":\"2025-12-27T16:26:44+00:00\",\"dateModified\":\"2026-03-19T18:27:33+00:00\",\"description\":\"Au c\u0153ur du d\u00e9sert d'Atacama, cach\u00e9s derri\u00e8re les replis de la Cordill\u00e8re du Sel, se trouvent les Sept Lacs de Baltinache, \u00e0 partir de 68 $.\",\"breadcrumb\":{\"@id\":\"https:\/\/www.ericadventures.com\/fr\/chile\/excursion-de-midi-aux-lagunes-de-baltinache\/#breadcrumb\"},\"inLanguage\":\"fr-FR\",\"potentialAction\":[{\"@type\":\"ReadAction\",\"target\":[\"https:\/\/www.ericadventures.com\/fr\/chile\/excursion-de-midi-aux-lagunes-de-baltinache\/\"]}]},{\"@type\":\"ImageObject\",\"inLanguage\":\"fr-FR\",\"@id\":\"https:\/\/www.ericadventures.com\/fr\/chile\/excursion-de-midi-aux-lagunes-de-baltinache\/#primaryimage\",\"url\":\"https:\/\/www.ericadventures.com\/wp-content\/uploads\/Baltinache.jpg\",\"contentUrl\":\"https:\/\/www.ericadventures.com\/wp-content\/uploads\/Baltinache.jpg\",\"width\":767,\"height\":466},{\"@type\":\"BreadcrumbList\",\"@id\":\"https:\/\/www.ericadventures.com\/fr\/chile\/excursion-de-midi-aux-lagunes-de-baltinache\/#breadcrumb\",\"itemListElement\":[{\"@type\":\"ListItem\",\"position\":1,\"name\":\"Home\",\"item\":\"https:\/\/www.ericadventures.com\/fr\/\"},{\"@type\":\"ListItem\",\"position\":2,\"name\":\"Tours in Chile\",\"item\":\"https:\/\/www.ericadventures.com\/en\/chile\/\"},{\"@type\":\"ListItem\",\"position\":3,\"name\":\"Excursion de midi aux lagunes de Baltinache\"}]},{\"@type\":\"WebSite\",\"@id\":\"https:\/\/www.ericadventures.com\/en\/#website\",\"url\":\"https:\/\/www.ericadventures.com\/en\/\",\"name\":\"Eric Adventures\",\"description\":\"\",\"publisher\":{\"@id\":\"https:\/\/www.ericadventures.com\/en\/#organization\"},\"alternateName\":\"Eric Adventures\",\"potentialAction\":[{\"@type\":\"SearchAction\",\"target\":{\"@type\":\"EntryPoint\",\"urlTemplate\":\"https:\/\/www.ericadventures.com\/en\/?s={search_term_string}\"},\"query-input\":{\"@type\":\"PropertyValueSpecification\",\"valueRequired\":true,\"valueName\":\"search_term_string\"}}],\"inLanguage\":\"fr-FR\"},{\"@type\":\"Organization\",\"@id\":\"https:\/\/www.ericadventures.com\/en\/#organization\",\"name\":\"Eric Adventures\",\"url\":\"https:\/\/www.ericadventures.com\/en\/\",\"logo\":{\"@type\":\"ImageObject\",\"inLanguage\":\"fr-FR\",\"@id\":\"https:\/\/www.ericadventures.com\/en\/#\/schema\/logo\/image\/\",\"url\":\"https:\/\/www.ericadventures.com\/wp-content\/uploads\/logo-ericadventures.png\",\"contentUrl\":\"https:\/\/www.ericadventures.com\/wp-content\/uploads\/logo-ericadventures.png\",\"width\":500,\"height\":106,\"caption\":\"Eric Adventures\"},\"image\":{\"@id\":\"https:\/\/www.ericadventures.com\/en\/#\/schema\/logo\/image\/\"}}]}<\/script>\n<!-- \/ Yoast SEO Premium plugin. -->","yoast_head_json":{"title":"1 Jour lagons cach\u00e9s de Baltinache San Pedro de Atacama Chile","description":"Au c\u0153ur du d\u00e9sert d'Atacama, cach\u00e9s derri\u00e8re les replis de la Cordill\u00e8re du Sel, se trouvent les Sept Lacs de Baltinache, \u00e0 partir de 68 $.","robots":{"index":"index","follow":"follow","max-snippet":"max-snippet:-1","max-image-preview":"max-image-preview:large","max-video-preview":"max-video-preview:-1"},"canonical":"https:\/\/www.ericadventures.com\/fr\/chile\/excursion-de-midi-aux-lagunes-de-baltinache\/","og_locale":"fr_FR","og_type":"article","og_title":"Excursion de midi aux lagunes de Baltinache","og_description":"Au c\u0153ur du d\u00e9sert d'Atacama, cach\u00e9s derri\u00e8re les replis de la Cordill\u00e8re du Sel, se trouvent les Sept Lacs de Baltinache, \u00e0 partir de 68 $.","og_url":"https:\/\/www.ericadventures.com\/fr\/chile\/excursion-de-midi-aux-lagunes-de-baltinache\/","og_site_name":"Eric Adventures","article_modified_time":"2026-03-19T18:27:33+00:00","og_image":[{"width":767,"height":466,"url":"https:\/\/www.ericadventures.com\/wp-content\/uploads\/Baltinache.jpg","type":"image\/jpeg"}],"twitter_card":"summary_large_image","twitter_misc":{"Dur\u00e9e de lecture estim\u00e9e":"4 minutes"},"schema":{"@context":"https:\/\/schema.org","@graph":[{"@type":"WebPage","@id":"https:\/\/www.ericadventures.com\/fr\/chile\/excursion-de-midi-aux-lagunes-de-baltinache\/","url":"https:\/\/www.ericadventures.com\/fr\/chile\/excursion-de-midi-aux-lagunes-de-baltinache\/","name":"1 Jour lagons cach\u00e9s de Baltinache San Pedro de Atacama Chile","isPartOf":{"@id":"https:\/\/www.ericadventures.com\/en\/#website"},"primaryImageOfPage":{"@id":"https:\/\/www.ericadventures.com\/fr\/chile\/excursion-de-midi-aux-lagunes-de-baltinache\/#primaryimage"},"image":{"@id":"https:\/\/www.ericadventures.com\/fr\/chile\/excursion-de-midi-aux-lagunes-de-baltinache\/#primaryimage"},"thumbnailUrl":"https:\/\/www.ericadventures.com\/wp-content\/uploads\/Baltinache.jpg","datePublished":"2025-12-27T16:26:44+00:00","dateModified":"2026-03-19T18:27:33+00:00","description":"Au c\u0153ur du d\u00e9sert d'Atacama, cach\u00e9s derri\u00e8re les replis de la Cordill\u00e8re du Sel, se trouvent les Sept Lacs de Baltinache, \u00e0 partir de 68 $.","breadcrumb":{"@id":"https:\/\/www.ericadventures.com\/fr\/chile\/excursion-de-midi-aux-lagunes-de-baltinache\/#breadcrumb"},"inLanguage":"fr-FR","potentialAction":[{"@type":"ReadAction","target":["https:\/\/www.ericadventures.com\/fr\/chile\/excursion-de-midi-aux-lagunes-de-baltinache\/"]}]},{"@type":"ImageObject","inLanguage":"fr-FR","@id":"https:\/\/www.ericadventures.com\/fr\/chile\/excursion-de-midi-aux-lagunes-de-baltinache\/#primaryimage","url":"https:\/\/www.ericadventures.com\/wp-content\/uploads\/Baltinache.jpg","contentUrl":"https:\/\/www.ericadventures.com\/wp-content\/uploads\/Baltinache.jpg","width":767,"height":466},{"@type":"BreadcrumbList","@id":"https:\/\/www.ericadventures.com\/fr\/chile\/excursion-de-midi-aux-lagunes-de-baltinache\/#breadcrumb","itemListElement":[{"@type":"ListItem","position":1,"name":"Home","item":"https:\/\/www.ericadventures.com\/fr\/"},{"@type":"ListItem","position":2,"name":"Tours in Chile","item":"https:\/\/www.ericadventures.com\/en\/chile\/"},{"@type":"ListItem","position":3,"name":"Excursion de midi aux lagunes de Baltinache"}]},{"@type":"WebSite","@id":"https:\/\/www.ericadventures.com\/en\/#website","url":"https:\/\/www.ericadventures.com\/en\/","name":"Eric Adventures","description":"","publisher":{"@id":"https:\/\/www.ericadventures.com\/en\/#organization"},"alternateName":"Eric Adventures","potentialAction":[{"@type":"SearchAction","target":{"@type":"EntryPoint","urlTemplate":"https:\/\/www.ericadventures.com\/en\/?s={search_term_string}"},"query-input":{"@type":"PropertyValueSpecification","valueRequired":true,"valueName":"search_term_string"}}],"inLanguage":"fr-FR"},{"@type":"Organization","@id":"https:\/\/www.ericadventures.com\/en\/#organization","name":"Eric Adventures","url":"https:\/\/www.ericadventures.com\/en\/","logo":{"@type":"ImageObject","inLanguage":"fr-FR","@id":"https:\/\/www.ericadventures.com\/en\/#\/schema\/logo\/image\/","url":"https:\/\/www.ericadventures.com\/wp-content\/uploads\/logo-ericadventures.png","contentUrl":"https:\/\/www.ericadventures.com\/wp-content\/uploads\/logo-ericadventures.png","width":500,"height":106,"caption":"Eric Adventures"},"image":{"@id":"https:\/\/www.ericadventures.com\/en\/#\/schema\/logo\/image\/"}}]}},"coauthors":[],"author_meta":{"author_link":"https:\/\/www.ericadventures.com\/fr\/author\/marilyn\/","display_name":"Marilyn Ayma Gomez"},"relative_dates":{"created":"Publi\u00e9 4 mois il y a","modified":"Mis \u00e0 jour 1 mois il y a"},"absolute_dates":{"created":"Publi\u00e9 le d\u00e9cembre 27, 2025","modified":"Mise \u00e0 jour le mars 19, 2026"},"absolute_dates_time":{"created":"Publi\u00e9 le d\u00e9cembre 27, 2025 11:26 am","modified":"Mise \u00e0 jour le mars 19, 2026 1:27 pm"},"featured_img_caption":"","featured_img":"https:\/\/www.ericadventures.com\/wp-content\/uploads\/Baltinache.jpg","series_order":"","_links":{"self":[{"href":"https:\/\/www.ericadventures.com\/fr\/wp-json\/wp\/v2\/pages\/44244","targetHints":{"allow":["GET"]}}],"collection":[{"href":"https:\/\/www.ericadventures.com\/fr\/wp-json\/wp\/v2\/pages"}],"about":[{"href":"https:\/\/www.ericadventures.com\/fr\/wp-json\/wp\/v2\/types\/page"}],"author":[{"embeddable":true,"href":"https:\/\/www.ericadventures.com\/fr\/wp-json\/wp\/v2\/users\/4"}],"replies":[{"embeddable":true,"href":"https:\/\/www.ericadventures.com\/fr\/wp-json\/wp\/v2\/comments?post=44244"}],"version-history":[{"count":12,"href":"https:\/\/www.ericadventures.com\/fr\/wp-json\/wp\/v2\/pages\/44244\/revisions"}],"predecessor-version":[{"id":46186,"href":"https:\/\/www.ericadventures.com\/fr\/wp-json\/wp\/v2\/pages\/44244\/revisions\/46186"}],"up":[{"embeddable":true,"href":"https:\/\/www.ericadventures.com\/fr\/wp-json\/wp\/v2\/pages\/36842"}],"wp:featuredmedia":[{"embeddable":true,"href":"https:\/\/www.ericadventures.com\/fr\/wp-json\/wp\/v2\/media\/44210"}],"wp:attachment":[{"href":"https:\/\/www.ericadventures.com\/fr\/wp-json\/wp\/v2\/media?parent=44244"}],"curies":[{"name":"wp","href":"https:\/\/api.w.org\/{rel}","templated":true}]}}