{"id":45986,"date":"2026-03-04T12:26:48","date_gmt":"2026-03-04T17:26:48","guid":{"rendered":"https:\/\/www.ericadventures.com\/chile\/hd-cultural-city-tour-in-santiago-chile\/"},"modified":"2026-03-11T11:42:55","modified_gmt":"2026-03-11T16:42:55","slug":"dj-visite-culturelle-dune-demi-journee-a-santiago-du-chile","status":"publish","type":"page","link":"https:\/\/www.ericadventures.com\/fr\/chile\/dj-visite-culturelle-dune-demi-journee-a-santiago-du-chile\/","title":{"rendered":"DJ Visite culturelle d&rsquo;une demi-journ\u00e9e \u00e0 Santiago du Chile"},"content":{"rendered":"<div class=\"wp-block-image\">\n<figure class=\"alignleft size-full is-resized\"><img loading=\"lazy\" decoding=\"async\" width=\"690\" height=\"370\" src=\"https:\/\/www.ericadventures.com\/wp-content\/uploads\/Palacio-de-la-moneda-Santiago.jpg\" alt=\"\" class=\"wp-image-45958\" style=\"width:416px;height:auto\" srcset=\"https:\/\/www.ericadventures.com\/wp-content\/uploads\/Palacio-de-la-moneda-Santiago.jpg 690w, https:\/\/www.ericadventures.com\/wp-content\/uploads\/Palacio-de-la-moneda-Santiago-300x161.jpg 300w\" sizes=\"auto, (max-width: 690px) 100vw, 690px\" \/><\/figure>\n<\/div>\n\n\n<p>Santiago, au Chili, n&rsquo;est pas seulement la capitale du pays\u00a0; c&rsquo;est un v\u00e9ritable carrefour de contrastes fascinants. De sa fondation en 1541 dans le centre historique \u00e0 la splendeur architecturale de son quartier financier, connu sous le nom de \u00ab\u00a0Sanhattan\u00a0\u00bb, la ville offre une exp\u00e9rience culturelle unique.<\/p>\n\n\n\n<p><\/p>\n\n\n\n<h2 class=\"wp-block-heading\" id=\"day-1-uyuni-salt-flats-inka-wasi-colchani-town-16819c68-3c6c-4ef7-a662-bf2b03ded85b\"><strong>ITIN\u00c9RAIRE<\/strong><\/h2>\n\n\n\n<p>Notre voyage d\u00e9butera au c\u0153ur historique de Santiago (1541), o\u00f9 les murs du Palais de la Moneda et la majestueuse Cath\u00e9drale m\u00e9tropolitaine de la Plaza de Armas t\u00e9moignent de si\u00e8cles d&rsquo;histoire.<\/p>\n\n\n\n<p>Apr\u00e8s une promenade sur le Paseo Bandera, art\u00e8re anim\u00e9e et color\u00e9e, et l&rsquo;ascension de l&#8217;embl\u00e9matique colline Santa Luc\u00eda, nous plongerons dans le XXIe si\u00e8cle. Nous explorerons \u00ab&nbsp;Sanhattan&nbsp;\u00bb, le quartier financier qui impressionne par son architecture avant-gardiste et ses gratte-ciel de verre. En guise de point d&rsquo;orgue, nous visiterons un atelier de lapis-lazuli exclusif, o\u00f9 vous d\u00e9couvrirez comment les artisans chiliens transforment cette pierre semi-pr\u00e9cieuse en \u0153uvres d&rsquo;art uniques.<\/p>\n\n\n\n<h3 class=\"wp-block-heading\" id=\"h-inclus\"><strong>Inclus:<\/strong><\/h3>\n\n\n\n<ul class=\"wp-block-list\">\n<li>Transport aller-retour.<\/li>\n\n\n\n<li>Guide bilingue<\/li>\n\n\n\n<li>Transport<\/li>\n<\/ul>\n\n\n\n<p><strong>Non inclus:<\/strong><\/p>\n\n\n\n<ul class=\"wp-block-list\">\n<li>D\u00e9jeuner<\/li>\n\n\n\n<li>Pourboires<\/li>\n<\/ul>\n\n\n\n<p><strong>Recommand\u00e9\u00a0:<\/strong><\/p>\n\n\n\n<ul class=\"wp-block-list\">\n<li>Une bouteille d\u2019eau et des en-cas<\/li>\n\n\n\n<li>Un appareil photo ou une cam\u00e9ra vid\u00e9o<\/li>\n<\/ul>\n\n\n\n<h2 class=\"wp-block-heading\" id=\"prices-427f2a21-a933-4e54-a4c3-a61b8c875d54\">TARIFS (PAR PERSONNE EN DOLLARS AM\u00c9RICAINS)<\/h2>\n\n\n\n<p><strong>VISITE PARTAG\u00c9E<\/strong><\/p>\n\n\n\n<ul class=\"wp-block-list\">\n<li>Prix par personne\u00a0: 55\u00a0$ US<\/li>\n<\/ul>\n\n\n\n<p><strong>VISITE PRIV\u00c9E<\/strong><\/p>\n\n\n\n<ul class=\"wp-block-list\">\n<li>4 personnes\u00a0: 125\u00a0$ US<\/li>\n<\/ul>\n\n\n\n<p>*Prix indicatif, sous r\u00e9serve de disponibilit\u00e9 et de saison<\/p>\n\n\n\n<h2 class=\"wp-block-heading\" id=\"map-a4747216-f4c2-4e5e-b4a9-01e58d708b51\">Carte<\/h2>\n\n\n\n<figure class=\"wp-block-gallery has-nested-images columns-default wp-block-gallery-1 is-layout-flex wp-block-gallery-is-layout-flex\">\n<figure class=\"wp-block-image size-thumbnail\"><a href=\"https:\/\/www.ericadventures.com\/wp-content\/uploads\/Mapa-City-tour-Santiago-Chile.jpg\"><img loading=\"lazy\" decoding=\"async\" width=\"150\" height=\"150\" data-id=\"45942\" src=\"https:\/\/www.ericadventures.com\/wp-content\/uploads\/Mapa-City-tour-Santiago-Chile-150x150.jpg\" alt=\"\" class=\"wp-image-45942\"\/><\/a><\/figure>\n<\/figure>\n\n\n\n<h2 class=\"wp-block-heading\" id=\"photo-gallery-aa562bbc-3acd-4676-b221-0088e4d17123\">Galerie Photos<\/h2>\n\n\n\n<figure class=\"wp-block-gallery has-nested-images columns-7 is-cropped wp-block-gallery-2 is-layout-flex wp-block-gallery-is-layout-flex\">\n<figure class=\"wp-block-image size-thumbnail\"><a href=\"https:\/\/www.ericadventures.com\/wp-content\/uploads\/City-Santiago.jpg\"><img loading=\"lazy\" decoding=\"async\" width=\"150\" height=\"150\" data-id=\"45963\" src=\"https:\/\/www.ericadventures.com\/wp-content\/uploads\/City-Santiago-150x150.jpg\" alt=\"\" class=\"wp-image-45963\"\/><\/a><\/figure>\n\n\n\n<figure class=\"wp-block-image size-thumbnail\"><a href=\"https:\/\/www.ericadventures.com\/wp-content\/uploads\/City-tour-Santiago2.jpg\"><img loading=\"lazy\" decoding=\"async\" width=\"150\" height=\"150\" data-id=\"45953\" src=\"https:\/\/www.ericadventures.com\/wp-content\/uploads\/City-tour-Santiago2-150x150.jpg\" alt=\"\" class=\"wp-image-45953\"\/><\/a><\/figure>\n\n\n\n<figure class=\"wp-block-image size-thumbnail\"><a href=\"https:\/\/www.ericadventures.com\/wp-content\/uploads\/City-tour-Santiago.jpg\"><img loading=\"lazy\" decoding=\"async\" width=\"150\" height=\"150\" data-id=\"45948\" src=\"https:\/\/www.ericadventures.com\/wp-content\/uploads\/City-tour-Santiago-150x150.jpg\" alt=\"\" class=\"wp-image-45948\"\/><\/a><\/figure>\n\n\n\n<figure class=\"wp-block-image size-thumbnail\"><a href=\"https:\/\/www.ericadventures.com\/wp-content\/uploads\/Plaza-de-Armas-Santiago-de-Chile.jpg\"><img loading=\"lazy\" decoding=\"async\" width=\"150\" height=\"150\" data-id=\"45978\" src=\"https:\/\/www.ericadventures.com\/wp-content\/uploads\/Plaza-de-Armas-Santiago-de-Chile-150x150.jpg\" alt=\"\" class=\"wp-image-45978\"\/><\/a><\/figure>\n\n\n\n<figure class=\"wp-block-image size-large\"><a href=\"https:\/\/www.ericadventures.com\/wp-content\/uploads\/Tour-Piedras-Rojas-3.jpg\"><img loading=\"lazy\" decoding=\"async\" width=\"810\" height=\"488\" data-id=\"42573\" src=\"https:\/\/www.ericadventures.com\/wp-content\/uploads\/Tour-Piedras-Rojas-3.jpg\" alt=\"\" class=\"wp-image-42573\" srcset=\"https:\/\/www.ericadventures.com\/wp-content\/uploads\/Tour-Piedras-Rojas-3.jpg 810w, https:\/\/www.ericadventures.com\/wp-content\/uploads\/Tour-Piedras-Rojas-3-300x181.jpg 300w, https:\/\/www.ericadventures.com\/wp-content\/uploads\/Tour-Piedras-Rojas-3-768x463.jpg 768w\" sizes=\"auto, (max-width: 810px) 100vw, 810px\" \/><\/a><\/figure>\n\n\n\n<figure class=\"wp-block-image size-thumbnail\"><a href=\"https:\/\/www.ericadventures.com\/wp-content\/uploads\/Santa-Lucia-Hill-Santiago.jpg\"><img loading=\"lazy\" decoding=\"async\" width=\"150\" height=\"150\" data-id=\"45973\" src=\"https:\/\/www.ericadventures.com\/wp-content\/uploads\/Santa-Lucia-Hill-Santiago-150x150.jpg\" alt=\"\" class=\"wp-image-45973\"\/><\/a><\/figure>\n\n\n\n<figure class=\"wp-block-image size-thumbnail\"><a href=\"https:\/\/www.ericadventures.com\/wp-content\/uploads\/Sanhattan-Santiago.jpg\"><img loading=\"lazy\" decoding=\"async\" width=\"150\" height=\"150\" data-id=\"45968\" src=\"https:\/\/www.ericadventures.com\/wp-content\/uploads\/Sanhattan-Santiago-150x150.jpg\" alt=\"\" class=\"wp-image-45968\"\/><\/a><\/figure>\n<\/figure>\n\n\n\n<h2 class=\"wp-block-heading\" id=\"contact-form-d731b6af-da5f-46d6-b868-126f7214540c\">Formulaire de contact<\/h2>\n\n\n\n<div class=\"wp-block-contact-form-7-contact-form-selector\">\n<div class=\"wpcf7 no-js\" id=\"wpcf7-f6171-o1\" lang=\"es-ES\" dir=\"ltr\" data-wpcf7-id=\"6171\">\n<div class=\"screen-reader-response\"><p role=\"status\" aria-live=\"polite\" aria-atomic=\"true\"><\/p> <ul><\/ul><\/div>\n<form action=\"\/fr\/wp-json\/wp\/v2\/pages\/45986#wpcf7-f6171-o1\" method=\"post\" class=\"wpcf7-form init\" aria-label=\"Formulario de contacto\" novalidate=\"novalidate\" data-status=\"init\">\n<fieldset class=\"hidden-fields-container\"><input type=\"hidden\" name=\"_wpcf7\" value=\"6171\" \/><input type=\"hidden\" name=\"_wpcf7_version\" value=\"6.1.5\" \/><input type=\"hidden\" name=\"_wpcf7_locale\" value=\"es_ES\" \/><input type=\"hidden\" name=\"_wpcf7_unit_tag\" value=\"wpcf7-f6171-o1\" \/><input type=\"hidden\" name=\"_wpcf7_container_post\" value=\"0\" \/><input type=\"hidden\" name=\"_wpcf7_posted_data_hash\" value=\"\" \/>\n<\/fieldset>\n<div class=\"wpcf7-turnstile cf-turnstile\" data-sitekey=\"0x4AAAAAACZ2CLxkDaDac8NW\" data-response-field-name=\"_wpcf7_turnstile_response\"><\/div>\n\n<div class=\"formt\">\n    <span class=\"textform\"> Pour r\u00e9server ou plus d\u2019informations, veuillez remplir le formulaire client\/invit\u00e9 suivant\u00a0: <\/span>\n    <input class=\"wpcf7-form-control wpcf7-hidden\" value=\"https:\/\/www.ericadventures.com\/fr\/wp-json\/wp\/v2\/pages\/45986\" type=\"hidden\" name=\"Url_Tour\" \/>\n    <input class=\"wpcf7-form-control wpcf7-hidden\" value=\"fr\" type=\"hidden\" name=\"Idioma\" \/>\n    <input class=\"wpcf7-form-control wpcf7-hidden\" value=\"29\/04\/2026 04:40:56\" type=\"hidden\" name=\"Fecha_Hora\" \/>\n    <input class=\"wpcf7-form-control wpcf7-hidden\" value=\"216.73.216.6\" type=\"hidden\" name=\"Ip\" \/>\n    <input class=\"wpcf7-form-control wpcf7-hidden\" value=\"DJ Visite culturelle d&rsquo;une demi-journ\u00e9e \u00e0 Santiago du Chile\" type=\"hidden\" name=\"Nombre_Tour\" \/>\n    <input class=\"wpcf7-form-control wpcf7-hidden\" value=\"1\" type=\"hidden\" name=\"enviar_excel\" \/>\n\n    <div class=\"g2\">\n        <div>\n            <label>Nom: <\/label>\n            <span class=\"wpcf7-form-control-wrap\" data-name=\"Nombre\"><input size=\"40\" maxlength=\"400\" class=\"wpcf7-form-control wpcf7-text wpcf7-validates-as-required\" aria-required=\"true\" aria-invalid=\"false\" value=\"\" type=\"text\" name=\"Nombre\" \/><\/span>\n        <\/div>\n        <div>\n            <label>E-mail: <\/label>\n            <span class=\"wpcf7-form-control-wrap\" data-name=\"Emails\"><input size=\"40\" maxlength=\"400\" class=\"wpcf7-form-control wpcf7-email wpcf7-validates-as-required wpcf7-text wpcf7-validates-as-email\" aria-required=\"true\" aria-invalid=\"false\" value=\"\" type=\"email\" name=\"Emails\" \/><\/span>\n        <\/div>\n    <\/div>\n    \n    <div class=\"g2\">\n        <div>\n            <label>Pays: <\/label>\n            <span class=\"wpcf7-form-control-wrap\" data-name=\"Pais\"><input size=\"40\" maxlength=\"400\" class=\"wpcf7-form-control wpcf7-text\" aria-invalid=\"false\" value=\"\" type=\"text\" name=\"Pais\" \/><\/span>\n        <\/div>\n        <div>\n            <label>T\u00e9l\u00e9phone - Whatsapp: <\/label>\n            <span class=\"wpcf7-form-control-wrap\" data-name=\"Whatsapp\"><input size=\"40\" class=\"wpcf7-form-control wpcf7-phonetext wpcf7-text wpcf7-validates-as-phonetext\" aria-invalid=\"false\" value=\"\" type=\"text\" name=\"Whatsapp\" \/><input type=\"hidden\" name=\"Whatsapp-country-code\" class=\"wpcf7-phonetext-country-code\" \/><\/span>\n        <\/div>\n    <\/div>\n    \n    <div class=\"g2\">\n        <div>\n            <label>Nombre d'adultes: <\/label>\n            <span class=\"wpcf7-form-control-wrap\" data-name=\"Adultos\"><select class=\"wpcf7-form-control wpcf7-select wpcf7-validates-as-required\" aria-required=\"true\" aria-invalid=\"false\" name=\"Adultos\"><option value=\"1\">1<\/option><option value=\"2\">2<\/option><option value=\"3\">3<\/option><option value=\"4\">4<\/option><option value=\"5\">5<\/option><option value=\"6\">6<\/option><option value=\"7\">7<\/option><option value=\"8\">8<\/option><option value=\"9\">9<\/option><option value=\"10\">10<\/option><option value=\"11\">11<\/option><option value=\"12 \u00e0 plus\">12 \u00e0 plus<\/option><\/select><\/span>\n        <\/div>\n        <div>\n            <label>Nombre d'enfants: <\/label>\n            <span class=\"wpcf7-form-control-wrap\" data-name=\"Ninos\"><select class=\"wpcf7-form-control wpcf7-select wpcf7-validates-as-required\" aria-required=\"true\" aria-invalid=\"false\" name=\"Ninos\"><option value=\"0\">0<\/option><option value=\"1\">1<\/option><option value=\"2\">2<\/option><option value=\"3\">3<\/option><option value=\"4\">4<\/option><option value=\"5\">5<\/option><option value=\"6\">6<\/option><option value=\"7\">7<\/option><option value=\"8\">8<\/option><option value=\"9\">9<\/option><option value=\"10\">10<\/option><option value=\"11\">11<\/option><option value=\"12 \u00e0 plus\">12 \u00e0 plus<\/option><\/select><\/span>\n        <\/div>\n    <\/div>\n    \n    <div class=\"g2\">\n        <div>\n            <label>Date de d\u00e9but de la tourn\u00e9e: <\/label>\n            <span class=\"wpcf7-form-control-wrap\" data-name=\"Inicio\"><input class=\"wpcf7-form-control wpcf7-date wpcf7-validates-as-required wpcf7-validates-as-date\" id=\"inicio\" min=\"2026-04-29\" aria-required=\"true\" aria-invalid=\"false\" value=\"\" type=\"date\" name=\"Inicio\" \/><\/span>\n        <\/div>\n        <div>\n            <label>Date de fin de la tourn\u00e9e: <\/label>\n            <span class=\"wpcf7-form-control-wrap\" data-name=\"Final\"><input class=\"wpcf7-form-control wpcf7-date wpcf7-validates-as-required wpcf7-validates-as-date\" id=\"final\" min=\"2026-04-29\" aria-required=\"true\" aria-invalid=\"false\" value=\"\" type=\"date\" name=\"Final\" \/><\/span>\n        <\/div>\n    <\/div>\n    \n    <div>\n        <label>Commentaires ou questions: <\/label>\n        <span class=\"wpcf7-form-control-wrap\" data-name=\"Mensaje\"><textarea cols=\"40\" rows=\"10\" maxlength=\"2000\" class=\"wpcf7-form-control wpcf7-textarea wpcf7-validates-as-required\" aria-required=\"true\" aria-invalid=\"false\" placeholder=\"Veuillez pr\u00e9ciser le type de SERVICE\/VISITE que vous souhaitez effectuer\" name=\"Mensaje\"><\/textarea><\/span>\n    <\/div>\n    \n    <input class=\"wpcf7-form-control wpcf7-submit has-spinner btnsend\" type=\"submit\" value=\"ENVOYER MESSAGE\" \/>\n<\/div><div class=\"wpcf7-response-output\" aria-hidden=\"true\"><\/div>\n<\/form>\n<\/div>\n<\/div>\n","protected":false},"excerpt":{"rendered":"<p>Santiago, au Chili, n&rsquo;est pas seulement la capitale du pays\u00a0; c&rsquo;est un v\u00e9ritable carrefour de contrastes fascinants. De sa fondation [&hellip;]<\/p>\n","protected":false},"author":4,"featured_media":45969,"parent":36842,"menu_order":0,"comment_status":"closed","ping_status":"closed","template":"page-tour.php","meta":{"_acf_changed":false,"advgb_blocks_editor_width":"","advgb_blocks_columns_visual_guide":"","footnotes":""},"class_list":["post-45986","page","type-page","status-publish","has-post-thumbnail","hentry"],"acf":[],"yoast_head":"<!-- This site is optimized with the Yoast SEO Premium plugin v25.4 (Yoast SEO v26.9) - https:\/\/yoast.com\/product\/yoast-seo-premium-wordpress\/ -->\n<title>Visite culturelle d\u2019une demi-journ\u00e9e \u00e0 Santiago du Chile<\/title>\n<meta name=\"description\" content=\"D\u00e9couvrez Santiago du Chili lors de cette visite culturelle. Plus qu\u2019une simple capitale, Santiago offre un fascinant contraste de cultures.\" \/>\n<meta name=\"robots\" content=\"index, follow, max-snippet:-1, max-image-preview:large, max-video-preview:-1\" \/>\n<link rel=\"canonical\" href=\"https:\/\/www.ericadventures.com\/fr\/chile\/dj-visite-culturelle-dune-demi-journee-a-santiago-du-chile\/\" \/>\n<meta property=\"og:locale\" content=\"fr_FR\" \/>\n<meta property=\"og:type\" content=\"article\" \/>\n<meta property=\"og:title\" content=\"DJ Visite culturelle d&#039;une demi-journ\u00e9e \u00e0 Santiago du Chile\" \/>\n<meta property=\"og:description\" content=\"D\u00e9couvrez Santiago du Chili lors de cette visite culturelle. Plus qu\u2019une simple capitale, Santiago offre un fascinant contraste de cultures.\" \/>\n<meta property=\"og:url\" content=\"https:\/\/www.ericadventures.com\/fr\/chile\/dj-visite-culturelle-dune-demi-journee-a-santiago-du-chile\/\" \/>\n<meta property=\"og:site_name\" content=\"Eric Adventures\" \/>\n<meta property=\"article:modified_time\" content=\"2026-03-11T16:42:55+00:00\" \/>\n<meta property=\"og:image\" content=\"https:\/\/www.ericadventures.com\/wp-content\/uploads\/spa-1.jpg\" \/>\n\t<meta property=\"og:image:width\" content=\"692\" \/>\n\t<meta property=\"og:image:height\" content=\"524\" \/>\n\t<meta property=\"og:image:type\" content=\"image\/jpeg\" \/>\n<meta name=\"twitter:card\" content=\"summary_large_image\" \/>\n<meta name=\"twitter:label1\" content=\"Dur\u00e9e de lecture estim\u00e9e\" \/>\n\t<meta name=\"twitter:data1\" content=\"3 minutes\" \/>\n<script type=\"application\/ld+json\" class=\"yoast-schema-graph\">{\"@context\":\"https:\/\/schema.org\",\"@graph\":[{\"@type\":\"WebPage\",\"@id\":\"https:\/\/www.ericadventures.com\/fr\/chile\/dj-visite-culturelle-dune-demi-journee-a-santiago-du-chile\/\",\"url\":\"https:\/\/www.ericadventures.com\/fr\/chile\/dj-visite-culturelle-dune-demi-journee-a-santiago-du-chile\/\",\"name\":\"Visite culturelle d\u2019une demi-journ\u00e9e \u00e0 Santiago du Chile\",\"isPartOf\":{\"@id\":\"https:\/\/www.ericadventures.com\/en\/#website\"},\"primaryImageOfPage\":{\"@id\":\"https:\/\/www.ericadventures.com\/fr\/chile\/dj-visite-culturelle-dune-demi-journee-a-santiago-du-chile\/#primaryimage\"},\"image\":{\"@id\":\"https:\/\/www.ericadventures.com\/fr\/chile\/dj-visite-culturelle-dune-demi-journee-a-santiago-du-chile\/#primaryimage\"},\"thumbnailUrl\":\"https:\/\/www.ericadventures.com\/wp-content\/uploads\/Sanhattan-Santiago.jpg\",\"datePublished\":\"2026-03-04T17:26:48+00:00\",\"dateModified\":\"2026-03-11T16:42:55+00:00\",\"description\":\"D\u00e9couvrez Santiago du Chili lors de cette visite culturelle. Plus qu\u2019une simple capitale, Santiago offre un fascinant contraste de cultures.\",\"breadcrumb\":{\"@id\":\"https:\/\/www.ericadventures.com\/fr\/chile\/dj-visite-culturelle-dune-demi-journee-a-santiago-du-chile\/#breadcrumb\"},\"inLanguage\":\"fr-FR\",\"potentialAction\":[{\"@type\":\"ReadAction\",\"target\":[\"https:\/\/www.ericadventures.com\/fr\/chile\/dj-visite-culturelle-dune-demi-journee-a-santiago-du-chile\/\"]}]},{\"@type\":\"ImageObject\",\"inLanguage\":\"fr-FR\",\"@id\":\"https:\/\/www.ericadventures.com\/fr\/chile\/dj-visite-culturelle-dune-demi-journee-a-santiago-du-chile\/#primaryimage\",\"url\":\"https:\/\/www.ericadventures.com\/wp-content\/uploads\/Sanhattan-Santiago.jpg\",\"contentUrl\":\"https:\/\/www.ericadventures.com\/wp-content\/uploads\/Sanhattan-Santiago.jpg\",\"width\":518,\"height\":397},{\"@type\":\"BreadcrumbList\",\"@id\":\"https:\/\/www.ericadventures.com\/fr\/chile\/dj-visite-culturelle-dune-demi-journee-a-santiago-du-chile\/#breadcrumb\",\"itemListElement\":[{\"@type\":\"ListItem\",\"position\":1,\"name\":\"Home\",\"item\":\"https:\/\/www.ericadventures.com\/fr\/\"},{\"@type\":\"ListItem\",\"position\":2,\"name\":\"Tours in Chile\",\"item\":\"https:\/\/www.ericadventures.com\/en\/chile\/\"},{\"@type\":\"ListItem\",\"position\":3,\"name\":\"DJ Visite culturelle d&#8217;une demi-journ\u00e9e \u00e0 Santiago du Chile\"}]},{\"@type\":\"WebSite\",\"@id\":\"https:\/\/www.ericadventures.com\/en\/#website\",\"url\":\"https:\/\/www.ericadventures.com\/en\/\",\"name\":\"Eric Adventures\",\"description\":\"\",\"publisher\":{\"@id\":\"https:\/\/www.ericadventures.com\/en\/#organization\"},\"alternateName\":\"Eric Adventures\",\"potentialAction\":[{\"@type\":\"SearchAction\",\"target\":{\"@type\":\"EntryPoint\",\"urlTemplate\":\"https:\/\/www.ericadventures.com\/en\/?s={search_term_string}\"},\"query-input\":{\"@type\":\"PropertyValueSpecification\",\"valueRequired\":true,\"valueName\":\"search_term_string\"}}],\"inLanguage\":\"fr-FR\"},{\"@type\":\"Organization\",\"@id\":\"https:\/\/www.ericadventures.com\/en\/#organization\",\"name\":\"Eric Adventures\",\"url\":\"https:\/\/www.ericadventures.com\/en\/\",\"logo\":{\"@type\":\"ImageObject\",\"inLanguage\":\"fr-FR\",\"@id\":\"https:\/\/www.ericadventures.com\/en\/#\/schema\/logo\/image\/\",\"url\":\"https:\/\/www.ericadventures.com\/wp-content\/uploads\/logo-ericadventures.png\",\"contentUrl\":\"https:\/\/www.ericadventures.com\/wp-content\/uploads\/logo-ericadventures.png\",\"width\":500,\"height\":106,\"caption\":\"Eric Adventures\"},\"image\":{\"@id\":\"https:\/\/www.ericadventures.com\/en\/#\/schema\/logo\/image\/\"}}]}<\/script>\n<!-- \/ Yoast SEO Premium plugin. -->","yoast_head_json":{"title":"Visite culturelle d\u2019une demi-journ\u00e9e \u00e0 Santiago du Chile","description":"D\u00e9couvrez Santiago du Chili lors de cette visite culturelle. Plus qu\u2019une simple capitale, Santiago offre un fascinant contraste de cultures.","robots":{"index":"index","follow":"follow","max-snippet":"max-snippet:-1","max-image-preview":"max-image-preview:large","max-video-preview":"max-video-preview:-1"},"canonical":"https:\/\/www.ericadventures.com\/fr\/chile\/dj-visite-culturelle-dune-demi-journee-a-santiago-du-chile\/","og_locale":"fr_FR","og_type":"article","og_title":"DJ Visite culturelle d'une demi-journ\u00e9e \u00e0 Santiago du Chile","og_description":"D\u00e9couvrez Santiago du Chili lors de cette visite culturelle. Plus qu\u2019une simple capitale, Santiago offre un fascinant contraste de cultures.","og_url":"https:\/\/www.ericadventures.com\/fr\/chile\/dj-visite-culturelle-dune-demi-journee-a-santiago-du-chile\/","og_site_name":"Eric Adventures","article_modified_time":"2026-03-11T16:42:55+00:00","og_image":[{"width":692,"height":524,"url":"https:\/\/www.ericadventures.com\/wp-content\/uploads\/spa-1.jpg","type":"image\/jpeg"}],"twitter_card":"summary_large_image","twitter_misc":{"Dur\u00e9e de lecture estim\u00e9e":"3 minutes"},"schema":{"@context":"https:\/\/schema.org","@graph":[{"@type":"WebPage","@id":"https:\/\/www.ericadventures.com\/fr\/chile\/dj-visite-culturelle-dune-demi-journee-a-santiago-du-chile\/","url":"https:\/\/www.ericadventures.com\/fr\/chile\/dj-visite-culturelle-dune-demi-journee-a-santiago-du-chile\/","name":"Visite culturelle d\u2019une demi-journ\u00e9e \u00e0 Santiago du Chile","isPartOf":{"@id":"https:\/\/www.ericadventures.com\/en\/#website"},"primaryImageOfPage":{"@id":"https:\/\/www.ericadventures.com\/fr\/chile\/dj-visite-culturelle-dune-demi-journee-a-santiago-du-chile\/#primaryimage"},"image":{"@id":"https:\/\/www.ericadventures.com\/fr\/chile\/dj-visite-culturelle-dune-demi-journee-a-santiago-du-chile\/#primaryimage"},"thumbnailUrl":"https:\/\/www.ericadventures.com\/wp-content\/uploads\/Sanhattan-Santiago.jpg","datePublished":"2026-03-04T17:26:48+00:00","dateModified":"2026-03-11T16:42:55+00:00","description":"D\u00e9couvrez Santiago du Chili lors de cette visite culturelle. Plus qu\u2019une simple capitale, Santiago offre un fascinant contraste de cultures.","breadcrumb":{"@id":"https:\/\/www.ericadventures.com\/fr\/chile\/dj-visite-culturelle-dune-demi-journee-a-santiago-du-chile\/#breadcrumb"},"inLanguage":"fr-FR","potentialAction":[{"@type":"ReadAction","target":["https:\/\/www.ericadventures.com\/fr\/chile\/dj-visite-culturelle-dune-demi-journee-a-santiago-du-chile\/"]}]},{"@type":"ImageObject","inLanguage":"fr-FR","@id":"https:\/\/www.ericadventures.com\/fr\/chile\/dj-visite-culturelle-dune-demi-journee-a-santiago-du-chile\/#primaryimage","url":"https:\/\/www.ericadventures.com\/wp-content\/uploads\/Sanhattan-Santiago.jpg","contentUrl":"https:\/\/www.ericadventures.com\/wp-content\/uploads\/Sanhattan-Santiago.jpg","width":518,"height":397},{"@type":"BreadcrumbList","@id":"https:\/\/www.ericadventures.com\/fr\/chile\/dj-visite-culturelle-dune-demi-journee-a-santiago-du-chile\/#breadcrumb","itemListElement":[{"@type":"ListItem","position":1,"name":"Home","item":"https:\/\/www.ericadventures.com\/fr\/"},{"@type":"ListItem","position":2,"name":"Tours in Chile","item":"https:\/\/www.ericadventures.com\/en\/chile\/"},{"@type":"ListItem","position":3,"name":"DJ Visite culturelle d&#8217;une demi-journ\u00e9e \u00e0 Santiago du Chile"}]},{"@type":"WebSite","@id":"https:\/\/www.ericadventures.com\/en\/#website","url":"https:\/\/www.ericadventures.com\/en\/","name":"Eric Adventures","description":"","publisher":{"@id":"https:\/\/www.ericadventures.com\/en\/#organization"},"alternateName":"Eric Adventures","potentialAction":[{"@type":"SearchAction","target":{"@type":"EntryPoint","urlTemplate":"https:\/\/www.ericadventures.com\/en\/?s={search_term_string}"},"query-input":{"@type":"PropertyValueSpecification","valueRequired":true,"valueName":"search_term_string"}}],"inLanguage":"fr-FR"},{"@type":"Organization","@id":"https:\/\/www.ericadventures.com\/en\/#organization","name":"Eric Adventures","url":"https:\/\/www.ericadventures.com\/en\/","logo":{"@type":"ImageObject","inLanguage":"fr-FR","@id":"https:\/\/www.ericadventures.com\/en\/#\/schema\/logo\/image\/","url":"https:\/\/www.ericadventures.com\/wp-content\/uploads\/logo-ericadventures.png","contentUrl":"https:\/\/www.ericadventures.com\/wp-content\/uploads\/logo-ericadventures.png","width":500,"height":106,"caption":"Eric Adventures"},"image":{"@id":"https:\/\/www.ericadventures.com\/en\/#\/schema\/logo\/image\/"}}]}},"coauthors":[],"author_meta":{"author_link":"https:\/\/www.ericadventures.com\/fr\/author\/marilyn\/","display_name":"Marilyn Ayma Gomez"},"relative_dates":{"created":"Publi\u00e9 2 mois il y a","modified":"Mis \u00e0 jour 2 mois il y a"},"absolute_dates":{"created":"Publi\u00e9 le mars 4, 2026","modified":"Mise \u00e0 jour le mars 11, 2026"},"absolute_dates_time":{"created":"Publi\u00e9 le mars 4, 2026 12:26 pm","modified":"Mise \u00e0 jour le mars 11, 2026 11:42 am"},"featured_img_caption":"","featured_img":"https:\/\/www.ericadventures.com\/wp-content\/uploads\/Sanhattan-Santiago.jpg","series_order":"","_links":{"self":[{"href":"https:\/\/www.ericadventures.com\/fr\/wp-json\/wp\/v2\/pages\/45986","targetHints":{"allow":["GET"]}}],"collection":[{"href":"https:\/\/www.ericadventures.com\/fr\/wp-json\/wp\/v2\/pages"}],"about":[{"href":"https:\/\/www.ericadventures.com\/fr\/wp-json\/wp\/v2\/types\/page"}],"author":[{"embeddable":true,"href":"https:\/\/www.ericadventures.com\/fr\/wp-json\/wp\/v2\/users\/4"}],"replies":[{"embeddable":true,"href":"https:\/\/www.ericadventures.com\/fr\/wp-json\/wp\/v2\/comments?post=45986"}],"version-history":[{"count":3,"href":"https:\/\/www.ericadventures.com\/fr\/wp-json\/wp\/v2\/pages\/45986\/revisions"}],"predecessor-version":[{"id":46001,"href":"https:\/\/www.ericadventures.com\/fr\/wp-json\/wp\/v2\/pages\/45986\/revisions\/46001"}],"up":[{"embeddable":true,"href":"https:\/\/www.ericadventures.com\/fr\/wp-json\/wp\/v2\/pages\/36842"}],"wp:featuredmedia":[{"embeddable":true,"href":"https:\/\/www.ericadventures.com\/fr\/wp-json\/wp\/v2\/media\/45969"}],"wp:attachment":[{"href":"https:\/\/www.ericadventures.com\/fr\/wp-json\/wp\/v2\/media?parent=45986"}],"curies":[{"name":"wp","href":"https:\/\/api.w.org\/{rel}","templated":true}]}}