{"id":46038,"date":"2026-03-13T10:49:00","date_gmt":"2026-03-13T15:49:00","guid":{"rendered":"https:\/\/www.ericadventures.com\/?page_id=46038"},"modified":"2026-03-13T12:18:01","modified_gmt":"2026-03-13T17:18:01","slug":"1j-transfert-duyuni-a-calama-via-ollague","status":"publish","type":"page","link":"https:\/\/www.ericadventures.com\/fr\/chile\/1j-transfert-duyuni-a-calama-via-ollague\/","title":{"rendered":"1J TRANSFERT D\u2019UYUNI \u00c0 CALAMA VIA OLLAGUE"},"content":{"rendered":"\n<p><\/p>\n\n\n<div class=\"wp-block-image\">\n<figure class=\"alignleft size-full is-resized\"><img loading=\"lazy\" decoding=\"async\" width=\"854\" height=\"465\" src=\"https:\/\/www.ericadventures.com\/wp-content\/uploads\/aeropuerto-Loa-Calama-.jpg\" alt=\"\" class=\"wp-image-46028\" style=\"aspect-ratio:1.7777777777777777;object-fit:cover;width:416px;height:auto\" srcset=\"https:\/\/www.ericadventures.com\/wp-content\/uploads\/aeropuerto-Loa-Calama-.jpg 854w, https:\/\/www.ericadventures.com\/wp-content\/uploads\/aeropuerto-Loa-Calama--300x163.jpg 300w, https:\/\/www.ericadventures.com\/wp-content\/uploads\/aeropuerto-Loa-Calama--768x418.jpg 768w\" sizes=\"auto, (max-width: 854px) 100vw, 854px\" \/><\/figure>\n<\/div>\n\n\n<p>Pour nos clients press\u00e9s de se rendre de Calama \u00e0 Uyuni, nous proposons ce service priv\u00e9.<\/p>\n\n\n\n<p>Le voyage commence par une prise en charge \u00e0 Calama, au Chili, pour un trajet jusqu&rsquo;\u00e0 Uyuni, en Bolivie. D\u00e9parts quotidiens.<\/p>\n\n\n\n<h2 class=\"wp-block-heading\" id=\"itinerary-d4cb5815-6b01-4cda-bf68-7d1b06346478\">ITIN\u00c9RAIRE<\/h2>\n\n\n\n<p>D\u00e9part de Calama&nbsp;: Nous prenons la route en v\u00e9hicule chilien en direction du nord-est, vers la cordill\u00e8re des Andes, pour un trajet d&rsquo;environ 2&nbsp;h&nbsp;50.<\/p>\n\n\n\n<p>Arriv\u00e9e \u00e0 Ollag\u00fce (Fronti\u00e8re)&nbsp;: Arriv\u00e9e au poste fronti\u00e8re sur l&rsquo;Altiplano. Nous y effectuerons les formalit\u00e9s d&rsquo;immigration pour quitter le Chili et entrer en Bolivie.<\/p>\n\n\n\n<p>Remarque&nbsp;: Ces formalit\u00e9s peuvent prendre entre 1 et 2&nbsp;heures, selon l&rsquo;affluence aux douanes boliviennes et chiliennes.<\/p>\n\n\n\n<p>Changement de v\u00e9hicule&nbsp;: Au poste fronti\u00e8re d&rsquo;Ollag\u00fce, nous changerons de v\u00e9hicule. Nous quitterons le v\u00e9hicule chilien pour poursuivre le voyage \u00e0 bord d&rsquo;un v\u00e9hicule bolivien d\u00fbment autoris\u00e9.<\/p>\n\n\n\n<p>Derni\u00e8re \u00e9tape : Nous poursuivrons notre voyage \u00e0 travers les paysages andins de haute altitude en Bolivie pendant environ 3 \u00e0 4 heures.<\/p>\n\n\n\n<p>Arriv\u00e9e \u00e0 Uyuni : L&rsquo;heure d&rsquo;arriv\u00e9e \u00e0 Uyuni est estim\u00e9e en fonction de l&rsquo;\u00e9tat des routes et de l&rsquo;efficacit\u00e9 des contr\u00f4les frontaliers.<\/p>\n\n\n\n<h2 class=\"wp-block-heading\" id=\"included-6bb1f495-60dc-4e45-aadf-aff1daeeb945\">INCLUS<\/h2>\n\n\n\n<ul class=\"wp-block-list\">\n<li>Transport priv\u00e9<\/li>\n\n\n\n<li>Chauffeur hispanophone<\/li>\n<\/ul>\n\n\n\n<p><strong>NON INCLUS<\/strong><\/p>\n\n\n\n<ul class=\"wp-block-list\">\n<li>D\u00e9penses suppl\u00e9mentaires<\/li>\n\n\n\n<li>Pourboires<\/li>\n\n\n\n<li>Repas<\/li>\n<\/ul>\n\n\n\n<h2 class=\"wp-block-heading\" id=\"h-prix-par-personne-en-dollars-americains\">PRIX (PAR PERSONNE en dollars am\u00e9ricains)<\/h2>\n\n\n\n<p><strong>SERVICE PRIV\u00c9<\/strong><\/p>\n\n\n\n<ul class=\"wp-block-list\">\n<li>2 personnes : 430 $US<\/li>\n\n\n\n<li>4 personnes : 260 $US<\/li>\n\n\n\n<li>6 personnes : 190 $US<\/li>\n<\/ul>\n\n\n\n<p>Les tarifs et l&rsquo;itin\u00e9raire peuvent varier selon les disponibilit\u00e9s et la saison.<\/p>\n\n\n\n<h2 class=\"wp-block-heading\" id=\"map-a4747216-f4c2-4e5e-b4a9-01e58d708b51\">CARTE<\/h2>\n\n\n\n<figure class=\"wp-block-gallery has-nested-images columns-default wp-block-gallery-1 is-layout-flex wp-block-gallery-is-layout-flex\">\n<figure class=\"wp-block-image size-thumbnail\"><a href=\"https:\/\/www.ericadventures.com\/wp-content\/uploads\/Mapa-Calama-Uyuni.jpg\"><img loading=\"lazy\" decoding=\"async\" width=\"150\" height=\"150\" data-id=\"46033\" src=\"https:\/\/www.ericadventures.com\/wp-content\/uploads\/Mapa-Calama-Uyuni-150x150.jpg\" alt=\"\" class=\"wp-image-46033\"\/><\/a><\/figure>\n<\/figure>\n\n\n\n<h2 class=\"wp-block-heading\" id=\"photo-gallery-aa562bbc-3acd-4676-b221-0088e4d17123\">GALERIE PHOTOS<\/h2>\n\n\n\n<figure class=\"wp-block-gallery has-nested-images columns-8 is-cropped wp-block-gallery-2 is-layout-flex wp-block-gallery-is-layout-flex\">\n<figure class=\"wp-block-image size-large\"><a href=\"https:\/\/www.ericadventures.com\/wp-content\/uploads\/aeropuerto-Loa-Calama-.jpg\"><img loading=\"lazy\" decoding=\"async\" width=\"854\" height=\"465\" data-id=\"46028\" src=\"https:\/\/www.ericadventures.com\/wp-content\/uploads\/aeropuerto-Loa-Calama-.jpg\" alt=\"\" class=\"wp-image-46028\" srcset=\"https:\/\/www.ericadventures.com\/wp-content\/uploads\/aeropuerto-Loa-Calama-.jpg 854w, https:\/\/www.ericadventures.com\/wp-content\/uploads\/aeropuerto-Loa-Calama--300x163.jpg 300w, https:\/\/www.ericadventures.com\/wp-content\/uploads\/aeropuerto-Loa-Calama--768x418.jpg 768w\" sizes=\"auto, (max-width: 854px) 100vw, 854px\" \/><\/a><\/figure>\n\n\n\n<figure class=\"wp-block-image size-large\"><a href=\"https:\/\/www.ericadventures.com\/wp-content\/uploads\/Calama.jpg\"><img loading=\"lazy\" decoding=\"async\" width=\"657\" height=\"353\" data-id=\"43053\" src=\"https:\/\/www.ericadventures.com\/wp-content\/uploads\/Calama.jpg\" alt=\"\" class=\"wp-image-43053\" srcset=\"https:\/\/www.ericadventures.com\/wp-content\/uploads\/Calama.jpg 657w, https:\/\/www.ericadventures.com\/wp-content\/uploads\/Calama-300x161.jpg 300w\" sizes=\"auto, (max-width: 657px) 100vw, 657px\" \/><\/a><\/figure>\n\n\n\n<figure class=\"wp-block-image size-thumbnail\"><a href=\"https:\/\/www.ericadventures.com\/wp-content\/uploads\/Uyuni-Calama.jpg\"><img loading=\"lazy\" decoding=\"async\" width=\"150\" height=\"150\" data-id=\"42711\" src=\"https:\/\/www.ericadventures.com\/wp-content\/uploads\/Uyuni-Calama-150x150.jpg\" alt=\"\" class=\"wp-image-42711\"\/><\/a><\/figure>\n\n\n\n<figure class=\"wp-block-image size-thumbnail\"><a href=\"https:\/\/www.ericadventures.com\/wp-content\/uploads\/Traslado-Uyu-Cal.jpg\"><img loading=\"lazy\" decoding=\"async\" width=\"150\" height=\"150\" data-id=\"42701\" src=\"https:\/\/www.ericadventures.com\/wp-content\/uploads\/Traslado-Uyu-Cal-150x150.jpg\" alt=\"\" class=\"wp-image-42701\"\/><\/a><\/figure>\n\n\n\n<figure class=\"wp-block-image size-thumbnail\"><a href=\"https:\/\/www.ericadventures.com\/wp-content\/uploads\/Transporte-Uyuni.jpg\"><img loading=\"lazy\" decoding=\"async\" width=\"150\" height=\"150\" data-id=\"42696\" src=\"https:\/\/www.ericadventures.com\/wp-content\/uploads\/Transporte-Uyuni-150x150.jpg\" alt=\"\" class=\"wp-image-42696\" srcset=\"https:\/\/www.ericadventures.com\/wp-content\/uploads\/Transporte-Uyuni-150x150.jpg 150w, https:\/\/www.ericadventures.com\/wp-content\/uploads\/Transporte-Uyuni-300x298.jpg 300w, https:\/\/www.ericadventures.com\/wp-content\/uploads\/Transporte-Uyuni.jpg 556w\" sizes=\"auto, (max-width: 150px) 100vw, 150px\" \/><\/a><\/figure>\n\n\n\n<figure class=\"wp-block-image size-large\"><a href=\"https:\/\/www.ericadventures.com\/wp-content\/uploads\/uyuni-bolivia-8-2.jpg\"><img loading=\"lazy\" decoding=\"async\" width=\"600\" height=\"338\" data-id=\"32813\" src=\"https:\/\/www.ericadventures.com\/wp-content\/uploads\/uyuni-bolivia-8-2.jpg\" alt=\"\" class=\"wp-image-32813\" srcset=\"https:\/\/www.ericadventures.com\/wp-content\/uploads\/uyuni-bolivia-8-2.jpg 600w, https:\/\/www.ericadventures.com\/wp-content\/uploads\/uyuni-bolivia-8-2-300x169.jpg 300w\" sizes=\"auto, (max-width: 600px) 100vw, 600px\" \/><\/a><\/figure>\n\n\n\n<figure class=\"wp-block-image size-large\"><a href=\"https:\/\/www.ericadventures.com\/wp-content\/uploads\/Uyuni.jpg\"><img loading=\"lazy\" decoding=\"async\" width=\"569\" height=\"510\" data-id=\"43048\" src=\"https:\/\/www.ericadventures.com\/wp-content\/uploads\/Uyuni.jpg\" alt=\"\" class=\"wp-image-43048\" srcset=\"https:\/\/www.ericadventures.com\/wp-content\/uploads\/Uyuni.jpg 569w, https:\/\/www.ericadventures.com\/wp-content\/uploads\/Uyuni-300x269.jpg 300w\" sizes=\"auto, (max-width: 569px) 100vw, 569px\" \/><\/a><\/figure>\n<\/figure>\n\n\n\n<h2 class=\"wp-block-heading\" id=\"contact-form-d731b6af-da5f-46d6-b868-126f7214540c\">FORMULAIRE DE CONTACT<\/h2>\n\n\n\n<div class=\"wp-block-contact-form-7-contact-form-selector\">\n<div class=\"wpcf7 no-js\" id=\"wpcf7-f6171-o1\" lang=\"es-ES\" dir=\"ltr\" data-wpcf7-id=\"6171\">\n<div class=\"screen-reader-response\"><p role=\"status\" aria-live=\"polite\" aria-atomic=\"true\"><\/p> <ul><\/ul><\/div>\n<form action=\"\/fr\/wp-json\/wp\/v2\/pages\/46038#wpcf7-f6171-o1\" method=\"post\" class=\"wpcf7-form init\" aria-label=\"Formulario de contacto\" novalidate=\"novalidate\" data-status=\"init\">\n<fieldset class=\"hidden-fields-container\"><input type=\"hidden\" name=\"_wpcf7\" value=\"6171\" \/><input type=\"hidden\" name=\"_wpcf7_version\" value=\"6.1.5\" \/><input type=\"hidden\" name=\"_wpcf7_locale\" value=\"es_ES\" \/><input type=\"hidden\" name=\"_wpcf7_unit_tag\" value=\"wpcf7-f6171-o1\" \/><input type=\"hidden\" name=\"_wpcf7_container_post\" value=\"0\" \/><input type=\"hidden\" name=\"_wpcf7_posted_data_hash\" value=\"\" \/>\n<\/fieldset>\n<div class=\"wpcf7-turnstile cf-turnstile\" data-sitekey=\"0x4AAAAAACZ2CLxkDaDac8NW\" data-response-field-name=\"_wpcf7_turnstile_response\"><\/div>\n\n<div class=\"formt\">\n    <span class=\"textform\"> Pour r\u00e9server ou plus d\u2019informations, veuillez remplir le formulaire client\/invit\u00e9 suivant\u00a0: <\/span>\n    <input class=\"wpcf7-form-control wpcf7-hidden\" value=\"https:\/\/www.ericadventures.com\/fr\/wp-json\/wp\/v2\/pages\/46038\" type=\"hidden\" name=\"Url_Tour\" \/>\n    <input class=\"wpcf7-form-control wpcf7-hidden\" value=\"fr\" type=\"hidden\" name=\"Idioma\" \/>\n    <input class=\"wpcf7-form-control wpcf7-hidden\" value=\"29\/04\/2026 09:22:53\" type=\"hidden\" name=\"Fecha_Hora\" \/>\n    <input class=\"wpcf7-form-control wpcf7-hidden\" value=\"216.73.216.6\" type=\"hidden\" name=\"Ip\" \/>\n    <input class=\"wpcf7-form-control wpcf7-hidden\" value=\"1J TRANSFERT D\u2019UYUNI \u00c0 CALAMA VIA OLLAGUE\" type=\"hidden\" name=\"Nombre_Tour\" \/>\n    <input class=\"wpcf7-form-control wpcf7-hidden\" value=\"1\" type=\"hidden\" name=\"enviar_excel\" \/>\n\n    <div class=\"g2\">\n        <div>\n            <label>Nom: <\/label>\n            <span class=\"wpcf7-form-control-wrap\" data-name=\"Nombre\"><input size=\"40\" maxlength=\"400\" class=\"wpcf7-form-control wpcf7-text wpcf7-validates-as-required\" aria-required=\"true\" aria-invalid=\"false\" value=\"\" type=\"text\" name=\"Nombre\" \/><\/span>\n        <\/div>\n        <div>\n            <label>E-mail: <\/label>\n            <span class=\"wpcf7-form-control-wrap\" data-name=\"Emails\"><input size=\"40\" maxlength=\"400\" class=\"wpcf7-form-control wpcf7-email wpcf7-validates-as-required wpcf7-text wpcf7-validates-as-email\" aria-required=\"true\" aria-invalid=\"false\" value=\"\" type=\"email\" name=\"Emails\" \/><\/span>\n        <\/div>\n    <\/div>\n    \n    <div class=\"g2\">\n        <div>\n            <label>Pays: <\/label>\n            <span class=\"wpcf7-form-control-wrap\" data-name=\"Pais\"><input size=\"40\" maxlength=\"400\" class=\"wpcf7-form-control wpcf7-text\" aria-invalid=\"false\" value=\"\" type=\"text\" name=\"Pais\" \/><\/span>\n        <\/div>\n        <div>\n            <label>T\u00e9l\u00e9phone - Whatsapp: <\/label>\n            <span class=\"wpcf7-form-control-wrap\" data-name=\"Whatsapp\"><input size=\"40\" class=\"wpcf7-form-control wpcf7-phonetext wpcf7-text wpcf7-validates-as-phonetext\" aria-invalid=\"false\" value=\"\" type=\"text\" name=\"Whatsapp\" \/><input type=\"hidden\" name=\"Whatsapp-country-code\" class=\"wpcf7-phonetext-country-code\" \/><\/span>\n        <\/div>\n    <\/div>\n    \n    <div class=\"g2\">\n        <div>\n            <label>Nombre d'adultes: <\/label>\n            <span class=\"wpcf7-form-control-wrap\" data-name=\"Adultos\"><select class=\"wpcf7-form-control wpcf7-select wpcf7-validates-as-required\" aria-required=\"true\" aria-invalid=\"false\" name=\"Adultos\"><option value=\"1\">1<\/option><option value=\"2\">2<\/option><option value=\"3\">3<\/option><option value=\"4\">4<\/option><option value=\"5\">5<\/option><option value=\"6\">6<\/option><option value=\"7\">7<\/option><option value=\"8\">8<\/option><option value=\"9\">9<\/option><option value=\"10\">10<\/option><option value=\"11\">11<\/option><option value=\"12 \u00e0 plus\">12 \u00e0 plus<\/option><\/select><\/span>\n        <\/div>\n        <div>\n            <label>Nombre d'enfants: <\/label>\n            <span class=\"wpcf7-form-control-wrap\" data-name=\"Ninos\"><select class=\"wpcf7-form-control wpcf7-select wpcf7-validates-as-required\" aria-required=\"true\" aria-invalid=\"false\" name=\"Ninos\"><option value=\"0\">0<\/option><option value=\"1\">1<\/option><option value=\"2\">2<\/option><option value=\"3\">3<\/option><option value=\"4\">4<\/option><option value=\"5\">5<\/option><option value=\"6\">6<\/option><option value=\"7\">7<\/option><option value=\"8\">8<\/option><option value=\"9\">9<\/option><option value=\"10\">10<\/option><option value=\"11\">11<\/option><option value=\"12 \u00e0 plus\">12 \u00e0 plus<\/option><\/select><\/span>\n        <\/div>\n    <\/div>\n    \n    <div class=\"g2\">\n        <div>\n            <label>Date de d\u00e9but de la tourn\u00e9e: <\/label>\n            <span class=\"wpcf7-form-control-wrap\" data-name=\"Inicio\"><input class=\"wpcf7-form-control wpcf7-date wpcf7-validates-as-required wpcf7-validates-as-date\" id=\"inicio\" min=\"2026-04-29\" aria-required=\"true\" aria-invalid=\"false\" value=\"\" type=\"date\" name=\"Inicio\" \/><\/span>\n        <\/div>\n        <div>\n            <label>Date de fin de la tourn\u00e9e: <\/label>\n            <span class=\"wpcf7-form-control-wrap\" data-name=\"Final\"><input class=\"wpcf7-form-control wpcf7-date wpcf7-validates-as-required wpcf7-validates-as-date\" id=\"final\" min=\"2026-04-29\" aria-required=\"true\" aria-invalid=\"false\" value=\"\" type=\"date\" name=\"Final\" \/><\/span>\n        <\/div>\n    <\/div>\n    \n    <div>\n        <label>Commentaires ou questions: <\/label>\n        <span class=\"wpcf7-form-control-wrap\" data-name=\"Mensaje\"><textarea cols=\"40\" rows=\"10\" maxlength=\"2000\" class=\"wpcf7-form-control wpcf7-textarea wpcf7-validates-as-required\" aria-required=\"true\" aria-invalid=\"false\" placeholder=\"Veuillez pr\u00e9ciser le type de SERVICE\/VISITE que vous souhaitez effectuer\" name=\"Mensaje\"><\/textarea><\/span>\n    <\/div>\n    \n    <input class=\"wpcf7-form-control wpcf7-submit has-spinner btnsend\" type=\"submit\" value=\"ENVOYER MESSAGE\" \/>\n<\/div><div class=\"wpcf7-response-output\" aria-hidden=\"true\"><\/div>\n<\/form>\n<\/div>\n<\/div>\n\n\n\n<p><\/p>\n","protected":false},"excerpt":{"rendered":"<p>Pour nos clients press\u00e9s de se rendre de Calama \u00e0 Uyuni, nous proposons ce service priv\u00e9. Le voyage commence par [&hellip;]<\/p>\n","protected":false},"author":4,"featured_media":46029,"parent":36842,"menu_order":0,"comment_status":"closed","ping_status":"closed","template":"page-tour.php","meta":{"_acf_changed":false,"advgb_blocks_editor_width":"","advgb_blocks_columns_visual_guide":"","footnotes":""},"class_list":["post-46038","page","type-page","status-publish","has-post-thumbnail","hentry"],"acf":[],"yoast_head":"<!-- This site is optimized with the Yoast SEO Premium plugin v25.4 (Yoast SEO v26.9) - https:\/\/yoast.com\/product\/yoast-seo-premium-wordpress\/ -->\n<title>Transfert d&#039;une journ\u00e9e de Calama \u00e0 Uyuni via Ollague<\/title>\n<meta name=\"description\" content=\"Le voyage d\u00e9bute \u00e0 Calama, au Chile, et se poursuit jusqu&#039;\u00e0 Uyuni, en Bolivie, o\u00f9 se trouve le plus grand salar du monde.\" \/>\n<meta name=\"robots\" content=\"index, follow, max-snippet:-1, max-image-preview:large, max-video-preview:-1\" \/>\n<link rel=\"canonical\" href=\"https:\/\/www.ericadventures.com\/fr\/chile\/1j-transfert-duyuni-a-calama-via-ollague\/\" \/>\n<meta property=\"og:locale\" content=\"fr_FR\" \/>\n<meta property=\"og:type\" content=\"article\" \/>\n<meta property=\"og:title\" content=\"1J TRANSFERT D\u2019UYUNI \u00c0 CALAMA VIA OLLAGUE\" \/>\n<meta property=\"og:description\" content=\"Le voyage d\u00e9bute \u00e0 Calama, au Chile, et se poursuit jusqu&#039;\u00e0 Uyuni, en Bolivie, o\u00f9 se trouve le plus grand salar du monde.\" \/>\n<meta property=\"og:url\" content=\"https:\/\/www.ericadventures.com\/fr\/chile\/1j-transfert-duyuni-a-calama-via-ollague\/\" \/>\n<meta property=\"og:site_name\" content=\"Eric Adventures\" \/>\n<meta property=\"article:modified_time\" content=\"2026-03-13T17:18:01+00:00\" \/>\n<meta property=\"og:image\" content=\"https:\/\/www.ericadventures.com\/wp-content\/uploads\/aeropuerto-Loa-Calama-.jpg\" \/>\n\t<meta property=\"og:image:width\" content=\"854\" \/>\n\t<meta property=\"og:image:height\" content=\"465\" \/>\n\t<meta property=\"og:image:type\" content=\"image\/jpeg\" \/>\n<meta name=\"twitter:card\" content=\"summary_large_image\" \/>\n<meta name=\"twitter:label1\" content=\"Dur\u00e9e de lecture estim\u00e9e\" \/>\n\t<meta name=\"twitter:data1\" content=\"4 minutes\" \/>\n<script type=\"application\/ld+json\" class=\"yoast-schema-graph\">{\"@context\":\"https:\/\/schema.org\",\"@graph\":[{\"@type\":\"WebPage\",\"@id\":\"https:\/\/www.ericadventures.com\/fr\/chile\/1j-transfert-duyuni-a-calama-via-ollague\/\",\"url\":\"https:\/\/www.ericadventures.com\/fr\/chile\/1j-transfert-duyuni-a-calama-via-ollague\/\",\"name\":\"Transfert d'une journ\u00e9e de Calama \u00e0 Uyuni via Ollague\",\"isPartOf\":{\"@id\":\"https:\/\/www.ericadventures.com\/en\/#website\"},\"primaryImageOfPage\":{\"@id\":\"https:\/\/www.ericadventures.com\/fr\/chile\/1j-transfert-duyuni-a-calama-via-ollague\/#primaryimage\"},\"image\":{\"@id\":\"https:\/\/www.ericadventures.com\/fr\/chile\/1j-transfert-duyuni-a-calama-via-ollague\/#primaryimage\"},\"thumbnailUrl\":\"https:\/\/www.ericadventures.com\/wp-content\/uploads\/aeropuerto-Loa-Calama-.jpg\",\"datePublished\":\"2026-03-13T15:49:00+00:00\",\"dateModified\":\"2026-03-13T17:18:01+00:00\",\"description\":\"Le voyage d\u00e9bute \u00e0 Calama, au Chile, et se poursuit jusqu'\u00e0 Uyuni, en Bolivie, o\u00f9 se trouve le plus grand salar du monde.\",\"breadcrumb\":{\"@id\":\"https:\/\/www.ericadventures.com\/fr\/chile\/1j-transfert-duyuni-a-calama-via-ollague\/#breadcrumb\"},\"inLanguage\":\"fr-FR\",\"potentialAction\":[{\"@type\":\"ReadAction\",\"target\":[\"https:\/\/www.ericadventures.com\/fr\/chile\/1j-transfert-duyuni-a-calama-via-ollague\/\"]}]},{\"@type\":\"ImageObject\",\"inLanguage\":\"fr-FR\",\"@id\":\"https:\/\/www.ericadventures.com\/fr\/chile\/1j-transfert-duyuni-a-calama-via-ollague\/#primaryimage\",\"url\":\"https:\/\/www.ericadventures.com\/wp-content\/uploads\/aeropuerto-Loa-Calama-.jpg\",\"contentUrl\":\"https:\/\/www.ericadventures.com\/wp-content\/uploads\/aeropuerto-Loa-Calama-.jpg\",\"width\":854,\"height\":465},{\"@type\":\"BreadcrumbList\",\"@id\":\"https:\/\/www.ericadventures.com\/fr\/chile\/1j-transfert-duyuni-a-calama-via-ollague\/#breadcrumb\",\"itemListElement\":[{\"@type\":\"ListItem\",\"position\":1,\"name\":\"Home\",\"item\":\"https:\/\/www.ericadventures.com\/fr\/\"},{\"@type\":\"ListItem\",\"position\":2,\"name\":\"Tours in Chile\",\"item\":\"https:\/\/www.ericadventures.com\/en\/chile\/\"},{\"@type\":\"ListItem\",\"position\":3,\"name\":\"1J TRANSFERT D\u2019UYUNI \u00c0 CALAMA VIA OLLAGUE\"}]},{\"@type\":\"WebSite\",\"@id\":\"https:\/\/www.ericadventures.com\/en\/#website\",\"url\":\"https:\/\/www.ericadventures.com\/en\/\",\"name\":\"Eric Adventures\",\"description\":\"\",\"publisher\":{\"@id\":\"https:\/\/www.ericadventures.com\/en\/#organization\"},\"alternateName\":\"Eric Adventures\",\"potentialAction\":[{\"@type\":\"SearchAction\",\"target\":{\"@type\":\"EntryPoint\",\"urlTemplate\":\"https:\/\/www.ericadventures.com\/en\/?s={search_term_string}\"},\"query-input\":{\"@type\":\"PropertyValueSpecification\",\"valueRequired\":true,\"valueName\":\"search_term_string\"}}],\"inLanguage\":\"fr-FR\"},{\"@type\":\"Organization\",\"@id\":\"https:\/\/www.ericadventures.com\/en\/#organization\",\"name\":\"Eric Adventures\",\"url\":\"https:\/\/www.ericadventures.com\/en\/\",\"logo\":{\"@type\":\"ImageObject\",\"inLanguage\":\"fr-FR\",\"@id\":\"https:\/\/www.ericadventures.com\/en\/#\/schema\/logo\/image\/\",\"url\":\"https:\/\/www.ericadventures.com\/wp-content\/uploads\/logo-ericadventures.png\",\"contentUrl\":\"https:\/\/www.ericadventures.com\/wp-content\/uploads\/logo-ericadventures.png\",\"width\":500,\"height\":106,\"caption\":\"Eric Adventures\"},\"image\":{\"@id\":\"https:\/\/www.ericadventures.com\/en\/#\/schema\/logo\/image\/\"}}]}<\/script>\n<!-- \/ Yoast SEO Premium plugin. -->","yoast_head_json":{"title":"Transfert d'une journ\u00e9e de Calama \u00e0 Uyuni via Ollague","description":"Le voyage d\u00e9bute \u00e0 Calama, au Chile, et se poursuit jusqu'\u00e0 Uyuni, en Bolivie, o\u00f9 se trouve le plus grand salar du monde.","robots":{"index":"index","follow":"follow","max-snippet":"max-snippet:-1","max-image-preview":"max-image-preview:large","max-video-preview":"max-video-preview:-1"},"canonical":"https:\/\/www.ericadventures.com\/fr\/chile\/1j-transfert-duyuni-a-calama-via-ollague\/","og_locale":"fr_FR","og_type":"article","og_title":"1J TRANSFERT D\u2019UYUNI \u00c0 CALAMA VIA OLLAGUE","og_description":"Le voyage d\u00e9bute \u00e0 Calama, au Chile, et se poursuit jusqu'\u00e0 Uyuni, en Bolivie, o\u00f9 se trouve le plus grand salar du monde.","og_url":"https:\/\/www.ericadventures.com\/fr\/chile\/1j-transfert-duyuni-a-calama-via-ollague\/","og_site_name":"Eric Adventures","article_modified_time":"2026-03-13T17:18:01+00:00","og_image":[{"width":854,"height":465,"url":"https:\/\/www.ericadventures.com\/wp-content\/uploads\/aeropuerto-Loa-Calama-.jpg","type":"image\/jpeg"}],"twitter_card":"summary_large_image","twitter_misc":{"Dur\u00e9e de lecture estim\u00e9e":"4 minutes"},"schema":{"@context":"https:\/\/schema.org","@graph":[{"@type":"WebPage","@id":"https:\/\/www.ericadventures.com\/fr\/chile\/1j-transfert-duyuni-a-calama-via-ollague\/","url":"https:\/\/www.ericadventures.com\/fr\/chile\/1j-transfert-duyuni-a-calama-via-ollague\/","name":"Transfert d'une journ\u00e9e de Calama \u00e0 Uyuni via Ollague","isPartOf":{"@id":"https:\/\/www.ericadventures.com\/en\/#website"},"primaryImageOfPage":{"@id":"https:\/\/www.ericadventures.com\/fr\/chile\/1j-transfert-duyuni-a-calama-via-ollague\/#primaryimage"},"image":{"@id":"https:\/\/www.ericadventures.com\/fr\/chile\/1j-transfert-duyuni-a-calama-via-ollague\/#primaryimage"},"thumbnailUrl":"https:\/\/www.ericadventures.com\/wp-content\/uploads\/aeropuerto-Loa-Calama-.jpg","datePublished":"2026-03-13T15:49:00+00:00","dateModified":"2026-03-13T17:18:01+00:00","description":"Le voyage d\u00e9bute \u00e0 Calama, au Chile, et se poursuit jusqu'\u00e0 Uyuni, en Bolivie, o\u00f9 se trouve le plus grand salar du monde.","breadcrumb":{"@id":"https:\/\/www.ericadventures.com\/fr\/chile\/1j-transfert-duyuni-a-calama-via-ollague\/#breadcrumb"},"inLanguage":"fr-FR","potentialAction":[{"@type":"ReadAction","target":["https:\/\/www.ericadventures.com\/fr\/chile\/1j-transfert-duyuni-a-calama-via-ollague\/"]}]},{"@type":"ImageObject","inLanguage":"fr-FR","@id":"https:\/\/www.ericadventures.com\/fr\/chile\/1j-transfert-duyuni-a-calama-via-ollague\/#primaryimage","url":"https:\/\/www.ericadventures.com\/wp-content\/uploads\/aeropuerto-Loa-Calama-.jpg","contentUrl":"https:\/\/www.ericadventures.com\/wp-content\/uploads\/aeropuerto-Loa-Calama-.jpg","width":854,"height":465},{"@type":"BreadcrumbList","@id":"https:\/\/www.ericadventures.com\/fr\/chile\/1j-transfert-duyuni-a-calama-via-ollague\/#breadcrumb","itemListElement":[{"@type":"ListItem","position":1,"name":"Home","item":"https:\/\/www.ericadventures.com\/fr\/"},{"@type":"ListItem","position":2,"name":"Tours in Chile","item":"https:\/\/www.ericadventures.com\/en\/chile\/"},{"@type":"ListItem","position":3,"name":"1J TRANSFERT D\u2019UYUNI \u00c0 CALAMA VIA OLLAGUE"}]},{"@type":"WebSite","@id":"https:\/\/www.ericadventures.com\/en\/#website","url":"https:\/\/www.ericadventures.com\/en\/","name":"Eric Adventures","description":"","publisher":{"@id":"https:\/\/www.ericadventures.com\/en\/#organization"},"alternateName":"Eric Adventures","potentialAction":[{"@type":"SearchAction","target":{"@type":"EntryPoint","urlTemplate":"https:\/\/www.ericadventures.com\/en\/?s={search_term_string}"},"query-input":{"@type":"PropertyValueSpecification","valueRequired":true,"valueName":"search_term_string"}}],"inLanguage":"fr-FR"},{"@type":"Organization","@id":"https:\/\/www.ericadventures.com\/en\/#organization","name":"Eric Adventures","url":"https:\/\/www.ericadventures.com\/en\/","logo":{"@type":"ImageObject","inLanguage":"fr-FR","@id":"https:\/\/www.ericadventures.com\/en\/#\/schema\/logo\/image\/","url":"https:\/\/www.ericadventures.com\/wp-content\/uploads\/logo-ericadventures.png","contentUrl":"https:\/\/www.ericadventures.com\/wp-content\/uploads\/logo-ericadventures.png","width":500,"height":106,"caption":"Eric Adventures"},"image":{"@id":"https:\/\/www.ericadventures.com\/en\/#\/schema\/logo\/image\/"}}]}},"coauthors":[],"author_meta":{"author_link":"https:\/\/www.ericadventures.com\/fr\/author\/marilyn\/","display_name":"Marilyn Ayma Gomez"},"relative_dates":{"created":"Publi\u00e9 2 mois il y a","modified":"Mis \u00e0 jour 2 mois il y a"},"absolute_dates":{"created":"Publi\u00e9 le mars 13, 2026","modified":"Mise \u00e0 jour le mars 13, 2026"},"absolute_dates_time":{"created":"Publi\u00e9 le mars 13, 2026 10:49 am","modified":"Mise \u00e0 jour le mars 13, 2026 12:18 pm"},"featured_img_caption":"","featured_img":"https:\/\/www.ericadventures.com\/wp-content\/uploads\/aeropuerto-Loa-Calama-.jpg","series_order":"","_links":{"self":[{"href":"https:\/\/www.ericadventures.com\/fr\/wp-json\/wp\/v2\/pages\/46038","targetHints":{"allow":["GET"]}}],"collection":[{"href":"https:\/\/www.ericadventures.com\/fr\/wp-json\/wp\/v2\/pages"}],"about":[{"href":"https:\/\/www.ericadventures.com\/fr\/wp-json\/wp\/v2\/types\/page"}],"author":[{"embeddable":true,"href":"https:\/\/www.ericadventures.com\/fr\/wp-json\/wp\/v2\/users\/4"}],"replies":[{"embeddable":true,"href":"https:\/\/www.ericadventures.com\/fr\/wp-json\/wp\/v2\/comments?post=46038"}],"version-history":[{"count":3,"href":"https:\/\/www.ericadventures.com\/fr\/wp-json\/wp\/v2\/pages\/46038\/revisions"}],"predecessor-version":[{"id":46054,"href":"https:\/\/www.ericadventures.com\/fr\/wp-json\/wp\/v2\/pages\/46038\/revisions\/46054"}],"up":[{"embeddable":true,"href":"https:\/\/www.ericadventures.com\/fr\/wp-json\/wp\/v2\/pages\/36842"}],"wp:featuredmedia":[{"embeddable":true,"href":"https:\/\/www.ericadventures.com\/fr\/wp-json\/wp\/v2\/media\/46029"}],"wp:attachment":[{"href":"https:\/\/www.ericadventures.com\/fr\/wp-json\/wp\/v2\/media?parent=46038"}],"curies":[{"name":"wp","href":"https:\/\/api.w.org\/{rel}","templated":true}]}}