{"id":46911,"date":"2026-04-09T14:07:48","date_gmt":"2026-04-09T19:07:48","guid":{"rendered":"https:\/\/www.ericadventures.com\/ferre-miraflores-hotel-cusco\/"},"modified":"2026-04-14T13:06:38","modified_gmt":"2026-04-14T18:06:38","slug":"hotel-ferre-miraflores-lima","status":"publish","type":"page","link":"https:\/\/www.ericadventures.com\/fr\/hotel\/hotel-ferre-miraflores-lima\/","title":{"rendered":"H\u00f4tel Ferr\u00e9 Miraflores, Lima"},"content":{"rendered":"\n<figure class=\"wp-block-table\"><table class=\"has-fixed-layout\"><thead><tr><th class=\"has-text-align-center\" data-align=\"center\">Type de chambre  <\/th><th class=\"has-text-align-center\" data-align=\"center\">Description<\/th><th class=\"has-text-align-center\" data-align=\"center\">Tarif en dollars am\u00e9ricains<\/th><\/tr><\/thead><tbody><tr><td class=\"has-text-align-center\" data-align=\"center\">Standard Simple<\/td><td class=\"has-text-align-center\" data-align=\"center\">1 lit<\/td><td class=\"has-text-align-center\" data-align=\"center\">87<\/td><\/tr><tr><td class=\"has-text-align-center\" data-align=\"center\">Standard Double<\/td><td class=\"has-text-align-center\" data-align=\"center\">2 lits simples ou 1 lit simple<\/td><td class=\"has-text-align-center\" data-align=\"center\">174<\/td><\/tr><tr><td class=\"has-text-align-center\" data-align=\"center\">Standard Triple<\/td><td class=\"has-text-align-center\" data-align=\"center\">3 lits simples<\/td><td class=\"has-text-align-center\" data-align=\"center\">261<\/td><\/tr><tr><td class=\"has-text-align-center\" data-align=\"center\">Famille Confort<\/td><td class=\"has-text-align-center\" data-align=\"center\">1 lit simple ou 2 lits simples<\/td><td class=\"has-text-align-center\" data-align=\"center\">190<\/td><\/tr><\/tbody><\/table><\/figure>\n\n\n\n<p><strong>*Les prix peuvent varier selon les disponibilit\u00e9s et la saison.<\/strong><\/p>\n\n\n\n<p><\/p>\n\n\n\n<h3 class=\"wp-block-heading\" id=\"h-situation\">SITUATION<\/h3>\n\n\n\n<p>Id\u00e9alement situ\u00e9 au c\u0153ur de Miraflores, l\u2019H\u00f4tel Ferr\u00e9 se trouve \u00e0 seulement 500 m\u00e8tres du littoral de Lima. Son emplacement permet d\u2019acc\u00e9der facilement \u00e0 pied aux boutiques les plus prestigieuses du quartier et \u00e0 l\u2019embl\u00e9matique parc Kennedy.<\/p>\n\n\n\n<p><\/p>\n\n\n\n<h3 class=\"wp-block-heading\" id=\"h-chambres\">CHAMBRES<\/h3>\n\n\n\n<p id=\"h-roomsenjoy-modern-rooms-with-smart-tvs-air-conditioning-and-free-wi-fi-looking-for-total-relaxation-book-one-of-our-suites-with-a-whirlpool-tub\">L\u2019h\u00f4tel propose des chambres confortables dot\u00e9es d\u2019\u00e9quipements de pointe, notamment des t\u00e9l\u00e9viseurs connect\u00e9s, la climatisation et un minibar\u00a0; certaines disposent m\u00eame d\u2019un jacuzzi priv\u00e9. Vous pourrez commencer votre journ\u00e9e par un petit-d\u00e9jeuner gourmand vari\u00e9 dans la salle \u00e0 manger principale ou vous d\u00e9tendre au bar priv\u00e9. Pour un s\u00e9jour sans encombre, l\u2019h\u00f4tel organise des transferts exclusifs vers l\u2019a\u00e9roport international Jorge Ch\u00e1vez.<\/p>\n\n\n\n<p><strong>Restaurant<\/strong><\/p>\n\n\n\n<p>Savourez un d\u00e9licieux petit-d\u00e9jeuner buffet chaque matin dans notre restaurant. Nous proposons \u00e9galement le d\u00e9jeuner et le d\u00eener sur r\u00e9servation, id\u00e9al pour ceux qui souhaitent savourer la cuisine locale sans quitter l&rsquo;h\u00f4tel.<\/p>\n\n\n\n<div class=\"wp-block-columns is-layout-flex wp-container-core-columns-is-layout-9d6595d7 wp-block-columns-is-layout-flex\">\n<div class=\"wp-block-column is-layout-flow wp-block-column-is-layout-flow\"><\/div>\n\n\n\n<div class=\"wp-block-column is-layout-flow wp-block-column-is-layout-flow\"><\/div>\n\n\n\n<div class=\"wp-block-column is-layout-flow wp-block-column-is-layout-flow\"><\/div>\n<\/div>\n\n\n\n<p><\/p>\n","protected":false},"excerpt":{"rendered":"<p>Type de chambre Description Tarif en dollars am\u00e9ricains Standard Simple 1 lit 87 Standard Double 2 lits simples ou 1 [&hellip;]<\/p>\n","protected":false},"author":4,"featured_media":46907,"parent":39746,"menu_order":0,"comment_status":"closed","ping_status":"closed","template":"page-hotel.php","meta":{"_acf_changed":false,"advgb_blocks_editor_width":"","advgb_blocks_columns_visual_guide":"","footnotes":""},"class_list":["post-46911","page","type-page","status-publish","has-post-thumbnail","hentry"],"acf":[],"yoast_head":"<!-- This site is optimized with the Yoast SEO Premium plugin v25.4 (Yoast SEO v26.9) - https:\/\/yoast.com\/product\/yoast-seo-premium-wordpress\/ -->\n<title>H\u00f4tel Ferr\u00e9 Miraflores, Lima<\/title>\n<meta name=\"description\" content=\"Strat\u00e9giquement situ\u00e9 au c\u0153ur de Miraflores, l&#039;H\u00f4tel Ferr\u00e9 se trouve \u00e0 seulement 500 m\u00e8tres du littoral de Lima, permettant un acc\u00e8s facile \u00e0 pied aux adresses les plus prestigieuses du quartier.\" \/>\n<meta name=\"robots\" content=\"index, follow, max-snippet:-1, max-image-preview:large, max-video-preview:-1\" \/>\n<link rel=\"canonical\" href=\"https:\/\/www.ericadventures.com\/fr\/hotel\/hotel-ferre-miraflores-lima\/\" \/>\n<meta property=\"og:locale\" content=\"fr_FR\" \/>\n<meta property=\"og:type\" content=\"article\" \/>\n<meta property=\"og:title\" content=\"H\u00f4tel Ferr\u00e9 Miraflores, Lima\" \/>\n<meta property=\"og:description\" content=\"Strat\u00e9giquement situ\u00e9 au c\u0153ur de Miraflores, l&#039;H\u00f4tel Ferr\u00e9 se trouve \u00e0 seulement 500 m\u00e8tres du littoral de Lima, permettant un acc\u00e8s facile \u00e0 pied aux adresses les plus prestigieuses du quartier.\" \/>\n<meta property=\"og:url\" content=\"https:\/\/www.ericadventures.com\/fr\/hotel\/hotel-ferre-miraflores-lima\/\" \/>\n<meta property=\"og:site_name\" content=\"Eric Adventures\" \/>\n<meta property=\"article:modified_time\" content=\"2026-04-14T18:06:38+00:00\" \/>\n<meta property=\"og:image\" content=\"https:\/\/www.ericadventures.com\/wp-content\/uploads\/Ferre-Miraflores-hotel-Lima-1.jpg\" \/>\n\t<meta property=\"og:image:width\" content=\"305\" \/>\n\t<meta property=\"og:image:height\" content=\"459\" \/>\n\t<meta property=\"og:image:type\" content=\"image\/jpeg\" \/>\n<meta name=\"twitter:card\" content=\"summary_large_image\" \/>\n<meta name=\"twitter:label1\" content=\"Dur\u00e9e de lecture estim\u00e9e\" \/>\n\t<meta name=\"twitter:data1\" content=\"1 minute\" \/>\n<script type=\"application\/ld+json\" class=\"yoast-schema-graph\">{\"@context\":\"https:\/\/schema.org\",\"@graph\":[{\"@type\":\"WebPage\",\"@id\":\"https:\/\/www.ericadventures.com\/fr\/hotel\/hotel-ferre-miraflores-lima\/\",\"url\":\"https:\/\/www.ericadventures.com\/fr\/hotel\/hotel-ferre-miraflores-lima\/\",\"name\":\"H\u00f4tel Ferr\u00e9 Miraflores, Lima\",\"isPartOf\":{\"@id\":\"https:\/\/www.ericadventures.com\/en\/#website\"},\"primaryImageOfPage\":{\"@id\":\"https:\/\/www.ericadventures.com\/fr\/hotel\/hotel-ferre-miraflores-lima\/#primaryimage\"},\"image\":{\"@id\":\"https:\/\/www.ericadventures.com\/fr\/hotel\/hotel-ferre-miraflores-lima\/#primaryimage\"},\"thumbnailUrl\":\"https:\/\/www.ericadventures.com\/wp-content\/uploads\/Ferre-Miraflores-hotel-Lima-1.jpg\",\"datePublished\":\"2026-04-09T19:07:48+00:00\",\"dateModified\":\"2026-04-14T18:06:38+00:00\",\"description\":\"Strat\u00e9giquement situ\u00e9 au c\u0153ur de Miraflores, l'H\u00f4tel Ferr\u00e9 se trouve \u00e0 seulement 500 m\u00e8tres du littoral de Lima, permettant un acc\u00e8s facile \u00e0 pied aux adresses les plus prestigieuses du quartier.\",\"breadcrumb\":{\"@id\":\"https:\/\/www.ericadventures.com\/fr\/hotel\/hotel-ferre-miraflores-lima\/#breadcrumb\"},\"inLanguage\":\"fr-FR\",\"potentialAction\":[{\"@type\":\"ReadAction\",\"target\":[\"https:\/\/www.ericadventures.com\/fr\/hotel\/hotel-ferre-miraflores-lima\/\"]}]},{\"@type\":\"ImageObject\",\"inLanguage\":\"fr-FR\",\"@id\":\"https:\/\/www.ericadventures.com\/fr\/hotel\/hotel-ferre-miraflores-lima\/#primaryimage\",\"url\":\"https:\/\/www.ericadventures.com\/wp-content\/uploads\/Ferre-Miraflores-hotel-Lima-1.jpg\",\"contentUrl\":\"https:\/\/www.ericadventures.com\/wp-content\/uploads\/Ferre-Miraflores-hotel-Lima-1.jpg\",\"width\":305,\"height\":459},{\"@type\":\"BreadcrumbList\",\"@id\":\"https:\/\/www.ericadventures.com\/fr\/hotel\/hotel-ferre-miraflores-lima\/#breadcrumb\",\"itemListElement\":[{\"@type\":\"ListItem\",\"position\":1,\"name\":\"Home\",\"item\":\"https:\/\/www.ericadventures.com\/fr\/\"},{\"@type\":\"ListItem\",\"position\":2,\"name\":\"Hotels\",\"item\":\"https:\/\/www.ericadventures.com\/fr\/hotel\/\"},{\"@type\":\"ListItem\",\"position\":3,\"name\":\"H\u00f4tel Ferr\u00e9 Miraflores, Lima\"}]},{\"@type\":\"WebSite\",\"@id\":\"https:\/\/www.ericadventures.com\/en\/#website\",\"url\":\"https:\/\/www.ericadventures.com\/en\/\",\"name\":\"Eric Adventures\",\"description\":\"\",\"publisher\":{\"@id\":\"https:\/\/www.ericadventures.com\/en\/#organization\"},\"alternateName\":\"Eric Adventures\",\"potentialAction\":[{\"@type\":\"SearchAction\",\"target\":{\"@type\":\"EntryPoint\",\"urlTemplate\":\"https:\/\/www.ericadventures.com\/en\/?s={search_term_string}\"},\"query-input\":{\"@type\":\"PropertyValueSpecification\",\"valueRequired\":true,\"valueName\":\"search_term_string\"}}],\"inLanguage\":\"fr-FR\"},{\"@type\":\"Organization\",\"@id\":\"https:\/\/www.ericadventures.com\/en\/#organization\",\"name\":\"Eric Adventures\",\"url\":\"https:\/\/www.ericadventures.com\/en\/\",\"logo\":{\"@type\":\"ImageObject\",\"inLanguage\":\"fr-FR\",\"@id\":\"https:\/\/www.ericadventures.com\/en\/#\/schema\/logo\/image\/\",\"url\":\"https:\/\/www.ericadventures.com\/wp-content\/uploads\/logo-ericadventures.png\",\"contentUrl\":\"https:\/\/www.ericadventures.com\/wp-content\/uploads\/logo-ericadventures.png\",\"width\":500,\"height\":106,\"caption\":\"Eric Adventures\"},\"image\":{\"@id\":\"https:\/\/www.ericadventures.com\/en\/#\/schema\/logo\/image\/\"}}]}<\/script>\n<!-- \/ Yoast SEO Premium plugin. -->","yoast_head_json":{"title":"H\u00f4tel Ferr\u00e9 Miraflores, Lima","description":"Strat\u00e9giquement situ\u00e9 au c\u0153ur de Miraflores, l'H\u00f4tel Ferr\u00e9 se trouve \u00e0 seulement 500 m\u00e8tres du littoral de Lima, permettant un acc\u00e8s facile \u00e0 pied aux adresses les plus prestigieuses du quartier.","robots":{"index":"index","follow":"follow","max-snippet":"max-snippet:-1","max-image-preview":"max-image-preview:large","max-video-preview":"max-video-preview:-1"},"canonical":"https:\/\/www.ericadventures.com\/fr\/hotel\/hotel-ferre-miraflores-lima\/","og_locale":"fr_FR","og_type":"article","og_title":"H\u00f4tel Ferr\u00e9 Miraflores, Lima","og_description":"Strat\u00e9giquement situ\u00e9 au c\u0153ur de Miraflores, l'H\u00f4tel Ferr\u00e9 se trouve \u00e0 seulement 500 m\u00e8tres du littoral de Lima, permettant un acc\u00e8s facile \u00e0 pied aux adresses les plus prestigieuses du quartier.","og_url":"https:\/\/www.ericadventures.com\/fr\/hotel\/hotel-ferre-miraflores-lima\/","og_site_name":"Eric Adventures","article_modified_time":"2026-04-14T18:06:38+00:00","og_image":[{"width":305,"height":459,"url":"https:\/\/www.ericadventures.com\/wp-content\/uploads\/Ferre-Miraflores-hotel-Lima-1.jpg","type":"image\/jpeg"}],"twitter_card":"summary_large_image","twitter_misc":{"Dur\u00e9e de lecture estim\u00e9e":"1 minute"},"schema":{"@context":"https:\/\/schema.org","@graph":[{"@type":"WebPage","@id":"https:\/\/www.ericadventures.com\/fr\/hotel\/hotel-ferre-miraflores-lima\/","url":"https:\/\/www.ericadventures.com\/fr\/hotel\/hotel-ferre-miraflores-lima\/","name":"H\u00f4tel Ferr\u00e9 Miraflores, Lima","isPartOf":{"@id":"https:\/\/www.ericadventures.com\/en\/#website"},"primaryImageOfPage":{"@id":"https:\/\/www.ericadventures.com\/fr\/hotel\/hotel-ferre-miraflores-lima\/#primaryimage"},"image":{"@id":"https:\/\/www.ericadventures.com\/fr\/hotel\/hotel-ferre-miraflores-lima\/#primaryimage"},"thumbnailUrl":"https:\/\/www.ericadventures.com\/wp-content\/uploads\/Ferre-Miraflores-hotel-Lima-1.jpg","datePublished":"2026-04-09T19:07:48+00:00","dateModified":"2026-04-14T18:06:38+00:00","description":"Strat\u00e9giquement situ\u00e9 au c\u0153ur de Miraflores, l'H\u00f4tel Ferr\u00e9 se trouve \u00e0 seulement 500 m\u00e8tres du littoral de Lima, permettant un acc\u00e8s facile \u00e0 pied aux adresses les plus prestigieuses du quartier.","breadcrumb":{"@id":"https:\/\/www.ericadventures.com\/fr\/hotel\/hotel-ferre-miraflores-lima\/#breadcrumb"},"inLanguage":"fr-FR","potentialAction":[{"@type":"ReadAction","target":["https:\/\/www.ericadventures.com\/fr\/hotel\/hotel-ferre-miraflores-lima\/"]}]},{"@type":"ImageObject","inLanguage":"fr-FR","@id":"https:\/\/www.ericadventures.com\/fr\/hotel\/hotel-ferre-miraflores-lima\/#primaryimage","url":"https:\/\/www.ericadventures.com\/wp-content\/uploads\/Ferre-Miraflores-hotel-Lima-1.jpg","contentUrl":"https:\/\/www.ericadventures.com\/wp-content\/uploads\/Ferre-Miraflores-hotel-Lima-1.jpg","width":305,"height":459},{"@type":"BreadcrumbList","@id":"https:\/\/www.ericadventures.com\/fr\/hotel\/hotel-ferre-miraflores-lima\/#breadcrumb","itemListElement":[{"@type":"ListItem","position":1,"name":"Home","item":"https:\/\/www.ericadventures.com\/fr\/"},{"@type":"ListItem","position":2,"name":"Hotels","item":"https:\/\/www.ericadventures.com\/fr\/hotel\/"},{"@type":"ListItem","position":3,"name":"H\u00f4tel Ferr\u00e9 Miraflores, Lima"}]},{"@type":"WebSite","@id":"https:\/\/www.ericadventures.com\/en\/#website","url":"https:\/\/www.ericadventures.com\/en\/","name":"Eric Adventures","description":"","publisher":{"@id":"https:\/\/www.ericadventures.com\/en\/#organization"},"alternateName":"Eric Adventures","potentialAction":[{"@type":"SearchAction","target":{"@type":"EntryPoint","urlTemplate":"https:\/\/www.ericadventures.com\/en\/?s={search_term_string}"},"query-input":{"@type":"PropertyValueSpecification","valueRequired":true,"valueName":"search_term_string"}}],"inLanguage":"fr-FR"},{"@type":"Organization","@id":"https:\/\/www.ericadventures.com\/en\/#organization","name":"Eric Adventures","url":"https:\/\/www.ericadventures.com\/en\/","logo":{"@type":"ImageObject","inLanguage":"fr-FR","@id":"https:\/\/www.ericadventures.com\/en\/#\/schema\/logo\/image\/","url":"https:\/\/www.ericadventures.com\/wp-content\/uploads\/logo-ericadventures.png","contentUrl":"https:\/\/www.ericadventures.com\/wp-content\/uploads\/logo-ericadventures.png","width":500,"height":106,"caption":"Eric Adventures"},"image":{"@id":"https:\/\/www.ericadventures.com\/en\/#\/schema\/logo\/image\/"}}]}},"coauthors":[],"author_meta":{"author_link":"https:\/\/www.ericadventures.com\/fr\/author\/marilyn\/","display_name":"Marilyn Ayma Gomez"},"relative_dates":{"created":"Publi\u00e9 1 semaine il y a","modified":"Mis \u00e0 jour 3 jours il y a"},"absolute_dates":{"created":"Publi\u00e9 le avril 9, 2026","modified":"Mise \u00e0 jour le avril 14, 2026"},"absolute_dates_time":{"created":"Publi\u00e9 le avril 9, 2026 2:07 pm","modified":"Mise \u00e0 jour le avril 14, 2026 1:06 pm"},"featured_img_caption":"","featured_img":"https:\/\/www.ericadventures.com\/wp-content\/uploads\/Ferre-Miraflores-hotel-Lima-1.jpg","series_order":"","_links":{"self":[{"href":"https:\/\/www.ericadventures.com\/fr\/wp-json\/wp\/v2\/pages\/46911","targetHints":{"allow":["GET"]}}],"collection":[{"href":"https:\/\/www.ericadventures.com\/fr\/wp-json\/wp\/v2\/pages"}],"about":[{"href":"https:\/\/www.ericadventures.com\/fr\/wp-json\/wp\/v2\/types\/page"}],"author":[{"embeddable":true,"href":"https:\/\/www.ericadventures.com\/fr\/wp-json\/wp\/v2\/users\/4"}],"replies":[{"embeddable":true,"href":"https:\/\/www.ericadventures.com\/fr\/wp-json\/wp\/v2\/comments?post=46911"}],"version-history":[{"count":3,"href":"https:\/\/www.ericadventures.com\/fr\/wp-json\/wp\/v2\/pages\/46911\/revisions"}],"predecessor-version":[{"id":47057,"href":"https:\/\/www.ericadventures.com\/fr\/wp-json\/wp\/v2\/pages\/46911\/revisions\/47057"}],"up":[{"embeddable":true,"href":"https:\/\/www.ericadventures.com\/fr\/wp-json\/wp\/v2\/pages\/39746"}],"wp:featuredmedia":[{"embeddable":true,"href":"https:\/\/www.ericadventures.com\/fr\/wp-json\/wp\/v2\/media\/46907"}],"wp:attachment":[{"href":"https:\/\/www.ericadventures.com\/fr\/wp-json\/wp\/v2\/media?parent=46911"}],"curies":[{"name":"wp","href":"https:\/\/api.w.org\/{rel}","templated":true}]}}