{"id":5431,"date":"2023-12-04T09:49:30","date_gmt":"2023-12-04T14:49:30","guid":{"rendered":"https:\/\/www.ericadventures.com\/arequipa\/canyon-colca-puno-2days-copy-copy\/"},"modified":"2025-10-27T10:32:02","modified_gmt":"2025-10-27T15:32:02","slug":"rafting-riviere-chili-arequipa","status":"publish","type":"page","link":"https:\/\/www.ericadventures.com\/fr\/arequipa\/rafting-riviere-chili-arequipa\/","title":{"rendered":"HD Tour De Rafting"},"content":{"rendered":"<div class=\"wp-block-image\">\n<figure class=\"alignleft size-full is-resized\"><img loading=\"lazy\" decoding=\"async\" width=\"600\" height=\"399\" src=\"https:\/\/www.ericadventures.com\/wp-content\/uploads\/cT-1.jpg\" alt=\"\" class=\"wp-image-5426\" style=\"aspect-ratio:1.7777777777777777;object-fit:cover;width:416px;height:auto\" srcset=\"https:\/\/www.ericadventures.com\/wp-content\/uploads\/cT-1.jpg 600w, https:\/\/www.ericadventures.com\/wp-content\/uploads\/cT-1-300x200.jpg 300w\" sizes=\"auto, (max-width: 600px) 100vw, 600px\" \/><\/figure>\n<\/div>\n\n\n<h3 class=\"wp-block-heading\" id=\"h-\"><\/h3>\n\n\n\n<p>Au sud du territoire p\u00e9ruvien, entre les volcans Misti et Chachani \u00e0 Arequipa, se trouve la rivi\u00e8re Chili. La rivi\u00e8re coule de la haute Andes d&rsquo;Arequipa \u00e0 la fronti\u00e8re de Cusco et Puno, sa grande taille le rend le pr\u00e9f\u00e9r\u00e9 pour la pratique du rafting avec des rapides de classe II &#8211; III &#8211; IV adapt\u00e9s aux d\u00e9butants et aux petits et grands.<\/p>\n\n\n\n<h2 class=\"wp-block-heading\" id=\"h-itineraire\"><strong>ITIN\u00c9RAIRE<\/strong><\/h2>\n\n\n\n<p>Nous prenons nos passagers pour aller \u00e0 notre base d&rsquo;op\u00e9rations \u00e0 20 minutes d&rsquo;Arequipa. \u00c0 la base, nous recevrons l&rsquo;\u00e9quipement correspondant pour le rafting et nous irons \u00e0 la grotte de la Virgen de Chapi, o\u00f9 nous recevrons les indications pour l&rsquo;activit\u00e9.<\/p>\n\n\n\n<p>Nous commen\u00e7ons le rafting, qui dure environ 01 heure et parcourt une distance d&rsquo;environ 7 km pr\u00e8s du pont de Chilina. Apr\u00e8s une collation. Nous retournons \u00e0 Arequipa.<\/p>\n\n\n\n<h2 class=\"wp-block-heading\" id=\"h-incluse\"><strong>INCLUSE<\/strong><\/h2>\n\n\n\n<ul class=\"wp-block-list\">\n<li>Transfert h\u00f4tel &#8211; rivi\u00e8re &#8211; h\u00f4tel<\/li>\n\n\n\n<li>Guide professionnel<\/li>\n\n\n\n<li>Radeau pour jusqu&rsquo;\u00e0 6 personnes<\/li>\n\n\n\n<li>Gilet de sauvetage<\/li>\n\n\n\n<li>Casque<\/li>\n\n\n\n<li>1 palette par participant<\/li>\n\n\n\n<li>2 kayakistes de s\u00e9curit\u00e9<\/li>\n\n\n\n<li>Snack<\/li>\n<\/ul>\n\n\n\n<h3 class=\"wp-block-heading\" id=\"h-saison-des-pluies\"><strong>Saison des pluies<\/strong><\/h3>\n\n\n\n<ul class=\"wp-block-list\">\n<li>D\u00e9cembre \u00e0 mars. La rivi\u00e8re est compl\u00e8tement ferm\u00e9e.<\/li>\n<\/ul>\n\n\n\n<h3 class=\"wp-block-heading\" id=\"h-nous-recommandons-d-apporter\"><strong>NOUS RECOMMANDONS D&rsquo;APPORTER<\/strong><\/h3>\n\n\n\n<ul class=\"wp-block-list\">\n<li>Chemise et pantalon suppl\u00e9mentaire<\/li>\n\n\n\n<li>Chaussures en n\u00e9opr\u00e8ne, sandales \u00e0 velcro ou chaussures de course (chaussures non enlev\u00e9es)<\/li>\n\n\n\n<li>Chapeau ou bonnet pour vous prot\u00e9ger du soleil<\/li>\n\n\n\n<li>Cr\u00e8me solaire<\/li>\n\n\n\n<li>Bouteille d&rsquo;eau<\/li>\n\n\n\n<li>Insectifuge<\/li>\n\n\n\n<li>Serviette<\/li>\n\n\n\n<li>Cam\u00e9ra \u00e9tanche<\/li>\n\n\n\n<li>Lunettes de soleil<\/li>\n\n\n\n<li>Maillot de bain<\/li>\n\n\n\n<li>Sac en plastique pour v\u00eatements mouill\u00e9s<\/li>\n<\/ul>\n\n\n\n<h3 class=\"wp-block-heading\" id=\"h-notes\">NOTES:<\/h3>\n\n\n\n<ul class=\"wp-block-list\">\n<li>Dans nos services partag\u00e9s, nous irons chercher nos clients depuis leur h\u00f4tel quand et o\u00f9 qu&rsquo;ils se trouvent dans le centre de la ville.<\/li>\n\n\n\n<li>Dans nos services partag\u00e9s, \u00e0 la fin du tour, nous laissons nos clients dans un endroit pr\u00e8s de la place principale, il est plus facile de retourner \u00e0 votre h\u00f4tel en marchant que de prendre le bus, car le trafic est terrible. Si votre h\u00f4tel est \u00e9loign\u00e9 du centre-ville, prenez un suppl\u00e9ment pour prendre un taxi.<\/li>\n\n\n\n<li>Les horaires de prise en charge et d&rsquo;arriv\u00e9e sont r\u00e9f\u00e9rentiels, cela d\u00e9pendra du trafic que l&rsquo;on peut trouver dans les rues ou du retard des autres clients, notre assistant arrivera \u00e0 l&rsquo;heure \u00e0 votre h\u00f4tel, mais parfois le transport pourrait \u00eatre retard\u00e9 de quelques minutes.<\/li>\n<\/ul>\n\n\n\n<h2 class=\"wp-block-heading\" id=\"h-tarifs-par-personne-en-dollars-americains\">TARIFS (PAR PERSONNE EN DOLLARS AM\u00c9RICAINS)<\/h2>\n\n\n\n<p><strong>SERVICE PRIV\u00c9<\/strong><\/p>\n\n\n\n<ul class=\"wp-block-list\">\n<li>Prix par personne&nbsp;: US$ 85(minimum 4 personnes)<\/li>\n<\/ul>\n\n\n\n<p>*Tarifs de r\u00e9f\u00e9rence sous r\u00e9serve de disponibilit\u00e9 et de saison.<\/p>\n\n\n\n<h2 class=\"wp-block-heading\" id=\"h-la-carte\">la carte<\/h2>\n\n\n\n<figure class=\"wp-block-gallery has-nested-images columns-default wp-block-gallery-1 is-layout-flex wp-block-gallery-is-layout-flex\">\n<figure class=\"wp-block-image size-thumbnail is-style-default\"><a href=\"https:\/\/www.ericadventures.com\/wp-content\/uploads\/c1-2.jpg\"><img loading=\"lazy\" decoding=\"async\" width=\"150\" height=\"150\" data-id=\"5375\" src=\"https:\/\/www.ericadventures.com\/wp-content\/uploads\/c1-2-150x150.jpg\" alt=\"\" class=\"wp-image-5375\"\/><\/a><\/figure>\n<\/figure>\n\n\n\n<h2 class=\"wp-block-heading\" id=\"h-photos\">Photos<\/h2>\n\n\n\n<figure class=\"wp-block-gallery has-nested-images columns-8 is-cropped wp-block-gallery-2 is-layout-flex wp-block-gallery-is-layout-flex\">\n<figure class=\"wp-block-image size-thumbnail\"><a href=\"https:\/\/www.ericadventures.com\/wp-content\/uploads\/c10-1.jpg\"><img loading=\"lazy\" decoding=\"async\" width=\"150\" height=\"150\" data-id=\"5380\" src=\"https:\/\/www.ericadventures.com\/wp-content\/uploads\/c10-1-150x150.jpg\" alt=\"\" class=\"wp-image-5380\"\/><\/a><\/figure>\n\n\n\n<figure class=\"wp-block-image size-thumbnail\"><a href=\"https:\/\/www.ericadventures.com\/wp-content\/uploads\/c9.jpg\"><img loading=\"lazy\" decoding=\"async\" width=\"150\" height=\"150\" data-id=\"5385\" src=\"https:\/\/www.ericadventures.com\/wp-content\/uploads\/c9-150x150.jpg\" alt=\"\" class=\"wp-image-5385\"\/><\/a><\/figure>\n\n\n\n<figure class=\"wp-block-image size-thumbnail\"><a href=\"https:\/\/www.ericadventures.com\/wp-content\/uploads\/c8.jpg\"><img loading=\"lazy\" decoding=\"async\" width=\"150\" height=\"150\" data-id=\"5390\" src=\"https:\/\/www.ericadventures.com\/wp-content\/uploads\/c8-150x150.jpg\" alt=\"\" class=\"wp-image-5390\"\/><\/a><\/figure>\n\n\n\n<figure class=\"wp-block-image size-thumbnail\"><a href=\"https:\/\/www.ericadventures.com\/wp-content\/uploads\/c7-1.jpg\"><img loading=\"lazy\" decoding=\"async\" width=\"150\" height=\"150\" data-id=\"5396\" src=\"https:\/\/www.ericadventures.com\/wp-content\/uploads\/c7-1-150x150.jpg\" alt=\"\" class=\"wp-image-5396\"\/><\/a><\/figure>\n\n\n\n<figure class=\"wp-block-image size-thumbnail\"><a href=\"https:\/\/www.ericadventures.com\/wp-content\/uploads\/c6-1.jpg\"><img loading=\"lazy\" decoding=\"async\" width=\"150\" height=\"150\" data-id=\"5401\" src=\"https:\/\/www.ericadventures.com\/wp-content\/uploads\/c6-1-150x150.jpg\" alt=\"\" class=\"wp-image-5401\"\/><\/a><\/figure>\n\n\n\n<figure class=\"wp-block-image size-thumbnail\"><a href=\"https:\/\/www.ericadventures.com\/wp-content\/uploads\/c5-1.jpg\"><img loading=\"lazy\" decoding=\"async\" width=\"150\" height=\"150\" data-id=\"5406\" src=\"https:\/\/www.ericadventures.com\/wp-content\/uploads\/c5-1-150x150.jpg\" alt=\"\" class=\"wp-image-5406\"\/><\/a><\/figure>\n\n\n\n<figure class=\"wp-block-image size-thumbnail\"><a href=\"https:\/\/www.ericadventures.com\/wp-content\/uploads\/c4-1.jpg\"><img loading=\"lazy\" decoding=\"async\" width=\"150\" height=\"150\" data-id=\"5411\" src=\"https:\/\/www.ericadventures.com\/wp-content\/uploads\/c4-1-150x150.jpg\" alt=\"\" class=\"wp-image-5411\"\/><\/a><\/figure>\n\n\n\n<figure class=\"wp-block-image size-thumbnail\"><a href=\"https:\/\/www.ericadventures.com\/wp-content\/uploads\/c1-3.jpg\"><img loading=\"lazy\" decoding=\"async\" width=\"150\" height=\"150\" data-id=\"5416\" src=\"https:\/\/www.ericadventures.com\/wp-content\/uploads\/c1-3-150x150.jpg\" alt=\"\" class=\"wp-image-5416\"\/><\/a><\/figure>\n<\/figure>\n\n\n\n<h2 class=\"wp-block-heading\" id=\"h-formulaire-de-contact\"><strong>FORMULAIRE DE CONTACT<\/strong><\/h2>\n\n\n\n<div class=\"wp-block-contact-form-7-contact-form-selector\">\n<div class=\"wpcf7 no-js\" id=\"wpcf7-f6171-o1\" lang=\"es-ES\" dir=\"ltr\" data-wpcf7-id=\"6171\">\n<div class=\"screen-reader-response\"><p role=\"status\" aria-live=\"polite\" aria-atomic=\"true\"><\/p> <ul><\/ul><\/div>\n<form action=\"\/fr\/wp-json\/wp\/v2\/pages\/5431#wpcf7-f6171-o1\" method=\"post\" class=\"wpcf7-form init\" aria-label=\"Formulario de contacto\" novalidate=\"novalidate\" data-status=\"init\">\n<fieldset class=\"hidden-fields-container\"><input type=\"hidden\" name=\"_wpcf7\" value=\"6171\" \/><input type=\"hidden\" name=\"_wpcf7_version\" value=\"6.1.5\" \/><input type=\"hidden\" name=\"_wpcf7_locale\" value=\"es_ES\" \/><input type=\"hidden\" name=\"_wpcf7_unit_tag\" value=\"wpcf7-f6171-o1\" \/><input type=\"hidden\" name=\"_wpcf7_container_post\" value=\"0\" \/><input type=\"hidden\" name=\"_wpcf7_posted_data_hash\" value=\"\" \/>\n<\/fieldset>\n<div class=\"wpcf7-turnstile cf-turnstile\" data-sitekey=\"0x4AAAAAACZ2CLxkDaDac8NW\" data-response-field-name=\"_wpcf7_turnstile_response\"><\/div>\n\n<div class=\"formt\">\n    <span class=\"textform\"> Pour r\u00e9server ou plus d\u2019informations, veuillez remplir le formulaire client\/invit\u00e9 suivant\u00a0: <\/span>\n    <input class=\"wpcf7-form-control wpcf7-hidden\" value=\"https:\/\/www.ericadventures.com\/fr\/wp-json\/wp\/v2\/pages\/5431\" type=\"hidden\" name=\"Url_Tour\" \/>\n    <input class=\"wpcf7-form-control wpcf7-hidden\" value=\"fr\" type=\"hidden\" name=\"Idioma\" \/>\n    <input class=\"wpcf7-form-control wpcf7-hidden\" value=\"04\/05\/2026 03:44:18\" type=\"hidden\" name=\"Fecha_Hora\" \/>\n    <input class=\"wpcf7-form-control wpcf7-hidden\" value=\"216.73.216.166\" type=\"hidden\" name=\"Ip\" \/>\n    <input class=\"wpcf7-form-control wpcf7-hidden\" value=\"HD Tour De Rafting\" type=\"hidden\" name=\"Nombre_Tour\" \/>\n    <input class=\"wpcf7-form-control wpcf7-hidden\" value=\"1\" type=\"hidden\" name=\"enviar_excel\" \/>\n\n    <div class=\"g2\">\n        <div>\n            <label>Nom: <\/label>\n            <span class=\"wpcf7-form-control-wrap\" data-name=\"Nombre\"><input size=\"40\" maxlength=\"400\" class=\"wpcf7-form-control wpcf7-text wpcf7-validates-as-required\" aria-required=\"true\" aria-invalid=\"false\" value=\"\" type=\"text\" name=\"Nombre\" \/><\/span>\n        <\/div>\n        <div>\n            <label>E-mail: <\/label>\n            <span class=\"wpcf7-form-control-wrap\" data-name=\"Emails\"><input size=\"40\" maxlength=\"400\" class=\"wpcf7-form-control wpcf7-email wpcf7-validates-as-required wpcf7-text wpcf7-validates-as-email\" aria-required=\"true\" aria-invalid=\"false\" value=\"\" type=\"email\" name=\"Emails\" \/><\/span>\n        <\/div>\n    <\/div>\n    \n    <div class=\"g2\">\n        <div>\n            <label>Pays: <\/label>\n            <span class=\"wpcf7-form-control-wrap\" data-name=\"Pais\"><input size=\"40\" maxlength=\"400\" class=\"wpcf7-form-control wpcf7-text\" aria-invalid=\"false\" value=\"\" type=\"text\" name=\"Pais\" \/><\/span>\n        <\/div>\n        <div>\n            <label>T\u00e9l\u00e9phone - Whatsapp: <\/label>\n            <span class=\"wpcf7-form-control-wrap\" data-name=\"Whatsapp\"><input size=\"40\" class=\"wpcf7-form-control wpcf7-phonetext wpcf7-text wpcf7-validates-as-phonetext\" aria-invalid=\"false\" value=\"\" type=\"text\" name=\"Whatsapp\" \/><input type=\"hidden\" name=\"Whatsapp-country-code\" class=\"wpcf7-phonetext-country-code\" \/><\/span>\n        <\/div>\n    <\/div>\n    \n    <div class=\"g2\">\n        <div>\n            <label>Nombre d'adultes: <\/label>\n            <span class=\"wpcf7-form-control-wrap\" data-name=\"Adultos\"><select class=\"wpcf7-form-control wpcf7-select wpcf7-validates-as-required\" aria-required=\"true\" aria-invalid=\"false\" name=\"Adultos\"><option value=\"1\">1<\/option><option value=\"2\">2<\/option><option value=\"3\">3<\/option><option value=\"4\">4<\/option><option value=\"5\">5<\/option><option value=\"6\">6<\/option><option value=\"7\">7<\/option><option value=\"8\">8<\/option><option value=\"9\">9<\/option><option value=\"10\">10<\/option><option value=\"11\">11<\/option><option value=\"12 \u00e0 plus\">12 \u00e0 plus<\/option><\/select><\/span>\n        <\/div>\n        <div>\n            <label>Nombre d'enfants: <\/label>\n            <span class=\"wpcf7-form-control-wrap\" data-name=\"Ninos\"><select class=\"wpcf7-form-control wpcf7-select wpcf7-validates-as-required\" aria-required=\"true\" aria-invalid=\"false\" name=\"Ninos\"><option value=\"0\">0<\/option><option value=\"1\">1<\/option><option value=\"2\">2<\/option><option value=\"3\">3<\/option><option value=\"4\">4<\/option><option value=\"5\">5<\/option><option value=\"6\">6<\/option><option value=\"7\">7<\/option><option value=\"8\">8<\/option><option value=\"9\">9<\/option><option value=\"10\">10<\/option><option value=\"11\">11<\/option><option value=\"12 \u00e0 plus\">12 \u00e0 plus<\/option><\/select><\/span>\n        <\/div>\n    <\/div>\n    \n    <div class=\"g2\">\n        <div>\n            <label>Date de d\u00e9but de la tourn\u00e9e: <\/label>\n            <span class=\"wpcf7-form-control-wrap\" data-name=\"Inicio\"><input class=\"wpcf7-form-control wpcf7-date wpcf7-validates-as-required wpcf7-validates-as-date\" id=\"inicio\" min=\"2026-05-04\" aria-required=\"true\" aria-invalid=\"false\" value=\"\" type=\"date\" name=\"Inicio\" \/><\/span>\n        <\/div>\n        <div>\n            <label>Date de fin de la tourn\u00e9e: <\/label>\n            <span class=\"wpcf7-form-control-wrap\" data-name=\"Final\"><input class=\"wpcf7-form-control wpcf7-date wpcf7-validates-as-required wpcf7-validates-as-date\" id=\"final\" min=\"2026-05-04\" aria-required=\"true\" aria-invalid=\"false\" value=\"\" type=\"date\" name=\"Final\" \/><\/span>\n        <\/div>\n    <\/div>\n    \n    <div>\n        <label>Commentaires ou questions: <\/label>\n        <span class=\"wpcf7-form-control-wrap\" data-name=\"Mensaje\"><textarea cols=\"40\" rows=\"10\" maxlength=\"2000\" class=\"wpcf7-form-control wpcf7-textarea wpcf7-validates-as-required\" aria-required=\"true\" aria-invalid=\"false\" placeholder=\"Veuillez pr\u00e9ciser le type de SERVICE\/VISITE que vous souhaitez effectuer\" name=\"Mensaje\"><\/textarea><\/span>\n    <\/div>\n    \n    <input class=\"wpcf7-form-control wpcf7-submit has-spinner btnsend\" type=\"submit\" value=\"ENVOYER MESSAGE\" \/>\n<\/div><div class=\"wpcf7-response-output\" aria-hidden=\"true\"><\/div>\n<\/form>\n<\/div>\n<\/div>\n","protected":false},"excerpt":{"rendered":"<p>Au sud du territoire p\u00e9ruvien, entre les volcans Misti et Chachani \u00e0 Arequipa, se trouve la rivi\u00e8re Chili. La rivi\u00e8re [&hellip;]<\/p>\n","protected":false},"author":1,"featured_media":21284,"parent":217,"menu_order":0,"comment_status":"closed","ping_status":"closed","template":"page-tour.php","meta":{"_acf_changed":false,"advgb_blocks_editor_width":"","advgb_blocks_columns_visual_guide":"","footnotes":""},"class_list":["post-5431","page","type-page","status-publish","has-post-thumbnail","hentry"],"acf":[],"yoast_head":"<!-- This site is optimized with the Yoast SEO Premium plugin v25.4 (Yoast SEO v26.9) - https:\/\/yoast.com\/product\/yoast-seo-premium-wordpress\/ -->\n<title>HD P\u00e9rou Arequipa Rafting River Chilli<\/title>\n<meta name=\"description\" content=\"Dans le sud du P\u00e9rou, la rivi\u00e8re Chili est parfaite pour le rafting, avec des rapides de classe II \u00e0 IV adapt\u00e9s \u00e0 tous.\" \/>\n<meta name=\"robots\" content=\"index, follow, max-snippet:-1, max-image-preview:large, max-video-preview:-1\" \/>\n<link rel=\"canonical\" href=\"https:\/\/www.ericadventures.com\/fr\/arequipa\/rafting-riviere-chili-arequipa\/\" \/>\n<meta property=\"og:locale\" content=\"fr_FR\" \/>\n<meta property=\"og:type\" content=\"article\" \/>\n<meta property=\"og:title\" content=\"HD Tour De Rafting\" \/>\n<meta property=\"og:description\" content=\"Dans le sud du P\u00e9rou, la rivi\u00e8re Chili est parfaite pour le rafting, avec des rapides de classe II \u00e0 IV adapt\u00e9s \u00e0 tous.\" \/>\n<meta property=\"og:url\" content=\"https:\/\/www.ericadventures.com\/fr\/arequipa\/rafting-riviere-chili-arequipa\/\" \/>\n<meta property=\"og:site_name\" content=\"Eric Adventures\" \/>\n<meta property=\"article:modified_time\" content=\"2025-10-27T15:32:02+00:00\" \/>\n<meta property=\"og:image\" content=\"https:\/\/www.ericadventures.com\/wp-content\/uploads\/6318.jpeg\" \/>\n\t<meta property=\"og:image:width\" content=\"600\" \/>\n\t<meta property=\"og:image:height\" content=\"450\" \/>\n\t<meta property=\"og:image:type\" content=\"image\/jpeg\" \/>\n<meta name=\"twitter:card\" content=\"summary_large_image\" \/>\n<meta name=\"twitter:label1\" content=\"Dur\u00e9e de lecture estim\u00e9e\" \/>\n\t<meta name=\"twitter:data1\" content=\"4 minutes\" \/>\n<script type=\"application\/ld+json\" class=\"yoast-schema-graph\">{\"@context\":\"https:\/\/schema.org\",\"@graph\":[{\"@type\":\"WebPage\",\"@id\":\"https:\/\/www.ericadventures.com\/fr\/arequipa\/rafting-riviere-chili-arequipa\/\",\"url\":\"https:\/\/www.ericadventures.com\/fr\/arequipa\/rafting-riviere-chili-arequipa\/\",\"name\":\"HD P\u00e9rou Arequipa Rafting River Chilli\",\"isPartOf\":{\"@id\":\"https:\/\/www.ericadventures.com\/en\/#website\"},\"primaryImageOfPage\":{\"@id\":\"https:\/\/www.ericadventures.com\/fr\/arequipa\/rafting-riviere-chili-arequipa\/#primaryimage\"},\"image\":{\"@id\":\"https:\/\/www.ericadventures.com\/fr\/arequipa\/rafting-riviere-chili-arequipa\/#primaryimage\"},\"thumbnailUrl\":\"https:\/\/www.ericadventures.com\/wp-content\/uploads\/6318.jpeg\",\"datePublished\":\"2023-12-04T14:49:30+00:00\",\"dateModified\":\"2025-10-27T15:32:02+00:00\",\"description\":\"Dans le sud du P\u00e9rou, la rivi\u00e8re Chili est parfaite pour le rafting, avec des rapides de classe II \u00e0 IV adapt\u00e9s \u00e0 tous.\",\"breadcrumb\":{\"@id\":\"https:\/\/www.ericadventures.com\/fr\/arequipa\/rafting-riviere-chili-arequipa\/#breadcrumb\"},\"inLanguage\":\"fr-FR\",\"potentialAction\":[{\"@type\":\"ReadAction\",\"target\":[\"https:\/\/www.ericadventures.com\/fr\/arequipa\/rafting-riviere-chili-arequipa\/\"]}]},{\"@type\":\"ImageObject\",\"inLanguage\":\"fr-FR\",\"@id\":\"https:\/\/www.ericadventures.com\/fr\/arequipa\/rafting-riviere-chili-arequipa\/#primaryimage\",\"url\":\"https:\/\/www.ericadventures.com\/wp-content\/uploads\/6318.jpeg\",\"contentUrl\":\"https:\/\/www.ericadventures.com\/wp-content\/uploads\/6318.jpeg\",\"width\":600,\"height\":450,\"caption\":\"Rafting En El R\u00edo Chili Arequipa\"},{\"@type\":\"BreadcrumbList\",\"@id\":\"https:\/\/www.ericadventures.com\/fr\/arequipa\/rafting-riviere-chili-arequipa\/#breadcrumb\",\"itemListElement\":[{\"@type\":\"ListItem\",\"position\":1,\"name\":\"Home\",\"item\":\"https:\/\/www.ericadventures.com\/fr\/\"},{\"@type\":\"ListItem\",\"position\":2,\"name\":\"Visites \u00e0 Arequipa\",\"item\":\"https:\/\/www.ericadventures.com\/fr\/arequipa\/\"},{\"@type\":\"ListItem\",\"position\":3,\"name\":\"HD Tour De Rafting\"}]},{\"@type\":\"WebSite\",\"@id\":\"https:\/\/www.ericadventures.com\/en\/#website\",\"url\":\"https:\/\/www.ericadventures.com\/en\/\",\"name\":\"Eric Adventures\",\"description\":\"\",\"publisher\":{\"@id\":\"https:\/\/www.ericadventures.com\/en\/#organization\"},\"alternateName\":\"Eric Adventures\",\"potentialAction\":[{\"@type\":\"SearchAction\",\"target\":{\"@type\":\"EntryPoint\",\"urlTemplate\":\"https:\/\/www.ericadventures.com\/en\/?s={search_term_string}\"},\"query-input\":{\"@type\":\"PropertyValueSpecification\",\"valueRequired\":true,\"valueName\":\"search_term_string\"}}],\"inLanguage\":\"fr-FR\"},{\"@type\":\"Organization\",\"@id\":\"https:\/\/www.ericadventures.com\/en\/#organization\",\"name\":\"Eric Adventures\",\"url\":\"https:\/\/www.ericadventures.com\/en\/\",\"logo\":{\"@type\":\"ImageObject\",\"inLanguage\":\"fr-FR\",\"@id\":\"https:\/\/www.ericadventures.com\/en\/#\/schema\/logo\/image\/\",\"url\":\"https:\/\/www.ericadventures.com\/wp-content\/uploads\/logo-ericadventures.png\",\"contentUrl\":\"https:\/\/www.ericadventures.com\/wp-content\/uploads\/logo-ericadventures.png\",\"width\":500,\"height\":106,\"caption\":\"Eric Adventures\"},\"image\":{\"@id\":\"https:\/\/www.ericadventures.com\/en\/#\/schema\/logo\/image\/\"}}]}<\/script>\n<!-- \/ Yoast SEO Premium plugin. -->","yoast_head_json":{"title":"HD P\u00e9rou Arequipa Rafting River Chilli","description":"Dans le sud du P\u00e9rou, la rivi\u00e8re Chili est parfaite pour le rafting, avec des rapides de classe II \u00e0 IV adapt\u00e9s \u00e0 tous.","robots":{"index":"index","follow":"follow","max-snippet":"max-snippet:-1","max-image-preview":"max-image-preview:large","max-video-preview":"max-video-preview:-1"},"canonical":"https:\/\/www.ericadventures.com\/fr\/arequipa\/rafting-riviere-chili-arequipa\/","og_locale":"fr_FR","og_type":"article","og_title":"HD Tour De Rafting","og_description":"Dans le sud du P\u00e9rou, la rivi\u00e8re Chili est parfaite pour le rafting, avec des rapides de classe II \u00e0 IV adapt\u00e9s \u00e0 tous.","og_url":"https:\/\/www.ericadventures.com\/fr\/arequipa\/rafting-riviere-chili-arequipa\/","og_site_name":"Eric Adventures","article_modified_time":"2025-10-27T15:32:02+00:00","og_image":[{"width":600,"height":450,"url":"https:\/\/www.ericadventures.com\/wp-content\/uploads\/6318.jpeg","type":"image\/jpeg"}],"twitter_card":"summary_large_image","twitter_misc":{"Dur\u00e9e de lecture estim\u00e9e":"4 minutes"},"schema":{"@context":"https:\/\/schema.org","@graph":[{"@type":"WebPage","@id":"https:\/\/www.ericadventures.com\/fr\/arequipa\/rafting-riviere-chili-arequipa\/","url":"https:\/\/www.ericadventures.com\/fr\/arequipa\/rafting-riviere-chili-arequipa\/","name":"HD P\u00e9rou Arequipa Rafting River Chilli","isPartOf":{"@id":"https:\/\/www.ericadventures.com\/en\/#website"},"primaryImageOfPage":{"@id":"https:\/\/www.ericadventures.com\/fr\/arequipa\/rafting-riviere-chili-arequipa\/#primaryimage"},"image":{"@id":"https:\/\/www.ericadventures.com\/fr\/arequipa\/rafting-riviere-chili-arequipa\/#primaryimage"},"thumbnailUrl":"https:\/\/www.ericadventures.com\/wp-content\/uploads\/6318.jpeg","datePublished":"2023-12-04T14:49:30+00:00","dateModified":"2025-10-27T15:32:02+00:00","description":"Dans le sud du P\u00e9rou, la rivi\u00e8re Chili est parfaite pour le rafting, avec des rapides de classe II \u00e0 IV adapt\u00e9s \u00e0 tous.","breadcrumb":{"@id":"https:\/\/www.ericadventures.com\/fr\/arequipa\/rafting-riviere-chili-arequipa\/#breadcrumb"},"inLanguage":"fr-FR","potentialAction":[{"@type":"ReadAction","target":["https:\/\/www.ericadventures.com\/fr\/arequipa\/rafting-riviere-chili-arequipa\/"]}]},{"@type":"ImageObject","inLanguage":"fr-FR","@id":"https:\/\/www.ericadventures.com\/fr\/arequipa\/rafting-riviere-chili-arequipa\/#primaryimage","url":"https:\/\/www.ericadventures.com\/wp-content\/uploads\/6318.jpeg","contentUrl":"https:\/\/www.ericadventures.com\/wp-content\/uploads\/6318.jpeg","width":600,"height":450,"caption":"Rafting En El R\u00edo Chili Arequipa"},{"@type":"BreadcrumbList","@id":"https:\/\/www.ericadventures.com\/fr\/arequipa\/rafting-riviere-chili-arequipa\/#breadcrumb","itemListElement":[{"@type":"ListItem","position":1,"name":"Home","item":"https:\/\/www.ericadventures.com\/fr\/"},{"@type":"ListItem","position":2,"name":"Visites \u00e0 Arequipa","item":"https:\/\/www.ericadventures.com\/fr\/arequipa\/"},{"@type":"ListItem","position":3,"name":"HD Tour De Rafting"}]},{"@type":"WebSite","@id":"https:\/\/www.ericadventures.com\/en\/#website","url":"https:\/\/www.ericadventures.com\/en\/","name":"Eric Adventures","description":"","publisher":{"@id":"https:\/\/www.ericadventures.com\/en\/#organization"},"alternateName":"Eric Adventures","potentialAction":[{"@type":"SearchAction","target":{"@type":"EntryPoint","urlTemplate":"https:\/\/www.ericadventures.com\/en\/?s={search_term_string}"},"query-input":{"@type":"PropertyValueSpecification","valueRequired":true,"valueName":"search_term_string"}}],"inLanguage":"fr-FR"},{"@type":"Organization","@id":"https:\/\/www.ericadventures.com\/en\/#organization","name":"Eric Adventures","url":"https:\/\/www.ericadventures.com\/en\/","logo":{"@type":"ImageObject","inLanguage":"fr-FR","@id":"https:\/\/www.ericadventures.com\/en\/#\/schema\/logo\/image\/","url":"https:\/\/www.ericadventures.com\/wp-content\/uploads\/logo-ericadventures.png","contentUrl":"https:\/\/www.ericadventures.com\/wp-content\/uploads\/logo-ericadventures.png","width":500,"height":106,"caption":"Eric Adventures"},"image":{"@id":"https:\/\/www.ericadventures.com\/en\/#\/schema\/logo\/image\/"}}]}},"coauthors":[],"author_meta":{"author_link":"https:\/\/www.ericadventures.com\/fr\/author\/ericadmin\/","display_name":"Eric"},"relative_dates":{"created":"Publi\u00e9 2 ans il y a","modified":"Mis \u00e0 jour 6 mois il y a"},"absolute_dates":{"created":"Publi\u00e9 le d\u00e9cembre 4, 2023","modified":"Mise \u00e0 jour le octobre 27, 2025"},"absolute_dates_time":{"created":"Publi\u00e9 le d\u00e9cembre 4, 2023 9:49 am","modified":"Mise \u00e0 jour le octobre 27, 2025 10:32 am"},"featured_img_caption":"","featured_img":"https:\/\/www.ericadventures.com\/wp-content\/uploads\/6318.jpeg","series_order":"","_links":{"self":[{"href":"https:\/\/www.ericadventures.com\/fr\/wp-json\/wp\/v2\/pages\/5431","targetHints":{"allow":["GET"]}}],"collection":[{"href":"https:\/\/www.ericadventures.com\/fr\/wp-json\/wp\/v2\/pages"}],"about":[{"href":"https:\/\/www.ericadventures.com\/fr\/wp-json\/wp\/v2\/types\/page"}],"author":[{"embeddable":true,"href":"https:\/\/www.ericadventures.com\/fr\/wp-json\/wp\/v2\/users\/1"}],"replies":[{"embeddable":true,"href":"https:\/\/www.ericadventures.com\/fr\/wp-json\/wp\/v2\/comments?post=5431"}],"version-history":[{"count":9,"href":"https:\/\/www.ericadventures.com\/fr\/wp-json\/wp\/v2\/pages\/5431\/revisions"}],"predecessor-version":[{"id":42123,"href":"https:\/\/www.ericadventures.com\/fr\/wp-json\/wp\/v2\/pages\/5431\/revisions\/42123"}],"up":[{"embeddable":true,"href":"https:\/\/www.ericadventures.com\/fr\/wp-json\/wp\/v2\/pages\/217"}],"wp:featuredmedia":[{"embeddable":true,"href":"https:\/\/www.ericadventures.com\/fr\/wp-json\/wp\/v2\/media\/21284"}],"wp:attachment":[{"href":"https:\/\/www.ericadventures.com\/fr\/wp-json\/wp\/v2\/media?parent=5431"}],"curies":[{"name":"wp","href":"https:\/\/api.w.org\/{rel}","templated":true}]}}