{"id":6692,"date":"2023-12-22T10:52:29","date_gmt":"2023-12-22T15:52:29","guid":{"rendered":"https:\/\/www.ericadventures.com\/lima\/lima-pachacamac\/"},"modified":"2025-10-25T12:15:24","modified_gmt":"2025-10-25T17:15:24","slug":"lima-pachacamac","status":"publish","type":"page","link":"https:\/\/www.ericadventures.com\/fr\/lima\/lima-pachacamac\/","title":{"rendered":"HD Pachac\u00e1mac"},"content":{"rendered":"<div class=\"wp-block-image\">\n<figure class=\"alignleft size-full is-resized\"><img loading=\"lazy\" decoding=\"async\" width=\"904\" height=\"462\" src=\"https:\/\/www.ericadventures.com\/wp-content\/uploads\/Pachacamac.jpg\" alt=\"\" class=\"wp-image-6685\" style=\"aspect-ratio:1.7777777777777777;object-fit:cover;width:413px;height:auto\" srcset=\"https:\/\/www.ericadventures.com\/wp-content\/uploads\/Pachacamac.jpg 904w, https:\/\/www.ericadventures.com\/wp-content\/uploads\/Pachacamac-300x153.jpg 300w, https:\/\/www.ericadventures.com\/wp-content\/uploads\/Pachacamac-768x392.jpg 768w\" sizes=\"auto, (max-width: 904px) 100vw, 904px\" \/><\/figure>\n<\/div>\n\n\n<p>Un important complexe arch\u00e9ologique situ\u00e9 \u00e0 seulement 20 km. de la ville de&nbsp;<a href=\"https:\/\/www.ericadventures.com\/francais\/lima\/parapente-lima-miraflores.html\" target=\"_blank\" rel=\"noreferrer noopener\">Lima<\/a>.<br>Notre expert d\u2019arch\u00e9ologie vous illustrera l&rsquo;importance et l&rsquo;histoire de ce complexe en visitant le&nbsp;<strong>Mus\u00e9e du Site<\/strong>, qui contient les trouvailles rencontr\u00e9es dans ce centre c\u00e9r\u00e9moniel.<br>Visiterez ses temples et ses pyramides au cours de ce tour guid\u00e9, tel que le&nbsp;<strong>Temple peint<\/strong>, le Temple du Soleil et le Temple des Femmes (Acllahuasi).<br><strong>Pachac\u00e1mac<\/strong>&nbsp;a \u00e9t\u00e9 un des sites sacr\u00e9 les plus importants dans l&rsquo;Am\u00e9rique pr\u00e9hispanique. Il appartint \u00e0 quatre grandes civilisations: la&nbsp;<a href=\"https:\/\/www.ericadventures.com\/francais\/lima\/parapente-lima-miraflores.html\" target=\"_blank\" rel=\"noreferrer noopener\">Lima<\/a>, dans le premier interm\u00e9diaire, la Wari dans l&rsquo;horizon moyen; l&rsquo;Ishma, dans l\u2019interm\u00e9diaire tardive et \u00e0 l&rsquo;Empire inca, dans l&rsquo;horizon tiers.<br>Dans toutes ces civilisations, on y adorait le redoutable&nbsp;<strong>Pachac\u00e1mac<\/strong>, le dieu des tremblements de terre.<br>Guide bilingue. Vue panoramique sur le District Barranco, retour \u00e0 travers du circuit des plages, o\u00f9 nous appr\u00e9cierons les plages du&nbsp;<a href=\"https:\/\/www.ericadventures.com\/francais\/lima\/parapente-lima-miraflores.html\" target=\"_blank\" rel=\"noreferrer noopener\">District Miraflores<\/a>.<\/p>\n\n\n\n<h2 class=\"wp-block-heading\" id=\"h-itineraire\"><strong>ITIN\u00c9RAIRE<\/strong><\/h2>\n\n\n\n<p>D\u00e9parts: du mardi au dimanche \u00e0 9h30 et 14h15.<\/p>\n\n\n\n<p>Dur\u00e9e: Trois heures<\/p>\n\n\n\n<h2 class=\"wp-block-heading\" id=\"h-incluse\">Incluse<\/h2>\n\n\n\n<ul class=\"wp-block-list\">\n<li>r\u00e9cup\u00e9ration des participants dans les h\u00f4tels du District Miraflores<\/li>\n\n\n\n<li>guide en Anglais ou en Espagnol<\/li>\n\n\n\n<li>billets d&rsquo;entr\u00e9e<\/li>\n\n\n\n<li>retour \u00e0 l&rsquo;h\u00f4tel.<\/li>\n<\/ul>\n\n\n\n<h2 class=\"wp-block-heading\" id=\"h-tarifs-par-personne-en-dollars-americains\">TARIFS (PAR PERSONNE EN DOLLARS AM\u00c9RICAINS)<\/h2>\n\n\n\n<p><strong>SERVICE PARTAG\u00c9<\/strong><\/p>\n\n\n\n<ul class=\"wp-block-list\">\n<li>Prix par personne\u00a0: US$ 65 (minimum 4 personnes)<\/li>\n<\/ul>\n\n\n\n<p>*Tarifs de r\u00e9f\u00e9rence sous r\u00e9serve de disponibilit\u00e9 et de saison.<\/p>\n\n\n\n<h3 class=\"wp-block-heading\" id=\"h-la-carte\"><strong>LA CARTE<\/strong><\/h3>\n\n\n\n<figure class=\"wp-block-gallery has-nested-images columns-default wp-block-gallery-1 is-layout-flex wp-block-gallery-is-layout-flex\">\n<figure class=\"wp-block-image size-thumbnail is-style-default\"><a href=\"https:\/\/www.ericadventures.com\/wp-content\/uploads\/Mapa-pachacamac-lima-peru-en.jpg\"><img loading=\"lazy\" decoding=\"async\" width=\"150\" height=\"150\" data-id=\"6645\" src=\"https:\/\/www.ericadventures.com\/wp-content\/uploads\/Mapa-pachacamac-lima-peru-en-150x150.jpg\" alt=\"\" class=\"wp-image-6645\"\/><\/a><\/figure>\n<\/figure>\n\n\n\n<h3 class=\"wp-block-heading\" id=\"h-photos\"><strong>PHOTOS<\/strong><\/h3>\n\n\n\n<figure class=\"wp-block-gallery has-nested-images columns-8 is-cropped wp-block-gallery-2 is-layout-flex wp-block-gallery-is-layout-flex\">\n<figure class=\"wp-block-image size-large\"><img loading=\"lazy\" decoding=\"async\" width=\"480\" height=\"338\" data-id=\"403\" src=\"https:\/\/www.ericadventures.com\/wp-content\/uploads\/peru-lima-historical-buildings-tour.jpg\" alt=\"\" class=\"wp-image-403\" srcset=\"https:\/\/www.ericadventures.com\/wp-content\/uploads\/peru-lima-historical-buildings-tour.jpg 480w, https:\/\/www.ericadventures.com\/wp-content\/uploads\/peru-lima-historical-buildings-tour-300x211.jpg 300w\" sizes=\"auto, (max-width: 480px) 100vw, 480px\" \/><\/figure>\n\n\n\n<figure class=\"wp-block-image size-large\"><img loading=\"lazy\" decoding=\"async\" width=\"515\" height=\"386\" data-id=\"6650\" src=\"https:\/\/www.ericadventures.com\/wp-content\/uploads\/cabalo-de-paso.jpg\" alt=\"\" class=\"wp-image-6650\" srcset=\"https:\/\/www.ericadventures.com\/wp-content\/uploads\/cabalo-de-paso.jpg 515w, https:\/\/www.ericadventures.com\/wp-content\/uploads\/cabalo-de-paso-300x225.jpg 300w\" sizes=\"auto, (max-width: 515px) 100vw, 515px\" \/><\/figure>\n\n\n\n<figure class=\"wp-block-image size-large\"><img loading=\"lazy\" decoding=\"async\" width=\"480\" height=\"360\" data-id=\"6655\" src=\"https:\/\/www.ericadventures.com\/wp-content\/uploads\/Lima-Pachacamac.jpg\" alt=\"\" class=\"wp-image-6655\" srcset=\"https:\/\/www.ericadventures.com\/wp-content\/uploads\/Lima-Pachacamac.jpg 480w, https:\/\/www.ericadventures.com\/wp-content\/uploads\/Lima-Pachacamac-300x225.jpg 300w\" sizes=\"auto, (max-width: 480px) 100vw, 480px\" \/><\/figure>\n\n\n\n<figure class=\"wp-block-image size-large\"><img loading=\"lazy\" decoding=\"async\" width=\"480\" height=\"360\" data-id=\"6660\" src=\"https:\/\/www.ericadventures.com\/wp-content\/uploads\/Lima-Pachacamac_Tours.jpg\" alt=\"\" class=\"wp-image-6660\" srcset=\"https:\/\/www.ericadventures.com\/wp-content\/uploads\/Lima-Pachacamac_Tours.jpg 480w, https:\/\/www.ericadventures.com\/wp-content\/uploads\/Lima-Pachacamac_Tours-300x225.jpg 300w\" sizes=\"auto, (max-width: 480px) 100vw, 480px\" \/><\/figure>\n\n\n\n<figure class=\"wp-block-image size-large\"><img loading=\"lazy\" decoding=\"async\" width=\"517\" height=\"385\" data-id=\"6670\" src=\"https:\/\/www.ericadventures.com\/wp-content\/uploads\/muni.jpg\" alt=\"\" class=\"wp-image-6670\" srcset=\"https:\/\/www.ericadventures.com\/wp-content\/uploads\/muni.jpg 517w, https:\/\/www.ericadventures.com\/wp-content\/uploads\/muni-300x223.jpg 300w\" sizes=\"auto, (max-width: 517px) 100vw, 517px\" \/><\/figure>\n\n\n\n<figure class=\"wp-block-image size-large\"><img loading=\"lazy\" decoding=\"async\" width=\"790\" height=\"371\" data-id=\"6675\" src=\"https:\/\/www.ericadventures.com\/wp-content\/uploads\/Pacha.jpg\" alt=\"\" class=\"wp-image-6675\" srcset=\"https:\/\/www.ericadventures.com\/wp-content\/uploads\/Pacha.jpg 790w, https:\/\/www.ericadventures.com\/wp-content\/uploads\/Pacha-300x141.jpg 300w, https:\/\/www.ericadventures.com\/wp-content\/uploads\/Pacha-768x361.jpg 768w\" sizes=\"auto, (max-width: 790px) 100vw, 790px\" \/><\/figure>\n\n\n\n<figure class=\"wp-block-image size-large\"><img loading=\"lazy\" decoding=\"async\" width=\"782\" height=\"365\" data-id=\"6680\" src=\"https:\/\/www.ericadventures.com\/wp-content\/uploads\/Pachaca.jpg\" alt=\"\" class=\"wp-image-6680\" srcset=\"https:\/\/www.ericadventures.com\/wp-content\/uploads\/Pachaca.jpg 782w, https:\/\/www.ericadventures.com\/wp-content\/uploads\/Pachaca-300x140.jpg 300w, https:\/\/www.ericadventures.com\/wp-content\/uploads\/Pachaca-768x358.jpg 768w\" sizes=\"auto, (max-width: 782px) 100vw, 782px\" \/><\/figure>\n\n\n\n<figure class=\"wp-block-image size-large\"><img loading=\"lazy\" decoding=\"async\" width=\"904\" height=\"462\" data-id=\"6685\" src=\"https:\/\/www.ericadventures.com\/wp-content\/uploads\/Pachacamac.jpg\" alt=\"\" class=\"wp-image-6685\" srcset=\"https:\/\/www.ericadventures.com\/wp-content\/uploads\/Pachacamac.jpg 904w, https:\/\/www.ericadventures.com\/wp-content\/uploads\/Pachacamac-300x153.jpg 300w, https:\/\/www.ericadventures.com\/wp-content\/uploads\/Pachacamac-768x392.jpg 768w\" sizes=\"auto, (max-width: 904px) 100vw, 904px\" \/><\/figure>\n<\/figure>\n\n\n\n<h2 class=\"wp-block-heading\" id=\"h-formulaire-de-contact\"><strong>FORMULAIRE DE CONTACT<\/strong><\/h2>\n\n\n\n<div class=\"wp-block-contact-form-7-contact-form-selector\">\n<div class=\"wpcf7 no-js\" id=\"wpcf7-f6171-o1\" lang=\"es-ES\" dir=\"ltr\" data-wpcf7-id=\"6171\">\n<div class=\"screen-reader-response\"><p role=\"status\" aria-live=\"polite\" aria-atomic=\"true\"><\/p> <ul><\/ul><\/div>\n<form action=\"\/fr\/wp-json\/wp\/v2\/pages\/6692#wpcf7-f6171-o1\" method=\"post\" class=\"wpcf7-form init\" aria-label=\"Formulario de contacto\" novalidate=\"novalidate\" data-status=\"init\">\n<fieldset class=\"hidden-fields-container\"><input type=\"hidden\" name=\"_wpcf7\" value=\"6171\" \/><input type=\"hidden\" name=\"_wpcf7_version\" value=\"6.1.5\" \/><input type=\"hidden\" name=\"_wpcf7_locale\" value=\"es_ES\" \/><input type=\"hidden\" name=\"_wpcf7_unit_tag\" value=\"wpcf7-f6171-o1\" \/><input type=\"hidden\" name=\"_wpcf7_container_post\" value=\"0\" \/><input type=\"hidden\" name=\"_wpcf7_posted_data_hash\" value=\"\" \/>\n<\/fieldset>\n<div class=\"wpcf7-turnstile cf-turnstile\" data-sitekey=\"0x4AAAAAACZ2CLxkDaDac8NW\" data-response-field-name=\"_wpcf7_turnstile_response\"><\/div>\n\n<div class=\"formt\">\n    <span class=\"textform\"> Pour r\u00e9server ou plus d\u2019informations, veuillez remplir le formulaire client\/invit\u00e9 suivant\u00a0: <\/span>\n    <input class=\"wpcf7-form-control wpcf7-hidden\" value=\"https:\/\/www.ericadventures.com\/fr\/wp-json\/wp\/v2\/pages\/6692\" type=\"hidden\" name=\"Url_Tour\" \/>\n    <input class=\"wpcf7-form-control wpcf7-hidden\" value=\"fr\" type=\"hidden\" name=\"Idioma\" \/>\n    <input class=\"wpcf7-form-control wpcf7-hidden\" value=\"29\/04\/2026 16:36:07\" type=\"hidden\" name=\"Fecha_Hora\" \/>\n    <input class=\"wpcf7-form-control wpcf7-hidden\" value=\"216.73.216.6\" type=\"hidden\" name=\"Ip\" \/>\n    <input class=\"wpcf7-form-control wpcf7-hidden\" value=\"HD Pachac\u00e1mac\" type=\"hidden\" name=\"Nombre_Tour\" \/>\n    <input class=\"wpcf7-form-control wpcf7-hidden\" value=\"1\" type=\"hidden\" name=\"enviar_excel\" \/>\n\n    <div class=\"g2\">\n        <div>\n            <label>Nom: <\/label>\n            <span class=\"wpcf7-form-control-wrap\" data-name=\"Nombre\"><input size=\"40\" maxlength=\"400\" class=\"wpcf7-form-control wpcf7-text wpcf7-validates-as-required\" aria-required=\"true\" aria-invalid=\"false\" value=\"\" type=\"text\" name=\"Nombre\" \/><\/span>\n        <\/div>\n        <div>\n            <label>E-mail: <\/label>\n            <span class=\"wpcf7-form-control-wrap\" data-name=\"Emails\"><input size=\"40\" maxlength=\"400\" class=\"wpcf7-form-control wpcf7-email wpcf7-validates-as-required wpcf7-text wpcf7-validates-as-email\" aria-required=\"true\" aria-invalid=\"false\" value=\"\" type=\"email\" name=\"Emails\" \/><\/span>\n        <\/div>\n    <\/div>\n    \n    <div class=\"g2\">\n        <div>\n            <label>Pays: <\/label>\n            <span class=\"wpcf7-form-control-wrap\" data-name=\"Pais\"><input size=\"40\" maxlength=\"400\" class=\"wpcf7-form-control wpcf7-text\" aria-invalid=\"false\" value=\"\" type=\"text\" name=\"Pais\" \/><\/span>\n        <\/div>\n        <div>\n            <label>T\u00e9l\u00e9phone - Whatsapp: <\/label>\n            <span class=\"wpcf7-form-control-wrap\" data-name=\"Whatsapp\"><input size=\"40\" class=\"wpcf7-form-control wpcf7-phonetext wpcf7-text wpcf7-validates-as-phonetext\" aria-invalid=\"false\" value=\"\" type=\"text\" name=\"Whatsapp\" \/><input type=\"hidden\" name=\"Whatsapp-country-code\" class=\"wpcf7-phonetext-country-code\" \/><\/span>\n        <\/div>\n    <\/div>\n    \n    <div class=\"g2\">\n        <div>\n            <label>Nombre d'adultes: <\/label>\n            <span class=\"wpcf7-form-control-wrap\" data-name=\"Adultos\"><select class=\"wpcf7-form-control wpcf7-select wpcf7-validates-as-required\" aria-required=\"true\" aria-invalid=\"false\" name=\"Adultos\"><option value=\"1\">1<\/option><option value=\"2\">2<\/option><option value=\"3\">3<\/option><option value=\"4\">4<\/option><option value=\"5\">5<\/option><option value=\"6\">6<\/option><option value=\"7\">7<\/option><option value=\"8\">8<\/option><option value=\"9\">9<\/option><option value=\"10\">10<\/option><option value=\"11\">11<\/option><option value=\"12 \u00e0 plus\">12 \u00e0 plus<\/option><\/select><\/span>\n        <\/div>\n        <div>\n            <label>Nombre d'enfants: <\/label>\n            <span class=\"wpcf7-form-control-wrap\" data-name=\"Ninos\"><select class=\"wpcf7-form-control wpcf7-select wpcf7-validates-as-required\" aria-required=\"true\" aria-invalid=\"false\" name=\"Ninos\"><option value=\"0\">0<\/option><option value=\"1\">1<\/option><option value=\"2\">2<\/option><option value=\"3\">3<\/option><option value=\"4\">4<\/option><option value=\"5\">5<\/option><option value=\"6\">6<\/option><option value=\"7\">7<\/option><option value=\"8\">8<\/option><option value=\"9\">9<\/option><option value=\"10\">10<\/option><option value=\"11\">11<\/option><option value=\"12 \u00e0 plus\">12 \u00e0 plus<\/option><\/select><\/span>\n        <\/div>\n    <\/div>\n    \n    <div class=\"g2\">\n        <div>\n            <label>Date de d\u00e9but de la tourn\u00e9e: <\/label>\n            <span class=\"wpcf7-form-control-wrap\" data-name=\"Inicio\"><input class=\"wpcf7-form-control wpcf7-date wpcf7-validates-as-required wpcf7-validates-as-date\" id=\"inicio\" min=\"2026-04-29\" aria-required=\"true\" aria-invalid=\"false\" value=\"\" type=\"date\" name=\"Inicio\" \/><\/span>\n        <\/div>\n        <div>\n            <label>Date de fin de la tourn\u00e9e: <\/label>\n            <span class=\"wpcf7-form-control-wrap\" data-name=\"Final\"><input class=\"wpcf7-form-control wpcf7-date wpcf7-validates-as-required wpcf7-validates-as-date\" id=\"final\" min=\"2026-04-29\" aria-required=\"true\" aria-invalid=\"false\" value=\"\" type=\"date\" name=\"Final\" \/><\/span>\n        <\/div>\n    <\/div>\n    \n    <div>\n        <label>Commentaires ou questions: <\/label>\n        <span class=\"wpcf7-form-control-wrap\" data-name=\"Mensaje\"><textarea cols=\"40\" rows=\"10\" maxlength=\"2000\" class=\"wpcf7-form-control wpcf7-textarea wpcf7-validates-as-required\" aria-required=\"true\" aria-invalid=\"false\" placeholder=\"Veuillez pr\u00e9ciser le type de SERVICE\/VISITE que vous souhaitez effectuer\" name=\"Mensaje\"><\/textarea><\/span>\n    <\/div>\n    \n    <input class=\"wpcf7-form-control wpcf7-submit has-spinner btnsend\" type=\"submit\" value=\"ENVOYER MESSAGE\" \/>\n<\/div><div class=\"wpcf7-response-output\" aria-hidden=\"true\"><\/div>\n<\/form>\n<\/div>\n<\/div>\n","protected":false},"excerpt":{"rendered":"<p>Un important complexe arch\u00e9ologique situ\u00e9 \u00e0 seulement 20 km. de la ville de&nbsp;Lima.Notre expert d\u2019arch\u00e9ologie vous illustrera l&rsquo;importance et l&rsquo;histoire [&hellip;]<\/p>\n","protected":false},"author":4,"featured_media":6662,"parent":233,"menu_order":0,"comment_status":"closed","ping_status":"closed","template":"page-tour.php","meta":{"_acf_changed":false,"advgb_blocks_editor_width":"","advgb_blocks_columns_visual_guide":"","footnotes":""},"class_list":["post-6692","page","type-page","status-publish","has-post-thumbnail","hentry"],"acf":[],"yoast_head":"<!-- This site is optimized with the Yoast SEO Premium plugin v25.4 (Yoast SEO v26.9) - https:\/\/yoast.com\/product\/yoast-seo-premium-wordpress\/ -->\n<title>HD Pachac\u00e1mac<\/title>\n<meta name=\"description\" content=\"Notre expert d&#039;arch\u00e9ologie vous illustrera l&#039;importance et l&#039;histoire de ce complexe en visitant le Mus\u00e9e du Site.\" \/>\n<meta name=\"robots\" content=\"index, follow, max-snippet:-1, max-image-preview:large, max-video-preview:-1\" \/>\n<link rel=\"canonical\" href=\"https:\/\/www.ericadventures.com\/fr\/lima\/lima-pachacamac\/\" \/>\n<meta property=\"og:locale\" content=\"fr_FR\" \/>\n<meta property=\"og:type\" content=\"article\" \/>\n<meta property=\"og:title\" content=\"HD Pachac\u00e1mac\" \/>\n<meta property=\"og:description\" content=\"Notre expert d&#039;arch\u00e9ologie vous illustrera l&#039;importance et l&#039;histoire de ce complexe en visitant le Mus\u00e9e du Site.\" \/>\n<meta property=\"og:url\" content=\"https:\/\/www.ericadventures.com\/fr\/lima\/lima-pachacamac\/\" \/>\n<meta property=\"og:site_name\" content=\"Eric Adventures\" \/>\n<meta property=\"article:modified_time\" content=\"2025-10-25T17:15:24+00:00\" \/>\n<meta property=\"og:image\" content=\"https:\/\/www.ericadventures.com\/wp-content\/uploads\/Lima-Pachacamac_Tours.jpg\" \/>\n\t<meta property=\"og:image:width\" content=\"480\" \/>\n\t<meta property=\"og:image:height\" content=\"360\" \/>\n\t<meta property=\"og:image:type\" content=\"image\/jpeg\" \/>\n<meta name=\"twitter:card\" content=\"summary_large_image\" \/>\n<meta name=\"twitter:label1\" content=\"Dur\u00e9e de lecture estim\u00e9e\" \/>\n\t<meta name=\"twitter:data1\" content=\"4 minutes\" \/>\n<script type=\"application\/ld+json\" class=\"yoast-schema-graph\">{\"@context\":\"https:\/\/schema.org\",\"@graph\":[{\"@type\":\"WebPage\",\"@id\":\"https:\/\/www.ericadventures.com\/fr\/lima\/lima-pachacamac\/\",\"url\":\"https:\/\/www.ericadventures.com\/fr\/lima\/lima-pachacamac\/\",\"name\":\"HD Pachac\u00e1mac\",\"isPartOf\":{\"@id\":\"https:\/\/www.ericadventures.com\/en\/#website\"},\"primaryImageOfPage\":{\"@id\":\"https:\/\/www.ericadventures.com\/fr\/lima\/lima-pachacamac\/#primaryimage\"},\"image\":{\"@id\":\"https:\/\/www.ericadventures.com\/fr\/lima\/lima-pachacamac\/#primaryimage\"},\"thumbnailUrl\":\"https:\/\/www.ericadventures.com\/wp-content\/uploads\/Lima-Pachacamac_Tours.jpg\",\"datePublished\":\"2023-12-22T15:52:29+00:00\",\"dateModified\":\"2025-10-25T17:15:24+00:00\",\"description\":\"Notre expert d'arch\u00e9ologie vous illustrera l'importance et l'histoire de ce complexe en visitant le Mus\u00e9e du Site.\",\"breadcrumb\":{\"@id\":\"https:\/\/www.ericadventures.com\/fr\/lima\/lima-pachacamac\/#breadcrumb\"},\"inLanguage\":\"fr-FR\",\"potentialAction\":[{\"@type\":\"ReadAction\",\"target\":[\"https:\/\/www.ericadventures.com\/fr\/lima\/lima-pachacamac\/\"]}]},{\"@type\":\"ImageObject\",\"inLanguage\":\"fr-FR\",\"@id\":\"https:\/\/www.ericadventures.com\/fr\/lima\/lima-pachacamac\/#primaryimage\",\"url\":\"https:\/\/www.ericadventures.com\/wp-content\/uploads\/Lima-Pachacamac_Tours.jpg\",\"contentUrl\":\"https:\/\/www.ericadventures.com\/wp-content\/uploads\/Lima-Pachacamac_Tours.jpg\",\"width\":480,\"height\":360,\"caption\":\"Pachacamac\"},{\"@type\":\"BreadcrumbList\",\"@id\":\"https:\/\/www.ericadventures.com\/fr\/lima\/lima-pachacamac\/#breadcrumb\",\"itemListElement\":[{\"@type\":\"ListItem\",\"position\":1,\"name\":\"Home\",\"item\":\"https:\/\/www.ericadventures.com\/fr\/\"},{\"@type\":\"ListItem\",\"position\":2,\"name\":\"Visites \u00e0 Lima\",\"item\":\"https:\/\/www.ericadventures.com\/en\/lima\/\"},{\"@type\":\"ListItem\",\"position\":3,\"name\":\"HD Pachac\u00e1mac\"}]},{\"@type\":\"WebSite\",\"@id\":\"https:\/\/www.ericadventures.com\/en\/#website\",\"url\":\"https:\/\/www.ericadventures.com\/en\/\",\"name\":\"Eric Adventures\",\"description\":\"\",\"publisher\":{\"@id\":\"https:\/\/www.ericadventures.com\/en\/#organization\"},\"alternateName\":\"Eric Adventures\",\"potentialAction\":[{\"@type\":\"SearchAction\",\"target\":{\"@type\":\"EntryPoint\",\"urlTemplate\":\"https:\/\/www.ericadventures.com\/en\/?s={search_term_string}\"},\"query-input\":{\"@type\":\"PropertyValueSpecification\",\"valueRequired\":true,\"valueName\":\"search_term_string\"}}],\"inLanguage\":\"fr-FR\"},{\"@type\":\"Organization\",\"@id\":\"https:\/\/www.ericadventures.com\/en\/#organization\",\"name\":\"Eric Adventures\",\"url\":\"https:\/\/www.ericadventures.com\/en\/\",\"logo\":{\"@type\":\"ImageObject\",\"inLanguage\":\"fr-FR\",\"@id\":\"https:\/\/www.ericadventures.com\/en\/#\/schema\/logo\/image\/\",\"url\":\"https:\/\/www.ericadventures.com\/wp-content\/uploads\/logo-ericadventures.png\",\"contentUrl\":\"https:\/\/www.ericadventures.com\/wp-content\/uploads\/logo-ericadventures.png\",\"width\":500,\"height\":106,\"caption\":\"Eric Adventures\"},\"image\":{\"@id\":\"https:\/\/www.ericadventures.com\/en\/#\/schema\/logo\/image\/\"}}]}<\/script>\n<!-- \/ Yoast SEO Premium plugin. -->","yoast_head_json":{"title":"HD Pachac\u00e1mac","description":"Notre expert d'arch\u00e9ologie vous illustrera l'importance et l'histoire de ce complexe en visitant le Mus\u00e9e du Site.","robots":{"index":"index","follow":"follow","max-snippet":"max-snippet:-1","max-image-preview":"max-image-preview:large","max-video-preview":"max-video-preview:-1"},"canonical":"https:\/\/www.ericadventures.com\/fr\/lima\/lima-pachacamac\/","og_locale":"fr_FR","og_type":"article","og_title":"HD Pachac\u00e1mac","og_description":"Notre expert d'arch\u00e9ologie vous illustrera l'importance et l'histoire de ce complexe en visitant le Mus\u00e9e du Site.","og_url":"https:\/\/www.ericadventures.com\/fr\/lima\/lima-pachacamac\/","og_site_name":"Eric Adventures","article_modified_time":"2025-10-25T17:15:24+00:00","og_image":[{"width":480,"height":360,"url":"https:\/\/www.ericadventures.com\/wp-content\/uploads\/Lima-Pachacamac_Tours.jpg","type":"image\/jpeg"}],"twitter_card":"summary_large_image","twitter_misc":{"Dur\u00e9e de lecture estim\u00e9e":"4 minutes"},"schema":{"@context":"https:\/\/schema.org","@graph":[{"@type":"WebPage","@id":"https:\/\/www.ericadventures.com\/fr\/lima\/lima-pachacamac\/","url":"https:\/\/www.ericadventures.com\/fr\/lima\/lima-pachacamac\/","name":"HD Pachac\u00e1mac","isPartOf":{"@id":"https:\/\/www.ericadventures.com\/en\/#website"},"primaryImageOfPage":{"@id":"https:\/\/www.ericadventures.com\/fr\/lima\/lima-pachacamac\/#primaryimage"},"image":{"@id":"https:\/\/www.ericadventures.com\/fr\/lima\/lima-pachacamac\/#primaryimage"},"thumbnailUrl":"https:\/\/www.ericadventures.com\/wp-content\/uploads\/Lima-Pachacamac_Tours.jpg","datePublished":"2023-12-22T15:52:29+00:00","dateModified":"2025-10-25T17:15:24+00:00","description":"Notre expert d'arch\u00e9ologie vous illustrera l'importance et l'histoire de ce complexe en visitant le Mus\u00e9e du Site.","breadcrumb":{"@id":"https:\/\/www.ericadventures.com\/fr\/lima\/lima-pachacamac\/#breadcrumb"},"inLanguage":"fr-FR","potentialAction":[{"@type":"ReadAction","target":["https:\/\/www.ericadventures.com\/fr\/lima\/lima-pachacamac\/"]}]},{"@type":"ImageObject","inLanguage":"fr-FR","@id":"https:\/\/www.ericadventures.com\/fr\/lima\/lima-pachacamac\/#primaryimage","url":"https:\/\/www.ericadventures.com\/wp-content\/uploads\/Lima-Pachacamac_Tours.jpg","contentUrl":"https:\/\/www.ericadventures.com\/wp-content\/uploads\/Lima-Pachacamac_Tours.jpg","width":480,"height":360,"caption":"Pachacamac"},{"@type":"BreadcrumbList","@id":"https:\/\/www.ericadventures.com\/fr\/lima\/lima-pachacamac\/#breadcrumb","itemListElement":[{"@type":"ListItem","position":1,"name":"Home","item":"https:\/\/www.ericadventures.com\/fr\/"},{"@type":"ListItem","position":2,"name":"Visites \u00e0 Lima","item":"https:\/\/www.ericadventures.com\/en\/lima\/"},{"@type":"ListItem","position":3,"name":"HD Pachac\u00e1mac"}]},{"@type":"WebSite","@id":"https:\/\/www.ericadventures.com\/en\/#website","url":"https:\/\/www.ericadventures.com\/en\/","name":"Eric Adventures","description":"","publisher":{"@id":"https:\/\/www.ericadventures.com\/en\/#organization"},"alternateName":"Eric Adventures","potentialAction":[{"@type":"SearchAction","target":{"@type":"EntryPoint","urlTemplate":"https:\/\/www.ericadventures.com\/en\/?s={search_term_string}"},"query-input":{"@type":"PropertyValueSpecification","valueRequired":true,"valueName":"search_term_string"}}],"inLanguage":"fr-FR"},{"@type":"Organization","@id":"https:\/\/www.ericadventures.com\/en\/#organization","name":"Eric Adventures","url":"https:\/\/www.ericadventures.com\/en\/","logo":{"@type":"ImageObject","inLanguage":"fr-FR","@id":"https:\/\/www.ericadventures.com\/en\/#\/schema\/logo\/image\/","url":"https:\/\/www.ericadventures.com\/wp-content\/uploads\/logo-ericadventures.png","contentUrl":"https:\/\/www.ericadventures.com\/wp-content\/uploads\/logo-ericadventures.png","width":500,"height":106,"caption":"Eric Adventures"},"image":{"@id":"https:\/\/www.ericadventures.com\/en\/#\/schema\/logo\/image\/"}}]}},"coauthors":[],"author_meta":{"author_link":"https:\/\/www.ericadventures.com\/fr\/author\/marilyn\/","display_name":"Marilyn Ayma Gomez"},"relative_dates":{"created":"Publi\u00e9 2 ans il y a","modified":"Mis \u00e0 jour 6 mois il y a"},"absolute_dates":{"created":"Publi\u00e9 le d\u00e9cembre 22, 2023","modified":"Mise \u00e0 jour le octobre 25, 2025"},"absolute_dates_time":{"created":"Publi\u00e9 le d\u00e9cembre 22, 2023 10:52 am","modified":"Mise \u00e0 jour le octobre 25, 2025 12:15 pm"},"featured_img_caption":"","featured_img":"https:\/\/www.ericadventures.com\/wp-content\/uploads\/Lima-Pachacamac_Tours.jpg","series_order":"","_links":{"self":[{"href":"https:\/\/www.ericadventures.com\/fr\/wp-json\/wp\/v2\/pages\/6692","targetHints":{"allow":["GET"]}}],"collection":[{"href":"https:\/\/www.ericadventures.com\/fr\/wp-json\/wp\/v2\/pages"}],"about":[{"href":"https:\/\/www.ericadventures.com\/fr\/wp-json\/wp\/v2\/types\/page"}],"author":[{"embeddable":true,"href":"https:\/\/www.ericadventures.com\/fr\/wp-json\/wp\/v2\/users\/4"}],"replies":[{"embeddable":true,"href":"https:\/\/www.ericadventures.com\/fr\/wp-json\/wp\/v2\/comments?post=6692"}],"version-history":[{"count":5,"href":"https:\/\/www.ericadventures.com\/fr\/wp-json\/wp\/v2\/pages\/6692\/revisions"}],"predecessor-version":[{"id":42101,"href":"https:\/\/www.ericadventures.com\/fr\/wp-json\/wp\/v2\/pages\/6692\/revisions\/42101"}],"up":[{"embeddable":true,"href":"https:\/\/www.ericadventures.com\/fr\/wp-json\/wp\/v2\/pages\/233"}],"wp:featuredmedia":[{"embeddable":true,"href":"https:\/\/www.ericadventures.com\/fr\/wp-json\/wp\/v2\/media\/6662"}],"wp:attachment":[{"href":"https:\/\/www.ericadventures.com\/fr\/wp-json\/wp\/v2\/media?parent=6692"}],"curies":[{"name":"wp","href":"https:\/\/api.w.org\/{rel}","templated":true}]}}