{"id":12036,"date":"2024-02-16T11:17:03","date_gmt":"2024-02-16T16:17:03","guid":{"rendered":"https:\/\/www.ericadventures.com\/lima\/lunahuana-copy\/"},"modified":"2025-10-10T12:16:26","modified_gmt":"2025-10-10T17:16:26","slug":"rafting-nel-fiume-canete","status":"publish","type":"page","link":"https:\/\/www.ericadventures.com\/it\/lima\/rafting-nel-fiume-canete\/","title":{"rendered":"Rafting Nel Fiume Ca\u00f1ete"},"content":{"rendered":"<div class=\"wp-block-image\">\n<figure class=\"alignleft size-full is-resized\"><img loading=\"lazy\" decoding=\"async\" width=\"543\" height=\"345\" src=\"https:\/\/www.ericadventures.com\/wp-content\/uploads\/peru-lima-lunahuana-rafting-adventure-tours2.jpg\" alt=\"\" class=\"wp-image-12010\" style=\"aspect-ratio:1.7777777777777777;object-fit:cover;width:413px;height:auto\" srcset=\"https:\/\/www.ericadventures.com\/wp-content\/uploads\/peru-lima-lunahuana-rafting-adventure-tours2.jpg 543w, https:\/\/www.ericadventures.com\/wp-content\/uploads\/peru-lima-lunahuana-rafting-adventure-tours2-300x191.jpg 300w\" sizes=\"auto, (max-width: 543px) 100vw, 543px\" \/><\/figure>\n<\/div>\n\n\n<h3 class=\"wp-block-heading\" id=\"h-lunahuana-rafting-in-selvaggio-fiume\">LUNAHUANA, RAFTING IN SELVAGGIO FIUME<\/h3>\n\n\n\n<p>Questo tour pu\u00f2 essere fatto alla mattina o al pomeriggio. Vi porteremo alla base di partenza del&nbsp;<strong>rafting<\/strong>, dove la guida vi dar\u00e0 una breve spiegazione introduttiva sul tour. Allora vi forniremo l&#8217;equipaggiamento per la navigazione e faremo un\u2019escursione di un\u2019ora e venti minuti in acque veloci, con&nbsp;<strong>rapide di classe III e IV+<\/strong>. Termineremo a circa 8 km dal punto di partenza. Il nostro mezzo di trasporto vi verr\u00e0 a prendere alla fine della discesa e vi porter\u00e0 alla nostra base. Fine del nostro servizio.<\/p>\n\n\n\n<h3 class=\"wp-block-heading\" id=\"h-itinerario\">ITINERARIO<\/h3>\n\n\n\n<p>Un\u2019ora e 45 minuti circa (un\u2019ora e 15 minuti in acqua)<\/p>\n\n\n\n<h2 class=\"wp-block-heading\" id=\"h-incluso\"><strong>INCLUSO<\/strong><\/h2>\n\n\n\n<ul class=\"wp-block-list\">\n<li>Guida professionista in spagnolo o inglese;<\/li>\n\n\n\n<li>Equipaggiamento completo per fare rafting;<\/li>\n\n\n\n<li>Kit di primo soccorso;<\/li>\n\n\n\n<li>Trasporto privato;<\/li>\n\n\n\n<li>Kayak di sicurezza.<\/li>\n<\/ul>\n\n\n\n<h2 class=\"wp-block-heading\" id=\"h-prezzi-a-persona-in-dollari-statunitensi\">PREZZI(A PERSONA IN DOLLARI STATUNITENSI)<\/h2>\n\n\n\n<p><strong>SERVIZIO PRIVATO<\/strong><\/p>\n\n\n\n<ul class=\"wp-block-list\">\n<li>Prezzo a persona: US$ 75 (minimo 4 persone)<\/li>\n<\/ul>\n\n\n\n<p>*Prezzi di riferimento soggetti a disponibilit\u00e0 e stagione.<\/p>\n\n\n\n<h2 class=\"wp-block-heading\" id=\"h-mappe\">MAPPE<\/h2>\n\n\n\n<figure class=\"wp-block-gallery has-nested-images columns-default wp-block-gallery-1 is-layout-flex wp-block-gallery-is-layout-flex\">\n<figure class=\"wp-block-image size-thumbnail is-style-default\"><a href=\"https:\/\/www.ericadventures.com\/wp-content\/uploads\/Rafting-Lunahuana-Ingles.jpg\"><img loading=\"lazy\" decoding=\"async\" width=\"150\" height=\"150\" data-id=\"12000\" src=\"https:\/\/www.ericadventures.com\/wp-content\/uploads\/Rafting-Lunahuana-Ingles-150x150.jpg\" alt=\"\" class=\"wp-image-12000\"\/><\/a><\/figure>\n<\/figure>\n\n\n\n<h2 class=\"wp-block-heading\" id=\"h-foto\">FOTO<\/h2>\n\n\n\n<figure class=\"wp-block-gallery has-nested-images columns-6 is-cropped wp-block-gallery-2 is-layout-flex wp-block-gallery-is-layout-flex\">\n<figure class=\"wp-block-image size-full\"><img loading=\"lazy\" decoding=\"async\" width=\"543\" height=\"345\" data-id=\"12010\" src=\"https:\/\/www.ericadventures.com\/wp-content\/uploads\/peru-lima-lunahuana-rafting-adventure-tours2.jpg\" alt=\"\" class=\"wp-image-12010\" srcset=\"https:\/\/www.ericadventures.com\/wp-content\/uploads\/peru-lima-lunahuana-rafting-adventure-tours2.jpg 543w, https:\/\/www.ericadventures.com\/wp-content\/uploads\/peru-lima-lunahuana-rafting-adventure-tours2-300x191.jpg 300w\" sizes=\"auto, (max-width: 543px) 100vw, 543px\" \/><\/figure>\n\n\n\n<figure class=\"wp-block-image size-full\"><img loading=\"lazy\" decoding=\"async\" width=\"484\" height=\"360\" data-id=\"12020\" src=\"https:\/\/www.ericadventures.com\/wp-content\/uploads\/peru-lunahuana-rafting-wild-river-tours.jpg\" alt=\"\" class=\"wp-image-12020\" srcset=\"https:\/\/www.ericadventures.com\/wp-content\/uploads\/peru-lunahuana-rafting-wild-river-tours.jpg 484w, https:\/\/www.ericadventures.com\/wp-content\/uploads\/peru-lunahuana-rafting-wild-river-tours-300x223.jpg 300w\" sizes=\"auto, (max-width: 484px) 100vw, 484px\" \/><\/figure>\n\n\n\n<figure class=\"wp-block-image size-full\"><img loading=\"lazy\" decoding=\"async\" width=\"489\" height=\"360\" data-id=\"12015\" src=\"https:\/\/www.ericadventures.com\/wp-content\/uploads\/peru-lunahuana-rafting-white-water-tours-1.jpg\" alt=\"\" class=\"wp-image-12015\" srcset=\"https:\/\/www.ericadventures.com\/wp-content\/uploads\/peru-lunahuana-rafting-white-water-tours-1.jpg 489w, https:\/\/www.ericadventures.com\/wp-content\/uploads\/peru-lunahuana-rafting-white-water-tours-1-300x221.jpg 300w\" sizes=\"auto, (max-width: 489px) 100vw, 489px\" \/><\/figure>\n\n\n\n<figure class=\"wp-block-image size-full\"><img loading=\"lazy\" decoding=\"async\" width=\"480\" height=\"360\" data-id=\"11836\" src=\"https:\/\/www.ericadventures.com\/wp-content\/uploads\/peru-lima-lunahuana-rafting-adventure-tours4.jpg\" alt=\"\" class=\"wp-image-11836\" srcset=\"https:\/\/www.ericadventures.com\/wp-content\/uploads\/peru-lima-lunahuana-rafting-adventure-tours4.jpg 480w, https:\/\/www.ericadventures.com\/wp-content\/uploads\/peru-lima-lunahuana-rafting-adventure-tours4-300x225.jpg 300w\" sizes=\"auto, (max-width: 480px) 100vw, 480px\" \/><\/figure>\n\n\n\n<figure class=\"wp-block-image size-full\"><img loading=\"lazy\" decoding=\"async\" width=\"480\" height=\"360\" data-id=\"12025\" src=\"https:\/\/www.ericadventures.com\/wp-content\/uploads\/peru-lima-lunahuana-rafting-adventure-tours3.jpg\" alt=\"\" class=\"wp-image-12025\" srcset=\"https:\/\/www.ericadventures.com\/wp-content\/uploads\/peru-lima-lunahuana-rafting-adventure-tours3.jpg 480w, https:\/\/www.ericadventures.com\/wp-content\/uploads\/peru-lima-lunahuana-rafting-adventure-tours3-300x225.jpg 300w\" sizes=\"auto, (max-width: 480px) 100vw, 480px\" \/><\/figure>\n\n\n\n<figure class=\"wp-block-image size-full\"><img loading=\"lazy\" decoding=\"async\" width=\"546\" height=\"341\" data-id=\"12005\" src=\"https:\/\/www.ericadventures.com\/wp-content\/uploads\/peru-lima-lunahuana-rafting-adventure-tours.jpg\" alt=\"\" class=\"wp-image-12005\" srcset=\"https:\/\/www.ericadventures.com\/wp-content\/uploads\/peru-lima-lunahuana-rafting-adventure-tours.jpg 546w, https:\/\/www.ericadventures.com\/wp-content\/uploads\/peru-lima-lunahuana-rafting-adventure-tours-300x187.jpg 300w\" sizes=\"auto, (max-width: 546px) 100vw, 546px\" \/><\/figure>\n<\/figure>\n\n\n\n<h2 class=\"wp-block-heading\" id=\"h-modulo-di-contatto\"><strong>MODULO DI CONTATTO<\/strong><\/h2>\n\n\n\n<div class=\"wp-block-contact-form-7-contact-form-selector\">\n<div class=\"wpcf7 no-js\" id=\"wpcf7-f6170-o1\" lang=\"es-ES\" dir=\"ltr\" data-wpcf7-id=\"6170\">\n<div class=\"screen-reader-response\"><p role=\"status\" aria-live=\"polite\" aria-atomic=\"true\"><\/p> <ul><\/ul><\/div>\n<form action=\"\/it\/wp-json\/wp\/v2\/pages\/12036#wpcf7-f6170-o1\" method=\"post\" class=\"wpcf7-form init\" aria-label=\"Formulario de contacto\" novalidate=\"novalidate\" data-status=\"init\">\n<fieldset class=\"hidden-fields-container\"><input type=\"hidden\" name=\"_wpcf7\" value=\"6170\" \/><input type=\"hidden\" name=\"_wpcf7_version\" value=\"6.1.5\" \/><input type=\"hidden\" name=\"_wpcf7_locale\" value=\"es_ES\" \/><input type=\"hidden\" name=\"_wpcf7_unit_tag\" value=\"wpcf7-f6170-o1\" \/><input type=\"hidden\" name=\"_wpcf7_container_post\" value=\"0\" \/><input type=\"hidden\" name=\"_wpcf7_posted_data_hash\" value=\"\" \/>\n<\/fieldset>\n<div class=\"wpcf7-turnstile cf-turnstile\" data-sitekey=\"0x4AAAAAACZ2CLxkDaDac8NW\" data-response-field-name=\"_wpcf7_turnstile_response\"><\/div>\n\n<div class=\"formt\">\n    <span class=\"textform\">Per prenotazioni o maggiori informazioni compila il seguente modulo cliente\/ospite: <\/span>\n    <input class=\"wpcf7-form-control wpcf7-hidden\" value=\"https:\/\/www.ericadventures.com\/it\/wp-json\/wp\/v2\/pages\/12036\" type=\"hidden\" name=\"Url_Tour\" \/>\n    <input class=\"wpcf7-form-control wpcf7-hidden\" value=\"it\" type=\"hidden\" name=\"Idioma\" \/>\n    <input class=\"wpcf7-form-control wpcf7-hidden\" value=\"30\/04\/2026 01:24:41\" type=\"hidden\" name=\"Fecha_Hora\" \/>\n    <input class=\"wpcf7-form-control wpcf7-hidden\" value=\"216.73.216.6\" type=\"hidden\" name=\"Ip\" \/>\n    <input class=\"wpcf7-form-control wpcf7-hidden\" value=\"Rafting Nel Fiume Ca\u00f1ete\" type=\"hidden\" name=\"Nombre_Tour\" \/>\n    <input class=\"wpcf7-form-control wpcf7-hidden\" value=\"1\" type=\"hidden\" name=\"enviar_excel\" \/>\n\n    <div class=\"g2\">\n        <div>\n            <label>Nome: <\/label>\n            <span class=\"wpcf7-form-control-wrap\" data-name=\"Nombre\"><input size=\"40\" maxlength=\"400\" class=\"wpcf7-form-control wpcf7-text wpcf7-validates-as-required\" aria-required=\"true\" aria-invalid=\"false\" value=\"\" type=\"text\" name=\"Nombre\" \/><\/span>\n        <\/div>\n        <div>\n            <label>E-mail: <\/label>\n            <span class=\"wpcf7-form-control-wrap\" data-name=\"Emails\"><input size=\"40\" maxlength=\"400\" class=\"wpcf7-form-control wpcf7-email wpcf7-validates-as-required wpcf7-text wpcf7-validates-as-email\" aria-required=\"true\" aria-invalid=\"false\" value=\"\" type=\"email\" name=\"Emails\" \/><\/span>\n        <\/div>\n    <\/div>\n    \n    <div class=\"g2\">\n        <div>\n            <label>Paese: <\/label>\n            <span class=\"wpcf7-form-control-wrap\" data-name=\"Pais\"><input size=\"40\" maxlength=\"400\" class=\"wpcf7-form-control wpcf7-text\" aria-invalid=\"false\" value=\"\" type=\"text\" name=\"Pais\" \/><\/span>\n        <\/div>\n        <div>\n            <label>Telefono - Whatsapp: <\/label>\n            <span class=\"wpcf7-form-control-wrap\" data-name=\"Whatsapp\"><input size=\"40\" class=\"wpcf7-form-control wpcf7-phonetext wpcf7-text wpcf7-validates-as-phonetext\" aria-invalid=\"false\" value=\"\" type=\"text\" name=\"Whatsapp\" \/><input type=\"hidden\" name=\"Whatsapp-country-code\" class=\"wpcf7-phonetext-country-code\" \/><\/span>\n        <\/div>\n    <\/div>\n    \n    <div class=\"g2\">\n        <div>\n            <label>Numero di adulti: <\/label>\n            <span class=\"wpcf7-form-control-wrap\" data-name=\"Adultos\"><select class=\"wpcf7-form-control wpcf7-select wpcf7-validates-as-required\" aria-required=\"true\" aria-invalid=\"false\" name=\"Adultos\"><option value=\"1\">1<\/option><option value=\"2\">2<\/option><option value=\"3\">3<\/option><option value=\"4\">4<\/option><option value=\"5\">5<\/option><option value=\"6\">6<\/option><option value=\"7\">7<\/option><option value=\"8\">8<\/option><option value=\"9\">9<\/option><option value=\"10\">10<\/option><option value=\"11\">11<\/option><option value=\"12 o pi\u00f9\">12 o pi\u00f9<\/option><\/select><\/span>\n        <\/div>\n        <div>\n            <label>Numero di bambini: <\/label>\n            <span class=\"wpcf7-form-control-wrap\" data-name=\"Ninos\"><select class=\"wpcf7-form-control wpcf7-select wpcf7-validates-as-required\" aria-required=\"true\" aria-invalid=\"false\" name=\"Ninos\"><option value=\"0\">0<\/option><option value=\"1\">1<\/option><option value=\"2\">2<\/option><option value=\"3\">3<\/option><option value=\"4\">4<\/option><option value=\"5\">5<\/option><option value=\"6\">6<\/option><option value=\"7\">7<\/option><option value=\"8\">8<\/option><option value=\"9\">9<\/option><option value=\"10\">10<\/option><option value=\"11\">11<\/option><option value=\"12 o pi\u00f9\">12 o pi\u00f9<\/option><\/select><\/span>\n        <\/div>\n    <\/div>\n    \n    <div class=\"g2\">\n        <div>\n            <label>Data di inizio del tour: <\/label>\n            <span class=\"wpcf7-form-control-wrap\" data-name=\"Inicio\"><input class=\"wpcf7-form-control wpcf7-date wpcf7-validates-as-required wpcf7-validates-as-date\" id=\"inicio\" min=\"2026-04-30\" aria-required=\"true\" aria-invalid=\"false\" value=\"\" type=\"date\" name=\"Inicio\" \/><\/span>\n        <\/div>\n        <div>\n            <label>Data di fine del tour: <\/label>\n            <span class=\"wpcf7-form-control-wrap\" data-name=\"Final\"><input class=\"wpcf7-form-control wpcf7-date wpcf7-validates-as-required wpcf7-validates-as-date\" id=\"final\" min=\"2026-04-30\" aria-required=\"true\" aria-invalid=\"false\" value=\"\" type=\"date\" name=\"Final\" \/><\/span>\n        <\/div>\n    <\/div>\n    \n    <div>\n        <label>Commenti o domande: <\/label>\n        <span class=\"wpcf7-form-control-wrap\" data-name=\"Mensaje\"><textarea cols=\"40\" rows=\"10\" maxlength=\"2000\" class=\"wpcf7-form-control wpcf7-textarea wpcf7-validates-as-required\" aria-required=\"true\" aria-invalid=\"false\" placeholder=\"Si prega di specificare il tipo di SERVIZIO\/TOUR che si desidera effettuare\" name=\"Mensaje\"><\/textarea><\/span>\n    <\/div>\n    \n    <input class=\"wpcf7-form-control wpcf7-submit has-spinner btnsend\" type=\"submit\" value=\"INVIA MESSAGGIO\" \/>\n<\/div><div class=\"wpcf7-response-output\" aria-hidden=\"true\"><\/div>\n<\/form>\n<\/div>\n<\/div>\n","protected":false},"excerpt":{"rendered":"<p>LUNAHUANA, RAFTING IN SELVAGGIO FIUME Questo tour pu\u00f2 essere fatto alla mattina o al pomeriggio. Vi porteremo alla base di [&hellip;]<\/p>\n","protected":false},"author":4,"featured_media":12012,"parent":234,"menu_order":0,"comment_status":"closed","ping_status":"closed","template":"page-tour.php","meta":{"_acf_changed":false,"advgb_blocks_editor_width":"","advgb_blocks_columns_visual_guide":"","footnotes":""},"class_list":["post-12036","page","type-page","status-publish","has-post-thumbnail","hentry"],"acf":[],"yoast_head":"<!-- This site is optimized with the Yoast SEO Premium plugin v25.4 (Yoast SEO v26.9) - https:\/\/yoast.com\/product\/yoast-seo-premium-wordpress\/ -->\n<title>Rafting Nel Fiume Ca\u00f1ete<\/title>\n<meta name=\"description\" content=\"Selezioneremo i nostri clienti alla base Rafting, dove si avr\u00e0 un colloquio discorso prima della partenza tour, poi vi fornir\u00e0 l&#039;attrezzatura per la navigazione, facendo un giro di 1 ora e 20 min in acqua e viaggiano velocemente in classe III , IV\" \/>\n<meta name=\"robots\" content=\"index, follow, max-snippet:-1, max-image-preview:large, max-video-preview:-1\" \/>\n<link rel=\"canonical\" href=\"https:\/\/www.ericadventures.com\/it\/lima\/rafting-nel-fiume-canete\/\" \/>\n<meta property=\"og:locale\" content=\"it_IT\" \/>\n<meta property=\"og:type\" content=\"article\" \/>\n<meta property=\"og:title\" content=\"Rafting Nel Fiume Ca\u00f1ete\" \/>\n<meta property=\"og:description\" content=\"Selezioneremo i nostri clienti alla base Rafting, dove si avr\u00e0 un colloquio discorso prima della partenza tour, poi vi fornir\u00e0 l&#039;attrezzatura per la navigazione, facendo un giro di 1 ora e 20 min in acqua e viaggiano velocemente in classe III , IV\" \/>\n<meta property=\"og:url\" content=\"https:\/\/www.ericadventures.com\/it\/lima\/rafting-nel-fiume-canete\/\" \/>\n<meta property=\"og:site_name\" content=\"Eric Adventures\" \/>\n<meta property=\"article:modified_time\" content=\"2025-10-10T17:16:26+00:00\" \/>\n<meta property=\"og:image\" content=\"https:\/\/www.ericadventures.com\/wp-content\/uploads\/peru-lima-lunahuana-rafting-adventure-tours2.jpg\" \/>\n\t<meta property=\"og:image:width\" content=\"543\" \/>\n\t<meta property=\"og:image:height\" content=\"345\" \/>\n\t<meta property=\"og:image:type\" content=\"image\/jpeg\" \/>\n<meta name=\"twitter:card\" content=\"summary_large_image\" \/>\n<meta name=\"twitter:label1\" content=\"Tempo di lettura stimato\" \/>\n\t<meta name=\"twitter:data1\" content=\"3 minuti\" \/>\n<script type=\"application\/ld+json\" class=\"yoast-schema-graph\">{\"@context\":\"https:\/\/schema.org\",\"@graph\":[{\"@type\":\"WebPage\",\"@id\":\"https:\/\/www.ericadventures.com\/it\/lima\/rafting-nel-fiume-canete\/\",\"url\":\"https:\/\/www.ericadventures.com\/it\/lima\/rafting-nel-fiume-canete\/\",\"name\":\"Rafting Nel Fiume Ca\u00f1ete\",\"isPartOf\":{\"@id\":\"https:\/\/www.ericadventures.com\/en\/#website\"},\"primaryImageOfPage\":{\"@id\":\"https:\/\/www.ericadventures.com\/it\/lima\/rafting-nel-fiume-canete\/#primaryimage\"},\"image\":{\"@id\":\"https:\/\/www.ericadventures.com\/it\/lima\/rafting-nel-fiume-canete\/#primaryimage\"},\"thumbnailUrl\":\"https:\/\/www.ericadventures.com\/wp-content\/uploads\/peru-lima-lunahuana-rafting-adventure-tours2.jpg\",\"datePublished\":\"2024-02-16T16:17:03+00:00\",\"dateModified\":\"2025-10-10T17:16:26+00:00\",\"description\":\"Selezioneremo i nostri clienti alla base Rafting, dove si avr\u00e0 un colloquio discorso prima della partenza tour, poi vi fornir\u00e0 l'attrezzatura per la navigazione, facendo un giro di 1 ora e 20 min in acqua e viaggiano velocemente in classe III , IV\",\"breadcrumb\":{\"@id\":\"https:\/\/www.ericadventures.com\/it\/lima\/rafting-nel-fiume-canete\/#breadcrumb\"},\"inLanguage\":\"it-IT\",\"potentialAction\":[{\"@type\":\"ReadAction\",\"target\":[\"https:\/\/www.ericadventures.com\/it\/lima\/rafting-nel-fiume-canete\/\"]}]},{\"@type\":\"ImageObject\",\"inLanguage\":\"it-IT\",\"@id\":\"https:\/\/www.ericadventures.com\/it\/lima\/rafting-nel-fiume-canete\/#primaryimage\",\"url\":\"https:\/\/www.ericadventures.com\/wp-content\/uploads\/peru-lima-lunahuana-rafting-adventure-tours2.jpg\",\"contentUrl\":\"https:\/\/www.ericadventures.com\/wp-content\/uploads\/peru-lima-lunahuana-rafting-adventure-tours2.jpg\",\"width\":543,\"height\":345,\"caption\":\"Rafting In The Ca\u00f1ete River Lunahuana\"},{\"@type\":\"BreadcrumbList\",\"@id\":\"https:\/\/www.ericadventures.com\/it\/lima\/rafting-nel-fiume-canete\/#breadcrumb\",\"itemListElement\":[{\"@type\":\"ListItem\",\"position\":1,\"name\":\"Home\",\"item\":\"https:\/\/www.ericadventures.com\/it\/\"},{\"@type\":\"ListItem\",\"position\":2,\"name\":\"Tours in Lima\",\"item\":\"https:\/\/www.ericadventures.com\/en\/lima\/\"},{\"@type\":\"ListItem\",\"position\":3,\"name\":\"Rafting Nel Fiume Ca\u00f1ete\"}]},{\"@type\":\"WebSite\",\"@id\":\"https:\/\/www.ericadventures.com\/en\/#website\",\"url\":\"https:\/\/www.ericadventures.com\/en\/\",\"name\":\"Eric Adventures\",\"description\":\"\",\"publisher\":{\"@id\":\"https:\/\/www.ericadventures.com\/en\/#organization\"},\"alternateName\":\"Eric Adventures\",\"potentialAction\":[{\"@type\":\"SearchAction\",\"target\":{\"@type\":\"EntryPoint\",\"urlTemplate\":\"https:\/\/www.ericadventures.com\/en\/?s={search_term_string}\"},\"query-input\":{\"@type\":\"PropertyValueSpecification\",\"valueRequired\":true,\"valueName\":\"search_term_string\"}}],\"inLanguage\":\"it-IT\"},{\"@type\":\"Organization\",\"@id\":\"https:\/\/www.ericadventures.com\/en\/#organization\",\"name\":\"Eric Adventures\",\"url\":\"https:\/\/www.ericadventures.com\/en\/\",\"logo\":{\"@type\":\"ImageObject\",\"inLanguage\":\"it-IT\",\"@id\":\"https:\/\/www.ericadventures.com\/en\/#\/schema\/logo\/image\/\",\"url\":\"https:\/\/www.ericadventures.com\/wp-content\/uploads\/logo-ericadventures.png\",\"contentUrl\":\"https:\/\/www.ericadventures.com\/wp-content\/uploads\/logo-ericadventures.png\",\"width\":500,\"height\":106,\"caption\":\"Eric Adventures\"},\"image\":{\"@id\":\"https:\/\/www.ericadventures.com\/en\/#\/schema\/logo\/image\/\"}}]}<\/script>\n<!-- \/ Yoast SEO Premium plugin. -->","yoast_head_json":{"title":"Rafting Nel Fiume Ca\u00f1ete","description":"Selezioneremo i nostri clienti alla base Rafting, dove si avr\u00e0 un colloquio discorso prima della partenza tour, poi vi fornir\u00e0 l'attrezzatura per la navigazione, facendo un giro di 1 ora e 20 min in acqua e viaggiano velocemente in classe III , IV","robots":{"index":"index","follow":"follow","max-snippet":"max-snippet:-1","max-image-preview":"max-image-preview:large","max-video-preview":"max-video-preview:-1"},"canonical":"https:\/\/www.ericadventures.com\/it\/lima\/rafting-nel-fiume-canete\/","og_locale":"it_IT","og_type":"article","og_title":"Rafting Nel Fiume Ca\u00f1ete","og_description":"Selezioneremo i nostri clienti alla base Rafting, dove si avr\u00e0 un colloquio discorso prima della partenza tour, poi vi fornir\u00e0 l'attrezzatura per la navigazione, facendo un giro di 1 ora e 20 min in acqua e viaggiano velocemente in classe III , IV","og_url":"https:\/\/www.ericadventures.com\/it\/lima\/rafting-nel-fiume-canete\/","og_site_name":"Eric Adventures","article_modified_time":"2025-10-10T17:16:26+00:00","og_image":[{"width":543,"height":345,"url":"https:\/\/www.ericadventures.com\/wp-content\/uploads\/peru-lima-lunahuana-rafting-adventure-tours2.jpg","type":"image\/jpeg"}],"twitter_card":"summary_large_image","twitter_misc":{"Tempo di lettura stimato":"3 minuti"},"schema":{"@context":"https:\/\/schema.org","@graph":[{"@type":"WebPage","@id":"https:\/\/www.ericadventures.com\/it\/lima\/rafting-nel-fiume-canete\/","url":"https:\/\/www.ericadventures.com\/it\/lima\/rafting-nel-fiume-canete\/","name":"Rafting Nel Fiume Ca\u00f1ete","isPartOf":{"@id":"https:\/\/www.ericadventures.com\/en\/#website"},"primaryImageOfPage":{"@id":"https:\/\/www.ericadventures.com\/it\/lima\/rafting-nel-fiume-canete\/#primaryimage"},"image":{"@id":"https:\/\/www.ericadventures.com\/it\/lima\/rafting-nel-fiume-canete\/#primaryimage"},"thumbnailUrl":"https:\/\/www.ericadventures.com\/wp-content\/uploads\/peru-lima-lunahuana-rafting-adventure-tours2.jpg","datePublished":"2024-02-16T16:17:03+00:00","dateModified":"2025-10-10T17:16:26+00:00","description":"Selezioneremo i nostri clienti alla base Rafting, dove si avr\u00e0 un colloquio discorso prima della partenza tour, poi vi fornir\u00e0 l'attrezzatura per la navigazione, facendo un giro di 1 ora e 20 min in acqua e viaggiano velocemente in classe III , IV","breadcrumb":{"@id":"https:\/\/www.ericadventures.com\/it\/lima\/rafting-nel-fiume-canete\/#breadcrumb"},"inLanguage":"it-IT","potentialAction":[{"@type":"ReadAction","target":["https:\/\/www.ericadventures.com\/it\/lima\/rafting-nel-fiume-canete\/"]}]},{"@type":"ImageObject","inLanguage":"it-IT","@id":"https:\/\/www.ericadventures.com\/it\/lima\/rafting-nel-fiume-canete\/#primaryimage","url":"https:\/\/www.ericadventures.com\/wp-content\/uploads\/peru-lima-lunahuana-rafting-adventure-tours2.jpg","contentUrl":"https:\/\/www.ericadventures.com\/wp-content\/uploads\/peru-lima-lunahuana-rafting-adventure-tours2.jpg","width":543,"height":345,"caption":"Rafting In The Ca\u00f1ete River Lunahuana"},{"@type":"BreadcrumbList","@id":"https:\/\/www.ericadventures.com\/it\/lima\/rafting-nel-fiume-canete\/#breadcrumb","itemListElement":[{"@type":"ListItem","position":1,"name":"Home","item":"https:\/\/www.ericadventures.com\/it\/"},{"@type":"ListItem","position":2,"name":"Tours in Lima","item":"https:\/\/www.ericadventures.com\/en\/lima\/"},{"@type":"ListItem","position":3,"name":"Rafting Nel Fiume Ca\u00f1ete"}]},{"@type":"WebSite","@id":"https:\/\/www.ericadventures.com\/en\/#website","url":"https:\/\/www.ericadventures.com\/en\/","name":"Eric Adventures","description":"","publisher":{"@id":"https:\/\/www.ericadventures.com\/en\/#organization"},"alternateName":"Eric Adventures","potentialAction":[{"@type":"SearchAction","target":{"@type":"EntryPoint","urlTemplate":"https:\/\/www.ericadventures.com\/en\/?s={search_term_string}"},"query-input":{"@type":"PropertyValueSpecification","valueRequired":true,"valueName":"search_term_string"}}],"inLanguage":"it-IT"},{"@type":"Organization","@id":"https:\/\/www.ericadventures.com\/en\/#organization","name":"Eric Adventures","url":"https:\/\/www.ericadventures.com\/en\/","logo":{"@type":"ImageObject","inLanguage":"it-IT","@id":"https:\/\/www.ericadventures.com\/en\/#\/schema\/logo\/image\/","url":"https:\/\/www.ericadventures.com\/wp-content\/uploads\/logo-ericadventures.png","contentUrl":"https:\/\/www.ericadventures.com\/wp-content\/uploads\/logo-ericadventures.png","width":500,"height":106,"caption":"Eric Adventures"},"image":{"@id":"https:\/\/www.ericadventures.com\/en\/#\/schema\/logo\/image\/"}}]}},"coauthors":[],"author_meta":{"author_link":"https:\/\/www.ericadventures.com\/it\/author\/marilyn\/","display_name":"Marilyn Ayma Gomez"},"relative_dates":{"created":"Pubblicato 2 anni fa","modified":"Aggiornato 7 mesi fa"},"absolute_dates":{"created":"Pubblicato il Febbraio 16, 2024","modified":"Aggiornato il Ottobre 10, 2025"},"absolute_dates_time":{"created":"Pubblicato il Febbraio 16, 2024 11:17 am","modified":"Aggiornato il Ottobre 10, 2025 12:16 pm"},"featured_img_caption":"","featured_img":"https:\/\/www.ericadventures.com\/wp-content\/uploads\/peru-lima-lunahuana-rafting-adventure-tours2.jpg","series_order":"","_links":{"self":[{"href":"https:\/\/www.ericadventures.com\/it\/wp-json\/wp\/v2\/pages\/12036","targetHints":{"allow":["GET"]}}],"collection":[{"href":"https:\/\/www.ericadventures.com\/it\/wp-json\/wp\/v2\/pages"}],"about":[{"href":"https:\/\/www.ericadventures.com\/it\/wp-json\/wp\/v2\/types\/page"}],"author":[{"embeddable":true,"href":"https:\/\/www.ericadventures.com\/it\/wp-json\/wp\/v2\/users\/4"}],"replies":[{"embeddable":true,"href":"https:\/\/www.ericadventures.com\/it\/wp-json\/wp\/v2\/comments?post=12036"}],"version-history":[{"count":6,"href":"https:\/\/www.ericadventures.com\/it\/wp-json\/wp\/v2\/pages\/12036\/revisions"}],"predecessor-version":[{"id":41396,"href":"https:\/\/www.ericadventures.com\/it\/wp-json\/wp\/v2\/pages\/12036\/revisions\/41396"}],"up":[{"embeddable":true,"href":"https:\/\/www.ericadventures.com\/it\/wp-json\/wp\/v2\/pages\/234"}],"wp:featuredmedia":[{"embeddable":true,"href":"https:\/\/www.ericadventures.com\/it\/wp-json\/wp\/v2\/media\/12012"}],"wp:attachment":[{"href":"https:\/\/www.ericadventures.com\/it\/wp-json\/wp\/v2\/media?parent=12036"}],"curies":[{"name":"wp","href":"https:\/\/api.w.org\/{rel}","templated":true}]}}