{"id":12462,"date":"2024-02-20T12:02:39","date_gmt":"2024-02-20T17:02:39","guid":{"rendered":"https:\/\/www.ericadventures.com\/media-dia-ciclismo-city-tour-cusco\/"},"modified":"2025-10-29T15:36:23","modified_gmt":"2025-10-29T20:36:23","slug":"mezza-giornata-di-ciclismo-cusco","status":"publish","type":"page","link":"https:\/\/www.ericadventures.com\/it\/cusco\/cusco-peru-ciclismo-montagna\/mezza-giornata-di-ciclismo-cusco\/","title":{"rendered":"HD Ciclismo Cusco &#8211; Citt\u00e0"},"content":{"rendered":"<div class=\"wp-block-image\">\n<figure class=\"alignleft size-full is-resized\"><img loading=\"lazy\" decoding=\"async\" width=\"651\" height=\"423\" src=\"https:\/\/www.ericadventures.com\/wp-content\/uploads\/bike-city-tour-cusco-05-1.jpg\" alt=\"\" class=\"wp-image-12455\" style=\"aspect-ratio:1.7777777777777777;object-fit:cover;width:416px;height:auto\" srcset=\"https:\/\/www.ericadventures.com\/wp-content\/uploads\/bike-city-tour-cusco-05-1.jpg 651w, https:\/\/www.ericadventures.com\/wp-content\/uploads\/bike-city-tour-cusco-05-1-300x195.jpg 300w\" sizes=\"auto, (max-width: 651px) 100vw, 651px\" \/><\/figure>\n<\/div>\n\n\n<p>Conoscere in bicicletta le antiche e affascinanti strade che attraversano la citt\u00e0 imperiale degli Inca fino ai confini dei loro 4 stati Inca, un percorso di circa 13 chilometri in salita, pianura e discesa.<\/p>\n\n\n\n<p><\/p>\n\n\n\n<p><\/p>\n\n\n\n<p><\/p>\n\n\n\n<p><\/p>\n\n\n\n<h2 class=\"wp-block-heading\" id=\"h-itinerario\">Itinerario<\/h2>\n\n\n\n<p>Alle 9:00hrs, cerchiamo i nostri passeggeri nel loro hotel nel centro di Cusco, per andare la prima strada da Chinchaysuyo al punto di vista della chiesa di San Cristobal, dove avremo una spettacolare e bella vista panoramica della citt\u00e0 di Cusco; Continueremo il percorso verso Arcopata, il punto pi\u00f9 alto del percorso e poi scenderemo a Qoripata per continuare a pedalare fino a alameda Pachacutec, dove potremo entrare nell&#8217;omonimo monumento, qui conosceremo miti, leggende e dati diversi della citt\u00e0, culmineremo il percorso all&#8217;interno del monumento salendo fino al belvedere situato a poco pi\u00f9 di 20 metri di altezza dove potremo osservare parte del sud di Cusco. Seguiremo il percorso fino a Limac Pampa e saliremo per il vecchio Barrio San Blas, dove visiteremo il Tempio di San Blas, uno dei primi ad essere costruito a Cusco e che al momento espone importanti collezioni di dipinti; terminata la visita, andremo alla Plaza Regocijo, dove termina il nostro percorso.<\/p>\n\n\n\n<p>* Possiamo anche fare questo tour con biciclette elettriche, controllare i nostri prezzi via e-mail. <\/p>\n\n\n\n<h2 class=\"wp-block-heading\" id=\"h-incluso\">incluso<\/h2>\n\n\n\n<ul class=\"wp-block-list\">\n<li>Pick up dall&#8217;hotel nel centro di Cusco<\/li>\n\n\n\n<li>Guida professionale spagnolo\/inglese<\/li>\n\n\n\n<li>Mountain Bike Doppia Sospensione Doppia Sospensione<\/li>\n\n\n\n<li>Casco e guanti<\/li>\n\n\n\n<li>Kit di pronto soccorso<\/li>\n\n\n\n<li>Reddito<\/li>\n<\/ul>\n\n\n\n<h3 class=\"wp-block-heading\" id=\"h-non-incluso\">NON INCLUSO<\/h3>\n\n\n\n<ul class=\"wp-block-list\">\n<li>Gratuit\u00e0<\/li>\n\n\n\n<li>Extra<\/li>\n\n\n\n<li>Pasti<\/li>\n<\/ul>\n\n\n\n<h3 class=\"wp-block-heading\" id=\"h-raccomandazioni\">RACCOMANDAZIONI<\/h3>\n\n\n\n<ul class=\"wp-block-list\">\n<li>Zaino piccolo<\/li>\n\n\n\n<li>Abbigliamento sportivo<\/li>\n\n\n\n<li>Acqua minerale<\/li>\n\n\n\n<li>Blocco solare<\/li>\n\n\n\n<li>Occhiali da sole.<\/li>\n\n\n\n<li>Fotocamera<\/li>\n<\/ul>\n\n\n\n<h2 class=\"wp-block-heading\" id=\"h-prezzi-a-persona-in-dollari-statunitensi\">PREZZI (A PERSONA IN DOLLARI STATUNITENSI)<\/h2>\n\n\n\n<p><strong>SERVIZIO PRIVATO<\/strong><\/p>\n\n\n\n<ul class=\"wp-block-list\">\n<li>Prezzo a persona: US$ 95(minimo 2 persone)<\/li>\n<\/ul>\n\n\n\n<p>*Prezzi di riferimento soggetti a disponibilit\u00e0 e stagione.<\/p>\n\n\n\n<h2 class=\"wp-block-heading\" id=\"h-mappe\">MAPPE<\/h2>\n\n\n\n<figure class=\"wp-block-gallery has-nested-images columns-default wp-block-gallery-1 is-layout-flex wp-block-gallery-is-layout-flex\">\n<figure class=\"wp-block-image size-thumbnail is-style-default\"><a href=\"https:\/\/www.ericadventures.com\/wp-content\/uploads\/bike-city-tour-cusco-map.jpg\"><img loading=\"lazy\" decoding=\"async\" width=\"150\" height=\"150\" data-id=\"12409\" src=\"https:\/\/www.ericadventures.com\/wp-content\/uploads\/bike-city-tour-cusco-map-150x150.jpg\" alt=\"\" class=\"wp-image-12409\"\/><\/a><\/figure>\n<\/figure>\n\n\n\n<h2 class=\"wp-block-heading\" id=\"h-foto\"><strong> FOTO<\/strong><\/h2>\n\n\n\n<figure class=\"wp-block-gallery has-nested-images columns-8 is-cropped wp-block-gallery-2 is-layout-flex wp-block-gallery-is-layout-flex\">\n<figure class=\"wp-block-image size-thumbnail\"><a href=\"https:\/\/www.ericadventures.com\/wp-content\/uploads\/bike-city-tour-cusco-08.jpg\"><img loading=\"lazy\" decoding=\"async\" width=\"150\" height=\"150\" data-id=\"12414\" src=\"https:\/\/www.ericadventures.com\/wp-content\/uploads\/bike-city-tour-cusco-08-150x150.jpg\" alt=\"\" class=\"wp-image-12414\"\/><\/a><\/figure>\n\n\n\n<figure class=\"wp-block-image size-thumbnail\"><a href=\"https:\/\/www.ericadventures.com\/wp-content\/uploads\/bike-city-tour-cusco-07.jpg\"><img loading=\"lazy\" decoding=\"async\" width=\"150\" height=\"150\" data-id=\"12416\" src=\"https:\/\/www.ericadventures.com\/wp-content\/uploads\/bike-city-tour-cusco-07-150x150.jpg\" alt=\"\" class=\"wp-image-12416\"\/><\/a><\/figure>\n\n\n\n<figure class=\"wp-block-image size-thumbnail\"><a href=\"https:\/\/www.ericadventures.com\/wp-content\/uploads\/bike-city-tour-cusco-06.jpg\"><img loading=\"lazy\" decoding=\"async\" width=\"150\" height=\"150\" data-id=\"12426\" src=\"https:\/\/www.ericadventures.com\/wp-content\/uploads\/bike-city-tour-cusco-06-150x150.jpg\" alt=\"\" class=\"wp-image-12426\"\/><\/a><\/figure>\n\n\n\n<figure class=\"wp-block-image size-thumbnail\"><a href=\"https:\/\/www.ericadventures.com\/wp-content\/uploads\/bike-city-tour-cusco-05.jpg\"><img loading=\"lazy\" decoding=\"async\" width=\"150\" height=\"150\" data-id=\"12424\" src=\"https:\/\/www.ericadventures.com\/wp-content\/uploads\/bike-city-tour-cusco-05-150x150.jpg\" alt=\"\" class=\"wp-image-12424\"\/><\/a><\/figure>\n\n\n\n<figure class=\"wp-block-image size-thumbnail\"><a href=\"https:\/\/www.ericadventures.com\/wp-content\/uploads\/bike-city-tour-cusco-04.jpg\"><img loading=\"lazy\" decoding=\"async\" width=\"150\" height=\"150\" data-id=\"12439\" src=\"https:\/\/www.ericadventures.com\/wp-content\/uploads\/bike-city-tour-cusco-04-150x150.jpg\" alt=\"\" class=\"wp-image-12439\"\/><\/a><\/figure>\n\n\n\n<figure class=\"wp-block-image size-thumbnail\"><a href=\"https:\/\/www.ericadventures.com\/wp-content\/uploads\/bike-city-tour-cusco-03.jpg\"><img loading=\"lazy\" decoding=\"async\" width=\"150\" height=\"150\" data-id=\"12434\" src=\"https:\/\/www.ericadventures.com\/wp-content\/uploads\/bike-city-tour-cusco-03-150x150.jpg\" alt=\"\" class=\"wp-image-12434\"\/><\/a><\/figure>\n\n\n\n<figure class=\"wp-block-image size-thumbnail\"><a href=\"https:\/\/www.ericadventures.com\/wp-content\/uploads\/bike-city-tour-cusco-02.jpg\"><img loading=\"lazy\" decoding=\"async\" width=\"150\" height=\"150\" data-id=\"12442\" src=\"https:\/\/www.ericadventures.com\/wp-content\/uploads\/bike-city-tour-cusco-02-150x150.jpg\" alt=\"\" class=\"wp-image-12442\"\/><\/a><\/figure>\n\n\n\n<figure class=\"wp-block-image size-thumbnail\"><a href=\"https:\/\/www.ericadventures.com\/wp-content\/uploads\/bike-city-tour-cusco-01.jpg\"><img loading=\"lazy\" decoding=\"async\" width=\"150\" height=\"150\" data-id=\"12447\" src=\"https:\/\/www.ericadventures.com\/wp-content\/uploads\/bike-city-tour-cusco-01-150x150.jpg\" alt=\"\" class=\"wp-image-12447\"\/><\/a><\/figure>\n<\/figure>\n\n\n\n<h2 class=\"wp-block-heading\" id=\"h-modulo-di-contatto\"><strong>modulo di contatto<\/strong><\/h2>\n\n\n\n<div class=\"wp-block-contact-form-7-contact-form-selector\">\n<div class=\"wpcf7 no-js\" id=\"wpcf7-f6170-o1\" lang=\"es-ES\" dir=\"ltr\" data-wpcf7-id=\"6170\">\n<div class=\"screen-reader-response\"><p role=\"status\" aria-live=\"polite\" aria-atomic=\"true\"><\/p> <ul><\/ul><\/div>\n<form action=\"\/it\/wp-json\/wp\/v2\/pages\/12462#wpcf7-f6170-o1\" method=\"post\" class=\"wpcf7-form init\" aria-label=\"Formulario de contacto\" novalidate=\"novalidate\" data-status=\"init\">\n<fieldset class=\"hidden-fields-container\"><input type=\"hidden\" name=\"_wpcf7\" value=\"6170\" \/><input type=\"hidden\" name=\"_wpcf7_version\" value=\"6.1.5\" \/><input type=\"hidden\" name=\"_wpcf7_locale\" value=\"es_ES\" \/><input type=\"hidden\" name=\"_wpcf7_unit_tag\" value=\"wpcf7-f6170-o1\" \/><input type=\"hidden\" name=\"_wpcf7_container_post\" value=\"0\" \/><input type=\"hidden\" name=\"_wpcf7_posted_data_hash\" value=\"\" \/>\n<\/fieldset>\n<div class=\"wpcf7-turnstile cf-turnstile\" data-sitekey=\"0x4AAAAAACZ2CLxkDaDac8NW\" data-response-field-name=\"_wpcf7_turnstile_response\"><\/div>\n\n<div class=\"formt\">\n    <span class=\"textform\">Per prenotazioni o maggiori informazioni compila il seguente modulo cliente\/ospite: <\/span>\n    <input class=\"wpcf7-form-control wpcf7-hidden\" value=\"https:\/\/www.ericadventures.com\/it\/wp-json\/wp\/v2\/pages\/12462\" type=\"hidden\" name=\"Url_Tour\" \/>\n    <input class=\"wpcf7-form-control wpcf7-hidden\" value=\"it\" type=\"hidden\" name=\"Idioma\" \/>\n    <input class=\"wpcf7-form-control wpcf7-hidden\" value=\"01\/05\/2026 05:35:08\" type=\"hidden\" name=\"Fecha_Hora\" \/>\n    <input class=\"wpcf7-form-control wpcf7-hidden\" value=\"216.73.216.6\" type=\"hidden\" name=\"Ip\" \/>\n    <input class=\"wpcf7-form-control wpcf7-hidden\" value=\"HD Ciclismo Cusco &#8211; Citt\u00e0\" type=\"hidden\" name=\"Nombre_Tour\" \/>\n    <input class=\"wpcf7-form-control wpcf7-hidden\" value=\"1\" type=\"hidden\" name=\"enviar_excel\" \/>\n\n    <div class=\"g2\">\n        <div>\n            <label>Nome: <\/label>\n            <span class=\"wpcf7-form-control-wrap\" data-name=\"Nombre\"><input size=\"40\" maxlength=\"400\" class=\"wpcf7-form-control wpcf7-text wpcf7-validates-as-required\" aria-required=\"true\" aria-invalid=\"false\" value=\"\" type=\"text\" name=\"Nombre\" \/><\/span>\n        <\/div>\n        <div>\n            <label>E-mail: <\/label>\n            <span class=\"wpcf7-form-control-wrap\" data-name=\"Emails\"><input size=\"40\" maxlength=\"400\" class=\"wpcf7-form-control wpcf7-email wpcf7-validates-as-required wpcf7-text wpcf7-validates-as-email\" aria-required=\"true\" aria-invalid=\"false\" value=\"\" type=\"email\" name=\"Emails\" \/><\/span>\n        <\/div>\n    <\/div>\n    \n    <div class=\"g2\">\n        <div>\n            <label>Paese: <\/label>\n            <span class=\"wpcf7-form-control-wrap\" data-name=\"Pais\"><input size=\"40\" maxlength=\"400\" class=\"wpcf7-form-control wpcf7-text\" aria-invalid=\"false\" value=\"\" type=\"text\" name=\"Pais\" \/><\/span>\n        <\/div>\n        <div>\n            <label>Telefono - Whatsapp: <\/label>\n            <span class=\"wpcf7-form-control-wrap\" data-name=\"Whatsapp\"><input size=\"40\" class=\"wpcf7-form-control wpcf7-phonetext wpcf7-text wpcf7-validates-as-phonetext\" aria-invalid=\"false\" value=\"\" type=\"text\" name=\"Whatsapp\" \/><input type=\"hidden\" name=\"Whatsapp-country-code\" class=\"wpcf7-phonetext-country-code\" \/><\/span>\n        <\/div>\n    <\/div>\n    \n    <div class=\"g2\">\n        <div>\n            <label>Numero di adulti: <\/label>\n            <span class=\"wpcf7-form-control-wrap\" data-name=\"Adultos\"><select class=\"wpcf7-form-control wpcf7-select wpcf7-validates-as-required\" aria-required=\"true\" aria-invalid=\"false\" name=\"Adultos\"><option value=\"1\">1<\/option><option value=\"2\">2<\/option><option value=\"3\">3<\/option><option value=\"4\">4<\/option><option value=\"5\">5<\/option><option value=\"6\">6<\/option><option value=\"7\">7<\/option><option value=\"8\">8<\/option><option value=\"9\">9<\/option><option value=\"10\">10<\/option><option value=\"11\">11<\/option><option value=\"12 o pi\u00f9\">12 o pi\u00f9<\/option><\/select><\/span>\n        <\/div>\n        <div>\n            <label>Numero di bambini: <\/label>\n            <span class=\"wpcf7-form-control-wrap\" data-name=\"Ninos\"><select class=\"wpcf7-form-control wpcf7-select wpcf7-validates-as-required\" aria-required=\"true\" aria-invalid=\"false\" name=\"Ninos\"><option value=\"0\">0<\/option><option value=\"1\">1<\/option><option value=\"2\">2<\/option><option value=\"3\">3<\/option><option value=\"4\">4<\/option><option value=\"5\">5<\/option><option value=\"6\">6<\/option><option value=\"7\">7<\/option><option value=\"8\">8<\/option><option value=\"9\">9<\/option><option value=\"10\">10<\/option><option value=\"11\">11<\/option><option value=\"12 o pi\u00f9\">12 o pi\u00f9<\/option><\/select><\/span>\n        <\/div>\n    <\/div>\n    \n    <div class=\"g2\">\n        <div>\n            <label>Data di inizio del tour: <\/label>\n            <span class=\"wpcf7-form-control-wrap\" data-name=\"Inicio\"><input class=\"wpcf7-form-control wpcf7-date wpcf7-validates-as-required wpcf7-validates-as-date\" id=\"inicio\" min=\"2026-05-01\" aria-required=\"true\" aria-invalid=\"false\" value=\"\" type=\"date\" name=\"Inicio\" \/><\/span>\n        <\/div>\n        <div>\n            <label>Data di fine del tour: <\/label>\n            <span class=\"wpcf7-form-control-wrap\" data-name=\"Final\"><input class=\"wpcf7-form-control wpcf7-date wpcf7-validates-as-required wpcf7-validates-as-date\" id=\"final\" min=\"2026-05-01\" aria-required=\"true\" aria-invalid=\"false\" value=\"\" type=\"date\" name=\"Final\" \/><\/span>\n        <\/div>\n    <\/div>\n    \n    <div>\n        <label>Commenti o domande: <\/label>\n        <span class=\"wpcf7-form-control-wrap\" data-name=\"Mensaje\"><textarea cols=\"40\" rows=\"10\" maxlength=\"2000\" class=\"wpcf7-form-control wpcf7-textarea wpcf7-validates-as-required\" aria-required=\"true\" aria-invalid=\"false\" placeholder=\"Si prega di specificare il tipo di SERVIZIO\/TOUR che si desidera effettuare\" name=\"Mensaje\"><\/textarea><\/span>\n    <\/div>\n    \n    <input class=\"wpcf7-form-control wpcf7-submit has-spinner btnsend\" type=\"submit\" value=\"INVIA MESSAGGIO\" \/>\n<\/div><div class=\"wpcf7-response-output\" aria-hidden=\"true\"><\/div>\n<\/form>\n<\/div>\n<\/div>\n","protected":false},"excerpt":{"rendered":"<p>Conoscere in bicicletta le antiche e affascinanti strade che attraversano la citt\u00e0 imperiale degli Inca fino ai confini dei loro [&hellip;]<\/p>\n","protected":false},"author":3,"featured_media":12458,"parent":13253,"menu_order":0,"comment_status":"closed","ping_status":"closed","template":"page-tour.php","meta":{"_acf_changed":false,"advgb_blocks_editor_width":"","advgb_blocks_columns_visual_guide":"","footnotes":""},"class_list":["post-12462","page","type-page","status-publish","has-post-thumbnail","hentry"],"acf":[],"yoast_head":"<!-- This site is optimized with the Yoast SEO Premium plugin v25.4 (Yoast SEO v26.9) - https:\/\/yoast.com\/product\/yoast-seo-premium-wordpress\/ -->\n<title>HD Tour in bici a Cusco<\/title>\n<meta name=\"description\" content=\"Scopri in bicicletta gli antichi sentieri della citt\u00e0 imperiale degli Inca, esplorando fino ai confini delle quattro citt\u00e0.\" \/>\n<meta name=\"robots\" content=\"index, follow, max-snippet:-1, max-image-preview:large, max-video-preview:-1\" \/>\n<link rel=\"canonical\" href=\"https:\/\/www.ericadventures.com\/it\/cusco\/cusco-peru-ciclismo-montagna\/mezza-giornata-di-ciclismo-cusco\/\" \/>\n<meta property=\"og:locale\" content=\"it_IT\" \/>\n<meta property=\"og:type\" content=\"article\" \/>\n<meta property=\"og:title\" content=\"HD Ciclismo Cusco - Citt\u00e0\" \/>\n<meta property=\"og:description\" content=\"Scopri in bicicletta gli antichi sentieri della citt\u00e0 imperiale degli Inca, esplorando fino ai confini delle quattro citt\u00e0.\" \/>\n<meta property=\"og:url\" content=\"https:\/\/www.ericadventures.com\/it\/cusco\/cusco-peru-ciclismo-montagna\/mezza-giornata-di-ciclismo-cusco\/\" \/>\n<meta property=\"og:site_name\" content=\"Eric Adventures\" \/>\n<meta property=\"article:modified_time\" content=\"2025-10-29T20:36:23+00:00\" \/>\n<meta property=\"og:image\" content=\"https:\/\/www.ericadventures.com\/wp-content\/uploads\/bike-city-tour-cusco-05-1.jpg\" \/>\n\t<meta property=\"og:image:width\" content=\"651\" \/>\n\t<meta property=\"og:image:height\" content=\"423\" \/>\n\t<meta property=\"og:image:type\" content=\"image\/jpeg\" \/>\n<meta name=\"twitter:card\" content=\"summary_large_image\" \/>\n<meta name=\"twitter:label1\" content=\"Tempo di lettura stimato\" \/>\n\t<meta name=\"twitter:data1\" content=\"4 minuti\" \/>\n<script type=\"application\/ld+json\" class=\"yoast-schema-graph\">{\"@context\":\"https:\/\/schema.org\",\"@graph\":[{\"@type\":\"WebPage\",\"@id\":\"https:\/\/www.ericadventures.com\/it\/cusco\/cusco-peru-ciclismo-montagna\/mezza-giornata-di-ciclismo-cusco\/\",\"url\":\"https:\/\/www.ericadventures.com\/it\/cusco\/cusco-peru-ciclismo-montagna\/mezza-giornata-di-ciclismo-cusco\/\",\"name\":\"HD Tour in bici a Cusco\",\"isPartOf\":{\"@id\":\"https:\/\/www.ericadventures.com\/en\/#website\"},\"primaryImageOfPage\":{\"@id\":\"https:\/\/www.ericadventures.com\/it\/cusco\/cusco-peru-ciclismo-montagna\/mezza-giornata-di-ciclismo-cusco\/#primaryimage\"},\"image\":{\"@id\":\"https:\/\/www.ericadventures.com\/it\/cusco\/cusco-peru-ciclismo-montagna\/mezza-giornata-di-ciclismo-cusco\/#primaryimage\"},\"thumbnailUrl\":\"https:\/\/www.ericadventures.com\/wp-content\/uploads\/bike-city-tour-cusco-05-1.jpg\",\"datePublished\":\"2024-02-20T17:02:39+00:00\",\"dateModified\":\"2025-10-29T20:36:23+00:00\",\"description\":\"Scopri in bicicletta gli antichi sentieri della citt\u00e0 imperiale degli Inca, esplorando fino ai confini delle quattro citt\u00e0.\",\"breadcrumb\":{\"@id\":\"https:\/\/www.ericadventures.com\/it\/cusco\/cusco-peru-ciclismo-montagna\/mezza-giornata-di-ciclismo-cusco\/#breadcrumb\"},\"inLanguage\":\"it-IT\",\"potentialAction\":[{\"@type\":\"ReadAction\",\"target\":[\"https:\/\/www.ericadventures.com\/it\/cusco\/cusco-peru-ciclismo-montagna\/mezza-giornata-di-ciclismo-cusco\/\"]}]},{\"@type\":\"ImageObject\",\"inLanguage\":\"it-IT\",\"@id\":\"https:\/\/www.ericadventures.com\/it\/cusco\/cusco-peru-ciclismo-montagna\/mezza-giornata-di-ciclismo-cusco\/#primaryimage\",\"url\":\"https:\/\/www.ericadventures.com\/wp-content\/uploads\/bike-city-tour-cusco-05-1.jpg\",\"contentUrl\":\"https:\/\/www.ericadventures.com\/wp-content\/uploads\/bike-city-tour-cusco-05-1.jpg\",\"width\":651,\"height\":423,\"caption\":\"Half-Day Cycling City Tour Cusco\"},{\"@type\":\"BreadcrumbList\",\"@id\":\"https:\/\/www.ericadventures.com\/it\/cusco\/cusco-peru-ciclismo-montagna\/mezza-giornata-di-ciclismo-cusco\/#breadcrumb\",\"itemListElement\":[{\"@type\":\"ListItem\",\"position\":1,\"name\":\"Home\",\"item\":\"https:\/\/www.ericadventures.com\/it\/\"},{\"@type\":\"ListItem\",\"position\":2,\"name\":\"Tours in Cusco\",\"item\":\"https:\/\/www.ericadventures.com\/it\/cusco\/\"},{\"@type\":\"ListItem\",\"position\":3,\"name\":\"Ciclismo Di Montagna\",\"item\":\"https:\/\/www.ericadventures.com\/it\/cusco\/cusco-peru-ciclismo-montagna\/\"},{\"@type\":\"ListItem\",\"position\":4,\"name\":\"HD Ciclismo Cusco &#8211; Citt\u00e0\"}]},{\"@type\":\"WebSite\",\"@id\":\"https:\/\/www.ericadventures.com\/en\/#website\",\"url\":\"https:\/\/www.ericadventures.com\/en\/\",\"name\":\"Eric Adventures\",\"description\":\"\",\"publisher\":{\"@id\":\"https:\/\/www.ericadventures.com\/en\/#organization\"},\"alternateName\":\"Eric Adventures\",\"potentialAction\":[{\"@type\":\"SearchAction\",\"target\":{\"@type\":\"EntryPoint\",\"urlTemplate\":\"https:\/\/www.ericadventures.com\/en\/?s={search_term_string}\"},\"query-input\":{\"@type\":\"PropertyValueSpecification\",\"valueRequired\":true,\"valueName\":\"search_term_string\"}}],\"inLanguage\":\"it-IT\"},{\"@type\":\"Organization\",\"@id\":\"https:\/\/www.ericadventures.com\/en\/#organization\",\"name\":\"Eric Adventures\",\"url\":\"https:\/\/www.ericadventures.com\/en\/\",\"logo\":{\"@type\":\"ImageObject\",\"inLanguage\":\"it-IT\",\"@id\":\"https:\/\/www.ericadventures.com\/en\/#\/schema\/logo\/image\/\",\"url\":\"https:\/\/www.ericadventures.com\/wp-content\/uploads\/logo-ericadventures.png\",\"contentUrl\":\"https:\/\/www.ericadventures.com\/wp-content\/uploads\/logo-ericadventures.png\",\"width\":500,\"height\":106,\"caption\":\"Eric Adventures\"},\"image\":{\"@id\":\"https:\/\/www.ericadventures.com\/en\/#\/schema\/logo\/image\/\"}}]}<\/script>\n<!-- \/ Yoast SEO Premium plugin. -->","yoast_head_json":{"title":"HD Tour in bici a Cusco","description":"Scopri in bicicletta gli antichi sentieri della citt\u00e0 imperiale degli Inca, esplorando fino ai confini delle quattro citt\u00e0.","robots":{"index":"index","follow":"follow","max-snippet":"max-snippet:-1","max-image-preview":"max-image-preview:large","max-video-preview":"max-video-preview:-1"},"canonical":"https:\/\/www.ericadventures.com\/it\/cusco\/cusco-peru-ciclismo-montagna\/mezza-giornata-di-ciclismo-cusco\/","og_locale":"it_IT","og_type":"article","og_title":"HD Ciclismo Cusco - Citt\u00e0","og_description":"Scopri in bicicletta gli antichi sentieri della citt\u00e0 imperiale degli Inca, esplorando fino ai confini delle quattro citt\u00e0.","og_url":"https:\/\/www.ericadventures.com\/it\/cusco\/cusco-peru-ciclismo-montagna\/mezza-giornata-di-ciclismo-cusco\/","og_site_name":"Eric Adventures","article_modified_time":"2025-10-29T20:36:23+00:00","og_image":[{"width":651,"height":423,"url":"https:\/\/www.ericadventures.com\/wp-content\/uploads\/bike-city-tour-cusco-05-1.jpg","type":"image\/jpeg"}],"twitter_card":"summary_large_image","twitter_misc":{"Tempo di lettura stimato":"4 minuti"},"schema":{"@context":"https:\/\/schema.org","@graph":[{"@type":"WebPage","@id":"https:\/\/www.ericadventures.com\/it\/cusco\/cusco-peru-ciclismo-montagna\/mezza-giornata-di-ciclismo-cusco\/","url":"https:\/\/www.ericadventures.com\/it\/cusco\/cusco-peru-ciclismo-montagna\/mezza-giornata-di-ciclismo-cusco\/","name":"HD Tour in bici a Cusco","isPartOf":{"@id":"https:\/\/www.ericadventures.com\/en\/#website"},"primaryImageOfPage":{"@id":"https:\/\/www.ericadventures.com\/it\/cusco\/cusco-peru-ciclismo-montagna\/mezza-giornata-di-ciclismo-cusco\/#primaryimage"},"image":{"@id":"https:\/\/www.ericadventures.com\/it\/cusco\/cusco-peru-ciclismo-montagna\/mezza-giornata-di-ciclismo-cusco\/#primaryimage"},"thumbnailUrl":"https:\/\/www.ericadventures.com\/wp-content\/uploads\/bike-city-tour-cusco-05-1.jpg","datePublished":"2024-02-20T17:02:39+00:00","dateModified":"2025-10-29T20:36:23+00:00","description":"Scopri in bicicletta gli antichi sentieri della citt\u00e0 imperiale degli Inca, esplorando fino ai confini delle quattro citt\u00e0.","breadcrumb":{"@id":"https:\/\/www.ericadventures.com\/it\/cusco\/cusco-peru-ciclismo-montagna\/mezza-giornata-di-ciclismo-cusco\/#breadcrumb"},"inLanguage":"it-IT","potentialAction":[{"@type":"ReadAction","target":["https:\/\/www.ericadventures.com\/it\/cusco\/cusco-peru-ciclismo-montagna\/mezza-giornata-di-ciclismo-cusco\/"]}]},{"@type":"ImageObject","inLanguage":"it-IT","@id":"https:\/\/www.ericadventures.com\/it\/cusco\/cusco-peru-ciclismo-montagna\/mezza-giornata-di-ciclismo-cusco\/#primaryimage","url":"https:\/\/www.ericadventures.com\/wp-content\/uploads\/bike-city-tour-cusco-05-1.jpg","contentUrl":"https:\/\/www.ericadventures.com\/wp-content\/uploads\/bike-city-tour-cusco-05-1.jpg","width":651,"height":423,"caption":"Half-Day Cycling City Tour Cusco"},{"@type":"BreadcrumbList","@id":"https:\/\/www.ericadventures.com\/it\/cusco\/cusco-peru-ciclismo-montagna\/mezza-giornata-di-ciclismo-cusco\/#breadcrumb","itemListElement":[{"@type":"ListItem","position":1,"name":"Home","item":"https:\/\/www.ericadventures.com\/it\/"},{"@type":"ListItem","position":2,"name":"Tours in Cusco","item":"https:\/\/www.ericadventures.com\/it\/cusco\/"},{"@type":"ListItem","position":3,"name":"Ciclismo Di Montagna","item":"https:\/\/www.ericadventures.com\/it\/cusco\/cusco-peru-ciclismo-montagna\/"},{"@type":"ListItem","position":4,"name":"HD Ciclismo Cusco &#8211; Citt\u00e0"}]},{"@type":"WebSite","@id":"https:\/\/www.ericadventures.com\/en\/#website","url":"https:\/\/www.ericadventures.com\/en\/","name":"Eric Adventures","description":"","publisher":{"@id":"https:\/\/www.ericadventures.com\/en\/#organization"},"alternateName":"Eric Adventures","potentialAction":[{"@type":"SearchAction","target":{"@type":"EntryPoint","urlTemplate":"https:\/\/www.ericadventures.com\/en\/?s={search_term_string}"},"query-input":{"@type":"PropertyValueSpecification","valueRequired":true,"valueName":"search_term_string"}}],"inLanguage":"it-IT"},{"@type":"Organization","@id":"https:\/\/www.ericadventures.com\/en\/#organization","name":"Eric Adventures","url":"https:\/\/www.ericadventures.com\/en\/","logo":{"@type":"ImageObject","inLanguage":"it-IT","@id":"https:\/\/www.ericadventures.com\/en\/#\/schema\/logo\/image\/","url":"https:\/\/www.ericadventures.com\/wp-content\/uploads\/logo-ericadventures.png","contentUrl":"https:\/\/www.ericadventures.com\/wp-content\/uploads\/logo-ericadventures.png","width":500,"height":106,"caption":"Eric Adventures"},"image":{"@id":"https:\/\/www.ericadventures.com\/en\/#\/schema\/logo\/image\/"}}]}},"coauthors":[],"author_meta":{"author_link":"https:\/\/www.ericadventures.com\/it\/author\/joaco\/","display_name":"Joaqu\u00edn Arenas Hermoza"},"relative_dates":{"created":"Pubblicato 2 anni fa","modified":"Aggiornato 6 mesi fa"},"absolute_dates":{"created":"Pubblicato il Febbraio 20, 2024","modified":"Aggiornato il Ottobre 29, 2025"},"absolute_dates_time":{"created":"Pubblicato il Febbraio 20, 2024 12:02 pm","modified":"Aggiornato il Ottobre 29, 2025 3:36 pm"},"featured_img_caption":"","featured_img":"https:\/\/www.ericadventures.com\/wp-content\/uploads\/bike-city-tour-cusco-05-1.jpg","series_order":"","_links":{"self":[{"href":"https:\/\/www.ericadventures.com\/it\/wp-json\/wp\/v2\/pages\/12462","targetHints":{"allow":["GET"]}}],"collection":[{"href":"https:\/\/www.ericadventures.com\/it\/wp-json\/wp\/v2\/pages"}],"about":[{"href":"https:\/\/www.ericadventures.com\/it\/wp-json\/wp\/v2\/types\/page"}],"author":[{"embeddable":true,"href":"https:\/\/www.ericadventures.com\/it\/wp-json\/wp\/v2\/users\/3"}],"replies":[{"embeddable":true,"href":"https:\/\/www.ericadventures.com\/it\/wp-json\/wp\/v2\/comments?post=12462"}],"version-history":[{"count":4,"href":"https:\/\/www.ericadventures.com\/it\/wp-json\/wp\/v2\/pages\/12462\/revisions"}],"predecessor-version":[{"id":42434,"href":"https:\/\/www.ericadventures.com\/it\/wp-json\/wp\/v2\/pages\/12462\/revisions\/42434"}],"up":[{"embeddable":true,"href":"https:\/\/www.ericadventures.com\/it\/wp-json\/wp\/v2\/pages\/13253"}],"wp:featuredmedia":[{"embeddable":true,"href":"https:\/\/www.ericadventures.com\/it\/wp-json\/wp\/v2\/media\/12458"}],"wp:attachment":[{"href":"https:\/\/www.ericadventures.com\/it\/wp-json\/wp\/v2\/media?parent=12462"}],"curies":[{"name":"wp","href":"https:\/\/api.w.org\/{rel}","templated":true}]}}