{"id":12752,"date":"2024-02-24T10:03:04","date_gmt":"2024-02-24T15:03:04","guid":{"rendered":"https:\/\/www.ericadventures.com\/cusco\/cultural-tour\/cusco-maras-moray-half-day-copy\/"},"modified":"2025-07-01T17:23:56","modified_gmt":"2025-07-01T22:23:56","slug":"cusco-peru-comunita","status":"publish","type":"page","link":"https:\/\/www.ericadventures.com\/it\/cusco\/cultural-tour\/cusco-peru-comunita\/","title":{"rendered":"Turismo esperienziale nelle comunit\u00e0 rurali delle Ande"},"content":{"rendered":"<div class=\"wp-block-image\">\n<figure class=\"alignleft size-full is-resized\"><img loading=\"lazy\" decoding=\"async\" width=\"577\" height=\"361\" src=\"https:\/\/www.ericadventures.com\/wp-content\/uploads\/Tejedoras-Pata-bamba.jpg\" alt=\"\" class=\"wp-image-37677\" style=\"width:494px;height:auto\" srcset=\"https:\/\/www.ericadventures.com\/wp-content\/uploads\/Tejedoras-Pata-bamba.jpg 577w, https:\/\/www.ericadventures.com\/wp-content\/uploads\/Tejedoras-Pata-bamba-300x188.jpg 300w\" sizes=\"auto, (max-width: 577px) 100vw, 577px\" \/><\/figure>\n<\/div>\n\n\n<p>I nostri tour nelle comunit\u00e0 rurali delle Ande sono una nuova ed originale alternativa per viaggiare e fare turismo in modo responsabile. I nostri progetti sono in effetti una fonte diretta di sostegno e sviluppo per le comunit\u00e0 con le quali stiamo lavorando.<\/p>\n\n\n\n<p><\/p>\n\n\n\n<p><\/p>\n\n\n\n<ul class=\"wp-block-list\">\n<li>I nostri tour comunitari rappresentano un&#8217;alternativa originale e innovativa per un turismo responsabile che sostiene lo sviluppo locale delle comunit\u00e0 rurali con cui lavoriamo.<\/li>\n\n\n\n<li>Uno degli obiettivi di questi programmi \u00e8 permettere ai turisti di entrare in contatto diretto con la popolazione locale e di conoscere la cultura tradizionale andina.<\/li>\n\n\n\n<li>I nostri programmi offrono una variet\u00e0 di attivit\u00e0 sociali e interattive, organizzate e gestite direttamente dalle comunit\u00e0. I \u200b\u200bbenefici per loro sono davvero significativi, e non solo in termini economici!<\/li>\n\n\n\n<li>Se decidete di visitare Patabamba o Pacchanta, vedrete come la popolazione locale vive e lavora ogni giorno. Inoltre, sarete circondati da paesaggi spettacolari e completamente immersi nella natura.<\/li>\n\n\n\n<li>A Patabamba, imparerete l&#8217;intero processo di tessitura tradizionale e apprenderete anche molti interessanti consigli sulla medicina naturale e l&#8217;agricoltura tradizionale.<\/li>\n\n\n\n<li>A Pacchanta, gli agricoltori di Apu Ausangate vi insegneranno come tosare la lana di alpaca per estrarne la fibra e creare abiti tradizionali.<\/li>\n\n\n\n<li>In entrambe le comunit\u00e0 vivrai esperienze straordinarie che potrai condividere e che probabilmente rappresenteranno alcuni dei ricordi pi\u00f9 belli e memorabili del tuo viaggio in Per\u00f9!<\/li>\n<\/ul>\n","protected":false},"excerpt":{"rendered":"<p>I nostri tour nelle comunit\u00e0 rurali delle Ande sono una nuova ed originale alternativa per viaggiare e fare turismo in [&hellip;]<\/p>\n","protected":false},"author":4,"featured_media":12840,"parent":1606,"menu_order":0,"comment_status":"closed","ping_status":"closed","template":"page-tour.php","meta":{"_acf_changed":false,"advgb_blocks_editor_width":"","advgb_blocks_columns_visual_guide":"","footnotes":""},"class_list":["post-12752","page","type-page","status-publish","has-post-thumbnail","hentry"],"acf":[],"yoast_head":"<!-- This site is optimized with the Yoast SEO Premium plugin v25.4 (Yoast SEO v26.9) - https:\/\/yoast.com\/product\/yoast-seo-premium-wordpress\/ -->\n<title>Turismo comunit\u00e0 rurali delle Ande: Amaru e Pacchanta<\/title>\n<meta name=\"description\" content=\"Comunit\u00e0 rurali in Per\u00f9, come Amaru, dove imparerai la tessitura tradizionale, e Pacchanta, con la sua agricoltura.\" \/>\n<meta name=\"robots\" content=\"index, follow, max-snippet:-1, max-image-preview:large, max-video-preview:-1\" \/>\n<link rel=\"canonical\" href=\"https:\/\/www.ericadventures.com\/it\/cusco\/cultural-tour\/cusco-peru-comunita\/\" \/>\n<meta property=\"og:locale\" content=\"it_IT\" \/>\n<meta property=\"og:type\" content=\"article\" \/>\n<meta property=\"og:title\" content=\"Turismo esperienziale nelle comunit\u00e0 rurali delle Ande\" \/>\n<meta property=\"og:description\" content=\"Comunit\u00e0 rurali in Per\u00f9, come Amaru, dove imparerai la tessitura tradizionale, e Pacchanta, con la sua agricoltura.\" \/>\n<meta property=\"og:url\" content=\"https:\/\/www.ericadventures.com\/it\/cusco\/cultural-tour\/cusco-peru-comunita\/\" \/>\n<meta property=\"og:site_name\" content=\"Eric Adventures\" \/>\n<meta property=\"article:modified_time\" content=\"2025-07-01T22:23:56+00:00\" \/>\n<meta property=\"og:image\" content=\"https:\/\/www.ericadventures.com\/wp-content\/uploads\/Amaru.jpg\" \/>\n\t<meta property=\"og:image:width\" content=\"726\" \/>\n\t<meta property=\"og:image:height\" content=\"422\" \/>\n\t<meta property=\"og:image:type\" content=\"image\/jpeg\" \/>\n<meta name=\"twitter:card\" content=\"summary_large_image\" \/>\n<meta name=\"twitter:label1\" content=\"Tempo di lettura stimato\" \/>\n\t<meta name=\"twitter:data1\" content=\"2 minuti\" \/>\n<script type=\"application\/ld+json\" class=\"yoast-schema-graph\">{\"@context\":\"https:\/\/schema.org\",\"@graph\":[{\"@type\":\"WebPage\",\"@id\":\"https:\/\/www.ericadventures.com\/it\/cusco\/cultural-tour\/cusco-peru-comunita\/\",\"url\":\"https:\/\/www.ericadventures.com\/it\/cusco\/cultural-tour\/cusco-peru-comunita\/\",\"name\":\"Turismo comunit\u00e0 rurali delle Ande: Amaru e Pacchanta\",\"isPartOf\":{\"@id\":\"https:\/\/www.ericadventures.com\/en\/#website\"},\"primaryImageOfPage\":{\"@id\":\"https:\/\/www.ericadventures.com\/it\/cusco\/cultural-tour\/cusco-peru-comunita\/#primaryimage\"},\"image\":{\"@id\":\"https:\/\/www.ericadventures.com\/it\/cusco\/cultural-tour\/cusco-peru-comunita\/#primaryimage\"},\"thumbnailUrl\":\"https:\/\/www.ericadventures.com\/wp-content\/uploads\/Amaru.jpg\",\"datePublished\":\"2024-02-24T15:03:04+00:00\",\"dateModified\":\"2025-07-01T22:23:56+00:00\",\"description\":\"Comunit\u00e0 rurali in Per\u00f9, come Amaru, dove imparerai la tessitura tradizionale, e Pacchanta, con la sua agricoltura.\",\"breadcrumb\":{\"@id\":\"https:\/\/www.ericadventures.com\/it\/cusco\/cultural-tour\/cusco-peru-comunita\/#breadcrumb\"},\"inLanguage\":\"it-IT\",\"potentialAction\":[{\"@type\":\"ReadAction\",\"target\":[\"https:\/\/www.ericadventures.com\/it\/cusco\/cultural-tour\/cusco-peru-comunita\/\"]}]},{\"@type\":\"ImageObject\",\"inLanguage\":\"it-IT\",\"@id\":\"https:\/\/www.ericadventures.com\/it\/cusco\/cultural-tour\/cusco-peru-comunita\/#primaryimage\",\"url\":\"https:\/\/www.ericadventures.com\/wp-content\/uploads\/Amaru.jpg\",\"contentUrl\":\"https:\/\/www.ericadventures.com\/wp-content\/uploads\/Amaru.jpg\",\"width\":726,\"height\":422,\"caption\":\"Communities Tours\"},{\"@type\":\"BreadcrumbList\",\"@id\":\"https:\/\/www.ericadventures.com\/it\/cusco\/cultural-tour\/cusco-peru-comunita\/#breadcrumb\",\"itemListElement\":[{\"@type\":\"ListItem\",\"position\":1,\"name\":\"Home\",\"item\":\"https:\/\/www.ericadventures.com\/it\/\"},{\"@type\":\"ListItem\",\"position\":2,\"name\":\"Tours in Cusco\",\"item\":\"https:\/\/www.ericadventures.com\/it\/cusco\/\"},{\"@type\":\"ListItem\",\"position\":3,\"name\":\"Cultural Tour\",\"item\":\"https:\/\/www.ericadventures.com\/en\/cusco\/cultural-tour\/\"},{\"@type\":\"ListItem\",\"position\":4,\"name\":\"Turismo esperienziale nelle comunit\u00e0 rurali delle Ande\"}]},{\"@type\":\"WebSite\",\"@id\":\"https:\/\/www.ericadventures.com\/en\/#website\",\"url\":\"https:\/\/www.ericadventures.com\/en\/\",\"name\":\"Eric Adventures\",\"description\":\"\",\"publisher\":{\"@id\":\"https:\/\/www.ericadventures.com\/en\/#organization\"},\"alternateName\":\"Eric Adventures\",\"potentialAction\":[{\"@type\":\"SearchAction\",\"target\":{\"@type\":\"EntryPoint\",\"urlTemplate\":\"https:\/\/www.ericadventures.com\/en\/?s={search_term_string}\"},\"query-input\":{\"@type\":\"PropertyValueSpecification\",\"valueRequired\":true,\"valueName\":\"search_term_string\"}}],\"inLanguage\":\"it-IT\"},{\"@type\":\"Organization\",\"@id\":\"https:\/\/www.ericadventures.com\/en\/#organization\",\"name\":\"Eric Adventures\",\"url\":\"https:\/\/www.ericadventures.com\/en\/\",\"logo\":{\"@type\":\"ImageObject\",\"inLanguage\":\"it-IT\",\"@id\":\"https:\/\/www.ericadventures.com\/en\/#\/schema\/logo\/image\/\",\"url\":\"https:\/\/www.ericadventures.com\/wp-content\/uploads\/logo-ericadventures.png\",\"contentUrl\":\"https:\/\/www.ericadventures.com\/wp-content\/uploads\/logo-ericadventures.png\",\"width\":500,\"height\":106,\"caption\":\"Eric Adventures\"},\"image\":{\"@id\":\"https:\/\/www.ericadventures.com\/en\/#\/schema\/logo\/image\/\"}}]}<\/script>\n<!-- \/ Yoast SEO Premium plugin. -->","yoast_head_json":{"title":"Turismo comunit\u00e0 rurali delle Ande: Amaru e Pacchanta","description":"Comunit\u00e0 rurali in Per\u00f9, come Amaru, dove imparerai la tessitura tradizionale, e Pacchanta, con la sua agricoltura.","robots":{"index":"index","follow":"follow","max-snippet":"max-snippet:-1","max-image-preview":"max-image-preview:large","max-video-preview":"max-video-preview:-1"},"canonical":"https:\/\/www.ericadventures.com\/it\/cusco\/cultural-tour\/cusco-peru-comunita\/","og_locale":"it_IT","og_type":"article","og_title":"Turismo esperienziale nelle comunit\u00e0 rurali delle Ande","og_description":"Comunit\u00e0 rurali in Per\u00f9, come Amaru, dove imparerai la tessitura tradizionale, e Pacchanta, con la sua agricoltura.","og_url":"https:\/\/www.ericadventures.com\/it\/cusco\/cultural-tour\/cusco-peru-comunita\/","og_site_name":"Eric Adventures","article_modified_time":"2025-07-01T22:23:56+00:00","og_image":[{"width":726,"height":422,"url":"https:\/\/www.ericadventures.com\/wp-content\/uploads\/Amaru.jpg","type":"image\/jpeg"}],"twitter_card":"summary_large_image","twitter_misc":{"Tempo di lettura stimato":"2 minuti"},"schema":{"@context":"https:\/\/schema.org","@graph":[{"@type":"WebPage","@id":"https:\/\/www.ericadventures.com\/it\/cusco\/cultural-tour\/cusco-peru-comunita\/","url":"https:\/\/www.ericadventures.com\/it\/cusco\/cultural-tour\/cusco-peru-comunita\/","name":"Turismo comunit\u00e0 rurali delle Ande: Amaru e Pacchanta","isPartOf":{"@id":"https:\/\/www.ericadventures.com\/en\/#website"},"primaryImageOfPage":{"@id":"https:\/\/www.ericadventures.com\/it\/cusco\/cultural-tour\/cusco-peru-comunita\/#primaryimage"},"image":{"@id":"https:\/\/www.ericadventures.com\/it\/cusco\/cultural-tour\/cusco-peru-comunita\/#primaryimage"},"thumbnailUrl":"https:\/\/www.ericadventures.com\/wp-content\/uploads\/Amaru.jpg","datePublished":"2024-02-24T15:03:04+00:00","dateModified":"2025-07-01T22:23:56+00:00","description":"Comunit\u00e0 rurali in Per\u00f9, come Amaru, dove imparerai la tessitura tradizionale, e Pacchanta, con la sua agricoltura.","breadcrumb":{"@id":"https:\/\/www.ericadventures.com\/it\/cusco\/cultural-tour\/cusco-peru-comunita\/#breadcrumb"},"inLanguage":"it-IT","potentialAction":[{"@type":"ReadAction","target":["https:\/\/www.ericadventures.com\/it\/cusco\/cultural-tour\/cusco-peru-comunita\/"]}]},{"@type":"ImageObject","inLanguage":"it-IT","@id":"https:\/\/www.ericadventures.com\/it\/cusco\/cultural-tour\/cusco-peru-comunita\/#primaryimage","url":"https:\/\/www.ericadventures.com\/wp-content\/uploads\/Amaru.jpg","contentUrl":"https:\/\/www.ericadventures.com\/wp-content\/uploads\/Amaru.jpg","width":726,"height":422,"caption":"Communities Tours"},{"@type":"BreadcrumbList","@id":"https:\/\/www.ericadventures.com\/it\/cusco\/cultural-tour\/cusco-peru-comunita\/#breadcrumb","itemListElement":[{"@type":"ListItem","position":1,"name":"Home","item":"https:\/\/www.ericadventures.com\/it\/"},{"@type":"ListItem","position":2,"name":"Tours in Cusco","item":"https:\/\/www.ericadventures.com\/it\/cusco\/"},{"@type":"ListItem","position":3,"name":"Cultural Tour","item":"https:\/\/www.ericadventures.com\/en\/cusco\/cultural-tour\/"},{"@type":"ListItem","position":4,"name":"Turismo esperienziale nelle comunit\u00e0 rurali delle Ande"}]},{"@type":"WebSite","@id":"https:\/\/www.ericadventures.com\/en\/#website","url":"https:\/\/www.ericadventures.com\/en\/","name":"Eric Adventures","description":"","publisher":{"@id":"https:\/\/www.ericadventures.com\/en\/#organization"},"alternateName":"Eric Adventures","potentialAction":[{"@type":"SearchAction","target":{"@type":"EntryPoint","urlTemplate":"https:\/\/www.ericadventures.com\/en\/?s={search_term_string}"},"query-input":{"@type":"PropertyValueSpecification","valueRequired":true,"valueName":"search_term_string"}}],"inLanguage":"it-IT"},{"@type":"Organization","@id":"https:\/\/www.ericadventures.com\/en\/#organization","name":"Eric Adventures","url":"https:\/\/www.ericadventures.com\/en\/","logo":{"@type":"ImageObject","inLanguage":"it-IT","@id":"https:\/\/www.ericadventures.com\/en\/#\/schema\/logo\/image\/","url":"https:\/\/www.ericadventures.com\/wp-content\/uploads\/logo-ericadventures.png","contentUrl":"https:\/\/www.ericadventures.com\/wp-content\/uploads\/logo-ericadventures.png","width":500,"height":106,"caption":"Eric Adventures"},"image":{"@id":"https:\/\/www.ericadventures.com\/en\/#\/schema\/logo\/image\/"}}]}},"coauthors":[],"author_meta":{"author_link":"https:\/\/www.ericadventures.com\/it\/author\/marilyn\/","display_name":"Marilyn Ayma Gomez"},"relative_dates":{"created":"Pubblicato 2 anni fa","modified":"Aggiornato 10 mesi fa"},"absolute_dates":{"created":"Pubblicato il Febbraio 24, 2024","modified":"Aggiornato il Luglio 1, 2025"},"absolute_dates_time":{"created":"Pubblicato il Febbraio 24, 2024 10:03 am","modified":"Aggiornato il Luglio 1, 2025 5:23 pm"},"featured_img_caption":"","featured_img":"https:\/\/www.ericadventures.com\/wp-content\/uploads\/Amaru.jpg","series_order":"","_links":{"self":[{"href":"https:\/\/www.ericadventures.com\/it\/wp-json\/wp\/v2\/pages\/12752","targetHints":{"allow":["GET"]}}],"collection":[{"href":"https:\/\/www.ericadventures.com\/it\/wp-json\/wp\/v2\/pages"}],"about":[{"href":"https:\/\/www.ericadventures.com\/it\/wp-json\/wp\/v2\/types\/page"}],"author":[{"embeddable":true,"href":"https:\/\/www.ericadventures.com\/it\/wp-json\/wp\/v2\/users\/4"}],"replies":[{"embeddable":true,"href":"https:\/\/www.ericadventures.com\/it\/wp-json\/wp\/v2\/comments?post=12752"}],"version-history":[{"count":7,"href":"https:\/\/www.ericadventures.com\/it\/wp-json\/wp\/v2\/pages\/12752\/revisions"}],"predecessor-version":[{"id":37744,"href":"https:\/\/www.ericadventures.com\/it\/wp-json\/wp\/v2\/pages\/12752\/revisions\/37744"}],"up":[{"embeddable":true,"href":"https:\/\/www.ericadventures.com\/it\/wp-json\/wp\/v2\/pages\/1606"}],"wp:featuredmedia":[{"embeddable":true,"href":"https:\/\/www.ericadventures.com\/it\/wp-json\/wp\/v2\/media\/12840"}],"wp:attachment":[{"href":"https:\/\/www.ericadventures.com\/it\/wp-json\/wp\/v2\/media?parent=12752"}],"curies":[{"name":"wp","href":"https:\/\/api.w.org\/{rel}","templated":true}]}}