{"id":1293,"date":"2023-10-31T22:47:57","date_gmt":"2023-11-01T03:47:57","guid":{"rendered":"https:\/\/www.ericadventures.com\/faqs\/"},"modified":"2024-06-11T12:22:57","modified_gmt":"2024-06-11T17:22:57","slug":"faqs","status":"publish","type":"page","link":"https:\/\/www.ericadventures.com\/it\/faqs\/","title":{"rendered":"Faqs"},"content":{"rendered":"\n<p>Il cliente ha l&#8217;obbligo di vedere il suo visto turistico, per entrare in Per\u00f9, il passaporto deve avere una validit\u00e0 minima di 8 mesi. Questi regolamenti possono variare, consultarsi preventivamente con il consolato del paese in cui si viagger\u00e0.<\/p>\n\n\n\n<h4 class=\"wp-block-heading\">TEMPO DI PERMANENZA A MACHU PICCHU:<\/h4>\n\n\n\n<ul class=\"wp-block-list\">\n<li>La permanenza del visitatore a Machupicchu sar\u00e0 di un massimo di quattro (4) ore dal momento del loro ingresso fino alla loro partenza, tra le 6:00 e le 16:00, secondo la rispettiva registrazione (si chiude alle 17.30), ad eccezione dei redditi che si combinano con percorsi alternativi 1: Mountain Qaynapicchu e 2: Mountain Machupicchu.<\/li>\n\n\n\n<li>Il numero di biglietti da vendere secondo gli orari sar\u00e0 stabilito in base alla capacit\u00e0 di Machu Picchu e all&#8217;uso di strade alternative che consentono l&#8217;ingresso.<\/li>\n\n\n\n<li>Il rientro a Machupicchu non \u00e8 consentito, tranne che per motivi di forza maggiore.<\/li>\n\n\n\n<li>La violazione del tempo di permanenza (4 ore) genera il costo aggiuntivo di un altro reddito, altrimenti il ritiro immediato di visitatori e guide turistiche, questo con il supporto delle autorit\u00e0 competenti.<\/li>\n<\/ul>\n\n\n\n<h4 class=\"wp-block-heading\">ENTRA CON UN DRONIO PER PER\u00d9<\/h4>\n\n\n\n<p>Secondo la tua richiesta, quando un drone entra nel nostro paese attraverso l&#8217;aeroporto; la DOGANA, verificher\u00e0 e determiner\u00e0 se il drone \u00e8 interno o meno (\u00e8 la loro giurisdizione).<\/p>\n\n\n\n<p>Non hai bisogno di un permesso quando porti un drone (01) in Per\u00f9. Stampa il seguente documento: <a href=\"https:\/\/www.gob.pe\">https:\/\/www.gob.pe<\/a>, \u00e8 necessario esibire il documento alla dogana, e indicano che l&#8217;uso del drone transitoriamente .<\/p>\n\n\n\n<p>Se doganale confisca il drone, vi dir\u00e0 ci si avvicina al Ministero dei Trasporti e delle Comunicazioni, dove ha consegnato un documento che vi permetter\u00e0 di rendere il processo di ottenere il vostro drone in aeroporto.<\/p>\n\n\n\n<p>Per quanto riguarda il posizionamento di Droni attrezzature, \u00e8 possibile effettuare la consultazione con il Coordinamento generale dei primati, l&#8217;internamento e obblighi economici &#8211; Concessioni Direzione Comunicazione, <a href=\"mailto:avasquez@mtc.gob.pe\">avasquez@mtc.gob.pe<\/a>, <a href=\"mailto:ymaguina@mtc.gob.pe\">ymaguina@mtc.gob.pe<\/a>, telefono: 615- 7800 allegati 1295, 6698, 1323. Essi guideranno tutte le procedure relative a CUSTOMS-Airport.<\/p>\n\n\n\n<p><strong>L&#8217;USO DEL DRONE NEL NOSTRO PAESE:<\/strong><\/p>\n\n\n\n<p>Deve soddisfare lo Standard Tecnico Complementare NTC: 001-2015, \u00e8 pubblicato sul sito web di MTC:<\/p>\n\n\n\n<p><a href=\"https:\/\/www.gob.pe\/mtc#normas-legales\">https:\/\/www.gob.pe\/mtc#normas-legales<\/a><\/p>\n\n\n\n<p><strong>RISPETTARE LE LIMITAZIONI OPERATIVE: NESSUNA PERSONA PU\u00d2 UTILIZZARE UN RPAS:<\/strong><\/p>\n\n\n\n<ol class=\"wp-block-list\">\n<li>Se la massa massima al decollo del RPA supera i 25 Kg.<\/li>\n\n\n\n<li>Sulle aree popolate, salvo casi eccezionali autorizzati dalla DGCA in conformit\u00e0 delle disposizioni del paragrafo 8, lettera f), del presente regolamento.<\/li>\n\n\n\n<li>In aree di concentrazione di persone.<\/li>\n\n\n\n<li>Senza il manuale del produttore dell&#8217;RPAS.<\/li>\n\n\n\n<li>Quando tutte le prescrizioni indicate in detto manuale relative alla manutenzione e al funzionamento degli RPAS non sono soddisfatte.<\/li>\n\n\n\n<li>Senza aver precedentemente effettuato un&#8217;ispezione pre-volo per determinare che gli RPAS sono in condizioni di sicurezza per operare e aver registrato e firmato tale ispezione.<\/li>\n\n\n\n<li>Senza aver presentato un piano di volo all&#8217;ATC corrispondente nei casi applicabili.<\/li>\n\n\n\n<li>Informazioni su persone non coinvolte nell&#8217;operazione.<\/li>\n\n\n\n<li>In prossimit\u00e0 di persone o ostacoli, dovendo mantenere una separazione verticale del RPA superiore a 20 metri e separazione orizzontale superiore a 30 metri, in relazione a qualsiasi ostacolo. Questi margini applicati decollo \/ lancio, atterraggio \/ recupero e durante tutte le fasi di volo e, oltre alle caratteristiche di ciascun modello RPA impostato nelle corrispondenti limitazioni operative manuali.<\/li>\n\n\n\n<li>Sopra 500 ft (152,4 m) dal suolo.<\/li>\n\n\n\n<li>Sopra 100 mph (87 Kt) di velocit\u00e0.<\/li>\n\n\n\n<li>Fuori dalle condizioni di un&#8217;operazione con visibilit\u00e0 visiva diretta<\/li>\n\n\n\n<li>In condizioni notturne (dopo il tramonto o prima dell&#8217;alba).<\/li>\n\n\n\n<li>Per pi\u00f9 di un&#8217;ora continua.<\/li>\n\n\n\n<li>Per oltre l&#8217;80% dell&#8217;autonomia stabilita dal costruttore.<\/li>\n\n\n\n<li>Con un pilota che non \u00e8 stato accreditato e \/ o che non \u00e8 stato autorizzato.<\/li>\n\n\n\n<li>Trascurando l&#8217;attenzione esclusiva sul controllo del funzionamento degli RPAS. \u00c8 vietato consegnare il controllo a un altro pilota \/ operatore mentre l&#8217;RPA \u00e8 in volo e comandare due RPA contemporaneamente.<\/li>\n\n\n\n<li>Operare un RPAS sotto l&#8217;effetto di droghe o alcol.<\/li>\n\n\n\n<li>A meno di 4 km da un aeroporto, tranne che allo scopo di prevenire gli impatti con gli uccelli, come previsto nella sottosezione g) del presente paragrafo.<\/li>\n\n\n\n<li>Su strade, incluse tutte le infrastrutture stradali (viadotti, autostrade, strade, percorsi, ponti), la trasmissione di potenza infrastrutture e telecomunicazioni (pali, torri e antenne), vie navigabili e condutture per il trasporto di idrocarburi. Fatto salvo quanto sopra, l&#8217;RPA pu\u00f2 volare vicino a queste strade, mantenendo una separazione orizzontale superiore a 30 metri, il suo bordo o la sua estremit\u00e0.<\/li>\n\n\n\n<li>Nessuno pu\u00f2 cadere o lanciare oggetti, materiali o fluidi dal CPT, tranne nei casi in cui espressamente autorizzati dalla DGCA sulla base delle relazioni tecniche di impatto ambientale rilasciato dall&#8217;autorit\u00e0 competente.<\/li>\n<\/ol>\n\n\n\n<p><strong>Informazioni su MACHUPICHU:<\/strong><\/p>\n\n\n\n<p>\u00c8 possibile consultare l&#8217;entit\u00e0 Servizio nazionale delle aree naturali protette dallo Stato<\/p>\n\n\n\n<p><a href=\"http:\/\/www.sernanp.gob.pe\">http:\/\/www.sernanp.gob.pe<\/a><\/p>\n\n\n\n<p><a href=\"mailto:sernanp@sernanp.gob.pe\">sernanp@sernanp.gob.pe<\/a><\/p>\n\n\n\n<p><a href=\"https:\/\/www.facebook.com\/Sernanp-Oficial-181219211888321\/timeline\/\">https:\/\/www.facebook.com\/Sernanp-Oficial-181219211888321\/timeline\/<\/a><\/p>\n\n\n\n<p><a href=\"http:\/\/www.culturacusco.gob.pe\/contacto\/\">http:\/\/www.culturacusco.gob.pe\/contacto\/<\/a><\/p>\n\n\n\n<p><strong>IN CONCLUSIONE:<\/strong> Puoi entrare in Per\u00f9 con un drone a persona, ma questo non dovrebbe essere professionale o molto sofisticato. A volte si pu\u00f2 perdere molte ore in aeroporto e anche giorni se il drone \u00e8 requisito dalla ADUANAS, questo dipender\u00e0 da quanto sofisticata vostro drone.<\/p>\n\n\n\n<p><strong>Ricordare che il NTC: 001-2015 pu\u00f2 volare solo con gli RPAS nelle aree rurali o private, non nelle aree urbane se non dispone dell&#8217;autorizzazione del DGAC.<\/strong><\/p>\n\n\n\n<h4 class=\"wp-block-heading\"><strong>REQUISITI PER LA TRATTAMENTO DI UN VISTO TURISTICO PER ENTRARE NEL CILE<\/strong><\/h4>\n\n\n\n<ol class=\"wp-block-list\">\n<li>Prenotazioni alberghiere o;<\/li>\n\n\n\n<li>Lettera di invito che indica, ora e motivo del viaggio in Cile, nome completo dell&#8217;invitatore, numero del documento di identificazione, indirizzo, numero di telefono e copia del documento di identit\u00e0. E il nome completo dell&#8217;ospite e il numero del passaporto. Deve anche essere legalizzato davanti a un notaio.<\/li>\n\n\n\n<li>Passaporto valido<\/li>\n\n\n\n<li>Se risiedi in Per\u00f9, devi presentare una copia della scheda di registrazione degli stranieri<\/li>\n\n\n\n<li>Accredit Solvency economico (carte di pagamento, estratti conto bancari, ecc.)<\/li>\n\n\n\n<li>Tutte le richieste devono essere fatte sul sito <a href=\"https:\/\/tramites.minrel.gov.cl\">https:\/\/tramites.minrel.gov.cl<\/a> &nbsp;e i documenti richiesti devono essere allegati. Una volta ricevuta la domanda, saranno indicati la data e l&#8217;ora del colloquio.<\/li>\n\n\n\n<li>Il processo di visto dura dai 15 ai 30 giorni.<\/li>\n\n\n\n<li>Foto formato tessera con sfondo bianco<\/li>\n<\/ol>\n\n\n\n<p><strong>TUTTI I DOCUMENTI DEVONO ESSERE PRESENTATI IN ORIGINALI.<\/strong><\/p>\n\n\n\n<h4 class=\"wp-block-heading\">PRENOTAZIONE ALBERGHIERA<\/h4>\n\n\n\n<p>Nelle prenotazioni alberghiere in Per\u00f9, Cile, Bolivia ed Ecuador, tutti i turisti sono esenti dal pagamento delle tasse, per questo, \u00e8 necessario presentare il passaporto originale con il timbro di ingresso al paese al momento del check-in. Nel caso di una camera condivisa, se uno dei passeggeri non soddisfa i requisiti di esenzione fiscale, l&#8217;intera camera sar\u00e0 interessata dalla tassa e deve essere pagata secondo la percentuale di ogni paese. In Per\u00f9, i peruviani e gli stranieri domiciliati o residenti in Per\u00f9 sono soggetti all&#8217;IGV al 18% secondo la legge (Dec.Leg.919).<\/p>\n","protected":false},"excerpt":{"rendered":"<p>Il cliente ha l&#8217;obbligo di vedere il suo visto turistico, per entrare in Per\u00f9, il passaporto deve avere una validit\u00e0 [&hellip;]<\/p>\n","protected":false},"author":1,"featured_media":23255,"parent":0,"menu_order":0,"comment_status":"closed","ping_status":"closed","template":"","meta":{"_acf_changed":false,"advgb_blocks_editor_width":"","advgb_blocks_columns_visual_guide":"","footnotes":""},"class_list":["post-1293","page","type-page","status-publish","has-post-thumbnail","hentry"],"acf":[],"yoast_head":"<!-- This site is optimized with the Yoast SEO Premium plugin v25.4 (Yoast SEO v26.9) - https:\/\/yoast.com\/product\/yoast-seo-premium-wordpress\/ -->\n<title>Faqs<\/title>\n<meta name=\"robots\" content=\"index, follow, max-snippet:-1, max-image-preview:large, max-video-preview:-1\" \/>\n<link rel=\"canonical\" href=\"https:\/\/www.ericadventures.com\/it\/faqs\/\" \/>\n<meta property=\"og:locale\" content=\"it_IT\" \/>\n<meta property=\"og:type\" content=\"article\" \/>\n<meta property=\"og:title\" content=\"Faqs\" \/>\n<meta property=\"og:description\" content=\"Il cliente ha l&#8217;obbligo di vedere il suo visto turistico, per entrare in Per\u00f9, il passaporto deve avere una validit\u00e0 [&hellip;]\" \/>\n<meta property=\"og:url\" content=\"https:\/\/www.ericadventures.com\/it\/faqs\/\" \/>\n<meta property=\"og:site_name\" content=\"Eric Adventures\" \/>\n<meta property=\"article:modified_time\" content=\"2024-06-11T17:22:57+00:00\" \/>\n<meta property=\"og:image\" content=\"https:\/\/www.ericadventures.com\/wp-content\/uploads\/images-8-1.jpg\" \/>\n\t<meta property=\"og:image:width\" content=\"225\" \/>\n\t<meta property=\"og:image:height\" content=\"225\" \/>\n\t<meta property=\"og:image:type\" content=\"image\/jpeg\" \/>\n<meta name=\"twitter:card\" content=\"summary_large_image\" \/>\n<meta name=\"twitter:label1\" content=\"Tempo di lettura stimato\" \/>\n\t<meta name=\"twitter:data1\" content=\"6 minuti\" \/>\n<script type=\"application\/ld+json\" class=\"yoast-schema-graph\">{\"@context\":\"https:\/\/schema.org\",\"@graph\":[{\"@type\":\"WebPage\",\"@id\":\"https:\/\/www.ericadventures.com\/it\/faqs\/\",\"url\":\"https:\/\/www.ericadventures.com\/it\/faqs\/\",\"name\":\"Faqs\",\"isPartOf\":{\"@id\":\"https:\/\/www.ericadventures.com\/en\/#website\"},\"primaryImageOfPage\":{\"@id\":\"https:\/\/www.ericadventures.com\/it\/faqs\/#primaryimage\"},\"image\":{\"@id\":\"https:\/\/www.ericadventures.com\/it\/faqs\/#primaryimage\"},\"thumbnailUrl\":\"https:\/\/www.ericadventures.com\/wp-content\/uploads\/images-8-1.jpg\",\"datePublished\":\"2023-11-01T03:47:57+00:00\",\"dateModified\":\"2024-06-11T17:22:57+00:00\",\"breadcrumb\":{\"@id\":\"https:\/\/www.ericadventures.com\/it\/faqs\/#breadcrumb\"},\"inLanguage\":\"it-IT\",\"potentialAction\":[{\"@type\":\"ReadAction\",\"target\":[\"https:\/\/www.ericadventures.com\/it\/faqs\/\"]}]},{\"@type\":\"ImageObject\",\"inLanguage\":\"it-IT\",\"@id\":\"https:\/\/www.ericadventures.com\/it\/faqs\/#primaryimage\",\"url\":\"https:\/\/www.ericadventures.com\/wp-content\/uploads\/images-8-1.jpg\",\"contentUrl\":\"https:\/\/www.ericadventures.com\/wp-content\/uploads\/images-8-1.jpg\",\"width\":225,\"height\":225,\"caption\":\"logo\"},{\"@type\":\"BreadcrumbList\",\"@id\":\"https:\/\/www.ericadventures.com\/it\/faqs\/#breadcrumb\",\"itemListElement\":[{\"@type\":\"ListItem\",\"position\":1,\"name\":\"Home\",\"item\":\"https:\/\/www.ericadventures.com\/it\/\"},{\"@type\":\"ListItem\",\"position\":2,\"name\":\"Faqs\"}]},{\"@type\":\"WebSite\",\"@id\":\"https:\/\/www.ericadventures.com\/en\/#website\",\"url\":\"https:\/\/www.ericadventures.com\/en\/\",\"name\":\"Eric Adventures\",\"description\":\"\",\"publisher\":{\"@id\":\"https:\/\/www.ericadventures.com\/en\/#organization\"},\"alternateName\":\"Eric Adventures\",\"potentialAction\":[{\"@type\":\"SearchAction\",\"target\":{\"@type\":\"EntryPoint\",\"urlTemplate\":\"https:\/\/www.ericadventures.com\/en\/?s={search_term_string}\"},\"query-input\":{\"@type\":\"PropertyValueSpecification\",\"valueRequired\":true,\"valueName\":\"search_term_string\"}}],\"inLanguage\":\"it-IT\"},{\"@type\":\"Organization\",\"@id\":\"https:\/\/www.ericadventures.com\/en\/#organization\",\"name\":\"Eric Adventures\",\"url\":\"https:\/\/www.ericadventures.com\/en\/\",\"logo\":{\"@type\":\"ImageObject\",\"inLanguage\":\"it-IT\",\"@id\":\"https:\/\/www.ericadventures.com\/en\/#\/schema\/logo\/image\/\",\"url\":\"https:\/\/www.ericadventures.com\/wp-content\/uploads\/logo-ericadventures.png\",\"contentUrl\":\"https:\/\/www.ericadventures.com\/wp-content\/uploads\/logo-ericadventures.png\",\"width\":500,\"height\":106,\"caption\":\"Eric Adventures\"},\"image\":{\"@id\":\"https:\/\/www.ericadventures.com\/en\/#\/schema\/logo\/image\/\"}}]}<\/script>\n<!-- \/ Yoast SEO Premium plugin. -->","yoast_head_json":{"title":"Faqs","robots":{"index":"index","follow":"follow","max-snippet":"max-snippet:-1","max-image-preview":"max-image-preview:large","max-video-preview":"max-video-preview:-1"},"canonical":"https:\/\/www.ericadventures.com\/it\/faqs\/","og_locale":"it_IT","og_type":"article","og_title":"Faqs","og_description":"Il cliente ha l&#8217;obbligo di vedere il suo visto turistico, per entrare in Per\u00f9, il passaporto deve avere una validit\u00e0 [&hellip;]","og_url":"https:\/\/www.ericadventures.com\/it\/faqs\/","og_site_name":"Eric Adventures","article_modified_time":"2024-06-11T17:22:57+00:00","og_image":[{"width":225,"height":225,"url":"https:\/\/www.ericadventures.com\/wp-content\/uploads\/images-8-1.jpg","type":"image\/jpeg"}],"twitter_card":"summary_large_image","twitter_misc":{"Tempo di lettura stimato":"6 minuti"},"schema":{"@context":"https:\/\/schema.org","@graph":[{"@type":"WebPage","@id":"https:\/\/www.ericadventures.com\/it\/faqs\/","url":"https:\/\/www.ericadventures.com\/it\/faqs\/","name":"Faqs","isPartOf":{"@id":"https:\/\/www.ericadventures.com\/en\/#website"},"primaryImageOfPage":{"@id":"https:\/\/www.ericadventures.com\/it\/faqs\/#primaryimage"},"image":{"@id":"https:\/\/www.ericadventures.com\/it\/faqs\/#primaryimage"},"thumbnailUrl":"https:\/\/www.ericadventures.com\/wp-content\/uploads\/images-8-1.jpg","datePublished":"2023-11-01T03:47:57+00:00","dateModified":"2024-06-11T17:22:57+00:00","breadcrumb":{"@id":"https:\/\/www.ericadventures.com\/it\/faqs\/#breadcrumb"},"inLanguage":"it-IT","potentialAction":[{"@type":"ReadAction","target":["https:\/\/www.ericadventures.com\/it\/faqs\/"]}]},{"@type":"ImageObject","inLanguage":"it-IT","@id":"https:\/\/www.ericadventures.com\/it\/faqs\/#primaryimage","url":"https:\/\/www.ericadventures.com\/wp-content\/uploads\/images-8-1.jpg","contentUrl":"https:\/\/www.ericadventures.com\/wp-content\/uploads\/images-8-1.jpg","width":225,"height":225,"caption":"logo"},{"@type":"BreadcrumbList","@id":"https:\/\/www.ericadventures.com\/it\/faqs\/#breadcrumb","itemListElement":[{"@type":"ListItem","position":1,"name":"Home","item":"https:\/\/www.ericadventures.com\/it\/"},{"@type":"ListItem","position":2,"name":"Faqs"}]},{"@type":"WebSite","@id":"https:\/\/www.ericadventures.com\/en\/#website","url":"https:\/\/www.ericadventures.com\/en\/","name":"Eric Adventures","description":"","publisher":{"@id":"https:\/\/www.ericadventures.com\/en\/#organization"},"alternateName":"Eric Adventures","potentialAction":[{"@type":"SearchAction","target":{"@type":"EntryPoint","urlTemplate":"https:\/\/www.ericadventures.com\/en\/?s={search_term_string}"},"query-input":{"@type":"PropertyValueSpecification","valueRequired":true,"valueName":"search_term_string"}}],"inLanguage":"it-IT"},{"@type":"Organization","@id":"https:\/\/www.ericadventures.com\/en\/#organization","name":"Eric Adventures","url":"https:\/\/www.ericadventures.com\/en\/","logo":{"@type":"ImageObject","inLanguage":"it-IT","@id":"https:\/\/www.ericadventures.com\/en\/#\/schema\/logo\/image\/","url":"https:\/\/www.ericadventures.com\/wp-content\/uploads\/logo-ericadventures.png","contentUrl":"https:\/\/www.ericadventures.com\/wp-content\/uploads\/logo-ericadventures.png","width":500,"height":106,"caption":"Eric Adventures"},"image":{"@id":"https:\/\/www.ericadventures.com\/en\/#\/schema\/logo\/image\/"}}]}},"coauthors":[],"author_meta":{"author_link":"https:\/\/www.ericadventures.com\/it\/author\/ericadmin\/","display_name":"Eric"},"relative_dates":{"created":"Pubblicato 2 anni fa","modified":"Aggiornato 2 anni fa"},"absolute_dates":{"created":"Pubblicato il Ottobre 31, 2023","modified":"Aggiornato il Giugno 11, 2024"},"absolute_dates_time":{"created":"Pubblicato il Ottobre 31, 2023 10:47 pm","modified":"Aggiornato il Giugno 11, 2024 12:22 pm"},"featured_img_caption":"","featured_img":"https:\/\/www.ericadventures.com\/wp-content\/uploads\/images-8-1.jpg","series_order":"","_links":{"self":[{"href":"https:\/\/www.ericadventures.com\/it\/wp-json\/wp\/v2\/pages\/1293","targetHints":{"allow":["GET"]}}],"collection":[{"href":"https:\/\/www.ericadventures.com\/it\/wp-json\/wp\/v2\/pages"}],"about":[{"href":"https:\/\/www.ericadventures.com\/it\/wp-json\/wp\/v2\/types\/page"}],"author":[{"embeddable":true,"href":"https:\/\/www.ericadventures.com\/it\/wp-json\/wp\/v2\/users\/1"}],"replies":[{"embeddable":true,"href":"https:\/\/www.ericadventures.com\/it\/wp-json\/wp\/v2\/comments?post=1293"}],"version-history":[{"count":3,"href":"https:\/\/www.ericadventures.com\/it\/wp-json\/wp\/v2\/pages\/1293\/revisions"}],"predecessor-version":[{"id":1303,"href":"https:\/\/www.ericadventures.com\/it\/wp-json\/wp\/v2\/pages\/1293\/revisions\/1303"}],"wp:featuredmedia":[{"embeddable":true,"href":"https:\/\/www.ericadventures.com\/it\/wp-json\/wp\/v2\/media\/23255"}],"wp:attachment":[{"href":"https:\/\/www.ericadventures.com\/it\/wp-json\/wp\/v2\/media?parent=1293"}],"curies":[{"name":"wp","href":"https:\/\/api.w.org\/{rel}","templated":true}]}}