{"id":1496,"date":"2023-10-30T11:26:33","date_gmt":"2023-10-30T16:26:33","guid":{"rendered":"https:\/\/www.ericadventures.com\/motorcycle-rental-peru\/honda-elite-125cc\/"},"modified":"2025-11-20T13:30:13","modified_gmt":"2025-11-20T18:30:13","slug":"honda-elite-125cc","status":"publish","type":"page","link":"https:\/\/www.ericadventures.com\/it\/noleggio-motociclette\/honda-elite-125cc\/","title":{"rendered":"Honda Elite 125 cc"},"content":{"rendered":"<div class=\"wp-block-image\">\n<figure class=\"aligncenter size-full\"><img loading=\"lazy\" decoding=\"async\" width=\"300\" height=\"195\" src=\"https:\/\/www.ericadventures.com\/wp-content\/uploads\/Honda-Elite-125cc.jpg\" alt=\"\" class=\"wp-image-1152\"\/><\/figure>\n<\/div>\n\n\n<!--Markup for citys-->\n\n<div id=\"item-block_506d716bbf130128537bddffa2acafbd\" class=\"item\">\n\n    \n        <table class=\"table-moto\">\n            <tbody>\n                <tr>\n                    <td colspan=\"2\"><strong> Prezzo in dollari americani al giorno per moto <\/strong><\/td>\n                <\/tr>\n                \n                            <tr>\n                                <td><strong>1 &#8211; 7 Giorni<\/strong><\/td><td>US$35<\/td>\n                            <\/tr>\n                \n                        \n                            <tr>\n                                <td><strong>8 &#8211; 14 Giorni<\/strong><\/td><td>US$30<\/td>\n                            <\/tr>\n                \n                        \n                            <tr>\n                                <td><strong>15 + Giorni<\/strong><\/td><td>US$25<\/td>\n                            <\/tr>\n                \n                        \n            <\/tbody>\n        <\/table>\n\n<\/div>\n\n\n<p><strong>Nota:<\/strong> I nostri prezzi possono variare in base alla disponibilit\u00e0 e alla stagione.<\/p>\n\n\n\n<h3 class=\"wp-block-heading\"><strong>Dettagli del motociclo:<\/strong><\/h3>\n\n\n\n<ul class=\"wp-block-list\">\n<li><strong>Tipo motore:<\/strong> 125cc (coppa monocilindro a secco monocilindrico con raffreddamento ad aria)<\/li>\n\n\n\n<li><strong>Tipo di accensione:<\/strong> elettrico<\/li>\n\n\n\n<li><strong>Trasmissione:<\/strong> automatica<\/li>\n\n\n\n<li><strong>Capacit\u00e0 del carburante:<\/strong> 6 litri<\/li>\n\n\n\n<li><strong>Altezza del sedile:<\/strong> 29,10 pollici<\/li>\n<\/ul>\n\n\n\n<h3 class=\"wp-block-heading\"><strong>LA TARIFFA INDICATA INCLUDE:<\/strong><\/h3>\n\n\n\n<ul class=\"wp-block-list\">\n<li>Casco usato<\/li>\n\n\n\n<li>Guanti usati<\/li>\n\n\n\n<li>Kit di strumenti Strumenti<\/li>\n\n\n\n<li>Assicurazione per danni a terzi<\/li>\n\n\n\n<li>300 KM gratuiti al giorno. US $ 0,5 per km aggiuntivi<\/li>\n\n\n\n<li>Assicurazione obbligatoria contro gli incidenti stradali (SOAT) Questa assicurazione copre le lesioni del motociclista, dei passeggeri e di terzi<\/li>\n<\/ul>\n\n\n\n<h3 class=\"wp-block-heading\">LE TARIFFE NON INCLUDONO:<\/h3>\n\n\n\n<ul class=\"wp-block-list\">\n<li>Benzina<\/li>\n\n\n\n<li>Pedaggi<\/li>\n\n\n\n<li>Assicurazione per danni parziali o totali al veicolo $ 450<\/li>\n<\/ul>\n\n\n\n<h3 class=\"wp-block-heading\"><strong>GARANZIA:<\/strong><\/h3>\n\n\n\n<p>Per il noleggio, si deve obbligatoriamente lasciare lasciare una garanzia di <strong>US$ 500<\/strong> a titolo di garanzia (acconto).<br>* La garanzia pu\u00f2 essere depositato in contanti o con VISA.<\/p>\n\n\n\n<p>La garanzia sar\u00e0 rimborsata una volta che il veicolo sar\u00e0 restituito nelle stesse condizioni nelle quali \u00e8 stato ricevuto. In caso di danni, si utilizzer\u00e0 una parte della garanzia, a seconda dell&#8217;importo dei costi di riparazione. Se il danno dovesse essere superiore all&#8217;importo della garanzia, si user\u00e0 l&#8217;importo totale, e l&#8217;assicurazione coprir\u00e0 i costi aggiuntivi di riparazione. Procederemo nello stesso modo anche nel caso di furto della moto.<\/p>\n\n\n\n<p>L&#8217;importo della garanzia pu\u00f2 variare in base alla zona in cui verr\u00e0 noleggiata la moto, ad esempio Lima \u00e8 una citt\u00e0 pi\u00f9 pericolosa di Cusco, quindi la garanzia che i nostri clienti devono partire potrebbe essere maggiore a Lima che a Cusco, questo \u00e8 verranno prese in considerazione anche per tutti i luoghi in cui sar\u00e0 presente la moto.<\/p>\n\n\n\n<h3 class=\"wp-block-heading\"><strong>COMPLEMENTARI:<\/strong><\/h3>\n\n\n\n<ul class=\"wp-block-list\">\n<li>Passeggero aggiuntivo = US $ 20 al giorno<\/li>\n\n\n\n<li>Videocamera &#8220;GoPro&#8221; = US $ 20 al giorno<\/li>\n\n\n\n<li>Noleggio GPS = US $ 20 al giorno<\/li>\n\n\n\n<li>Tuta per la pioggia = US $ 10 al giorno<\/li>\n\n\n\n<li>Borsa asciutta = US $ 5 al giorno<\/li>\n\n\n\n<li>Borsa da serbatoio = US $ 10 al giorno<\/li>\n\n\n\n<li>Portabagagli in metallo = US $ 20 al giorno<\/li>\n<\/ul>\n\n\n\n<h3 class=\"wp-block-heading\"><strong>POLITICA DI NOLEGGIO<\/strong><\/h3>\n\n\n\n<p>Bisogna avere:<br>1) Patente di Guida Internazionale<br>2)Carta di Credito VISA (per il pagamento e la garanzia)<br>3) Passporto<br>4) Avere pi\u00f9 di 18 anni di et\u00e0<br><\/p>\n\n\n\n<p><strong>ASSICURAZIONI:<\/strong> Tutti i nostri veicoli hanno le seguenti coperture: Danni a terza parti (pedoni) in caso di incidente.<br>* L\u2019assicurazione e valida solo nel territorio peruviano.<\/p>\n\n\n\n<p><strong>PARTENZA DEI MOTOCICLO FUORI DAL PER\u00d9<\/strong><\/p>\n\n\n\n<p>Per le uscite del motocicletta del paese, per nuova disposizione della dogana, non \u00e8 pi\u00f9 consentito che gli stranieri partano alla guida di un motocicletta peruviano fuori dal Per\u00f9, motivo per cui se i clienti desiderano lasciare il Per\u00f9, con una motocicletta peruviano, questo deve obbligatoriamente essere guidato da un cittadino o residente peruviano.<\/p>\n\n\n\n<p><strong>Nota:<\/strong> Normalmente le formalit\u00e0 che svolgiamo per l&#8217;uscita dei motocicletta dal paese, sono effettuate normalmente, tuttavia non saremo responsabili se per fattori esterni questo obiettivo non pu\u00f2 essere realizzato, come ad esempio:<\/p>\n\n\n\n<ul class=\"wp-block-list\">\n<li>Crisi politica, scioperi, ecc.<\/li>\n\n\n\n<li>Emergenza<\/li>\n\n\n\n<li>Catastrofi naturali<\/li>\n\n\n\n<li>Modifiche alle normative doganali<\/li>\n\n\n\n<li>Situazioni esterne al nostro management<\/li>\n<\/ul>\n\n\n\n<p>Nel caso in cui esci dal Per\u00f9:<\/p>\n\n\n\n<p><strong>1) Per la Bolivia:<\/strong> Per\u00f9 e Bolivia non hanno un accordo per questi casi, quindi dovremmo fare la seguente procedura:<\/p>\n\n\n\n<ul class=\"wp-block-list\">\n<li><strong>Un permesso notarile: <\/strong>che viene utilizzato per attraversare il confine. Questo permesso ha un costo di US$ 125<\/li>\n\n\n\n<li><strong>Un permesso di esportazione temporaneo:<\/strong> questa procedura sar\u00e0 effettuata al confine peruviano (la procedura dura mezza giornata) e ha un costo addizionale di US$ 450 (Tale importo \u00e8 versato ad un&#8217;agenzia doganale sullo stesso confine).<\/li>\n\n\n\n<li><strong>Certificato DIROVE (Vehicle Theft Investigation Division)<\/strong>: che indica che non \u00e8 un motociclo rubato, ha un costo di US$ 75. Inoltre, \u00e8 necessario aggiungere 1 altro giorno di affitto perch\u00e9 per rilasciare il certificato, \u00e8 necessario che il motociclo \u00e8 controllato dalle autorit\u00e0 competenti.<\/li>\n<\/ul>\n\n\n\n<p><strong>2) Per Cile, Ecuador e Brasile<\/strong>, devi pagare solo US$ 125 per il permesso notarile, ci vorr\u00e0 solo un&#8217;ora per attraversare i confini.<\/p>\n\n\n\n<p><strong>3) Se vuoi lasciare il Per\u00f9 <\/strong>in altri paesi con il motociclo noleggiato, devi pagare pi\u00f9 del 50% del prezzo normale<\/p>\n\n\n\n<p><strong>ASSICURAZIONE FUORI DEL PER\u00d9<\/strong><\/p>\n\n\n\n<p>Nel caso in cui esci dal Per\u00f9, includiamo la seguente assicurazione:<\/p>\n\n\n\n<ul class=\"wp-block-list\">\n<li><strong>Chile: <\/strong>l&#8217;assicurazione \u00e8 il SOAPEX che ha un costo di US$ 50<\/li>\n\n\n\n<li><strong>Bolivia: <\/strong>l&#8217;assicurazione \u00e8 il SOAT che ha un costo di US$ 50<\/li>\n<\/ul>\n\n\n\n<p><strong>Costi per farvi trovare la moto in un luogo diverso dall\u2019originale (Drop-off):<\/strong><br>Se si lascia la moto in una citt\u00e0 diversa da dove si ha iniziato il noleggio, si dovr\u00e0 pagare il costo della riconsegna del veicolo in funzione della distanza. Per avere ulteriori informazioni sui costi, si prega di contattare il nostro ufficio.<\/p>\n\n\n\n<h3 class=\"wp-block-heading\">IMPORTANTE<\/h3>\n\n\n\n<p>Al momento di effettuare il pagamento, ci riserviamo il modello di moto desiderato dal cliente, tuttavia, se ci fosse qualche motivo al di fuori della nostra direzione in cui la moto desiderata non pu\u00f2 essere data, procederemo a dare una simile. Ad esempio: incidente indesiderato, furto, ecc. Se ci sono differenze nel prezzo, verr\u00e0 effettuato il relativo rimborso.<\/p>\n\n\n\n<h2 class=\"wp-block-heading\"><a href=\"https:\/\/www.ericadventures.com\/italia\/cusco-peru-affitti\/faqs-noleggio-motociclette.html\">FAQS DOMANDE FREQUENTI <\/a><\/h2>\n\n\n\n<h2 class=\"wp-block-heading\">modulo di contatto<\/h2>\n\n\n\n<div class=\"wp-block-contact-form-7-contact-form-selector\">\n<div class=\"wpcf7 no-js\" id=\"wpcf7-f6170-o1\" lang=\"es-ES\" dir=\"ltr\" data-wpcf7-id=\"6170\">\n<div class=\"screen-reader-response\"><p role=\"status\" aria-live=\"polite\" aria-atomic=\"true\"><\/p> <ul><\/ul><\/div>\n<form action=\"\/it\/wp-json\/wp\/v2\/pages\/1496#wpcf7-f6170-o1\" method=\"post\" class=\"wpcf7-form init\" aria-label=\"Formulario de contacto\" novalidate=\"novalidate\" data-status=\"init\">\n<fieldset class=\"hidden-fields-container\"><input type=\"hidden\" name=\"_wpcf7\" value=\"6170\" \/><input type=\"hidden\" name=\"_wpcf7_version\" value=\"6.1.5\" \/><input type=\"hidden\" name=\"_wpcf7_locale\" value=\"es_ES\" \/><input type=\"hidden\" name=\"_wpcf7_unit_tag\" value=\"wpcf7-f6170-o1\" \/><input type=\"hidden\" name=\"_wpcf7_container_post\" value=\"0\" \/><input type=\"hidden\" name=\"_wpcf7_posted_data_hash\" value=\"\" \/>\n<\/fieldset>\n<div class=\"wpcf7-turnstile cf-turnstile\" data-sitekey=\"0x4AAAAAACZ2CLxkDaDac8NW\" data-response-field-name=\"_wpcf7_turnstile_response\"><\/div>\n\n<div class=\"formt\">\n    <span class=\"textform\">Per prenotazioni o maggiori informazioni compila il seguente modulo cliente\/ospite: <\/span>\n    <input class=\"wpcf7-form-control wpcf7-hidden\" value=\"https:\/\/www.ericadventures.com\/it\/wp-json\/wp\/v2\/pages\/1496\" type=\"hidden\" name=\"Url_Tour\" \/>\n    <input class=\"wpcf7-form-control wpcf7-hidden\" value=\"it\" type=\"hidden\" name=\"Idioma\" \/>\n    <input class=\"wpcf7-form-control wpcf7-hidden\" value=\"25\/04\/2026 17:24:50\" type=\"hidden\" name=\"Fecha_Hora\" \/>\n    <input class=\"wpcf7-form-control wpcf7-hidden\" value=\"216.73.216.10\" type=\"hidden\" name=\"Ip\" \/>\n    <input class=\"wpcf7-form-control wpcf7-hidden\" value=\"Honda Elite 125 cc\" type=\"hidden\" name=\"Nombre_Tour\" \/>\n    <input class=\"wpcf7-form-control wpcf7-hidden\" value=\"1\" type=\"hidden\" name=\"enviar_excel\" \/>\n\n    <div class=\"g2\">\n        <div>\n            <label>Nome: <\/label>\n            <span class=\"wpcf7-form-control-wrap\" data-name=\"Nombre\"><input size=\"40\" maxlength=\"400\" class=\"wpcf7-form-control wpcf7-text wpcf7-validates-as-required\" aria-required=\"true\" aria-invalid=\"false\" value=\"\" type=\"text\" name=\"Nombre\" \/><\/span>\n        <\/div>\n        <div>\n            <label>E-mail: <\/label>\n            <span class=\"wpcf7-form-control-wrap\" data-name=\"Emails\"><input size=\"40\" maxlength=\"400\" class=\"wpcf7-form-control wpcf7-email wpcf7-validates-as-required wpcf7-text wpcf7-validates-as-email\" aria-required=\"true\" aria-invalid=\"false\" value=\"\" type=\"email\" name=\"Emails\" \/><\/span>\n        <\/div>\n    <\/div>\n    \n    <div class=\"g2\">\n        <div>\n            <label>Paese: <\/label>\n            <span class=\"wpcf7-form-control-wrap\" data-name=\"Pais\"><input size=\"40\" maxlength=\"400\" class=\"wpcf7-form-control wpcf7-text\" aria-invalid=\"false\" value=\"\" type=\"text\" name=\"Pais\" \/><\/span>\n        <\/div>\n        <div>\n            <label>Telefono - Whatsapp: <\/label>\n            <span class=\"wpcf7-form-control-wrap\" data-name=\"Whatsapp\"><input size=\"40\" class=\"wpcf7-form-control wpcf7-phonetext wpcf7-text wpcf7-validates-as-phonetext\" aria-invalid=\"false\" value=\"\" type=\"text\" name=\"Whatsapp\" \/><input type=\"hidden\" name=\"Whatsapp-country-code\" class=\"wpcf7-phonetext-country-code\" \/><\/span>\n        <\/div>\n    <\/div>\n    \n    <div class=\"g2\">\n        <div>\n            <label>Numero di adulti: <\/label>\n            <span class=\"wpcf7-form-control-wrap\" data-name=\"Adultos\"><select class=\"wpcf7-form-control wpcf7-select wpcf7-validates-as-required\" aria-required=\"true\" aria-invalid=\"false\" name=\"Adultos\"><option value=\"1\">1<\/option><option value=\"2\">2<\/option><option value=\"3\">3<\/option><option value=\"4\">4<\/option><option value=\"5\">5<\/option><option value=\"6\">6<\/option><option value=\"7\">7<\/option><option value=\"8\">8<\/option><option value=\"9\">9<\/option><option value=\"10\">10<\/option><option value=\"11\">11<\/option><option value=\"12 o pi\u00f9\">12 o pi\u00f9<\/option><\/select><\/span>\n        <\/div>\n        <div>\n            <label>Numero di bambini: <\/label>\n            <span class=\"wpcf7-form-control-wrap\" data-name=\"Ninos\"><select class=\"wpcf7-form-control wpcf7-select wpcf7-validates-as-required\" aria-required=\"true\" aria-invalid=\"false\" name=\"Ninos\"><option value=\"0\">0<\/option><option value=\"1\">1<\/option><option value=\"2\">2<\/option><option value=\"3\">3<\/option><option value=\"4\">4<\/option><option value=\"5\">5<\/option><option value=\"6\">6<\/option><option value=\"7\">7<\/option><option value=\"8\">8<\/option><option value=\"9\">9<\/option><option value=\"10\">10<\/option><option value=\"11\">11<\/option><option value=\"12 o pi\u00f9\">12 o pi\u00f9<\/option><\/select><\/span>\n        <\/div>\n    <\/div>\n    \n    <div class=\"g2\">\n        <div>\n            <label>Data di inizio del tour: <\/label>\n            <span class=\"wpcf7-form-control-wrap\" data-name=\"Inicio\"><input class=\"wpcf7-form-control wpcf7-date wpcf7-validates-as-required wpcf7-validates-as-date\" id=\"inicio\" min=\"2026-04-25\" aria-required=\"true\" aria-invalid=\"false\" value=\"\" type=\"date\" name=\"Inicio\" \/><\/span>\n        <\/div>\n        <div>\n            <label>Data di fine del tour: <\/label>\n            <span class=\"wpcf7-form-control-wrap\" data-name=\"Final\"><input class=\"wpcf7-form-control wpcf7-date wpcf7-validates-as-required wpcf7-validates-as-date\" id=\"final\" min=\"2026-04-25\" aria-required=\"true\" aria-invalid=\"false\" value=\"\" type=\"date\" name=\"Final\" \/><\/span>\n        <\/div>\n    <\/div>\n    \n    <div>\n        <label>Commenti o domande: <\/label>\n        <span class=\"wpcf7-form-control-wrap\" data-name=\"Mensaje\"><textarea cols=\"40\" rows=\"10\" maxlength=\"2000\" class=\"wpcf7-form-control wpcf7-textarea wpcf7-validates-as-required\" aria-required=\"true\" aria-invalid=\"false\" placeholder=\"Si prega di specificare il tipo di SERVIZIO\/TOUR che si desidera effettuare\" name=\"Mensaje\"><\/textarea><\/span>\n    <\/div>\n    \n    <input class=\"wpcf7-form-control wpcf7-submit has-spinner btnsend\" type=\"submit\" value=\"INVIA MESSAGGIO\" \/>\n<\/div><div class=\"wpcf7-response-output\" aria-hidden=\"true\"><\/div>\n<\/form>\n<\/div>\n<\/div>\n","protected":false},"excerpt":{"rendered":"<p>Nota: I nostri prezzi possono variare in base alla disponibilit\u00e0 e alla stagione. Dettagli del motociclo: LA TARIFFA INDICATA INCLUDE: [&hellip;]<\/p>\n","protected":false},"author":1,"featured_media":1154,"parent":1488,"menu_order":0,"comment_status":"closed","ping_status":"closed","template":"page-rental-moto.php","meta":{"_acf_changed":false,"advgb_blocks_editor_width":"","advgb_blocks_columns_visual_guide":"","footnotes":""},"class_list":["post-1496","page","type-page","status-publish","has-post-thumbnail","hentry"],"acf":[],"yoast_head":"<!-- This site is optimized with the Yoast SEO Premium plugin v25.4 (Yoast SEO v26.9) - https:\/\/yoast.com\/product\/yoast-seo-premium-wordpress\/ -->\n<title>Noleggio Honda Elite 125cc Cusco Per\u00f9<\/title>\n<meta name=\"description\" content=\"La Honda Tornado 250cc, motocicletta economica, \u00e8 perfetta per esplorare Cusco e raggiungere Machu Picchu. Disponibile per US$55 al giorno.\" \/>\n<meta name=\"robots\" content=\"index, follow, max-snippet:-1, max-image-preview:large, max-video-preview:-1\" \/>\n<link rel=\"canonical\" href=\"https:\/\/www.ericadventures.com\/it\/noleggio-motociclette\/honda-elite-125cc\/\" \/>\n<meta property=\"og:locale\" content=\"it_IT\" \/>\n<meta property=\"og:type\" content=\"article\" \/>\n<meta property=\"og:title\" content=\"Honda Elite 125 cc\" \/>\n<meta property=\"og:description\" content=\"La Honda Tornado 250cc, motocicletta economica, \u00e8 perfetta per esplorare Cusco e raggiungere Machu Picchu. Disponibile per US$55 al giorno.\" \/>\n<meta property=\"og:url\" content=\"https:\/\/www.ericadventures.com\/it\/noleggio-motociclette\/honda-elite-125cc\/\" \/>\n<meta property=\"og:site_name\" content=\"Eric Adventures\" \/>\n<meta property=\"article:modified_time\" content=\"2025-11-20T18:30:13+00:00\" \/>\n<meta property=\"og:image\" content=\"https:\/\/www.ericadventures.com\/wp-content\/uploads\/Honda-Elite-125cc.jpg\" \/>\n\t<meta property=\"og:image:width\" content=\"300\" \/>\n\t<meta property=\"og:image:height\" content=\"195\" \/>\n\t<meta property=\"og:image:type\" content=\"image\/jpeg\" \/>\n<meta name=\"twitter:card\" content=\"summary_large_image\" \/>\n<meta name=\"twitter:label1\" content=\"Tempo di lettura stimato\" \/>\n\t<meta name=\"twitter:data1\" content=\"4 minuti\" \/>\n<script type=\"application\/ld+json\" class=\"yoast-schema-graph\">{\"@context\":\"https:\/\/schema.org\",\"@graph\":[{\"@type\":\"WebPage\",\"@id\":\"https:\/\/www.ericadventures.com\/it\/noleggio-motociclette\/honda-elite-125cc\/\",\"url\":\"https:\/\/www.ericadventures.com\/it\/noleggio-motociclette\/honda-elite-125cc\/\",\"name\":\"Noleggio Honda Elite 125cc Cusco Per\u00f9\",\"isPartOf\":{\"@id\":\"https:\/\/www.ericadventures.com\/en\/#website\"},\"primaryImageOfPage\":{\"@id\":\"https:\/\/www.ericadventures.com\/it\/noleggio-motociclette\/honda-elite-125cc\/#primaryimage\"},\"image\":{\"@id\":\"https:\/\/www.ericadventures.com\/it\/noleggio-motociclette\/honda-elite-125cc\/#primaryimage\"},\"thumbnailUrl\":\"https:\/\/www.ericadventures.com\/wp-content\/uploads\/Honda-Elite-125cc.jpg\",\"datePublished\":\"2023-10-30T16:26:33+00:00\",\"dateModified\":\"2025-11-20T18:30:13+00:00\",\"description\":\"La Honda Tornado 250cc, motocicletta economica, \u00e8 perfetta per esplorare Cusco e raggiungere Machu Picchu. Disponibile per US$55 al giorno.\",\"breadcrumb\":{\"@id\":\"https:\/\/www.ericadventures.com\/it\/noleggio-motociclette\/honda-elite-125cc\/#breadcrumb\"},\"inLanguage\":\"it-IT\",\"potentialAction\":[{\"@type\":\"ReadAction\",\"target\":[\"https:\/\/www.ericadventures.com\/it\/noleggio-motociclette\/honda-elite-125cc\/\"]}]},{\"@type\":\"ImageObject\",\"inLanguage\":\"it-IT\",\"@id\":\"https:\/\/www.ericadventures.com\/it\/noleggio-motociclette\/honda-elite-125cc\/#primaryimage\",\"url\":\"https:\/\/www.ericadventures.com\/wp-content\/uploads\/Honda-Elite-125cc.jpg\",\"contentUrl\":\"https:\/\/www.ericadventures.com\/wp-content\/uploads\/Honda-Elite-125cc.jpg\",\"width\":300,\"height\":195,\"caption\":\"Motocicleta Honda-Elite-125cc\"},{\"@type\":\"BreadcrumbList\",\"@id\":\"https:\/\/www.ericadventures.com\/it\/noleggio-motociclette\/honda-elite-125cc\/#breadcrumb\",\"itemListElement\":[{\"@type\":\"ListItem\",\"position\":1,\"name\":\"Home\",\"item\":\"https:\/\/www.ericadventures.com\/it\/\"},{\"@type\":\"ListItem\",\"position\":2,\"name\":\"Noleggio Di Motociclette Cusco\",\"item\":\"https:\/\/www.ericadventures.com\/it\/noleggio-motociclette\/\"},{\"@type\":\"ListItem\",\"position\":3,\"name\":\"Honda Elite 125 cc\"}]},{\"@type\":\"WebSite\",\"@id\":\"https:\/\/www.ericadventures.com\/en\/#website\",\"url\":\"https:\/\/www.ericadventures.com\/en\/\",\"name\":\"Eric Adventures\",\"description\":\"\",\"publisher\":{\"@id\":\"https:\/\/www.ericadventures.com\/en\/#organization\"},\"alternateName\":\"Eric Adventures\",\"potentialAction\":[{\"@type\":\"SearchAction\",\"target\":{\"@type\":\"EntryPoint\",\"urlTemplate\":\"https:\/\/www.ericadventures.com\/en\/?s={search_term_string}\"},\"query-input\":{\"@type\":\"PropertyValueSpecification\",\"valueRequired\":true,\"valueName\":\"search_term_string\"}}],\"inLanguage\":\"it-IT\"},{\"@type\":\"Organization\",\"@id\":\"https:\/\/www.ericadventures.com\/en\/#organization\",\"name\":\"Eric Adventures\",\"url\":\"https:\/\/www.ericadventures.com\/en\/\",\"logo\":{\"@type\":\"ImageObject\",\"inLanguage\":\"it-IT\",\"@id\":\"https:\/\/www.ericadventures.com\/en\/#\/schema\/logo\/image\/\",\"url\":\"https:\/\/www.ericadventures.com\/wp-content\/uploads\/logo-ericadventures.png\",\"contentUrl\":\"https:\/\/www.ericadventures.com\/wp-content\/uploads\/logo-ericadventures.png\",\"width\":500,\"height\":106,\"caption\":\"Eric Adventures\"},\"image\":{\"@id\":\"https:\/\/www.ericadventures.com\/en\/#\/schema\/logo\/image\/\"}}]}<\/script>\n<!-- \/ Yoast SEO Premium plugin. -->","yoast_head_json":{"title":"Noleggio Honda Elite 125cc Cusco Per\u00f9","description":"La Honda Tornado 250cc, motocicletta economica, \u00e8 perfetta per esplorare Cusco e raggiungere Machu Picchu. Disponibile per US$55 al giorno.","robots":{"index":"index","follow":"follow","max-snippet":"max-snippet:-1","max-image-preview":"max-image-preview:large","max-video-preview":"max-video-preview:-1"},"canonical":"https:\/\/www.ericadventures.com\/it\/noleggio-motociclette\/honda-elite-125cc\/","og_locale":"it_IT","og_type":"article","og_title":"Honda Elite 125 cc","og_description":"La Honda Tornado 250cc, motocicletta economica, \u00e8 perfetta per esplorare Cusco e raggiungere Machu Picchu. Disponibile per US$55 al giorno.","og_url":"https:\/\/www.ericadventures.com\/it\/noleggio-motociclette\/honda-elite-125cc\/","og_site_name":"Eric Adventures","article_modified_time":"2025-11-20T18:30:13+00:00","og_image":[{"width":300,"height":195,"url":"https:\/\/www.ericadventures.com\/wp-content\/uploads\/Honda-Elite-125cc.jpg","type":"image\/jpeg"}],"twitter_card":"summary_large_image","twitter_misc":{"Tempo di lettura stimato":"4 minuti"},"schema":{"@context":"https:\/\/schema.org","@graph":[{"@type":"WebPage","@id":"https:\/\/www.ericadventures.com\/it\/noleggio-motociclette\/honda-elite-125cc\/","url":"https:\/\/www.ericadventures.com\/it\/noleggio-motociclette\/honda-elite-125cc\/","name":"Noleggio Honda Elite 125cc Cusco Per\u00f9","isPartOf":{"@id":"https:\/\/www.ericadventures.com\/en\/#website"},"primaryImageOfPage":{"@id":"https:\/\/www.ericadventures.com\/it\/noleggio-motociclette\/honda-elite-125cc\/#primaryimage"},"image":{"@id":"https:\/\/www.ericadventures.com\/it\/noleggio-motociclette\/honda-elite-125cc\/#primaryimage"},"thumbnailUrl":"https:\/\/www.ericadventures.com\/wp-content\/uploads\/Honda-Elite-125cc.jpg","datePublished":"2023-10-30T16:26:33+00:00","dateModified":"2025-11-20T18:30:13+00:00","description":"La Honda Tornado 250cc, motocicletta economica, \u00e8 perfetta per esplorare Cusco e raggiungere Machu Picchu. Disponibile per US$55 al giorno.","breadcrumb":{"@id":"https:\/\/www.ericadventures.com\/it\/noleggio-motociclette\/honda-elite-125cc\/#breadcrumb"},"inLanguage":"it-IT","potentialAction":[{"@type":"ReadAction","target":["https:\/\/www.ericadventures.com\/it\/noleggio-motociclette\/honda-elite-125cc\/"]}]},{"@type":"ImageObject","inLanguage":"it-IT","@id":"https:\/\/www.ericadventures.com\/it\/noleggio-motociclette\/honda-elite-125cc\/#primaryimage","url":"https:\/\/www.ericadventures.com\/wp-content\/uploads\/Honda-Elite-125cc.jpg","contentUrl":"https:\/\/www.ericadventures.com\/wp-content\/uploads\/Honda-Elite-125cc.jpg","width":300,"height":195,"caption":"Motocicleta Honda-Elite-125cc"},{"@type":"BreadcrumbList","@id":"https:\/\/www.ericadventures.com\/it\/noleggio-motociclette\/honda-elite-125cc\/#breadcrumb","itemListElement":[{"@type":"ListItem","position":1,"name":"Home","item":"https:\/\/www.ericadventures.com\/it\/"},{"@type":"ListItem","position":2,"name":"Noleggio Di Motociclette Cusco","item":"https:\/\/www.ericadventures.com\/it\/noleggio-motociclette\/"},{"@type":"ListItem","position":3,"name":"Honda Elite 125 cc"}]},{"@type":"WebSite","@id":"https:\/\/www.ericadventures.com\/en\/#website","url":"https:\/\/www.ericadventures.com\/en\/","name":"Eric Adventures","description":"","publisher":{"@id":"https:\/\/www.ericadventures.com\/en\/#organization"},"alternateName":"Eric Adventures","potentialAction":[{"@type":"SearchAction","target":{"@type":"EntryPoint","urlTemplate":"https:\/\/www.ericadventures.com\/en\/?s={search_term_string}"},"query-input":{"@type":"PropertyValueSpecification","valueRequired":true,"valueName":"search_term_string"}}],"inLanguage":"it-IT"},{"@type":"Organization","@id":"https:\/\/www.ericadventures.com\/en\/#organization","name":"Eric Adventures","url":"https:\/\/www.ericadventures.com\/en\/","logo":{"@type":"ImageObject","inLanguage":"it-IT","@id":"https:\/\/www.ericadventures.com\/en\/#\/schema\/logo\/image\/","url":"https:\/\/www.ericadventures.com\/wp-content\/uploads\/logo-ericadventures.png","contentUrl":"https:\/\/www.ericadventures.com\/wp-content\/uploads\/logo-ericadventures.png","width":500,"height":106,"caption":"Eric Adventures"},"image":{"@id":"https:\/\/www.ericadventures.com\/en\/#\/schema\/logo\/image\/"}}]}},"coauthors":[],"author_meta":{"author_link":"https:\/\/www.ericadventures.com\/it\/author\/ericadmin\/","display_name":"Eric"},"relative_dates":{"created":"Pubblicato 2 anni fa","modified":"Aggiornato 5 mesi fa"},"absolute_dates":{"created":"Pubblicato il Ottobre 30, 2023","modified":"Aggiornato il Novembre 20, 2025"},"absolute_dates_time":{"created":"Pubblicato il Ottobre 30, 2023 11:26 am","modified":"Aggiornato il Novembre 20, 2025 1:30 pm"},"featured_img_caption":"","featured_img":"https:\/\/www.ericadventures.com\/wp-content\/uploads\/Honda-Elite-125cc.jpg","series_order":"","_links":{"self":[{"href":"https:\/\/www.ericadventures.com\/it\/wp-json\/wp\/v2\/pages\/1496","targetHints":{"allow":["GET"]}}],"collection":[{"href":"https:\/\/www.ericadventures.com\/it\/wp-json\/wp\/v2\/pages"}],"about":[{"href":"https:\/\/www.ericadventures.com\/it\/wp-json\/wp\/v2\/types\/page"}],"author":[{"embeddable":true,"href":"https:\/\/www.ericadventures.com\/it\/wp-json\/wp\/v2\/users\/1"}],"replies":[{"embeddable":true,"href":"https:\/\/www.ericadventures.com\/it\/wp-json\/wp\/v2\/comments?post=1496"}],"version-history":[{"count":4,"href":"https:\/\/www.ericadventures.com\/it\/wp-json\/wp\/v2\/pages\/1496\/revisions"}],"predecessor-version":[{"id":3812,"href":"https:\/\/www.ericadventures.com\/it\/wp-json\/wp\/v2\/pages\/1496\/revisions\/3812"}],"up":[{"embeddable":true,"href":"https:\/\/www.ericadventures.com\/it\/wp-json\/wp\/v2\/pages\/1488"}],"wp:featuredmedia":[{"embeddable":true,"href":"https:\/\/www.ericadventures.com\/it\/wp-json\/wp\/v2\/media\/1154"}],"wp:attachment":[{"href":"https:\/\/www.ericadventures.com\/it\/wp-json\/wp\/v2\/media?parent=1496"}],"curies":[{"name":"wp","href":"https:\/\/api.w.org\/{rel}","templated":true}]}}