{"id":18802,"date":"2024-04-27T21:10:31","date_gmt":"2024-04-28T02:10:31","guid":{"rendered":"https:\/\/www.ericadventures.com\/pacchetti\/ampliamenti\/huaraz-rapido\/"},"modified":"2025-11-11T12:34:51","modified_gmt":"2025-11-11T17:34:51","slug":"huaraz-veloce-2-giorn","status":"publish","type":"page","link":"https:\/\/www.ericadventures.com\/it\/pacchetti\/huaraz-veloce-2-giorn\/","title":{"rendered":"2G Huaraz Veloce"},"content":{"rendered":"<div class=\"wp-block-image\">\n<figure class=\"alignleft size-full is-resized\"><img loading=\"lazy\" decoding=\"async\" width=\"400\" height=\"200\" src=\"https:\/\/www.ericadventures.com\/wp-content\/uploads\/huaraz_rapidly.jpg\" alt=\"\" class=\"wp-image-18794\" style=\"aspect-ratio:1.7777777777777777;object-fit:cover;width:416px;height:auto\" srcset=\"https:\/\/www.ericadventures.com\/wp-content\/uploads\/huaraz_rapidly.jpg 400w, https:\/\/www.ericadventures.com\/wp-content\/uploads\/huaraz_rapidly-300x150.jpg 300w\" sizes=\"auto, (max-width: 400px) 100vw, 400px\" \/><\/figure>\n<\/div>\n\n\n<h3 class=\"wp-block-heading\" id=\"h-\"><\/h3>\n\n\n\n<h3 class=\"wp-block-heading\" id=\"h-huaraz-2-giorni-peru-tours\">Huaraz 2 Giorni &#8211; Peru Tours<\/h3>\n\n\n\n<p>Huaraz (Per\u00f9) \u00e8 una citt\u00e0 dove si praticano molti sport di aventura e trekking. Qui potrete incontrare la <strong>Cordigliera Bianca<\/strong>, visitare il <strong>sito archeologico di Chavin de Huantar<\/strong>. Siamo in grado di offrirvi partenze quotidiane con autobus notturni da Lima (autobus con TV, bagno, snack, coperte).<br><\/p>\n\n\n\n<h2 class=\"wp-block-heading\" id=\"h-itinerario\">Itinerario<\/h2>\n\n\n\n<h3 class=\"wp-block-heading\" id=\"h-giorno-01-nbsp\">GIORNO 01:&nbsp;<\/h3>\n\n\n\n<p>Vi offriamo un\u2019escursione di un giorno al <strong>Callej\u00f3n de Huaylas<\/strong>, osservando pittoreschi paesini, quali <strong>Marcar\u00e1, Carhuaz, Mancos, Ranrahirca, Yungay e lo splendido lago di Llanganuco<\/strong>, nel parco nazionale Huascar\u00e1n. Infine, visisteremo la vitt\u00e0 di Caral. Traferimento all\u2019hotel.<br>Pernottamento in hotel a <strong>Huaraz<\/strong>.<\/p>\n\n\n\n<h3 class=\"wp-block-heading\" id=\"h-giorno-02-nbsp\">GIORNO 02:&nbsp;<\/h3>\n\n\n\n<p>Visita della citt\u00e0 di Huaraz ed ai <strong>bagni termali di Monterrey<\/strong> o <strong>Chav\u00edn de Huantar<\/strong>. Potete scegliere tra queste 2 mete. Ritorno a Lima in autobus. <\/p>\n\n\n\n<h2 class=\"wp-block-heading\" id=\"h-incluso\">incluso<\/h2>\n\n\n\n<ul class=\"wp-block-list\">\n<li>Autobus con sedili semi-reclinabili&nbsp;<strong>Lima<\/strong>&#8211;<strong>Huaraz<\/strong>&#8211;<strong>Lima<\/strong>.<\/li>\n\n\n\n<li>Una notte in hotel e colazione<\/li>\n\n\n\n<li>Visite guidate con guide in spagnolo<\/li>\n\n\n\n<li>Ingressi<\/li>\n<\/ul>\n\n\n\n<h2 class=\"wp-block-heading\" id=\"h-prezzi-a-persona-in-dollari-statunitensi\">PREZZI (A PERSONA IN DOLLARI STATUNITENSI)<\/h2>\n\n\n\n<p><strong>SERVIZIO CONDIVISO<\/strong><\/p>\n\n\n\n<ul class=\"wp-block-list\">\n<li>Prezzo a persona: US$ 255 (minimo 2 persone)<\/li>\n<\/ul>\n\n\n\n<p>*Prezzi di riferimento soggetti a disponibilit\u00e0 e stagione.<\/p>\n\n\n\n<p><\/p>\n\n\n\n<h2 class=\"wp-block-heading\" id=\"h-mappe\">Mappe<\/h2>\n\n\n\n<figure class=\"wp-block-gallery has-nested-images columns-default wp-block-gallery-1 is-layout-flex wp-block-gallery-is-layout-flex\">\n<figure class=\"wp-block-image size-thumbnail\"><a href=\"https:\/\/www.ericadventures.com\/wp-content\/uploads\/huaraz_rapidly44.jpg\"><img loading=\"lazy\" decoding=\"async\" width=\"150\" height=\"150\" data-id=\"18757\" src=\"https:\/\/www.ericadventures.com\/wp-content\/uploads\/huaraz_rapidly44-150x150.jpg\" alt=\"Mappa del tour di 2 giorni a Huaraz\" class=\"wp-image-18757\"\/><\/a><\/figure>\n<\/figure>\n\n\n\n<h2 class=\"wp-block-heading\" id=\"h-foto\">Foto<\/h2>\n\n\n\n<figure class=\"wp-block-gallery has-nested-images columns-6 is-cropped wp-block-gallery-2 is-layout-flex wp-block-gallery-is-layout-flex\">\n<figure class=\"wp-block-image size-large\"><a href=\"https:\/\/www.ericadventures.com\/wp-content\/uploads\/peru-huaraz-yungay-ranrahirca-adventure-tours-2.jpg\"><img loading=\"lazy\" decoding=\"async\" width=\"480\" height=\"360\" data-id=\"25279\" src=\"https:\/\/www.ericadventures.com\/wp-content\/uploads\/peru-huaraz-yungay-ranrahirca-adventure-tours-2.jpg\" alt=\"Huaraz, Per\u00f9\n\" class=\"wp-image-25279\" srcset=\"https:\/\/www.ericadventures.com\/wp-content\/uploads\/peru-huaraz-yungay-ranrahirca-adventure-tours-2.jpg 480w, https:\/\/www.ericadventures.com\/wp-content\/uploads\/peru-huaraz-yungay-ranrahirca-adventure-tours-2-300x225.jpg 300w\" sizes=\"auto, (max-width: 480px) 100vw, 480px\" \/><\/a><\/figure>\n\n\n\n<figure class=\"wp-block-image size-large\"><a href=\"https:\/\/www.ericadventures.com\/wp-content\/uploads\/peru-huaraz-monterrey-adventure-tours-2.jpg\"><img loading=\"lazy\" decoding=\"async\" width=\"480\" height=\"360\" data-id=\"25286\" src=\"https:\/\/www.ericadventures.com\/wp-content\/uploads\/peru-huaraz-monterrey-adventure-tours-2.jpg\" alt=\"Huaraz, Per\u00f9 1\n\" class=\"wp-image-25286\" srcset=\"https:\/\/www.ericadventures.com\/wp-content\/uploads\/peru-huaraz-monterrey-adventure-tours-2.jpg 480w, https:\/\/www.ericadventures.com\/wp-content\/uploads\/peru-huaraz-monterrey-adventure-tours-2-300x225.jpg 300w\" sizes=\"auto, (max-width: 480px) 100vw, 480px\" \/><\/a><\/figure>\n\n\n\n<figure class=\"wp-block-image size-large\"><a href=\"https:\/\/www.ericadventures.com\/wp-content\/uploads\/Llanganuco-Huaraz-2.jpg\"><img loading=\"lazy\" decoding=\"async\" width=\"484\" height=\"360\" data-id=\"25276\" src=\"https:\/\/www.ericadventures.com\/wp-content\/uploads\/Llanganuco-Huaraz-2.jpg\" alt=\"Huaraz, Laguna Llanganuco, Per\u00f9\n\" class=\"wp-image-25276\" srcset=\"https:\/\/www.ericadventures.com\/wp-content\/uploads\/Llanganuco-Huaraz-2.jpg 484w, https:\/\/www.ericadventures.com\/wp-content\/uploads\/Llanganuco-Huaraz-2-300x223.jpg 300w\" sizes=\"auto, (max-width: 484px) 100vw, 484px\" \/><\/a><\/figure>\n\n\n\n<figure class=\"wp-block-image size-large\"><a href=\"https:\/\/www.ericadventures.com\/wp-content\/uploads\/peru-huaraz-huascaran-4x4-tours-2.jpg\"><img loading=\"lazy\" decoding=\"async\" width=\"480\" height=\"360\" data-id=\"25291\" src=\"https:\/\/www.ericadventures.com\/wp-content\/uploads\/peru-huaraz-huascaran-4x4-tours-2.jpg\" alt=\"Huaraz, Per\u00f9 2\n\" class=\"wp-image-25291\" srcset=\"https:\/\/www.ericadventures.com\/wp-content\/uploads\/peru-huaraz-huascaran-4x4-tours-2.jpg 480w, https:\/\/www.ericadventures.com\/wp-content\/uploads\/peru-huaraz-huascaran-4x4-tours-2-300x225.jpg 300w\" sizes=\"auto, (max-width: 480px) 100vw, 480px\" \/><\/a><\/figure>\n\n\n\n<figure class=\"wp-block-image size-large\"><a href=\"https:\/\/www.ericadventures.com\/wp-content\/uploads\/peru-huaraz-caral-archaeological-site-2.jpg\"><img loading=\"lazy\" decoding=\"async\" width=\"480\" height=\"360\" data-id=\"25298\" src=\"https:\/\/www.ericadventures.com\/wp-content\/uploads\/peru-huaraz-caral-archaeological-site-2.jpg\" alt=\"Huaraz, Per\u00f9 3\n\" class=\"wp-image-25298\" srcset=\"https:\/\/www.ericadventures.com\/wp-content\/uploads\/peru-huaraz-caral-archaeological-site-2.jpg 480w, https:\/\/www.ericadventures.com\/wp-content\/uploads\/peru-huaraz-caral-archaeological-site-2-300x225.jpg 300w\" sizes=\"auto, (max-width: 480px) 100vw, 480px\" \/><\/a><\/figure>\n\n\n\n<figure class=\"wp-block-image size-large\"><a href=\"https:\/\/www.ericadventures.com\/wp-content\/uploads\/peru-huaraz-4x4-off-road-tours-2.jpg\"><img loading=\"lazy\" decoding=\"async\" width=\"480\" height=\"360\" data-id=\"25296\" src=\"https:\/\/www.ericadventures.com\/wp-content\/uploads\/peru-huaraz-4x4-off-road-tours-2.jpg\" alt=\"Huaraz, Per\u00f9 5\" class=\"wp-image-25296\" srcset=\"https:\/\/www.ericadventures.com\/wp-content\/uploads\/peru-huaraz-4x4-off-road-tours-2.jpg 480w, https:\/\/www.ericadventures.com\/wp-content\/uploads\/peru-huaraz-4x4-off-road-tours-2-300x225.jpg 300w\" sizes=\"auto, (max-width: 480px) 100vw, 480px\" \/><\/a><\/figure>\n<\/figure>\n\n\n\n<h2 class=\"wp-block-heading\" id=\"h-modulo-di-contatto\"><strong>modulo di contatto<\/strong><\/h2>\n\n\n\n<div class=\"wp-block-contact-form-7-contact-form-selector\">\n<div class=\"wpcf7 no-js\" id=\"wpcf7-f6170-o1\" lang=\"es-ES\" dir=\"ltr\" data-wpcf7-id=\"6170\">\n<div class=\"screen-reader-response\"><p role=\"status\" aria-live=\"polite\" aria-atomic=\"true\"><\/p> <ul><\/ul><\/div>\n<form action=\"\/it\/wp-json\/wp\/v2\/pages\/18802#wpcf7-f6170-o1\" method=\"post\" class=\"wpcf7-form init\" aria-label=\"Formulario de contacto\" novalidate=\"novalidate\" data-status=\"init\">\n<fieldset class=\"hidden-fields-container\"><input type=\"hidden\" name=\"_wpcf7\" value=\"6170\" \/><input type=\"hidden\" name=\"_wpcf7_version\" value=\"6.1.5\" \/><input type=\"hidden\" name=\"_wpcf7_locale\" value=\"es_ES\" \/><input type=\"hidden\" name=\"_wpcf7_unit_tag\" value=\"wpcf7-f6170-o1\" \/><input type=\"hidden\" name=\"_wpcf7_container_post\" value=\"0\" \/><input type=\"hidden\" name=\"_wpcf7_posted_data_hash\" value=\"\" \/>\n<\/fieldset>\n<div class=\"wpcf7-turnstile cf-turnstile\" data-sitekey=\"0x4AAAAAACZ2CLxkDaDac8NW\" data-response-field-name=\"_wpcf7_turnstile_response\"><\/div>\n\n<div class=\"formt\">\n    <span class=\"textform\">Per prenotazioni o maggiori informazioni compila il seguente modulo cliente\/ospite: <\/span>\n    <input class=\"wpcf7-form-control wpcf7-hidden\" value=\"https:\/\/www.ericadventures.com\/it\/wp-json\/wp\/v2\/pages\/18802\" type=\"hidden\" name=\"Url_Tour\" \/>\n    <input class=\"wpcf7-form-control wpcf7-hidden\" value=\"it\" type=\"hidden\" name=\"Idioma\" \/>\n    <input class=\"wpcf7-form-control wpcf7-hidden\" value=\"01\/05\/2026 16:23:00\" type=\"hidden\" name=\"Fecha_Hora\" \/>\n    <input class=\"wpcf7-form-control wpcf7-hidden\" value=\"216.73.217.30\" type=\"hidden\" name=\"Ip\" \/>\n    <input class=\"wpcf7-form-control wpcf7-hidden\" value=\"2G Huaraz Veloce\" type=\"hidden\" name=\"Nombre_Tour\" \/>\n    <input class=\"wpcf7-form-control wpcf7-hidden\" value=\"1\" type=\"hidden\" name=\"enviar_excel\" \/>\n\n    <div class=\"g2\">\n        <div>\n            <label>Nome: <\/label>\n            <span class=\"wpcf7-form-control-wrap\" data-name=\"Nombre\"><input size=\"40\" maxlength=\"400\" class=\"wpcf7-form-control wpcf7-text wpcf7-validates-as-required\" aria-required=\"true\" aria-invalid=\"false\" value=\"\" type=\"text\" name=\"Nombre\" \/><\/span>\n        <\/div>\n        <div>\n            <label>E-mail: <\/label>\n            <span class=\"wpcf7-form-control-wrap\" data-name=\"Emails\"><input size=\"40\" maxlength=\"400\" class=\"wpcf7-form-control wpcf7-email wpcf7-validates-as-required wpcf7-text wpcf7-validates-as-email\" aria-required=\"true\" aria-invalid=\"false\" value=\"\" type=\"email\" name=\"Emails\" \/><\/span>\n        <\/div>\n    <\/div>\n    \n    <div class=\"g2\">\n        <div>\n            <label>Paese: <\/label>\n            <span class=\"wpcf7-form-control-wrap\" data-name=\"Pais\"><input size=\"40\" maxlength=\"400\" class=\"wpcf7-form-control wpcf7-text\" aria-invalid=\"false\" value=\"\" type=\"text\" name=\"Pais\" \/><\/span>\n        <\/div>\n        <div>\n            <label>Telefono - Whatsapp: <\/label>\n            <span class=\"wpcf7-form-control-wrap\" data-name=\"Whatsapp\"><input size=\"40\" class=\"wpcf7-form-control wpcf7-phonetext wpcf7-text wpcf7-validates-as-phonetext\" aria-invalid=\"false\" value=\"\" type=\"text\" name=\"Whatsapp\" \/><input type=\"hidden\" name=\"Whatsapp-country-code\" class=\"wpcf7-phonetext-country-code\" \/><\/span>\n        <\/div>\n    <\/div>\n    \n    <div class=\"g2\">\n        <div>\n            <label>Numero di adulti: <\/label>\n            <span class=\"wpcf7-form-control-wrap\" data-name=\"Adultos\"><select class=\"wpcf7-form-control wpcf7-select wpcf7-validates-as-required\" aria-required=\"true\" aria-invalid=\"false\" name=\"Adultos\"><option value=\"1\">1<\/option><option value=\"2\">2<\/option><option value=\"3\">3<\/option><option value=\"4\">4<\/option><option value=\"5\">5<\/option><option value=\"6\">6<\/option><option value=\"7\">7<\/option><option value=\"8\">8<\/option><option value=\"9\">9<\/option><option value=\"10\">10<\/option><option value=\"11\">11<\/option><option value=\"12 o pi\u00f9\">12 o pi\u00f9<\/option><\/select><\/span>\n        <\/div>\n        <div>\n            <label>Numero di bambini: <\/label>\n            <span class=\"wpcf7-form-control-wrap\" data-name=\"Ninos\"><select class=\"wpcf7-form-control wpcf7-select wpcf7-validates-as-required\" aria-required=\"true\" aria-invalid=\"false\" name=\"Ninos\"><option value=\"0\">0<\/option><option value=\"1\">1<\/option><option value=\"2\">2<\/option><option value=\"3\">3<\/option><option value=\"4\">4<\/option><option value=\"5\">5<\/option><option value=\"6\">6<\/option><option value=\"7\">7<\/option><option value=\"8\">8<\/option><option value=\"9\">9<\/option><option value=\"10\">10<\/option><option value=\"11\">11<\/option><option value=\"12 o pi\u00f9\">12 o pi\u00f9<\/option><\/select><\/span>\n        <\/div>\n    <\/div>\n    \n    <div class=\"g2\">\n        <div>\n            <label>Data di inizio del tour: <\/label>\n            <span class=\"wpcf7-form-control-wrap\" data-name=\"Inicio\"><input class=\"wpcf7-form-control wpcf7-date wpcf7-validates-as-required wpcf7-validates-as-date\" id=\"inicio\" min=\"2026-05-01\" aria-required=\"true\" aria-invalid=\"false\" value=\"\" type=\"date\" name=\"Inicio\" \/><\/span>\n        <\/div>\n        <div>\n            <label>Data di fine del tour: <\/label>\n            <span class=\"wpcf7-form-control-wrap\" data-name=\"Final\"><input class=\"wpcf7-form-control wpcf7-date wpcf7-validates-as-required wpcf7-validates-as-date\" id=\"final\" min=\"2026-05-01\" aria-required=\"true\" aria-invalid=\"false\" value=\"\" type=\"date\" name=\"Final\" \/><\/span>\n        <\/div>\n    <\/div>\n    \n    <div>\n        <label>Commenti o domande: <\/label>\n        <span class=\"wpcf7-form-control-wrap\" data-name=\"Mensaje\"><textarea cols=\"40\" rows=\"10\" maxlength=\"2000\" class=\"wpcf7-form-control wpcf7-textarea wpcf7-validates-as-required\" aria-required=\"true\" aria-invalid=\"false\" placeholder=\"Si prega di specificare il tipo di SERVIZIO\/TOUR che si desidera effettuare\" name=\"Mensaje\"><\/textarea><\/span>\n    <\/div>\n    \n    <input class=\"wpcf7-form-control wpcf7-submit has-spinner btnsend\" type=\"submit\" value=\"INVIA MESSAGGIO\" \/>\n<\/div><div class=\"wpcf7-response-output\" aria-hidden=\"true\"><\/div>\n<\/form>\n<\/div>\n<\/div>\n","protected":false},"excerpt":{"rendered":"<p>Huaraz 2 Giorni &#8211; Peru Tours Huaraz (Per\u00f9) \u00e8 una citt\u00e0 dove si praticano molti sport di aventura e trekking. [&hellip;]<\/p>\n","protected":false},"author":3,"featured_media":18797,"parent":16101,"menu_order":0,"comment_status":"closed","ping_status":"closed","template":"page-tour.php","meta":{"_acf_changed":false,"advgb_blocks_editor_width":"","advgb_blocks_columns_visual_guide":"","footnotes":""},"class_list":["post-18802","page","type-page","status-publish","has-post-thumbnail","hentry"],"acf":[],"yoast_head":"<!-- This site is optimized with the Yoast SEO Premium plugin v25.4 (Yoast SEO v26.9) - https:\/\/yoast.com\/product\/yoast-seo-premium-wordpress\/ -->\n<title>Per\u00f9 Huaraz in 2 giorni - Escursioni in Per\u00f9<\/title>\n<meta name=\"description\" content=\"Huaraz, Per\u00f9! Sport estremi nella Cordillera Blanca e cultura a Chav\u00edn de Hu\u00e1ntar. Avventura e divertimento garantita!\" \/>\n<meta name=\"robots\" content=\"index, follow, max-snippet:-1, max-image-preview:large, max-video-preview:-1\" \/>\n<link rel=\"canonical\" href=\"https:\/\/www.ericadventures.com\/it\/pacchetti\/huaraz-veloce-2-giorn\/\" \/>\n<meta property=\"og:locale\" content=\"it_IT\" \/>\n<meta property=\"og:type\" content=\"article\" \/>\n<meta property=\"og:title\" content=\"2G Huaraz Veloce\" \/>\n<meta property=\"og:description\" content=\"Huaraz, Per\u00f9! Sport estremi nella Cordillera Blanca e cultura a Chav\u00edn de Hu\u00e1ntar. Avventura e divertimento garantita!\" \/>\n<meta property=\"og:url\" content=\"https:\/\/www.ericadventures.com\/it\/pacchetti\/huaraz-veloce-2-giorn\/\" \/>\n<meta property=\"og:site_name\" content=\"Eric Adventures\" \/>\n<meta property=\"article:modified_time\" content=\"2025-11-11T17:34:51+00:00\" \/>\n<meta property=\"og:image\" content=\"https:\/\/www.ericadventures.com\/wp-content\/uploads\/huaraz_rapidly.jpg\" \/>\n\t<meta property=\"og:image:width\" content=\"400\" \/>\n\t<meta property=\"og:image:height\" content=\"200\" \/>\n\t<meta property=\"og:image:type\" content=\"image\/jpeg\" \/>\n<meta name=\"twitter:card\" content=\"summary_large_image\" \/>\n<meta name=\"twitter:label1\" content=\"Tempo di lettura stimato\" \/>\n\t<meta name=\"twitter:data1\" content=\"3 minuti\" \/>\n<script type=\"application\/ld+json\" class=\"yoast-schema-graph\">{\"@context\":\"https:\/\/schema.org\",\"@graph\":[{\"@type\":\"WebPage\",\"@id\":\"https:\/\/www.ericadventures.com\/it\/pacchetti\/huaraz-veloce-2-giorn\/\",\"url\":\"https:\/\/www.ericadventures.com\/it\/pacchetti\/huaraz-veloce-2-giorn\/\",\"name\":\"Per\u00f9 Huaraz in 2 giorni - Escursioni in Per\u00f9\",\"isPartOf\":{\"@id\":\"https:\/\/www.ericadventures.com\/en\/#website\"},\"primaryImageOfPage\":{\"@id\":\"https:\/\/www.ericadventures.com\/it\/pacchetti\/huaraz-veloce-2-giorn\/#primaryimage\"},\"image\":{\"@id\":\"https:\/\/www.ericadventures.com\/it\/pacchetti\/huaraz-veloce-2-giorn\/#primaryimage\"},\"thumbnailUrl\":\"https:\/\/www.ericadventures.com\/wp-content\/uploads\/huaraz_rapidly.jpg\",\"datePublished\":\"2024-04-28T02:10:31+00:00\",\"dateModified\":\"2025-11-11T17:34:51+00:00\",\"description\":\"Huaraz, Per\u00f9! Sport estremi nella Cordillera Blanca e cultura a Chav\u00edn de Hu\u00e1ntar. Avventura e divertimento garantita!\",\"breadcrumb\":{\"@id\":\"https:\/\/www.ericadventures.com\/it\/pacchetti\/huaraz-veloce-2-giorn\/#breadcrumb\"},\"inLanguage\":\"it-IT\",\"potentialAction\":[{\"@type\":\"ReadAction\",\"target\":[\"https:\/\/www.ericadventures.com\/it\/pacchetti\/huaraz-veloce-2-giorn\/\"]}]},{\"@type\":\"ImageObject\",\"inLanguage\":\"it-IT\",\"@id\":\"https:\/\/www.ericadventures.com\/it\/pacchetti\/huaraz-veloce-2-giorn\/#primaryimage\",\"url\":\"https:\/\/www.ericadventures.com\/wp-content\/uploads\/huaraz_rapidly.jpg\",\"contentUrl\":\"https:\/\/www.ericadventures.com\/wp-content\/uploads\/huaraz_rapidly.jpg\",\"width\":400,\"height\":200,\"caption\":\"Huaraz Rapidly\"},{\"@type\":\"BreadcrumbList\",\"@id\":\"https:\/\/www.ericadventures.com\/it\/pacchetti\/huaraz-veloce-2-giorn\/#breadcrumb\",\"itemListElement\":[{\"@type\":\"ListItem\",\"position\":1,\"name\":\"Home\",\"item\":\"https:\/\/www.ericadventures.com\/it\/\"},{\"@type\":\"ListItem\",\"position\":2,\"name\":\"Pacchetti\",\"item\":\"https:\/\/www.ericadventures.com\/it\/pacchetti\/\"},{\"@type\":\"ListItem\",\"position\":3,\"name\":\"2G Huaraz Veloce\"}]},{\"@type\":\"WebSite\",\"@id\":\"https:\/\/www.ericadventures.com\/en\/#website\",\"url\":\"https:\/\/www.ericadventures.com\/en\/\",\"name\":\"Eric Adventures\",\"description\":\"\",\"publisher\":{\"@id\":\"https:\/\/www.ericadventures.com\/en\/#organization\"},\"alternateName\":\"Eric Adventures\",\"potentialAction\":[{\"@type\":\"SearchAction\",\"target\":{\"@type\":\"EntryPoint\",\"urlTemplate\":\"https:\/\/www.ericadventures.com\/en\/?s={search_term_string}\"},\"query-input\":{\"@type\":\"PropertyValueSpecification\",\"valueRequired\":true,\"valueName\":\"search_term_string\"}}],\"inLanguage\":\"it-IT\"},{\"@type\":\"Organization\",\"@id\":\"https:\/\/www.ericadventures.com\/en\/#organization\",\"name\":\"Eric Adventures\",\"url\":\"https:\/\/www.ericadventures.com\/en\/\",\"logo\":{\"@type\":\"ImageObject\",\"inLanguage\":\"it-IT\",\"@id\":\"https:\/\/www.ericadventures.com\/en\/#\/schema\/logo\/image\/\",\"url\":\"https:\/\/www.ericadventures.com\/wp-content\/uploads\/logo-ericadventures.png\",\"contentUrl\":\"https:\/\/www.ericadventures.com\/wp-content\/uploads\/logo-ericadventures.png\",\"width\":500,\"height\":106,\"caption\":\"Eric Adventures\"},\"image\":{\"@id\":\"https:\/\/www.ericadventures.com\/en\/#\/schema\/logo\/image\/\"}}]}<\/script>\n<!-- \/ Yoast SEO Premium plugin. -->","yoast_head_json":{"title":"Per\u00f9 Huaraz in 2 giorni - Escursioni in Per\u00f9","description":"Huaraz, Per\u00f9! Sport estremi nella Cordillera Blanca e cultura a Chav\u00edn de Hu\u00e1ntar. Avventura e divertimento garantita!","robots":{"index":"index","follow":"follow","max-snippet":"max-snippet:-1","max-image-preview":"max-image-preview:large","max-video-preview":"max-video-preview:-1"},"canonical":"https:\/\/www.ericadventures.com\/it\/pacchetti\/huaraz-veloce-2-giorn\/","og_locale":"it_IT","og_type":"article","og_title":"2G Huaraz Veloce","og_description":"Huaraz, Per\u00f9! Sport estremi nella Cordillera Blanca e cultura a Chav\u00edn de Hu\u00e1ntar. Avventura e divertimento garantita!","og_url":"https:\/\/www.ericadventures.com\/it\/pacchetti\/huaraz-veloce-2-giorn\/","og_site_name":"Eric Adventures","article_modified_time":"2025-11-11T17:34:51+00:00","og_image":[{"width":400,"height":200,"url":"https:\/\/www.ericadventures.com\/wp-content\/uploads\/huaraz_rapidly.jpg","type":"image\/jpeg"}],"twitter_card":"summary_large_image","twitter_misc":{"Tempo di lettura stimato":"3 minuti"},"schema":{"@context":"https:\/\/schema.org","@graph":[{"@type":"WebPage","@id":"https:\/\/www.ericadventures.com\/it\/pacchetti\/huaraz-veloce-2-giorn\/","url":"https:\/\/www.ericadventures.com\/it\/pacchetti\/huaraz-veloce-2-giorn\/","name":"Per\u00f9 Huaraz in 2 giorni - Escursioni in Per\u00f9","isPartOf":{"@id":"https:\/\/www.ericadventures.com\/en\/#website"},"primaryImageOfPage":{"@id":"https:\/\/www.ericadventures.com\/it\/pacchetti\/huaraz-veloce-2-giorn\/#primaryimage"},"image":{"@id":"https:\/\/www.ericadventures.com\/it\/pacchetti\/huaraz-veloce-2-giorn\/#primaryimage"},"thumbnailUrl":"https:\/\/www.ericadventures.com\/wp-content\/uploads\/huaraz_rapidly.jpg","datePublished":"2024-04-28T02:10:31+00:00","dateModified":"2025-11-11T17:34:51+00:00","description":"Huaraz, Per\u00f9! Sport estremi nella Cordillera Blanca e cultura a Chav\u00edn de Hu\u00e1ntar. Avventura e divertimento garantita!","breadcrumb":{"@id":"https:\/\/www.ericadventures.com\/it\/pacchetti\/huaraz-veloce-2-giorn\/#breadcrumb"},"inLanguage":"it-IT","potentialAction":[{"@type":"ReadAction","target":["https:\/\/www.ericadventures.com\/it\/pacchetti\/huaraz-veloce-2-giorn\/"]}]},{"@type":"ImageObject","inLanguage":"it-IT","@id":"https:\/\/www.ericadventures.com\/it\/pacchetti\/huaraz-veloce-2-giorn\/#primaryimage","url":"https:\/\/www.ericadventures.com\/wp-content\/uploads\/huaraz_rapidly.jpg","contentUrl":"https:\/\/www.ericadventures.com\/wp-content\/uploads\/huaraz_rapidly.jpg","width":400,"height":200,"caption":"Huaraz Rapidly"},{"@type":"BreadcrumbList","@id":"https:\/\/www.ericadventures.com\/it\/pacchetti\/huaraz-veloce-2-giorn\/#breadcrumb","itemListElement":[{"@type":"ListItem","position":1,"name":"Home","item":"https:\/\/www.ericadventures.com\/it\/"},{"@type":"ListItem","position":2,"name":"Pacchetti","item":"https:\/\/www.ericadventures.com\/it\/pacchetti\/"},{"@type":"ListItem","position":3,"name":"2G Huaraz Veloce"}]},{"@type":"WebSite","@id":"https:\/\/www.ericadventures.com\/en\/#website","url":"https:\/\/www.ericadventures.com\/en\/","name":"Eric Adventures","description":"","publisher":{"@id":"https:\/\/www.ericadventures.com\/en\/#organization"},"alternateName":"Eric Adventures","potentialAction":[{"@type":"SearchAction","target":{"@type":"EntryPoint","urlTemplate":"https:\/\/www.ericadventures.com\/en\/?s={search_term_string}"},"query-input":{"@type":"PropertyValueSpecification","valueRequired":true,"valueName":"search_term_string"}}],"inLanguage":"it-IT"},{"@type":"Organization","@id":"https:\/\/www.ericadventures.com\/en\/#organization","name":"Eric Adventures","url":"https:\/\/www.ericadventures.com\/en\/","logo":{"@type":"ImageObject","inLanguage":"it-IT","@id":"https:\/\/www.ericadventures.com\/en\/#\/schema\/logo\/image\/","url":"https:\/\/www.ericadventures.com\/wp-content\/uploads\/logo-ericadventures.png","contentUrl":"https:\/\/www.ericadventures.com\/wp-content\/uploads\/logo-ericadventures.png","width":500,"height":106,"caption":"Eric Adventures"},"image":{"@id":"https:\/\/www.ericadventures.com\/en\/#\/schema\/logo\/image\/"}}]}},"coauthors":[],"author_meta":{"author_link":"https:\/\/www.ericadventures.com\/it\/author\/joaco\/","display_name":"Joaqu\u00edn Arenas Hermoza"},"relative_dates":{"created":"Pubblicato 2 anni fa","modified":"Aggiornato 6 mesi fa"},"absolute_dates":{"created":"Pubblicato il Aprile 27, 2024","modified":"Aggiornato il Novembre 11, 2025"},"absolute_dates_time":{"created":"Pubblicato il Aprile 27, 2024 9:10 pm","modified":"Aggiornato il Novembre 11, 2025 12:34 pm"},"featured_img_caption":"","featured_img":"https:\/\/www.ericadventures.com\/wp-content\/uploads\/huaraz_rapidly.jpg","series_order":"","_links":{"self":[{"href":"https:\/\/www.ericadventures.com\/it\/wp-json\/wp\/v2\/pages\/18802","targetHints":{"allow":["GET"]}}],"collection":[{"href":"https:\/\/www.ericadventures.com\/it\/wp-json\/wp\/v2\/pages"}],"about":[{"href":"https:\/\/www.ericadventures.com\/it\/wp-json\/wp\/v2\/types\/page"}],"author":[{"embeddable":true,"href":"https:\/\/www.ericadventures.com\/it\/wp-json\/wp\/v2\/users\/3"}],"replies":[{"embeddable":true,"href":"https:\/\/www.ericadventures.com\/it\/wp-json\/wp\/v2\/comments?post=18802"}],"version-history":[{"count":7,"href":"https:\/\/www.ericadventures.com\/it\/wp-json\/wp\/v2\/pages\/18802\/revisions"}],"predecessor-version":[{"id":43233,"href":"https:\/\/www.ericadventures.com\/it\/wp-json\/wp\/v2\/pages\/18802\/revisions\/43233"}],"up":[{"embeddable":true,"href":"https:\/\/www.ericadventures.com\/it\/wp-json\/wp\/v2\/pages\/16101"}],"wp:featuredmedia":[{"embeddable":true,"href":"https:\/\/www.ericadventures.com\/it\/wp-json\/wp\/v2\/media\/18797"}],"wp:attachment":[{"href":"https:\/\/www.ericadventures.com\/it\/wp-json\/wp\/v2\/media?parent=18802"}],"curies":[{"name":"wp","href":"https:\/\/api.w.org\/{rel}","templated":true}]}}