{"id":1902,"date":"2023-11-02T22:15:05","date_gmt":"2023-11-03T03:15:05","guid":{"rendered":"https:\/\/www.ericadventures.com\/car-rental-cusco\/toyota-hilux\/"},"modified":"2025-11-26T12:10:07","modified_gmt":"2025-11-26T17:10:07","slug":"toyota-hilux","status":"publish","type":"page","link":"https:\/\/www.ericadventures.com\/it\/noleggio-veicoli-cusco\/toyota-hilux\/","title":{"rendered":"Toyota Hilux"},"content":{"rendered":"<div class=\"wp-block-image\">\n<figure class=\"aligncenter size-full is-resized\"><img loading=\"lazy\" decoding=\"async\" width=\"890\" height=\"578\" src=\"https:\/\/www.ericadventures.com\/wp-content\/uploads\/toyota-hylux.jpg\" alt=\"\" class=\"wp-image-1807\" style=\"aspect-ratio:1.6956521739130435;width:615px;height:auto\" srcset=\"https:\/\/www.ericadventures.com\/wp-content\/uploads\/toyota-hylux.jpg 890w, https:\/\/www.ericadventures.com\/wp-content\/uploads\/toyota-hylux-300x195.jpg 300w, https:\/\/www.ericadventures.com\/wp-content\/uploads\/toyota-hylux-768x499.jpg 768w\" sizes=\"auto, (max-width: 890px) 100vw, 890px\" \/><\/figure>\n<\/div>\n\n\n<figure class=\"wp-block-table\"><table><tbody><tr><td><img loading=\"lazy\" decoding=\"async\" src=\"https:\/\/www.ericadventures.com\/images\/engine.svg\" alt=\"SEATS\" width=\"20\" height=\"20\"><\/td><td><img loading=\"lazy\" decoding=\"async\" src=\"https:\/\/www.ericadventures.com\/photos\/rentals\/car-fuel.png\" alt=\"FUEL\" width=\"20\" height=\"20\"><\/td><td><img loading=\"lazy\" decoding=\"async\" src=\"https:\/\/www.ericadventures.com\/photos\/rentals\/car-seats.png\" alt=\"SEATS\" width=\"20\" height=\"20\"><\/td><td><img loading=\"lazy\" decoding=\"async\" src=\"https:\/\/www.ericadventures.com\/photos\/rentals\/suitcase.png\" alt=\"SUITCASE\" width=\"20\" height=\"20\"><\/td><\/tr><tr><td>3.0 CC TDI<\/td><td>DIESEL<\/td><td>7<\/td><td>VARIOS<\/td><\/tr><\/tbody><\/table><\/figure>\n\n\n\n<!--Markup for citys-->\n\n<div id=\"item-block_cc43869f70f6702275abf5064cb63d1c\" class=\"item px-2 xl:px-10\">\n\n                \n        \n        <table class=\"table-car w-full mb-4\">\n            <tbody>\n                <tr>\n                    <td class=\"uppercase\">PREZZO AL GIORNO<\/td>\n                    <td class=\"uppercase\">PREZZO PER SETTIMANA<\/td>\n                    <td class=\"uppercase\">KM LIBERI PER GIORNATA<\/td>\n                <\/tr>\n                <tr>\n                    <td>US$ 125<\/td>\n                    <td>US$ 850<\/td>\n                    <td>220<\/td>\n                <\/tr>\n                <tr>\n                    <td colspan=\"3\">Nota: prezzo per Km addizionale US$ 1.00<br>\r\nI nostri prezzi possono variare in base alla disponibilit\u00e0 e alla stagione<\/td>\n                <\/tr>\n                \n            <\/tbody>\n        <\/table>\n\n<\/div>\n\n\n<p><strong><a>*<\/a><\/strong> Noleggio di G.P.S.: US$ 15 al giorno su qualsiasi delle nostre unit\u00e0.<br><br><strong>CONDIZIONI<\/strong><br>\u00c8 necessario essere in possesso di::<br>1) Patente internazionale di guida.<br>2) carta di credito (per il pagamento e la garanzia).<br>3) Passaporto<br>4) Avere pi\u00f9 di 25 anni d\u2019et\u00e0.<\/p>\n\n\n\n<p><strong>ASSICURAZIONI<\/strong><\/p>\n\n\n\n<p>Tutti i nostri veicoli contano con le seguenti coperture assicurative:<br>1) Danni ai passeggeri del veicolo e a terzi (pedoni) in caso d\u2019incidente.<br>2) Danni parziali o totali del veicolo.<br>* <em>L\u2019assicurazione \u00e8 valida solo nel territorio peruviano.<\/em><\/p>\n\n\n\n<h3 class=\"wp-block-heading\" id=\"h-orari-di-apertura\">ORARI DI APERTURA<\/h3>\n\n\n\n<p>I nostri orari di apertura sono:<\/p>\n\n\n\n<ul class=\"wp-block-list\">\n<li>Dal luned\u00ec al sabato, dalle 8:30 alle 13:00 e dalle 15:00 alle 17:30.<\/li>\n\n\n\n<li>Tutti i veicoli devono essere consegnati e restituiti durante l&#8217;orario di apertura; in caso contrario, verranno applicati costi aggiuntivi (circa 45 USD a veicolo).<\/li>\n<\/ul>\n\n\n\n<p><br><strong>GARANZIA<\/strong><\/p>\n\n\n\n<p>La garanzia dev\u2019essere presentata attraverso una carta di credito, il cui possessore deve essere la persona che guider\u00e0 il veicolo. L\u2019importo \u00e8: <strong>US$ 2500<\/strong><br><br>La garanzia sar\u00e0 restituita quando il veicolo sar\u00e0 riconsegnato nelle stesse condizioni in cui lo si ha ricevuto; se il veicolo presentasse qualche danno, useremo parte della garanzia d\u2019accordo all\u2019importo dei costi di riparazione. Se il danno fosse maggiore alla somma depositata come garanzia, useremo la quantit\u00e0 totale dell\u2019importo da lei depositato e l\u2019assicurazione coprirebbe i costi aggiuntivi di riparazione. Procederemo nella stessa forma nel caso in cui l\u2019automobile venisse rubata.<\/p>\n\n\n\n<p><strong>PARTENZA DEI VEICOLI FUORI DAL PER\u00d9<\/strong><\/p>\n\n\n\n<p>Per le uscite del veicolo del paese, per nuova disposizione della dogana, non \u00e8 pi\u00f9 consentito che gli stranieri partano alla guida di un veicolo peruviano fuori dal Per\u00f9, motivo per cui se i clienti desiderano lasciare il Per\u00f9, con un veicolo peruviano, questo deve obbligatoriamente essere guidato da un cittadino o residente peruviano.<\/p>\n\n\n\n<p><strong>Nota:<\/strong> Normalmente le formalit\u00e0 che svolgiamo per l&#8217;uscita dei veicoli dal paese, sono effettuate normalmente, tuttavia non saremo responsabili se per fattori esterni questo obiettivo non pu\u00f2 essere realizzato, come ad esempio:<\/p>\n\n\n\n<ul class=\"wp-block-list\">\n<li>Crisi politica, scioperi, ecc.<\/li>\n\n\n\n<li>Emergenza<\/li>\n\n\n\n<li>Catastrofi naturali<\/li>\n\n\n\n<li>Modifiche alle normative doganali<\/li>\n\n\n\n<li>Situazioni esterne al nostro management<\/li>\n<\/ul>\n\n\n\n<p>Nel caso in cui esci dal Per\u00f9:<\/p>\n\n\n\n<p><strong>1) Per la Bolivia:<\/strong> Per\u00f9 e Bolivia non hanno un accordo per questi casi, quindi dovremmo fare la seguente procedura:<\/p>\n\n\n\n<ul class=\"wp-block-list\">\n<li><strong>Un permesso notarile: <\/strong>che viene utilizzato per attraversare il confine. Questo permesso ha un costo di US$ 125<\/li>\n\n\n\n<li><strong>Un permesso di esportazione temporaneo:<\/strong> questa procedura sar\u00e0 effettuata al confine peruviano (la procedura dura mezza giornata) e ha un costo addizionale di US$ 450 (Tale importo \u00e8 versato ad un&#8217;agenzia doganale sullo stesso confine).<\/li>\n\n\n\n<li><strong>Certificato DIROVE (Vehicle Theft Investigation Division)<\/strong>: che indica che non \u00e8 un veicolo rubato, ha un costo di US$ 75. Inoltre, \u00e8 necessario aggiungere 1 altro giorno di affitto perch\u00e9 per rilasciare il certificato, \u00e8 necessario che il veicolo \u00e8 controllato dalle autorit\u00e0 competenti.<\/li>\n<\/ul>\n\n\n\n<p><strong>2) Per Cile, Ecuador e Brasile<\/strong>, devi pagare solo US$ 125 per il permesso notarile, ci vorr\u00e0 solo un&#8217;ora per attraversare i confini.<\/p>\n\n\n\n<p>3) Se vuoi lasciare il Per\u00f9 in altri paesi con il veicolo noleggiato, devi pagare pi\u00f9 del 50% del prezzo normale<\/p>\n\n\n\n<p><strong>ASSICURAZIONE FUORI DEL PER\u00d9<\/strong><\/p>\n\n\n\n<p>Nel caso in cui esci dal Per\u00f9, includiamo la seguente assicurazione:<\/p>\n\n\n\n<ul class=\"wp-block-list\">\n<li><strong>Chile: <\/strong>l&#8217;assicurazione \u00e8 il SOAPEX che ha un costo di US$ 50<\/li>\n\n\n\n<li><strong>Bolivia: <\/strong>l&#8217;assicurazione \u00e8 il SOAT che ha un costo di US$ 50<\/li>\n<\/ul>\n\n\n\n<p><a>*<\/a> Non tutti i nostri veicoli possono essere usati fuori dal Per\u00f9: per favore, inviaateci un\u2019email per chiedere se il veicolo al quale siete interessati pu\u00f3 uscire dal paese.<strong>Costi per consegnare\/ricevere il veicolo in un luogo diverso dall\u2019originale (DROP-OFF)<\/strong><\/p>\n\n\n\n<p>Se lei consegna il veicolo in una localit\u00e0 diversa da quella da cui inizi\u00f2 il suo viaggio, dovr\u00e0 pagare il costo del ritorno del veicolo nella sua sede originale d\u2019accordo alla distanza. Se il luogo di consegna del veicolo \u00e8 molto distante dalla nostra sede, o la consegna del veicolo viene effettuata al di fuori degli orari di ufficio, questi servizi avranno un costo aggiuntivo.<br><strong>ADDIZIONALE<\/strong><br>\u2022 \u00c8 obbligatorio riconsegnare il veicolo nelle stesse condizioni in cui \u00e8 stato consegnato il 1\u00b0 giorno di noleggio, deve essere pulito e lavato, cos\u00ec sar\u00e0 pi\u00f9 facile per noi e per il cliente verificare se presenta danni. Altrimenti procederemo al lavaggio del veicolo (questo ha un costo aggiuntivo di US $ 50 dollari americani) Poi, possiamo rilasciare la garanzia solo dopo aver verificato il veicolo pulito e lavato.<br>\u2022 I clienti devono lasciare una garanzia di <strong>US$500<\/strong> con una carta di credito alla fine del servizio; questa somma sar\u00e0 liberata dopo un mese, dopo aver verificato che non ci siano multe registrate a nome del cliente.<\/p>\n\n\n\n<p><strong>IMPORTANTE<\/strong><\/p>\n\n\n\n<p>Al momento di effettuare il pagamento, ci riserviamo il veicolo desiderato per il cliente, tuttavia, se ci fosse qualche motivo al di fuori della nostra gestione in cui il veicolo desiderato non pu\u00f2 essere fornito, procederemo a darti uno simile della stessa categoria. Ad esempio: incidente indesiderato, furto, ecc. Se ci sono differenze nel prezzo, verr\u00e0 effettuato il relativo rimborso.<\/p>\n\n\n\n<h2 class=\"wp-block-heading\" id=\"h-modulo-di-contatto\">Modulo di contatto<\/h2>\n\n\n\n<div class=\"wp-block-contact-form-7-contact-form-selector\">\n<div class=\"wpcf7 no-js\" id=\"wpcf7-f6170-o1\" lang=\"es-ES\" dir=\"ltr\" data-wpcf7-id=\"6170\">\n<div class=\"screen-reader-response\"><p role=\"status\" aria-live=\"polite\" aria-atomic=\"true\"><\/p> <ul><\/ul><\/div>\n<form action=\"\/it\/wp-json\/wp\/v2\/pages\/1902#wpcf7-f6170-o1\" method=\"post\" class=\"wpcf7-form init\" aria-label=\"Formulario de contacto\" novalidate=\"novalidate\" data-status=\"init\">\n<fieldset class=\"hidden-fields-container\"><input type=\"hidden\" name=\"_wpcf7\" value=\"6170\" \/><input type=\"hidden\" name=\"_wpcf7_version\" value=\"6.1.5\" \/><input type=\"hidden\" name=\"_wpcf7_locale\" value=\"es_ES\" \/><input type=\"hidden\" name=\"_wpcf7_unit_tag\" value=\"wpcf7-f6170-o1\" \/><input type=\"hidden\" name=\"_wpcf7_container_post\" value=\"0\" \/><input type=\"hidden\" name=\"_wpcf7_posted_data_hash\" value=\"\" \/>\n<\/fieldset>\n<div class=\"wpcf7-turnstile cf-turnstile\" data-sitekey=\"0x4AAAAAACZ2CLxkDaDac8NW\" data-response-field-name=\"_wpcf7_turnstile_response\"><\/div>\n\n<div class=\"formt\">\n    <span class=\"textform\">Per prenotazioni o maggiori informazioni compila il seguente modulo cliente\/ospite: <\/span>\n    <input class=\"wpcf7-form-control wpcf7-hidden\" value=\"https:\/\/www.ericadventures.com\/it\/wp-json\/wp\/v2\/pages\/1902\" type=\"hidden\" name=\"Url_Tour\" \/>\n    <input class=\"wpcf7-form-control wpcf7-hidden\" value=\"it\" type=\"hidden\" name=\"Idioma\" \/>\n    <input class=\"wpcf7-form-control wpcf7-hidden\" value=\"29\/04\/2026 19:29:37\" type=\"hidden\" name=\"Fecha_Hora\" \/>\n    <input class=\"wpcf7-form-control wpcf7-hidden\" value=\"216.73.216.6\" type=\"hidden\" name=\"Ip\" \/>\n    <input class=\"wpcf7-form-control wpcf7-hidden\" value=\"Toyota Hilux\" type=\"hidden\" name=\"Nombre_Tour\" \/>\n    <input class=\"wpcf7-form-control wpcf7-hidden\" value=\"1\" type=\"hidden\" name=\"enviar_excel\" \/>\n\n    <div class=\"g2\">\n        <div>\n            <label>Nome: <\/label>\n            <span class=\"wpcf7-form-control-wrap\" data-name=\"Nombre\"><input size=\"40\" maxlength=\"400\" class=\"wpcf7-form-control wpcf7-text wpcf7-validates-as-required\" aria-required=\"true\" aria-invalid=\"false\" value=\"\" type=\"text\" name=\"Nombre\" \/><\/span>\n        <\/div>\n        <div>\n            <label>E-mail: <\/label>\n            <span class=\"wpcf7-form-control-wrap\" data-name=\"Emails\"><input size=\"40\" maxlength=\"400\" class=\"wpcf7-form-control wpcf7-email wpcf7-validates-as-required wpcf7-text wpcf7-validates-as-email\" aria-required=\"true\" aria-invalid=\"false\" value=\"\" type=\"email\" name=\"Emails\" \/><\/span>\n        <\/div>\n    <\/div>\n    \n    <div class=\"g2\">\n        <div>\n            <label>Paese: <\/label>\n            <span class=\"wpcf7-form-control-wrap\" data-name=\"Pais\"><input size=\"40\" maxlength=\"400\" class=\"wpcf7-form-control wpcf7-text\" aria-invalid=\"false\" value=\"\" type=\"text\" name=\"Pais\" \/><\/span>\n        <\/div>\n        <div>\n            <label>Telefono - Whatsapp: <\/label>\n            <span class=\"wpcf7-form-control-wrap\" data-name=\"Whatsapp\"><input size=\"40\" class=\"wpcf7-form-control wpcf7-phonetext wpcf7-text wpcf7-validates-as-phonetext\" aria-invalid=\"false\" value=\"\" type=\"text\" name=\"Whatsapp\" \/><input type=\"hidden\" name=\"Whatsapp-country-code\" class=\"wpcf7-phonetext-country-code\" \/><\/span>\n        <\/div>\n    <\/div>\n    \n    <div class=\"g2\">\n        <div>\n            <label>Numero di adulti: <\/label>\n            <span class=\"wpcf7-form-control-wrap\" data-name=\"Adultos\"><select class=\"wpcf7-form-control wpcf7-select wpcf7-validates-as-required\" aria-required=\"true\" aria-invalid=\"false\" name=\"Adultos\"><option value=\"1\">1<\/option><option value=\"2\">2<\/option><option value=\"3\">3<\/option><option value=\"4\">4<\/option><option value=\"5\">5<\/option><option value=\"6\">6<\/option><option value=\"7\">7<\/option><option value=\"8\">8<\/option><option value=\"9\">9<\/option><option value=\"10\">10<\/option><option value=\"11\">11<\/option><option value=\"12 o pi\u00f9\">12 o pi\u00f9<\/option><\/select><\/span>\n        <\/div>\n        <div>\n            <label>Numero di bambini: <\/label>\n            <span class=\"wpcf7-form-control-wrap\" data-name=\"Ninos\"><select class=\"wpcf7-form-control wpcf7-select wpcf7-validates-as-required\" aria-required=\"true\" aria-invalid=\"false\" name=\"Ninos\"><option value=\"0\">0<\/option><option value=\"1\">1<\/option><option value=\"2\">2<\/option><option value=\"3\">3<\/option><option value=\"4\">4<\/option><option value=\"5\">5<\/option><option value=\"6\">6<\/option><option value=\"7\">7<\/option><option value=\"8\">8<\/option><option value=\"9\">9<\/option><option value=\"10\">10<\/option><option value=\"11\">11<\/option><option value=\"12 o pi\u00f9\">12 o pi\u00f9<\/option><\/select><\/span>\n        <\/div>\n    <\/div>\n    \n    <div class=\"g2\">\n        <div>\n            <label>Data di inizio del tour: <\/label>\n            <span class=\"wpcf7-form-control-wrap\" data-name=\"Inicio\"><input class=\"wpcf7-form-control wpcf7-date wpcf7-validates-as-required wpcf7-validates-as-date\" id=\"inicio\" min=\"2026-04-29\" aria-required=\"true\" aria-invalid=\"false\" value=\"\" type=\"date\" name=\"Inicio\" \/><\/span>\n        <\/div>\n        <div>\n            <label>Data di fine del tour: <\/label>\n            <span class=\"wpcf7-form-control-wrap\" data-name=\"Final\"><input class=\"wpcf7-form-control wpcf7-date wpcf7-validates-as-required wpcf7-validates-as-date\" id=\"final\" min=\"2026-04-29\" aria-required=\"true\" aria-invalid=\"false\" value=\"\" type=\"date\" name=\"Final\" \/><\/span>\n        <\/div>\n    <\/div>\n    \n    <div>\n        <label>Commenti o domande: <\/label>\n        <span class=\"wpcf7-form-control-wrap\" data-name=\"Mensaje\"><textarea cols=\"40\" rows=\"10\" maxlength=\"2000\" class=\"wpcf7-form-control wpcf7-textarea wpcf7-validates-as-required\" aria-required=\"true\" aria-invalid=\"false\" placeholder=\"Si prega di specificare il tipo di SERVIZIO\/TOUR che si desidera effettuare\" name=\"Mensaje\"><\/textarea><\/span>\n    <\/div>\n    \n    <input class=\"wpcf7-form-control wpcf7-submit has-spinner btnsend\" type=\"submit\" value=\"INVIA MESSAGGIO\" \/>\n<\/div><div class=\"wpcf7-response-output\" aria-hidden=\"true\"><\/div>\n<\/form>\n<\/div>\n<\/div>\n","protected":false},"excerpt":{"rendered":"<p>3.0 CC TDI DIESEL 7 VARIOS * Noleggio di G.P.S.: US$ 15 al giorno su qualsiasi delle nostre unit\u00e0. CONDIZIONI\u00c8 [&hellip;]<\/p>\n","protected":false},"author":1,"featured_media":1809,"parent":1635,"menu_order":0,"comment_status":"closed","ping_status":"closed","template":"page-rental-car.php","meta":{"_acf_changed":false,"advgb_blocks_editor_width":"","advgb_blocks_columns_visual_guide":"","footnotes":""},"class_list":["post-1902","page","type-page","status-publish","has-post-thumbnail","hentry"],"acf":[],"yoast_head":"<!-- This site is optimized with the Yoast SEO Premium plugin v25.4 (Yoast SEO v26.9) - https:\/\/yoast.com\/product\/yoast-seo-premium-wordpress\/ -->\n<title>Noleggia un veicolo, Toyota Hilux 4x4 a Cusco, Lima, Per\u00f9<\/title>\n<meta name=\"description\" content=\"Noleggio Toyota Hilux 4x4 a Cusco e in tutto il Per\u00f9 per turismo e affari, con autisti esperti che parlano inglese.\" \/>\n<meta name=\"robots\" content=\"index, follow, max-snippet:-1, max-image-preview:large, max-video-preview:-1\" \/>\n<link rel=\"canonical\" href=\"https:\/\/www.ericadventures.com\/it\/noleggio-veicoli-cusco\/toyota-hilux\/\" \/>\n<meta property=\"og:locale\" content=\"it_IT\" \/>\n<meta property=\"og:type\" content=\"article\" \/>\n<meta property=\"og:title\" content=\"Toyota Hilux\" \/>\n<meta property=\"og:description\" content=\"Noleggio Toyota Hilux 4x4 a Cusco e in tutto il Per\u00f9 per turismo e affari, con autisti esperti che parlano inglese.\" \/>\n<meta property=\"og:url\" content=\"https:\/\/www.ericadventures.com\/it\/noleggio-veicoli-cusco\/toyota-hilux\/\" \/>\n<meta property=\"og:site_name\" content=\"Eric Adventures\" \/>\n<meta property=\"article:modified_time\" content=\"2025-11-26T17:10:07+00:00\" \/>\n<meta property=\"og:image\" content=\"https:\/\/www.ericadventures.com\/wp-content\/uploads\/toyota-hylux.jpg\" \/>\n\t<meta property=\"og:image:width\" content=\"890\" \/>\n\t<meta property=\"og:image:height\" content=\"578\" \/>\n\t<meta property=\"og:image:type\" content=\"image\/jpeg\" \/>\n<meta name=\"twitter:card\" content=\"summary_large_image\" \/>\n<meta name=\"twitter:label1\" content=\"Tempo di lettura stimato\" \/>\n\t<meta name=\"twitter:data1\" content=\"5 minuti\" \/>\n<script type=\"application\/ld+json\" class=\"yoast-schema-graph\">{\"@context\":\"https:\/\/schema.org\",\"@graph\":[{\"@type\":\"WebPage\",\"@id\":\"https:\/\/www.ericadventures.com\/it\/noleggio-veicoli-cusco\/toyota-hilux\/\",\"url\":\"https:\/\/www.ericadventures.com\/it\/noleggio-veicoli-cusco\/toyota-hilux\/\",\"name\":\"Noleggia un veicolo, Toyota Hilux 4x4 a Cusco, Lima, Per\u00f9\",\"isPartOf\":{\"@id\":\"https:\/\/www.ericadventures.com\/en\/#website\"},\"primaryImageOfPage\":{\"@id\":\"https:\/\/www.ericadventures.com\/it\/noleggio-veicoli-cusco\/toyota-hilux\/#primaryimage\"},\"image\":{\"@id\":\"https:\/\/www.ericadventures.com\/it\/noleggio-veicoli-cusco\/toyota-hilux\/#primaryimage\"},\"thumbnailUrl\":\"https:\/\/www.ericadventures.com\/wp-content\/uploads\/toyota-hylux.jpg\",\"datePublished\":\"2023-11-03T03:15:05+00:00\",\"dateModified\":\"2025-11-26T17:10:07+00:00\",\"description\":\"Noleggio Toyota Hilux 4x4 a Cusco e in tutto il Per\u00f9 per turismo e affari, con autisti esperti che parlano inglese.\",\"breadcrumb\":{\"@id\":\"https:\/\/www.ericadventures.com\/it\/noleggio-veicoli-cusco\/toyota-hilux\/#breadcrumb\"},\"inLanguage\":\"it-IT\",\"potentialAction\":[{\"@type\":\"ReadAction\",\"target\":[\"https:\/\/www.ericadventures.com\/it\/noleggio-veicoli-cusco\/toyota-hilux\/\"]}]},{\"@type\":\"ImageObject\",\"inLanguage\":\"it-IT\",\"@id\":\"https:\/\/www.ericadventures.com\/it\/noleggio-veicoli-cusco\/toyota-hilux\/#primaryimage\",\"url\":\"https:\/\/www.ericadventures.com\/wp-content\/uploads\/toyota-hylux.jpg\",\"contentUrl\":\"https:\/\/www.ericadventures.com\/wp-content\/uploads\/toyota-hylux.jpg\",\"width\":890,\"height\":578,\"caption\":\"toyota-hylux\"},{\"@type\":\"BreadcrumbList\",\"@id\":\"https:\/\/www.ericadventures.com\/it\/noleggio-veicoli-cusco\/toyota-hilux\/#breadcrumb\",\"itemListElement\":[{\"@type\":\"ListItem\",\"position\":1,\"name\":\"Home\",\"item\":\"https:\/\/www.ericadventures.com\/it\/\"},{\"@type\":\"ListItem\",\"position\":2,\"name\":\"Noleggio Veicoli Cusco\",\"item\":\"https:\/\/www.ericadventures.com\/it\/noleggio-veicoli-cusco\/\"},{\"@type\":\"ListItem\",\"position\":3,\"name\":\"Toyota Hilux\"}]},{\"@type\":\"WebSite\",\"@id\":\"https:\/\/www.ericadventures.com\/en\/#website\",\"url\":\"https:\/\/www.ericadventures.com\/en\/\",\"name\":\"Eric Adventures\",\"description\":\"\",\"publisher\":{\"@id\":\"https:\/\/www.ericadventures.com\/en\/#organization\"},\"alternateName\":\"Eric Adventures\",\"potentialAction\":[{\"@type\":\"SearchAction\",\"target\":{\"@type\":\"EntryPoint\",\"urlTemplate\":\"https:\/\/www.ericadventures.com\/en\/?s={search_term_string}\"},\"query-input\":{\"@type\":\"PropertyValueSpecification\",\"valueRequired\":true,\"valueName\":\"search_term_string\"}}],\"inLanguage\":\"it-IT\"},{\"@type\":\"Organization\",\"@id\":\"https:\/\/www.ericadventures.com\/en\/#organization\",\"name\":\"Eric Adventures\",\"url\":\"https:\/\/www.ericadventures.com\/en\/\",\"logo\":{\"@type\":\"ImageObject\",\"inLanguage\":\"it-IT\",\"@id\":\"https:\/\/www.ericadventures.com\/en\/#\/schema\/logo\/image\/\",\"url\":\"https:\/\/www.ericadventures.com\/wp-content\/uploads\/logo-ericadventures.png\",\"contentUrl\":\"https:\/\/www.ericadventures.com\/wp-content\/uploads\/logo-ericadventures.png\",\"width\":500,\"height\":106,\"caption\":\"Eric Adventures\"},\"image\":{\"@id\":\"https:\/\/www.ericadventures.com\/en\/#\/schema\/logo\/image\/\"}}]}<\/script>\n<!-- \/ Yoast SEO Premium plugin. -->","yoast_head_json":{"title":"Noleggia un veicolo, Toyota Hilux 4x4 a Cusco, Lima, Per\u00f9","description":"Noleggio Toyota Hilux 4x4 a Cusco e in tutto il Per\u00f9 per turismo e affari, con autisti esperti che parlano inglese.","robots":{"index":"index","follow":"follow","max-snippet":"max-snippet:-1","max-image-preview":"max-image-preview:large","max-video-preview":"max-video-preview:-1"},"canonical":"https:\/\/www.ericadventures.com\/it\/noleggio-veicoli-cusco\/toyota-hilux\/","og_locale":"it_IT","og_type":"article","og_title":"Toyota Hilux","og_description":"Noleggio Toyota Hilux 4x4 a Cusco e in tutto il Per\u00f9 per turismo e affari, con autisti esperti che parlano inglese.","og_url":"https:\/\/www.ericadventures.com\/it\/noleggio-veicoli-cusco\/toyota-hilux\/","og_site_name":"Eric Adventures","article_modified_time":"2025-11-26T17:10:07+00:00","og_image":[{"width":890,"height":578,"url":"https:\/\/www.ericadventures.com\/wp-content\/uploads\/toyota-hylux.jpg","type":"image\/jpeg"}],"twitter_card":"summary_large_image","twitter_misc":{"Tempo di lettura stimato":"5 minuti"},"schema":{"@context":"https:\/\/schema.org","@graph":[{"@type":"WebPage","@id":"https:\/\/www.ericadventures.com\/it\/noleggio-veicoli-cusco\/toyota-hilux\/","url":"https:\/\/www.ericadventures.com\/it\/noleggio-veicoli-cusco\/toyota-hilux\/","name":"Noleggia un veicolo, Toyota Hilux 4x4 a Cusco, Lima, Per\u00f9","isPartOf":{"@id":"https:\/\/www.ericadventures.com\/en\/#website"},"primaryImageOfPage":{"@id":"https:\/\/www.ericadventures.com\/it\/noleggio-veicoli-cusco\/toyota-hilux\/#primaryimage"},"image":{"@id":"https:\/\/www.ericadventures.com\/it\/noleggio-veicoli-cusco\/toyota-hilux\/#primaryimage"},"thumbnailUrl":"https:\/\/www.ericadventures.com\/wp-content\/uploads\/toyota-hylux.jpg","datePublished":"2023-11-03T03:15:05+00:00","dateModified":"2025-11-26T17:10:07+00:00","description":"Noleggio Toyota Hilux 4x4 a Cusco e in tutto il Per\u00f9 per turismo e affari, con autisti esperti che parlano inglese.","breadcrumb":{"@id":"https:\/\/www.ericadventures.com\/it\/noleggio-veicoli-cusco\/toyota-hilux\/#breadcrumb"},"inLanguage":"it-IT","potentialAction":[{"@type":"ReadAction","target":["https:\/\/www.ericadventures.com\/it\/noleggio-veicoli-cusco\/toyota-hilux\/"]}]},{"@type":"ImageObject","inLanguage":"it-IT","@id":"https:\/\/www.ericadventures.com\/it\/noleggio-veicoli-cusco\/toyota-hilux\/#primaryimage","url":"https:\/\/www.ericadventures.com\/wp-content\/uploads\/toyota-hylux.jpg","contentUrl":"https:\/\/www.ericadventures.com\/wp-content\/uploads\/toyota-hylux.jpg","width":890,"height":578,"caption":"toyota-hylux"},{"@type":"BreadcrumbList","@id":"https:\/\/www.ericadventures.com\/it\/noleggio-veicoli-cusco\/toyota-hilux\/#breadcrumb","itemListElement":[{"@type":"ListItem","position":1,"name":"Home","item":"https:\/\/www.ericadventures.com\/it\/"},{"@type":"ListItem","position":2,"name":"Noleggio Veicoli Cusco","item":"https:\/\/www.ericadventures.com\/it\/noleggio-veicoli-cusco\/"},{"@type":"ListItem","position":3,"name":"Toyota Hilux"}]},{"@type":"WebSite","@id":"https:\/\/www.ericadventures.com\/en\/#website","url":"https:\/\/www.ericadventures.com\/en\/","name":"Eric Adventures","description":"","publisher":{"@id":"https:\/\/www.ericadventures.com\/en\/#organization"},"alternateName":"Eric Adventures","potentialAction":[{"@type":"SearchAction","target":{"@type":"EntryPoint","urlTemplate":"https:\/\/www.ericadventures.com\/en\/?s={search_term_string}"},"query-input":{"@type":"PropertyValueSpecification","valueRequired":true,"valueName":"search_term_string"}}],"inLanguage":"it-IT"},{"@type":"Organization","@id":"https:\/\/www.ericadventures.com\/en\/#organization","name":"Eric Adventures","url":"https:\/\/www.ericadventures.com\/en\/","logo":{"@type":"ImageObject","inLanguage":"it-IT","@id":"https:\/\/www.ericadventures.com\/en\/#\/schema\/logo\/image\/","url":"https:\/\/www.ericadventures.com\/wp-content\/uploads\/logo-ericadventures.png","contentUrl":"https:\/\/www.ericadventures.com\/wp-content\/uploads\/logo-ericadventures.png","width":500,"height":106,"caption":"Eric Adventures"},"image":{"@id":"https:\/\/www.ericadventures.com\/en\/#\/schema\/logo\/image\/"}}]}},"coauthors":[],"author_meta":{"author_link":"https:\/\/www.ericadventures.com\/it\/author\/ericadmin\/","display_name":"Eric"},"relative_dates":{"created":"Pubblicato 2 anni fa","modified":"Aggiornato 5 mesi fa"},"absolute_dates":{"created":"Pubblicato il Novembre 2, 2023","modified":"Aggiornato il Novembre 26, 2025"},"absolute_dates_time":{"created":"Pubblicato il Novembre 2, 2023 10:15 pm","modified":"Aggiornato il Novembre 26, 2025 12:10 pm"},"featured_img_caption":"","featured_img":"https:\/\/www.ericadventures.com\/wp-content\/uploads\/toyota-hylux.jpg","series_order":"","_links":{"self":[{"href":"https:\/\/www.ericadventures.com\/it\/wp-json\/wp\/v2\/pages\/1902","targetHints":{"allow":["GET"]}}],"collection":[{"href":"https:\/\/www.ericadventures.com\/it\/wp-json\/wp\/v2\/pages"}],"about":[{"href":"https:\/\/www.ericadventures.com\/it\/wp-json\/wp\/v2\/types\/page"}],"author":[{"embeddable":true,"href":"https:\/\/www.ericadventures.com\/it\/wp-json\/wp\/v2\/users\/1"}],"replies":[{"embeddable":true,"href":"https:\/\/www.ericadventures.com\/it\/wp-json\/wp\/v2\/comments?post=1902"}],"version-history":[{"count":5,"href":"https:\/\/www.ericadventures.com\/it\/wp-json\/wp\/v2\/pages\/1902\/revisions"}],"predecessor-version":[{"id":37981,"href":"https:\/\/www.ericadventures.com\/it\/wp-json\/wp\/v2\/pages\/1902\/revisions\/37981"}],"up":[{"embeddable":true,"href":"https:\/\/www.ericadventures.com\/it\/wp-json\/wp\/v2\/pages\/1635"}],"wp:featuredmedia":[{"embeddable":true,"href":"https:\/\/www.ericadventures.com\/it\/wp-json\/wp\/v2\/media\/1809"}],"wp:attachment":[{"href":"https:\/\/www.ericadventures.com\/it\/wp-json\/wp\/v2\/media?parent=1902"}],"curies":[{"name":"wp","href":"https:\/\/api.w.org\/{rel}","templated":true}]}}