{"id":3610,"date":"2023-11-16T07:08:00","date_gmt":"2023-11-16T12:08:00","guid":{"rendered":"https:\/\/www.ericadventures.com\/bolivia\/cultural-tour-tiahuanaco\/"},"modified":"2025-10-31T10:41:22","modified_gmt":"2025-10-31T15:41:22","slug":"tour-culturali-tiawanaku","status":"publish","type":"page","link":"https:\/\/www.ericadventures.com\/it\/bolivia\/tour-culturali-tiawanaku\/","title":{"rendered":"HD Tiawanaku Le Rovine Preinca"},"content":{"rendered":"<div class=\"wp-block-image\">\n<figure class=\"alignleft size-full is-resized\"><img loading=\"lazy\" decoding=\"async\" width=\"400\" height=\"176\" src=\"https:\/\/www.ericadventures.com\/wp-content\/uploads\/bolivia_tours_tiawanaku.jpg\" alt=\"\" class=\"wp-image-3895\" style=\"aspect-ratio:1.7777777777777777;object-fit:cover;width:416px;height:auto\" srcset=\"https:\/\/www.ericadventures.com\/wp-content\/uploads\/bolivia_tours_tiawanaku.jpg 400w, https:\/\/www.ericadventures.com\/wp-content\/uploads\/bolivia_tours_tiawanaku-300x132.jpg 300w\" sizes=\"auto, (max-width: 400px) 100vw, 400px\" \/><\/figure>\n<\/div>\n\n\n<p>La&nbsp;<a href=\"https:\/\/www.ericadventures.com\/italia\/bolivia\/la-paz-tour-della-citta.html\" target=\"_blank\" rel=\"noreferrer noopener\">Bolivia<\/a>&nbsp;\u00e8 un paese che ha molta ricchezza culturale, paesaggi andini e resti delle civilizzazioni antiche e misteriose, e cos\u00ec che questa \u00e8 una destinazione ricca e emozionante per i viaggiatori avventurosi ed indipendenti.<\/p>\n\n\n\n<p><\/p>\n\n\n\n<p><\/p>\n\n\n\n<p><\/p>\n\n\n\n<p><\/p>\n\n\n\n<h2 class=\"wp-block-heading\" id=\"h-itinerario\">Itinerario<\/h2>\n\n\n\n<p>Iniziaremo questo giro viaggiando col nostro pulmino al nordest , pasando per &#8221; EL Alto&#8221;, la parte pi\u00f9 alta della citt\u00e0, dopo 45 minuti arriveremo alla citt\u00e0 di \u201cLaja\u201d il posto di cui \u00e8 originale questa citt\u00e0, fondata il 1548 con il nome di &#8221; Il Villaggio de la nostra V\u00e8rgine della Pace&#8221;, dopo di ch\u00e8, la citt\u00e0 \u00e8 stata spostata verso la valle, la nostra guida ci racconter\u00e0 la storia dalla fondazione. Allora continueremo sulla strada fino \u201cLloco Lloco\u201d con 4028 m. Questo posto permette apprezzare la bellezza immensa del &#8220;imponente; Altiplano(l&#8217;alta pianura). L\u00ec, la nostra guida ci continuer\u00e0 spiegando circa le colture, la religione e la credenza millenaria, dal posto, sulla quale qualche gente in&nbsp;<a href=\"https:\/\/www.ericadventures.com\/italia\/bolivia\/tour-ecologico-coroico.html\" target=\"_blank\" rel=\"noreferrer noopener\">Bolivia<\/a>&nbsp;ancora si esercita. Continuando con il nostro tour, arriveremo a \u201cTiawanaku\u201d, posto magn\u00ecfico dove c\u00e8 la porta del Sole che \u00e8 una enigm\u00e1tica costruzione di pietra dalla coltura dallo stesso nome. Dopo di che, ritorneremo a&nbsp;<a href=\"https:\/\/www.ericadventures.com\/italia\/bolivia\/tour-la-paz-notte-spettacolo-folcloristico.html\" target=\"_blank\" rel=\"noreferrer noopener\">La Paz<\/a>, trasferimento al Hotel. * Se vuoi, possiamo fare l&#8217;estensione, dopo aver visitato Tiahuanaco, il nostro trasporto ti lascer\u00e0 a Copacabana, chiedi i prezzi nel nostro ufficio. <\/p>\n\n\n\n<h2 class=\"wp-block-heading\" id=\"h-incluso\">incluso<\/h2>\n\n\n\n<ul class=\"wp-block-list\">\n<li>Guida professionale<\/li>\n\n\n\n<li>Biglietti d\u2019ingreso<\/li>\n\n\n\n<li>Trasferimenti<\/li>\n\n\n\n<li>Le raccomandazione e pi\u00f9 particolari saranno trasmesse per&nbsp;<a href=\"mailto:cusco@ericadventures.com\">E-mail<\/a>.<\/li>\n<\/ul>\n\n\n\n<h2 class=\"wp-block-heading\" id=\"h-prezzi-a-persona-in-dollari-statunitensi\">PREZZI(A PERSONA IN DOLLARI STATUNITENSI)<\/h2>\n\n\n\n<p><strong>SERVIZIO CONDIVISO<\/strong><\/p>\n\n\n\n<ul class=\"wp-block-list\">\n<li>Prezzo a persona: US$ 58<\/li>\n<\/ul>\n\n\n\n<p>*Prezzi di riferimento soggetti a disponibilit\u00e0 e stagione.<\/p>\n\n\n\n<h2 class=\"wp-block-heading\" id=\"h-mappe\">Mappe<\/h2>\n\n\n\n<figure class=\"wp-block-gallery has-nested-images columns-default wp-block-gallery-1 is-layout-flex wp-block-gallery-is-layout-flex\">\n<figure class=\"wp-block-image size-thumbnail\"><a href=\"https:\/\/www.ericadventures.com\/wp-content\/uploads\/Mapa-tiahuanaku.jpg\"><img loading=\"lazy\" decoding=\"async\" width=\"150\" height=\"150\" data-id=\"38560\" src=\"https:\/\/www.ericadventures.com\/wp-content\/uploads\/Mapa-tiahuanaku-150x150.jpg\" alt=\"Mappa del tour di Tiahuanaco\" class=\"wp-image-38560\"\/><\/a><\/figure>\n<\/figure>\n\n\n\n<h2 class=\"wp-block-heading\" id=\"h-foto\">Foto<\/h2>\n\n\n\n<figure class=\"wp-block-gallery has-nested-images columns-8 is-cropped wp-block-gallery-2 is-layout-flex wp-block-gallery-is-layout-flex\">\n<figure class=\"wp-block-image size-large\"><a href=\"https:\/\/www.ericadventures.com\/wp-content\/uploads\/tiawana01-3.jpg\"><img loading=\"lazy\" decoding=\"async\" width=\"1024\" height=\"538\" data-id=\"32510\" src=\"https:\/\/www.ericadventures.com\/wp-content\/uploads\/tiawana01-3-1024x538.jpg\" alt=\"Tiawanaku, Bolivia\n\n\" class=\"wp-image-32510\" srcset=\"https:\/\/www.ericadventures.com\/wp-content\/uploads\/tiawana01-3-1024x538.jpg 1024w, https:\/\/www.ericadventures.com\/wp-content\/uploads\/tiawana01-3-300x158.jpg 300w, https:\/\/www.ericadventures.com\/wp-content\/uploads\/tiawana01-3-768x403.jpg 768w, https:\/\/www.ericadventures.com\/wp-content\/uploads\/tiawana01-3.jpg 1200w\" sizes=\"auto, (max-width: 1024px) 100vw, 1024px\" \/><\/a><\/figure>\n\n\n\n<figure class=\"wp-block-image size-large\"><a href=\"https:\/\/www.ericadventures.com\/wp-content\/uploads\/tiawana02-3.jpg\"><img loading=\"lazy\" decoding=\"async\" width=\"286\" height=\"176\" data-id=\"32506\" src=\"https:\/\/www.ericadventures.com\/wp-content\/uploads\/tiawana02-3.jpg\" alt=\"El Templete, La Paz, Bolivia\n\" class=\"wp-image-32506\"\/><\/a><\/figure>\n\n\n\n<figure class=\"wp-block-image size-large\"><a href=\"https:\/\/www.ericadventures.com\/wp-content\/uploads\/laja01-3.jpg\"><img loading=\"lazy\" decoding=\"async\" width=\"640\" height=\"480\" data-id=\"32516\" src=\"https:\/\/www.ericadventures.com\/wp-content\/uploads\/laja01-3.jpg\" alt=\"Chiesa, Bolivia\n\" class=\"wp-image-32516\" srcset=\"https:\/\/www.ericadventures.com\/wp-content\/uploads\/laja01-3.jpg 640w, https:\/\/www.ericadventures.com\/wp-content\/uploads\/laja01-3-300x225.jpg 300w, https:\/\/www.ericadventures.com\/wp-content\/uploads\/laja01-3-600x450.jpg 600w\" sizes=\"auto, (max-width: 640px) 100vw, 640px\" \/><\/a><\/figure>\n\n\n\n<figure class=\"wp-block-image size-large\"><a href=\"https:\/\/www.ericadventures.com\/wp-content\/uploads\/laja02-3.jpg\"><img loading=\"lazy\" decoding=\"async\" width=\"686\" height=\"386\" data-id=\"32526\" src=\"https:\/\/www.ericadventures.com\/wp-content\/uploads\/laja02-3.jpg\" alt=\"Laja, Bolivia\n\" class=\"wp-image-32526\" srcset=\"https:\/\/www.ericadventures.com\/wp-content\/uploads\/laja02-3.jpg 686w, https:\/\/www.ericadventures.com\/wp-content\/uploads\/laja02-3-300x169.jpg 300w\" sizes=\"auto, (max-width: 686px) 100vw, 686px\" \/><\/a><\/figure>\n\n\n\n<figure class=\"wp-block-image size-large\"><a href=\"https:\/\/www.ericadventures.com\/wp-content\/uploads\/altolapaz01-3.jpg\"><img loading=\"lazy\" decoding=\"async\" width=\"700\" height=\"500\" data-id=\"32531\" src=\"https:\/\/www.ericadventures.com\/wp-content\/uploads\/altolapaz01-3.jpg\" alt=\"La Paz, Bolivia\n\" class=\"wp-image-32531\" srcset=\"https:\/\/www.ericadventures.com\/wp-content\/uploads\/altolapaz01-3.jpg 700w, https:\/\/www.ericadventures.com\/wp-content\/uploads\/altolapaz01-3-300x214.jpg 300w\" sizes=\"auto, (max-width: 700px) 100vw, 700px\" \/><\/a><\/figure>\n\n\n\n<figure class=\"wp-block-image size-large\"><a href=\"https:\/\/www.ericadventures.com\/wp-content\/uploads\/altiplano01-4.jpg\"><img loading=\"lazy\" decoding=\"async\" width=\"960\" height=\"640\" data-id=\"32541\" src=\"https:\/\/www.ericadventures.com\/wp-content\/uploads\/altiplano01-4.jpg\" alt=\"Lagune dell'altopiano di Uyuni, Bolivia\n\" class=\"wp-image-32541\" srcset=\"https:\/\/www.ericadventures.com\/wp-content\/uploads\/altiplano01-4.jpg 960w, https:\/\/www.ericadventures.com\/wp-content\/uploads\/altiplano01-4-300x200.jpg 300w, https:\/\/www.ericadventures.com\/wp-content\/uploads\/altiplano01-4-768x512.jpg 768w\" sizes=\"auto, (max-width: 960px) 100vw, 960px\" \/><\/a><\/figure>\n\n\n\n<figure class=\"wp-block-image size-large\"><a href=\"https:\/\/www.ericadventures.com\/wp-content\/uploads\/altiplano02-3.jpg\"><img loading=\"lazy\" decoding=\"async\" width=\"275\" height=\"183\" data-id=\"32521\" src=\"https:\/\/www.ericadventures.com\/wp-content\/uploads\/altiplano02-3.jpg\" alt=\"Lagune di Uyuni, Bolivia\" class=\"wp-image-32521\"\/><\/a><\/figure>\n\n\n\n<figure class=\"wp-block-image size-large\"><a href=\"https:\/\/www.ericadventures.com\/wp-content\/uploads\/bolivia-uyuni-6-7.jpg\"><img loading=\"lazy\" decoding=\"async\" width=\"480\" height=\"360\" data-id=\"32536\" src=\"https:\/\/www.ericadventures.com\/wp-content\/uploads\/bolivia-uyuni-6-7.jpg\" alt=\"Fauna selvatica di Uyuni, Bolivia\" class=\"wp-image-32536\" srcset=\"https:\/\/www.ericadventures.com\/wp-content\/uploads\/bolivia-uyuni-6-7.jpg 480w, https:\/\/www.ericadventures.com\/wp-content\/uploads\/bolivia-uyuni-6-7-300x225.jpg 300w\" sizes=\"auto, (max-width: 480px) 100vw, 480px\" \/><\/a><\/figure>\n<\/figure>\n\n\n\n<h2 class=\"wp-block-heading\" id=\"h-modulo-di-contatto\">modulo di contatto<\/h2>\n\n\n\n<div class=\"wp-block-contact-form-7-contact-form-selector\">\n<div class=\"wpcf7 no-js\" id=\"wpcf7-f6170-o1\" lang=\"es-ES\" dir=\"ltr\" data-wpcf7-id=\"6170\">\n<div class=\"screen-reader-response\"><p role=\"status\" aria-live=\"polite\" aria-atomic=\"true\"><\/p> <ul><\/ul><\/div>\n<form action=\"\/it\/wp-json\/wp\/v2\/pages\/3610#wpcf7-f6170-o1\" method=\"post\" class=\"wpcf7-form init\" aria-label=\"Formulario de contacto\" novalidate=\"novalidate\" data-status=\"init\">\n<fieldset class=\"hidden-fields-container\"><input type=\"hidden\" name=\"_wpcf7\" value=\"6170\" \/><input type=\"hidden\" name=\"_wpcf7_version\" value=\"6.1.5\" \/><input type=\"hidden\" name=\"_wpcf7_locale\" value=\"es_ES\" \/><input type=\"hidden\" name=\"_wpcf7_unit_tag\" value=\"wpcf7-f6170-o1\" \/><input type=\"hidden\" name=\"_wpcf7_container_post\" value=\"0\" \/><input type=\"hidden\" name=\"_wpcf7_posted_data_hash\" value=\"\" \/>\n<\/fieldset>\n<div class=\"wpcf7-turnstile cf-turnstile\" data-sitekey=\"0x4AAAAAACZ2CLxkDaDac8NW\" data-response-field-name=\"_wpcf7_turnstile_response\"><\/div>\n\n<div class=\"formt\">\n    <span class=\"textform\">Per prenotazioni o maggiori informazioni compila il seguente modulo cliente\/ospite: <\/span>\n    <input class=\"wpcf7-form-control wpcf7-hidden\" value=\"https:\/\/www.ericadventures.com\/it\/wp-json\/wp\/v2\/pages\/3610\" type=\"hidden\" name=\"Url_Tour\" \/>\n    <input class=\"wpcf7-form-control wpcf7-hidden\" value=\"it\" type=\"hidden\" name=\"Idioma\" \/>\n    <input class=\"wpcf7-form-control wpcf7-hidden\" value=\"20\/04\/2026 09:19:47\" type=\"hidden\" name=\"Fecha_Hora\" \/>\n    <input class=\"wpcf7-form-control wpcf7-hidden\" value=\"216.73.216.61\" type=\"hidden\" name=\"Ip\" \/>\n    <input class=\"wpcf7-form-control wpcf7-hidden\" value=\"HD Tiawanaku Le Rovine Preinca\" type=\"hidden\" name=\"Nombre_Tour\" \/>\n    <input class=\"wpcf7-form-control wpcf7-hidden\" value=\"1\" type=\"hidden\" name=\"enviar_excel\" \/>\n\n    <div class=\"g2\">\n        <div>\n            <label>Nome: <\/label>\n            <span class=\"wpcf7-form-control-wrap\" data-name=\"Nombre\"><input size=\"40\" maxlength=\"400\" class=\"wpcf7-form-control wpcf7-text wpcf7-validates-as-required\" aria-required=\"true\" aria-invalid=\"false\" value=\"\" type=\"text\" name=\"Nombre\" \/><\/span>\n        <\/div>\n        <div>\n            <label>E-mail: <\/label>\n            <span class=\"wpcf7-form-control-wrap\" data-name=\"Emails\"><input size=\"40\" maxlength=\"400\" class=\"wpcf7-form-control wpcf7-email wpcf7-validates-as-required wpcf7-text wpcf7-validates-as-email\" aria-required=\"true\" aria-invalid=\"false\" value=\"\" type=\"email\" name=\"Emails\" \/><\/span>\n        <\/div>\n    <\/div>\n    \n    <div class=\"g2\">\n        <div>\n            <label>Paese: <\/label>\n            <span class=\"wpcf7-form-control-wrap\" data-name=\"Pais\"><input size=\"40\" maxlength=\"400\" class=\"wpcf7-form-control wpcf7-text\" aria-invalid=\"false\" value=\"\" type=\"text\" name=\"Pais\" \/><\/span>\n        <\/div>\n        <div>\n            <label>Telefono - Whatsapp: <\/label>\n            <span class=\"wpcf7-form-control-wrap\" data-name=\"Whatsapp\"><input size=\"40\" class=\"wpcf7-form-control wpcf7-phonetext wpcf7-text wpcf7-validates-as-phonetext\" aria-invalid=\"false\" value=\"\" type=\"text\" name=\"Whatsapp\" \/><input type=\"hidden\" name=\"Whatsapp-country-code\" class=\"wpcf7-phonetext-country-code\" \/><\/span>\n        <\/div>\n    <\/div>\n    \n    <div class=\"g2\">\n        <div>\n            <label>Numero di adulti: <\/label>\n            <span class=\"wpcf7-form-control-wrap\" data-name=\"Adultos\"><select class=\"wpcf7-form-control wpcf7-select wpcf7-validates-as-required\" aria-required=\"true\" aria-invalid=\"false\" name=\"Adultos\"><option value=\"1\">1<\/option><option value=\"2\">2<\/option><option value=\"3\">3<\/option><option value=\"4\">4<\/option><option value=\"5\">5<\/option><option value=\"6\">6<\/option><option value=\"7\">7<\/option><option value=\"8\">8<\/option><option value=\"9\">9<\/option><option value=\"10\">10<\/option><option value=\"11\">11<\/option><option value=\"12 o pi\u00f9\">12 o pi\u00f9<\/option><\/select><\/span>\n        <\/div>\n        <div>\n            <label>Numero di bambini: <\/label>\n            <span class=\"wpcf7-form-control-wrap\" data-name=\"Ninos\"><select class=\"wpcf7-form-control wpcf7-select wpcf7-validates-as-required\" aria-required=\"true\" aria-invalid=\"false\" name=\"Ninos\"><option value=\"0\">0<\/option><option value=\"1\">1<\/option><option value=\"2\">2<\/option><option value=\"3\">3<\/option><option value=\"4\">4<\/option><option value=\"5\">5<\/option><option value=\"6\">6<\/option><option value=\"7\">7<\/option><option value=\"8\">8<\/option><option value=\"9\">9<\/option><option value=\"10\">10<\/option><option value=\"11\">11<\/option><option value=\"12 o pi\u00f9\">12 o pi\u00f9<\/option><\/select><\/span>\n        <\/div>\n    <\/div>\n    \n    <div class=\"g2\">\n        <div>\n            <label>Data di inizio del tour: <\/label>\n            <span class=\"wpcf7-form-control-wrap\" data-name=\"Inicio\"><input class=\"wpcf7-form-control wpcf7-date wpcf7-validates-as-required wpcf7-validates-as-date\" id=\"inicio\" min=\"2026-04-20\" aria-required=\"true\" aria-invalid=\"false\" value=\"\" type=\"date\" name=\"Inicio\" \/><\/span>\n        <\/div>\n        <div>\n            <label>Data di fine del tour: <\/label>\n            <span class=\"wpcf7-form-control-wrap\" data-name=\"Final\"><input class=\"wpcf7-form-control wpcf7-date wpcf7-validates-as-required wpcf7-validates-as-date\" id=\"final\" min=\"2026-04-20\" aria-required=\"true\" aria-invalid=\"false\" value=\"\" type=\"date\" name=\"Final\" \/><\/span>\n        <\/div>\n    <\/div>\n    \n    <div>\n        <label>Commenti o domande: <\/label>\n        <span class=\"wpcf7-form-control-wrap\" data-name=\"Mensaje\"><textarea cols=\"40\" rows=\"10\" maxlength=\"2000\" class=\"wpcf7-form-control wpcf7-textarea wpcf7-validates-as-required\" aria-required=\"true\" aria-invalid=\"false\" placeholder=\"Si prega di specificare il tipo di SERVIZIO\/TOUR che si desidera effettuare\" name=\"Mensaje\"><\/textarea><\/span>\n    <\/div>\n    \n    <input class=\"wpcf7-form-control wpcf7-submit has-spinner btnsend\" type=\"submit\" value=\"INVIA MESSAGGIO\" \/>\n<\/div><div class=\"wpcf7-response-output\" aria-hidden=\"true\"><\/div>\n<\/form>\n<\/div>\n<\/div>\n","protected":false},"excerpt":{"rendered":"<p>La&nbsp;Bolivia&nbsp;\u00e8 un paese che ha molta ricchezza culturale, paesaggi andini e resti delle civilizzazioni antiche e misteriose, e cos\u00ec che [&hellip;]<\/p>\n","protected":false},"author":1,"featured_media":3918,"parent":210,"menu_order":0,"comment_status":"closed","ping_status":"closed","template":"page-tour.php","meta":{"_acf_changed":false,"advgb_blocks_editor_width":"","advgb_blocks_columns_visual_guide":"","footnotes":""},"class_list":["post-3610","page","type-page","status-publish","has-post-thumbnail","hentry"],"acf":[],"yoast_head":"<!-- This site is optimized with the Yoast SEO Premium plugin v25.4 (Yoast SEO v26.9) - https:\/\/yoast.com\/product\/yoast-seo-premium-wordpress\/ -->\n<title>Tour culturale di Tiwanaku<\/title>\n<meta name=\"description\" content=\"Iniziamo l&#039;escursione con una gita di 45 minuti a Laja, fondata nel 1548 come &quot;Nostra Vergine della Pace&quot;.\" \/>\n<meta name=\"robots\" content=\"index, follow, max-snippet:-1, max-image-preview:large, max-video-preview:-1\" \/>\n<link rel=\"canonical\" href=\"https:\/\/www.ericadventures.com\/it\/bolivia\/tour-culturali-tiawanaku\/\" \/>\n<meta property=\"og:locale\" content=\"it_IT\" \/>\n<meta property=\"og:type\" content=\"article\" \/>\n<meta property=\"og:title\" content=\"HD Tiawanaku Le Rovine Preinca\" \/>\n<meta property=\"og:description\" content=\"Iniziamo l&#039;escursione con una gita di 45 minuti a Laja, fondata nel 1548 come &quot;Nostra Vergine della Pace&quot;.\" \/>\n<meta property=\"og:url\" content=\"https:\/\/www.ericadventures.com\/it\/bolivia\/tour-culturali-tiawanaku\/\" \/>\n<meta property=\"og:site_name\" content=\"Eric Adventures\" \/>\n<meta property=\"article:modified_time\" content=\"2025-10-31T15:41:22+00:00\" \/>\n<meta property=\"og:image\" content=\"https:\/\/www.ericadventures.com\/wp-content\/uploads\/altiplano01-1.jpg\" \/>\n\t<meta property=\"og:image:width\" content=\"960\" \/>\n\t<meta property=\"og:image:height\" content=\"640\" \/>\n\t<meta property=\"og:image:type\" content=\"image\/jpeg\" \/>\n<meta name=\"twitter:card\" content=\"summary_large_image\" \/>\n<meta name=\"twitter:label1\" content=\"Tempo di lettura stimato\" \/>\n\t<meta name=\"twitter:data1\" content=\"4 minuti\" \/>\n<script type=\"application\/ld+json\" class=\"yoast-schema-graph\">{\"@context\":\"https:\/\/schema.org\",\"@graph\":[{\"@type\":\"WebPage\",\"@id\":\"https:\/\/www.ericadventures.com\/it\/bolivia\/tour-culturali-tiawanaku\/\",\"url\":\"https:\/\/www.ericadventures.com\/it\/bolivia\/tour-culturali-tiawanaku\/\",\"name\":\"Tour culturale di Tiwanaku\",\"isPartOf\":{\"@id\":\"https:\/\/www.ericadventures.com\/en\/#website\"},\"primaryImageOfPage\":{\"@id\":\"https:\/\/www.ericadventures.com\/it\/bolivia\/tour-culturali-tiawanaku\/#primaryimage\"},\"image\":{\"@id\":\"https:\/\/www.ericadventures.com\/it\/bolivia\/tour-culturali-tiawanaku\/#primaryimage\"},\"thumbnailUrl\":\"https:\/\/www.ericadventures.com\/wp-content\/uploads\/altiplano01-1.jpg\",\"datePublished\":\"2023-11-16T12:08:00+00:00\",\"dateModified\":\"2025-10-31T15:41:22+00:00\",\"description\":\"Iniziamo l'escursione con una gita di 45 minuti a Laja, fondata nel 1548 come \\\"Nostra Vergine della Pace\\\".\",\"breadcrumb\":{\"@id\":\"https:\/\/www.ericadventures.com\/it\/bolivia\/tour-culturali-tiawanaku\/#breadcrumb\"},\"inLanguage\":\"it-IT\",\"potentialAction\":[{\"@type\":\"ReadAction\",\"target\":[\"https:\/\/www.ericadventures.com\/it\/bolivia\/tour-culturali-tiawanaku\/\"]}]},{\"@type\":\"ImageObject\",\"inLanguage\":\"it-IT\",\"@id\":\"https:\/\/www.ericadventures.com\/it\/bolivia\/tour-culturali-tiawanaku\/#primaryimage\",\"url\":\"https:\/\/www.ericadventures.com\/wp-content\/uploads\/altiplano01-1.jpg\",\"contentUrl\":\"https:\/\/www.ericadventures.com\/wp-content\/uploads\/altiplano01-1.jpg\",\"width\":960,\"height\":640,\"caption\":\"altiplano01-1\"},{\"@type\":\"BreadcrumbList\",\"@id\":\"https:\/\/www.ericadventures.com\/it\/bolivia\/tour-culturali-tiawanaku\/#breadcrumb\",\"itemListElement\":[{\"@type\":\"ListItem\",\"position\":1,\"name\":\"Home\",\"item\":\"https:\/\/www.ericadventures.com\/it\/\"},{\"@type\":\"ListItem\",\"position\":2,\"name\":\"Tours Bolivia\",\"item\":\"https:\/\/www.ericadventures.com\/en\/bolivia\/\"},{\"@type\":\"ListItem\",\"position\":3,\"name\":\"HD Tiawanaku Le Rovine Preinca\"}]},{\"@type\":\"WebSite\",\"@id\":\"https:\/\/www.ericadventures.com\/en\/#website\",\"url\":\"https:\/\/www.ericadventures.com\/en\/\",\"name\":\"Eric Adventures\",\"description\":\"\",\"publisher\":{\"@id\":\"https:\/\/www.ericadventures.com\/en\/#organization\"},\"alternateName\":\"Eric Adventures\",\"potentialAction\":[{\"@type\":\"SearchAction\",\"target\":{\"@type\":\"EntryPoint\",\"urlTemplate\":\"https:\/\/www.ericadventures.com\/en\/?s={search_term_string}\"},\"query-input\":{\"@type\":\"PropertyValueSpecification\",\"valueRequired\":true,\"valueName\":\"search_term_string\"}}],\"inLanguage\":\"it-IT\"},{\"@type\":\"Organization\",\"@id\":\"https:\/\/www.ericadventures.com\/en\/#organization\",\"name\":\"Eric Adventures\",\"url\":\"https:\/\/www.ericadventures.com\/en\/\",\"logo\":{\"@type\":\"ImageObject\",\"inLanguage\":\"it-IT\",\"@id\":\"https:\/\/www.ericadventures.com\/en\/#\/schema\/logo\/image\/\",\"url\":\"https:\/\/www.ericadventures.com\/wp-content\/uploads\/logo-ericadventures.png\",\"contentUrl\":\"https:\/\/www.ericadventures.com\/wp-content\/uploads\/logo-ericadventures.png\",\"width\":500,\"height\":106,\"caption\":\"Eric Adventures\"},\"image\":{\"@id\":\"https:\/\/www.ericadventures.com\/en\/#\/schema\/logo\/image\/\"}}]}<\/script>\n<!-- \/ Yoast SEO Premium plugin. -->","yoast_head_json":{"title":"Tour culturale di Tiwanaku","description":"Iniziamo l'escursione con una gita di 45 minuti a Laja, fondata nel 1548 come \"Nostra Vergine della Pace\".","robots":{"index":"index","follow":"follow","max-snippet":"max-snippet:-1","max-image-preview":"max-image-preview:large","max-video-preview":"max-video-preview:-1"},"canonical":"https:\/\/www.ericadventures.com\/it\/bolivia\/tour-culturali-tiawanaku\/","og_locale":"it_IT","og_type":"article","og_title":"HD Tiawanaku Le Rovine Preinca","og_description":"Iniziamo l'escursione con una gita di 45 minuti a Laja, fondata nel 1548 come \"Nostra Vergine della Pace\".","og_url":"https:\/\/www.ericadventures.com\/it\/bolivia\/tour-culturali-tiawanaku\/","og_site_name":"Eric Adventures","article_modified_time":"2025-10-31T15:41:22+00:00","og_image":[{"width":960,"height":640,"url":"https:\/\/www.ericadventures.com\/wp-content\/uploads\/altiplano01-1.jpg","type":"image\/jpeg"}],"twitter_card":"summary_large_image","twitter_misc":{"Tempo di lettura stimato":"4 minuti"},"schema":{"@context":"https:\/\/schema.org","@graph":[{"@type":"WebPage","@id":"https:\/\/www.ericadventures.com\/it\/bolivia\/tour-culturali-tiawanaku\/","url":"https:\/\/www.ericadventures.com\/it\/bolivia\/tour-culturali-tiawanaku\/","name":"Tour culturale di Tiwanaku","isPartOf":{"@id":"https:\/\/www.ericadventures.com\/en\/#website"},"primaryImageOfPage":{"@id":"https:\/\/www.ericadventures.com\/it\/bolivia\/tour-culturali-tiawanaku\/#primaryimage"},"image":{"@id":"https:\/\/www.ericadventures.com\/it\/bolivia\/tour-culturali-tiawanaku\/#primaryimage"},"thumbnailUrl":"https:\/\/www.ericadventures.com\/wp-content\/uploads\/altiplano01-1.jpg","datePublished":"2023-11-16T12:08:00+00:00","dateModified":"2025-10-31T15:41:22+00:00","description":"Iniziamo l'escursione con una gita di 45 minuti a Laja, fondata nel 1548 come \"Nostra Vergine della Pace\".","breadcrumb":{"@id":"https:\/\/www.ericadventures.com\/it\/bolivia\/tour-culturali-tiawanaku\/#breadcrumb"},"inLanguage":"it-IT","potentialAction":[{"@type":"ReadAction","target":["https:\/\/www.ericadventures.com\/it\/bolivia\/tour-culturali-tiawanaku\/"]}]},{"@type":"ImageObject","inLanguage":"it-IT","@id":"https:\/\/www.ericadventures.com\/it\/bolivia\/tour-culturali-tiawanaku\/#primaryimage","url":"https:\/\/www.ericadventures.com\/wp-content\/uploads\/altiplano01-1.jpg","contentUrl":"https:\/\/www.ericadventures.com\/wp-content\/uploads\/altiplano01-1.jpg","width":960,"height":640,"caption":"altiplano01-1"},{"@type":"BreadcrumbList","@id":"https:\/\/www.ericadventures.com\/it\/bolivia\/tour-culturali-tiawanaku\/#breadcrumb","itemListElement":[{"@type":"ListItem","position":1,"name":"Home","item":"https:\/\/www.ericadventures.com\/it\/"},{"@type":"ListItem","position":2,"name":"Tours Bolivia","item":"https:\/\/www.ericadventures.com\/en\/bolivia\/"},{"@type":"ListItem","position":3,"name":"HD Tiawanaku Le Rovine Preinca"}]},{"@type":"WebSite","@id":"https:\/\/www.ericadventures.com\/en\/#website","url":"https:\/\/www.ericadventures.com\/en\/","name":"Eric Adventures","description":"","publisher":{"@id":"https:\/\/www.ericadventures.com\/en\/#organization"},"alternateName":"Eric Adventures","potentialAction":[{"@type":"SearchAction","target":{"@type":"EntryPoint","urlTemplate":"https:\/\/www.ericadventures.com\/en\/?s={search_term_string}"},"query-input":{"@type":"PropertyValueSpecification","valueRequired":true,"valueName":"search_term_string"}}],"inLanguage":"it-IT"},{"@type":"Organization","@id":"https:\/\/www.ericadventures.com\/en\/#organization","name":"Eric Adventures","url":"https:\/\/www.ericadventures.com\/en\/","logo":{"@type":"ImageObject","inLanguage":"it-IT","@id":"https:\/\/www.ericadventures.com\/en\/#\/schema\/logo\/image\/","url":"https:\/\/www.ericadventures.com\/wp-content\/uploads\/logo-ericadventures.png","contentUrl":"https:\/\/www.ericadventures.com\/wp-content\/uploads\/logo-ericadventures.png","width":500,"height":106,"caption":"Eric Adventures"},"image":{"@id":"https:\/\/www.ericadventures.com\/en\/#\/schema\/logo\/image\/"}}]}},"coauthors":[],"author_meta":{"author_link":"https:\/\/www.ericadventures.com\/it\/author\/ericadmin\/","display_name":"Eric"},"relative_dates":{"created":"Pubblicato 2 anni fa","modified":"Aggiornato 6 mesi fa"},"absolute_dates":{"created":"Pubblicato il Novembre 16, 2023","modified":"Aggiornato il Ottobre 31, 2025"},"absolute_dates_time":{"created":"Pubblicato il Novembre 16, 2023 7:08 am","modified":"Aggiornato il Ottobre 31, 2025 10:41 am"},"featured_img_caption":"","featured_img":"https:\/\/www.ericadventures.com\/wp-content\/uploads\/altiplano01-1.jpg","series_order":"","_links":{"self":[{"href":"https:\/\/www.ericadventures.com\/it\/wp-json\/wp\/v2\/pages\/3610","targetHints":{"allow":["GET"]}}],"collection":[{"href":"https:\/\/www.ericadventures.com\/it\/wp-json\/wp\/v2\/pages"}],"about":[{"href":"https:\/\/www.ericadventures.com\/it\/wp-json\/wp\/v2\/types\/page"}],"author":[{"embeddable":true,"href":"https:\/\/www.ericadventures.com\/it\/wp-json\/wp\/v2\/users\/1"}],"replies":[{"embeddable":true,"href":"https:\/\/www.ericadventures.com\/it\/wp-json\/wp\/v2\/comments?post=3610"}],"version-history":[{"count":9,"href":"https:\/\/www.ericadventures.com\/it\/wp-json\/wp\/v2\/pages\/3610\/revisions"}],"predecessor-version":[{"id":42652,"href":"https:\/\/www.ericadventures.com\/it\/wp-json\/wp\/v2\/pages\/3610\/revisions\/42652"}],"up":[{"embeddable":true,"href":"https:\/\/www.ericadventures.com\/it\/wp-json\/wp\/v2\/pages\/210"}],"wp:featuredmedia":[{"embeddable":true,"href":"https:\/\/www.ericadventures.com\/it\/wp-json\/wp\/v2\/media\/3918"}],"wp:attachment":[{"href":"https:\/\/www.ericadventures.com\/it\/wp-json\/wp\/v2\/media?parent=3610"}],"curies":[{"name":"wp","href":"https:\/\/api.w.org\/{rel}","templated":true}]}}