{"id":45382,"date":"2026-02-19T13:02:50","date_gmt":"2026-02-19T18:02:50","guid":{"rendered":"https:\/\/www.ericadventures.com\/?page_id=45382"},"modified":"2026-02-20T11:11:02","modified_gmt":"2026-02-20T16:11:02","slug":"mgtour-di-mezza-giornata-alle-isole-palomino-lima-peru","status":"publish","type":"page","link":"https:\/\/www.ericadventures.com\/it\/lima\/mgtour-di-mezza-giornata-alle-isole-palomino-lima-peru\/","title":{"rendered":"MG,Tour di mezza giornata alle Isole Palomino &#8211; Lima, Peru"},"content":{"rendered":"\n<p><\/p>\n\n\n<div class=\"wp-block-image\">\n<figure class=\"alignleft size-full is-resized\"><img loading=\"lazy\" decoding=\"async\" width=\"618\" height=\"365\" src=\"https:\/\/www.ericadventures.com\/wp-content\/uploads\/Tour-islas-palomino.jpg\" alt=\"\" class=\"wp-image-45356\" style=\"aspect-ratio:1.7777777777777777;object-fit:cover;width:413px;height:auto\" srcset=\"https:\/\/www.ericadventures.com\/wp-content\/uploads\/Tour-islas-palomino.jpg 618w, https:\/\/www.ericadventures.com\/wp-content\/uploads\/Tour-islas-palomino-300x177.jpg 300w\" sizes=\"auto, (max-width: 618px) 100vw, 618px\" \/><\/figure>\n<\/div>\n\n\n<h3 class=\"wp-block-heading\" id=\"h-\"><\/h3>\n\n\n\n<p>Godetevi un&#8217;esclusiva escursione in barca a vela nell&#8217;arcipelago di Callao, un santuario naturale di biodiversit\u00e0 sulla costa centrale del Per\u00f9. Questa spedizione offre un&#8217;opportunit\u00e0 unica per interagire con una delle pi\u00f9 grandi colonie di leoni marini della regione e osservare specie protette nel loro habitat naturale.<\/p>\n\n\n\n<p><strong>PARTENZE<\/strong><\/p>\n\n\n\n<ul class=\"wp-block-list\">\n<li>Frequenza: dal luned\u00ec alla domenica.<\/li>\n\n\n\n<li>Ora di partenza: 9:00<\/li>\n\n\n\n<li>Durata totale: circa 4,5 ore.<\/li>\n<\/ul>\n\n\n\n<h2 class=\"wp-block-heading\" id=\"h-itinerario\"><strong>ITINERARIO<\/strong><\/h2>\n\n\n\n<p>9:00 Accoglienza: trasferimento privato dal vostro hotel o alloggio all&#8217;area portuale di Callao.<br>9:45 Check-in: controllo di imbarco presso il punto di incontro strategico (Calle La Mar, Callao).<br>10:30: inizio del viaggio attraverso la baia di Callao, osservando l&#8217;ancoraggio di yacht e navi mercantili. Navigazione tra le storiche isole di San Lorenzo ed El Front\u00f3n.<\/p>\n\n\n\n<p>11:15: Sosta all&#8217;isola di Cavinzas per l&#8217;osservazione dei pinguini di Humboldt e degli uccelli del guano.<\/p>\n\n\n\n<p>12:00 Arrivo al punto centrale della spedizione. I passeggeri avranno l&#8217;opportunit\u00e0 di nuotare con i leoni marini nel rispetto di rigorosi protocolli di sicurezza (tempo stimato: 15 minuti).<\/p>\n\n\n\n<p>12:30 Navigazione di ritorno attraverso formazioni rocciose e scogliere naturali.<\/p>\n\n\n\n<p>13:00 Sbarco: Arrivo al porto e trasferimento in hotel.<\/p>\n\n\n\n<p>13:45 Arrivo al punto di partenza.<\/p>\n\n\n\n<h3 class=\"wp-block-heading\" id=\"h-incluso\"><strong>INCLUSO<\/strong><\/h3>\n\n\n\n<ul class=\"wp-block-list\">\n<li>Trasferimento privato di andata e ritorno (Hotel &#8211; Porto &#8211; Hotel).<\/li>\n\n\n\n<li>Visita guidata delle isole e degli isolotti di Callao.<\/li>\n\n\n\n<li>Guida turistica ufficiale bilingue (inglese\/spagnolo).<\/li>\n\n\n\n<li>Giubbotti di salvataggio e mute di alta qualit\u00e0.<\/li>\n\n\n\n<li>Biglietto d&#8217;ingresso alle Aree Naturali Protette (SERNANP) e tasse applicabili.<\/li>\n<\/ul>\n\n\n\n<p><strong>Consigliamo di portare:<\/strong><\/p>\n\n\n\n<ul class=\"wp-block-list\">\n<li>Protezione solare (crema solare, occhiali da sole e cappello).<\/li>\n\n\n\n<li>Costume da bagno e asciugamano.<\/li>\n\n\n\n<li>Scarpe con buona aderenza e un maglione leggero per la brezza marina.<\/li>\n\n\n\n<li>Acqua personale.<\/li>\n<\/ul>\n\n\n\n<p><strong>Considerazioni operative e di sicurezza<\/strong><\/p>\n\n\n\n<p><\/p>\n\n\n\n<ul class=\"wp-block-list\">\n<li>Per garantire un&#8217;esperienza ottimale e sicura durante il viaggio, si prega di tenere conto dei seguenti aspetti tecnici:<\/li>\n\n\n\n<li>Condizioni oceanografiche: Quest&#8217;area dell&#8217;Oceano Pacifico \u00e8 direttamente influenzata dalla Corrente di Humboldt. Di conseguenza, la temperatura dell&#8217;acqua varia tra 7 \u00b0C e 19 \u00b0C, a seconda della stagione.<\/li>\n\n\n\n<li>Protocollo benessere: Per prevenire il mal di movimento, si consiglia vivamente di consumare una colazione leggera il giorno dell&#8217;escursione. Disponiamo di farmaci specifici per i passeggeri che ne hanno bisogno.<\/li>\n\n\n\n<li>Flessibilit\u00e0 dell&#8217;itinerario: Il programma presentato \u00e8 solo indicativo. L&#8217;ordine delle visite e gli orari di navigazione sono soggetti a modifiche in base alle condizioni meteorologiche e alle normative delle autorit\u00e0 portuali.<\/li>\n<\/ul>\n\n\n\n<h2 class=\"wp-block-heading\" id=\"h-prezzi-a-persona-in-dollari-statunitensi\">PREZZI (A PERSONA IN DOLLARI STATUNITENSI)<\/h2>\n\n\n\n<p><strong>SERVIZIO CONDIVISO<\/strong><\/p>\n\n\n\n<ul class=\"wp-block-list\">\n<li>Prezzo a persona: 130 USD (minimo 2 persone)<\/li>\n<\/ul>\n\n\n\n<p>*Prezzi di riferimento soggetti a disponibilit\u00e0 e stagione.<\/p>\n\n\n\n<h2 class=\"wp-block-heading\" id=\"h-mappa\">Mappa<\/h2>\n\n\n\n<figure class=\"wp-block-gallery has-nested-images columns-default wp-block-gallery-1 is-layout-flex wp-block-gallery-is-layout-flex\">\n<figure class=\"wp-block-image size-thumbnail is-style-default\"><a href=\"https:\/\/www.ericadventures.com\/wp-content\/uploads\/Mapa-islas-Palomino.jpg\"><img loading=\"lazy\" decoding=\"async\" width=\"150\" height=\"150\" data-id=\"45336\" src=\"https:\/\/www.ericadventures.com\/wp-content\/uploads\/Mapa-islas-Palomino-150x150.jpg\" alt=\"\" class=\"wp-image-45336\"\/><\/a><\/figure>\n<\/figure>\n\n\n\n<h2 class=\"wp-block-heading\" id=\"h-galleria-fotografica\">GALLERIA FOTOGRAFICA<\/h2>\n\n\n\n<div class=\"wp-block-columns is-layout-flex wp-container-core-columns-is-layout-9d6595d7 wp-block-columns-is-layout-flex\">\n<div class=\"wp-block-column is-layout-flow wp-block-column-is-layout-flow\" style=\"flex-basis:100%\">\n<figure class=\"wp-block-gallery has-nested-images columns-7 is-cropped wp-block-gallery-2 is-layout-flex wp-block-gallery-is-layout-flex\">\n<figure class=\"wp-block-image size-thumbnail\"><img loading=\"lazy\" decoding=\"async\" width=\"150\" height=\"150\" data-id=\"45376\" src=\"https:\/\/www.ericadventures.com\/wp-content\/uploads\/Callao-150x150.jpg\" alt=\"\" class=\"wp-image-45376\"\/><\/figure>\n\n\n\n<figure class=\"wp-block-image size-thumbnail\"><img loading=\"lazy\" decoding=\"async\" width=\"150\" height=\"150\" data-id=\"45356\" src=\"https:\/\/www.ericadventures.com\/wp-content\/uploads\/Tour-islas-palomino-150x150.jpg\" alt=\"\" class=\"wp-image-45356\"\/><\/figure>\n\n\n\n<figure class=\"wp-block-image size-thumbnail\"><img loading=\"lazy\" decoding=\"async\" width=\"150\" height=\"150\" data-id=\"45361\" src=\"https:\/\/www.ericadventures.com\/wp-content\/uploads\/islas-Palomino-t-150x150.jpg\" alt=\"\" class=\"wp-image-45361\"\/><\/figure>\n\n\n\n<figure class=\"wp-block-image size-thumbnail\"><img loading=\"lazy\" decoding=\"async\" width=\"150\" height=\"150\" data-id=\"45351\" src=\"https:\/\/www.ericadventures.com\/wp-content\/uploads\/tour-islas-Palomino-II-150x150.jpg\" alt=\"\" class=\"wp-image-45351\"\/><\/figure>\n\n\n\n<figure class=\"wp-block-image size-thumbnail\"><img loading=\"lazy\" decoding=\"async\" width=\"150\" height=\"150\" data-id=\"45346\" src=\"https:\/\/www.ericadventures.com\/wp-content\/uploads\/tour-islas-palomino-1-150x150.jpg\" alt=\"\" class=\"wp-image-45346\"\/><\/figure>\n\n\n\n<figure class=\"wp-block-image size-thumbnail\"><img loading=\"lazy\" decoding=\"async\" width=\"150\" height=\"150\" data-id=\"45341\" src=\"https:\/\/www.ericadventures.com\/wp-content\/uploads\/San-Lorenzo-150x150.jpg\" alt=\"\" class=\"wp-image-45341\"\/><\/figure>\n\n\n\n<figure class=\"wp-block-image size-thumbnail\"><img loading=\"lazy\" decoding=\"async\" width=\"150\" height=\"150\" data-id=\"45371\" src=\"https:\/\/www.ericadventures.com\/wp-content\/uploads\/Callao-Lima-150x150.jpg\" alt=\"\" class=\"wp-image-45371\"\/><\/figure>\n<\/figure>\n<\/div>\n<\/div>\n\n\n\n<h2 class=\"wp-block-heading\" id=\"h-modulo-di-contatto\"><strong>MODULO DI CONTATTO<\/strong><\/h2>\n\n\n\n<div class=\"wp-block-contact-form-7-contact-form-selector\">\n<div class=\"wpcf7 no-js\" id=\"wpcf7-f6170-o1\" lang=\"es-ES\" dir=\"ltr\" data-wpcf7-id=\"6170\">\n<div class=\"screen-reader-response\"><p role=\"status\" aria-live=\"polite\" aria-atomic=\"true\"><\/p> <ul><\/ul><\/div>\n<form action=\"\/it\/wp-json\/wp\/v2\/pages\/45382#wpcf7-f6170-o1\" method=\"post\" class=\"wpcf7-form init\" aria-label=\"Formulario de contacto\" novalidate=\"novalidate\" data-status=\"init\">\n<fieldset class=\"hidden-fields-container\"><input type=\"hidden\" name=\"_wpcf7\" value=\"6170\" \/><input type=\"hidden\" name=\"_wpcf7_version\" value=\"6.1.5\" \/><input type=\"hidden\" name=\"_wpcf7_locale\" value=\"es_ES\" \/><input type=\"hidden\" name=\"_wpcf7_unit_tag\" value=\"wpcf7-f6170-o1\" \/><input type=\"hidden\" name=\"_wpcf7_container_post\" value=\"0\" \/><input type=\"hidden\" name=\"_wpcf7_posted_data_hash\" value=\"\" \/>\n<\/fieldset>\n<div class=\"wpcf7-turnstile cf-turnstile\" data-sitekey=\"0x4AAAAAACZ2CLxkDaDac8NW\" data-response-field-name=\"_wpcf7_turnstile_response\"><\/div>\n\n<div class=\"formt\">\n    <span class=\"textform\">Per prenotazioni o maggiori informazioni compila il seguente modulo cliente\/ospite: <\/span>\n    <input class=\"wpcf7-form-control wpcf7-hidden\" value=\"https:\/\/www.ericadventures.com\/it\/wp-json\/wp\/v2\/pages\/45382\" type=\"hidden\" name=\"Url_Tour\" \/>\n    <input class=\"wpcf7-form-control wpcf7-hidden\" value=\"it\" type=\"hidden\" name=\"Idioma\" \/>\n    <input class=\"wpcf7-form-control wpcf7-hidden\" value=\"29\/04\/2026 05:42:41\" type=\"hidden\" name=\"Fecha_Hora\" \/>\n    <input class=\"wpcf7-form-control wpcf7-hidden\" value=\"216.73.216.6\" type=\"hidden\" name=\"Ip\" \/>\n    <input class=\"wpcf7-form-control wpcf7-hidden\" value=\"MG,Tour di mezza giornata alle Isole Palomino &#8211; Lima, Peru\" type=\"hidden\" name=\"Nombre_Tour\" \/>\n    <input class=\"wpcf7-form-control wpcf7-hidden\" value=\"1\" type=\"hidden\" name=\"enviar_excel\" \/>\n\n    <div class=\"g2\">\n        <div>\n            <label>Nome: <\/label>\n            <span class=\"wpcf7-form-control-wrap\" data-name=\"Nombre\"><input size=\"40\" maxlength=\"400\" class=\"wpcf7-form-control wpcf7-text wpcf7-validates-as-required\" aria-required=\"true\" aria-invalid=\"false\" value=\"\" type=\"text\" name=\"Nombre\" \/><\/span>\n        <\/div>\n        <div>\n            <label>E-mail: <\/label>\n            <span class=\"wpcf7-form-control-wrap\" data-name=\"Emails\"><input size=\"40\" maxlength=\"400\" class=\"wpcf7-form-control wpcf7-email wpcf7-validates-as-required wpcf7-text wpcf7-validates-as-email\" aria-required=\"true\" aria-invalid=\"false\" value=\"\" type=\"email\" name=\"Emails\" \/><\/span>\n        <\/div>\n    <\/div>\n    \n    <div class=\"g2\">\n        <div>\n            <label>Paese: <\/label>\n            <span class=\"wpcf7-form-control-wrap\" data-name=\"Pais\"><input size=\"40\" maxlength=\"400\" class=\"wpcf7-form-control wpcf7-text\" aria-invalid=\"false\" value=\"\" type=\"text\" name=\"Pais\" \/><\/span>\n        <\/div>\n        <div>\n            <label>Telefono - Whatsapp: <\/label>\n            <span class=\"wpcf7-form-control-wrap\" data-name=\"Whatsapp\"><input size=\"40\" class=\"wpcf7-form-control wpcf7-phonetext wpcf7-text wpcf7-validates-as-phonetext\" aria-invalid=\"false\" value=\"\" type=\"text\" name=\"Whatsapp\" \/><input type=\"hidden\" name=\"Whatsapp-country-code\" class=\"wpcf7-phonetext-country-code\" \/><\/span>\n        <\/div>\n    <\/div>\n    \n    <div class=\"g2\">\n        <div>\n            <label>Numero di adulti: <\/label>\n            <span class=\"wpcf7-form-control-wrap\" data-name=\"Adultos\"><select class=\"wpcf7-form-control wpcf7-select wpcf7-validates-as-required\" aria-required=\"true\" aria-invalid=\"false\" name=\"Adultos\"><option value=\"1\">1<\/option><option value=\"2\">2<\/option><option value=\"3\">3<\/option><option value=\"4\">4<\/option><option value=\"5\">5<\/option><option value=\"6\">6<\/option><option value=\"7\">7<\/option><option value=\"8\">8<\/option><option value=\"9\">9<\/option><option value=\"10\">10<\/option><option value=\"11\">11<\/option><option value=\"12 o pi\u00f9\">12 o pi\u00f9<\/option><\/select><\/span>\n        <\/div>\n        <div>\n            <label>Numero di bambini: <\/label>\n            <span class=\"wpcf7-form-control-wrap\" data-name=\"Ninos\"><select class=\"wpcf7-form-control wpcf7-select wpcf7-validates-as-required\" aria-required=\"true\" aria-invalid=\"false\" name=\"Ninos\"><option value=\"0\">0<\/option><option value=\"1\">1<\/option><option value=\"2\">2<\/option><option value=\"3\">3<\/option><option value=\"4\">4<\/option><option value=\"5\">5<\/option><option value=\"6\">6<\/option><option value=\"7\">7<\/option><option value=\"8\">8<\/option><option value=\"9\">9<\/option><option value=\"10\">10<\/option><option value=\"11\">11<\/option><option value=\"12 o pi\u00f9\">12 o pi\u00f9<\/option><\/select><\/span>\n        <\/div>\n    <\/div>\n    \n    <div class=\"g2\">\n        <div>\n            <label>Data di inizio del tour: <\/label>\n            <span class=\"wpcf7-form-control-wrap\" data-name=\"Inicio\"><input class=\"wpcf7-form-control wpcf7-date wpcf7-validates-as-required wpcf7-validates-as-date\" id=\"inicio\" min=\"2026-04-29\" aria-required=\"true\" aria-invalid=\"false\" value=\"\" type=\"date\" name=\"Inicio\" \/><\/span>\n        <\/div>\n        <div>\n            <label>Data di fine del tour: <\/label>\n            <span class=\"wpcf7-form-control-wrap\" data-name=\"Final\"><input class=\"wpcf7-form-control wpcf7-date wpcf7-validates-as-required wpcf7-validates-as-date\" id=\"final\" min=\"2026-04-29\" aria-required=\"true\" aria-invalid=\"false\" value=\"\" type=\"date\" name=\"Final\" \/><\/span>\n        <\/div>\n    <\/div>\n    \n    <div>\n        <label>Commenti o domande: <\/label>\n        <span class=\"wpcf7-form-control-wrap\" data-name=\"Mensaje\"><textarea cols=\"40\" rows=\"10\" maxlength=\"2000\" class=\"wpcf7-form-control wpcf7-textarea wpcf7-validates-as-required\" aria-required=\"true\" aria-invalid=\"false\" placeholder=\"Si prega di specificare il tipo di SERVIZIO\/TOUR che si desidera effettuare\" name=\"Mensaje\"><\/textarea><\/span>\n    <\/div>\n    \n    <input class=\"wpcf7-form-control wpcf7-submit has-spinner btnsend\" type=\"submit\" value=\"INVIA MESSAGGIO\" \/>\n<\/div><div class=\"wpcf7-response-output\" aria-hidden=\"true\"><\/div>\n<\/form>\n<\/div>\n<\/div>\n","protected":false},"excerpt":{"rendered":"<p>Godetevi un&#8217;esclusiva escursione in barca a vela nell&#8217;arcipelago di Callao, un santuario naturale di biodiversit\u00e0 sulla costa centrale del Per\u00f9. [&hellip;]<\/p>\n","protected":false},"author":4,"featured_media":45358,"parent":234,"menu_order":0,"comment_status":"closed","ping_status":"closed","template":"page-tour.php","meta":{"_acf_changed":false,"advgb_blocks_editor_width":"","advgb_blocks_columns_visual_guide":"","footnotes":""},"class_list":["post-45382","page","type-page","status-publish","has-post-thumbnail","hentry"],"acf":[],"yoast_head":"<!-- This site is optimized with the Yoast SEO Premium plugin v25.4 (Yoast SEO v26.9) - https:\/\/yoast.com\/product\/yoast-seo-premium-wordpress\/ -->\n<title>Tour di mezza giornata alle Isole Palomino , Callao, Lima, Per\u00f9<\/title>\n<meta name=\"description\" content=\"Scopri le Isole Palomino e l&#039;opportunit\u00e0 di nuotare con i leoni marini circondati da paesaggi mozzafiato nel Pacifico.\" \/>\n<meta name=\"robots\" content=\"index, follow, max-snippet:-1, max-image-preview:large, max-video-preview:-1\" \/>\n<link rel=\"canonical\" href=\"https:\/\/www.ericadventures.com\/it\/lima\/mgtour-di-mezza-giornata-alle-isole-palomino-lima-peru\/\" \/>\n<meta property=\"og:locale\" content=\"it_IT\" \/>\n<meta property=\"og:type\" content=\"article\" \/>\n<meta property=\"og:title\" content=\"MG,Tour di mezza giornata alle Isole Palomino - Lima, Peru\" \/>\n<meta property=\"og:description\" content=\"Scopri le Isole Palomino e l&#039;opportunit\u00e0 di nuotare con i leoni marini circondati da paesaggi mozzafiato nel Pacifico.\" \/>\n<meta property=\"og:url\" content=\"https:\/\/www.ericadventures.com\/it\/lima\/mgtour-di-mezza-giornata-alle-isole-palomino-lima-peru\/\" \/>\n<meta property=\"og:site_name\" content=\"Eric Adventures\" \/>\n<meta property=\"article:modified_time\" content=\"2026-02-20T16:11:02+00:00\" \/>\n<meta property=\"og:image\" content=\"https:\/\/www.ericadventures.com\/wp-content\/uploads\/Tour-islas-palomino.jpg\" \/>\n\t<meta property=\"og:image:width\" content=\"618\" \/>\n\t<meta property=\"og:image:height\" content=\"365\" \/>\n\t<meta property=\"og:image:type\" content=\"image\/jpeg\" \/>\n<meta name=\"twitter:card\" content=\"summary_large_image\" \/>\n<meta name=\"twitter:label1\" content=\"Tempo di lettura stimato\" \/>\n\t<meta name=\"twitter:data1\" content=\"4 minuti\" \/>\n<script type=\"application\/ld+json\" class=\"yoast-schema-graph\">{\"@context\":\"https:\/\/schema.org\",\"@graph\":[{\"@type\":\"WebPage\",\"@id\":\"https:\/\/www.ericadventures.com\/it\/lima\/mgtour-di-mezza-giornata-alle-isole-palomino-lima-peru\/\",\"url\":\"https:\/\/www.ericadventures.com\/it\/lima\/mgtour-di-mezza-giornata-alle-isole-palomino-lima-peru\/\",\"name\":\"Tour di mezza giornata alle Isole Palomino , Callao, Lima, Per\u00f9\",\"isPartOf\":{\"@id\":\"https:\/\/www.ericadventures.com\/en\/#website\"},\"primaryImageOfPage\":{\"@id\":\"https:\/\/www.ericadventures.com\/it\/lima\/mgtour-di-mezza-giornata-alle-isole-palomino-lima-peru\/#primaryimage\"},\"image\":{\"@id\":\"https:\/\/www.ericadventures.com\/it\/lima\/mgtour-di-mezza-giornata-alle-isole-palomino-lima-peru\/#primaryimage\"},\"thumbnailUrl\":\"https:\/\/www.ericadventures.com\/wp-content\/uploads\/Tour-islas-palomino.jpg\",\"datePublished\":\"2026-02-19T18:02:50+00:00\",\"dateModified\":\"2026-02-20T16:11:02+00:00\",\"description\":\"Scopri le Isole Palomino e l'opportunit\u00e0 di nuotare con i leoni marini circondati da paesaggi mozzafiato nel Pacifico.\",\"breadcrumb\":{\"@id\":\"https:\/\/www.ericadventures.com\/it\/lima\/mgtour-di-mezza-giornata-alle-isole-palomino-lima-peru\/#breadcrumb\"},\"inLanguage\":\"it-IT\",\"potentialAction\":[{\"@type\":\"ReadAction\",\"target\":[\"https:\/\/www.ericadventures.com\/it\/lima\/mgtour-di-mezza-giornata-alle-isole-palomino-lima-peru\/\"]}]},{\"@type\":\"ImageObject\",\"inLanguage\":\"it-IT\",\"@id\":\"https:\/\/www.ericadventures.com\/it\/lima\/mgtour-di-mezza-giornata-alle-isole-palomino-lima-peru\/#primaryimage\",\"url\":\"https:\/\/www.ericadventures.com\/wp-content\/uploads\/Tour-islas-palomino.jpg\",\"contentUrl\":\"https:\/\/www.ericadventures.com\/wp-content\/uploads\/Tour-islas-palomino.jpg\",\"width\":618,\"height\":365},{\"@type\":\"BreadcrumbList\",\"@id\":\"https:\/\/www.ericadventures.com\/it\/lima\/mgtour-di-mezza-giornata-alle-isole-palomino-lima-peru\/#breadcrumb\",\"itemListElement\":[{\"@type\":\"ListItem\",\"position\":1,\"name\":\"Home\",\"item\":\"https:\/\/www.ericadventures.com\/it\/\"},{\"@type\":\"ListItem\",\"position\":2,\"name\":\"Tours in Lima\",\"item\":\"https:\/\/www.ericadventures.com\/en\/lima\/\"},{\"@type\":\"ListItem\",\"position\":3,\"name\":\"MG,Tour di mezza giornata alle Isole Palomino &#8211; Lima, Peru\"}]},{\"@type\":\"WebSite\",\"@id\":\"https:\/\/www.ericadventures.com\/en\/#website\",\"url\":\"https:\/\/www.ericadventures.com\/en\/\",\"name\":\"Eric Adventures\",\"description\":\"\",\"publisher\":{\"@id\":\"https:\/\/www.ericadventures.com\/en\/#organization\"},\"alternateName\":\"Eric Adventures\",\"potentialAction\":[{\"@type\":\"SearchAction\",\"target\":{\"@type\":\"EntryPoint\",\"urlTemplate\":\"https:\/\/www.ericadventures.com\/en\/?s={search_term_string}\"},\"query-input\":{\"@type\":\"PropertyValueSpecification\",\"valueRequired\":true,\"valueName\":\"search_term_string\"}}],\"inLanguage\":\"it-IT\"},{\"@type\":\"Organization\",\"@id\":\"https:\/\/www.ericadventures.com\/en\/#organization\",\"name\":\"Eric Adventures\",\"url\":\"https:\/\/www.ericadventures.com\/en\/\",\"logo\":{\"@type\":\"ImageObject\",\"inLanguage\":\"it-IT\",\"@id\":\"https:\/\/www.ericadventures.com\/en\/#\/schema\/logo\/image\/\",\"url\":\"https:\/\/www.ericadventures.com\/wp-content\/uploads\/logo-ericadventures.png\",\"contentUrl\":\"https:\/\/www.ericadventures.com\/wp-content\/uploads\/logo-ericadventures.png\",\"width\":500,\"height\":106,\"caption\":\"Eric Adventures\"},\"image\":{\"@id\":\"https:\/\/www.ericadventures.com\/en\/#\/schema\/logo\/image\/\"}}]}<\/script>\n<!-- \/ Yoast SEO Premium plugin. -->","yoast_head_json":{"title":"Tour di mezza giornata alle Isole Palomino , Callao, Lima, Per\u00f9","description":"Scopri le Isole Palomino e l'opportunit\u00e0 di nuotare con i leoni marini circondati da paesaggi mozzafiato nel Pacifico.","robots":{"index":"index","follow":"follow","max-snippet":"max-snippet:-1","max-image-preview":"max-image-preview:large","max-video-preview":"max-video-preview:-1"},"canonical":"https:\/\/www.ericadventures.com\/it\/lima\/mgtour-di-mezza-giornata-alle-isole-palomino-lima-peru\/","og_locale":"it_IT","og_type":"article","og_title":"MG,Tour di mezza giornata alle Isole Palomino - Lima, Peru","og_description":"Scopri le Isole Palomino e l'opportunit\u00e0 di nuotare con i leoni marini circondati da paesaggi mozzafiato nel Pacifico.","og_url":"https:\/\/www.ericadventures.com\/it\/lima\/mgtour-di-mezza-giornata-alle-isole-palomino-lima-peru\/","og_site_name":"Eric Adventures","article_modified_time":"2026-02-20T16:11:02+00:00","og_image":[{"width":618,"height":365,"url":"https:\/\/www.ericadventures.com\/wp-content\/uploads\/Tour-islas-palomino.jpg","type":"image\/jpeg"}],"twitter_card":"summary_large_image","twitter_misc":{"Tempo di lettura stimato":"4 minuti"},"schema":{"@context":"https:\/\/schema.org","@graph":[{"@type":"WebPage","@id":"https:\/\/www.ericadventures.com\/it\/lima\/mgtour-di-mezza-giornata-alle-isole-palomino-lima-peru\/","url":"https:\/\/www.ericadventures.com\/it\/lima\/mgtour-di-mezza-giornata-alle-isole-palomino-lima-peru\/","name":"Tour di mezza giornata alle Isole Palomino , Callao, Lima, Per\u00f9","isPartOf":{"@id":"https:\/\/www.ericadventures.com\/en\/#website"},"primaryImageOfPage":{"@id":"https:\/\/www.ericadventures.com\/it\/lima\/mgtour-di-mezza-giornata-alle-isole-palomino-lima-peru\/#primaryimage"},"image":{"@id":"https:\/\/www.ericadventures.com\/it\/lima\/mgtour-di-mezza-giornata-alle-isole-palomino-lima-peru\/#primaryimage"},"thumbnailUrl":"https:\/\/www.ericadventures.com\/wp-content\/uploads\/Tour-islas-palomino.jpg","datePublished":"2026-02-19T18:02:50+00:00","dateModified":"2026-02-20T16:11:02+00:00","description":"Scopri le Isole Palomino e l'opportunit\u00e0 di nuotare con i leoni marini circondati da paesaggi mozzafiato nel Pacifico.","breadcrumb":{"@id":"https:\/\/www.ericadventures.com\/it\/lima\/mgtour-di-mezza-giornata-alle-isole-palomino-lima-peru\/#breadcrumb"},"inLanguage":"it-IT","potentialAction":[{"@type":"ReadAction","target":["https:\/\/www.ericadventures.com\/it\/lima\/mgtour-di-mezza-giornata-alle-isole-palomino-lima-peru\/"]}]},{"@type":"ImageObject","inLanguage":"it-IT","@id":"https:\/\/www.ericadventures.com\/it\/lima\/mgtour-di-mezza-giornata-alle-isole-palomino-lima-peru\/#primaryimage","url":"https:\/\/www.ericadventures.com\/wp-content\/uploads\/Tour-islas-palomino.jpg","contentUrl":"https:\/\/www.ericadventures.com\/wp-content\/uploads\/Tour-islas-palomino.jpg","width":618,"height":365},{"@type":"BreadcrumbList","@id":"https:\/\/www.ericadventures.com\/it\/lima\/mgtour-di-mezza-giornata-alle-isole-palomino-lima-peru\/#breadcrumb","itemListElement":[{"@type":"ListItem","position":1,"name":"Home","item":"https:\/\/www.ericadventures.com\/it\/"},{"@type":"ListItem","position":2,"name":"Tours in Lima","item":"https:\/\/www.ericadventures.com\/en\/lima\/"},{"@type":"ListItem","position":3,"name":"MG,Tour di mezza giornata alle Isole Palomino &#8211; Lima, Peru"}]},{"@type":"WebSite","@id":"https:\/\/www.ericadventures.com\/en\/#website","url":"https:\/\/www.ericadventures.com\/en\/","name":"Eric Adventures","description":"","publisher":{"@id":"https:\/\/www.ericadventures.com\/en\/#organization"},"alternateName":"Eric Adventures","potentialAction":[{"@type":"SearchAction","target":{"@type":"EntryPoint","urlTemplate":"https:\/\/www.ericadventures.com\/en\/?s={search_term_string}"},"query-input":{"@type":"PropertyValueSpecification","valueRequired":true,"valueName":"search_term_string"}}],"inLanguage":"it-IT"},{"@type":"Organization","@id":"https:\/\/www.ericadventures.com\/en\/#organization","name":"Eric Adventures","url":"https:\/\/www.ericadventures.com\/en\/","logo":{"@type":"ImageObject","inLanguage":"it-IT","@id":"https:\/\/www.ericadventures.com\/en\/#\/schema\/logo\/image\/","url":"https:\/\/www.ericadventures.com\/wp-content\/uploads\/logo-ericadventures.png","contentUrl":"https:\/\/www.ericadventures.com\/wp-content\/uploads\/logo-ericadventures.png","width":500,"height":106,"caption":"Eric Adventures"},"image":{"@id":"https:\/\/www.ericadventures.com\/en\/#\/schema\/logo\/image\/"}}]}},"coauthors":[],"author_meta":{"author_link":"https:\/\/www.ericadventures.com\/it\/author\/marilyn\/","display_name":"Marilyn Ayma Gomez"},"relative_dates":{"created":"Pubblicato 2 mesi fa","modified":"Aggiornato 2 mesi fa"},"absolute_dates":{"created":"Pubblicato il Febbraio 19, 2026","modified":"Aggiornato il Febbraio 20, 2026"},"absolute_dates_time":{"created":"Pubblicato il Febbraio 19, 2026 1:02 pm","modified":"Aggiornato il Febbraio 20, 2026 11:11 am"},"featured_img_caption":"","featured_img":"https:\/\/www.ericadventures.com\/wp-content\/uploads\/Tour-islas-palomino.jpg","series_order":"","_links":{"self":[{"href":"https:\/\/www.ericadventures.com\/it\/wp-json\/wp\/v2\/pages\/45382","targetHints":{"allow":["GET"]}}],"collection":[{"href":"https:\/\/www.ericadventures.com\/it\/wp-json\/wp\/v2\/pages"}],"about":[{"href":"https:\/\/www.ericadventures.com\/it\/wp-json\/wp\/v2\/types\/page"}],"author":[{"embeddable":true,"href":"https:\/\/www.ericadventures.com\/it\/wp-json\/wp\/v2\/users\/4"}],"replies":[{"embeddable":true,"href":"https:\/\/www.ericadventures.com\/it\/wp-json\/wp\/v2\/comments?post=45382"}],"version-history":[{"count":8,"href":"https:\/\/www.ericadventures.com\/it\/wp-json\/wp\/v2\/pages\/45382\/revisions"}],"predecessor-version":[{"id":45425,"href":"https:\/\/www.ericadventures.com\/it\/wp-json\/wp\/v2\/pages\/45382\/revisions\/45425"}],"up":[{"embeddable":true,"href":"https:\/\/www.ericadventures.com\/it\/wp-json\/wp\/v2\/pages\/234"}],"wp:featuredmedia":[{"embeddable":true,"href":"https:\/\/www.ericadventures.com\/it\/wp-json\/wp\/v2\/media\/45358"}],"wp:attachment":[{"href":"https:\/\/www.ericadventures.com\/it\/wp-json\/wp\/v2\/media?parent=45382"}],"curies":[{"name":"wp","href":"https:\/\/api.w.org\/{rel}","templated":true}]}}