{"id":46912,"date":"2026-04-09T14:07:48","date_gmt":"2026-04-09T19:07:48","guid":{"rendered":"https:\/\/www.ericadventures.com\/ferre-miraflores-hotel-cusco\/"},"modified":"2026-04-14T13:15:35","modified_gmt":"2026-04-14T18:15:35","slug":"hotel-ferre-miraflores-lima","status":"publish","type":"page","link":"https:\/\/www.ericadventures.com\/it\/hotel\/hotel-ferre-miraflores-lima\/","title":{"rendered":"Hotel Ferr\u00e9 Miraflores, Lima"},"content":{"rendered":"\n<figure class=\"wp-block-table\"><table class=\"has-fixed-layout\"><thead><tr><th class=\"has-text-align-center\" data-align=\"center\">Tipologia di Camera<\/th><th class=\"has-text-align-center\" data-align=\"center\">Descrizione<\/th><th class=\"has-text-align-center\" data-align=\"center\">Prezzo in dollari americani<\/th><\/tr><\/thead><tbody><tr><td class=\"has-text-align-center\" data-align=\"center\">Camera Singola Standard<\/td><td class=\"has-text-align-center\" data-align=\"center\">1 letto<\/td><td class=\"has-text-align-center\" data-align=\"center\">87<\/td><\/tr><tr><td class=\"has-text-align-center\" data-align=\"center\">Camera Doppia Standard <\/td><td class=\"has-text-align-center\" data-align=\"center\">2 letti singoli o 1 letto<\/td><td class=\"has-text-align-center\" data-align=\"center\">174<\/td><\/tr><tr><td class=\"has-text-align-center\" data-align=\"center\">Standard Triple <\/td><td class=\"has-text-align-center\" data-align=\"center\">3 letti singoli <\/td><td class=\"has-text-align-center\" data-align=\"center\">261<\/td><\/tr><tr><td class=\"has-text-align-center\" data-align=\"center\">Camera Familiare Comfort<\/td><td class=\"has-text-align-center\" data-align=\"center\"> 1 letto o 2 letti singoli<\/td><td class=\"has-text-align-center\" data-align=\"center\">190<\/td><\/tr><\/tbody><\/table><\/figure>\n\n\n\n<p><strong>*I prezzi possono variare in base alla disponibilit\u00e0 e alla stagione.<\/strong><\/p>\n\n\n\n<p><\/p>\n\n\n\n<h3 class=\"wp-block-heading\" id=\"h-posizione\">POSIZIONE<\/h3>\n\n\n\n<p>Situato in posizione strategica nel cuore di Miraflores, l&#8217;Hotel Ferr\u00e9 dista solo 500 metri dalla costa di Lima. La sua posizione permette di raggiungere facilmente a piedi la zona dello shopping pi\u00f9 prestigiosa del quartiere e l&#8217;iconico Parco Kennedy.<\/p>\n\n\n\n<p><\/p>\n\n\n\n<h3 class=\"wp-block-heading\" id=\"h-camere\">CAMERE<\/h3>\n\n\n\n<p id=\"h-roomsenjoy-modern-rooms-with-smart-tvs-air-conditioning-and-free-wi-fi-looking-for-total-relaxation-book-one-of-our-suites-with-a-whirlpool-tub\">L&#8217;hotel offre camere confortevoli dotate di tecnologie all&#8217;avanguardia, tra cui Smart TV, aria condizionata e minibar; alcune dispongono anche di jacuzzi privata. Gli ospiti possono iniziare la giornata con una ricca colazione gourmet nella sala da pranzo principale o rilassarsi nel bar privato. Per garantire un&#8217;esperienza impeccabile, l&#8217;hotel organizza trasferimenti esclusivi per l&#8217;Aeroporto Internazionale Jorge Ch\u00e1vez.<\/p>\n\n\n\n<p><strong>Ristorante<\/strong><\/p>\n\n\n\n<p>Gustate una deliziosa colazione a buffet ogni mattina nel nostro ristorante. Offriamo anche pranzo e cena su prenotazione, ideali per chi desidera assaporare la cucina locale senza uscire dall&#8217;hotel.<\/p>\n\n\n\n<div class=\"wp-block-columns is-layout-flex wp-container-core-columns-is-layout-9d6595d7 wp-block-columns-is-layout-flex\">\n<div class=\"wp-block-column is-layout-flow wp-block-column-is-layout-flow\"><\/div>\n\n\n\n<div class=\"wp-block-column is-layout-flow wp-block-column-is-layout-flow\"><\/div>\n\n\n\n<div class=\"wp-block-column is-layout-flow wp-block-column-is-layout-flow\"><\/div>\n<\/div>\n\n\n\n<p><\/p>\n","protected":false},"excerpt":{"rendered":"<p>Tipologia di Camera Descrizione Prezzo in dollari americani Camera Singola Standard 1 letto 87 Camera Doppia Standard 2 letti singoli [&hellip;]<\/p>\n","protected":false},"author":4,"featured_media":46908,"parent":39747,"menu_order":0,"comment_status":"closed","ping_status":"closed","template":"page-hotel.php","meta":{"_acf_changed":false,"advgb_blocks_editor_width":"","advgb_blocks_columns_visual_guide":"","footnotes":""},"class_list":["post-46912","page","type-page","status-publish","has-post-thumbnail","hentry"],"acf":[],"yoast_head":"<!-- This site is optimized with the Yoast SEO Premium plugin v25.4 (Yoast SEO v26.9) - https:\/\/yoast.com\/product\/yoast-seo-premium-wordpress\/ -->\n<title>Hotel Ferr\u00e9 Miraflores, Lima<\/title>\n<meta name=\"description\" content=\"Situato in posizione strategica nel cuore di Miraflores, l&#039;Hotel Ferr\u00e9 dista solo 500 metri dal lungomare di Lima, consentendo di raggiungere facilmente a piedi le zone pi\u00f9 prestigiose del quartiere.\" \/>\n<meta name=\"robots\" content=\"index, follow, max-snippet:-1, max-image-preview:large, max-video-preview:-1\" \/>\n<link rel=\"canonical\" href=\"https:\/\/www.ericadventures.com\/it\/hotel\/hotel-ferre-miraflores-lima\/\" \/>\n<meta property=\"og:locale\" content=\"it_IT\" \/>\n<meta property=\"og:type\" content=\"article\" \/>\n<meta property=\"og:title\" content=\"Hotel Ferr\u00e9 Miraflores, Lima\" \/>\n<meta property=\"og:description\" content=\"Situato in posizione strategica nel cuore di Miraflores, l&#039;Hotel Ferr\u00e9 dista solo 500 metri dal lungomare di Lima, consentendo di raggiungere facilmente a piedi le zone pi\u00f9 prestigiose del quartiere.\" \/>\n<meta property=\"og:url\" content=\"https:\/\/www.ericadventures.com\/it\/hotel\/hotel-ferre-miraflores-lima\/\" \/>\n<meta property=\"og:site_name\" content=\"Eric Adventures\" \/>\n<meta property=\"article:modified_time\" content=\"2026-04-14T18:15:35+00:00\" \/>\n<meta property=\"og:image\" content=\"https:\/\/www.ericadventures.com\/wp-content\/uploads\/Ferre-Miraflores-hotel-Lima-1.jpg\" \/>\n\t<meta property=\"og:image:width\" content=\"305\" \/>\n\t<meta property=\"og:image:height\" content=\"459\" \/>\n\t<meta property=\"og:image:type\" content=\"image\/jpeg\" \/>\n<meta name=\"twitter:card\" content=\"summary_large_image\" \/>\n<meta name=\"twitter:label1\" content=\"Tempo di lettura stimato\" \/>\n\t<meta name=\"twitter:data1\" content=\"1 minuto\" \/>\n<script type=\"application\/ld+json\" class=\"yoast-schema-graph\">{\"@context\":\"https:\/\/schema.org\",\"@graph\":[{\"@type\":\"WebPage\",\"@id\":\"https:\/\/www.ericadventures.com\/it\/hotel\/hotel-ferre-miraflores-lima\/\",\"url\":\"https:\/\/www.ericadventures.com\/it\/hotel\/hotel-ferre-miraflores-lima\/\",\"name\":\"Hotel Ferr\u00e9 Miraflores, Lima\",\"isPartOf\":{\"@id\":\"https:\/\/www.ericadventures.com\/en\/#website\"},\"primaryImageOfPage\":{\"@id\":\"https:\/\/www.ericadventures.com\/it\/hotel\/hotel-ferre-miraflores-lima\/#primaryimage\"},\"image\":{\"@id\":\"https:\/\/www.ericadventures.com\/it\/hotel\/hotel-ferre-miraflores-lima\/#primaryimage\"},\"thumbnailUrl\":\"https:\/\/www.ericadventures.com\/wp-content\/uploads\/Ferre-Miraflores-hotel-Lima-1.jpg\",\"datePublished\":\"2026-04-09T19:07:48+00:00\",\"dateModified\":\"2026-04-14T18:15:35+00:00\",\"description\":\"Situato in posizione strategica nel cuore di Miraflores, l'Hotel Ferr\u00e9 dista solo 500 metri dal lungomare di Lima, consentendo di raggiungere facilmente a piedi le zone pi\u00f9 prestigiose del quartiere.\",\"breadcrumb\":{\"@id\":\"https:\/\/www.ericadventures.com\/it\/hotel\/hotel-ferre-miraflores-lima\/#breadcrumb\"},\"inLanguage\":\"it-IT\",\"potentialAction\":[{\"@type\":\"ReadAction\",\"target\":[\"https:\/\/www.ericadventures.com\/it\/hotel\/hotel-ferre-miraflores-lima\/\"]}]},{\"@type\":\"ImageObject\",\"inLanguage\":\"it-IT\",\"@id\":\"https:\/\/www.ericadventures.com\/it\/hotel\/hotel-ferre-miraflores-lima\/#primaryimage\",\"url\":\"https:\/\/www.ericadventures.com\/wp-content\/uploads\/Ferre-Miraflores-hotel-Lima-1.jpg\",\"contentUrl\":\"https:\/\/www.ericadventures.com\/wp-content\/uploads\/Ferre-Miraflores-hotel-Lima-1.jpg\",\"width\":305,\"height\":459},{\"@type\":\"BreadcrumbList\",\"@id\":\"https:\/\/www.ericadventures.com\/it\/hotel\/hotel-ferre-miraflores-lima\/#breadcrumb\",\"itemListElement\":[{\"@type\":\"ListItem\",\"position\":1,\"name\":\"Home\",\"item\":\"https:\/\/www.ericadventures.com\/it\/\"},{\"@type\":\"ListItem\",\"position\":2,\"name\":\"Hotels\",\"item\":\"https:\/\/www.ericadventures.com\/it\/hotel\/\"},{\"@type\":\"ListItem\",\"position\":3,\"name\":\"Hotel Ferr\u00e9 Miraflores, Lima\"}]},{\"@type\":\"WebSite\",\"@id\":\"https:\/\/www.ericadventures.com\/en\/#website\",\"url\":\"https:\/\/www.ericadventures.com\/en\/\",\"name\":\"Eric Adventures\",\"description\":\"\",\"publisher\":{\"@id\":\"https:\/\/www.ericadventures.com\/en\/#organization\"},\"alternateName\":\"Eric Adventures\",\"potentialAction\":[{\"@type\":\"SearchAction\",\"target\":{\"@type\":\"EntryPoint\",\"urlTemplate\":\"https:\/\/www.ericadventures.com\/en\/?s={search_term_string}\"},\"query-input\":{\"@type\":\"PropertyValueSpecification\",\"valueRequired\":true,\"valueName\":\"search_term_string\"}}],\"inLanguage\":\"it-IT\"},{\"@type\":\"Organization\",\"@id\":\"https:\/\/www.ericadventures.com\/en\/#organization\",\"name\":\"Eric Adventures\",\"url\":\"https:\/\/www.ericadventures.com\/en\/\",\"logo\":{\"@type\":\"ImageObject\",\"inLanguage\":\"it-IT\",\"@id\":\"https:\/\/www.ericadventures.com\/en\/#\/schema\/logo\/image\/\",\"url\":\"https:\/\/www.ericadventures.com\/wp-content\/uploads\/logo-ericadventures.png\",\"contentUrl\":\"https:\/\/www.ericadventures.com\/wp-content\/uploads\/logo-ericadventures.png\",\"width\":500,\"height\":106,\"caption\":\"Eric Adventures\"},\"image\":{\"@id\":\"https:\/\/www.ericadventures.com\/en\/#\/schema\/logo\/image\/\"}}]}<\/script>\n<!-- \/ Yoast SEO Premium plugin. -->","yoast_head_json":{"title":"Hotel Ferr\u00e9 Miraflores, Lima","description":"Situato in posizione strategica nel cuore di Miraflores, l'Hotel Ferr\u00e9 dista solo 500 metri dal lungomare di Lima, consentendo di raggiungere facilmente a piedi le zone pi\u00f9 prestigiose del quartiere.","robots":{"index":"index","follow":"follow","max-snippet":"max-snippet:-1","max-image-preview":"max-image-preview:large","max-video-preview":"max-video-preview:-1"},"canonical":"https:\/\/www.ericadventures.com\/it\/hotel\/hotel-ferre-miraflores-lima\/","og_locale":"it_IT","og_type":"article","og_title":"Hotel Ferr\u00e9 Miraflores, Lima","og_description":"Situato in posizione strategica nel cuore di Miraflores, l'Hotel Ferr\u00e9 dista solo 500 metri dal lungomare di Lima, consentendo di raggiungere facilmente a piedi le zone pi\u00f9 prestigiose del quartiere.","og_url":"https:\/\/www.ericadventures.com\/it\/hotel\/hotel-ferre-miraflores-lima\/","og_site_name":"Eric Adventures","article_modified_time":"2026-04-14T18:15:35+00:00","og_image":[{"width":305,"height":459,"url":"https:\/\/www.ericadventures.com\/wp-content\/uploads\/Ferre-Miraflores-hotel-Lima-1.jpg","type":"image\/jpeg"}],"twitter_card":"summary_large_image","twitter_misc":{"Tempo di lettura stimato":"1 minuto"},"schema":{"@context":"https:\/\/schema.org","@graph":[{"@type":"WebPage","@id":"https:\/\/www.ericadventures.com\/it\/hotel\/hotel-ferre-miraflores-lima\/","url":"https:\/\/www.ericadventures.com\/it\/hotel\/hotel-ferre-miraflores-lima\/","name":"Hotel Ferr\u00e9 Miraflores, Lima","isPartOf":{"@id":"https:\/\/www.ericadventures.com\/en\/#website"},"primaryImageOfPage":{"@id":"https:\/\/www.ericadventures.com\/it\/hotel\/hotel-ferre-miraflores-lima\/#primaryimage"},"image":{"@id":"https:\/\/www.ericadventures.com\/it\/hotel\/hotel-ferre-miraflores-lima\/#primaryimage"},"thumbnailUrl":"https:\/\/www.ericadventures.com\/wp-content\/uploads\/Ferre-Miraflores-hotel-Lima-1.jpg","datePublished":"2026-04-09T19:07:48+00:00","dateModified":"2026-04-14T18:15:35+00:00","description":"Situato in posizione strategica nel cuore di Miraflores, l'Hotel Ferr\u00e9 dista solo 500 metri dal lungomare di Lima, consentendo di raggiungere facilmente a piedi le zone pi\u00f9 prestigiose del quartiere.","breadcrumb":{"@id":"https:\/\/www.ericadventures.com\/it\/hotel\/hotel-ferre-miraflores-lima\/#breadcrumb"},"inLanguage":"it-IT","potentialAction":[{"@type":"ReadAction","target":["https:\/\/www.ericadventures.com\/it\/hotel\/hotel-ferre-miraflores-lima\/"]}]},{"@type":"ImageObject","inLanguage":"it-IT","@id":"https:\/\/www.ericadventures.com\/it\/hotel\/hotel-ferre-miraflores-lima\/#primaryimage","url":"https:\/\/www.ericadventures.com\/wp-content\/uploads\/Ferre-Miraflores-hotel-Lima-1.jpg","contentUrl":"https:\/\/www.ericadventures.com\/wp-content\/uploads\/Ferre-Miraflores-hotel-Lima-1.jpg","width":305,"height":459},{"@type":"BreadcrumbList","@id":"https:\/\/www.ericadventures.com\/it\/hotel\/hotel-ferre-miraflores-lima\/#breadcrumb","itemListElement":[{"@type":"ListItem","position":1,"name":"Home","item":"https:\/\/www.ericadventures.com\/it\/"},{"@type":"ListItem","position":2,"name":"Hotels","item":"https:\/\/www.ericadventures.com\/it\/hotel\/"},{"@type":"ListItem","position":3,"name":"Hotel Ferr\u00e9 Miraflores, Lima"}]},{"@type":"WebSite","@id":"https:\/\/www.ericadventures.com\/en\/#website","url":"https:\/\/www.ericadventures.com\/en\/","name":"Eric Adventures","description":"","publisher":{"@id":"https:\/\/www.ericadventures.com\/en\/#organization"},"alternateName":"Eric Adventures","potentialAction":[{"@type":"SearchAction","target":{"@type":"EntryPoint","urlTemplate":"https:\/\/www.ericadventures.com\/en\/?s={search_term_string}"},"query-input":{"@type":"PropertyValueSpecification","valueRequired":true,"valueName":"search_term_string"}}],"inLanguage":"it-IT"},{"@type":"Organization","@id":"https:\/\/www.ericadventures.com\/en\/#organization","name":"Eric Adventures","url":"https:\/\/www.ericadventures.com\/en\/","logo":{"@type":"ImageObject","inLanguage":"it-IT","@id":"https:\/\/www.ericadventures.com\/en\/#\/schema\/logo\/image\/","url":"https:\/\/www.ericadventures.com\/wp-content\/uploads\/logo-ericadventures.png","contentUrl":"https:\/\/www.ericadventures.com\/wp-content\/uploads\/logo-ericadventures.png","width":500,"height":106,"caption":"Eric Adventures"},"image":{"@id":"https:\/\/www.ericadventures.com\/en\/#\/schema\/logo\/image\/"}}]}},"coauthors":[],"author_meta":{"author_link":"https:\/\/www.ericadventures.com\/it\/author\/marilyn\/","display_name":"Marilyn Ayma Gomez"},"relative_dates":{"created":"Pubblicato 1 settimana fa","modified":"Aggiornato 3 giorni fa"},"absolute_dates":{"created":"Pubblicato il Aprile 9, 2026","modified":"Aggiornato il Aprile 14, 2026"},"absolute_dates_time":{"created":"Pubblicato il Aprile 9, 2026 2:07 pm","modified":"Aggiornato il Aprile 14, 2026 1:15 pm"},"featured_img_caption":"","featured_img":"https:\/\/www.ericadventures.com\/wp-content\/uploads\/Ferre-Miraflores-hotel-Lima-1.jpg","series_order":"","_links":{"self":[{"href":"https:\/\/www.ericadventures.com\/it\/wp-json\/wp\/v2\/pages\/46912","targetHints":{"allow":["GET"]}}],"collection":[{"href":"https:\/\/www.ericadventures.com\/it\/wp-json\/wp\/v2\/pages"}],"about":[{"href":"https:\/\/www.ericadventures.com\/it\/wp-json\/wp\/v2\/types\/page"}],"author":[{"embeddable":true,"href":"https:\/\/www.ericadventures.com\/it\/wp-json\/wp\/v2\/users\/4"}],"replies":[{"embeddable":true,"href":"https:\/\/www.ericadventures.com\/it\/wp-json\/wp\/v2\/comments?post=46912"}],"version-history":[{"count":4,"href":"https:\/\/www.ericadventures.com\/it\/wp-json\/wp\/v2\/pages\/46912\/revisions"}],"predecessor-version":[{"id":47060,"href":"https:\/\/www.ericadventures.com\/it\/wp-json\/wp\/v2\/pages\/46912\/revisions\/47060"}],"up":[{"embeddable":true,"href":"https:\/\/www.ericadventures.com\/it\/wp-json\/wp\/v2\/pages\/39747"}],"wp:featuredmedia":[{"embeddable":true,"href":"https:\/\/www.ericadventures.com\/it\/wp-json\/wp\/v2\/media\/46908"}],"wp:attachment":[{"href":"https:\/\/www.ericadventures.com\/it\/wp-json\/wp\/v2\/media?parent=46912"}],"curies":[{"name":"wp","href":"https:\/\/api.w.org\/{rel}","templated":true}]}}