{"id":5717,"date":"2023-12-06T16:08:01","date_gmt":"2023-12-06T21:08:01","guid":{"rendered":"https:\/\/www.ericadventures.com\/puno\/puno-sillustani-half-day\/"},"modified":"2025-10-30T11:25:44","modified_gmt":"2025-10-30T16:25:44","slug":"sillustani-mezzo-giorno","status":"publish","type":"page","link":"https:\/\/www.ericadventures.com\/it\/puno\/sillustani-mezzo-giorno\/","title":{"rendered":"Cemit\u00e9rio Inca, Sillustani"},"content":{"rendered":"<div class=\"wp-block-image\">\n<figure class=\"alignleft size-full is-resized\"><img loading=\"lazy\" decoding=\"async\" width=\"581\" height=\"507\" src=\"https:\/\/www.ericadventures.com\/wp-content\/uploads\/Sillustani-4-1.jpg\" alt=\"\" class=\"wp-image-5700\" style=\"aspect-ratio:1.7777777777777777;object-fit:cover;width:416px;height:auto\" srcset=\"https:\/\/www.ericadventures.com\/wp-content\/uploads\/Sillustani-4-1.jpg 581w, https:\/\/www.ericadventures.com\/wp-content\/uploads\/Sillustani-4-1-300x262.jpg 300w\" sizes=\"auto, (max-width: 581px) 100vw, 581px\" \/><\/figure>\n<\/div>\n\n\n<h3 class=\"wp-block-heading\" id=\"h-sillustani-mezza-giornata-tour\">SILLUSTANI, MEZZA GIORNATA TOUR<\/h3>\n\n\n\n<p>Esplora le antiche tombe della cultura Colla che in seguito appartenevano all&#8217;impero Inca. Situato a circa 30 km da Puno, il Complesso archeologico di Sillustani, dichiarato Patrimonio Culturale della Nazione, ha imponenti torri in pietra alte circa 12 metri chiamate &#8220;Chullpas&#8221; dove hanno collocato i corpi mummificati dei capi e dei sacerdoti Inca.<\/p>\n\n\n\n<p><\/p>\n\n\n\n<h2 class=\"wp-block-heading\" id=\"h-itinerario\"><strong>ITINERARIO<\/strong><\/h2>\n\n\n\n<p><br>A circa 2:00 pm, cercheremo i nostri passeggeri nei loro rispettivi hotel a Puno, per iniziare il viaggio di circa 1 ora e 30 minuti per il Complesso Archeologico di Sillustani. Faremo la nostra visita guidata circondata da un paesaggio spettacolare e alle 4:30 circa, torneremo a Puno, arrivando in citt\u00e0 verso le 18:00.<\/p>\n\n\n\n<figure class=\"wp-block-embed is-type-video is-provider-youtube wp-block-embed-youtube wp-embed-aspect-16-9 wp-has-aspect-ratio\"><div class=\"wp-block-embed__wrapper\">\n<iframe loading=\"lazy\" title=\"Puno Sillustani\" width=\"640\" height=\"360\" src=\"https:\/\/www.youtube.com\/embed\/boPBWWA4pE4?start=1&#038;feature=oembed\" frameborder=\"0\" allow=\"accelerometer; autoplay; clipboard-write; encrypted-media; gyroscope; picture-in-picture; web-share\" referrerpolicy=\"strict-origin-when-cross-origin\" allowfullscreen><\/iframe>\n<\/div><\/figure>\n\n\n\n<h2 class=\"wp-block-heading\" id=\"h-incluso\">INCLUSO<\/h2>\n\n\n\n<ul class=\"wp-block-list\">\n<li>&nbsp;Trasporto Puno &#8211; Sillustani- Puno<\/li>\n\n\n\n<li>Guida professionale inglese \/ spagnolo<\/li>\n\n\n\n<li>Reddito al centro archeologico<\/li>\n<\/ul>\n\n\n\n<h3 class=\"wp-block-heading\" id=\"h-si-raccomanda-di-portare\"><strong>SI RACCOMANDA DI PORTARE<\/strong><\/h3>\n\n\n\n<ul class=\"wp-block-list\">\n<li>&nbsp;Cappello<\/li>\n\n\n\n<li>Protezione solare<\/li>\n\n\n\n<li>Acqua<\/li>\n\n\n\n<li>Spuntini (dolci, frutta, cioccolato, ecc.)<\/li>\n\n\n\n<li>Macchina fotografica<\/li>\n<\/ul>\n\n\n\n<h3 class=\"wp-block-heading\" id=\"h-note\">NOTE:<\/h3>\n\n\n\n<ul class=\"wp-block-list\">\n<li>Nei nostri servizi condivisi, prenderemo i nostri clienti dal loro hotel quando e dove si trovano nel centro della citt\u00e0.<\/li>\n\n\n\n<li>Nei nostri servizi condivisi, alla fine del tour, lasciamo i nostri clienti in un posto vicino alla piazza principale, \u00e8 pi\u00f9 facile tornare in albergo camminando che salire sul bus, poich\u00e9 il traffico \u00e8 terribile. Se il tuo hotel \u00e8 lontano dal centro citt\u00e0, prendi del denaro extra per prendere un taxi.<\/li>\n\n\n\n<li>I tempi di ritiro e di arrivo sono di riferimento, questo dipende dal traffico che pu\u00f2 essere trovato nelle strade o dal ritardo degli altri clienti, il nostro assistente arriver\u00e0 in orario al tuo hotel, ma a volte il trasporto potrebbe essere ritardato di alcuni minuti.<\/li>\n<\/ul>\n\n\n\n<h2 class=\"wp-block-heading\" id=\"h-prezzi-a-persona-in-dollari-statunitensi\">PREZZI (A PERSONA IN DOLLARI STATUNITENSI)<\/h2>\n\n\n\n<p><strong>SERVIZIO PRIVATO<\/strong><\/p>\n\n\n\n<ul class=\"wp-block-list\">\n<li>Prezzo a persona: US$ 65 (minimo 2 persone)<\/li>\n<\/ul>\n\n\n\n<p>*Prezzi di riferimento soggetti a disponibilit\u00e0 e stagione.<\/p>\n\n\n\n<h2 class=\"wp-block-heading\" id=\"h-mappe\"> MAPPE<\/h2>\n\n\n\n<figure class=\"wp-block-gallery has-nested-images columns-default wp-block-gallery-1 is-layout-flex wp-block-gallery-is-layout-flex\">\n<figure class=\"wp-block-image size-thumbnail is-style-default\"><a href=\"https:\/\/www.ericadventures.com\/wp-content\/uploads\/mapa-sillustani.jpg\"><img loading=\"lazy\" decoding=\"async\" width=\"150\" height=\"150\" data-id=\"5728\" src=\"https:\/\/www.ericadventures.com\/wp-content\/uploads\/mapa-sillustani-150x150.jpg\" alt=\"\" class=\"wp-image-5728\"\/><\/a><\/figure>\n<\/figure>\n\n\n\n<h2 class=\"wp-block-heading\" id=\"h-fotos\">FOTOS<\/h2>\n\n\n\n<figure class=\"wp-block-gallery has-nested-images columns-6 is-cropped wp-block-gallery-2 is-layout-flex wp-block-gallery-is-layout-flex\">\n<figure class=\"wp-block-image size-large\"><a href=\"https:\/\/www.ericadventures.com\/wp-content\/uploads\/sillustani6-1-5.jpg\"><img loading=\"lazy\" decoding=\"async\" width=\"600\" height=\"369\" data-id=\"21676\" src=\"https:\/\/www.ericadventures.com\/wp-content\/uploads\/sillustani6-1-5.jpg\" alt=\"\" class=\"wp-image-21676\" srcset=\"https:\/\/www.ericadventures.com\/wp-content\/uploads\/sillustani6-1-5.jpg 600w, https:\/\/www.ericadventures.com\/wp-content\/uploads\/sillustani6-1-5-300x185.jpg 300w\" sizes=\"auto, (max-width: 600px) 100vw, 600px\" \/><\/a><\/figure>\n\n\n\n<figure class=\"wp-block-image size-large\"><a href=\"https:\/\/www.ericadventures.com\/wp-content\/uploads\/sillustani-a-1-5.jpg\"><img loading=\"lazy\" decoding=\"async\" width=\"327\" height=\"498\" data-id=\"21680\" src=\"https:\/\/www.ericadventures.com\/wp-content\/uploads\/sillustani-a-1-5.jpg\" alt=\"\" class=\"wp-image-21680\" srcset=\"https:\/\/www.ericadventures.com\/wp-content\/uploads\/sillustani-a-1-5.jpg 327w, https:\/\/www.ericadventures.com\/wp-content\/uploads\/sillustani-a-1-5-197x300.jpg 197w\" sizes=\"auto, (max-width: 327px) 100vw, 327px\" \/><\/a><\/figure>\n\n\n\n<figure class=\"wp-block-image size-large\"><a href=\"https:\/\/www.ericadventures.com\/wp-content\/uploads\/sillustani-5-1-5.jpg\"><img loading=\"lazy\" decoding=\"async\" width=\"600\" height=\"800\" data-id=\"21684\" src=\"https:\/\/www.ericadventures.com\/wp-content\/uploads\/sillustani-5-1-5.jpg\" alt=\"\" class=\"wp-image-21684\" srcset=\"https:\/\/www.ericadventures.com\/wp-content\/uploads\/sillustani-5-1-5.jpg 600w, https:\/\/www.ericadventures.com\/wp-content\/uploads\/sillustani-5-1-5-225x300.jpg 225w\" sizes=\"auto, (max-width: 600px) 100vw, 600px\" \/><\/a><\/figure>\n\n\n\n<figure class=\"wp-block-image size-large\"><a href=\"https:\/\/www.ericadventures.com\/wp-content\/uploads\/Sillustani-4-1-5.jpg\"><img loading=\"lazy\" decoding=\"async\" width=\"581\" height=\"507\" data-id=\"21686\" src=\"https:\/\/www.ericadventures.com\/wp-content\/uploads\/Sillustani-4-1-5.jpg\" alt=\"\" class=\"wp-image-21686\" srcset=\"https:\/\/www.ericadventures.com\/wp-content\/uploads\/Sillustani-4-1-5.jpg 581w, https:\/\/www.ericadventures.com\/wp-content\/uploads\/Sillustani-4-1-5-300x262.jpg 300w\" sizes=\"auto, (max-width: 581px) 100vw, 581px\" \/><\/a><\/figure>\n\n\n\n<figure class=\"wp-block-image size-large\"><a href=\"https:\/\/www.ericadventures.com\/wp-content\/uploads\/Sillustani-3-1-5.jpg\"><img loading=\"lazy\" decoding=\"async\" width=\"600\" height=\"350\" data-id=\"21697\" src=\"https:\/\/www.ericadventures.com\/wp-content\/uploads\/Sillustani-3-1-5.jpg\" alt=\"\" class=\"wp-image-21697\" srcset=\"https:\/\/www.ericadventures.com\/wp-content\/uploads\/Sillustani-3-1-5.jpg 600w, https:\/\/www.ericadventures.com\/wp-content\/uploads\/Sillustani-3-1-5-300x175.jpg 300w\" sizes=\"auto, (max-width: 600px) 100vw, 600px\" \/><\/a><\/figure>\n\n\n\n<figure class=\"wp-block-image size-full\"><img loading=\"lazy\" decoding=\"async\" width=\"600\" height=\"389\" data-id=\"21696\" src=\"https:\/\/www.ericadventures.com\/wp-content\/uploads\/sillustani-2-1-5.jpg\" alt=\"\" class=\"wp-image-21696\" srcset=\"https:\/\/www.ericadventures.com\/wp-content\/uploads\/sillustani-2-1-5.jpg 600w, https:\/\/www.ericadventures.com\/wp-content\/uploads\/sillustani-2-1-5-300x195.jpg 300w\" sizes=\"auto, (max-width: 600px) 100vw, 600px\" \/><\/figure>\n<\/figure>\n\n\n\n<h2 class=\"wp-block-heading\" id=\"h-modulo-di-contatto\"><strong>MODULO DI CONTATTO<\/strong><\/h2>\n\n\n\n<div class=\"wp-block-contact-form-7-contact-form-selector\">\n<div class=\"wpcf7 no-js\" id=\"wpcf7-f6170-o1\" lang=\"es-ES\" dir=\"ltr\" data-wpcf7-id=\"6170\">\n<div class=\"screen-reader-response\"><p role=\"status\" aria-live=\"polite\" aria-atomic=\"true\"><\/p> <ul><\/ul><\/div>\n<form action=\"\/it\/wp-json\/wp\/v2\/pages\/5717#wpcf7-f6170-o1\" method=\"post\" class=\"wpcf7-form init\" aria-label=\"Formulario de contacto\" novalidate=\"novalidate\" data-status=\"init\">\n<fieldset class=\"hidden-fields-container\"><input type=\"hidden\" name=\"_wpcf7\" value=\"6170\" \/><input type=\"hidden\" name=\"_wpcf7_version\" value=\"6.1.5\" \/><input type=\"hidden\" name=\"_wpcf7_locale\" value=\"es_ES\" \/><input type=\"hidden\" name=\"_wpcf7_unit_tag\" value=\"wpcf7-f6170-o1\" \/><input type=\"hidden\" name=\"_wpcf7_container_post\" value=\"0\" \/><input type=\"hidden\" name=\"_wpcf7_posted_data_hash\" value=\"\" \/>\n<\/fieldset>\n<div class=\"wpcf7-turnstile cf-turnstile\" data-sitekey=\"0x4AAAAAACZ2CLxkDaDac8NW\" data-response-field-name=\"_wpcf7_turnstile_response\"><\/div>\n\n<div class=\"formt\">\n    <span class=\"textform\">Per prenotazioni o maggiori informazioni compila il seguente modulo cliente\/ospite: <\/span>\n    <input class=\"wpcf7-form-control wpcf7-hidden\" value=\"https:\/\/www.ericadventures.com\/it\/wp-json\/wp\/v2\/pages\/5717\" type=\"hidden\" name=\"Url_Tour\" \/>\n    <input class=\"wpcf7-form-control wpcf7-hidden\" value=\"it\" type=\"hidden\" name=\"Idioma\" \/>\n    <input class=\"wpcf7-form-control wpcf7-hidden\" value=\"02\/05\/2026 10:33:37\" type=\"hidden\" name=\"Fecha_Hora\" \/>\n    <input class=\"wpcf7-form-control wpcf7-hidden\" value=\"216.73.216.166\" type=\"hidden\" name=\"Ip\" \/>\n    <input class=\"wpcf7-form-control wpcf7-hidden\" value=\"Cemit\u00e9rio Inca, Sillustani\" type=\"hidden\" name=\"Nombre_Tour\" \/>\n    <input class=\"wpcf7-form-control wpcf7-hidden\" value=\"1\" type=\"hidden\" name=\"enviar_excel\" \/>\n\n    <div class=\"g2\">\n        <div>\n            <label>Nome: <\/label>\n            <span class=\"wpcf7-form-control-wrap\" data-name=\"Nombre\"><input size=\"40\" maxlength=\"400\" class=\"wpcf7-form-control wpcf7-text wpcf7-validates-as-required\" aria-required=\"true\" aria-invalid=\"false\" value=\"\" type=\"text\" name=\"Nombre\" \/><\/span>\n        <\/div>\n        <div>\n            <label>E-mail: <\/label>\n            <span class=\"wpcf7-form-control-wrap\" data-name=\"Emails\"><input size=\"40\" maxlength=\"400\" class=\"wpcf7-form-control wpcf7-email wpcf7-validates-as-required wpcf7-text wpcf7-validates-as-email\" aria-required=\"true\" aria-invalid=\"false\" value=\"\" type=\"email\" name=\"Emails\" \/><\/span>\n        <\/div>\n    <\/div>\n    \n    <div class=\"g2\">\n        <div>\n            <label>Paese: <\/label>\n            <span class=\"wpcf7-form-control-wrap\" data-name=\"Pais\"><input size=\"40\" maxlength=\"400\" class=\"wpcf7-form-control wpcf7-text\" aria-invalid=\"false\" value=\"\" type=\"text\" name=\"Pais\" \/><\/span>\n        <\/div>\n        <div>\n            <label>Telefono - Whatsapp: <\/label>\n            <span class=\"wpcf7-form-control-wrap\" data-name=\"Whatsapp\"><input size=\"40\" class=\"wpcf7-form-control wpcf7-phonetext wpcf7-text wpcf7-validates-as-phonetext\" aria-invalid=\"false\" value=\"\" type=\"text\" name=\"Whatsapp\" \/><input type=\"hidden\" name=\"Whatsapp-country-code\" class=\"wpcf7-phonetext-country-code\" \/><\/span>\n        <\/div>\n    <\/div>\n    \n    <div class=\"g2\">\n        <div>\n            <label>Numero di adulti: <\/label>\n            <span class=\"wpcf7-form-control-wrap\" data-name=\"Adultos\"><select class=\"wpcf7-form-control wpcf7-select wpcf7-validates-as-required\" aria-required=\"true\" aria-invalid=\"false\" name=\"Adultos\"><option value=\"1\">1<\/option><option value=\"2\">2<\/option><option value=\"3\">3<\/option><option value=\"4\">4<\/option><option value=\"5\">5<\/option><option value=\"6\">6<\/option><option value=\"7\">7<\/option><option value=\"8\">8<\/option><option value=\"9\">9<\/option><option value=\"10\">10<\/option><option value=\"11\">11<\/option><option value=\"12 o pi\u00f9\">12 o pi\u00f9<\/option><\/select><\/span>\n        <\/div>\n        <div>\n            <label>Numero di bambini: <\/label>\n            <span class=\"wpcf7-form-control-wrap\" data-name=\"Ninos\"><select class=\"wpcf7-form-control wpcf7-select wpcf7-validates-as-required\" aria-required=\"true\" aria-invalid=\"false\" name=\"Ninos\"><option value=\"0\">0<\/option><option value=\"1\">1<\/option><option value=\"2\">2<\/option><option value=\"3\">3<\/option><option value=\"4\">4<\/option><option value=\"5\">5<\/option><option value=\"6\">6<\/option><option value=\"7\">7<\/option><option value=\"8\">8<\/option><option value=\"9\">9<\/option><option value=\"10\">10<\/option><option value=\"11\">11<\/option><option value=\"12 o pi\u00f9\">12 o pi\u00f9<\/option><\/select><\/span>\n        <\/div>\n    <\/div>\n    \n    <div class=\"g2\">\n        <div>\n            <label>Data di inizio del tour: <\/label>\n            <span class=\"wpcf7-form-control-wrap\" data-name=\"Inicio\"><input class=\"wpcf7-form-control wpcf7-date wpcf7-validates-as-required wpcf7-validates-as-date\" id=\"inicio\" min=\"2026-05-02\" aria-required=\"true\" aria-invalid=\"false\" value=\"\" type=\"date\" name=\"Inicio\" \/><\/span>\n        <\/div>\n        <div>\n            <label>Data di fine del tour: <\/label>\n            <span class=\"wpcf7-form-control-wrap\" data-name=\"Final\"><input class=\"wpcf7-form-control wpcf7-date wpcf7-validates-as-required wpcf7-validates-as-date\" id=\"final\" min=\"2026-05-02\" aria-required=\"true\" aria-invalid=\"false\" value=\"\" type=\"date\" name=\"Final\" \/><\/span>\n        <\/div>\n    <\/div>\n    \n    <div>\n        <label>Commenti o domande: <\/label>\n        <span class=\"wpcf7-form-control-wrap\" data-name=\"Mensaje\"><textarea cols=\"40\" rows=\"10\" maxlength=\"2000\" class=\"wpcf7-form-control wpcf7-textarea wpcf7-validates-as-required\" aria-required=\"true\" aria-invalid=\"false\" placeholder=\"Si prega di specificare il tipo di SERVIZIO\/TOUR che si desidera effettuare\" name=\"Mensaje\"><\/textarea><\/span>\n    <\/div>\n    \n    <input class=\"wpcf7-form-control wpcf7-submit has-spinner btnsend\" type=\"submit\" value=\"INVIA MESSAGGIO\" \/>\n<\/div><div class=\"wpcf7-response-output\" aria-hidden=\"true\"><\/div>\n<\/form>\n<\/div>\n<\/div>\n","protected":false},"excerpt":{"rendered":"<p>SILLUSTANI, MEZZA GIORNATA TOUR Esplora le antiche tombe della cultura Colla che in seguito appartenevano all&#8217;impero Inca. Situato a circa [&hellip;]<\/p>\n","protected":false},"author":4,"featured_media":23421,"parent":258,"menu_order":0,"comment_status":"closed","ping_status":"closed","template":"page-tour.php","meta":{"_acf_changed":false,"advgb_blocks_editor_width":"","advgb_blocks_columns_visual_guide":"","footnotes":""},"class_list":["post-5717","page","type-page","status-publish","has-post-thumbnail","hentry"],"acf":[],"yoast_head":"<!-- This site is optimized with the Yoast SEO Premium plugin v25.4 (Yoast SEO v26.9) - https:\/\/yoast.com\/product\/yoast-seo-premium-wordpress\/ -->\n<title>Cemit\u00e9rio Inca, Sillustani<\/title>\n<meta name=\"description\" content=\"Esplora le tombe Colla e Inca a Sillustani, a 30 km da Puno. I loro &quot;Chullpas&quot; di 12 metri venivano usati per mummificare capi e sacerdoti.\" \/>\n<meta name=\"robots\" content=\"index, follow, max-snippet:-1, max-image-preview:large, max-video-preview:-1\" \/>\n<link rel=\"canonical\" href=\"https:\/\/www.ericadventures.com\/it\/puno\/sillustani-mezzo-giorno\/\" \/>\n<meta property=\"og:locale\" content=\"it_IT\" \/>\n<meta property=\"og:type\" content=\"article\" \/>\n<meta property=\"og:title\" content=\"Cemit\u00e9rio Inca, Sillustani\" \/>\n<meta property=\"og:description\" content=\"Esplora le tombe Colla e Inca a Sillustani, a 30 km da Puno. I loro &quot;Chullpas&quot; di 12 metri venivano usati per mummificare capi e sacerdoti.\" \/>\n<meta property=\"og:url\" content=\"https:\/\/www.ericadventures.com\/it\/puno\/sillustani-mezzo-giorno\/\" \/>\n<meta property=\"og:site_name\" content=\"Eric Adventures\" \/>\n<meta property=\"article:modified_time\" content=\"2025-10-30T16:25:44+00:00\" \/>\n<meta property=\"og:image\" content=\"https:\/\/www.ericadventures.com\/wp-content\/uploads\/sillustani-2-400x310-1.jpg\" \/>\n\t<meta property=\"og:image:width\" content=\"400\" \/>\n\t<meta property=\"og:image:height\" content=\"310\" \/>\n\t<meta property=\"og:image:type\" content=\"image\/jpeg\" \/>\n<meta name=\"twitter:card\" content=\"summary_large_image\" \/>\n<meta name=\"twitter:label1\" content=\"Tempo di lettura stimato\" \/>\n\t<meta name=\"twitter:data1\" content=\"4 minuti\" \/>\n<script type=\"application\/ld+json\" class=\"yoast-schema-graph\">{\"@context\":\"https:\/\/schema.org\",\"@graph\":[{\"@type\":\"WebPage\",\"@id\":\"https:\/\/www.ericadventures.com\/it\/puno\/sillustani-mezzo-giorno\/\",\"url\":\"https:\/\/www.ericadventures.com\/it\/puno\/sillustani-mezzo-giorno\/\",\"name\":\"Cemit\u00e9rio Inca, Sillustani\",\"isPartOf\":{\"@id\":\"https:\/\/www.ericadventures.com\/en\/#website\"},\"primaryImageOfPage\":{\"@id\":\"https:\/\/www.ericadventures.com\/it\/puno\/sillustani-mezzo-giorno\/#primaryimage\"},\"image\":{\"@id\":\"https:\/\/www.ericadventures.com\/it\/puno\/sillustani-mezzo-giorno\/#primaryimage\"},\"thumbnailUrl\":\"https:\/\/www.ericadventures.com\/wp-content\/uploads\/sillustani-2-400x310-1.jpg\",\"datePublished\":\"2023-12-06T21:08:01+00:00\",\"dateModified\":\"2025-10-30T16:25:44+00:00\",\"description\":\"Esplora le tombe Colla e Inca a Sillustani, a 30 km da Puno. I loro \\\"Chullpas\\\" di 12 metri venivano usati per mummificare capi e sacerdoti.\",\"breadcrumb\":{\"@id\":\"https:\/\/www.ericadventures.com\/it\/puno\/sillustani-mezzo-giorno\/#breadcrumb\"},\"inLanguage\":\"it-IT\",\"potentialAction\":[{\"@type\":\"ReadAction\",\"target\":[\"https:\/\/www.ericadventures.com\/it\/puno\/sillustani-mezzo-giorno\/\"]}]},{\"@type\":\"ImageObject\",\"inLanguage\":\"it-IT\",\"@id\":\"https:\/\/www.ericadventures.com\/it\/puno\/sillustani-mezzo-giorno\/#primaryimage\",\"url\":\"https:\/\/www.ericadventures.com\/wp-content\/uploads\/sillustani-2-400x310-1.jpg\",\"contentUrl\":\"https:\/\/www.ericadventures.com\/wp-content\/uploads\/sillustani-2-400x310-1.jpg\",\"width\":400,\"height\":310,\"caption\":\"Cementerio Inca, Sillustani\"},{\"@type\":\"BreadcrumbList\",\"@id\":\"https:\/\/www.ericadventures.com\/it\/puno\/sillustani-mezzo-giorno\/#breadcrumb\",\"itemListElement\":[{\"@type\":\"ListItem\",\"position\":1,\"name\":\"Home\",\"item\":\"https:\/\/www.ericadventures.com\/it\/\"},{\"@type\":\"ListItem\",\"position\":2,\"name\":\"Tours in Puno\",\"item\":\"https:\/\/www.ericadventures.com\/en\/puno\/\"},{\"@type\":\"ListItem\",\"position\":3,\"name\":\"Cemit\u00e9rio Inca, Sillustani\"}]},{\"@type\":\"WebSite\",\"@id\":\"https:\/\/www.ericadventures.com\/en\/#website\",\"url\":\"https:\/\/www.ericadventures.com\/en\/\",\"name\":\"Eric Adventures\",\"description\":\"\",\"publisher\":{\"@id\":\"https:\/\/www.ericadventures.com\/en\/#organization\"},\"alternateName\":\"Eric Adventures\",\"potentialAction\":[{\"@type\":\"SearchAction\",\"target\":{\"@type\":\"EntryPoint\",\"urlTemplate\":\"https:\/\/www.ericadventures.com\/en\/?s={search_term_string}\"},\"query-input\":{\"@type\":\"PropertyValueSpecification\",\"valueRequired\":true,\"valueName\":\"search_term_string\"}}],\"inLanguage\":\"it-IT\"},{\"@type\":\"Organization\",\"@id\":\"https:\/\/www.ericadventures.com\/en\/#organization\",\"name\":\"Eric Adventures\",\"url\":\"https:\/\/www.ericadventures.com\/en\/\",\"logo\":{\"@type\":\"ImageObject\",\"inLanguage\":\"it-IT\",\"@id\":\"https:\/\/www.ericadventures.com\/en\/#\/schema\/logo\/image\/\",\"url\":\"https:\/\/www.ericadventures.com\/wp-content\/uploads\/logo-ericadventures.png\",\"contentUrl\":\"https:\/\/www.ericadventures.com\/wp-content\/uploads\/logo-ericadventures.png\",\"width\":500,\"height\":106,\"caption\":\"Eric Adventures\"},\"image\":{\"@id\":\"https:\/\/www.ericadventures.com\/en\/#\/schema\/logo\/image\/\"}}]}<\/script>\n<!-- \/ Yoast SEO Premium plugin. -->","yoast_head_json":{"title":"Cemit\u00e9rio Inca, Sillustani","description":"Esplora le tombe Colla e Inca a Sillustani, a 30 km da Puno. I loro \"Chullpas\" di 12 metri venivano usati per mummificare capi e sacerdoti.","robots":{"index":"index","follow":"follow","max-snippet":"max-snippet:-1","max-image-preview":"max-image-preview:large","max-video-preview":"max-video-preview:-1"},"canonical":"https:\/\/www.ericadventures.com\/it\/puno\/sillustani-mezzo-giorno\/","og_locale":"it_IT","og_type":"article","og_title":"Cemit\u00e9rio Inca, Sillustani","og_description":"Esplora le tombe Colla e Inca a Sillustani, a 30 km da Puno. I loro \"Chullpas\" di 12 metri venivano usati per mummificare capi e sacerdoti.","og_url":"https:\/\/www.ericadventures.com\/it\/puno\/sillustani-mezzo-giorno\/","og_site_name":"Eric Adventures","article_modified_time":"2025-10-30T16:25:44+00:00","og_image":[{"width":400,"height":310,"url":"https:\/\/www.ericadventures.com\/wp-content\/uploads\/sillustani-2-400x310-1.jpg","type":"image\/jpeg"}],"twitter_card":"summary_large_image","twitter_misc":{"Tempo di lettura stimato":"4 minuti"},"schema":{"@context":"https:\/\/schema.org","@graph":[{"@type":"WebPage","@id":"https:\/\/www.ericadventures.com\/it\/puno\/sillustani-mezzo-giorno\/","url":"https:\/\/www.ericadventures.com\/it\/puno\/sillustani-mezzo-giorno\/","name":"Cemit\u00e9rio Inca, Sillustani","isPartOf":{"@id":"https:\/\/www.ericadventures.com\/en\/#website"},"primaryImageOfPage":{"@id":"https:\/\/www.ericadventures.com\/it\/puno\/sillustani-mezzo-giorno\/#primaryimage"},"image":{"@id":"https:\/\/www.ericadventures.com\/it\/puno\/sillustani-mezzo-giorno\/#primaryimage"},"thumbnailUrl":"https:\/\/www.ericadventures.com\/wp-content\/uploads\/sillustani-2-400x310-1.jpg","datePublished":"2023-12-06T21:08:01+00:00","dateModified":"2025-10-30T16:25:44+00:00","description":"Esplora le tombe Colla e Inca a Sillustani, a 30 km da Puno. I loro \"Chullpas\" di 12 metri venivano usati per mummificare capi e sacerdoti.","breadcrumb":{"@id":"https:\/\/www.ericadventures.com\/it\/puno\/sillustani-mezzo-giorno\/#breadcrumb"},"inLanguage":"it-IT","potentialAction":[{"@type":"ReadAction","target":["https:\/\/www.ericadventures.com\/it\/puno\/sillustani-mezzo-giorno\/"]}]},{"@type":"ImageObject","inLanguage":"it-IT","@id":"https:\/\/www.ericadventures.com\/it\/puno\/sillustani-mezzo-giorno\/#primaryimage","url":"https:\/\/www.ericadventures.com\/wp-content\/uploads\/sillustani-2-400x310-1.jpg","contentUrl":"https:\/\/www.ericadventures.com\/wp-content\/uploads\/sillustani-2-400x310-1.jpg","width":400,"height":310,"caption":"Cementerio Inca, Sillustani"},{"@type":"BreadcrumbList","@id":"https:\/\/www.ericadventures.com\/it\/puno\/sillustani-mezzo-giorno\/#breadcrumb","itemListElement":[{"@type":"ListItem","position":1,"name":"Home","item":"https:\/\/www.ericadventures.com\/it\/"},{"@type":"ListItem","position":2,"name":"Tours in Puno","item":"https:\/\/www.ericadventures.com\/en\/puno\/"},{"@type":"ListItem","position":3,"name":"Cemit\u00e9rio Inca, Sillustani"}]},{"@type":"WebSite","@id":"https:\/\/www.ericadventures.com\/en\/#website","url":"https:\/\/www.ericadventures.com\/en\/","name":"Eric Adventures","description":"","publisher":{"@id":"https:\/\/www.ericadventures.com\/en\/#organization"},"alternateName":"Eric Adventures","potentialAction":[{"@type":"SearchAction","target":{"@type":"EntryPoint","urlTemplate":"https:\/\/www.ericadventures.com\/en\/?s={search_term_string}"},"query-input":{"@type":"PropertyValueSpecification","valueRequired":true,"valueName":"search_term_string"}}],"inLanguage":"it-IT"},{"@type":"Organization","@id":"https:\/\/www.ericadventures.com\/en\/#organization","name":"Eric Adventures","url":"https:\/\/www.ericadventures.com\/en\/","logo":{"@type":"ImageObject","inLanguage":"it-IT","@id":"https:\/\/www.ericadventures.com\/en\/#\/schema\/logo\/image\/","url":"https:\/\/www.ericadventures.com\/wp-content\/uploads\/logo-ericadventures.png","contentUrl":"https:\/\/www.ericadventures.com\/wp-content\/uploads\/logo-ericadventures.png","width":500,"height":106,"caption":"Eric Adventures"},"image":{"@id":"https:\/\/www.ericadventures.com\/en\/#\/schema\/logo\/image\/"}}]}},"coauthors":[],"author_meta":{"author_link":"https:\/\/www.ericadventures.com\/it\/author\/marilyn\/","display_name":"Marilyn Ayma Gomez"},"relative_dates":{"created":"Pubblicato 2 anni fa","modified":"Aggiornato 6 mesi fa"},"absolute_dates":{"created":"Pubblicato il Dicembre 6, 2023","modified":"Aggiornato il Ottobre 30, 2025"},"absolute_dates_time":{"created":"Pubblicato il Dicembre 6, 2023 4:08 pm","modified":"Aggiornato il Ottobre 30, 2025 11:25 am"},"featured_img_caption":"","featured_img":"https:\/\/www.ericadventures.com\/wp-content\/uploads\/sillustani-2-400x310-1.jpg","series_order":"","_links":{"self":[{"href":"https:\/\/www.ericadventures.com\/it\/wp-json\/wp\/v2\/pages\/5717","targetHints":{"allow":["GET"]}}],"collection":[{"href":"https:\/\/www.ericadventures.com\/it\/wp-json\/wp\/v2\/pages"}],"about":[{"href":"https:\/\/www.ericadventures.com\/it\/wp-json\/wp\/v2\/types\/page"}],"author":[{"embeddable":true,"href":"https:\/\/www.ericadventures.com\/it\/wp-json\/wp\/v2\/users\/4"}],"replies":[{"embeddable":true,"href":"https:\/\/www.ericadventures.com\/it\/wp-json\/wp\/v2\/comments?post=5717"}],"version-history":[{"count":4,"href":"https:\/\/www.ericadventures.com\/it\/wp-json\/wp\/v2\/pages\/5717\/revisions"}],"predecessor-version":[{"id":41607,"href":"https:\/\/www.ericadventures.com\/it\/wp-json\/wp\/v2\/pages\/5717\/revisions\/41607"}],"up":[{"embeddable":true,"href":"https:\/\/www.ericadventures.com\/it\/wp-json\/wp\/v2\/pages\/258"}],"wp:featuredmedia":[{"embeddable":true,"href":"https:\/\/www.ericadventures.com\/it\/wp-json\/wp\/v2\/media\/23421"}],"wp:attachment":[{"href":"https:\/\/www.ericadventures.com\/it\/wp-json\/wp\/v2\/media?parent=5717"}],"curies":[{"name":"wp","href":"https:\/\/api.w.org\/{rel}","templated":true}]}}